{"id":134461,"date":"2026-04-28T02:21:22","date_gmt":"2026-04-28T00:21:22","guid":{"rendered":"https:\/\/webshopdistricoscom.webhosting.be\/product\/anesi-aqua-vital-huile-nourrissante-cocoon-5-x-5-ml-ref-4400-19\/"},"modified":"2026-04-28T02:21:26","modified_gmt":"2026-04-28T00:21:26","slug":"anesi-aqua-vital-huile-nourrissante-cocoon-5-x-5-ml-ref-4400-19","status":"publish","type":"product","link":"https:\/\/districos.standingout.be\/fr\/product\/anesi-aqua-vital-huile-nourrissante-cocoon-5-x-5-ml-ref-4400-19\/","title":{"rendered":"Anesi Aqua Vital Huile Nourrissante Cocoon 5 x 5 ml"},"content":{"rendered":"<p >\n<\/p>\n<p><span lang=\"FR\">Huile sous forme de gel, extr\u00eamement riche en ingr\u00e9dients v\u00e9g\u00e9taux protecteurs et nourrissants tels que l&rsquo;huile de jojoba, de carthame et d&rsquo;avocat. Renforce la couche lipidique naturelle pour prot\u00e9ger la peau s\u00e8che, stimule la r\u00e9g\u00e9n\u00e9ration cellulaire et pr\u00e9vient le vieillissement pr\u00e9matur\u00e9.&nbsp;<\/span><\/p>\n<\/p>\n<ul>\n<li><span>Combinable avec toutes les lignes Anesi lorsque la peau a besoin d&rsquo;\u00eatre nourrie davantage.<\/span><\/li>\n<li><span lang=\"FR\">Ingr\u00e9dients actifs : Huiles d&rsquo;abricot, d&rsquo;avocat, de jojoba et de carthame, extrait de jaune d&rsquo;\u0153uf.<\/span><\/li>\n<li><span lang=\"FR\">Emballage: 5 x 5 ml<\/span><\/li>\n<\/ul>\n<div><font face=\"Verdana, sans-serif\"><br \/><\/font><\/div>\n<\/p>\n<p><span lang=\"FR\"><b>UTILISATION :<\/b> Chauffer le sachet d&rsquo;huile sous une lampe chauffante, dans votre chauffe-compresse ou dans de l&rsquo;eau chaude et appliquer l&rsquo;huile chaude sur la peau.&nbsp;<\/span><\/p>\n<p><span><b>CONSEIL :<\/b> l&rsquo;Huile Nourishing Cocooning peut \u00eatre ajout\u00e9e \u00e0 n&rsquo;importe quel soin du visage pour revitaliser la peau s\u00e8che.&nbsp;<\/span><\/p>\n","protected":false},"excerpt":{"rendered":"<p>Huile sous forme de gel, extr\u00eamement riche en ingr\u00e9dients v\u00e9g\u00e9taux protecteurs et nourrissants tels que l&rsquo;huile de jojoba, de carthame et d&rsquo;avocat. Renforce la couche lipidique naturelle pour prot\u00e9ger la peau s\u00e8che, stimule la r\u00e9g\u00e9n\u00e9ration cellulaire et pr\u00e9vient le vieillissement pr\u00e9matur\u00e9.&nbsp; Combinable avec toutes les lignes Anesi lorsque la peau a besoin d&rsquo;\u00eatre nourrie davantage. [&hellip;]<\/p>\n","protected":false},"featured_media":71869,"comment_status":"open","ping_status":"closed","template":"","meta":{"_acf_changed":false},"product_brand":[10280],"product_cat":[9858],"product_tag":[],"class_list":{"0":"post-134461","1":"product","2":"type-product","3":"status-publish","4":"has-post-thumbnail","6":"product_brand-anesi-fr","7":"product_cat-beaute-visage-anesi-visage","9":"first","10":"instock","11":"taxable","12":"shipping-taxable","13":"product-type-simple"},"acf":[],"yoast_head":"<!-- This site is optimized with the Yoast SEO plugin v27.3 - https:\/\/yoast.com\/product\/yoast-seo-wordpress\/ -->\n<title>Anesi Aqua Vital Huile Nourrissante Cocoon 5 x 5 ml - Districos Webshop<\/title>\n<meta name=\"robots\" content=\"noindex, follow, max-snippet:-1, max-image-preview:large, max-video-preview:-1\" \/>\n<meta property=\"og:locale\" content=\"fr_FR\" \/>\n<meta property=\"og:type\" content=\"article\" \/>\n<meta property=\"og:title\" content=\"Anesi Aqua Vital Huile Nourrissante Cocoon 5 x 5 ml - Districos Webshop\" \/>\n<meta property=\"og:description\" content=\"Huile sous forme de gel, extr\u00eamement riche en ingr\u00e9dients v\u00e9g\u00e9taux protecteurs et nourrissants tels que l&rsquo;huile de jojoba, de carthame et d&rsquo;avocat. Renforce la couche lipidique naturelle pour prot\u00e9ger la peau s\u00e8che, stimule la r\u00e9g\u00e9n\u00e9ration cellulaire et pr\u00e9vient le vieillissement pr\u00e9matur\u00e9.&nbsp; Combinable avec toutes les lignes Anesi lorsque la peau a besoin d&rsquo;\u00eatre nourrie davantage. [&hellip;]\" \/>\n<meta property=\"og:url\" content=\"https:\/\/districos.standingout.be\/fr\/product\/anesi-aqua-vital-huile-nourrissante-cocoon-5-x-5-ml-ref-4400-19\/\" \/>\n<meta property=\"og:site_name\" content=\"Districos Webshop\" \/>\n<meta property=\"article:modified_time\" content=\"2026-04-28T00:21:26+00:00\" \/>\n<meta property=\"og:image\" content=\"https:\/\/districos.standingout.be\/wp-content\/uploads\/2025\/07\/4400.19@LowRes_1.png\" \/>\n\t<meta property=\"og:image:width\" content=\"600\" \/>\n\t<meta property=\"og:image:height\" content=\"600\" \/>\n\t<meta property=\"og:image:type\" content=\"image\/png\" \/>\n<meta name=\"twitter:card\" content=\"summary_large_image\" \/>\n<meta name=\"twitter:label1\" content=\"Dur\u00e9e de lecture estim\u00e9e\" \/>\n\t<meta name=\"twitter:data1\" content=\"1 minute\" \/>\n<script type=\"application\/ld+json\" class=\"yoast-schema-graph\">{\"@context\":\"https:\\\/\\\/schema.org\",\"@graph\":[{\"@type\":\"WebPage\",\"@id\":\"https:\\\/\\\/districos.standingout.be\\\/fr\\\/product\\\/anesi-aqua-vital-huile-nourrissante-cocoon-5-x-5-ml-ref-4400-19\\\/\",\"url\":\"https:\\\/\\\/districos.standingout.be\\\/fr\\\/product\\\/anesi-aqua-vital-huile-nourrissante-cocoon-5-x-5-ml-ref-4400-19\\\/\",\"name\":\"Anesi Aqua Vital Huile Nourrissante Cocoon 5 x 5 ml - Districos Webshop\",\"isPartOf\":{\"@id\":\"https:\\\/\\\/districos.standingout.be\\\/fr\\\/#website\"},\"primaryImageOfPage\":{\"@id\":\"https:\\\/\\\/districos.standingout.be\\\/fr\\\/product\\\/anesi-aqua-vital-huile-nourrissante-cocoon-5-x-5-ml-ref-4400-19\\\/#primaryimage\"},\"image\":{\"@id\":\"https:\\\/\\\/districos.standingout.be\\\/fr\\\/product\\\/anesi-aqua-vital-huile-nourrissante-cocoon-5-x-5-ml-ref-4400-19\\\/#primaryimage\"},\"thumbnailUrl\":\"https:\\\/\\\/districos.standingout.be\\\/wp-content\\\/uploads\\\/2025\\\/07\\\/4400.19@LowRes_1.png\",\"datePublished\":\"2026-04-28T00:21:22+00:00\",\"dateModified\":\"2026-04-28T00:21:26+00:00\",\"breadcrumb\":{\"@id\":\"https:\\\/\\\/districos.standingout.be\\\/fr\\\/product\\\/anesi-aqua-vital-huile-nourrissante-cocoon-5-x-5-ml-ref-4400-19\\\/#breadcrumb\"},\"inLanguage\":\"fr-FR\",\"potentialAction\":[{\"@type\":\"ReadAction\",\"target\":[\"https:\\\/\\\/districos.standingout.be\\\/fr\\\/product\\\/anesi-aqua-vital-huile-nourrissante-cocoon-5-x-5-ml-ref-4400-19\\\/\"]}]},{\"@type\":\"ImageObject\",\"inLanguage\":\"fr-FR\",\"@id\":\"https:\\\/\\\/districos.standingout.be\\\/fr\\\/product\\\/anesi-aqua-vital-huile-nourrissante-cocoon-5-x-5-ml-ref-4400-19\\\/#primaryimage\",\"url\":\"https:\\\/\\\/districos.standingout.be\\\/wp-content\\\/uploads\\\/2025\\\/07\\\/4400.19@LowRes_1.png\",\"contentUrl\":\"https:\\\/\\\/districos.standingout.be\\\/wp-content\\\/uploads\\\/2025\\\/07\\\/4400.19@LowRes_1.png\",\"width\":600,\"height\":600},{\"@type\":\"BreadcrumbList\",\"@id\":\"https:\\\/\\\/districos.standingout.be\\\/fr\\\/product\\\/anesi-aqua-vital-huile-nourrissante-cocoon-5-x-5-ml-ref-4400-19\\\/#breadcrumb\",\"itemListElement\":[{\"@type\":\"ListItem\",\"position\":1,\"name\":\"Home\",\"item\":\"https:\\\/\\\/districos.standingout.be\\\/fr\\\/bienvenue-chez-districos\\\/\"},{\"@type\":\"ListItem\",\"position\":2,\"name\":\"Boutique\",\"item\":\"https:\\\/\\\/districos.standingout.be\\\/fr\\\/boutique\\\/\"},{\"@type\":\"ListItem\",\"position\":3,\"name\":\"Anesi Aqua Vital Huile Nourrissante Cocoon 5 x 5 ml\"}]},{\"@type\":\"WebSite\",\"@id\":\"https:\\\/\\\/districos.standingout.be\\\/fr\\\/#website\",\"url\":\"https:\\\/\\\/districos.standingout.be\\\/fr\\\/\",\"name\":\"Districos Webshop\",\"description\":\"\",\"publisher\":{\"@id\":\"https:\\\/\\\/districos.standingout.be\\\/fr\\\/#organization\"},\"potentialAction\":[{\"@type\":\"SearchAction\",\"target\":{\"@type\":\"EntryPoint\",\"urlTemplate\":\"https:\\\/\\\/districos.standingout.be\\\/fr\\\/?s={search_term_string}\"},\"query-input\":{\"@type\":\"PropertyValueSpecification\",\"valueRequired\":true,\"valueName\":\"search_term_string\"}}],\"inLanguage\":\"fr-FR\"},{\"@type\":\"Organization\",\"@id\":\"https:\\\/\\\/districos.standingout.be\\\/fr\\\/#organization\",\"name\":\"Districos Webshop\",\"url\":\"https:\\\/\\\/districos.standingout.be\\\/fr\\\/\",\"logo\":{\"@type\":\"ImageObject\",\"inLanguage\":\"fr-FR\",\"@id\":\"https:\\\/\\\/districos.standingout.be\\\/fr\\\/#\\\/schema\\\/logo\\\/image\\\/\",\"url\":\"https:\\\/\\\/districos.standingout.be\\\/wp-content\\\/uploads\\\/2022\\\/09\\\/Districos_Logo_Webshop.svg\",\"contentUrl\":\"https:\\\/\\\/districos.standingout.be\\\/wp-content\\\/uploads\\\/2022\\\/09\\\/Districos_Logo_Webshop.svg\",\"caption\":\"Districos Webshop\"},\"image\":{\"@id\":\"https:\\\/\\\/districos.standingout.be\\\/fr\\\/#\\\/schema\\\/logo\\\/image\\\/\"}}]}<\/script>\n<!-- \/ Yoast SEO plugin. -->","yoast_head_json":{"title":"Anesi Aqua Vital Huile Nourrissante Cocoon 5 x 5 ml - Districos Webshop","robots":{"index":"noindex","follow":"follow","max-snippet":"max-snippet:-1","max-image-preview":"max-image-preview:large","max-video-preview":"max-video-preview:-1"},"og_locale":"fr_FR","og_type":"article","og_title":"Anesi Aqua Vital Huile Nourrissante Cocoon 5 x 5 ml - Districos Webshop","og_description":"Huile sous forme de gel, extr\u00eamement riche en ingr\u00e9dients v\u00e9g\u00e9taux protecteurs et nourrissants tels que l&rsquo;huile de jojoba, de carthame et d&rsquo;avocat. Renforce la couche lipidique naturelle pour prot\u00e9ger la peau s\u00e8che, stimule la r\u00e9g\u00e9n\u00e9ration cellulaire et pr\u00e9vient le vieillissement pr\u00e9matur\u00e9.&nbsp; Combinable avec toutes les lignes Anesi lorsque la peau a besoin d&rsquo;\u00eatre nourrie davantage. [&hellip;]","og_url":"https:\/\/districos.standingout.be\/fr\/product\/anesi-aqua-vital-huile-nourrissante-cocoon-5-x-5-ml-ref-4400-19\/","og_site_name":"Districos Webshop","article_modified_time":"2026-04-28T00:21:26+00:00","og_image":[{"width":600,"height":600,"url":"https:\/\/districos.standingout.be\/wp-content\/uploads\/2025\/07\/4400.19@LowRes_1.png","type":"image\/png"}],"twitter_card":"summary_large_image","twitter_misc":{"Dur\u00e9e de lecture estim\u00e9e":"1 minute"},"schema":{"@context":"https:\/\/schema.org","@graph":[{"@type":"WebPage","@id":"https:\/\/districos.standingout.be\/fr\/product\/anesi-aqua-vital-huile-nourrissante-cocoon-5-x-5-ml-ref-4400-19\/","url":"https:\/\/districos.standingout.be\/fr\/product\/anesi-aqua-vital-huile-nourrissante-cocoon-5-x-5-ml-ref-4400-19\/","name":"Anesi Aqua Vital Huile Nourrissante Cocoon 5 x 5 ml - Districos Webshop","isPartOf":{"@id":"https:\/\/districos.standingout.be\/fr\/#website"},"primaryImageOfPage":{"@id":"https:\/\/districos.standingout.be\/fr\/product\/anesi-aqua-vital-huile-nourrissante-cocoon-5-x-5-ml-ref-4400-19\/#primaryimage"},"image":{"@id":"https:\/\/districos.standingout.be\/fr\/product\/anesi-aqua-vital-huile-nourrissante-cocoon-5-x-5-ml-ref-4400-19\/#primaryimage"},"thumbnailUrl":"https:\/\/districos.standingout.be\/wp-content\/uploads\/2025\/07\/4400.19@LowRes_1.png","datePublished":"2026-04-28T00:21:22+00:00","dateModified":"2026-04-28T00:21:26+00:00","breadcrumb":{"@id":"https:\/\/districos.standingout.be\/fr\/product\/anesi-aqua-vital-huile-nourrissante-cocoon-5-x-5-ml-ref-4400-19\/#breadcrumb"},"inLanguage":"fr-FR","potentialAction":[{"@type":"ReadAction","target":["https:\/\/districos.standingout.be\/fr\/product\/anesi-aqua-vital-huile-nourrissante-cocoon-5-x-5-ml-ref-4400-19\/"]}]},{"@type":"ImageObject","inLanguage":"fr-FR","@id":"https:\/\/districos.standingout.be\/fr\/product\/anesi-aqua-vital-huile-nourrissante-cocoon-5-x-5-ml-ref-4400-19\/#primaryimage","url":"https:\/\/districos.standingout.be\/wp-content\/uploads\/2025\/07\/4400.19@LowRes_1.png","contentUrl":"https:\/\/districos.standingout.be\/wp-content\/uploads\/2025\/07\/4400.19@LowRes_1.png","width":600,"height":600},{"@type":"BreadcrumbList","@id":"https:\/\/districos.standingout.be\/fr\/product\/anesi-aqua-vital-huile-nourrissante-cocoon-5-x-5-ml-ref-4400-19\/#breadcrumb","itemListElement":[{"@type":"ListItem","position":1,"name":"Home","item":"https:\/\/districos.standingout.be\/fr\/bienvenue-chez-districos\/"},{"@type":"ListItem","position":2,"name":"Boutique","item":"https:\/\/districos.standingout.be\/fr\/boutique\/"},{"@type":"ListItem","position":3,"name":"Anesi Aqua Vital Huile Nourrissante Cocoon 5 x 5 ml"}]},{"@type":"WebSite","@id":"https:\/\/districos.standingout.be\/fr\/#website","url":"https:\/\/districos.standingout.be\/fr\/","name":"Districos Webshop","description":"","publisher":{"@id":"https:\/\/districos.standingout.be\/fr\/#organization"},"potentialAction":[{"@type":"SearchAction","target":{"@type":"EntryPoint","urlTemplate":"https:\/\/districos.standingout.be\/fr\/?s={search_term_string}"},"query-input":{"@type":"PropertyValueSpecification","valueRequired":true,"valueName":"search_term_string"}}],"inLanguage":"fr-FR"},{"@type":"Organization","@id":"https:\/\/districos.standingout.be\/fr\/#organization","name":"Districos Webshop","url":"https:\/\/districos.standingout.be\/fr\/","logo":{"@type":"ImageObject","inLanguage":"fr-FR","@id":"https:\/\/districos.standingout.be\/fr\/#\/schema\/logo\/image\/","url":"https:\/\/districos.standingout.be\/wp-content\/uploads\/2022\/09\/Districos_Logo_Webshop.svg","contentUrl":"https:\/\/districos.standingout.be\/wp-content\/uploads\/2022\/09\/Districos_Logo_Webshop.svg","caption":"Districos Webshop"},"image":{"@id":"https:\/\/districos.standingout.be\/fr\/#\/schema\/logo\/image\/"}}]}},"_links":{"self":[{"href":"https:\/\/districos.standingout.be\/fr\/wp-json\/wp\/v2\/product\/134461","targetHints":{"allow":["GET"]}}],"collection":[{"href":"https:\/\/districos.standingout.be\/fr\/wp-json\/wp\/v2\/product"}],"about":[{"href":"https:\/\/districos.standingout.be\/fr\/wp-json\/wp\/v2\/types\/product"}],"replies":[{"embeddable":true,"href":"https:\/\/districos.standingout.be\/fr\/wp-json\/wp\/v2\/comments?post=134461"}],"wp:featuredmedia":[{"embeddable":true,"href":"https:\/\/districos.standingout.be\/fr\/wp-json\/wp\/v2\/media\/71869"}],"wp:attachment":[{"href":"https:\/\/districos.standingout.be\/fr\/wp-json\/wp\/v2\/media?parent=134461"}],"wp:term":[{"taxonomy":"product_brand","embeddable":true,"href":"https:\/\/districos.standingout.be\/fr\/wp-json\/wp\/v2\/product_brand?post=134461"},{"taxonomy":"product_cat","embeddable":true,"href":"https:\/\/districos.standingout.be\/fr\/wp-json\/wp\/v2\/product_cat?post=134461"},{"taxonomy":"product_tag","embeddable":true,"href":"https:\/\/districos.standingout.be\/fr\/wp-json\/wp\/v2\/product_tag?post=134461"}],"curies":[{"name":"wp","href":"https:\/\/api.w.org\/{rel}","templated":true}]}}