{"id":134465,"date":"2026-04-28T02:21:30","date_gmt":"2026-04-28T00:21:30","guid":{"rendered":"https:\/\/webshopdistricoscom.webhosting.be\/product\/anesi-dermo-peel-expert-n1-6-traitements-ref-4400-31\/"},"modified":"2026-04-28T02:21:34","modified_gmt":"2026-04-28T00:21:34","slug":"anesi-dermo-peel-expert-n1-6-traitements-ref-4400-31","status":"publish","type":"product","link":"https:\/\/districos.standingout.be\/fr\/product\/anesi-dermo-peel-expert-n1-6-traitements-ref-4400-31\/","title":{"rendered":"Anesi Dermo Peel Expert n\u00b01 6 traitements"},"content":{"rendered":"<p >\n<p><span lang=\"FR\">Intensit\u00e9 de Peeling n\u00b01<o:p><\/o:p><\/span><\/p>\n<p><span lang=\"FR\"><b>La formule originale, exfoliante et r\u00e9novatrice de la peau au plancton marin, aux microcris-taux et \u00e0 la tige d&rsquo;ananas. Un exfoliant efficace d&rsquo;intensit\u00e9 moyenne \u00e0 base de plantes nettoie la peau en profondeur, respecte la barri\u00e8re cutan\u00e9e et favorise une r\u00e9paration saine de la peau. Pour un teint visiblement radieux et plus lisse.<o:p><\/o:p><\/b><\/span><\/p>\n<ul>\n<li><span lang=\"FR\">Convient \u00e0 tous les types de peaux et tous les \u00e2ges.<\/span><\/li>\n<li><span lang=\"FR\">Cet exfoliant \u00e0 base de plantes ne contient pas d&rsquo;acides. Le peeling a un effet de mi-crodermabrasion avec une valeur pH de 5,7 &#8211; 7. <\/span><\/li>\n<\/ul>\n<p><span lang=\"FR\"><b>Contenu<\/b><o:p><\/o:p><\/span><\/p>\n<\/p>\n<ul>\n<li><span lang=\"FR\">6 x Poudre Peeling 3 g<\/span><\/li>\n<li><span lang=\"FR\">6 x \u00c9mulsion Peeling 15 ml<\/span><\/li>\n<li><span lang=\"FR\">6 x Masque Tissu<\/span><\/li>\n<\/ul>\n<p><span lang=\"FR\"><b>IMPORTANT<\/b><o:p><\/o:p><\/span><\/p>\n<p><span lang=\"FR\">Informez votre client(e) que pendant les premi\u00e8res 24 heures, il est conseill\u00e9 d&rsquo;\u00e9viter le sport intensif, le sauna ou le maquillage. De plus, votre client(e) doit se prot\u00e9ger du soleil pendant 7 \u00e0 10 jours avec Luminosity SPF 50+ Cream ou Les \u00c9crans Haute Protection Cr\u00e8me.<o:p><\/o:p><\/span><\/p>\n<p><span lang=\"FR\">24 \u00e0 48 heures apr\u00e8s le traitement, la peau peut \u00eatre sensible.<o:p><\/o:p><\/span><\/p>\n<p><span lang=\"FR\"><b>CONSEIL<\/b><o:p><\/o:p><\/span><\/p>\n<p><span lang=\"FR\">Apaisez la peau avec le Gel Oxyg\u00e9nant de la gamme de base Aqua Vital. Il va r\u00e9duire les rougeurs et les irritations et stimuler le processus de cicatrisation de la peau. Ap-pliquez en masque et laissez poser pendant 10 minutes.<o:p><\/o:p><\/span><\/p>\n<p><span lang=\"FR\"><b>Regardez aussi les autres peelings de la gamme Dermo Peel, chacun ayant sa propre force, formulation et probl\u00e9matique cutan\u00e9e sp\u00e9cifique<\/b><o:p><\/o:p><\/span><\/p>\n<\/p>\n<ul>\n<li><span lang=\"FR\">Anesi Lab Dermo Peel Corrector n\u00b0 2 (r\u00e9f. 4400.32)<\/span><\/li>\n<li><span lang=\"FR\">Anesi Lab Dermo Peel Renewal n\u00b0 3 (r\u00e9f.&nbsp;<a href=\"https:\/\/webshop.districos.com\/ProductDetail\/4400.33\" target=\"_blank\" rel=\"noopener noreferrer nofollow\"><span lang=\"NL-BE\"><span>4400.33<\/span><\/span><\/a><\/span><span>)<\/span><\/li>\n<\/ul>\n","protected":false},"excerpt":{"rendered":"<p>Intensit\u00e9 de Peeling n\u00b01 La formule originale, exfoliante et r\u00e9novatrice de la peau au plancton marin, aux microcris-taux et \u00e0 la tige d&rsquo;ananas. Un exfoliant efficace d&rsquo;intensit\u00e9 moyenne \u00e0 base de plantes nettoie la peau en profondeur, respecte la barri\u00e8re cutan\u00e9e et favorise une r\u00e9paration saine de la peau. Pour un teint visiblement radieux et [&hellip;]<\/p>\n","protected":false},"featured_media":71875,"comment_status":"open","ping_status":"closed","template":"","meta":{"_acf_changed":false},"product_brand":[10280],"product_cat":[9858],"product_tag":[],"class_list":{"0":"post-134465","1":"product","2":"type-product","3":"status-publish","4":"has-post-thumbnail","6":"product_brand-anesi-fr","7":"product_cat-beaute-visage-anesi-visage","9":"first","10":"instock","11":"taxable","12":"shipping-taxable","13":"product-type-simple"},"acf":[],"yoast_head":"<!-- This site is optimized with the Yoast SEO plugin v27.3 - https:\/\/yoast.com\/product\/yoast-seo-wordpress\/ -->\n<title>Anesi Dermo Peel Expert n\u00b01 6 traitements - Districos Webshop<\/title>\n<meta name=\"robots\" content=\"noindex, follow, max-snippet:-1, max-image-preview:large, max-video-preview:-1\" \/>\n<meta property=\"og:locale\" content=\"fr_FR\" \/>\n<meta property=\"og:type\" content=\"article\" \/>\n<meta property=\"og:title\" content=\"Anesi Dermo Peel Expert n\u00b01 6 traitements - Districos Webshop\" \/>\n<meta property=\"og:description\" content=\"Intensit\u00e9 de Peeling n\u00b01 La formule originale, exfoliante et r\u00e9novatrice de la peau au plancton marin, aux microcris-taux et \u00e0 la tige d&rsquo;ananas. Un exfoliant efficace d&rsquo;intensit\u00e9 moyenne \u00e0 base de plantes nettoie la peau en profondeur, respecte la barri\u00e8re cutan\u00e9e et favorise une r\u00e9paration saine de la peau. Pour un teint visiblement radieux et [&hellip;]\" \/>\n<meta property=\"og:url\" content=\"https:\/\/districos.standingout.be\/fr\/product\/anesi-dermo-peel-expert-n1-6-traitements-ref-4400-31\/\" \/>\n<meta property=\"og:site_name\" content=\"Districos Webshop\" \/>\n<meta property=\"article:modified_time\" content=\"2026-04-28T00:21:34+00:00\" \/>\n<meta property=\"og:image\" content=\"https:\/\/districos.standingout.be\/wp-content\/uploads\/2025\/07\/4400.31@LowRes_1.png\" \/>\n\t<meta property=\"og:image:width\" content=\"600\" \/>\n\t<meta property=\"og:image:height\" content=\"600\" \/>\n\t<meta property=\"og:image:type\" content=\"image\/png\" \/>\n<meta name=\"twitter:card\" content=\"summary_large_image\" \/>\n<meta name=\"twitter:label1\" content=\"Dur\u00e9e de lecture estim\u00e9e\" \/>\n\t<meta name=\"twitter:data1\" content=\"1 minute\" \/>\n<script type=\"application\/ld+json\" class=\"yoast-schema-graph\">{\"@context\":\"https:\\\/\\\/schema.org\",\"@graph\":[{\"@type\":\"WebPage\",\"@id\":\"https:\\\/\\\/districos.standingout.be\\\/fr\\\/product\\\/anesi-dermo-peel-expert-n1-6-traitements-ref-4400-31\\\/\",\"url\":\"https:\\\/\\\/districos.standingout.be\\\/fr\\\/product\\\/anesi-dermo-peel-expert-n1-6-traitements-ref-4400-31\\\/\",\"name\":\"Anesi Dermo Peel Expert n\u00b01 6 traitements - Districos Webshop\",\"isPartOf\":{\"@id\":\"https:\\\/\\\/districos.standingout.be\\\/fr\\\/#website\"},\"primaryImageOfPage\":{\"@id\":\"https:\\\/\\\/districos.standingout.be\\\/fr\\\/product\\\/anesi-dermo-peel-expert-n1-6-traitements-ref-4400-31\\\/#primaryimage\"},\"image\":{\"@id\":\"https:\\\/\\\/districos.standingout.be\\\/fr\\\/product\\\/anesi-dermo-peel-expert-n1-6-traitements-ref-4400-31\\\/#primaryimage\"},\"thumbnailUrl\":\"https:\\\/\\\/districos.standingout.be\\\/wp-content\\\/uploads\\\/2025\\\/07\\\/4400.31@LowRes_1.png\",\"datePublished\":\"2026-04-28T00:21:30+00:00\",\"dateModified\":\"2026-04-28T00:21:34+00:00\",\"breadcrumb\":{\"@id\":\"https:\\\/\\\/districos.standingout.be\\\/fr\\\/product\\\/anesi-dermo-peel-expert-n1-6-traitements-ref-4400-31\\\/#breadcrumb\"},\"inLanguage\":\"fr-FR\",\"potentialAction\":[{\"@type\":\"ReadAction\",\"target\":[\"https:\\\/\\\/districos.standingout.be\\\/fr\\\/product\\\/anesi-dermo-peel-expert-n1-6-traitements-ref-4400-31\\\/\"]}]},{\"@type\":\"ImageObject\",\"inLanguage\":\"fr-FR\",\"@id\":\"https:\\\/\\\/districos.standingout.be\\\/fr\\\/product\\\/anesi-dermo-peel-expert-n1-6-traitements-ref-4400-31\\\/#primaryimage\",\"url\":\"https:\\\/\\\/districos.standingout.be\\\/wp-content\\\/uploads\\\/2025\\\/07\\\/4400.31@LowRes_1.png\",\"contentUrl\":\"https:\\\/\\\/districos.standingout.be\\\/wp-content\\\/uploads\\\/2025\\\/07\\\/4400.31@LowRes_1.png\",\"width\":600,\"height\":600},{\"@type\":\"BreadcrumbList\",\"@id\":\"https:\\\/\\\/districos.standingout.be\\\/fr\\\/product\\\/anesi-dermo-peel-expert-n1-6-traitements-ref-4400-31\\\/#breadcrumb\",\"itemListElement\":[{\"@type\":\"ListItem\",\"position\":1,\"name\":\"Home\",\"item\":\"https:\\\/\\\/districos.standingout.be\\\/fr\\\/bienvenue-chez-districos\\\/\"},{\"@type\":\"ListItem\",\"position\":2,\"name\":\"Boutique\",\"item\":\"https:\\\/\\\/districos.standingout.be\\\/fr\\\/boutique\\\/\"},{\"@type\":\"ListItem\",\"position\":3,\"name\":\"Anesi Dermo Peel Expert n\u00b01 6 traitements\"}]},{\"@type\":\"WebSite\",\"@id\":\"https:\\\/\\\/districos.standingout.be\\\/fr\\\/#website\",\"url\":\"https:\\\/\\\/districos.standingout.be\\\/fr\\\/\",\"name\":\"Districos Webshop\",\"description\":\"\",\"publisher\":{\"@id\":\"https:\\\/\\\/districos.standingout.be\\\/fr\\\/#organization\"},\"potentialAction\":[{\"@type\":\"SearchAction\",\"target\":{\"@type\":\"EntryPoint\",\"urlTemplate\":\"https:\\\/\\\/districos.standingout.be\\\/fr\\\/?s={search_term_string}\"},\"query-input\":{\"@type\":\"PropertyValueSpecification\",\"valueRequired\":true,\"valueName\":\"search_term_string\"}}],\"inLanguage\":\"fr-FR\"},{\"@type\":\"Organization\",\"@id\":\"https:\\\/\\\/districos.standingout.be\\\/fr\\\/#organization\",\"name\":\"Districos Webshop\",\"url\":\"https:\\\/\\\/districos.standingout.be\\\/fr\\\/\",\"logo\":{\"@type\":\"ImageObject\",\"inLanguage\":\"fr-FR\",\"@id\":\"https:\\\/\\\/districos.standingout.be\\\/fr\\\/#\\\/schema\\\/logo\\\/image\\\/\",\"url\":\"https:\\\/\\\/districos.standingout.be\\\/wp-content\\\/uploads\\\/2022\\\/09\\\/Districos_Logo_Webshop.svg\",\"contentUrl\":\"https:\\\/\\\/districos.standingout.be\\\/wp-content\\\/uploads\\\/2022\\\/09\\\/Districos_Logo_Webshop.svg\",\"caption\":\"Districos Webshop\"},\"image\":{\"@id\":\"https:\\\/\\\/districos.standingout.be\\\/fr\\\/#\\\/schema\\\/logo\\\/image\\\/\"}}]}<\/script>\n<!-- \/ Yoast SEO plugin. -->","yoast_head_json":{"title":"Anesi Dermo Peel Expert n\u00b01 6 traitements - Districos Webshop","robots":{"index":"noindex","follow":"follow","max-snippet":"max-snippet:-1","max-image-preview":"max-image-preview:large","max-video-preview":"max-video-preview:-1"},"og_locale":"fr_FR","og_type":"article","og_title":"Anesi Dermo Peel Expert n\u00b01 6 traitements - Districos Webshop","og_description":"Intensit\u00e9 de Peeling n\u00b01 La formule originale, exfoliante et r\u00e9novatrice de la peau au plancton marin, aux microcris-taux et \u00e0 la tige d&rsquo;ananas. Un exfoliant efficace d&rsquo;intensit\u00e9 moyenne \u00e0 base de plantes nettoie la peau en profondeur, respecte la barri\u00e8re cutan\u00e9e et favorise une r\u00e9paration saine de la peau. Pour un teint visiblement radieux et [&hellip;]","og_url":"https:\/\/districos.standingout.be\/fr\/product\/anesi-dermo-peel-expert-n1-6-traitements-ref-4400-31\/","og_site_name":"Districos Webshop","article_modified_time":"2026-04-28T00:21:34+00:00","og_image":[{"width":600,"height":600,"url":"https:\/\/districos.standingout.be\/wp-content\/uploads\/2025\/07\/4400.31@LowRes_1.png","type":"image\/png"}],"twitter_card":"summary_large_image","twitter_misc":{"Dur\u00e9e de lecture estim\u00e9e":"1 minute"},"schema":{"@context":"https:\/\/schema.org","@graph":[{"@type":"WebPage","@id":"https:\/\/districos.standingout.be\/fr\/product\/anesi-dermo-peel-expert-n1-6-traitements-ref-4400-31\/","url":"https:\/\/districos.standingout.be\/fr\/product\/anesi-dermo-peel-expert-n1-6-traitements-ref-4400-31\/","name":"Anesi Dermo Peel Expert n\u00b01 6 traitements - Districos Webshop","isPartOf":{"@id":"https:\/\/districos.standingout.be\/fr\/#website"},"primaryImageOfPage":{"@id":"https:\/\/districos.standingout.be\/fr\/product\/anesi-dermo-peel-expert-n1-6-traitements-ref-4400-31\/#primaryimage"},"image":{"@id":"https:\/\/districos.standingout.be\/fr\/product\/anesi-dermo-peel-expert-n1-6-traitements-ref-4400-31\/#primaryimage"},"thumbnailUrl":"https:\/\/districos.standingout.be\/wp-content\/uploads\/2025\/07\/4400.31@LowRes_1.png","datePublished":"2026-04-28T00:21:30+00:00","dateModified":"2026-04-28T00:21:34+00:00","breadcrumb":{"@id":"https:\/\/districos.standingout.be\/fr\/product\/anesi-dermo-peel-expert-n1-6-traitements-ref-4400-31\/#breadcrumb"},"inLanguage":"fr-FR","potentialAction":[{"@type":"ReadAction","target":["https:\/\/districos.standingout.be\/fr\/product\/anesi-dermo-peel-expert-n1-6-traitements-ref-4400-31\/"]}]},{"@type":"ImageObject","inLanguage":"fr-FR","@id":"https:\/\/districos.standingout.be\/fr\/product\/anesi-dermo-peel-expert-n1-6-traitements-ref-4400-31\/#primaryimage","url":"https:\/\/districos.standingout.be\/wp-content\/uploads\/2025\/07\/4400.31@LowRes_1.png","contentUrl":"https:\/\/districos.standingout.be\/wp-content\/uploads\/2025\/07\/4400.31@LowRes_1.png","width":600,"height":600},{"@type":"BreadcrumbList","@id":"https:\/\/districos.standingout.be\/fr\/product\/anesi-dermo-peel-expert-n1-6-traitements-ref-4400-31\/#breadcrumb","itemListElement":[{"@type":"ListItem","position":1,"name":"Home","item":"https:\/\/districos.standingout.be\/fr\/bienvenue-chez-districos\/"},{"@type":"ListItem","position":2,"name":"Boutique","item":"https:\/\/districos.standingout.be\/fr\/boutique\/"},{"@type":"ListItem","position":3,"name":"Anesi Dermo Peel Expert n\u00b01 6 traitements"}]},{"@type":"WebSite","@id":"https:\/\/districos.standingout.be\/fr\/#website","url":"https:\/\/districos.standingout.be\/fr\/","name":"Districos Webshop","description":"","publisher":{"@id":"https:\/\/districos.standingout.be\/fr\/#organization"},"potentialAction":[{"@type":"SearchAction","target":{"@type":"EntryPoint","urlTemplate":"https:\/\/districos.standingout.be\/fr\/?s={search_term_string}"},"query-input":{"@type":"PropertyValueSpecification","valueRequired":true,"valueName":"search_term_string"}}],"inLanguage":"fr-FR"},{"@type":"Organization","@id":"https:\/\/districos.standingout.be\/fr\/#organization","name":"Districos Webshop","url":"https:\/\/districos.standingout.be\/fr\/","logo":{"@type":"ImageObject","inLanguage":"fr-FR","@id":"https:\/\/districos.standingout.be\/fr\/#\/schema\/logo\/image\/","url":"https:\/\/districos.standingout.be\/wp-content\/uploads\/2022\/09\/Districos_Logo_Webshop.svg","contentUrl":"https:\/\/districos.standingout.be\/wp-content\/uploads\/2022\/09\/Districos_Logo_Webshop.svg","caption":"Districos Webshop"},"image":{"@id":"https:\/\/districos.standingout.be\/fr\/#\/schema\/logo\/image\/"}}]}},"_links":{"self":[{"href":"https:\/\/districos.standingout.be\/fr\/wp-json\/wp\/v2\/product\/134465","targetHints":{"allow":["GET"]}}],"collection":[{"href":"https:\/\/districos.standingout.be\/fr\/wp-json\/wp\/v2\/product"}],"about":[{"href":"https:\/\/districos.standingout.be\/fr\/wp-json\/wp\/v2\/types\/product"}],"replies":[{"embeddable":true,"href":"https:\/\/districos.standingout.be\/fr\/wp-json\/wp\/v2\/comments?post=134465"}],"wp:featuredmedia":[{"embeddable":true,"href":"https:\/\/districos.standingout.be\/fr\/wp-json\/wp\/v2\/media\/71875"}],"wp:attachment":[{"href":"https:\/\/districos.standingout.be\/fr\/wp-json\/wp\/v2\/media?parent=134465"}],"wp:term":[{"taxonomy":"product_brand","embeddable":true,"href":"https:\/\/districos.standingout.be\/fr\/wp-json\/wp\/v2\/product_brand?post=134465"},{"taxonomy":"product_cat","embeddable":true,"href":"https:\/\/districos.standingout.be\/fr\/wp-json\/wp\/v2\/product_cat?post=134465"},{"taxonomy":"product_tag","embeddable":true,"href":"https:\/\/districos.standingout.be\/fr\/wp-json\/wp\/v2\/product_tag?post=134465"}],"curies":[{"name":"wp","href":"https:\/\/api.w.org\/{rel}","templated":true}]}}