{"id":134467,"date":"2026-04-28T02:21:55","date_gmt":"2026-04-28T00:21:55","guid":{"rendered":"https:\/\/webshopdistricoscom.webhosting.be\/product\/anesi-dermo-peel-correcteur-n2-6-traitements-ref-4400-32\/"},"modified":"2026-04-28T02:21:59","modified_gmt":"2026-04-28T00:21:59","slug":"anesi-dermo-peel-correcteur-n2-6-traitements-ref-4400-32","status":"publish","type":"product","link":"https:\/\/districos.standingout.be\/fr\/product\/anesi-dermo-peel-correcteur-n2-6-traitements-ref-4400-32\/","title":{"rendered":"Anesi Dermo Peel Correcteur n\u00b02 6 traitements"},"content":{"rendered":"<p >\n<\/p>\n<p><span lang=\"FR\"><b>Intensit\u00e9 de Peeling n\u00b02<\/b><o:p><\/o:p><\/span><\/p>\n<p><span lang=\"FR\">Un peeling plus intensif pour les peaux sujettes \u00e0 l&rsquo;acn\u00e9. La formule puissante \u00e9limine les impuret\u00e9s de la peau et la renouvelle tandis que l&rsquo;acide salicylique pr\u00e9vient les boutons et favorise un r\u00e9tablissement rapide de la peau.<o:p><\/o:p><\/span><\/p>\n<p><span lang=\"FR\">Le peeling a un effet de microdermabrasion combin\u00e9 \u00e0 l&rsquo;action d\u00e9sinfectante du peroxyde d&rsquo;hydrog\u00e8ne et a une valeur pH de 5.<o:p><\/o:p><\/span><\/p>\n<p><span lang=\"FR\"><b>Contenu : <\/b><o:p><\/o:p><\/span><\/p>\n<\/p>\n<ul>\n<li><span lang=\"FR\">6 x Poudre Peeling 5 g<\/span><\/li>\n<li><span lang=\"FR\">6 x Lotion Peeling 10 ml<\/span><\/li>\n<li><span lang=\"EN-GB\">6 x Concentr\u00e9 4 ml<\/span><\/li>\n<li><span lang=\"FR\">6 x Masque Tissu<\/span><\/li>\n<\/ul>\n<p><b><span lang=\"FR\">IMPORTANT<o:p><\/o:p><\/span><\/b><\/p>\n<p><span lang=\"FR\">Informez votre client(e) que pendant les premi\u00e8res 24 heures, il est conseill\u00e9 d&rsquo;\u00e9viter le sport intensif, le sauna ou le maquillage. De plus, votre client(e) doit se prot\u00e9ger du soleil pendant 7 \u00e0 10 jours avec la<a href=\"https:\/\/webshop.districos.com\/ProductDetail\/4300.43\" target=\"_blank\" rel=\"noopener noreferrer nofollow\"> &nbsp;Luminosity SPF 50+ Cream<\/a> ou <a href=\"https:\/\/webshop.districos.com\/ProductDetail\/4140.02\" target=\"_blank\" rel=\"noopener noreferrer nofollow\">Les \u00c9crans Haute Protection Cr\u00e8me<\/a>.<o:p><\/o:p><\/span><\/p>\n<p><span lang=\"FR\">24 \u00e0 48 heures apr\u00e8s le traitement, la peau peut \u00eatre sensible.<o:p><\/o:p><\/span><\/p>\n<p><b><span lang=\"FR\">CONSEIL<o:p><\/o:p><\/span><\/b><\/p>\n<p><span lang=\"FR\">Apaisez la peau avec le <a href=\"https:\/\/webshop.districos.com\/ProductDetail\/4400.13\" target=\"_blank\" rel=\"noopener noreferrer nofollow\">Gel Oxyg\u00e9nant<\/a> de la gamme de base Aqua Vital. Il va r\u00e9duire les rougeurs et les irritations et stimuler le processus de cicatrisation de la peau. Appliquez en masque et laissez poser pendant 10 minutes.<o:p><\/o:p><\/span><\/p>\n<p><b><span lang=\"FR-BE\">Regardez aussi les autres peelings de la gamme Dermo Peel, chacun ayant sa propre force, formulation et probl\u00e9matique cutan\u00e9e sp\u00e9cifique<\/span><\/b><b><span lang=\"FR\"><o:p><\/o:p><\/span><\/b><\/p>\n<ul type=\"disc\">\n<li><span lang=\"DE\">Anesi Lab Dermo Peel Expert n\u00b01 (r<\/span><span lang=\"FR-BE\">\u00e9<\/span><span lang=\"DE\">f. <a href=\"https:\/\/webshop.districos.com\/ProductDetail\/4400.31\" target=\"_blank\" rel=\"noopener noreferrer nofollow\"> 4400.31<\/a>)<o:p><\/o:p><\/span><\/li>\n<li><span lang=\"DE\">Anesi Lab Dermo Peel Renewal n\u00b03 (r\u00e9f. <a href=\"https:\/\/webshop.districos.com\/ProductDetail\/4400.33\" target=\"_blank\" rel=\"noopener noreferrer nofollow\"> 4400.33<\/a>)<o:p><\/o:p><\/span><\/li>\n<\/ul>\n<p><span lang=\"DE\"> &nbsp; <\/span><\/p>\n","protected":false},"excerpt":{"rendered":"<p>Intensit\u00e9 de Peeling n\u00b02 Un peeling plus intensif pour les peaux sujettes \u00e0 l&rsquo;acn\u00e9. La formule puissante \u00e9limine les impuret\u00e9s de la peau et la renouvelle tandis que l&rsquo;acide salicylique pr\u00e9vient les boutons et favorise un r\u00e9tablissement rapide de la peau. Le peeling a un effet de microdermabrasion combin\u00e9 \u00e0 l&rsquo;action d\u00e9sinfectante du peroxyde d&rsquo;hydrog\u00e8ne [&hellip;]<\/p>\n","protected":false},"featured_media":71878,"comment_status":"open","ping_status":"closed","template":"","meta":{"_acf_changed":false},"product_brand":[10280],"product_cat":[9858],"product_tag":[],"class_list":{"0":"post-134467","1":"product","2":"type-product","3":"status-publish","4":"has-post-thumbnail","6":"product_brand-anesi-fr","7":"product_cat-beaute-visage-anesi-visage","9":"first","10":"instock","11":"taxable","12":"shipping-taxable","13":"product-type-simple"},"acf":[],"yoast_head":"<!-- This site is optimized with the Yoast SEO plugin v27.3 - https:\/\/yoast.com\/product\/yoast-seo-wordpress\/ -->\n<title>Anesi Dermo Peel Correcteur n\u00b02 6 traitements - Districos Webshop<\/title>\n<meta name=\"robots\" content=\"noindex, follow, max-snippet:-1, max-image-preview:large, max-video-preview:-1\" \/>\n<meta property=\"og:locale\" content=\"fr_FR\" \/>\n<meta property=\"og:type\" content=\"article\" \/>\n<meta property=\"og:title\" content=\"Anesi Dermo Peel Correcteur n\u00b02 6 traitements - Districos Webshop\" \/>\n<meta property=\"og:description\" content=\"Intensit\u00e9 de Peeling n\u00b02 Un peeling plus intensif pour les peaux sujettes \u00e0 l&rsquo;acn\u00e9. La formule puissante \u00e9limine les impuret\u00e9s de la peau et la renouvelle tandis que l&rsquo;acide salicylique pr\u00e9vient les boutons et favorise un r\u00e9tablissement rapide de la peau. Le peeling a un effet de microdermabrasion combin\u00e9 \u00e0 l&rsquo;action d\u00e9sinfectante du peroxyde d&rsquo;hydrog\u00e8ne [&hellip;]\" \/>\n<meta property=\"og:url\" content=\"https:\/\/districos.standingout.be\/fr\/product\/anesi-dermo-peel-correcteur-n2-6-traitements-ref-4400-32\/\" \/>\n<meta property=\"og:site_name\" content=\"Districos Webshop\" \/>\n<meta property=\"article:modified_time\" content=\"2026-04-28T00:21:59+00:00\" \/>\n<meta property=\"og:image\" content=\"https:\/\/districos.standingout.be\/wp-content\/uploads\/2025\/07\/4400.32@LowRes_1.png\" \/>\n\t<meta property=\"og:image:width\" content=\"600\" \/>\n\t<meta property=\"og:image:height\" content=\"600\" \/>\n\t<meta property=\"og:image:type\" content=\"image\/png\" \/>\n<meta name=\"twitter:card\" content=\"summary_large_image\" \/>\n<meta name=\"twitter:label1\" content=\"Dur\u00e9e de lecture estim\u00e9e\" \/>\n\t<meta name=\"twitter:data1\" content=\"1 minute\" \/>\n<script type=\"application\/ld+json\" class=\"yoast-schema-graph\">{\"@context\":\"https:\\\/\\\/schema.org\",\"@graph\":[{\"@type\":\"WebPage\",\"@id\":\"https:\\\/\\\/districos.standingout.be\\\/fr\\\/product\\\/anesi-dermo-peel-correcteur-n2-6-traitements-ref-4400-32\\\/\",\"url\":\"https:\\\/\\\/districos.standingout.be\\\/fr\\\/product\\\/anesi-dermo-peel-correcteur-n2-6-traitements-ref-4400-32\\\/\",\"name\":\"Anesi Dermo Peel Correcteur n\u00b02 6 traitements - Districos Webshop\",\"isPartOf\":{\"@id\":\"https:\\\/\\\/districos.standingout.be\\\/fr\\\/#website\"},\"primaryImageOfPage\":{\"@id\":\"https:\\\/\\\/districos.standingout.be\\\/fr\\\/product\\\/anesi-dermo-peel-correcteur-n2-6-traitements-ref-4400-32\\\/#primaryimage\"},\"image\":{\"@id\":\"https:\\\/\\\/districos.standingout.be\\\/fr\\\/product\\\/anesi-dermo-peel-correcteur-n2-6-traitements-ref-4400-32\\\/#primaryimage\"},\"thumbnailUrl\":\"https:\\\/\\\/districos.standingout.be\\\/wp-content\\\/uploads\\\/2025\\\/07\\\/4400.32@LowRes_1.png\",\"datePublished\":\"2026-04-28T00:21:55+00:00\",\"dateModified\":\"2026-04-28T00:21:59+00:00\",\"breadcrumb\":{\"@id\":\"https:\\\/\\\/districos.standingout.be\\\/fr\\\/product\\\/anesi-dermo-peel-correcteur-n2-6-traitements-ref-4400-32\\\/#breadcrumb\"},\"inLanguage\":\"fr-FR\",\"potentialAction\":[{\"@type\":\"ReadAction\",\"target\":[\"https:\\\/\\\/districos.standingout.be\\\/fr\\\/product\\\/anesi-dermo-peel-correcteur-n2-6-traitements-ref-4400-32\\\/\"]}]},{\"@type\":\"ImageObject\",\"inLanguage\":\"fr-FR\",\"@id\":\"https:\\\/\\\/districos.standingout.be\\\/fr\\\/product\\\/anesi-dermo-peel-correcteur-n2-6-traitements-ref-4400-32\\\/#primaryimage\",\"url\":\"https:\\\/\\\/districos.standingout.be\\\/wp-content\\\/uploads\\\/2025\\\/07\\\/4400.32@LowRes_1.png\",\"contentUrl\":\"https:\\\/\\\/districos.standingout.be\\\/wp-content\\\/uploads\\\/2025\\\/07\\\/4400.32@LowRes_1.png\",\"width\":600,\"height\":600},{\"@type\":\"BreadcrumbList\",\"@id\":\"https:\\\/\\\/districos.standingout.be\\\/fr\\\/product\\\/anesi-dermo-peel-correcteur-n2-6-traitements-ref-4400-32\\\/#breadcrumb\",\"itemListElement\":[{\"@type\":\"ListItem\",\"position\":1,\"name\":\"Home\",\"item\":\"https:\\\/\\\/districos.standingout.be\\\/fr\\\/bienvenue-chez-districos\\\/\"},{\"@type\":\"ListItem\",\"position\":2,\"name\":\"Boutique\",\"item\":\"https:\\\/\\\/districos.standingout.be\\\/fr\\\/boutique\\\/\"},{\"@type\":\"ListItem\",\"position\":3,\"name\":\"Anesi Dermo Peel Correcteur n\u00b02 6 traitements\"}]},{\"@type\":\"WebSite\",\"@id\":\"https:\\\/\\\/districos.standingout.be\\\/fr\\\/#website\",\"url\":\"https:\\\/\\\/districos.standingout.be\\\/fr\\\/\",\"name\":\"Districos Webshop\",\"description\":\"\",\"publisher\":{\"@id\":\"https:\\\/\\\/districos.standingout.be\\\/fr\\\/#organization\"},\"potentialAction\":[{\"@type\":\"SearchAction\",\"target\":{\"@type\":\"EntryPoint\",\"urlTemplate\":\"https:\\\/\\\/districos.standingout.be\\\/fr\\\/?s={search_term_string}\"},\"query-input\":{\"@type\":\"PropertyValueSpecification\",\"valueRequired\":true,\"valueName\":\"search_term_string\"}}],\"inLanguage\":\"fr-FR\"},{\"@type\":\"Organization\",\"@id\":\"https:\\\/\\\/districos.standingout.be\\\/fr\\\/#organization\",\"name\":\"Districos Webshop\",\"url\":\"https:\\\/\\\/districos.standingout.be\\\/fr\\\/\",\"logo\":{\"@type\":\"ImageObject\",\"inLanguage\":\"fr-FR\",\"@id\":\"https:\\\/\\\/districos.standingout.be\\\/fr\\\/#\\\/schema\\\/logo\\\/image\\\/\",\"url\":\"https:\\\/\\\/districos.standingout.be\\\/wp-content\\\/uploads\\\/2022\\\/09\\\/Districos_Logo_Webshop.svg\",\"contentUrl\":\"https:\\\/\\\/districos.standingout.be\\\/wp-content\\\/uploads\\\/2022\\\/09\\\/Districos_Logo_Webshop.svg\",\"caption\":\"Districos Webshop\"},\"image\":{\"@id\":\"https:\\\/\\\/districos.standingout.be\\\/fr\\\/#\\\/schema\\\/logo\\\/image\\\/\"}}]}<\/script>\n<!-- \/ Yoast SEO plugin. -->","yoast_head_json":{"title":"Anesi Dermo Peel Correcteur n\u00b02 6 traitements - Districos Webshop","robots":{"index":"noindex","follow":"follow","max-snippet":"max-snippet:-1","max-image-preview":"max-image-preview:large","max-video-preview":"max-video-preview:-1"},"og_locale":"fr_FR","og_type":"article","og_title":"Anesi Dermo Peel Correcteur n\u00b02 6 traitements - Districos Webshop","og_description":"Intensit\u00e9 de Peeling n\u00b02 Un peeling plus intensif pour les peaux sujettes \u00e0 l&rsquo;acn\u00e9. La formule puissante \u00e9limine les impuret\u00e9s de la peau et la renouvelle tandis que l&rsquo;acide salicylique pr\u00e9vient les boutons et favorise un r\u00e9tablissement rapide de la peau. Le peeling a un effet de microdermabrasion combin\u00e9 \u00e0 l&rsquo;action d\u00e9sinfectante du peroxyde d&rsquo;hydrog\u00e8ne [&hellip;]","og_url":"https:\/\/districos.standingout.be\/fr\/product\/anesi-dermo-peel-correcteur-n2-6-traitements-ref-4400-32\/","og_site_name":"Districos Webshop","article_modified_time":"2026-04-28T00:21:59+00:00","og_image":[{"width":600,"height":600,"url":"https:\/\/districos.standingout.be\/wp-content\/uploads\/2025\/07\/4400.32@LowRes_1.png","type":"image\/png"}],"twitter_card":"summary_large_image","twitter_misc":{"Dur\u00e9e de lecture estim\u00e9e":"1 minute"},"schema":{"@context":"https:\/\/schema.org","@graph":[{"@type":"WebPage","@id":"https:\/\/districos.standingout.be\/fr\/product\/anesi-dermo-peel-correcteur-n2-6-traitements-ref-4400-32\/","url":"https:\/\/districos.standingout.be\/fr\/product\/anesi-dermo-peel-correcteur-n2-6-traitements-ref-4400-32\/","name":"Anesi Dermo Peel Correcteur n\u00b02 6 traitements - Districos Webshop","isPartOf":{"@id":"https:\/\/districos.standingout.be\/fr\/#website"},"primaryImageOfPage":{"@id":"https:\/\/districos.standingout.be\/fr\/product\/anesi-dermo-peel-correcteur-n2-6-traitements-ref-4400-32\/#primaryimage"},"image":{"@id":"https:\/\/districos.standingout.be\/fr\/product\/anesi-dermo-peel-correcteur-n2-6-traitements-ref-4400-32\/#primaryimage"},"thumbnailUrl":"https:\/\/districos.standingout.be\/wp-content\/uploads\/2025\/07\/4400.32@LowRes_1.png","datePublished":"2026-04-28T00:21:55+00:00","dateModified":"2026-04-28T00:21:59+00:00","breadcrumb":{"@id":"https:\/\/districos.standingout.be\/fr\/product\/anesi-dermo-peel-correcteur-n2-6-traitements-ref-4400-32\/#breadcrumb"},"inLanguage":"fr-FR","potentialAction":[{"@type":"ReadAction","target":["https:\/\/districos.standingout.be\/fr\/product\/anesi-dermo-peel-correcteur-n2-6-traitements-ref-4400-32\/"]}]},{"@type":"ImageObject","inLanguage":"fr-FR","@id":"https:\/\/districos.standingout.be\/fr\/product\/anesi-dermo-peel-correcteur-n2-6-traitements-ref-4400-32\/#primaryimage","url":"https:\/\/districos.standingout.be\/wp-content\/uploads\/2025\/07\/4400.32@LowRes_1.png","contentUrl":"https:\/\/districos.standingout.be\/wp-content\/uploads\/2025\/07\/4400.32@LowRes_1.png","width":600,"height":600},{"@type":"BreadcrumbList","@id":"https:\/\/districos.standingout.be\/fr\/product\/anesi-dermo-peel-correcteur-n2-6-traitements-ref-4400-32\/#breadcrumb","itemListElement":[{"@type":"ListItem","position":1,"name":"Home","item":"https:\/\/districos.standingout.be\/fr\/bienvenue-chez-districos\/"},{"@type":"ListItem","position":2,"name":"Boutique","item":"https:\/\/districos.standingout.be\/fr\/boutique\/"},{"@type":"ListItem","position":3,"name":"Anesi Dermo Peel Correcteur n\u00b02 6 traitements"}]},{"@type":"WebSite","@id":"https:\/\/districos.standingout.be\/fr\/#website","url":"https:\/\/districos.standingout.be\/fr\/","name":"Districos Webshop","description":"","publisher":{"@id":"https:\/\/districos.standingout.be\/fr\/#organization"},"potentialAction":[{"@type":"SearchAction","target":{"@type":"EntryPoint","urlTemplate":"https:\/\/districos.standingout.be\/fr\/?s={search_term_string}"},"query-input":{"@type":"PropertyValueSpecification","valueRequired":true,"valueName":"search_term_string"}}],"inLanguage":"fr-FR"},{"@type":"Organization","@id":"https:\/\/districos.standingout.be\/fr\/#organization","name":"Districos Webshop","url":"https:\/\/districos.standingout.be\/fr\/","logo":{"@type":"ImageObject","inLanguage":"fr-FR","@id":"https:\/\/districos.standingout.be\/fr\/#\/schema\/logo\/image\/","url":"https:\/\/districos.standingout.be\/wp-content\/uploads\/2022\/09\/Districos_Logo_Webshop.svg","contentUrl":"https:\/\/districos.standingout.be\/wp-content\/uploads\/2022\/09\/Districos_Logo_Webshop.svg","caption":"Districos Webshop"},"image":{"@id":"https:\/\/districos.standingout.be\/fr\/#\/schema\/logo\/image\/"}}]}},"_links":{"self":[{"href":"https:\/\/districos.standingout.be\/fr\/wp-json\/wp\/v2\/product\/134467","targetHints":{"allow":["GET"]}}],"collection":[{"href":"https:\/\/districos.standingout.be\/fr\/wp-json\/wp\/v2\/product"}],"about":[{"href":"https:\/\/districos.standingout.be\/fr\/wp-json\/wp\/v2\/types\/product"}],"replies":[{"embeddable":true,"href":"https:\/\/districos.standingout.be\/fr\/wp-json\/wp\/v2\/comments?post=134467"}],"wp:featuredmedia":[{"embeddable":true,"href":"https:\/\/districos.standingout.be\/fr\/wp-json\/wp\/v2\/media\/71878"}],"wp:attachment":[{"href":"https:\/\/districos.standingout.be\/fr\/wp-json\/wp\/v2\/media?parent=134467"}],"wp:term":[{"taxonomy":"product_brand","embeddable":true,"href":"https:\/\/districos.standingout.be\/fr\/wp-json\/wp\/v2\/product_brand?post=134467"},{"taxonomy":"product_cat","embeddable":true,"href":"https:\/\/districos.standingout.be\/fr\/wp-json\/wp\/v2\/product_cat?post=134467"},{"taxonomy":"product_tag","embeddable":true,"href":"https:\/\/districos.standingout.be\/fr\/wp-json\/wp\/v2\/product_tag?post=134467"}],"curies":[{"name":"wp","href":"https:\/\/api.w.org\/{rel}","templated":true}]}}