{"id":134469,"date":"2026-04-28T02:21:59","date_gmt":"2026-04-28T00:21:59","guid":{"rendered":"https:\/\/webshopdistricoscom.webhosting.be\/product\/anesi-dermo-peel-renewal-n3-6-traitements-ref-4400-33\/"},"modified":"2026-04-28T02:22:01","modified_gmt":"2026-04-28T00:22:01","slug":"anesi-dermo-peel-renewal-n3-6-traitements-ref-4400-33","status":"publish","type":"product","link":"https:\/\/districos.standingout.be\/fr\/product\/anesi-dermo-peel-renewal-n3-6-traitements-ref-4400-33\/","title":{"rendered":"Anesi Dermo Peel Renewal n\u00b03 6 traitements"},"content":{"rendered":"<p >\n<\/p>\n<\/p>\n<\/p>\n<\/p>\n<\/p>\n<\/p>\n<\/p>\n<\/p>\n<p><b><span lang=\"FR\">Intensit\u00e9 de peeling n\u00b03<o:p><\/o:p><\/span><\/b><\/p>\n<p><span lang=\"FR\">Un peeling en profondeur qui lutte contre le vieillissement cutan\u00e9, les rides profondes, les dommages caus\u00e9s par le soleil et l&rsquo;hyperpigmentation. L\u2019ajout de puissants acides permet un peeling efficace sans que des gommages m\u00e9caniques ne soient n\u00e9cessaires, ce qui le rend particuli\u00e8rement adapt\u00e9 aux peaux plus fragiles, matures, devenant plus fines ou endommag\u00e9es par le soleil. La peau est renouvel\u00e9e, la texture cutan\u00e9e est affin\u00e9e et la r\u00e9g\u00e9n\u00e9ration cellulaire est stimul\u00e9e pour une peau radieuse et visiblement plus jeune. Ce peeling combine une action de microdermabrasion avec celle d&rsquo;un peeling chimique acide et a une valeur de pH de 3-3,5.&nbsp;<o:p><\/o:p><\/span><\/p>\n<p><b><span lang=\"FR\">Contenu<o:p><\/o:p><\/span><\/b><\/p>\n<p><span lang=\"FR\">6 x Poudre Peeling 2 g<o:p><\/o:p><\/span><\/p>\n<p><span lang=\"FR\">6 x Lotion Peeling 10 ml<o:p><\/o:p><\/span><\/p>\n<p><span lang=\"FR\">6 x Masque Tissu<o:p><\/o:p><\/span><\/p>\n<p><b><span lang=\"FR\">IMPORTANT<o:p><\/o:p><\/span><\/b><\/p>\n<ul type=\"disc\">\n<li><span lang=\"FR\">Informez votre client(e) que pendant les premi\u00e8res 24 heures, il est conseill\u00e9 d&rsquo;\u00e9viter le sport intensif, le sauna ou le maquillage.&nbsp;De plus, votre client(e) doit se prot\u00e9ger du soleil pendant 7 \u00e0 10 jours avec&nbsp;<a href=\"https:\/\/districos.com\/ProductDetail\/4300.43\" target=\"_blank\" rel=\"noopener noreferrer nofollow\"><span>Luminosity SPF 50+ Cream<\/span><\/a>&nbsp;ou&nbsp;<a href=\"https:\/\/districos.com\/ProductDetail\/4140.02\" target=\"_blank\" rel=\"noopener noreferrer nofollow\"><span>Les \u00c9crans Haute Protection Cr\u00e8me<\/span><\/a>.<o:p><\/o:p><\/span><\/li>\n<p> <u1:p><\/u1:p> <\/p>\n<li><span lang=\"FR\">24 \u00e0 48 heures apr\u00e8s le traitement, la peau peut \u00eatre sensible.<o:p><\/o:p><\/span><\/li>\n<\/ul>\n<p><b><span lang=\"FR\">CONSEIL<o:p><\/o:p><\/span><\/b><\/p>\n<ul type=\"disc\">\n<li><span lang=\"FR\">Apaisez la peau avec le&nbsp;<a href=\"https:\/\/webshop.districos.com\/search?SearchText=gel%20oxyg%C3%A9nant\" target=\"_blank\" rel=\"noopener noreferrer nofollow\"><span>Gel Oxyg\u00e9nant<\/span><\/a>&nbsp;de la gamme de base Aqua Vital. Il va r\u00e9duire les rougeurs et les irritations et stimuler le processus de cicatrisation de la peau. Appliquez en masque et laissez poser pendant 10 minutes.<o:p><\/o:p><\/span><\/li>\n<\/ul>\n<p><span lang=\"FR\">Regardez aussi les autres peelings de la gamme Dermo Peel, chacun ayant sa propre force, formulation et probl\u00e9matique cutan\u00e9e sp\u00e9cifique<o:p><\/o:p><\/span><\/p>\n<p dir=\"ltr\"> <u1:p><\/u1:p> <u1:p><\/u1:p> <u1:p><\/u1:p> <u1:p><\/u1:p> <u1:p><\/u1:p> <\/p>\n<ul type=\"disc\">\n<li><span lang=\"FR\">Anesi Lab Dermo Peel Expert n\u00b01 (r\u00e9f.<a href=\"https:\/\/webshop.districos.com\/ProductDetail\/4400.31\" target=\"_blank\" rel=\"noopener noreferrer nofollow\"><span>&nbsp;4400.31<\/span><\/a>)<o:p><\/o:p><\/span><\/li>\n<p> <u1:p><\/u1:p> <\/p>\n<li><span lang=\"FR\">Anesi Lab Dermo Peel Corrector n\u00b0 2 (r\u00e9f.&nbsp;<a href=\"https:\/\/webshop.districos.com\/ProductDetail\/4400.32\" target=\"_blank\" rel=\"noopener noreferrer nofollow\"><span>4400.32<\/span><\/a>)<o:p><\/o:p><\/span><\/li>\n<\/ul><\/p>\n","protected":false},"excerpt":{"rendered":"<p>Intensit\u00e9 de peeling n\u00b03 Un peeling en profondeur qui lutte contre le vieillissement cutan\u00e9, les rides profondes, les dommages caus\u00e9s par le soleil et l&rsquo;hyperpigmentation. L\u2019ajout de puissants acides permet un peeling efficace sans que des gommages m\u00e9caniques ne soient n\u00e9cessaires, ce qui le rend particuli\u00e8rement adapt\u00e9 aux peaux plus fragiles, matures, devenant plus fines [&hellip;]<\/p>\n","protected":false},"featured_media":71881,"comment_status":"open","ping_status":"closed","template":"","meta":{"_acf_changed":false},"product_brand":[10280],"product_cat":[9858],"product_tag":[],"class_list":{"0":"post-134469","1":"product","2":"type-product","3":"status-publish","4":"has-post-thumbnail","6":"product_brand-anesi-fr","7":"product_cat-beaute-visage-anesi-visage","9":"first","10":"instock","11":"taxable","12":"shipping-taxable","13":"product-type-simple"},"acf":[],"yoast_head":"<!-- This site is optimized with the Yoast SEO plugin v27.3 - https:\/\/yoast.com\/product\/yoast-seo-wordpress\/ -->\n<title>Anesi Dermo Peel Renewal n\u00b03 6 traitements - Districos Webshop<\/title>\n<meta name=\"robots\" content=\"noindex, follow, max-snippet:-1, max-image-preview:large, max-video-preview:-1\" \/>\n<meta property=\"og:locale\" content=\"fr_FR\" \/>\n<meta property=\"og:type\" content=\"article\" \/>\n<meta property=\"og:title\" content=\"Anesi Dermo Peel Renewal n\u00b03 6 traitements - Districos Webshop\" \/>\n<meta property=\"og:description\" content=\"Intensit\u00e9 de peeling n\u00b03 Un peeling en profondeur qui lutte contre le vieillissement cutan\u00e9, les rides profondes, les dommages caus\u00e9s par le soleil et l&rsquo;hyperpigmentation. L\u2019ajout de puissants acides permet un peeling efficace sans que des gommages m\u00e9caniques ne soient n\u00e9cessaires, ce qui le rend particuli\u00e8rement adapt\u00e9 aux peaux plus fragiles, matures, devenant plus fines [&hellip;]\" \/>\n<meta property=\"og:url\" content=\"https:\/\/districos.standingout.be\/fr\/product\/anesi-dermo-peel-renewal-n3-6-traitements-ref-4400-33\/\" \/>\n<meta property=\"og:site_name\" content=\"Districos Webshop\" \/>\n<meta property=\"article:modified_time\" content=\"2026-04-28T00:22:01+00:00\" \/>\n<meta property=\"og:image\" content=\"https:\/\/districos.standingout.be\/wp-content\/uploads\/2025\/07\/4400.33@LowRes_1.png\" \/>\n\t<meta property=\"og:image:width\" content=\"600\" \/>\n\t<meta property=\"og:image:height\" content=\"600\" \/>\n\t<meta property=\"og:image:type\" content=\"image\/png\" \/>\n<meta name=\"twitter:card\" content=\"summary_large_image\" \/>\n<meta name=\"twitter:label1\" content=\"Dur\u00e9e de lecture estim\u00e9e\" \/>\n\t<meta name=\"twitter:data1\" content=\"1 minute\" \/>\n<script type=\"application\/ld+json\" class=\"yoast-schema-graph\">{\"@context\":\"https:\\\/\\\/schema.org\",\"@graph\":[{\"@type\":\"WebPage\",\"@id\":\"https:\\\/\\\/districos.standingout.be\\\/fr\\\/product\\\/anesi-dermo-peel-renewal-n3-6-traitements-ref-4400-33\\\/\",\"url\":\"https:\\\/\\\/districos.standingout.be\\\/fr\\\/product\\\/anesi-dermo-peel-renewal-n3-6-traitements-ref-4400-33\\\/\",\"name\":\"Anesi Dermo Peel Renewal n\u00b03 6 traitements - Districos Webshop\",\"isPartOf\":{\"@id\":\"https:\\\/\\\/districos.standingout.be\\\/fr\\\/#website\"},\"primaryImageOfPage\":{\"@id\":\"https:\\\/\\\/districos.standingout.be\\\/fr\\\/product\\\/anesi-dermo-peel-renewal-n3-6-traitements-ref-4400-33\\\/#primaryimage\"},\"image\":{\"@id\":\"https:\\\/\\\/districos.standingout.be\\\/fr\\\/product\\\/anesi-dermo-peel-renewal-n3-6-traitements-ref-4400-33\\\/#primaryimage\"},\"thumbnailUrl\":\"https:\\\/\\\/districos.standingout.be\\\/wp-content\\\/uploads\\\/2025\\\/07\\\/4400.33@LowRes_1.png\",\"datePublished\":\"2026-04-28T00:21:59+00:00\",\"dateModified\":\"2026-04-28T00:22:01+00:00\",\"breadcrumb\":{\"@id\":\"https:\\\/\\\/districos.standingout.be\\\/fr\\\/product\\\/anesi-dermo-peel-renewal-n3-6-traitements-ref-4400-33\\\/#breadcrumb\"},\"inLanguage\":\"fr-FR\",\"potentialAction\":[{\"@type\":\"ReadAction\",\"target\":[\"https:\\\/\\\/districos.standingout.be\\\/fr\\\/product\\\/anesi-dermo-peel-renewal-n3-6-traitements-ref-4400-33\\\/\"]}]},{\"@type\":\"ImageObject\",\"inLanguage\":\"fr-FR\",\"@id\":\"https:\\\/\\\/districos.standingout.be\\\/fr\\\/product\\\/anesi-dermo-peel-renewal-n3-6-traitements-ref-4400-33\\\/#primaryimage\",\"url\":\"https:\\\/\\\/districos.standingout.be\\\/wp-content\\\/uploads\\\/2025\\\/07\\\/4400.33@LowRes_1.png\",\"contentUrl\":\"https:\\\/\\\/districos.standingout.be\\\/wp-content\\\/uploads\\\/2025\\\/07\\\/4400.33@LowRes_1.png\",\"width\":600,\"height\":600},{\"@type\":\"BreadcrumbList\",\"@id\":\"https:\\\/\\\/districos.standingout.be\\\/fr\\\/product\\\/anesi-dermo-peel-renewal-n3-6-traitements-ref-4400-33\\\/#breadcrumb\",\"itemListElement\":[{\"@type\":\"ListItem\",\"position\":1,\"name\":\"Home\",\"item\":\"https:\\\/\\\/districos.standingout.be\\\/fr\\\/bienvenue-chez-districos\\\/\"},{\"@type\":\"ListItem\",\"position\":2,\"name\":\"Boutique\",\"item\":\"https:\\\/\\\/districos.standingout.be\\\/fr\\\/boutique\\\/\"},{\"@type\":\"ListItem\",\"position\":3,\"name\":\"Anesi Dermo Peel Renewal n\u00b03 6 traitements\"}]},{\"@type\":\"WebSite\",\"@id\":\"https:\\\/\\\/districos.standingout.be\\\/fr\\\/#website\",\"url\":\"https:\\\/\\\/districos.standingout.be\\\/fr\\\/\",\"name\":\"Districos Webshop\",\"description\":\"\",\"publisher\":{\"@id\":\"https:\\\/\\\/districos.standingout.be\\\/fr\\\/#organization\"},\"potentialAction\":[{\"@type\":\"SearchAction\",\"target\":{\"@type\":\"EntryPoint\",\"urlTemplate\":\"https:\\\/\\\/districos.standingout.be\\\/fr\\\/?s={search_term_string}\"},\"query-input\":{\"@type\":\"PropertyValueSpecification\",\"valueRequired\":true,\"valueName\":\"search_term_string\"}}],\"inLanguage\":\"fr-FR\"},{\"@type\":\"Organization\",\"@id\":\"https:\\\/\\\/districos.standingout.be\\\/fr\\\/#organization\",\"name\":\"Districos Webshop\",\"url\":\"https:\\\/\\\/districos.standingout.be\\\/fr\\\/\",\"logo\":{\"@type\":\"ImageObject\",\"inLanguage\":\"fr-FR\",\"@id\":\"https:\\\/\\\/districos.standingout.be\\\/fr\\\/#\\\/schema\\\/logo\\\/image\\\/\",\"url\":\"https:\\\/\\\/districos.standingout.be\\\/wp-content\\\/uploads\\\/2022\\\/09\\\/Districos_Logo_Webshop.svg\",\"contentUrl\":\"https:\\\/\\\/districos.standingout.be\\\/wp-content\\\/uploads\\\/2022\\\/09\\\/Districos_Logo_Webshop.svg\",\"caption\":\"Districos Webshop\"},\"image\":{\"@id\":\"https:\\\/\\\/districos.standingout.be\\\/fr\\\/#\\\/schema\\\/logo\\\/image\\\/\"}}]}<\/script>\n<!-- \/ Yoast SEO plugin. -->","yoast_head_json":{"title":"Anesi Dermo Peel Renewal n\u00b03 6 traitements - Districos Webshop","robots":{"index":"noindex","follow":"follow","max-snippet":"max-snippet:-1","max-image-preview":"max-image-preview:large","max-video-preview":"max-video-preview:-1"},"og_locale":"fr_FR","og_type":"article","og_title":"Anesi Dermo Peel Renewal n\u00b03 6 traitements - Districos Webshop","og_description":"Intensit\u00e9 de peeling n\u00b03 Un peeling en profondeur qui lutte contre le vieillissement cutan\u00e9, les rides profondes, les dommages caus\u00e9s par le soleil et l&rsquo;hyperpigmentation. L\u2019ajout de puissants acides permet un peeling efficace sans que des gommages m\u00e9caniques ne soient n\u00e9cessaires, ce qui le rend particuli\u00e8rement adapt\u00e9 aux peaux plus fragiles, matures, devenant plus fines [&hellip;]","og_url":"https:\/\/districos.standingout.be\/fr\/product\/anesi-dermo-peel-renewal-n3-6-traitements-ref-4400-33\/","og_site_name":"Districos Webshop","article_modified_time":"2026-04-28T00:22:01+00:00","og_image":[{"width":600,"height":600,"url":"https:\/\/districos.standingout.be\/wp-content\/uploads\/2025\/07\/4400.33@LowRes_1.png","type":"image\/png"}],"twitter_card":"summary_large_image","twitter_misc":{"Dur\u00e9e de lecture estim\u00e9e":"1 minute"},"schema":{"@context":"https:\/\/schema.org","@graph":[{"@type":"WebPage","@id":"https:\/\/districos.standingout.be\/fr\/product\/anesi-dermo-peel-renewal-n3-6-traitements-ref-4400-33\/","url":"https:\/\/districos.standingout.be\/fr\/product\/anesi-dermo-peel-renewal-n3-6-traitements-ref-4400-33\/","name":"Anesi Dermo Peel Renewal n\u00b03 6 traitements - Districos Webshop","isPartOf":{"@id":"https:\/\/districos.standingout.be\/fr\/#website"},"primaryImageOfPage":{"@id":"https:\/\/districos.standingout.be\/fr\/product\/anesi-dermo-peel-renewal-n3-6-traitements-ref-4400-33\/#primaryimage"},"image":{"@id":"https:\/\/districos.standingout.be\/fr\/product\/anesi-dermo-peel-renewal-n3-6-traitements-ref-4400-33\/#primaryimage"},"thumbnailUrl":"https:\/\/districos.standingout.be\/wp-content\/uploads\/2025\/07\/4400.33@LowRes_1.png","datePublished":"2026-04-28T00:21:59+00:00","dateModified":"2026-04-28T00:22:01+00:00","breadcrumb":{"@id":"https:\/\/districos.standingout.be\/fr\/product\/anesi-dermo-peel-renewal-n3-6-traitements-ref-4400-33\/#breadcrumb"},"inLanguage":"fr-FR","potentialAction":[{"@type":"ReadAction","target":["https:\/\/districos.standingout.be\/fr\/product\/anesi-dermo-peel-renewal-n3-6-traitements-ref-4400-33\/"]}]},{"@type":"ImageObject","inLanguage":"fr-FR","@id":"https:\/\/districos.standingout.be\/fr\/product\/anesi-dermo-peel-renewal-n3-6-traitements-ref-4400-33\/#primaryimage","url":"https:\/\/districos.standingout.be\/wp-content\/uploads\/2025\/07\/4400.33@LowRes_1.png","contentUrl":"https:\/\/districos.standingout.be\/wp-content\/uploads\/2025\/07\/4400.33@LowRes_1.png","width":600,"height":600},{"@type":"BreadcrumbList","@id":"https:\/\/districos.standingout.be\/fr\/product\/anesi-dermo-peel-renewal-n3-6-traitements-ref-4400-33\/#breadcrumb","itemListElement":[{"@type":"ListItem","position":1,"name":"Home","item":"https:\/\/districos.standingout.be\/fr\/bienvenue-chez-districos\/"},{"@type":"ListItem","position":2,"name":"Boutique","item":"https:\/\/districos.standingout.be\/fr\/boutique\/"},{"@type":"ListItem","position":3,"name":"Anesi Dermo Peel Renewal n\u00b03 6 traitements"}]},{"@type":"WebSite","@id":"https:\/\/districos.standingout.be\/fr\/#website","url":"https:\/\/districos.standingout.be\/fr\/","name":"Districos Webshop","description":"","publisher":{"@id":"https:\/\/districos.standingout.be\/fr\/#organization"},"potentialAction":[{"@type":"SearchAction","target":{"@type":"EntryPoint","urlTemplate":"https:\/\/districos.standingout.be\/fr\/?s={search_term_string}"},"query-input":{"@type":"PropertyValueSpecification","valueRequired":true,"valueName":"search_term_string"}}],"inLanguage":"fr-FR"},{"@type":"Organization","@id":"https:\/\/districos.standingout.be\/fr\/#organization","name":"Districos Webshop","url":"https:\/\/districos.standingout.be\/fr\/","logo":{"@type":"ImageObject","inLanguage":"fr-FR","@id":"https:\/\/districos.standingout.be\/fr\/#\/schema\/logo\/image\/","url":"https:\/\/districos.standingout.be\/wp-content\/uploads\/2022\/09\/Districos_Logo_Webshop.svg","contentUrl":"https:\/\/districos.standingout.be\/wp-content\/uploads\/2022\/09\/Districos_Logo_Webshop.svg","caption":"Districos Webshop"},"image":{"@id":"https:\/\/districos.standingout.be\/fr\/#\/schema\/logo\/image\/"}}]}},"_links":{"self":[{"href":"https:\/\/districos.standingout.be\/fr\/wp-json\/wp\/v2\/product\/134469","targetHints":{"allow":["GET"]}}],"collection":[{"href":"https:\/\/districos.standingout.be\/fr\/wp-json\/wp\/v2\/product"}],"about":[{"href":"https:\/\/districos.standingout.be\/fr\/wp-json\/wp\/v2\/types\/product"}],"replies":[{"embeddable":true,"href":"https:\/\/districos.standingout.be\/fr\/wp-json\/wp\/v2\/comments?post=134469"}],"wp:featuredmedia":[{"embeddable":true,"href":"https:\/\/districos.standingout.be\/fr\/wp-json\/wp\/v2\/media\/71881"}],"wp:attachment":[{"href":"https:\/\/districos.standingout.be\/fr\/wp-json\/wp\/v2\/media?parent=134469"}],"wp:term":[{"taxonomy":"product_brand","embeddable":true,"href":"https:\/\/districos.standingout.be\/fr\/wp-json\/wp\/v2\/product_brand?post=134469"},{"taxonomy":"product_cat","embeddable":true,"href":"https:\/\/districos.standingout.be\/fr\/wp-json\/wp\/v2\/product_cat?post=134469"},{"taxonomy":"product_tag","embeddable":true,"href":"https:\/\/districos.standingout.be\/fr\/wp-json\/wp\/v2\/product_tag?post=134469"}],"curies":[{"name":"wp","href":"https:\/\/api.w.org\/{rel}","templated":true}]}}