{"id":134473,"date":"2026-04-28T02:22:05","date_gmt":"2026-04-28T00:22:05","guid":{"rendered":"https:\/\/webshopdistricoscom.webhosting.be\/product\/anesi-luminosity-lotion-tonique-eclaircissante-500-ml-ref-4400-41\/"},"modified":"2026-04-28T02:22:08","modified_gmt":"2026-04-28T00:22:08","slug":"anesi-luminosity-lotion-tonique-eclaircissante-500-ml-ref-4400-41","status":"publish","type":"product","link":"https:\/\/districos.standingout.be\/fr\/product\/anesi-luminosity-lotion-tonique-eclaircissante-500-ml-ref-4400-41\/","title":{"rendered":"Anesi Luminosity Lotion Tonique \u00c9claircissante  500 ml"},"content":{"rendered":"<p >\n<\/p>\n<\/p>\n<p><b>LUMINOSITY BRIGHTENING TONER &#8211; POUR UNE PEAU \u00c9CLATANTE ET UNIFIE<\/b><\/p>\n<p>Donnez \u00e0 votre peau un coup d&rsquo;\u00e9clat avec le&nbsp;<b>Luminosity Brightening Toner<\/b>. Ce tonique affinant et hydratant pr\u00e9pare parfaitement la peau aux \u00e9tapes suivantes de votre routine de soins. La puissante combinaison d&rsquo;ingr\u00e9dients actifs aide \u00e0 r\u00e9duire les taches pigmentaires, \u00e0 am\u00e9liorer la texture de la peau et \u00e0 rendre le teint frais et \u00e9clatant. Utilis\u00e9 quotidiennement, votre peau est visiblement plus douce, plus uniforme et plus lumineuse.<\/p>\n<ul>\n<li><b>Azeloglicina<\/b>&nbsp;\u2013 Am\u00e9liore consid\u00e9rablement la luminosit\u00e9 de la peau, inhibe la production de m\u00e9lanine et r\u00e9duit ainsi les taches pigmentaires.<\/li>\n<li><b>Acide salicylique<\/b>&nbsp;\u2013 \u00c9limine les cellules mortes, favorise le renouvellement cellulaire et affine le grain de peau.<\/li>\n<li><b>Centella Asiatica<\/b>&nbsp;\u2013 Apaise et hydrate la peau, tout en favorisant sa r\u00e9g\u00e9n\u00e9ration et son hydratation.<\/li>\n<li><b>D-Panth\u00e9nol<\/b>&nbsp;\u2013 Renforce l&rsquo;hydratation et prot\u00e8ge la peau gr\u00e2ce \u00e0 ses antioxydants.<\/li>\n<li><b>Hamam\u00e9lis (Witch Hazel)<\/b>&nbsp;\u2013 Rafra\u00eechit la peau, minimise les pores et aide \u00e0 \u00e9quilibrer la peau.<\/li>\n<\/ul>\n<p><b>Mode d&#8217;emploi :<\/b><\/p>\n<p>Appliquez le toner quotidiennement apr\u00e8s avoir nettoy\u00e9 votre peau. Imbibez un coton et passez-le doucement sur le visage et le cou. \u00c9vitez le contour des yeux. La peau est d\u00e9sormais parfaitement pr\u00e9par\u00e9e pour la prochaine \u00e9tape de votre routine de soins !<\/p>\n<p><b>\u00c9galement disponible :<\/b><\/p>\n<div>\n<ul>\n<li>Flacon de vente de 150 ml (<u><a href=\"https:\/\/districos.com\/ProductDetail\/4300.41\" target=\"_blank\" rel=\"noopener noreferrer nofollow\">r\u00e9f. 4300.41<\/a><\/u>)<\/li>\n<\/ul>\n<\/div><\/p>\n","protected":false},"excerpt":{"rendered":"<p>LUMINOSITY BRIGHTENING TONER &#8211; POUR UNE PEAU \u00c9CLATANTE ET UNIFIE Donnez \u00e0 votre peau un coup d&rsquo;\u00e9clat avec le&nbsp;Luminosity Brightening Toner. Ce tonique affinant et hydratant pr\u00e9pare parfaitement la peau aux \u00e9tapes suivantes de votre routine de soins. La puissante combinaison d&rsquo;ingr\u00e9dients actifs aide \u00e0 r\u00e9duire les taches pigmentaires, \u00e0 am\u00e9liorer la texture de la [&hellip;]<\/p>\n","protected":false},"featured_media":144219,"comment_status":"open","ping_status":"closed","template":"","meta":{"_acf_changed":false},"product_brand":[10280],"product_cat":[9858],"product_tag":[],"class_list":{"0":"post-134473","1":"product","2":"type-product","3":"status-publish","4":"has-post-thumbnail","6":"product_brand-anesi-fr","7":"product_cat-beaute-visage-anesi-visage","9":"first","10":"instock","11":"taxable","12":"shipping-taxable","13":"product-type-simple"},"acf":[],"yoast_head":"<!-- This site is optimized with the Yoast SEO plugin v27.3 - https:\/\/yoast.com\/product\/yoast-seo-wordpress\/ -->\n<title>Anesi Luminosity Lotion Tonique \u00c9claircissante 500 ml - Districos Webshop<\/title>\n<meta name=\"robots\" content=\"noindex, follow, max-snippet:-1, max-image-preview:large, max-video-preview:-1\" \/>\n<meta property=\"og:locale\" content=\"fr_FR\" \/>\n<meta property=\"og:type\" content=\"article\" \/>\n<meta property=\"og:title\" content=\"Anesi Luminosity Lotion Tonique \u00c9claircissante 500 ml - Districos Webshop\" \/>\n<meta property=\"og:description\" content=\"LUMINOSITY BRIGHTENING TONER &#8211; POUR UNE PEAU \u00c9CLATANTE ET UNIFIE Donnez \u00e0 votre peau un coup d&rsquo;\u00e9clat avec le&nbsp;Luminosity Brightening Toner. Ce tonique affinant et hydratant pr\u00e9pare parfaitement la peau aux \u00e9tapes suivantes de votre routine de soins. La puissante combinaison d&rsquo;ingr\u00e9dients actifs aide \u00e0 r\u00e9duire les taches pigmentaires, \u00e0 am\u00e9liorer la texture de la [&hellip;]\" \/>\n<meta property=\"og:url\" content=\"https:\/\/districos.standingout.be\/fr\/product\/anesi-luminosity-lotion-tonique-eclaircissante-500-ml-ref-4400-41\/\" \/>\n<meta property=\"og:site_name\" content=\"Districos Webshop\" \/>\n<meta property=\"article:modified_time\" content=\"2026-04-28T00:22:08+00:00\" \/>\n<meta property=\"og:image\" content=\"https:\/\/districos.standingout.be\/wp-content\/uploads\/2026\/04\/4400.41@Luminosity-Toner-500-ml_1-2.png\" \/>\n\t<meta property=\"og:image:width\" content=\"600\" \/>\n\t<meta property=\"og:image:height\" content=\"600\" \/>\n\t<meta property=\"og:image:type\" content=\"image\/png\" \/>\n<meta name=\"twitter:card\" content=\"summary_large_image\" \/>\n<meta name=\"twitter:label1\" content=\"Dur\u00e9e de lecture estim\u00e9e\" \/>\n\t<meta name=\"twitter:data1\" content=\"1 minute\" \/>\n<script type=\"application\/ld+json\" class=\"yoast-schema-graph\">{\"@context\":\"https:\\\/\\\/schema.org\",\"@graph\":[{\"@type\":\"WebPage\",\"@id\":\"https:\\\/\\\/districos.standingout.be\\\/fr\\\/product\\\/anesi-luminosity-lotion-tonique-eclaircissante-500-ml-ref-4400-41\\\/\",\"url\":\"https:\\\/\\\/districos.standingout.be\\\/fr\\\/product\\\/anesi-luminosity-lotion-tonique-eclaircissante-500-ml-ref-4400-41\\\/\",\"name\":\"Anesi Luminosity Lotion Tonique \u00c9claircissante 500 ml - Districos Webshop\",\"isPartOf\":{\"@id\":\"https:\\\/\\\/districos.standingout.be\\\/fr\\\/#website\"},\"primaryImageOfPage\":{\"@id\":\"https:\\\/\\\/districos.standingout.be\\\/fr\\\/product\\\/anesi-luminosity-lotion-tonique-eclaircissante-500-ml-ref-4400-41\\\/#primaryimage\"},\"image\":{\"@id\":\"https:\\\/\\\/districos.standingout.be\\\/fr\\\/product\\\/anesi-luminosity-lotion-tonique-eclaircissante-500-ml-ref-4400-41\\\/#primaryimage\"},\"thumbnailUrl\":\"https:\\\/\\\/districos.standingout.be\\\/wp-content\\\/uploads\\\/2026\\\/04\\\/4400.41@Luminosity-Toner-500-ml_1-3.png\",\"datePublished\":\"2026-04-28T00:22:05+00:00\",\"dateModified\":\"2026-04-28T00:22:08+00:00\",\"breadcrumb\":{\"@id\":\"https:\\\/\\\/districos.standingout.be\\\/fr\\\/product\\\/anesi-luminosity-lotion-tonique-eclaircissante-500-ml-ref-4400-41\\\/#breadcrumb\"},\"inLanguage\":\"fr-FR\",\"potentialAction\":[{\"@type\":\"ReadAction\",\"target\":[\"https:\\\/\\\/districos.standingout.be\\\/fr\\\/product\\\/anesi-luminosity-lotion-tonique-eclaircissante-500-ml-ref-4400-41\\\/\"]}]},{\"@type\":\"ImageObject\",\"inLanguage\":\"fr-FR\",\"@id\":\"https:\\\/\\\/districos.standingout.be\\\/fr\\\/product\\\/anesi-luminosity-lotion-tonique-eclaircissante-500-ml-ref-4400-41\\\/#primaryimage\",\"url\":\"https:\\\/\\\/districos.standingout.be\\\/wp-content\\\/uploads\\\/2026\\\/04\\\/4400.41@Luminosity-Toner-500-ml_1-3.png\",\"contentUrl\":\"https:\\\/\\\/districos.standingout.be\\\/wp-content\\\/uploads\\\/2026\\\/04\\\/4400.41@Luminosity-Toner-500-ml_1-3.png\",\"width\":600,\"height\":600},{\"@type\":\"BreadcrumbList\",\"@id\":\"https:\\\/\\\/districos.standingout.be\\\/fr\\\/product\\\/anesi-luminosity-lotion-tonique-eclaircissante-500-ml-ref-4400-41\\\/#breadcrumb\",\"itemListElement\":[{\"@type\":\"ListItem\",\"position\":1,\"name\":\"Home\",\"item\":\"https:\\\/\\\/districos.standingout.be\\\/fr\\\/bienvenue-chez-districos\\\/\"},{\"@type\":\"ListItem\",\"position\":2,\"name\":\"Boutique\",\"item\":\"https:\\\/\\\/districos.standingout.be\\\/fr\\\/boutique\\\/\"},{\"@type\":\"ListItem\",\"position\":3,\"name\":\"Anesi Luminosity Lotion Tonique \u00c9claircissante 500 ml\"}]},{\"@type\":\"WebSite\",\"@id\":\"https:\\\/\\\/districos.standingout.be\\\/fr\\\/#website\",\"url\":\"https:\\\/\\\/districos.standingout.be\\\/fr\\\/\",\"name\":\"Districos Webshop\",\"description\":\"\",\"publisher\":{\"@id\":\"https:\\\/\\\/districos.standingout.be\\\/fr\\\/#organization\"},\"potentialAction\":[{\"@type\":\"SearchAction\",\"target\":{\"@type\":\"EntryPoint\",\"urlTemplate\":\"https:\\\/\\\/districos.standingout.be\\\/fr\\\/?s={search_term_string}\"},\"query-input\":{\"@type\":\"PropertyValueSpecification\",\"valueRequired\":true,\"valueName\":\"search_term_string\"}}],\"inLanguage\":\"fr-FR\"},{\"@type\":\"Organization\",\"@id\":\"https:\\\/\\\/districos.standingout.be\\\/fr\\\/#organization\",\"name\":\"Districos Webshop\",\"url\":\"https:\\\/\\\/districos.standingout.be\\\/fr\\\/\",\"logo\":{\"@type\":\"ImageObject\",\"inLanguage\":\"fr-FR\",\"@id\":\"https:\\\/\\\/districos.standingout.be\\\/fr\\\/#\\\/schema\\\/logo\\\/image\\\/\",\"url\":\"https:\\\/\\\/districos.standingout.be\\\/wp-content\\\/uploads\\\/2022\\\/09\\\/Districos_Logo_Webshop.svg\",\"contentUrl\":\"https:\\\/\\\/districos.standingout.be\\\/wp-content\\\/uploads\\\/2022\\\/09\\\/Districos_Logo_Webshop.svg\",\"caption\":\"Districos Webshop\"},\"image\":{\"@id\":\"https:\\\/\\\/districos.standingout.be\\\/fr\\\/#\\\/schema\\\/logo\\\/image\\\/\"}}]}<\/script>\n<!-- \/ Yoast SEO plugin. -->","yoast_head_json":{"title":"Anesi Luminosity Lotion Tonique \u00c9claircissante 500 ml - Districos Webshop","robots":{"index":"noindex","follow":"follow","max-snippet":"max-snippet:-1","max-image-preview":"max-image-preview:large","max-video-preview":"max-video-preview:-1"},"og_locale":"fr_FR","og_type":"article","og_title":"Anesi Luminosity Lotion Tonique \u00c9claircissante 500 ml - Districos Webshop","og_description":"LUMINOSITY BRIGHTENING TONER &#8211; POUR UNE PEAU \u00c9CLATANTE ET UNIFIE Donnez \u00e0 votre peau un coup d&rsquo;\u00e9clat avec le&nbsp;Luminosity Brightening Toner. Ce tonique affinant et hydratant pr\u00e9pare parfaitement la peau aux \u00e9tapes suivantes de votre routine de soins. La puissante combinaison d&rsquo;ingr\u00e9dients actifs aide \u00e0 r\u00e9duire les taches pigmentaires, \u00e0 am\u00e9liorer la texture de la [&hellip;]","og_url":"https:\/\/districos.standingout.be\/fr\/product\/anesi-luminosity-lotion-tonique-eclaircissante-500-ml-ref-4400-41\/","og_site_name":"Districos Webshop","article_modified_time":"2026-04-28T00:22:08+00:00","og_image":[{"width":600,"height":600,"url":"https:\/\/districos.standingout.be\/wp-content\/uploads\/2026\/04\/4400.41@Luminosity-Toner-500-ml_1-2.png","type":"image\/png"}],"twitter_card":"summary_large_image","twitter_misc":{"Dur\u00e9e de lecture estim\u00e9e":"1 minute"},"schema":{"@context":"https:\/\/schema.org","@graph":[{"@type":"WebPage","@id":"https:\/\/districos.standingout.be\/fr\/product\/anesi-luminosity-lotion-tonique-eclaircissante-500-ml-ref-4400-41\/","url":"https:\/\/districos.standingout.be\/fr\/product\/anesi-luminosity-lotion-tonique-eclaircissante-500-ml-ref-4400-41\/","name":"Anesi Luminosity Lotion Tonique \u00c9claircissante 500 ml - Districos Webshop","isPartOf":{"@id":"https:\/\/districos.standingout.be\/fr\/#website"},"primaryImageOfPage":{"@id":"https:\/\/districos.standingout.be\/fr\/product\/anesi-luminosity-lotion-tonique-eclaircissante-500-ml-ref-4400-41\/#primaryimage"},"image":{"@id":"https:\/\/districos.standingout.be\/fr\/product\/anesi-luminosity-lotion-tonique-eclaircissante-500-ml-ref-4400-41\/#primaryimage"},"thumbnailUrl":"https:\/\/districos.standingout.be\/wp-content\/uploads\/2026\/04\/4400.41@Luminosity-Toner-500-ml_1-3.png","datePublished":"2026-04-28T00:22:05+00:00","dateModified":"2026-04-28T00:22:08+00:00","breadcrumb":{"@id":"https:\/\/districos.standingout.be\/fr\/product\/anesi-luminosity-lotion-tonique-eclaircissante-500-ml-ref-4400-41\/#breadcrumb"},"inLanguage":"fr-FR","potentialAction":[{"@type":"ReadAction","target":["https:\/\/districos.standingout.be\/fr\/product\/anesi-luminosity-lotion-tonique-eclaircissante-500-ml-ref-4400-41\/"]}]},{"@type":"ImageObject","inLanguage":"fr-FR","@id":"https:\/\/districos.standingout.be\/fr\/product\/anesi-luminosity-lotion-tonique-eclaircissante-500-ml-ref-4400-41\/#primaryimage","url":"https:\/\/districos.standingout.be\/wp-content\/uploads\/2026\/04\/4400.41@Luminosity-Toner-500-ml_1-3.png","contentUrl":"https:\/\/districos.standingout.be\/wp-content\/uploads\/2026\/04\/4400.41@Luminosity-Toner-500-ml_1-3.png","width":600,"height":600},{"@type":"BreadcrumbList","@id":"https:\/\/districos.standingout.be\/fr\/product\/anesi-luminosity-lotion-tonique-eclaircissante-500-ml-ref-4400-41\/#breadcrumb","itemListElement":[{"@type":"ListItem","position":1,"name":"Home","item":"https:\/\/districos.standingout.be\/fr\/bienvenue-chez-districos\/"},{"@type":"ListItem","position":2,"name":"Boutique","item":"https:\/\/districos.standingout.be\/fr\/boutique\/"},{"@type":"ListItem","position":3,"name":"Anesi Luminosity Lotion Tonique \u00c9claircissante 500 ml"}]},{"@type":"WebSite","@id":"https:\/\/districos.standingout.be\/fr\/#website","url":"https:\/\/districos.standingout.be\/fr\/","name":"Districos Webshop","description":"","publisher":{"@id":"https:\/\/districos.standingout.be\/fr\/#organization"},"potentialAction":[{"@type":"SearchAction","target":{"@type":"EntryPoint","urlTemplate":"https:\/\/districos.standingout.be\/fr\/?s={search_term_string}"},"query-input":{"@type":"PropertyValueSpecification","valueRequired":true,"valueName":"search_term_string"}}],"inLanguage":"fr-FR"},{"@type":"Organization","@id":"https:\/\/districos.standingout.be\/fr\/#organization","name":"Districos Webshop","url":"https:\/\/districos.standingout.be\/fr\/","logo":{"@type":"ImageObject","inLanguage":"fr-FR","@id":"https:\/\/districos.standingout.be\/fr\/#\/schema\/logo\/image\/","url":"https:\/\/districos.standingout.be\/wp-content\/uploads\/2022\/09\/Districos_Logo_Webshop.svg","contentUrl":"https:\/\/districos.standingout.be\/wp-content\/uploads\/2022\/09\/Districos_Logo_Webshop.svg","caption":"Districos Webshop"},"image":{"@id":"https:\/\/districos.standingout.be\/fr\/#\/schema\/logo\/image\/"}}]}},"_links":{"self":[{"href":"https:\/\/districos.standingout.be\/fr\/wp-json\/wp\/v2\/product\/134473","targetHints":{"allow":["GET"]}}],"collection":[{"href":"https:\/\/districos.standingout.be\/fr\/wp-json\/wp\/v2\/product"}],"about":[{"href":"https:\/\/districos.standingout.be\/fr\/wp-json\/wp\/v2\/types\/product"}],"replies":[{"embeddable":true,"href":"https:\/\/districos.standingout.be\/fr\/wp-json\/wp\/v2\/comments?post=134473"}],"wp:featuredmedia":[{"embeddable":true,"href":"https:\/\/districos.standingout.be\/fr\/wp-json\/wp\/v2\/media\/144219"}],"wp:attachment":[{"href":"https:\/\/districos.standingout.be\/fr\/wp-json\/wp\/v2\/media?parent=134473"}],"wp:term":[{"taxonomy":"product_brand","embeddable":true,"href":"https:\/\/districos.standingout.be\/fr\/wp-json\/wp\/v2\/product_brand?post=134473"},{"taxonomy":"product_cat","embeddable":true,"href":"https:\/\/districos.standingout.be\/fr\/wp-json\/wp\/v2\/product_cat?post=134473"},{"taxonomy":"product_tag","embeddable":true,"href":"https:\/\/districos.standingout.be\/fr\/wp-json\/wp\/v2\/product_tag?post=134473"}],"curies":[{"name":"wp","href":"https:\/\/api.w.org\/{rel}","templated":true}]}}