{"id":134477,"date":"2026-04-28T02:22:12","date_gmt":"2026-04-28T00:22:12","guid":{"rendered":"https:\/\/webshopdistricoscom.webhosting.be\/product\/anesi-coffret-epigenesse-soin-reparateur-energisant-4trait-ref-4400-70\/"},"modified":"2026-04-28T02:22:15","modified_gmt":"2026-04-28T00:22:15","slug":"anesi-coffret-epigenesse-soin-reparateur-energisant-4trait-ref-4400-70","status":"publish","type":"product","link":"https:\/\/districos.standingout.be\/fr\/product\/anesi-coffret-epigenesse-soin-reparateur-energisant-4trait-ref-4400-70\/","title":{"rendered":"Anesi Coffret Epigenesse Soin R\u00e9parateur \u00c9nergisant 4trait."},"content":{"rendered":"<p >\n<\/p>\n<p dir=\"ltr\">Le Soin R\u00e9parateur \u00c9nergisant Epigenesse rajeunit, restaure et enrichit la peau avec des ingr\u00e9dients actifs cliniquement prouv\u00e9s et des huiles profond\u00e9ment nourrissantes qui revitalisent la peau visiblement vieillissante. Le traitement am\u00e9liore imm\u00e9diatement la texture de la peau, r\u00e9duit les rides et procure un teint sain et impeccable ainsi que des r\u00e9sultats durables.<\/p>\n<p dir=\"ltr\">\n<ul>\n<li>Ce coffret contient des produits pour 4 soins de cabine.<\/li>\n<li>Ingr\u00e9dients actifs : Haberlea rhodopensis, acide hyaluronique, Tazman Pepper\u2122, Pore Reductal NT, Cobiolift, Pepha\u00ae-Tight.<\/li>\n<\/ul>\n<div><b>Contenu<\/b><\/div>\n<ul>\n<li>4 x Epigenesse Glycopeel 6 ml<\/li>\n<li>4 x Epigenesse Concentrate 3 ml<\/li>\n<li>4 x Epigenesse Rejuvenate Gold Mask 30 g<\/li>\n<li>4 x Epigenesse Lotion Tonique Hydratante 10 ml<\/li>\n<li>4 x Epigenesse Cr\u00e8me de Jour Revitalisante 5 ml<\/li>\n<li>4 x Epigenesse Flash Lift Ampoules 1,5 ml<\/li>\n<\/ul><\/p>\n","protected":false},"excerpt":{"rendered":"<p>Le Soin R\u00e9parateur \u00c9nergisant Epigenesse rajeunit, restaure et enrichit la peau avec des ingr\u00e9dients actifs cliniquement prouv\u00e9s et des huiles profond\u00e9ment nourrissantes qui revitalisent la peau visiblement vieillissante. Le traitement am\u00e9liore imm\u00e9diatement la texture de la peau, r\u00e9duit les rides et procure un teint sain et impeccable ainsi que des r\u00e9sultats durables. Ce coffret contient [&hellip;]<\/p>\n","protected":false},"featured_media":71899,"comment_status":"open","ping_status":"closed","template":"","meta":{"_acf_changed":false},"product_brand":[10280],"product_cat":[9858],"product_tag":[],"class_list":{"0":"post-134477","1":"product","2":"type-product","3":"status-publish","4":"has-post-thumbnail","6":"product_brand-anesi-fr","7":"product_cat-beaute-visage-anesi-visage","9":"first","10":"instock","11":"taxable","12":"shipping-taxable","13":"product-type-simple"},"acf":[],"yoast_head":"<!-- This site is optimized with the Yoast SEO plugin v27.3 - https:\/\/yoast.com\/product\/yoast-seo-wordpress\/ -->\n<title>Anesi Coffret Epigenesse Soin R\u00e9parateur \u00c9nergisant 4trait. - Districos Webshop<\/title>\n<meta name=\"robots\" content=\"noindex, follow, max-snippet:-1, max-image-preview:large, max-video-preview:-1\" \/>\n<meta property=\"og:locale\" content=\"fr_FR\" \/>\n<meta property=\"og:type\" content=\"article\" \/>\n<meta property=\"og:title\" content=\"Anesi Coffret Epigenesse Soin R\u00e9parateur \u00c9nergisant 4trait. - Districos Webshop\" \/>\n<meta property=\"og:description\" content=\"Le Soin R\u00e9parateur \u00c9nergisant Epigenesse rajeunit, restaure et enrichit la peau avec des ingr\u00e9dients actifs cliniquement prouv\u00e9s et des huiles profond\u00e9ment nourrissantes qui revitalisent la peau visiblement vieillissante. Le traitement am\u00e9liore imm\u00e9diatement la texture de la peau, r\u00e9duit les rides et procure un teint sain et impeccable ainsi que des r\u00e9sultats durables. Ce coffret contient [&hellip;]\" \/>\n<meta property=\"og:url\" content=\"https:\/\/districos.standingout.be\/fr\/product\/anesi-coffret-epigenesse-soin-reparateur-energisant-4trait-ref-4400-70\/\" \/>\n<meta property=\"og:site_name\" content=\"Districos Webshop\" \/>\n<meta property=\"article:modified_time\" content=\"2026-04-28T00:22:15+00:00\" \/>\n<meta property=\"og:image\" content=\"https:\/\/districos.standingout.be\/wp-content\/uploads\/2025\/07\/4400.70@LowRes_1_0.png\" \/>\n\t<meta property=\"og:image:width\" content=\"600\" \/>\n\t<meta property=\"og:image:height\" content=\"600\" \/>\n\t<meta property=\"og:image:type\" content=\"image\/png\" \/>\n<meta name=\"twitter:card\" content=\"summary_large_image\" \/>\n<meta name=\"twitter:label1\" content=\"Dur\u00e9e de lecture estim\u00e9e\" \/>\n\t<meta name=\"twitter:data1\" content=\"1 minute\" \/>\n<script type=\"application\/ld+json\" class=\"yoast-schema-graph\">{\"@context\":\"https:\\\/\\\/schema.org\",\"@graph\":[{\"@type\":\"WebPage\",\"@id\":\"https:\\\/\\\/districos.standingout.be\\\/fr\\\/product\\\/anesi-coffret-epigenesse-soin-reparateur-energisant-4trait-ref-4400-70\\\/\",\"url\":\"https:\\\/\\\/districos.standingout.be\\\/fr\\\/product\\\/anesi-coffret-epigenesse-soin-reparateur-energisant-4trait-ref-4400-70\\\/\",\"name\":\"Anesi Coffret Epigenesse Soin R\u00e9parateur \u00c9nergisant 4trait. - Districos Webshop\",\"isPartOf\":{\"@id\":\"https:\\\/\\\/districos.standingout.be\\\/fr\\\/#website\"},\"primaryImageOfPage\":{\"@id\":\"https:\\\/\\\/districos.standingout.be\\\/fr\\\/product\\\/anesi-coffret-epigenesse-soin-reparateur-energisant-4trait-ref-4400-70\\\/#primaryimage\"},\"image\":{\"@id\":\"https:\\\/\\\/districos.standingout.be\\\/fr\\\/product\\\/anesi-coffret-epigenesse-soin-reparateur-energisant-4trait-ref-4400-70\\\/#primaryimage\"},\"thumbnailUrl\":\"https:\\\/\\\/districos.standingout.be\\\/wp-content\\\/uploads\\\/2025\\\/07\\\/4400.70@LowRes_1_0.png\",\"datePublished\":\"2026-04-28T00:22:12+00:00\",\"dateModified\":\"2026-04-28T00:22:15+00:00\",\"breadcrumb\":{\"@id\":\"https:\\\/\\\/districos.standingout.be\\\/fr\\\/product\\\/anesi-coffret-epigenesse-soin-reparateur-energisant-4trait-ref-4400-70\\\/#breadcrumb\"},\"inLanguage\":\"fr-FR\",\"potentialAction\":[{\"@type\":\"ReadAction\",\"target\":[\"https:\\\/\\\/districos.standingout.be\\\/fr\\\/product\\\/anesi-coffret-epigenesse-soin-reparateur-energisant-4trait-ref-4400-70\\\/\"]}]},{\"@type\":\"ImageObject\",\"inLanguage\":\"fr-FR\",\"@id\":\"https:\\\/\\\/districos.standingout.be\\\/fr\\\/product\\\/anesi-coffret-epigenesse-soin-reparateur-energisant-4trait-ref-4400-70\\\/#primaryimage\",\"url\":\"https:\\\/\\\/districos.standingout.be\\\/wp-content\\\/uploads\\\/2025\\\/07\\\/4400.70@LowRes_1_0.png\",\"contentUrl\":\"https:\\\/\\\/districos.standingout.be\\\/wp-content\\\/uploads\\\/2025\\\/07\\\/4400.70@LowRes_1_0.png\",\"width\":600,\"height\":600},{\"@type\":\"BreadcrumbList\",\"@id\":\"https:\\\/\\\/districos.standingout.be\\\/fr\\\/product\\\/anesi-coffret-epigenesse-soin-reparateur-energisant-4trait-ref-4400-70\\\/#breadcrumb\",\"itemListElement\":[{\"@type\":\"ListItem\",\"position\":1,\"name\":\"Home\",\"item\":\"https:\\\/\\\/districos.standingout.be\\\/fr\\\/bienvenue-chez-districos\\\/\"},{\"@type\":\"ListItem\",\"position\":2,\"name\":\"Boutique\",\"item\":\"https:\\\/\\\/districos.standingout.be\\\/fr\\\/boutique\\\/\"},{\"@type\":\"ListItem\",\"position\":3,\"name\":\"Anesi Coffret Epigenesse Soin R\u00e9parateur \u00c9nergisant 4trait.\"}]},{\"@type\":\"WebSite\",\"@id\":\"https:\\\/\\\/districos.standingout.be\\\/fr\\\/#website\",\"url\":\"https:\\\/\\\/districos.standingout.be\\\/fr\\\/\",\"name\":\"Districos Webshop\",\"description\":\"\",\"publisher\":{\"@id\":\"https:\\\/\\\/districos.standingout.be\\\/fr\\\/#organization\"},\"potentialAction\":[{\"@type\":\"SearchAction\",\"target\":{\"@type\":\"EntryPoint\",\"urlTemplate\":\"https:\\\/\\\/districos.standingout.be\\\/fr\\\/?s={search_term_string}\"},\"query-input\":{\"@type\":\"PropertyValueSpecification\",\"valueRequired\":true,\"valueName\":\"search_term_string\"}}],\"inLanguage\":\"fr-FR\"},{\"@type\":\"Organization\",\"@id\":\"https:\\\/\\\/districos.standingout.be\\\/fr\\\/#organization\",\"name\":\"Districos Webshop\",\"url\":\"https:\\\/\\\/districos.standingout.be\\\/fr\\\/\",\"logo\":{\"@type\":\"ImageObject\",\"inLanguage\":\"fr-FR\",\"@id\":\"https:\\\/\\\/districos.standingout.be\\\/fr\\\/#\\\/schema\\\/logo\\\/image\\\/\",\"url\":\"https:\\\/\\\/districos.standingout.be\\\/wp-content\\\/uploads\\\/2022\\\/09\\\/Districos_Logo_Webshop.svg\",\"contentUrl\":\"https:\\\/\\\/districos.standingout.be\\\/wp-content\\\/uploads\\\/2022\\\/09\\\/Districos_Logo_Webshop.svg\",\"caption\":\"Districos Webshop\"},\"image\":{\"@id\":\"https:\\\/\\\/districos.standingout.be\\\/fr\\\/#\\\/schema\\\/logo\\\/image\\\/\"}}]}<\/script>\n<!-- \/ Yoast SEO plugin. -->","yoast_head_json":{"title":"Anesi Coffret Epigenesse Soin R\u00e9parateur \u00c9nergisant 4trait. - Districos Webshop","robots":{"index":"noindex","follow":"follow","max-snippet":"max-snippet:-1","max-image-preview":"max-image-preview:large","max-video-preview":"max-video-preview:-1"},"og_locale":"fr_FR","og_type":"article","og_title":"Anesi Coffret Epigenesse Soin R\u00e9parateur \u00c9nergisant 4trait. - Districos Webshop","og_description":"Le Soin R\u00e9parateur \u00c9nergisant Epigenesse rajeunit, restaure et enrichit la peau avec des ingr\u00e9dients actifs cliniquement prouv\u00e9s et des huiles profond\u00e9ment nourrissantes qui revitalisent la peau visiblement vieillissante. Le traitement am\u00e9liore imm\u00e9diatement la texture de la peau, r\u00e9duit les rides et procure un teint sain et impeccable ainsi que des r\u00e9sultats durables. Ce coffret contient [&hellip;]","og_url":"https:\/\/districos.standingout.be\/fr\/product\/anesi-coffret-epigenesse-soin-reparateur-energisant-4trait-ref-4400-70\/","og_site_name":"Districos Webshop","article_modified_time":"2026-04-28T00:22:15+00:00","og_image":[{"width":600,"height":600,"url":"https:\/\/districos.standingout.be\/wp-content\/uploads\/2025\/07\/4400.70@LowRes_1_0.png","type":"image\/png"}],"twitter_card":"summary_large_image","twitter_misc":{"Dur\u00e9e de lecture estim\u00e9e":"1 minute"},"schema":{"@context":"https:\/\/schema.org","@graph":[{"@type":"WebPage","@id":"https:\/\/districos.standingout.be\/fr\/product\/anesi-coffret-epigenesse-soin-reparateur-energisant-4trait-ref-4400-70\/","url":"https:\/\/districos.standingout.be\/fr\/product\/anesi-coffret-epigenesse-soin-reparateur-energisant-4trait-ref-4400-70\/","name":"Anesi Coffret Epigenesse Soin R\u00e9parateur \u00c9nergisant 4trait. - Districos Webshop","isPartOf":{"@id":"https:\/\/districos.standingout.be\/fr\/#website"},"primaryImageOfPage":{"@id":"https:\/\/districos.standingout.be\/fr\/product\/anesi-coffret-epigenesse-soin-reparateur-energisant-4trait-ref-4400-70\/#primaryimage"},"image":{"@id":"https:\/\/districos.standingout.be\/fr\/product\/anesi-coffret-epigenesse-soin-reparateur-energisant-4trait-ref-4400-70\/#primaryimage"},"thumbnailUrl":"https:\/\/districos.standingout.be\/wp-content\/uploads\/2025\/07\/4400.70@LowRes_1_0.png","datePublished":"2026-04-28T00:22:12+00:00","dateModified":"2026-04-28T00:22:15+00:00","breadcrumb":{"@id":"https:\/\/districos.standingout.be\/fr\/product\/anesi-coffret-epigenesse-soin-reparateur-energisant-4trait-ref-4400-70\/#breadcrumb"},"inLanguage":"fr-FR","potentialAction":[{"@type":"ReadAction","target":["https:\/\/districos.standingout.be\/fr\/product\/anesi-coffret-epigenesse-soin-reparateur-energisant-4trait-ref-4400-70\/"]}]},{"@type":"ImageObject","inLanguage":"fr-FR","@id":"https:\/\/districos.standingout.be\/fr\/product\/anesi-coffret-epigenesse-soin-reparateur-energisant-4trait-ref-4400-70\/#primaryimage","url":"https:\/\/districos.standingout.be\/wp-content\/uploads\/2025\/07\/4400.70@LowRes_1_0.png","contentUrl":"https:\/\/districos.standingout.be\/wp-content\/uploads\/2025\/07\/4400.70@LowRes_1_0.png","width":600,"height":600},{"@type":"BreadcrumbList","@id":"https:\/\/districos.standingout.be\/fr\/product\/anesi-coffret-epigenesse-soin-reparateur-energisant-4trait-ref-4400-70\/#breadcrumb","itemListElement":[{"@type":"ListItem","position":1,"name":"Home","item":"https:\/\/districos.standingout.be\/fr\/bienvenue-chez-districos\/"},{"@type":"ListItem","position":2,"name":"Boutique","item":"https:\/\/districos.standingout.be\/fr\/boutique\/"},{"@type":"ListItem","position":3,"name":"Anesi Coffret Epigenesse Soin R\u00e9parateur \u00c9nergisant 4trait."}]},{"@type":"WebSite","@id":"https:\/\/districos.standingout.be\/fr\/#website","url":"https:\/\/districos.standingout.be\/fr\/","name":"Districos Webshop","description":"","publisher":{"@id":"https:\/\/districos.standingout.be\/fr\/#organization"},"potentialAction":[{"@type":"SearchAction","target":{"@type":"EntryPoint","urlTemplate":"https:\/\/districos.standingout.be\/fr\/?s={search_term_string}"},"query-input":{"@type":"PropertyValueSpecification","valueRequired":true,"valueName":"search_term_string"}}],"inLanguage":"fr-FR"},{"@type":"Organization","@id":"https:\/\/districos.standingout.be\/fr\/#organization","name":"Districos Webshop","url":"https:\/\/districos.standingout.be\/fr\/","logo":{"@type":"ImageObject","inLanguage":"fr-FR","@id":"https:\/\/districos.standingout.be\/fr\/#\/schema\/logo\/image\/","url":"https:\/\/districos.standingout.be\/wp-content\/uploads\/2022\/09\/Districos_Logo_Webshop.svg","contentUrl":"https:\/\/districos.standingout.be\/wp-content\/uploads\/2022\/09\/Districos_Logo_Webshop.svg","caption":"Districos Webshop"},"image":{"@id":"https:\/\/districos.standingout.be\/fr\/#\/schema\/logo\/image\/"}}]}},"_links":{"self":[{"href":"https:\/\/districos.standingout.be\/fr\/wp-json\/wp\/v2\/product\/134477","targetHints":{"allow":["GET"]}}],"collection":[{"href":"https:\/\/districos.standingout.be\/fr\/wp-json\/wp\/v2\/product"}],"about":[{"href":"https:\/\/districos.standingout.be\/fr\/wp-json\/wp\/v2\/types\/product"}],"replies":[{"embeddable":true,"href":"https:\/\/districos.standingout.be\/fr\/wp-json\/wp\/v2\/comments?post=134477"}],"wp:featuredmedia":[{"embeddable":true,"href":"https:\/\/districos.standingout.be\/fr\/wp-json\/wp\/v2\/media\/71899"}],"wp:attachment":[{"href":"https:\/\/districos.standingout.be\/fr\/wp-json\/wp\/v2\/media?parent=134477"}],"wp:term":[{"taxonomy":"product_brand","embeddable":true,"href":"https:\/\/districos.standingout.be\/fr\/wp-json\/wp\/v2\/product_brand?post=134477"},{"taxonomy":"product_cat","embeddable":true,"href":"https:\/\/districos.standingout.be\/fr\/wp-json\/wp\/v2\/product_cat?post=134477"},{"taxonomy":"product_tag","embeddable":true,"href":"https:\/\/districos.standingout.be\/fr\/wp-json\/wp\/v2\/product_tag?post=134477"}],"curies":[{"name":"wp","href":"https:\/\/api.w.org\/{rel}","templated":true}]}}