{"id":134479,"date":"2026-04-28T02:22:15","date_gmt":"2026-04-28T00:22:15","guid":{"rendered":"https:\/\/webshopdistricoscom.webhosting.be\/product\/anesi-coffret-3c-vitamin-glow-4-traitements-ref-4400-80\/"},"modified":"2026-04-28T02:22:18","modified_gmt":"2026-04-28T00:22:18","slug":"anesi-coffret-3c-vitamin-glow-4-traitements-ref-4400-80","status":"publish","type":"product","link":"https:\/\/districos.standingout.be\/fr\/product\/anesi-coffret-3c-vitamin-glow-4-traitements-ref-4400-80\/","title":{"rendered":"Anesi Coffret 3C Vitamin Glow 4 traitements"},"content":{"rendered":"<p >\n<\/p>\n<p dir=\"ltr\"><font size=\"2\">Traitement antioxydant puissant pour un teint sain et \u00e9clatant. 3C Vitamin Glow donne \u00e0 la peau un triple boost d\u2019\u00e9nergie et favorise la synth\u00e8se de collag\u00e8ne.<\/font><\/p>\n<p dir=\"ltr\"><font size=\"2\"><\/font><\/p>\n<ul>\n<li><font size=\"2\">Ce coffret contient des produits pour 4 soins de cabine.<\/font><\/li>\n<\/ul>\n<p><font size=\"2\"><\/font><\/p>\n<p dir=\"ltr\"><font size=\"2\"> <b>Recommand\u00e9 :<\/b><\/font><\/p>\n<p dir=\"ltr\"><font size=\"2\"><\/font><\/p>\n<ul>\n<li><font size=\"2\"><span>\u00c0 tous les types de peaux pour maintenir un \u00e9clat sain.<\/span><\/font><\/li>\n<li><font size=\"2\"><span>Aux peaux ternes et stress\u00e9es (peut \u00eatre combin\u00e9 avec le traitement d\u00e9tox Urban BlueDefense).<\/span><\/font><\/li>\n<li><font size=\"2\"><span>En cas de changements de saison (pour \u00e9claircir et redonner de l\u2019\u00e9nergie \u00e0 la peau apr\u00e8s l\u2019hiver et l\u2019\u00e9t\u00e9).<\/span><\/font><\/li>\n<li><font size=\"2\"><span>En cas d&rsquo;occasions sp\u00e9ciales o\u00f9 une peau \u00e9clatante est requise (mariage, remises de dipl\u00f4mes&#8230;).<\/span><\/font><\/li>\n<\/ul>\n<div><b>Contenu<\/b><\/div>\n<p dir=\"ltr\"><font size=\"2\"><\/font><\/p>\n<div>\n<p dir=\"ltr\"><font size=\"2\"><font size=\"2\"><\/font><\/font><\/p>\n<div>\n<ul>\n<li><font size=\"2\"><font size=\"2\">4 x 3C Vitamin Glow AHA Exfoliant<\/font><\/font><\/li>\n<li><font size=\"2\"><font size=\"2\">4 x 3C Vitamin Glow Duo Mix Booster 4 ml + 0,44 g<\/font><\/font><\/li>\n<li><font size=\"2\"><font size=\"2\">4 x 3C Vitamin Glow Bubble Mask 10 ml<\/font><\/font><\/li>\n<li><font size=\"2\"><font size=\"2\">4 x 3C Vitamin Glow Cr\u00e8me \u00c9clat 5 ml<\/font><\/font><\/li>\n<\/ul>\n<\/div>\n<\/div><\/p>\n","protected":false},"excerpt":{"rendered":"<p>Traitement antioxydant puissant pour un teint sain et \u00e9clatant. 3C Vitamin Glow donne \u00e0 la peau un triple boost d\u2019\u00e9nergie et favorise la synth\u00e8se de collag\u00e8ne. Ce coffret contient des produits pour 4 soins de cabine. Recommand\u00e9 : \u00c0 tous les types de peaux pour maintenir un \u00e9clat sain. Aux peaux ternes et stress\u00e9es (peut [&hellip;]<\/p>\n","protected":false},"featured_media":71908,"comment_status":"open","ping_status":"closed","template":"","meta":{"_acf_changed":false},"product_brand":[10280],"product_cat":[9858],"product_tag":[],"class_list":{"0":"post-134479","1":"product","2":"type-product","3":"status-publish","4":"has-post-thumbnail","6":"product_brand-anesi-fr","7":"product_cat-beaute-visage-anesi-visage","9":"first","10":"instock","11":"taxable","12":"shipping-taxable","13":"product-type-simple"},"acf":[],"yoast_head":"<!-- This site is optimized with the Yoast SEO plugin v27.3 - https:\/\/yoast.com\/product\/yoast-seo-wordpress\/ -->\n<title>Anesi Coffret 3C Vitamin Glow 4 traitements - Districos Webshop<\/title>\n<meta name=\"robots\" content=\"noindex, follow, max-snippet:-1, max-image-preview:large, max-video-preview:-1\" \/>\n<meta property=\"og:locale\" content=\"fr_FR\" \/>\n<meta property=\"og:type\" content=\"article\" \/>\n<meta property=\"og:title\" content=\"Anesi Coffret 3C Vitamin Glow 4 traitements - Districos Webshop\" \/>\n<meta property=\"og:description\" content=\"Traitement antioxydant puissant pour un teint sain et \u00e9clatant. 3C Vitamin Glow donne \u00e0 la peau un triple boost d\u2019\u00e9nergie et favorise la synth\u00e8se de collag\u00e8ne. Ce coffret contient des produits pour 4 soins de cabine. Recommand\u00e9 : \u00c0 tous les types de peaux pour maintenir un \u00e9clat sain. Aux peaux ternes et stress\u00e9es (peut [&hellip;]\" \/>\n<meta property=\"og:url\" content=\"https:\/\/districos.standingout.be\/fr\/product\/anesi-coffret-3c-vitamin-glow-4-traitements-ref-4400-80\/\" \/>\n<meta property=\"og:site_name\" content=\"Districos Webshop\" \/>\n<meta property=\"article:modified_time\" content=\"2026-04-28T00:22:18+00:00\" \/>\n<meta property=\"og:image\" content=\"https:\/\/districos.standingout.be\/wp-content\/uploads\/2025\/07\/4400.80@LowRes_0_99.png\" \/>\n\t<meta property=\"og:image:width\" content=\"600\" \/>\n\t<meta property=\"og:image:height\" content=\"600\" \/>\n\t<meta property=\"og:image:type\" content=\"image\/png\" \/>\n<meta name=\"twitter:card\" content=\"summary_large_image\" \/>\n<meta name=\"twitter:label1\" content=\"Dur\u00e9e de lecture estim\u00e9e\" \/>\n\t<meta name=\"twitter:data1\" content=\"1 minute\" \/>\n<script type=\"application\/ld+json\" class=\"yoast-schema-graph\">{\"@context\":\"https:\\\/\\\/schema.org\",\"@graph\":[{\"@type\":\"WebPage\",\"@id\":\"https:\\\/\\\/districos.standingout.be\\\/fr\\\/product\\\/anesi-coffret-3c-vitamin-glow-4-traitements-ref-4400-80\\\/\",\"url\":\"https:\\\/\\\/districos.standingout.be\\\/fr\\\/product\\\/anesi-coffret-3c-vitamin-glow-4-traitements-ref-4400-80\\\/\",\"name\":\"Anesi Coffret 3C Vitamin Glow 4 traitements - Districos Webshop\",\"isPartOf\":{\"@id\":\"https:\\\/\\\/districos.standingout.be\\\/fr\\\/#website\"},\"primaryImageOfPage\":{\"@id\":\"https:\\\/\\\/districos.standingout.be\\\/fr\\\/product\\\/anesi-coffret-3c-vitamin-glow-4-traitements-ref-4400-80\\\/#primaryimage\"},\"image\":{\"@id\":\"https:\\\/\\\/districos.standingout.be\\\/fr\\\/product\\\/anesi-coffret-3c-vitamin-glow-4-traitements-ref-4400-80\\\/#primaryimage\"},\"thumbnailUrl\":\"https:\\\/\\\/districos.standingout.be\\\/wp-content\\\/uploads\\\/2025\\\/07\\\/4400.80@LowRes_0_99.png\",\"datePublished\":\"2026-04-28T00:22:15+00:00\",\"dateModified\":\"2026-04-28T00:22:18+00:00\",\"breadcrumb\":{\"@id\":\"https:\\\/\\\/districos.standingout.be\\\/fr\\\/product\\\/anesi-coffret-3c-vitamin-glow-4-traitements-ref-4400-80\\\/#breadcrumb\"},\"inLanguage\":\"fr-FR\",\"potentialAction\":[{\"@type\":\"ReadAction\",\"target\":[\"https:\\\/\\\/districos.standingout.be\\\/fr\\\/product\\\/anesi-coffret-3c-vitamin-glow-4-traitements-ref-4400-80\\\/\"]}]},{\"@type\":\"ImageObject\",\"inLanguage\":\"fr-FR\",\"@id\":\"https:\\\/\\\/districos.standingout.be\\\/fr\\\/product\\\/anesi-coffret-3c-vitamin-glow-4-traitements-ref-4400-80\\\/#primaryimage\",\"url\":\"https:\\\/\\\/districos.standingout.be\\\/wp-content\\\/uploads\\\/2025\\\/07\\\/4400.80@LowRes_0_99.png\",\"contentUrl\":\"https:\\\/\\\/districos.standingout.be\\\/wp-content\\\/uploads\\\/2025\\\/07\\\/4400.80@LowRes_0_99.png\",\"width\":600,\"height\":600},{\"@type\":\"BreadcrumbList\",\"@id\":\"https:\\\/\\\/districos.standingout.be\\\/fr\\\/product\\\/anesi-coffret-3c-vitamin-glow-4-traitements-ref-4400-80\\\/#breadcrumb\",\"itemListElement\":[{\"@type\":\"ListItem\",\"position\":1,\"name\":\"Home\",\"item\":\"https:\\\/\\\/districos.standingout.be\\\/fr\\\/bienvenue-chez-districos\\\/\"},{\"@type\":\"ListItem\",\"position\":2,\"name\":\"Boutique\",\"item\":\"https:\\\/\\\/districos.standingout.be\\\/fr\\\/boutique\\\/\"},{\"@type\":\"ListItem\",\"position\":3,\"name\":\"Anesi Coffret 3C Vitamin Glow 4 traitements\"}]},{\"@type\":\"WebSite\",\"@id\":\"https:\\\/\\\/districos.standingout.be\\\/fr\\\/#website\",\"url\":\"https:\\\/\\\/districos.standingout.be\\\/fr\\\/\",\"name\":\"Districos Webshop\",\"description\":\"\",\"publisher\":{\"@id\":\"https:\\\/\\\/districos.standingout.be\\\/fr\\\/#organization\"},\"potentialAction\":[{\"@type\":\"SearchAction\",\"target\":{\"@type\":\"EntryPoint\",\"urlTemplate\":\"https:\\\/\\\/districos.standingout.be\\\/fr\\\/?s={search_term_string}\"},\"query-input\":{\"@type\":\"PropertyValueSpecification\",\"valueRequired\":true,\"valueName\":\"search_term_string\"}}],\"inLanguage\":\"fr-FR\"},{\"@type\":\"Organization\",\"@id\":\"https:\\\/\\\/districos.standingout.be\\\/fr\\\/#organization\",\"name\":\"Districos Webshop\",\"url\":\"https:\\\/\\\/districos.standingout.be\\\/fr\\\/\",\"logo\":{\"@type\":\"ImageObject\",\"inLanguage\":\"fr-FR\",\"@id\":\"https:\\\/\\\/districos.standingout.be\\\/fr\\\/#\\\/schema\\\/logo\\\/image\\\/\",\"url\":\"https:\\\/\\\/districos.standingout.be\\\/wp-content\\\/uploads\\\/2022\\\/09\\\/Districos_Logo_Webshop.svg\",\"contentUrl\":\"https:\\\/\\\/districos.standingout.be\\\/wp-content\\\/uploads\\\/2022\\\/09\\\/Districos_Logo_Webshop.svg\",\"caption\":\"Districos Webshop\"},\"image\":{\"@id\":\"https:\\\/\\\/districos.standingout.be\\\/fr\\\/#\\\/schema\\\/logo\\\/image\\\/\"}}]}<\/script>\n<!-- \/ Yoast SEO plugin. -->","yoast_head_json":{"title":"Anesi Coffret 3C Vitamin Glow 4 traitements - Districos Webshop","robots":{"index":"noindex","follow":"follow","max-snippet":"max-snippet:-1","max-image-preview":"max-image-preview:large","max-video-preview":"max-video-preview:-1"},"og_locale":"fr_FR","og_type":"article","og_title":"Anesi Coffret 3C Vitamin Glow 4 traitements - Districos Webshop","og_description":"Traitement antioxydant puissant pour un teint sain et \u00e9clatant. 3C Vitamin Glow donne \u00e0 la peau un triple boost d\u2019\u00e9nergie et favorise la synth\u00e8se de collag\u00e8ne. Ce coffret contient des produits pour 4 soins de cabine. Recommand\u00e9 : \u00c0 tous les types de peaux pour maintenir un \u00e9clat sain. Aux peaux ternes et stress\u00e9es (peut [&hellip;]","og_url":"https:\/\/districos.standingout.be\/fr\/product\/anesi-coffret-3c-vitamin-glow-4-traitements-ref-4400-80\/","og_site_name":"Districos Webshop","article_modified_time":"2026-04-28T00:22:18+00:00","og_image":[{"width":600,"height":600,"url":"https:\/\/districos.standingout.be\/wp-content\/uploads\/2025\/07\/4400.80@LowRes_0_99.png","type":"image\/png"}],"twitter_card":"summary_large_image","twitter_misc":{"Dur\u00e9e de lecture estim\u00e9e":"1 minute"},"schema":{"@context":"https:\/\/schema.org","@graph":[{"@type":"WebPage","@id":"https:\/\/districos.standingout.be\/fr\/product\/anesi-coffret-3c-vitamin-glow-4-traitements-ref-4400-80\/","url":"https:\/\/districos.standingout.be\/fr\/product\/anesi-coffret-3c-vitamin-glow-4-traitements-ref-4400-80\/","name":"Anesi Coffret 3C Vitamin Glow 4 traitements - Districos Webshop","isPartOf":{"@id":"https:\/\/districos.standingout.be\/fr\/#website"},"primaryImageOfPage":{"@id":"https:\/\/districos.standingout.be\/fr\/product\/anesi-coffret-3c-vitamin-glow-4-traitements-ref-4400-80\/#primaryimage"},"image":{"@id":"https:\/\/districos.standingout.be\/fr\/product\/anesi-coffret-3c-vitamin-glow-4-traitements-ref-4400-80\/#primaryimage"},"thumbnailUrl":"https:\/\/districos.standingout.be\/wp-content\/uploads\/2025\/07\/4400.80@LowRes_0_99.png","datePublished":"2026-04-28T00:22:15+00:00","dateModified":"2026-04-28T00:22:18+00:00","breadcrumb":{"@id":"https:\/\/districos.standingout.be\/fr\/product\/anesi-coffret-3c-vitamin-glow-4-traitements-ref-4400-80\/#breadcrumb"},"inLanguage":"fr-FR","potentialAction":[{"@type":"ReadAction","target":["https:\/\/districos.standingout.be\/fr\/product\/anesi-coffret-3c-vitamin-glow-4-traitements-ref-4400-80\/"]}]},{"@type":"ImageObject","inLanguage":"fr-FR","@id":"https:\/\/districos.standingout.be\/fr\/product\/anesi-coffret-3c-vitamin-glow-4-traitements-ref-4400-80\/#primaryimage","url":"https:\/\/districos.standingout.be\/wp-content\/uploads\/2025\/07\/4400.80@LowRes_0_99.png","contentUrl":"https:\/\/districos.standingout.be\/wp-content\/uploads\/2025\/07\/4400.80@LowRes_0_99.png","width":600,"height":600},{"@type":"BreadcrumbList","@id":"https:\/\/districos.standingout.be\/fr\/product\/anesi-coffret-3c-vitamin-glow-4-traitements-ref-4400-80\/#breadcrumb","itemListElement":[{"@type":"ListItem","position":1,"name":"Home","item":"https:\/\/districos.standingout.be\/fr\/bienvenue-chez-districos\/"},{"@type":"ListItem","position":2,"name":"Boutique","item":"https:\/\/districos.standingout.be\/fr\/boutique\/"},{"@type":"ListItem","position":3,"name":"Anesi Coffret 3C Vitamin Glow 4 traitements"}]},{"@type":"WebSite","@id":"https:\/\/districos.standingout.be\/fr\/#website","url":"https:\/\/districos.standingout.be\/fr\/","name":"Districos Webshop","description":"","publisher":{"@id":"https:\/\/districos.standingout.be\/fr\/#organization"},"potentialAction":[{"@type":"SearchAction","target":{"@type":"EntryPoint","urlTemplate":"https:\/\/districos.standingout.be\/fr\/?s={search_term_string}"},"query-input":{"@type":"PropertyValueSpecification","valueRequired":true,"valueName":"search_term_string"}}],"inLanguage":"fr-FR"},{"@type":"Organization","@id":"https:\/\/districos.standingout.be\/fr\/#organization","name":"Districos Webshop","url":"https:\/\/districos.standingout.be\/fr\/","logo":{"@type":"ImageObject","inLanguage":"fr-FR","@id":"https:\/\/districos.standingout.be\/fr\/#\/schema\/logo\/image\/","url":"https:\/\/districos.standingout.be\/wp-content\/uploads\/2022\/09\/Districos_Logo_Webshop.svg","contentUrl":"https:\/\/districos.standingout.be\/wp-content\/uploads\/2022\/09\/Districos_Logo_Webshop.svg","caption":"Districos Webshop"},"image":{"@id":"https:\/\/districos.standingout.be\/fr\/#\/schema\/logo\/image\/"}}]}},"_links":{"self":[{"href":"https:\/\/districos.standingout.be\/fr\/wp-json\/wp\/v2\/product\/134479","targetHints":{"allow":["GET"]}}],"collection":[{"href":"https:\/\/districos.standingout.be\/fr\/wp-json\/wp\/v2\/product"}],"about":[{"href":"https:\/\/districos.standingout.be\/fr\/wp-json\/wp\/v2\/types\/product"}],"replies":[{"embeddable":true,"href":"https:\/\/districos.standingout.be\/fr\/wp-json\/wp\/v2\/comments?post=134479"}],"wp:featuredmedia":[{"embeddable":true,"href":"https:\/\/districos.standingout.be\/fr\/wp-json\/wp\/v2\/media\/71908"}],"wp:attachment":[{"href":"https:\/\/districos.standingout.be\/fr\/wp-json\/wp\/v2\/media?parent=134479"}],"wp:term":[{"taxonomy":"product_brand","embeddable":true,"href":"https:\/\/districos.standingout.be\/fr\/wp-json\/wp\/v2\/product_brand?post=134479"},{"taxonomy":"product_cat","embeddable":true,"href":"https:\/\/districos.standingout.be\/fr\/wp-json\/wp\/v2\/product_cat?post=134479"},{"taxonomy":"product_tag","embeddable":true,"href":"https:\/\/districos.standingout.be\/fr\/wp-json\/wp\/v2\/product_tag?post=134479"}],"curies":[{"name":"wp","href":"https:\/\/api.w.org\/{rel}","templated":true}]}}