{"id":134481,"date":"2026-04-28T02:22:18","date_gmt":"2026-04-28T00:22:18","guid":{"rendered":"https:\/\/webshopdistricoscom.webhosting.be\/product\/anesi-3c-vitamin-glow-serum-illuminateur-yeux-50-ml-ref-4400-81\/"},"modified":"2026-04-28T02:22:22","modified_gmt":"2026-04-28T00:22:22","slug":"anesi-3c-vitamin-glow-serum-illuminateur-yeux-50-ml-ref-4400-81","status":"publish","type":"product","link":"https:\/\/districos.standingout.be\/fr\/product\/anesi-3c-vitamin-glow-serum-illuminateur-yeux-50-ml-ref-4400-81\/","title":{"rendered":"Anesi 3C Vitamin Glow S\u00e9rum Illuminateur Yeux 50 ml"},"content":{"rendered":"<p >\n<\/p>\n<p dir=\"ltr\">S\u00e9rum velout\u00e9 \u00e0 l\u2019extrait de cellules souches d\u2019orchid\u00e9e, aux peptides et \u00e0 la vitamine C pour lutter contre les signes de vieillissement atour des yeux et pour \u00e9claircir le contour des yeux. Il adoucit la peau et r\u00e9duit les rides, les poches et les cernes.<\/p>\n<p dir=\"ltr\">\n<ul>\n<li>Ingr\u00e9dients actifs: extrait de cellules souches de l&rsquo;orchid\u00e9e, phosphate d&rsquo;ascorbyle de sodium, ac\u00e9tyltetrapeptide-5.<\/li>\n<li>Emballage : 50 ml.<\/li>\n<\/ul>\n<div><b>Mode d&#8217;emploi<\/b><\/div>\n<div><span>Appliquez quotidiennement sur le contour des yeux.<\/span><\/div>\n<div><span><br \/><\/span><\/div>\n<div><span><b>Aussi disponible<\/b><\/span><\/div>\n<p dir=\"ltr\">\n<div>\n<ul>\n<li>Emballage plus petit de 10 ml (<u><a href=\"https:\/\/districos.com\/ProductDetail\/4300.81\" target=\"_blank\" rel=\"noopener noreferrer nofollow\">r\u00e9f. 4300.81<\/a><\/u>)<\/li>\n<\/ul>\n<\/div>\n","protected":false},"excerpt":{"rendered":"<p>S\u00e9rum velout\u00e9 \u00e0 l\u2019extrait de cellules souches d\u2019orchid\u00e9e, aux peptides et \u00e0 la vitamine C pour lutter contre les signes de vieillissement atour des yeux et pour \u00e9claircir le contour des yeux. Il adoucit la peau et r\u00e9duit les rides, les poches et les cernes. Ingr\u00e9dients actifs: extrait de cellules souches de l&rsquo;orchid\u00e9e, phosphate d&rsquo;ascorbyle [&hellip;]<\/p>\n","protected":false},"featured_media":144225,"comment_status":"open","ping_status":"closed","template":"","meta":{"_acf_changed":false},"product_brand":[10280],"product_cat":[9858],"product_tag":[],"class_list":{"0":"post-134481","1":"product","2":"type-product","3":"status-publish","4":"has-post-thumbnail","6":"product_brand-anesi-fr","7":"product_cat-beaute-visage-anesi-visage","9":"first","10":"instock","11":"taxable","12":"shipping-taxable","13":"product-type-simple"},"acf":[],"yoast_head":"<!-- This site is optimized with the Yoast SEO plugin v27.3 - https:\/\/yoast.com\/product\/yoast-seo-wordpress\/ -->\n<title>Anesi 3C Vitamin Glow S\u00e9rum Illuminateur Yeux 50 ml - Districos Webshop<\/title>\n<meta name=\"robots\" content=\"noindex, follow, max-snippet:-1, max-image-preview:large, max-video-preview:-1\" \/>\n<meta property=\"og:locale\" content=\"fr_FR\" \/>\n<meta property=\"og:type\" content=\"article\" \/>\n<meta property=\"og:title\" content=\"Anesi 3C Vitamin Glow S\u00e9rum Illuminateur Yeux 50 ml - Districos Webshop\" \/>\n<meta property=\"og:description\" content=\"S\u00e9rum velout\u00e9 \u00e0 l\u2019extrait de cellules souches d\u2019orchid\u00e9e, aux peptides et \u00e0 la vitamine C pour lutter contre les signes de vieillissement atour des yeux et pour \u00e9claircir le contour des yeux. Il adoucit la peau et r\u00e9duit les rides, les poches et les cernes. Ingr\u00e9dients actifs: extrait de cellules souches de l&rsquo;orchid\u00e9e, phosphate d&rsquo;ascorbyle [&hellip;]\" \/>\n<meta property=\"og:url\" content=\"https:\/\/districos.standingout.be\/fr\/product\/anesi-3c-vitamin-glow-serum-illuminateur-yeux-50-ml-ref-4400-81\/\" \/>\n<meta property=\"og:site_name\" content=\"Districos Webshop\" \/>\n<meta property=\"article:modified_time\" content=\"2026-04-28T00:22:22+00:00\" \/>\n<meta property=\"og:image\" content=\"https:\/\/districos.standingout.be\/wp-content\/uploads\/2026\/04\/4400.81@3C-Vitamin-Glow-Eye-Bright-Serum-30-ml_1-2.png\" \/>\n\t<meta property=\"og:image:width\" content=\"600\" \/>\n\t<meta property=\"og:image:height\" content=\"600\" \/>\n\t<meta property=\"og:image:type\" content=\"image\/png\" \/>\n<meta name=\"twitter:card\" content=\"summary_large_image\" \/>\n<script type=\"application\/ld+json\" class=\"yoast-schema-graph\">{\"@context\":\"https:\\\/\\\/schema.org\",\"@graph\":[{\"@type\":\"WebPage\",\"@id\":\"https:\\\/\\\/districos.standingout.be\\\/fr\\\/product\\\/anesi-3c-vitamin-glow-serum-illuminateur-yeux-50-ml-ref-4400-81\\\/\",\"url\":\"https:\\\/\\\/districos.standingout.be\\\/fr\\\/product\\\/anesi-3c-vitamin-glow-serum-illuminateur-yeux-50-ml-ref-4400-81\\\/\",\"name\":\"Anesi 3C Vitamin Glow S\u00e9rum Illuminateur Yeux 50 ml - Districos Webshop\",\"isPartOf\":{\"@id\":\"https:\\\/\\\/districos.standingout.be\\\/fr\\\/#website\"},\"primaryImageOfPage\":{\"@id\":\"https:\\\/\\\/districos.standingout.be\\\/fr\\\/product\\\/anesi-3c-vitamin-glow-serum-illuminateur-yeux-50-ml-ref-4400-81\\\/#primaryimage\"},\"image\":{\"@id\":\"https:\\\/\\\/districos.standingout.be\\\/fr\\\/product\\\/anesi-3c-vitamin-glow-serum-illuminateur-yeux-50-ml-ref-4400-81\\\/#primaryimage\"},\"thumbnailUrl\":\"https:\\\/\\\/districos.standingout.be\\\/wp-content\\\/uploads\\\/2026\\\/04\\\/4400.81@3C-Vitamin-Glow-Eye-Bright-Serum-30-ml_1-3.png\",\"datePublished\":\"2026-04-28T00:22:18+00:00\",\"dateModified\":\"2026-04-28T00:22:22+00:00\",\"breadcrumb\":{\"@id\":\"https:\\\/\\\/districos.standingout.be\\\/fr\\\/product\\\/anesi-3c-vitamin-glow-serum-illuminateur-yeux-50-ml-ref-4400-81\\\/#breadcrumb\"},\"inLanguage\":\"fr-FR\",\"potentialAction\":[{\"@type\":\"ReadAction\",\"target\":[\"https:\\\/\\\/districos.standingout.be\\\/fr\\\/product\\\/anesi-3c-vitamin-glow-serum-illuminateur-yeux-50-ml-ref-4400-81\\\/\"]}]},{\"@type\":\"ImageObject\",\"inLanguage\":\"fr-FR\",\"@id\":\"https:\\\/\\\/districos.standingout.be\\\/fr\\\/product\\\/anesi-3c-vitamin-glow-serum-illuminateur-yeux-50-ml-ref-4400-81\\\/#primaryimage\",\"url\":\"https:\\\/\\\/districos.standingout.be\\\/wp-content\\\/uploads\\\/2026\\\/04\\\/4400.81@3C-Vitamin-Glow-Eye-Bright-Serum-30-ml_1-3.png\",\"contentUrl\":\"https:\\\/\\\/districos.standingout.be\\\/wp-content\\\/uploads\\\/2026\\\/04\\\/4400.81@3C-Vitamin-Glow-Eye-Bright-Serum-30-ml_1-3.png\",\"width\":600,\"height\":600},{\"@type\":\"BreadcrumbList\",\"@id\":\"https:\\\/\\\/districos.standingout.be\\\/fr\\\/product\\\/anesi-3c-vitamin-glow-serum-illuminateur-yeux-50-ml-ref-4400-81\\\/#breadcrumb\",\"itemListElement\":[{\"@type\":\"ListItem\",\"position\":1,\"name\":\"Home\",\"item\":\"https:\\\/\\\/districos.standingout.be\\\/fr\\\/bienvenue-chez-districos\\\/\"},{\"@type\":\"ListItem\",\"position\":2,\"name\":\"Boutique\",\"item\":\"https:\\\/\\\/districos.standingout.be\\\/fr\\\/boutique\\\/\"},{\"@type\":\"ListItem\",\"position\":3,\"name\":\"Anesi 3C Vitamin Glow S\u00e9rum Illuminateur Yeux 50 ml\"}]},{\"@type\":\"WebSite\",\"@id\":\"https:\\\/\\\/districos.standingout.be\\\/fr\\\/#website\",\"url\":\"https:\\\/\\\/districos.standingout.be\\\/fr\\\/\",\"name\":\"Districos Webshop\",\"description\":\"\",\"publisher\":{\"@id\":\"https:\\\/\\\/districos.standingout.be\\\/fr\\\/#organization\"},\"potentialAction\":[{\"@type\":\"SearchAction\",\"target\":{\"@type\":\"EntryPoint\",\"urlTemplate\":\"https:\\\/\\\/districos.standingout.be\\\/fr\\\/?s={search_term_string}\"},\"query-input\":{\"@type\":\"PropertyValueSpecification\",\"valueRequired\":true,\"valueName\":\"search_term_string\"}}],\"inLanguage\":\"fr-FR\"},{\"@type\":\"Organization\",\"@id\":\"https:\\\/\\\/districos.standingout.be\\\/fr\\\/#organization\",\"name\":\"Districos Webshop\",\"url\":\"https:\\\/\\\/districos.standingout.be\\\/fr\\\/\",\"logo\":{\"@type\":\"ImageObject\",\"inLanguage\":\"fr-FR\",\"@id\":\"https:\\\/\\\/districos.standingout.be\\\/fr\\\/#\\\/schema\\\/logo\\\/image\\\/\",\"url\":\"https:\\\/\\\/districos.standingout.be\\\/wp-content\\\/uploads\\\/2022\\\/09\\\/Districos_Logo_Webshop.svg\",\"contentUrl\":\"https:\\\/\\\/districos.standingout.be\\\/wp-content\\\/uploads\\\/2022\\\/09\\\/Districos_Logo_Webshop.svg\",\"caption\":\"Districos Webshop\"},\"image\":{\"@id\":\"https:\\\/\\\/districos.standingout.be\\\/fr\\\/#\\\/schema\\\/logo\\\/image\\\/\"}}]}<\/script>\n<!-- \/ Yoast SEO plugin. -->","yoast_head_json":{"title":"Anesi 3C Vitamin Glow S\u00e9rum Illuminateur Yeux 50 ml - Districos Webshop","robots":{"index":"noindex","follow":"follow","max-snippet":"max-snippet:-1","max-image-preview":"max-image-preview:large","max-video-preview":"max-video-preview:-1"},"og_locale":"fr_FR","og_type":"article","og_title":"Anesi 3C Vitamin Glow S\u00e9rum Illuminateur Yeux 50 ml - Districos Webshop","og_description":"S\u00e9rum velout\u00e9 \u00e0 l\u2019extrait de cellules souches d\u2019orchid\u00e9e, aux peptides et \u00e0 la vitamine C pour lutter contre les signes de vieillissement atour des yeux et pour \u00e9claircir le contour des yeux. Il adoucit la peau et r\u00e9duit les rides, les poches et les cernes. Ingr\u00e9dients actifs: extrait de cellules souches de l&rsquo;orchid\u00e9e, phosphate d&rsquo;ascorbyle [&hellip;]","og_url":"https:\/\/districos.standingout.be\/fr\/product\/anesi-3c-vitamin-glow-serum-illuminateur-yeux-50-ml-ref-4400-81\/","og_site_name":"Districos Webshop","article_modified_time":"2026-04-28T00:22:22+00:00","og_image":[{"width":600,"height":600,"url":"https:\/\/districos.standingout.be\/wp-content\/uploads\/2026\/04\/4400.81@3C-Vitamin-Glow-Eye-Bright-Serum-30-ml_1-2.png","type":"image\/png"}],"twitter_card":"summary_large_image","schema":{"@context":"https:\/\/schema.org","@graph":[{"@type":"WebPage","@id":"https:\/\/districos.standingout.be\/fr\/product\/anesi-3c-vitamin-glow-serum-illuminateur-yeux-50-ml-ref-4400-81\/","url":"https:\/\/districos.standingout.be\/fr\/product\/anesi-3c-vitamin-glow-serum-illuminateur-yeux-50-ml-ref-4400-81\/","name":"Anesi 3C Vitamin Glow S\u00e9rum Illuminateur Yeux 50 ml - Districos Webshop","isPartOf":{"@id":"https:\/\/districos.standingout.be\/fr\/#website"},"primaryImageOfPage":{"@id":"https:\/\/districos.standingout.be\/fr\/product\/anesi-3c-vitamin-glow-serum-illuminateur-yeux-50-ml-ref-4400-81\/#primaryimage"},"image":{"@id":"https:\/\/districos.standingout.be\/fr\/product\/anesi-3c-vitamin-glow-serum-illuminateur-yeux-50-ml-ref-4400-81\/#primaryimage"},"thumbnailUrl":"https:\/\/districos.standingout.be\/wp-content\/uploads\/2026\/04\/4400.81@3C-Vitamin-Glow-Eye-Bright-Serum-30-ml_1-3.png","datePublished":"2026-04-28T00:22:18+00:00","dateModified":"2026-04-28T00:22:22+00:00","breadcrumb":{"@id":"https:\/\/districos.standingout.be\/fr\/product\/anesi-3c-vitamin-glow-serum-illuminateur-yeux-50-ml-ref-4400-81\/#breadcrumb"},"inLanguage":"fr-FR","potentialAction":[{"@type":"ReadAction","target":["https:\/\/districos.standingout.be\/fr\/product\/anesi-3c-vitamin-glow-serum-illuminateur-yeux-50-ml-ref-4400-81\/"]}]},{"@type":"ImageObject","inLanguage":"fr-FR","@id":"https:\/\/districos.standingout.be\/fr\/product\/anesi-3c-vitamin-glow-serum-illuminateur-yeux-50-ml-ref-4400-81\/#primaryimage","url":"https:\/\/districos.standingout.be\/wp-content\/uploads\/2026\/04\/4400.81@3C-Vitamin-Glow-Eye-Bright-Serum-30-ml_1-3.png","contentUrl":"https:\/\/districos.standingout.be\/wp-content\/uploads\/2026\/04\/4400.81@3C-Vitamin-Glow-Eye-Bright-Serum-30-ml_1-3.png","width":600,"height":600},{"@type":"BreadcrumbList","@id":"https:\/\/districos.standingout.be\/fr\/product\/anesi-3c-vitamin-glow-serum-illuminateur-yeux-50-ml-ref-4400-81\/#breadcrumb","itemListElement":[{"@type":"ListItem","position":1,"name":"Home","item":"https:\/\/districos.standingout.be\/fr\/bienvenue-chez-districos\/"},{"@type":"ListItem","position":2,"name":"Boutique","item":"https:\/\/districos.standingout.be\/fr\/boutique\/"},{"@type":"ListItem","position":3,"name":"Anesi 3C Vitamin Glow S\u00e9rum Illuminateur Yeux 50 ml"}]},{"@type":"WebSite","@id":"https:\/\/districos.standingout.be\/fr\/#website","url":"https:\/\/districos.standingout.be\/fr\/","name":"Districos Webshop","description":"","publisher":{"@id":"https:\/\/districos.standingout.be\/fr\/#organization"},"potentialAction":[{"@type":"SearchAction","target":{"@type":"EntryPoint","urlTemplate":"https:\/\/districos.standingout.be\/fr\/?s={search_term_string}"},"query-input":{"@type":"PropertyValueSpecification","valueRequired":true,"valueName":"search_term_string"}}],"inLanguage":"fr-FR"},{"@type":"Organization","@id":"https:\/\/districos.standingout.be\/fr\/#organization","name":"Districos Webshop","url":"https:\/\/districos.standingout.be\/fr\/","logo":{"@type":"ImageObject","inLanguage":"fr-FR","@id":"https:\/\/districos.standingout.be\/fr\/#\/schema\/logo\/image\/","url":"https:\/\/districos.standingout.be\/wp-content\/uploads\/2022\/09\/Districos_Logo_Webshop.svg","contentUrl":"https:\/\/districos.standingout.be\/wp-content\/uploads\/2022\/09\/Districos_Logo_Webshop.svg","caption":"Districos Webshop"},"image":{"@id":"https:\/\/districos.standingout.be\/fr\/#\/schema\/logo\/image\/"}}]}},"_links":{"self":[{"href":"https:\/\/districos.standingout.be\/fr\/wp-json\/wp\/v2\/product\/134481","targetHints":{"allow":["GET"]}}],"collection":[{"href":"https:\/\/districos.standingout.be\/fr\/wp-json\/wp\/v2\/product"}],"about":[{"href":"https:\/\/districos.standingout.be\/fr\/wp-json\/wp\/v2\/types\/product"}],"replies":[{"embeddable":true,"href":"https:\/\/districos.standingout.be\/fr\/wp-json\/wp\/v2\/comments?post=134481"}],"wp:featuredmedia":[{"embeddable":true,"href":"https:\/\/districos.standingout.be\/fr\/wp-json\/wp\/v2\/media\/144225"}],"wp:attachment":[{"href":"https:\/\/districos.standingout.be\/fr\/wp-json\/wp\/v2\/media?parent=134481"}],"wp:term":[{"taxonomy":"product_brand","embeddable":true,"href":"https:\/\/districos.standingout.be\/fr\/wp-json\/wp\/v2\/product_brand?post=134481"},{"taxonomy":"product_cat","embeddable":true,"href":"https:\/\/districos.standingout.be\/fr\/wp-json\/wp\/v2\/product_cat?post=134481"},{"taxonomy":"product_tag","embeddable":true,"href":"https:\/\/districos.standingout.be\/fr\/wp-json\/wp\/v2\/product_tag?post=134481"}],"curies":[{"name":"wp","href":"https:\/\/api.w.org\/{rel}","templated":true}]}}