{"id":134483,"date":"2026-04-28T02:22:22","date_gmt":"2026-04-28T00:22:22","guid":{"rendered":"https:\/\/webshopdistricoscom.webhosting.be\/product\/anesi-coffret-infini-jeunesse-expression-ritual-4-traitem-ref-4999-01\/"},"modified":"2026-04-28T02:22:26","modified_gmt":"2026-04-28T00:22:26","slug":"anesi-coffret-infini-jeunesse-expression-ritual-4-traitem-ref-4999-01","status":"publish","type":"product","link":"https:\/\/districos.standingout.be\/fr\/product\/anesi-coffret-infini-jeunesse-expression-ritual-4-traitem-ref-4999-01\/","title":{"rendered":"Anesi Coffret Infini Jeunesse Expression Ritual 4 traitem."},"content":{"rendered":"<p >\n<p dir=\"ltr\">Le traitement de cabine Expression Ritual a \u00e9t\u00e9 particuli\u00e8rement d\u00e9velopp\u00e9 afin d&rsquo;apporter les soins indispensables au contour des yeux et aux l\u00e8vres. Il contient des ingr\u00e9dients actifs comme la vitamine E stimulant le renouvellement cellulaire, l&rsquo;hyaluronate de sodium et l&rsquo;extrait d&rsquo;orge remplissant les fines rides et normalisant les pores dilat\u00e9s. D&rsquo;une part, le traitement est enrichi en Br\u00e8de mafane combattant l&rsquo;apparition de rides et limitant les micro-contractions et d&rsquo;autre part de lipo-oligopeptides permettant plus de volume et de longueur aux cils. En plus, la formule contient \u00e9galement un complexe naturel d&rsquo;extraits d&rsquo;\u00e9rable, de silicium organique, et de vitamine B3 luttant contre les poches et les cernes autour des yeux. De cette fa\u00e7on, les gonflements diminuent et le teint de la peau est restaur\u00e9.<\/p>\n<p dir=\"ltr\">\n<ul>\n<li>Ce coffret contient des produits pour 4 soins de cabine.<\/li>\n<\/ul>\n<p dir=\"ltr\"><b>Contenu<\/b><\/p>\n<ul>\n<li><font size=\"2\">4 x Infini Jeunesse Expression Concentrate Serum 5 ml<\/font><\/li>\n<li><font size=\"2\">4 x Infini Jeunesse Expression Mask 12 g<\/font><\/li>\n<li><font size=\"2\">4 x Infini Jeunesse Eyelash Serum 5 ml + applicateur<\/font><\/li>\n<li><font size=\"2\">4 x Infini Jeunesse Expression Care Cream 3 ml<\/font><\/li>\n<li><font size=\"2\">Mode d&#8217;emploi<\/font><\/li>\n<\/ul><\/p>\n","protected":false},"excerpt":{"rendered":"<p>Le traitement de cabine Expression Ritual a \u00e9t\u00e9 particuli\u00e8rement d\u00e9velopp\u00e9 afin d&rsquo;apporter les soins indispensables au contour des yeux et aux l\u00e8vres. Il contient des ingr\u00e9dients actifs comme la vitamine E stimulant le renouvellement cellulaire, l&rsquo;hyaluronate de sodium et l&rsquo;extrait d&rsquo;orge remplissant les fines rides et normalisant les pores dilat\u00e9s. D&rsquo;une part, le traitement est [&hellip;]<\/p>\n","protected":false},"featured_media":108451,"comment_status":"open","ping_status":"closed","template":"","meta":{"_acf_changed":false},"product_brand":[10280],"product_cat":[9858],"product_tag":[],"class_list":{"0":"post-134483","1":"product","2":"type-product","3":"status-publish","4":"has-post-thumbnail","6":"product_brand-anesi-fr","7":"product_cat-beaute-visage-anesi-visage","9":"first","10":"instock","11":"taxable","12":"shipping-taxable","13":"product-type-simple"},"acf":[],"yoast_head":"<!-- This site is optimized with the Yoast SEO plugin v27.3 - https:\/\/yoast.com\/product\/yoast-seo-wordpress\/ -->\n<title>Anesi Coffret Infini Jeunesse Expression Ritual 4 traitem. - Districos Webshop<\/title>\n<meta name=\"robots\" content=\"noindex, follow, max-snippet:-1, max-image-preview:large, max-video-preview:-1\" \/>\n<meta property=\"og:locale\" content=\"fr_FR\" \/>\n<meta property=\"og:type\" content=\"article\" \/>\n<meta property=\"og:title\" content=\"Anesi Coffret Infini Jeunesse Expression Ritual 4 traitem. - Districos Webshop\" \/>\n<meta property=\"og:description\" content=\"Le traitement de cabine Expression Ritual a \u00e9t\u00e9 particuli\u00e8rement d\u00e9velopp\u00e9 afin d&rsquo;apporter les soins indispensables au contour des yeux et aux l\u00e8vres. Il contient des ingr\u00e9dients actifs comme la vitamine E stimulant le renouvellement cellulaire, l&rsquo;hyaluronate de sodium et l&rsquo;extrait d&rsquo;orge remplissant les fines rides et normalisant les pores dilat\u00e9s. D&rsquo;une part, le traitement est [&hellip;]\" \/>\n<meta property=\"og:url\" content=\"https:\/\/districos.standingout.be\/fr\/product\/anesi-coffret-infini-jeunesse-expression-ritual-4-traitem-ref-4999-01\/\" \/>\n<meta property=\"og:site_name\" content=\"Districos Webshop\" \/>\n<meta property=\"article:modified_time\" content=\"2026-04-28T00:22:26+00:00\" \/>\n<meta property=\"og:image\" content=\"https:\/\/districos.standingout.be\/wp-content\/uploads\/2026\/03\/4999.01@LowRes_1_0.png\" \/>\n\t<meta property=\"og:image:width\" content=\"600\" \/>\n\t<meta property=\"og:image:height\" content=\"600\" \/>\n\t<meta property=\"og:image:type\" content=\"image\/png\" \/>\n<meta name=\"twitter:card\" content=\"summary_large_image\" \/>\n<meta name=\"twitter:label1\" content=\"Dur\u00e9e de lecture estim\u00e9e\" \/>\n\t<meta name=\"twitter:data1\" content=\"1 minute\" \/>\n<script type=\"application\/ld+json\" class=\"yoast-schema-graph\">{\"@context\":\"https:\\\/\\\/schema.org\",\"@graph\":[{\"@type\":\"WebPage\",\"@id\":\"https:\\\/\\\/districos.standingout.be\\\/fr\\\/product\\\/anesi-coffret-infini-jeunesse-expression-ritual-4-traitem-ref-4999-01\\\/\",\"url\":\"https:\\\/\\\/districos.standingout.be\\\/fr\\\/product\\\/anesi-coffret-infini-jeunesse-expression-ritual-4-traitem-ref-4999-01\\\/\",\"name\":\"Anesi Coffret Infini Jeunesse Expression Ritual 4 traitem. - Districos Webshop\",\"isPartOf\":{\"@id\":\"https:\\\/\\\/districos.standingout.be\\\/fr\\\/#website\"},\"primaryImageOfPage\":{\"@id\":\"https:\\\/\\\/districos.standingout.be\\\/fr\\\/product\\\/anesi-coffret-infini-jeunesse-expression-ritual-4-traitem-ref-4999-01\\\/#primaryimage\"},\"image\":{\"@id\":\"https:\\\/\\\/districos.standingout.be\\\/fr\\\/product\\\/anesi-coffret-infini-jeunesse-expression-ritual-4-traitem-ref-4999-01\\\/#primaryimage\"},\"thumbnailUrl\":\"https:\\\/\\\/districos.standingout.be\\\/wp-content\\\/uploads\\\/2026\\\/03\\\/4999.01@LowRes_1_0.png\",\"datePublished\":\"2026-04-28T00:22:22+00:00\",\"dateModified\":\"2026-04-28T00:22:26+00:00\",\"breadcrumb\":{\"@id\":\"https:\\\/\\\/districos.standingout.be\\\/fr\\\/product\\\/anesi-coffret-infini-jeunesse-expression-ritual-4-traitem-ref-4999-01\\\/#breadcrumb\"},\"inLanguage\":\"fr-FR\",\"potentialAction\":[{\"@type\":\"ReadAction\",\"target\":[\"https:\\\/\\\/districos.standingout.be\\\/fr\\\/product\\\/anesi-coffret-infini-jeunesse-expression-ritual-4-traitem-ref-4999-01\\\/\"]}]},{\"@type\":\"ImageObject\",\"inLanguage\":\"fr-FR\",\"@id\":\"https:\\\/\\\/districos.standingout.be\\\/fr\\\/product\\\/anesi-coffret-infini-jeunesse-expression-ritual-4-traitem-ref-4999-01\\\/#primaryimage\",\"url\":\"https:\\\/\\\/districos.standingout.be\\\/wp-content\\\/uploads\\\/2026\\\/03\\\/4999.01@LowRes_1_0.png\",\"contentUrl\":\"https:\\\/\\\/districos.standingout.be\\\/wp-content\\\/uploads\\\/2026\\\/03\\\/4999.01@LowRes_1_0.png\",\"width\":600,\"height\":600},{\"@type\":\"BreadcrumbList\",\"@id\":\"https:\\\/\\\/districos.standingout.be\\\/fr\\\/product\\\/anesi-coffret-infini-jeunesse-expression-ritual-4-traitem-ref-4999-01\\\/#breadcrumb\",\"itemListElement\":[{\"@type\":\"ListItem\",\"position\":1,\"name\":\"Home\",\"item\":\"https:\\\/\\\/districos.standingout.be\\\/fr\\\/bienvenue-chez-districos\\\/\"},{\"@type\":\"ListItem\",\"position\":2,\"name\":\"Boutique\",\"item\":\"https:\\\/\\\/districos.standingout.be\\\/fr\\\/boutique\\\/\"},{\"@type\":\"ListItem\",\"position\":3,\"name\":\"Anesi Coffret Infini Jeunesse Expression Ritual 4 traitem.\"}]},{\"@type\":\"WebSite\",\"@id\":\"https:\\\/\\\/districos.standingout.be\\\/fr\\\/#website\",\"url\":\"https:\\\/\\\/districos.standingout.be\\\/fr\\\/\",\"name\":\"Districos Webshop\",\"description\":\"\",\"publisher\":{\"@id\":\"https:\\\/\\\/districos.standingout.be\\\/fr\\\/#organization\"},\"potentialAction\":[{\"@type\":\"SearchAction\",\"target\":{\"@type\":\"EntryPoint\",\"urlTemplate\":\"https:\\\/\\\/districos.standingout.be\\\/fr\\\/?s={search_term_string}\"},\"query-input\":{\"@type\":\"PropertyValueSpecification\",\"valueRequired\":true,\"valueName\":\"search_term_string\"}}],\"inLanguage\":\"fr-FR\"},{\"@type\":\"Organization\",\"@id\":\"https:\\\/\\\/districos.standingout.be\\\/fr\\\/#organization\",\"name\":\"Districos Webshop\",\"url\":\"https:\\\/\\\/districos.standingout.be\\\/fr\\\/\",\"logo\":{\"@type\":\"ImageObject\",\"inLanguage\":\"fr-FR\",\"@id\":\"https:\\\/\\\/districos.standingout.be\\\/fr\\\/#\\\/schema\\\/logo\\\/image\\\/\",\"url\":\"https:\\\/\\\/districos.standingout.be\\\/wp-content\\\/uploads\\\/2022\\\/09\\\/Districos_Logo_Webshop.svg\",\"contentUrl\":\"https:\\\/\\\/districos.standingout.be\\\/wp-content\\\/uploads\\\/2022\\\/09\\\/Districos_Logo_Webshop.svg\",\"caption\":\"Districos Webshop\"},\"image\":{\"@id\":\"https:\\\/\\\/districos.standingout.be\\\/fr\\\/#\\\/schema\\\/logo\\\/image\\\/\"}}]}<\/script>\n<!-- \/ Yoast SEO plugin. -->","yoast_head_json":{"title":"Anesi Coffret Infini Jeunesse Expression Ritual 4 traitem. - Districos Webshop","robots":{"index":"noindex","follow":"follow","max-snippet":"max-snippet:-1","max-image-preview":"max-image-preview:large","max-video-preview":"max-video-preview:-1"},"og_locale":"fr_FR","og_type":"article","og_title":"Anesi Coffret Infini Jeunesse Expression Ritual 4 traitem. - Districos Webshop","og_description":"Le traitement de cabine Expression Ritual a \u00e9t\u00e9 particuli\u00e8rement d\u00e9velopp\u00e9 afin d&rsquo;apporter les soins indispensables au contour des yeux et aux l\u00e8vres. Il contient des ingr\u00e9dients actifs comme la vitamine E stimulant le renouvellement cellulaire, l&rsquo;hyaluronate de sodium et l&rsquo;extrait d&rsquo;orge remplissant les fines rides et normalisant les pores dilat\u00e9s. D&rsquo;une part, le traitement est [&hellip;]","og_url":"https:\/\/districos.standingout.be\/fr\/product\/anesi-coffret-infini-jeunesse-expression-ritual-4-traitem-ref-4999-01\/","og_site_name":"Districos Webshop","article_modified_time":"2026-04-28T00:22:26+00:00","og_image":[{"width":600,"height":600,"url":"https:\/\/districos.standingout.be\/wp-content\/uploads\/2026\/03\/4999.01@LowRes_1_0.png","type":"image\/png"}],"twitter_card":"summary_large_image","twitter_misc":{"Dur\u00e9e de lecture estim\u00e9e":"1 minute"},"schema":{"@context":"https:\/\/schema.org","@graph":[{"@type":"WebPage","@id":"https:\/\/districos.standingout.be\/fr\/product\/anesi-coffret-infini-jeunesse-expression-ritual-4-traitem-ref-4999-01\/","url":"https:\/\/districos.standingout.be\/fr\/product\/anesi-coffret-infini-jeunesse-expression-ritual-4-traitem-ref-4999-01\/","name":"Anesi Coffret Infini Jeunesse Expression Ritual 4 traitem. - Districos Webshop","isPartOf":{"@id":"https:\/\/districos.standingout.be\/fr\/#website"},"primaryImageOfPage":{"@id":"https:\/\/districos.standingout.be\/fr\/product\/anesi-coffret-infini-jeunesse-expression-ritual-4-traitem-ref-4999-01\/#primaryimage"},"image":{"@id":"https:\/\/districos.standingout.be\/fr\/product\/anesi-coffret-infini-jeunesse-expression-ritual-4-traitem-ref-4999-01\/#primaryimage"},"thumbnailUrl":"https:\/\/districos.standingout.be\/wp-content\/uploads\/2026\/03\/4999.01@LowRes_1_0.png","datePublished":"2026-04-28T00:22:22+00:00","dateModified":"2026-04-28T00:22:26+00:00","breadcrumb":{"@id":"https:\/\/districos.standingout.be\/fr\/product\/anesi-coffret-infini-jeunesse-expression-ritual-4-traitem-ref-4999-01\/#breadcrumb"},"inLanguage":"fr-FR","potentialAction":[{"@type":"ReadAction","target":["https:\/\/districos.standingout.be\/fr\/product\/anesi-coffret-infini-jeunesse-expression-ritual-4-traitem-ref-4999-01\/"]}]},{"@type":"ImageObject","inLanguage":"fr-FR","@id":"https:\/\/districos.standingout.be\/fr\/product\/anesi-coffret-infini-jeunesse-expression-ritual-4-traitem-ref-4999-01\/#primaryimage","url":"https:\/\/districos.standingout.be\/wp-content\/uploads\/2026\/03\/4999.01@LowRes_1_0.png","contentUrl":"https:\/\/districos.standingout.be\/wp-content\/uploads\/2026\/03\/4999.01@LowRes_1_0.png","width":600,"height":600},{"@type":"BreadcrumbList","@id":"https:\/\/districos.standingout.be\/fr\/product\/anesi-coffret-infini-jeunesse-expression-ritual-4-traitem-ref-4999-01\/#breadcrumb","itemListElement":[{"@type":"ListItem","position":1,"name":"Home","item":"https:\/\/districos.standingout.be\/fr\/bienvenue-chez-districos\/"},{"@type":"ListItem","position":2,"name":"Boutique","item":"https:\/\/districos.standingout.be\/fr\/boutique\/"},{"@type":"ListItem","position":3,"name":"Anesi Coffret Infini Jeunesse Expression Ritual 4 traitem."}]},{"@type":"WebSite","@id":"https:\/\/districos.standingout.be\/fr\/#website","url":"https:\/\/districos.standingout.be\/fr\/","name":"Districos Webshop","description":"","publisher":{"@id":"https:\/\/districos.standingout.be\/fr\/#organization"},"potentialAction":[{"@type":"SearchAction","target":{"@type":"EntryPoint","urlTemplate":"https:\/\/districos.standingout.be\/fr\/?s={search_term_string}"},"query-input":{"@type":"PropertyValueSpecification","valueRequired":true,"valueName":"search_term_string"}}],"inLanguage":"fr-FR"},{"@type":"Organization","@id":"https:\/\/districos.standingout.be\/fr\/#organization","name":"Districos Webshop","url":"https:\/\/districos.standingout.be\/fr\/","logo":{"@type":"ImageObject","inLanguage":"fr-FR","@id":"https:\/\/districos.standingout.be\/fr\/#\/schema\/logo\/image\/","url":"https:\/\/districos.standingout.be\/wp-content\/uploads\/2022\/09\/Districos_Logo_Webshop.svg","contentUrl":"https:\/\/districos.standingout.be\/wp-content\/uploads\/2022\/09\/Districos_Logo_Webshop.svg","caption":"Districos Webshop"},"image":{"@id":"https:\/\/districos.standingout.be\/fr\/#\/schema\/logo\/image\/"}}]}},"_links":{"self":[{"href":"https:\/\/districos.standingout.be\/fr\/wp-json\/wp\/v2\/product\/134483","targetHints":{"allow":["GET"]}}],"collection":[{"href":"https:\/\/districos.standingout.be\/fr\/wp-json\/wp\/v2\/product"}],"about":[{"href":"https:\/\/districos.standingout.be\/fr\/wp-json\/wp\/v2\/types\/product"}],"replies":[{"embeddable":true,"href":"https:\/\/districos.standingout.be\/fr\/wp-json\/wp\/v2\/comments?post=134483"}],"wp:featuredmedia":[{"embeddable":true,"href":"https:\/\/districos.standingout.be\/fr\/wp-json\/wp\/v2\/media\/108451"}],"wp:attachment":[{"href":"https:\/\/districos.standingout.be\/fr\/wp-json\/wp\/v2\/media?parent=134483"}],"wp:term":[{"taxonomy":"product_brand","embeddable":true,"href":"https:\/\/districos.standingout.be\/fr\/wp-json\/wp\/v2\/product_brand?post=134483"},{"taxonomy":"product_cat","embeddable":true,"href":"https:\/\/districos.standingout.be\/fr\/wp-json\/wp\/v2\/product_cat?post=134483"},{"taxonomy":"product_tag","embeddable":true,"href":"https:\/\/districos.standingout.be\/fr\/wp-json\/wp\/v2\/product_tag?post=134483"}],"curies":[{"name":"wp","href":"https:\/\/api.w.org\/{rel}","templated":true}]}}