{"id":134493,"date":"2026-04-28T02:22:58","date_gmt":"2026-04-28T00:22:58","guid":{"rendered":"https:\/\/webshopdistricoscom.webhosting.be\/product\/teinture-propolis-10-ml-ref-5009-20\/"},"modified":"2026-04-28T02:23:01","modified_gmt":"2026-04-28T00:23:01","slug":"teinture-propolis-10-ml-ref-5009-20","status":"publish","type":"product","link":"https:\/\/districos.standingout.be\/fr\/product\/teinture-propolis-10-ml-ref-5009-20\/","title":{"rendered":"Teinture Propolis 10 ml"},"content":{"rendered":"<p >\n<p dir=ltr>De m\u00e9moire d\u2019homme, le propolis a toujours \u00e9t\u00e9 utilis\u00e9 pour un tas de traitements. Il serait l\u2019antibact\u00e9rien le plus naturel d\u00e9couvert par l\u2019homme. Dans le secteur de la p\u00e9dicure, la Teinture Propolis est tr\u00e8sappropri\u00e9e pour le traitement des sillons des ongles.<\/p>\n<p> \u2022 Facilite l\u2019enl\u00e8vement de la peau corn\u00e9e.<\/p>\n<p> \u2022 Id\u00e9al pour fixer les tamponnages car la teinture pose une couche non soluble au-dessus de la peau corn\u00e9e.<\/p>\n<p> \u2022 Augmente l&rsquo;\u00e9lasticit\u00e9 et la souplesse de la peau.<\/p>\n<p> \u2022 L\u2019action antibact\u00e9rienne naturelle du propolis pr\u00e9vient les infections. Bref, un produit id\u00e9al pour le traitement des sillons ungu\u00e9aux d\u00e9licats et presque indispensable pour le traitement des ongles incarn\u00e9s !<\/p>\n<p> <b><\/b> <\/p>\n<p> Emballage: flacon de 10 ml<\/p>\n<p> \u00c9galement disponible en flacon de 75 ml (R\u00e9f.: 5009.22)<\/p><\/p>\n","protected":false},"excerpt":{"rendered":"<p>De m\u00e9moire d\u2019homme, le propolis a toujours \u00e9t\u00e9 utilis\u00e9 pour un tas de traitements. Il serait l\u2019antibact\u00e9rien le plus naturel d\u00e9couvert par l\u2019homme. Dans le secteur de la p\u00e9dicure, la Teinture Propolis est tr\u00e8sappropri\u00e9e pour le traitement des sillons des ongles. \u2022 Facilite l\u2019enl\u00e8vement de la peau corn\u00e9e. \u2022 Id\u00e9al pour fixer les tamponnages car [&hellip;]<\/p>\n","protected":false},"featured_media":71932,"comment_status":"open","ping_status":"closed","template":"","meta":{"_acf_changed":false},"product_brand":[10520],"product_cat":[9946],"product_tag":[],"class_list":{"0":"post-134493","1":"product","2":"type-product","3":"status-publish","4":"has-post-thumbnail","6":"product_brand-propolis-fr","7":"product_cat-beaute-pedicure-produits-de-soin","9":"first","10":"instock","11":"taxable","12":"shipping-taxable","13":"product-type-simple"},"acf":[],"yoast_head":"<!-- This site is optimized with the Yoast SEO plugin v27.3 - https:\/\/yoast.com\/product\/yoast-seo-wordpress\/ -->\n<title>Teinture Propolis 10 ml - Districos Webshop<\/title>\n<meta name=\"robots\" content=\"noindex, follow, max-snippet:-1, max-image-preview:large, max-video-preview:-1\" \/>\n<meta property=\"og:locale\" content=\"fr_FR\" \/>\n<meta property=\"og:type\" content=\"article\" \/>\n<meta property=\"og:title\" content=\"Teinture Propolis 10 ml - Districos Webshop\" \/>\n<meta property=\"og:description\" content=\"De m\u00e9moire d\u2019homme, le propolis a toujours \u00e9t\u00e9 utilis\u00e9 pour un tas de traitements. Il serait l\u2019antibact\u00e9rien le plus naturel d\u00e9couvert par l\u2019homme. Dans le secteur de la p\u00e9dicure, la Teinture Propolis est tr\u00e8sappropri\u00e9e pour le traitement des sillons des ongles. \u2022 Facilite l\u2019enl\u00e8vement de la peau corn\u00e9e. \u2022 Id\u00e9al pour fixer les tamponnages car [&hellip;]\" \/>\n<meta property=\"og:url\" content=\"https:\/\/districos.standingout.be\/fr\/product\/teinture-propolis-10-ml-ref-5009-20\/\" \/>\n<meta property=\"og:site_name\" content=\"Districos Webshop\" \/>\n<meta property=\"article:modified_time\" content=\"2026-04-28T00:23:01+00:00\" \/>\n<meta property=\"og:image\" content=\"https:\/\/districos.standingout.be\/wp-content\/uploads\/2025\/07\/5009.20@LowRes_1_0.png\" \/>\n\t<meta property=\"og:image:width\" content=\"600\" \/>\n\t<meta property=\"og:image:height\" content=\"600\" \/>\n\t<meta property=\"og:image:type\" content=\"image\/png\" \/>\n<meta name=\"twitter:card\" content=\"summary_large_image\" \/>\n<meta name=\"twitter:label1\" content=\"Dur\u00e9e de lecture estim\u00e9e\" \/>\n\t<meta name=\"twitter:data1\" content=\"1 minute\" \/>\n<script type=\"application\/ld+json\" class=\"yoast-schema-graph\">{\"@context\":\"https:\\\/\\\/schema.org\",\"@graph\":[{\"@type\":\"WebPage\",\"@id\":\"https:\\\/\\\/districos.standingout.be\\\/fr\\\/product\\\/teinture-propolis-10-ml-ref-5009-20\\\/\",\"url\":\"https:\\\/\\\/districos.standingout.be\\\/fr\\\/product\\\/teinture-propolis-10-ml-ref-5009-20\\\/\",\"name\":\"Teinture Propolis 10 ml - Districos Webshop\",\"isPartOf\":{\"@id\":\"https:\\\/\\\/districos.standingout.be\\\/fr\\\/#website\"},\"primaryImageOfPage\":{\"@id\":\"https:\\\/\\\/districos.standingout.be\\\/fr\\\/product\\\/teinture-propolis-10-ml-ref-5009-20\\\/#primaryimage\"},\"image\":{\"@id\":\"https:\\\/\\\/districos.standingout.be\\\/fr\\\/product\\\/teinture-propolis-10-ml-ref-5009-20\\\/#primaryimage\"},\"thumbnailUrl\":\"https:\\\/\\\/districos.standingout.be\\\/wp-content\\\/uploads\\\/2025\\\/07\\\/5009.20@LowRes_1_0.png\",\"datePublished\":\"2026-04-28T00:22:58+00:00\",\"dateModified\":\"2026-04-28T00:23:01+00:00\",\"breadcrumb\":{\"@id\":\"https:\\\/\\\/districos.standingout.be\\\/fr\\\/product\\\/teinture-propolis-10-ml-ref-5009-20\\\/#breadcrumb\"},\"inLanguage\":\"fr-FR\",\"potentialAction\":[{\"@type\":\"ReadAction\",\"target\":[\"https:\\\/\\\/districos.standingout.be\\\/fr\\\/product\\\/teinture-propolis-10-ml-ref-5009-20\\\/\"]}]},{\"@type\":\"ImageObject\",\"inLanguage\":\"fr-FR\",\"@id\":\"https:\\\/\\\/districos.standingout.be\\\/fr\\\/product\\\/teinture-propolis-10-ml-ref-5009-20\\\/#primaryimage\",\"url\":\"https:\\\/\\\/districos.standingout.be\\\/wp-content\\\/uploads\\\/2025\\\/07\\\/5009.20@LowRes_1_0.png\",\"contentUrl\":\"https:\\\/\\\/districos.standingout.be\\\/wp-content\\\/uploads\\\/2025\\\/07\\\/5009.20@LowRes_1_0.png\",\"width\":600,\"height\":600},{\"@type\":\"BreadcrumbList\",\"@id\":\"https:\\\/\\\/districos.standingout.be\\\/fr\\\/product\\\/teinture-propolis-10-ml-ref-5009-20\\\/#breadcrumb\",\"itemListElement\":[{\"@type\":\"ListItem\",\"position\":1,\"name\":\"Home\",\"item\":\"https:\\\/\\\/districos.standingout.be\\\/fr\\\/bienvenue-chez-districos\\\/\"},{\"@type\":\"ListItem\",\"position\":2,\"name\":\"Boutique\",\"item\":\"https:\\\/\\\/districos.standingout.be\\\/fr\\\/boutique\\\/\"},{\"@type\":\"ListItem\",\"position\":3,\"name\":\"Teinture Propolis 10 ml\"}]},{\"@type\":\"WebSite\",\"@id\":\"https:\\\/\\\/districos.standingout.be\\\/fr\\\/#website\",\"url\":\"https:\\\/\\\/districos.standingout.be\\\/fr\\\/\",\"name\":\"Districos Webshop\",\"description\":\"\",\"publisher\":{\"@id\":\"https:\\\/\\\/districos.standingout.be\\\/fr\\\/#organization\"},\"potentialAction\":[{\"@type\":\"SearchAction\",\"target\":{\"@type\":\"EntryPoint\",\"urlTemplate\":\"https:\\\/\\\/districos.standingout.be\\\/fr\\\/?s={search_term_string}\"},\"query-input\":{\"@type\":\"PropertyValueSpecification\",\"valueRequired\":true,\"valueName\":\"search_term_string\"}}],\"inLanguage\":\"fr-FR\"},{\"@type\":\"Organization\",\"@id\":\"https:\\\/\\\/districos.standingout.be\\\/fr\\\/#organization\",\"name\":\"Districos Webshop\",\"url\":\"https:\\\/\\\/districos.standingout.be\\\/fr\\\/\",\"logo\":{\"@type\":\"ImageObject\",\"inLanguage\":\"fr-FR\",\"@id\":\"https:\\\/\\\/districos.standingout.be\\\/fr\\\/#\\\/schema\\\/logo\\\/image\\\/\",\"url\":\"https:\\\/\\\/districos.standingout.be\\\/wp-content\\\/uploads\\\/2022\\\/09\\\/Districos_Logo_Webshop.svg\",\"contentUrl\":\"https:\\\/\\\/districos.standingout.be\\\/wp-content\\\/uploads\\\/2022\\\/09\\\/Districos_Logo_Webshop.svg\",\"caption\":\"Districos Webshop\"},\"image\":{\"@id\":\"https:\\\/\\\/districos.standingout.be\\\/fr\\\/#\\\/schema\\\/logo\\\/image\\\/\"}}]}<\/script>\n<!-- \/ Yoast SEO plugin. -->","yoast_head_json":{"title":"Teinture Propolis 10 ml - Districos Webshop","robots":{"index":"noindex","follow":"follow","max-snippet":"max-snippet:-1","max-image-preview":"max-image-preview:large","max-video-preview":"max-video-preview:-1"},"og_locale":"fr_FR","og_type":"article","og_title":"Teinture Propolis 10 ml - Districos Webshop","og_description":"De m\u00e9moire d\u2019homme, le propolis a toujours \u00e9t\u00e9 utilis\u00e9 pour un tas de traitements. Il serait l\u2019antibact\u00e9rien le plus naturel d\u00e9couvert par l\u2019homme. Dans le secteur de la p\u00e9dicure, la Teinture Propolis est tr\u00e8sappropri\u00e9e pour le traitement des sillons des ongles. \u2022 Facilite l\u2019enl\u00e8vement de la peau corn\u00e9e. \u2022 Id\u00e9al pour fixer les tamponnages car [&hellip;]","og_url":"https:\/\/districos.standingout.be\/fr\/product\/teinture-propolis-10-ml-ref-5009-20\/","og_site_name":"Districos Webshop","article_modified_time":"2026-04-28T00:23:01+00:00","og_image":[{"width":600,"height":600,"url":"https:\/\/districos.standingout.be\/wp-content\/uploads\/2025\/07\/5009.20@LowRes_1_0.png","type":"image\/png"}],"twitter_card":"summary_large_image","twitter_misc":{"Dur\u00e9e de lecture estim\u00e9e":"1 minute"},"schema":{"@context":"https:\/\/schema.org","@graph":[{"@type":"WebPage","@id":"https:\/\/districos.standingout.be\/fr\/product\/teinture-propolis-10-ml-ref-5009-20\/","url":"https:\/\/districos.standingout.be\/fr\/product\/teinture-propolis-10-ml-ref-5009-20\/","name":"Teinture Propolis 10 ml - Districos Webshop","isPartOf":{"@id":"https:\/\/districos.standingout.be\/fr\/#website"},"primaryImageOfPage":{"@id":"https:\/\/districos.standingout.be\/fr\/product\/teinture-propolis-10-ml-ref-5009-20\/#primaryimage"},"image":{"@id":"https:\/\/districos.standingout.be\/fr\/product\/teinture-propolis-10-ml-ref-5009-20\/#primaryimage"},"thumbnailUrl":"https:\/\/districos.standingout.be\/wp-content\/uploads\/2025\/07\/5009.20@LowRes_1_0.png","datePublished":"2026-04-28T00:22:58+00:00","dateModified":"2026-04-28T00:23:01+00:00","breadcrumb":{"@id":"https:\/\/districos.standingout.be\/fr\/product\/teinture-propolis-10-ml-ref-5009-20\/#breadcrumb"},"inLanguage":"fr-FR","potentialAction":[{"@type":"ReadAction","target":["https:\/\/districos.standingout.be\/fr\/product\/teinture-propolis-10-ml-ref-5009-20\/"]}]},{"@type":"ImageObject","inLanguage":"fr-FR","@id":"https:\/\/districos.standingout.be\/fr\/product\/teinture-propolis-10-ml-ref-5009-20\/#primaryimage","url":"https:\/\/districos.standingout.be\/wp-content\/uploads\/2025\/07\/5009.20@LowRes_1_0.png","contentUrl":"https:\/\/districos.standingout.be\/wp-content\/uploads\/2025\/07\/5009.20@LowRes_1_0.png","width":600,"height":600},{"@type":"BreadcrumbList","@id":"https:\/\/districos.standingout.be\/fr\/product\/teinture-propolis-10-ml-ref-5009-20\/#breadcrumb","itemListElement":[{"@type":"ListItem","position":1,"name":"Home","item":"https:\/\/districos.standingout.be\/fr\/bienvenue-chez-districos\/"},{"@type":"ListItem","position":2,"name":"Boutique","item":"https:\/\/districos.standingout.be\/fr\/boutique\/"},{"@type":"ListItem","position":3,"name":"Teinture Propolis 10 ml"}]},{"@type":"WebSite","@id":"https:\/\/districos.standingout.be\/fr\/#website","url":"https:\/\/districos.standingout.be\/fr\/","name":"Districos Webshop","description":"","publisher":{"@id":"https:\/\/districos.standingout.be\/fr\/#organization"},"potentialAction":[{"@type":"SearchAction","target":{"@type":"EntryPoint","urlTemplate":"https:\/\/districos.standingout.be\/fr\/?s={search_term_string}"},"query-input":{"@type":"PropertyValueSpecification","valueRequired":true,"valueName":"search_term_string"}}],"inLanguage":"fr-FR"},{"@type":"Organization","@id":"https:\/\/districos.standingout.be\/fr\/#organization","name":"Districos Webshop","url":"https:\/\/districos.standingout.be\/fr\/","logo":{"@type":"ImageObject","inLanguage":"fr-FR","@id":"https:\/\/districos.standingout.be\/fr\/#\/schema\/logo\/image\/","url":"https:\/\/districos.standingout.be\/wp-content\/uploads\/2022\/09\/Districos_Logo_Webshop.svg","contentUrl":"https:\/\/districos.standingout.be\/wp-content\/uploads\/2022\/09\/Districos_Logo_Webshop.svg","caption":"Districos Webshop"},"image":{"@id":"https:\/\/districos.standingout.be\/fr\/#\/schema\/logo\/image\/"}}]}},"_links":{"self":[{"href":"https:\/\/districos.standingout.be\/fr\/wp-json\/wp\/v2\/product\/134493","targetHints":{"allow":["GET"]}}],"collection":[{"href":"https:\/\/districos.standingout.be\/fr\/wp-json\/wp\/v2\/product"}],"about":[{"href":"https:\/\/districos.standingout.be\/fr\/wp-json\/wp\/v2\/types\/product"}],"replies":[{"embeddable":true,"href":"https:\/\/districos.standingout.be\/fr\/wp-json\/wp\/v2\/comments?post=134493"}],"wp:featuredmedia":[{"embeddable":true,"href":"https:\/\/districos.standingout.be\/fr\/wp-json\/wp\/v2\/media\/71932"}],"wp:attachment":[{"href":"https:\/\/districos.standingout.be\/fr\/wp-json\/wp\/v2\/media?parent=134493"}],"wp:term":[{"taxonomy":"product_brand","embeddable":true,"href":"https:\/\/districos.standingout.be\/fr\/wp-json\/wp\/v2\/product_brand?post=134493"},{"taxonomy":"product_cat","embeddable":true,"href":"https:\/\/districos.standingout.be\/fr\/wp-json\/wp\/v2\/product_cat?post=134493"},{"taxonomy":"product_tag","embeddable":true,"href":"https:\/\/districos.standingout.be\/fr\/wp-json\/wp\/v2\/product_tag?post=134493"}],"curies":[{"name":"wp","href":"https:\/\/api.w.org\/{rel}","templated":true}]}}