{"id":134495,"date":"2026-04-28T02:23:01","date_gmt":"2026-04-28T00:23:01","guid":{"rendered":"https:\/\/webshopdistricoscom.webhosting.be\/product\/teinture-propolis-75-ml-ref-5009-22\/"},"modified":"2026-04-28T02:23:05","modified_gmt":"2026-04-28T00:23:05","slug":"teinture-propolis-75-ml-ref-5009-22","status":"publish","type":"product","link":"https:\/\/districos.standingout.be\/fr\/product\/teinture-propolis-75-ml-ref-5009-22\/","title":{"rendered":"Teinture Propolis 75 ml"},"content":{"rendered":"<p >\n<p dir=ltr>\n<h3>Produit naturel antibact\u00e9rien.<\/h3>\n<p> De m\u00e9moire d\u2019homme, le propolis est utilis\u00e9 pour un tas de traitements. On dit que c\u2019est l\u2019antibact\u00e9rien le plus naturel d\u00e9couvert par l\u2019homme. Dans le secteur de la p\u00e9dicure, la Teinture Propolis est tr\u00e8s appropri\u00e9e pour le traitement des sillons ungu\u00e9aux. <\/p>\n<ul> <\/p>\n<li>Aide l\u2019enl\u00e8vement de la peau corn\u00e9e; <\/li>\n<p> <\/p>\n<li>Id\u00e9al pour fixer les tamponnades gr\u00e2ce au fait que la teinture met une couche non soluble au-dessus de la peau corn\u00e9e; <\/li>\n<p> <\/p>\n<li>Augmente l\u2019\u00e9lasticit\u00e9 et la souplesse de la peau; <\/li>\n<p> <\/p>\n<li>l\u2019Action antibact\u00e9rienne naturelle du propolis pr\u00e9vient les infections. <\/li>\n<p> <\/ul>\n<p> Bref, un produit id\u00e9al pour le traitement des sillons ungu\u00e9aux d\u00e9licat et presque indispensable pour le traitement d\u2019ongles incarn\u00e9s! <\/p>\n<ul> <\/ul>\n<p> Emballage: flacon de 75 ml<\/p>\n<p> \u00c9galement disponible: flacon de 10 ml<\/p><\/p>\n","protected":false},"excerpt":{"rendered":"<p>Produit naturel antibact\u00e9rien. De m\u00e9moire d\u2019homme, le propolis est utilis\u00e9 pour un tas de traitements. On dit que c\u2019est l\u2019antibact\u00e9rien le plus naturel d\u00e9couvert par l\u2019homme. Dans le secteur de la p\u00e9dicure, la Teinture Propolis est tr\u00e8s appropri\u00e9e pour le traitement des sillons ungu\u00e9aux. Aide l\u2019enl\u00e8vement de la peau corn\u00e9e; Id\u00e9al pour fixer les tamponnades [&hellip;]<\/p>\n","protected":false},"featured_media":71935,"comment_status":"open","ping_status":"closed","template":"","meta":{"_acf_changed":false},"product_brand":[10520],"product_cat":[9946],"product_tag":[],"class_list":{"0":"post-134495","1":"product","2":"type-product","3":"status-publish","4":"has-post-thumbnail","6":"product_brand-propolis-fr","7":"product_cat-beaute-pedicure-produits-de-soin","9":"first","10":"instock","11":"taxable","12":"shipping-taxable","13":"product-type-simple"},"acf":[],"yoast_head":"<!-- This site is optimized with the Yoast SEO plugin v27.3 - https:\/\/yoast.com\/product\/yoast-seo-wordpress\/ -->\n<title>Teinture Propolis 75 ml - Districos Webshop<\/title>\n<meta name=\"robots\" content=\"noindex, follow, max-snippet:-1, max-image-preview:large, max-video-preview:-1\" \/>\n<meta property=\"og:locale\" content=\"fr_FR\" \/>\n<meta property=\"og:type\" content=\"article\" \/>\n<meta property=\"og:title\" content=\"Teinture Propolis 75 ml - Districos Webshop\" \/>\n<meta property=\"og:description\" content=\"Produit naturel antibact\u00e9rien. De m\u00e9moire d\u2019homme, le propolis est utilis\u00e9 pour un tas de traitements. On dit que c\u2019est l\u2019antibact\u00e9rien le plus naturel d\u00e9couvert par l\u2019homme. Dans le secteur de la p\u00e9dicure, la Teinture Propolis est tr\u00e8s appropri\u00e9e pour le traitement des sillons ungu\u00e9aux. Aide l\u2019enl\u00e8vement de la peau corn\u00e9e; Id\u00e9al pour fixer les tamponnades [&hellip;]\" \/>\n<meta property=\"og:url\" content=\"https:\/\/districos.standingout.be\/fr\/product\/teinture-propolis-75-ml-ref-5009-22\/\" \/>\n<meta property=\"og:site_name\" content=\"Districos Webshop\" \/>\n<meta property=\"article:modified_time\" content=\"2026-04-28T00:23:05+00:00\" \/>\n<meta property=\"og:image\" content=\"https:\/\/districos.standingout.be\/wp-content\/uploads\/2025\/07\/5009.22@LowRes_1_0.png\" \/>\n\t<meta property=\"og:image:width\" content=\"600\" \/>\n\t<meta property=\"og:image:height\" content=\"600\" \/>\n\t<meta property=\"og:image:type\" content=\"image\/png\" \/>\n<meta name=\"twitter:card\" content=\"summary_large_image\" \/>\n<meta name=\"twitter:label1\" content=\"Dur\u00e9e de lecture estim\u00e9e\" \/>\n\t<meta name=\"twitter:data1\" content=\"1 minute\" \/>\n<script type=\"application\/ld+json\" class=\"yoast-schema-graph\">{\"@context\":\"https:\\\/\\\/schema.org\",\"@graph\":[{\"@type\":\"WebPage\",\"@id\":\"https:\\\/\\\/districos.standingout.be\\\/fr\\\/product\\\/teinture-propolis-75-ml-ref-5009-22\\\/\",\"url\":\"https:\\\/\\\/districos.standingout.be\\\/fr\\\/product\\\/teinture-propolis-75-ml-ref-5009-22\\\/\",\"name\":\"Teinture Propolis 75 ml - Districos Webshop\",\"isPartOf\":{\"@id\":\"https:\\\/\\\/districos.standingout.be\\\/fr\\\/#website\"},\"primaryImageOfPage\":{\"@id\":\"https:\\\/\\\/districos.standingout.be\\\/fr\\\/product\\\/teinture-propolis-75-ml-ref-5009-22\\\/#primaryimage\"},\"image\":{\"@id\":\"https:\\\/\\\/districos.standingout.be\\\/fr\\\/product\\\/teinture-propolis-75-ml-ref-5009-22\\\/#primaryimage\"},\"thumbnailUrl\":\"https:\\\/\\\/districos.standingout.be\\\/wp-content\\\/uploads\\\/2025\\\/07\\\/5009.22@LowRes_1_0.png\",\"datePublished\":\"2026-04-28T00:23:01+00:00\",\"dateModified\":\"2026-04-28T00:23:05+00:00\",\"breadcrumb\":{\"@id\":\"https:\\\/\\\/districos.standingout.be\\\/fr\\\/product\\\/teinture-propolis-75-ml-ref-5009-22\\\/#breadcrumb\"},\"inLanguage\":\"fr-FR\",\"potentialAction\":[{\"@type\":\"ReadAction\",\"target\":[\"https:\\\/\\\/districos.standingout.be\\\/fr\\\/product\\\/teinture-propolis-75-ml-ref-5009-22\\\/\"]}]},{\"@type\":\"ImageObject\",\"inLanguage\":\"fr-FR\",\"@id\":\"https:\\\/\\\/districos.standingout.be\\\/fr\\\/product\\\/teinture-propolis-75-ml-ref-5009-22\\\/#primaryimage\",\"url\":\"https:\\\/\\\/districos.standingout.be\\\/wp-content\\\/uploads\\\/2025\\\/07\\\/5009.22@LowRes_1_0.png\",\"contentUrl\":\"https:\\\/\\\/districos.standingout.be\\\/wp-content\\\/uploads\\\/2025\\\/07\\\/5009.22@LowRes_1_0.png\",\"width\":600,\"height\":600},{\"@type\":\"BreadcrumbList\",\"@id\":\"https:\\\/\\\/districos.standingout.be\\\/fr\\\/product\\\/teinture-propolis-75-ml-ref-5009-22\\\/#breadcrumb\",\"itemListElement\":[{\"@type\":\"ListItem\",\"position\":1,\"name\":\"Home\",\"item\":\"https:\\\/\\\/districos.standingout.be\\\/fr\\\/bienvenue-chez-districos\\\/\"},{\"@type\":\"ListItem\",\"position\":2,\"name\":\"Boutique\",\"item\":\"https:\\\/\\\/districos.standingout.be\\\/fr\\\/boutique\\\/\"},{\"@type\":\"ListItem\",\"position\":3,\"name\":\"Teinture Propolis 75 ml\"}]},{\"@type\":\"WebSite\",\"@id\":\"https:\\\/\\\/districos.standingout.be\\\/fr\\\/#website\",\"url\":\"https:\\\/\\\/districos.standingout.be\\\/fr\\\/\",\"name\":\"Districos Webshop\",\"description\":\"\",\"publisher\":{\"@id\":\"https:\\\/\\\/districos.standingout.be\\\/fr\\\/#organization\"},\"potentialAction\":[{\"@type\":\"SearchAction\",\"target\":{\"@type\":\"EntryPoint\",\"urlTemplate\":\"https:\\\/\\\/districos.standingout.be\\\/fr\\\/?s={search_term_string}\"},\"query-input\":{\"@type\":\"PropertyValueSpecification\",\"valueRequired\":true,\"valueName\":\"search_term_string\"}}],\"inLanguage\":\"fr-FR\"},{\"@type\":\"Organization\",\"@id\":\"https:\\\/\\\/districos.standingout.be\\\/fr\\\/#organization\",\"name\":\"Districos Webshop\",\"url\":\"https:\\\/\\\/districos.standingout.be\\\/fr\\\/\",\"logo\":{\"@type\":\"ImageObject\",\"inLanguage\":\"fr-FR\",\"@id\":\"https:\\\/\\\/districos.standingout.be\\\/fr\\\/#\\\/schema\\\/logo\\\/image\\\/\",\"url\":\"https:\\\/\\\/districos.standingout.be\\\/wp-content\\\/uploads\\\/2022\\\/09\\\/Districos_Logo_Webshop.svg\",\"contentUrl\":\"https:\\\/\\\/districos.standingout.be\\\/wp-content\\\/uploads\\\/2022\\\/09\\\/Districos_Logo_Webshop.svg\",\"caption\":\"Districos Webshop\"},\"image\":{\"@id\":\"https:\\\/\\\/districos.standingout.be\\\/fr\\\/#\\\/schema\\\/logo\\\/image\\\/\"}}]}<\/script>\n<!-- \/ Yoast SEO plugin. -->","yoast_head_json":{"title":"Teinture Propolis 75 ml - Districos Webshop","robots":{"index":"noindex","follow":"follow","max-snippet":"max-snippet:-1","max-image-preview":"max-image-preview:large","max-video-preview":"max-video-preview:-1"},"og_locale":"fr_FR","og_type":"article","og_title":"Teinture Propolis 75 ml - Districos Webshop","og_description":"Produit naturel antibact\u00e9rien. De m\u00e9moire d\u2019homme, le propolis est utilis\u00e9 pour un tas de traitements. On dit que c\u2019est l\u2019antibact\u00e9rien le plus naturel d\u00e9couvert par l\u2019homme. Dans le secteur de la p\u00e9dicure, la Teinture Propolis est tr\u00e8s appropri\u00e9e pour le traitement des sillons ungu\u00e9aux. Aide l\u2019enl\u00e8vement de la peau corn\u00e9e; Id\u00e9al pour fixer les tamponnades [&hellip;]","og_url":"https:\/\/districos.standingout.be\/fr\/product\/teinture-propolis-75-ml-ref-5009-22\/","og_site_name":"Districos Webshop","article_modified_time":"2026-04-28T00:23:05+00:00","og_image":[{"width":600,"height":600,"url":"https:\/\/districos.standingout.be\/wp-content\/uploads\/2025\/07\/5009.22@LowRes_1_0.png","type":"image\/png"}],"twitter_card":"summary_large_image","twitter_misc":{"Dur\u00e9e de lecture estim\u00e9e":"1 minute"},"schema":{"@context":"https:\/\/schema.org","@graph":[{"@type":"WebPage","@id":"https:\/\/districos.standingout.be\/fr\/product\/teinture-propolis-75-ml-ref-5009-22\/","url":"https:\/\/districos.standingout.be\/fr\/product\/teinture-propolis-75-ml-ref-5009-22\/","name":"Teinture Propolis 75 ml - Districos Webshop","isPartOf":{"@id":"https:\/\/districos.standingout.be\/fr\/#website"},"primaryImageOfPage":{"@id":"https:\/\/districos.standingout.be\/fr\/product\/teinture-propolis-75-ml-ref-5009-22\/#primaryimage"},"image":{"@id":"https:\/\/districos.standingout.be\/fr\/product\/teinture-propolis-75-ml-ref-5009-22\/#primaryimage"},"thumbnailUrl":"https:\/\/districos.standingout.be\/wp-content\/uploads\/2025\/07\/5009.22@LowRes_1_0.png","datePublished":"2026-04-28T00:23:01+00:00","dateModified":"2026-04-28T00:23:05+00:00","breadcrumb":{"@id":"https:\/\/districos.standingout.be\/fr\/product\/teinture-propolis-75-ml-ref-5009-22\/#breadcrumb"},"inLanguage":"fr-FR","potentialAction":[{"@type":"ReadAction","target":["https:\/\/districos.standingout.be\/fr\/product\/teinture-propolis-75-ml-ref-5009-22\/"]}]},{"@type":"ImageObject","inLanguage":"fr-FR","@id":"https:\/\/districos.standingout.be\/fr\/product\/teinture-propolis-75-ml-ref-5009-22\/#primaryimage","url":"https:\/\/districos.standingout.be\/wp-content\/uploads\/2025\/07\/5009.22@LowRes_1_0.png","contentUrl":"https:\/\/districos.standingout.be\/wp-content\/uploads\/2025\/07\/5009.22@LowRes_1_0.png","width":600,"height":600},{"@type":"BreadcrumbList","@id":"https:\/\/districos.standingout.be\/fr\/product\/teinture-propolis-75-ml-ref-5009-22\/#breadcrumb","itemListElement":[{"@type":"ListItem","position":1,"name":"Home","item":"https:\/\/districos.standingout.be\/fr\/bienvenue-chez-districos\/"},{"@type":"ListItem","position":2,"name":"Boutique","item":"https:\/\/districos.standingout.be\/fr\/boutique\/"},{"@type":"ListItem","position":3,"name":"Teinture Propolis 75 ml"}]},{"@type":"WebSite","@id":"https:\/\/districos.standingout.be\/fr\/#website","url":"https:\/\/districos.standingout.be\/fr\/","name":"Districos Webshop","description":"","publisher":{"@id":"https:\/\/districos.standingout.be\/fr\/#organization"},"potentialAction":[{"@type":"SearchAction","target":{"@type":"EntryPoint","urlTemplate":"https:\/\/districos.standingout.be\/fr\/?s={search_term_string}"},"query-input":{"@type":"PropertyValueSpecification","valueRequired":true,"valueName":"search_term_string"}}],"inLanguage":"fr-FR"},{"@type":"Organization","@id":"https:\/\/districos.standingout.be\/fr\/#organization","name":"Districos Webshop","url":"https:\/\/districos.standingout.be\/fr\/","logo":{"@type":"ImageObject","inLanguage":"fr-FR","@id":"https:\/\/districos.standingout.be\/fr\/#\/schema\/logo\/image\/","url":"https:\/\/districos.standingout.be\/wp-content\/uploads\/2022\/09\/Districos_Logo_Webshop.svg","contentUrl":"https:\/\/districos.standingout.be\/wp-content\/uploads\/2022\/09\/Districos_Logo_Webshop.svg","caption":"Districos Webshop"},"image":{"@id":"https:\/\/districos.standingout.be\/fr\/#\/schema\/logo\/image\/"}}]}},"_links":{"self":[{"href":"https:\/\/districos.standingout.be\/fr\/wp-json\/wp\/v2\/product\/134495","targetHints":{"allow":["GET"]}}],"collection":[{"href":"https:\/\/districos.standingout.be\/fr\/wp-json\/wp\/v2\/product"}],"about":[{"href":"https:\/\/districos.standingout.be\/fr\/wp-json\/wp\/v2\/types\/product"}],"replies":[{"embeddable":true,"href":"https:\/\/districos.standingout.be\/fr\/wp-json\/wp\/v2\/comments?post=134495"}],"wp:featuredmedia":[{"embeddable":true,"href":"https:\/\/districos.standingout.be\/fr\/wp-json\/wp\/v2\/media\/71935"}],"wp:attachment":[{"href":"https:\/\/districos.standingout.be\/fr\/wp-json\/wp\/v2\/media?parent=134495"}],"wp:term":[{"taxonomy":"product_brand","embeddable":true,"href":"https:\/\/districos.standingout.be\/fr\/wp-json\/wp\/v2\/product_brand?post=134495"},{"taxonomy":"product_cat","embeddable":true,"href":"https:\/\/districos.standingout.be\/fr\/wp-json\/wp\/v2\/product_cat?post=134495"},{"taxonomy":"product_tag","embeddable":true,"href":"https:\/\/districos.standingout.be\/fr\/wp-json\/wp\/v2\/product_tag?post=134495"}],"curies":[{"name":"wp","href":"https:\/\/api.w.org\/{rel}","templated":true}]}}