{"id":134497,"date":"2026-04-28T02:23:05","date_gmt":"2026-04-28T00:23:05","guid":{"rendered":"https:\/\/webshopdistricoscom.webhosting.be\/product\/propolis-balsam-spray-80-ml-ref-5009-25-2\/"},"modified":"2026-04-28T02:23:08","modified_gmt":"2026-04-28T00:23:08","slug":"propolis-balsam-spray-80-ml-ref-5009-25","status":"publish","type":"product","link":"https:\/\/districos.standingout.be\/fr\/product\/propolis-balsam-spray-80-ml-ref-5009-25\/","title":{"rendered":"Propolis Balsam Spray 80 ml"},"content":{"rendered":"<p >\n<p dir=ltr>Saviez-vous qu\u2019en plus de la cire et de miel d\u00e9licieux, les abeilles produisent \u00e9galement de la propolis ? Un produit miracle qui consiste en un m\u00e9lange de s\u00e8ve d\u2019arbre et de cire. Il peut \u00eatre utilis\u00e9 \u00e0 diverses fins, comme la d\u00e9sinfection de la cabine, la neutralisation des odeurs ou le rafra\u00eechissement et le nettoyage des pieds. En plus de son effet antiseptique et antibact\u00e9rien, la propolis a \u00e9galement un effet gu\u00e9rissant et protecteur. Ainsi, il est tr\u00e8s efficace pour la gu\u00e9rison des plaies et aide \u00e0 pr\u00e9venir les futures l\u00e9sions cutan\u00e9es, telles que les ger\u00e7ures et les crevasses. Il est \u00e9galement id\u00e9al pour les soins quotidiens de la peau, par exemple apr\u00e8s le rasage, comme additive pour le bain, &#8230;<\/p>\n<p> Le Propolis Baume Spray est 100% naturel et contient de l\u2019extrait de Propolis, de l\u2019Alcool et un tas d\u2019huiles essentielles, \u00e0 savoir l\u2019huile d\u2019Eucalyptus, de Citron, de Gen\u00e9vrier, de Romarin, de Lavande, de Menthe, d\u2019Anis et de Gaulth\u00e9rie.<\/p>\n<p> <b>Attention :<\/b>&nbsp;faites un test d\u2019allergie \u00e0 la propolis avant de l\u2019utiliser.<\/p>\n<p> Egalement disponible en 500 ml (<a href=&quot;https:\/\/districos.com\/index.php\/fr\/artikel\/propolis-balsam-spray-500-ml&quot; target=&quot;_blank&quot; target=\"_blank\" rel=\"noopener noreferrer nofollow\">r\u00e9f. 5009.26<\/a>)<\/p><\/p>\n","protected":false},"excerpt":{"rendered":"<p>Saviez-vous qu\u2019en plus de la cire et de miel d\u00e9licieux, les abeilles produisent \u00e9galement de la propolis ? Un produit miracle qui consiste en un m\u00e9lange de s\u00e8ve d\u2019arbre et de cire. Il peut \u00eatre utilis\u00e9 \u00e0 diverses fins, comme la d\u00e9sinfection de la cabine, la neutralisation des odeurs ou le rafra\u00eechissement et le nettoyage [&hellip;]<\/p>\n","protected":false},"featured_media":71938,"comment_status":"open","ping_status":"closed","template":"","meta":{"_acf_changed":false},"product_brand":[10520],"product_cat":[9946],"product_tag":[],"class_list":{"0":"post-134497","1":"product","2":"type-product","3":"status-publish","4":"has-post-thumbnail","6":"product_brand-propolis-fr","7":"product_cat-beaute-pedicure-produits-de-soin","9":"first","10":"instock","11":"taxable","12":"shipping-taxable","13":"product-type-simple"},"acf":[],"yoast_head":"<!-- This site is optimized with the Yoast SEO plugin v27.3 - https:\/\/yoast.com\/product\/yoast-seo-wordpress\/ -->\n<title>Propolis Balsam Spray 80 ml - Districos Webshop<\/title>\n<meta name=\"robots\" content=\"noindex, follow, max-snippet:-1, max-image-preview:large, max-video-preview:-1\" \/>\n<meta property=\"og:locale\" content=\"fr_FR\" \/>\n<meta property=\"og:type\" content=\"article\" \/>\n<meta property=\"og:title\" content=\"Propolis Balsam Spray 80 ml - Districos Webshop\" \/>\n<meta property=\"og:description\" content=\"Saviez-vous qu\u2019en plus de la cire et de miel d\u00e9licieux, les abeilles produisent \u00e9galement de la propolis ? Un produit miracle qui consiste en un m\u00e9lange de s\u00e8ve d\u2019arbre et de cire. Il peut \u00eatre utilis\u00e9 \u00e0 diverses fins, comme la d\u00e9sinfection de la cabine, la neutralisation des odeurs ou le rafra\u00eechissement et le nettoyage [&hellip;]\" \/>\n<meta property=\"og:url\" content=\"https:\/\/districos.standingout.be\/fr\/product\/propolis-balsam-spray-80-ml-ref-5009-25\/\" \/>\n<meta property=\"og:site_name\" content=\"Districos Webshop\" \/>\n<meta property=\"article:modified_time\" content=\"2026-04-28T00:23:08+00:00\" \/>\n<meta property=\"og:image\" content=\"https:\/\/districos.standingout.be\/wp-content\/uploads\/2025\/07\/5009.25@LowRes_0.png\" \/>\n\t<meta property=\"og:image:width\" content=\"600\" \/>\n\t<meta property=\"og:image:height\" content=\"600\" \/>\n\t<meta property=\"og:image:type\" content=\"image\/png\" \/>\n<meta name=\"twitter:card\" content=\"summary_large_image\" \/>\n<meta name=\"twitter:label1\" content=\"Dur\u00e9e de lecture estim\u00e9e\" \/>\n\t<meta name=\"twitter:data1\" content=\"1 minute\" \/>\n<script type=\"application\/ld+json\" class=\"yoast-schema-graph\">{\"@context\":\"https:\\\/\\\/schema.org\",\"@graph\":[{\"@type\":\"WebPage\",\"@id\":\"https:\\\/\\\/districos.standingout.be\\\/fr\\\/product\\\/propolis-balsam-spray-80-ml-ref-5009-25\\\/\",\"url\":\"https:\\\/\\\/districos.standingout.be\\\/fr\\\/product\\\/propolis-balsam-spray-80-ml-ref-5009-25\\\/\",\"name\":\"Propolis Balsam Spray 80 ml - Districos Webshop\",\"isPartOf\":{\"@id\":\"https:\\\/\\\/districos.standingout.be\\\/fr\\\/#website\"},\"primaryImageOfPage\":{\"@id\":\"https:\\\/\\\/districos.standingout.be\\\/fr\\\/product\\\/propolis-balsam-spray-80-ml-ref-5009-25\\\/#primaryimage\"},\"image\":{\"@id\":\"https:\\\/\\\/districos.standingout.be\\\/fr\\\/product\\\/propolis-balsam-spray-80-ml-ref-5009-25\\\/#primaryimage\"},\"thumbnailUrl\":\"https:\\\/\\\/districos.standingout.be\\\/wp-content\\\/uploads\\\/2025\\\/07\\\/5009.25@LowRes_0.png\",\"datePublished\":\"2026-04-28T00:23:05+00:00\",\"dateModified\":\"2026-04-28T00:23:08+00:00\",\"breadcrumb\":{\"@id\":\"https:\\\/\\\/districos.standingout.be\\\/fr\\\/product\\\/propolis-balsam-spray-80-ml-ref-5009-25\\\/#breadcrumb\"},\"inLanguage\":\"fr-FR\",\"potentialAction\":[{\"@type\":\"ReadAction\",\"target\":[\"https:\\\/\\\/districos.standingout.be\\\/fr\\\/product\\\/propolis-balsam-spray-80-ml-ref-5009-25\\\/\"]}]},{\"@type\":\"ImageObject\",\"inLanguage\":\"fr-FR\",\"@id\":\"https:\\\/\\\/districos.standingout.be\\\/fr\\\/product\\\/propolis-balsam-spray-80-ml-ref-5009-25\\\/#primaryimage\",\"url\":\"https:\\\/\\\/districos.standingout.be\\\/wp-content\\\/uploads\\\/2025\\\/07\\\/5009.25@LowRes_0.png\",\"contentUrl\":\"https:\\\/\\\/districos.standingout.be\\\/wp-content\\\/uploads\\\/2025\\\/07\\\/5009.25@LowRes_0.png\",\"width\":600,\"height\":600},{\"@type\":\"BreadcrumbList\",\"@id\":\"https:\\\/\\\/districos.standingout.be\\\/fr\\\/product\\\/propolis-balsam-spray-80-ml-ref-5009-25\\\/#breadcrumb\",\"itemListElement\":[{\"@type\":\"ListItem\",\"position\":1,\"name\":\"Home\",\"item\":\"https:\\\/\\\/districos.standingout.be\\\/fr\\\/bienvenue-chez-districos\\\/\"},{\"@type\":\"ListItem\",\"position\":2,\"name\":\"Boutique\",\"item\":\"https:\\\/\\\/districos.standingout.be\\\/fr\\\/boutique\\\/\"},{\"@type\":\"ListItem\",\"position\":3,\"name\":\"Propolis Balsam Spray 80 ml\"}]},{\"@type\":\"WebSite\",\"@id\":\"https:\\\/\\\/districos.standingout.be\\\/fr\\\/#website\",\"url\":\"https:\\\/\\\/districos.standingout.be\\\/fr\\\/\",\"name\":\"Districos Webshop\",\"description\":\"\",\"publisher\":{\"@id\":\"https:\\\/\\\/districos.standingout.be\\\/fr\\\/#organization\"},\"potentialAction\":[{\"@type\":\"SearchAction\",\"target\":{\"@type\":\"EntryPoint\",\"urlTemplate\":\"https:\\\/\\\/districos.standingout.be\\\/fr\\\/?s={search_term_string}\"},\"query-input\":{\"@type\":\"PropertyValueSpecification\",\"valueRequired\":true,\"valueName\":\"search_term_string\"}}],\"inLanguage\":\"fr-FR\"},{\"@type\":\"Organization\",\"@id\":\"https:\\\/\\\/districos.standingout.be\\\/fr\\\/#organization\",\"name\":\"Districos Webshop\",\"url\":\"https:\\\/\\\/districos.standingout.be\\\/fr\\\/\",\"logo\":{\"@type\":\"ImageObject\",\"inLanguage\":\"fr-FR\",\"@id\":\"https:\\\/\\\/districos.standingout.be\\\/fr\\\/#\\\/schema\\\/logo\\\/image\\\/\",\"url\":\"https:\\\/\\\/districos.standingout.be\\\/wp-content\\\/uploads\\\/2022\\\/09\\\/Districos_Logo_Webshop.svg\",\"contentUrl\":\"https:\\\/\\\/districos.standingout.be\\\/wp-content\\\/uploads\\\/2022\\\/09\\\/Districos_Logo_Webshop.svg\",\"caption\":\"Districos Webshop\"},\"image\":{\"@id\":\"https:\\\/\\\/districos.standingout.be\\\/fr\\\/#\\\/schema\\\/logo\\\/image\\\/\"}}]}<\/script>\n<!-- \/ Yoast SEO plugin. -->","yoast_head_json":{"title":"Propolis Balsam Spray 80 ml - Districos Webshop","robots":{"index":"noindex","follow":"follow","max-snippet":"max-snippet:-1","max-image-preview":"max-image-preview:large","max-video-preview":"max-video-preview:-1"},"og_locale":"fr_FR","og_type":"article","og_title":"Propolis Balsam Spray 80 ml - Districos Webshop","og_description":"Saviez-vous qu\u2019en plus de la cire et de miel d\u00e9licieux, les abeilles produisent \u00e9galement de la propolis ? Un produit miracle qui consiste en un m\u00e9lange de s\u00e8ve d\u2019arbre et de cire. Il peut \u00eatre utilis\u00e9 \u00e0 diverses fins, comme la d\u00e9sinfection de la cabine, la neutralisation des odeurs ou le rafra\u00eechissement et le nettoyage [&hellip;]","og_url":"https:\/\/districos.standingout.be\/fr\/product\/propolis-balsam-spray-80-ml-ref-5009-25\/","og_site_name":"Districos Webshop","article_modified_time":"2026-04-28T00:23:08+00:00","og_image":[{"width":600,"height":600,"url":"https:\/\/districos.standingout.be\/wp-content\/uploads\/2025\/07\/5009.25@LowRes_0.png","type":"image\/png"}],"twitter_card":"summary_large_image","twitter_misc":{"Dur\u00e9e de lecture estim\u00e9e":"1 minute"},"schema":{"@context":"https:\/\/schema.org","@graph":[{"@type":"WebPage","@id":"https:\/\/districos.standingout.be\/fr\/product\/propolis-balsam-spray-80-ml-ref-5009-25\/","url":"https:\/\/districos.standingout.be\/fr\/product\/propolis-balsam-spray-80-ml-ref-5009-25\/","name":"Propolis Balsam Spray 80 ml - Districos Webshop","isPartOf":{"@id":"https:\/\/districos.standingout.be\/fr\/#website"},"primaryImageOfPage":{"@id":"https:\/\/districos.standingout.be\/fr\/product\/propolis-balsam-spray-80-ml-ref-5009-25\/#primaryimage"},"image":{"@id":"https:\/\/districos.standingout.be\/fr\/product\/propolis-balsam-spray-80-ml-ref-5009-25\/#primaryimage"},"thumbnailUrl":"https:\/\/districos.standingout.be\/wp-content\/uploads\/2025\/07\/5009.25@LowRes_0.png","datePublished":"2026-04-28T00:23:05+00:00","dateModified":"2026-04-28T00:23:08+00:00","breadcrumb":{"@id":"https:\/\/districos.standingout.be\/fr\/product\/propolis-balsam-spray-80-ml-ref-5009-25\/#breadcrumb"},"inLanguage":"fr-FR","potentialAction":[{"@type":"ReadAction","target":["https:\/\/districos.standingout.be\/fr\/product\/propolis-balsam-spray-80-ml-ref-5009-25\/"]}]},{"@type":"ImageObject","inLanguage":"fr-FR","@id":"https:\/\/districos.standingout.be\/fr\/product\/propolis-balsam-spray-80-ml-ref-5009-25\/#primaryimage","url":"https:\/\/districos.standingout.be\/wp-content\/uploads\/2025\/07\/5009.25@LowRes_0.png","contentUrl":"https:\/\/districos.standingout.be\/wp-content\/uploads\/2025\/07\/5009.25@LowRes_0.png","width":600,"height":600},{"@type":"BreadcrumbList","@id":"https:\/\/districos.standingout.be\/fr\/product\/propolis-balsam-spray-80-ml-ref-5009-25\/#breadcrumb","itemListElement":[{"@type":"ListItem","position":1,"name":"Home","item":"https:\/\/districos.standingout.be\/fr\/bienvenue-chez-districos\/"},{"@type":"ListItem","position":2,"name":"Boutique","item":"https:\/\/districos.standingout.be\/fr\/boutique\/"},{"@type":"ListItem","position":3,"name":"Propolis Balsam Spray 80 ml"}]},{"@type":"WebSite","@id":"https:\/\/districos.standingout.be\/fr\/#website","url":"https:\/\/districos.standingout.be\/fr\/","name":"Districos Webshop","description":"","publisher":{"@id":"https:\/\/districos.standingout.be\/fr\/#organization"},"potentialAction":[{"@type":"SearchAction","target":{"@type":"EntryPoint","urlTemplate":"https:\/\/districos.standingout.be\/fr\/?s={search_term_string}"},"query-input":{"@type":"PropertyValueSpecification","valueRequired":true,"valueName":"search_term_string"}}],"inLanguage":"fr-FR"},{"@type":"Organization","@id":"https:\/\/districos.standingout.be\/fr\/#organization","name":"Districos Webshop","url":"https:\/\/districos.standingout.be\/fr\/","logo":{"@type":"ImageObject","inLanguage":"fr-FR","@id":"https:\/\/districos.standingout.be\/fr\/#\/schema\/logo\/image\/","url":"https:\/\/districos.standingout.be\/wp-content\/uploads\/2022\/09\/Districos_Logo_Webshop.svg","contentUrl":"https:\/\/districos.standingout.be\/wp-content\/uploads\/2022\/09\/Districos_Logo_Webshop.svg","caption":"Districos Webshop"},"image":{"@id":"https:\/\/districos.standingout.be\/fr\/#\/schema\/logo\/image\/"}}]}},"_links":{"self":[{"href":"https:\/\/districos.standingout.be\/fr\/wp-json\/wp\/v2\/product\/134497","targetHints":{"allow":["GET"]}}],"collection":[{"href":"https:\/\/districos.standingout.be\/fr\/wp-json\/wp\/v2\/product"}],"about":[{"href":"https:\/\/districos.standingout.be\/fr\/wp-json\/wp\/v2\/types\/product"}],"replies":[{"embeddable":true,"href":"https:\/\/districos.standingout.be\/fr\/wp-json\/wp\/v2\/comments?post=134497"}],"wp:featuredmedia":[{"embeddable":true,"href":"https:\/\/districos.standingout.be\/fr\/wp-json\/wp\/v2\/media\/71938"}],"wp:attachment":[{"href":"https:\/\/districos.standingout.be\/fr\/wp-json\/wp\/v2\/media?parent=134497"}],"wp:term":[{"taxonomy":"product_brand","embeddable":true,"href":"https:\/\/districos.standingout.be\/fr\/wp-json\/wp\/v2\/product_brand?post=134497"},{"taxonomy":"product_cat","embeddable":true,"href":"https:\/\/districos.standingout.be\/fr\/wp-json\/wp\/v2\/product_cat?post=134497"},{"taxonomy":"product_tag","embeddable":true,"href":"https:\/\/districos.standingout.be\/fr\/wp-json\/wp\/v2\/product_tag?post=134497"}],"curies":[{"name":"wp","href":"https:\/\/api.w.org\/{rel}","templated":true}]}}