{"id":134503,"date":"2026-04-28T02:23:16","date_gmt":"2026-04-28T00:23:16","guid":{"rendered":"https:\/\/webshopdistricoscom.webhosting.be\/product\/presentoir-funghiclear-spray-antimycosique-6-x-89-ml-ref-5009-84\/"},"modified":"2026-04-28T02:23:20","modified_gmt":"2026-04-28T00:23:20","slug":"presentoir-funghiclear-spray-antimycosique-6-x-89-ml-ref-5009-84","status":"publish","type":"product","link":"https:\/\/districos.standingout.be\/fr\/product\/presentoir-funghiclear-spray-antimycosique-6-x-89-ml-ref-5009-84\/","title":{"rendered":"Pr\u00e9sentoir FunghiClear Spray Antimycosique 6 x 89 ml"},"content":{"rendered":"<p >\n<\/p>\n<\/p>\n<\/p>\n<\/p>\n<\/p>\n<\/p>\n<p><span lang=\"FR-BE\">FunghiClear\u2122 est un spray antimycosique aux propri\u00e9t\u00e9s uniques et aux r\u00e9sultats prouv\u00e9s dans le domaine antifongique. FunghiClear\u2122 a \u00e9t\u00e9 compos\u00e9 avec le plus grand soin \u00e0 partir d&rsquo;ingr\u00e9dients exclusivement naturels comme substances actives, dont l&rsquo;huile de manuka. Le spray aide \u00e0 r\u00e9parer la peau. Le produit combat les probl\u00e8mes existants et pr\u00e9vient des nouvelles infections des pieds et des ongles. Pour des soins \u00e0 domicile quotidiens.<o:p><\/o:p><\/span><\/p>\n<p><span lang=\"FR-BE\">*Une \u00e9tude \u00e0 grande \u00e9chelle sur les ongles fongiques a montr\u00e9 une am\u00e9lioration significative chez &gt; 85 % des personnes test\u00e9es !<o:p><\/o:p><\/span><\/p>\n<p><b><span lang=\"FR-BE\">Ingr\u00e9dients actifs<o:p><\/o:p><\/span><\/b><\/p>\n<ul type=\"disc\">\n<li><span lang=\"FR-BE\">Huile de manuka aux propri\u00e9t\u00e9s antifongiques, antibact\u00e9riennes et antivirales prouv\u00e9es.<o:p><\/o:p><\/span><\/li>\n<li><span lang=\"FR-BE\">L\u2019huile de basilic aux propri\u00e9t\u00e9s d\u00e9sinfectantes, immunitaires et antifongiques.<o:p><\/o:p><\/span><\/li>\n<li><span lang=\"FR-BE\">L\u2019huile de menthe poivr\u00e9e pour un effet rafra\u00eechissant et apaisant.<o:p><\/o:p><\/span><\/li>\n<li><span lang=\"FR-BE\">L\u2019huile de lavande pour un parfum agr\u00e9able.<o:p><\/o:p><\/span><\/li>\n<\/ul>\n<p><b><span lang=\"FR-BE\">Utilisation de FunghiClear\u2122<o:p><\/o:p><\/span><\/b><\/p>\n<ul type=\"disc\">\n<li><span lang=\"FR-BE\">S\u00e9chez bien les pieds et les ongles avant l\u2019utilisation.&nbsp;<o:p><\/o:p><\/span><\/li>\n<li><span lang=\"FR-BE\">Vaporisez sur la peau et\/ou les ongles affect\u00e9s deux fois par jour, de pr\u00e9f\u00e9rence le matin au lever et le soir avant le coucher.&nbsp;<o:p><\/o:p><\/span><\/li>\n<\/ul>\n<p><span lang=\"FR-BE\">En cas d&rsquo;utilisation avec une cr\u00e8me m\u00e9dicinale ou de soin : utilisez d&rsquo;abord FunghiClear\u2122 et laissez agir, puis appliquez la cr\u00e8me. Pour un bon r\u00e9sultat durable, il est important de maintenir cette routine quotidienne pendant au moins trois mois, jusqu&rsquo;\u00e0 ce que les sympt\u00f4mes aient compl\u00e8tement disparu ou que la partie affect\u00e9e de l&rsquo;ongle ait compl\u00e8tement pouss\u00e9e.<o:p><\/o:p><\/span><\/p>\n<p><b><span lang=\"FR-BE\">\u00c9galement disponible<\/span><\/b><\/p>\n<ul type=\"disc\">\n<li><span lang=\"FR-BE\">FunghiClear Spray Antimycosique 89 ml (<a href=\"https:\/\/webshop.districos.com\/ProductDetail\/5009.83\" target=\"_blank\" rel=\"noopener noreferrer nofollow\">r\u00e9f. 5009.83<\/a>)&nbsp;<\/span><\/li>\n<li><span lang=\"FR-BE\">Preventis Test Mycose 10 pcs. (<a href=\"https:\/\/webshop.districos.com\/ProductDetail\/5009.99\" target=\"_blank\" rel=\"noopener noreferrer nofollow\">r\u00e9f. 5009.99<\/a>)&nbsp;<\/span><\/li>\n<\/ul>\n<p><span lang=\"FR-BE\">Voulez-vous savoir comment vous pouvez inciter, motiver et accompagner votre patient pour regagner des ongles en parfaite sant\u00e9 ? Alors suivez notre session d\u2019information : \u00ab&nbsp;<a href=\"https:\/\/www.districosacademy.com\/proto\/course-detail.php?id=84\" target=\"_blank\" rel=\"noopener noreferrer nofollow\"><span>Des ongles fongiques dans le cabinet de p\u00e9dicure<\/span><\/a>&nbsp;\u00bb !&nbsp;<o:p><\/o:p><\/span><\/p>\n<p><span lang=\"FR-BE\">&nbsp;<o:p><\/o:p><\/span><\/p>\n<\/p>\n<p><span lang=\"FR-BE\"> &nbsp;<\/span><\/p><\/p>\n","protected":false},"excerpt":{"rendered":"<p>FunghiClear\u2122 est un spray antimycosique aux propri\u00e9t\u00e9s uniques et aux r\u00e9sultats prouv\u00e9s dans le domaine antifongique. FunghiClear\u2122 a \u00e9t\u00e9 compos\u00e9 avec le plus grand soin \u00e0 partir d&rsquo;ingr\u00e9dients exclusivement naturels comme substances actives, dont l&rsquo;huile de manuka. Le spray aide \u00e0 r\u00e9parer la peau. Le produit combat les probl\u00e8mes existants et pr\u00e9vient des nouvelles infections [&hellip;]<\/p>\n","protected":false},"featured_media":144234,"comment_status":"open","ping_status":"closed","template":"","meta":{"_acf_changed":false},"product_brand":[10406],"product_cat":[9946],"product_tag":[],"class_list":{"0":"post-134503","1":"product","2":"type-product","3":"status-publish","4":"has-post-thumbnail","6":"product_brand-funghiclear-fr","7":"product_cat-beaute-pedicure-produits-de-soin","9":"first","10":"instock","11":"taxable","12":"shipping-taxable","13":"product-type-simple"},"acf":[],"yoast_head":"<!-- This site is optimized with the Yoast SEO plugin v27.3 - https:\/\/yoast.com\/product\/yoast-seo-wordpress\/ -->\n<title>Pr\u00e9sentoir FunghiClear Spray Antimycosique 6 x 89 ml - Districos Webshop<\/title>\n<meta name=\"robots\" content=\"noindex, follow, max-snippet:-1, max-image-preview:large, max-video-preview:-1\" \/>\n<meta property=\"og:locale\" content=\"fr_FR\" \/>\n<meta property=\"og:type\" content=\"article\" \/>\n<meta property=\"og:title\" content=\"Pr\u00e9sentoir FunghiClear Spray Antimycosique 6 x 89 ml - Districos Webshop\" \/>\n<meta property=\"og:description\" content=\"FunghiClear\u2122 est un spray antimycosique aux propri\u00e9t\u00e9s uniques et aux r\u00e9sultats prouv\u00e9s dans le domaine antifongique. FunghiClear\u2122 a \u00e9t\u00e9 compos\u00e9 avec le plus grand soin \u00e0 partir d&rsquo;ingr\u00e9dients exclusivement naturels comme substances actives, dont l&rsquo;huile de manuka. Le spray aide \u00e0 r\u00e9parer la peau. Le produit combat les probl\u00e8mes existants et pr\u00e9vient des nouvelles infections [&hellip;]\" \/>\n<meta property=\"og:url\" content=\"https:\/\/districos.standingout.be\/fr\/product\/presentoir-funghiclear-spray-antimycosique-6-x-89-ml-ref-5009-84\/\" \/>\n<meta property=\"og:site_name\" content=\"Districos Webshop\" \/>\n<meta property=\"article:modified_time\" content=\"2026-04-28T00:23:20+00:00\" \/>\n<meta property=\"og:image\" content=\"https:\/\/districos.standingout.be\/wp-content\/uploads\/2026\/04\/5009.84@Display-FunghiClear-Antischimmelspray-6-x-89-ml_1-2.png\" \/>\n\t<meta property=\"og:image:width\" content=\"600\" \/>\n\t<meta property=\"og:image:height\" content=\"600\" \/>\n\t<meta property=\"og:image:type\" content=\"image\/png\" \/>\n<meta name=\"twitter:card\" content=\"summary_large_image\" \/>\n<meta name=\"twitter:label1\" content=\"Dur\u00e9e de lecture estim\u00e9e\" \/>\n\t<meta name=\"twitter:data1\" content=\"2 minutes\" \/>\n<script type=\"application\/ld+json\" class=\"yoast-schema-graph\">{\"@context\":\"https:\\\/\\\/schema.org\",\"@graph\":[{\"@type\":\"WebPage\",\"@id\":\"https:\\\/\\\/districos.standingout.be\\\/fr\\\/product\\\/presentoir-funghiclear-spray-antimycosique-6-x-89-ml-ref-5009-84\\\/\",\"url\":\"https:\\\/\\\/districos.standingout.be\\\/fr\\\/product\\\/presentoir-funghiclear-spray-antimycosique-6-x-89-ml-ref-5009-84\\\/\",\"name\":\"Pr\u00e9sentoir FunghiClear Spray Antimycosique 6 x 89 ml - Districos Webshop\",\"isPartOf\":{\"@id\":\"https:\\\/\\\/districos.standingout.be\\\/fr\\\/#website\"},\"primaryImageOfPage\":{\"@id\":\"https:\\\/\\\/districos.standingout.be\\\/fr\\\/product\\\/presentoir-funghiclear-spray-antimycosique-6-x-89-ml-ref-5009-84\\\/#primaryimage\"},\"image\":{\"@id\":\"https:\\\/\\\/districos.standingout.be\\\/fr\\\/product\\\/presentoir-funghiclear-spray-antimycosique-6-x-89-ml-ref-5009-84\\\/#primaryimage\"},\"thumbnailUrl\":\"https:\\\/\\\/districos.standingout.be\\\/wp-content\\\/uploads\\\/2026\\\/04\\\/5009.84@Display-FunghiClear-Antischimmelspray-6-x-89-ml_1-3.png\",\"datePublished\":\"2026-04-28T00:23:16+00:00\",\"dateModified\":\"2026-04-28T00:23:20+00:00\",\"breadcrumb\":{\"@id\":\"https:\\\/\\\/districos.standingout.be\\\/fr\\\/product\\\/presentoir-funghiclear-spray-antimycosique-6-x-89-ml-ref-5009-84\\\/#breadcrumb\"},\"inLanguage\":\"fr-FR\",\"potentialAction\":[{\"@type\":\"ReadAction\",\"target\":[\"https:\\\/\\\/districos.standingout.be\\\/fr\\\/product\\\/presentoir-funghiclear-spray-antimycosique-6-x-89-ml-ref-5009-84\\\/\"]}]},{\"@type\":\"ImageObject\",\"inLanguage\":\"fr-FR\",\"@id\":\"https:\\\/\\\/districos.standingout.be\\\/fr\\\/product\\\/presentoir-funghiclear-spray-antimycosique-6-x-89-ml-ref-5009-84\\\/#primaryimage\",\"url\":\"https:\\\/\\\/districos.standingout.be\\\/wp-content\\\/uploads\\\/2026\\\/04\\\/5009.84@Display-FunghiClear-Antischimmelspray-6-x-89-ml_1-3.png\",\"contentUrl\":\"https:\\\/\\\/districos.standingout.be\\\/wp-content\\\/uploads\\\/2026\\\/04\\\/5009.84@Display-FunghiClear-Antischimmelspray-6-x-89-ml_1-3.png\",\"width\":600,\"height\":600},{\"@type\":\"BreadcrumbList\",\"@id\":\"https:\\\/\\\/districos.standingout.be\\\/fr\\\/product\\\/presentoir-funghiclear-spray-antimycosique-6-x-89-ml-ref-5009-84\\\/#breadcrumb\",\"itemListElement\":[{\"@type\":\"ListItem\",\"position\":1,\"name\":\"Home\",\"item\":\"https:\\\/\\\/districos.standingout.be\\\/fr\\\/bienvenue-chez-districos\\\/\"},{\"@type\":\"ListItem\",\"position\":2,\"name\":\"Boutique\",\"item\":\"https:\\\/\\\/districos.standingout.be\\\/fr\\\/boutique\\\/\"},{\"@type\":\"ListItem\",\"position\":3,\"name\":\"Pr\u00e9sentoir FunghiClear Spray Antimycosique 6 x 89 ml\"}]},{\"@type\":\"WebSite\",\"@id\":\"https:\\\/\\\/districos.standingout.be\\\/fr\\\/#website\",\"url\":\"https:\\\/\\\/districos.standingout.be\\\/fr\\\/\",\"name\":\"Districos Webshop\",\"description\":\"\",\"publisher\":{\"@id\":\"https:\\\/\\\/districos.standingout.be\\\/fr\\\/#organization\"},\"potentialAction\":[{\"@type\":\"SearchAction\",\"target\":{\"@type\":\"EntryPoint\",\"urlTemplate\":\"https:\\\/\\\/districos.standingout.be\\\/fr\\\/?s={search_term_string}\"},\"query-input\":{\"@type\":\"PropertyValueSpecification\",\"valueRequired\":true,\"valueName\":\"search_term_string\"}}],\"inLanguage\":\"fr-FR\"},{\"@type\":\"Organization\",\"@id\":\"https:\\\/\\\/districos.standingout.be\\\/fr\\\/#organization\",\"name\":\"Districos Webshop\",\"url\":\"https:\\\/\\\/districos.standingout.be\\\/fr\\\/\",\"logo\":{\"@type\":\"ImageObject\",\"inLanguage\":\"fr-FR\",\"@id\":\"https:\\\/\\\/districos.standingout.be\\\/fr\\\/#\\\/schema\\\/logo\\\/image\\\/\",\"url\":\"https:\\\/\\\/districos.standingout.be\\\/wp-content\\\/uploads\\\/2022\\\/09\\\/Districos_Logo_Webshop.svg\",\"contentUrl\":\"https:\\\/\\\/districos.standingout.be\\\/wp-content\\\/uploads\\\/2022\\\/09\\\/Districos_Logo_Webshop.svg\",\"caption\":\"Districos Webshop\"},\"image\":{\"@id\":\"https:\\\/\\\/districos.standingout.be\\\/fr\\\/#\\\/schema\\\/logo\\\/image\\\/\"}}]}<\/script>\n<!-- \/ Yoast SEO plugin. -->","yoast_head_json":{"title":"Pr\u00e9sentoir FunghiClear Spray Antimycosique 6 x 89 ml - Districos Webshop","robots":{"index":"noindex","follow":"follow","max-snippet":"max-snippet:-1","max-image-preview":"max-image-preview:large","max-video-preview":"max-video-preview:-1"},"og_locale":"fr_FR","og_type":"article","og_title":"Pr\u00e9sentoir FunghiClear Spray Antimycosique 6 x 89 ml - Districos Webshop","og_description":"FunghiClear\u2122 est un spray antimycosique aux propri\u00e9t\u00e9s uniques et aux r\u00e9sultats prouv\u00e9s dans le domaine antifongique. FunghiClear\u2122 a \u00e9t\u00e9 compos\u00e9 avec le plus grand soin \u00e0 partir d&rsquo;ingr\u00e9dients exclusivement naturels comme substances actives, dont l&rsquo;huile de manuka. Le spray aide \u00e0 r\u00e9parer la peau. Le produit combat les probl\u00e8mes existants et pr\u00e9vient des nouvelles infections [&hellip;]","og_url":"https:\/\/districos.standingout.be\/fr\/product\/presentoir-funghiclear-spray-antimycosique-6-x-89-ml-ref-5009-84\/","og_site_name":"Districos Webshop","article_modified_time":"2026-04-28T00:23:20+00:00","og_image":[{"width":600,"height":600,"url":"https:\/\/districos.standingout.be\/wp-content\/uploads\/2026\/04\/5009.84@Display-FunghiClear-Antischimmelspray-6-x-89-ml_1-2.png","type":"image\/png"}],"twitter_card":"summary_large_image","twitter_misc":{"Dur\u00e9e de lecture estim\u00e9e":"2 minutes"},"schema":{"@context":"https:\/\/schema.org","@graph":[{"@type":"WebPage","@id":"https:\/\/districos.standingout.be\/fr\/product\/presentoir-funghiclear-spray-antimycosique-6-x-89-ml-ref-5009-84\/","url":"https:\/\/districos.standingout.be\/fr\/product\/presentoir-funghiclear-spray-antimycosique-6-x-89-ml-ref-5009-84\/","name":"Pr\u00e9sentoir FunghiClear Spray Antimycosique 6 x 89 ml - Districos Webshop","isPartOf":{"@id":"https:\/\/districos.standingout.be\/fr\/#website"},"primaryImageOfPage":{"@id":"https:\/\/districos.standingout.be\/fr\/product\/presentoir-funghiclear-spray-antimycosique-6-x-89-ml-ref-5009-84\/#primaryimage"},"image":{"@id":"https:\/\/districos.standingout.be\/fr\/product\/presentoir-funghiclear-spray-antimycosique-6-x-89-ml-ref-5009-84\/#primaryimage"},"thumbnailUrl":"https:\/\/districos.standingout.be\/wp-content\/uploads\/2026\/04\/5009.84@Display-FunghiClear-Antischimmelspray-6-x-89-ml_1-3.png","datePublished":"2026-04-28T00:23:16+00:00","dateModified":"2026-04-28T00:23:20+00:00","breadcrumb":{"@id":"https:\/\/districos.standingout.be\/fr\/product\/presentoir-funghiclear-spray-antimycosique-6-x-89-ml-ref-5009-84\/#breadcrumb"},"inLanguage":"fr-FR","potentialAction":[{"@type":"ReadAction","target":["https:\/\/districos.standingout.be\/fr\/product\/presentoir-funghiclear-spray-antimycosique-6-x-89-ml-ref-5009-84\/"]}]},{"@type":"ImageObject","inLanguage":"fr-FR","@id":"https:\/\/districos.standingout.be\/fr\/product\/presentoir-funghiclear-spray-antimycosique-6-x-89-ml-ref-5009-84\/#primaryimage","url":"https:\/\/districos.standingout.be\/wp-content\/uploads\/2026\/04\/5009.84@Display-FunghiClear-Antischimmelspray-6-x-89-ml_1-3.png","contentUrl":"https:\/\/districos.standingout.be\/wp-content\/uploads\/2026\/04\/5009.84@Display-FunghiClear-Antischimmelspray-6-x-89-ml_1-3.png","width":600,"height":600},{"@type":"BreadcrumbList","@id":"https:\/\/districos.standingout.be\/fr\/product\/presentoir-funghiclear-spray-antimycosique-6-x-89-ml-ref-5009-84\/#breadcrumb","itemListElement":[{"@type":"ListItem","position":1,"name":"Home","item":"https:\/\/districos.standingout.be\/fr\/bienvenue-chez-districos\/"},{"@type":"ListItem","position":2,"name":"Boutique","item":"https:\/\/districos.standingout.be\/fr\/boutique\/"},{"@type":"ListItem","position":3,"name":"Pr\u00e9sentoir FunghiClear Spray Antimycosique 6 x 89 ml"}]},{"@type":"WebSite","@id":"https:\/\/districos.standingout.be\/fr\/#website","url":"https:\/\/districos.standingout.be\/fr\/","name":"Districos Webshop","description":"","publisher":{"@id":"https:\/\/districos.standingout.be\/fr\/#organization"},"potentialAction":[{"@type":"SearchAction","target":{"@type":"EntryPoint","urlTemplate":"https:\/\/districos.standingout.be\/fr\/?s={search_term_string}"},"query-input":{"@type":"PropertyValueSpecification","valueRequired":true,"valueName":"search_term_string"}}],"inLanguage":"fr-FR"},{"@type":"Organization","@id":"https:\/\/districos.standingout.be\/fr\/#organization","name":"Districos Webshop","url":"https:\/\/districos.standingout.be\/fr\/","logo":{"@type":"ImageObject","inLanguage":"fr-FR","@id":"https:\/\/districos.standingout.be\/fr\/#\/schema\/logo\/image\/","url":"https:\/\/districos.standingout.be\/wp-content\/uploads\/2022\/09\/Districos_Logo_Webshop.svg","contentUrl":"https:\/\/districos.standingout.be\/wp-content\/uploads\/2022\/09\/Districos_Logo_Webshop.svg","caption":"Districos Webshop"},"image":{"@id":"https:\/\/districos.standingout.be\/fr\/#\/schema\/logo\/image\/"}}]}},"_links":{"self":[{"href":"https:\/\/districos.standingout.be\/fr\/wp-json\/wp\/v2\/product\/134503","targetHints":{"allow":["GET"]}}],"collection":[{"href":"https:\/\/districos.standingout.be\/fr\/wp-json\/wp\/v2\/product"}],"about":[{"href":"https:\/\/districos.standingout.be\/fr\/wp-json\/wp\/v2\/types\/product"}],"replies":[{"embeddable":true,"href":"https:\/\/districos.standingout.be\/fr\/wp-json\/wp\/v2\/comments?post=134503"}],"wp:featuredmedia":[{"embeddable":true,"href":"https:\/\/districos.standingout.be\/fr\/wp-json\/wp\/v2\/media\/144234"}],"wp:attachment":[{"href":"https:\/\/districos.standingout.be\/fr\/wp-json\/wp\/v2\/media?parent=134503"}],"wp:term":[{"taxonomy":"product_brand","embeddable":true,"href":"https:\/\/districos.standingout.be\/fr\/wp-json\/wp\/v2\/product_brand?post=134503"},{"taxonomy":"product_cat","embeddable":true,"href":"https:\/\/districos.standingout.be\/fr\/wp-json\/wp\/v2\/product_cat?post=134503"},{"taxonomy":"product_tag","embeddable":true,"href":"https:\/\/districos.standingout.be\/fr\/wp-json\/wp\/v2\/product_tag?post=134503"}],"curies":[{"name":"wp","href":"https:\/\/api.w.org\/{rel}","templated":true}]}}