{"id":134505,"date":"2026-04-28T02:23:20","date_gmt":"2026-04-28T00:23:20","guid":{"rendered":"https:\/\/webshopdistricoscom.webhosting.be\/product\/preventis-test-mycose-10-pcs-ref-5009-99\/"},"modified":"2026-04-28T02:23:24","modified_gmt":"2026-04-28T00:23:24","slug":"preventis-test-mycose-10-pcs-ref-5009-99","status":"publish","type":"product","link":"https:\/\/districos.standingout.be\/fr\/product\/preventis-test-mycose-10-pcs-ref-5009-99\/","title":{"rendered":"Preventis Test Mycose 10 pcs."},"content":{"rendered":"<p >\n<\/p>\n<\/p>\n<\/p>\n<\/p>\n<\/p>\n<\/p>\n<\/p>\n<\/p>\n<\/p>\n<p><b><span lang=\"FR-BE\">Effectuez votre propre test mycose dans votre cabinet !<\/span><\/b><span lang=\"FR\"><o:p><\/o:p><\/span><\/p>\n<p><span lang=\"FR-BE\">Lors de la mise en place d&rsquo;un traitement antifongique, il est essentiel de s&rsquo;assurer qu&rsquo;il s&rsquo;agit bien d&rsquo;une mycose. Les recherches montrent qu&rsquo;il est impossible d&rsquo;identifier une mycose \u00e0 l&rsquo;\u0153il nu et indiquent m\u00eame que dans 50 % des cas, quelque chose est consid\u00e9r\u00e9 comme une mycose alors qu&rsquo;il s&rsquo;agit en r\u00e9alit\u00e9 d&rsquo;autre chose.<\/span><span lang=\"FR\"><o:p><\/o:p><\/span><\/p>\n<p><span lang=\"FR\">Le Diafactory Test Mycose constitue une avanc\u00e9e consid\u00e9rable dans le diagnostic des infections \u00e0 dermatophytes dans la tablette ungu\u00e9ale. Ce kit de test pratique permet de d\u00e9tecter vous-m\u00eame des infections des ongles, en \u00e9vitant des laboratoires externes, des longs d\u00e9lais d&rsquo;attente et des frais \u00e9lev\u00e9s. De plus, ce dispositif d\u2019autodiagnostic est tr\u00e8s facile \u00e0 utiliser et permet d&rsquo;identifier efficacement 90 % des mycoses les plus courantes.<o:p><\/o:p><\/span><\/p>\n<p><span lang=\"FR\">Le test est simple et rapide, avec des r\u00e9sultats en 5 minutes seulement, ce qui permet \u00e0 vos clients de b\u00e9n\u00e9ficier sans effort de ce service dans votre cabinet. Avec une seule bo\u00eete, vous pouvez effectuer jusqu&rsquo;\u00e0 10 tests.<o:p><\/o:p><\/span><\/p>\n<p><span lang=\"FR\">Le test est r\u00e9actif aux mycoses suivantes :&nbsp;Aspergillus flavus, A. fumigatus, A. niger, A. terreus, Epidermophyton floccosum, Exophiala dermatitidis (forme M-Y), E. dermatitidis (forme G), E. spinifera, Fusarium solani, Hortaea werneckii, Malbranchea circinata, M. flavosea, Microsporum gypseum, M. canis, Neosartorya fischeri, Paecilomyces lilacinus, Penicillium griseofulvum, Trichophyton mentagrophytes, T. rubrum, T. tonsurans, T. violaceum, T. verrucosum, Veronaea botryosa.<o:p><\/o:p><\/span><\/p>\n<p><b><span>Contenu :<\/span><\/b><span><o:p><\/o:p><\/span><\/p>\n<ul type=\"disc\">\n<li><span lang=\"FR-BE\">10 x bandes de test emball\u00e9es individuellement<\/span><span lang=\"FR\"><o:p><\/o:p><\/span><\/li>\n<li><span lang=\"FR-BE\">10 x b\u00e2tonnets m\u00e9langeurs<\/span><span><o:p><\/o:p><\/span><\/li>\n<li><span lang=\"FR-BE\">10 x tubes de tampon d&rsquo;extraction<\/span><span><o:p><\/o:p><\/span><\/li>\n<li><span lang=\"FR-BE\">1 x solution tampon d&rsquo;extraction<\/span><span><o:p><\/o:p><\/span><\/li>\n<li><span lang=\"FR-BE\">1 x porte-tubes<\/span><span><o:p><\/o:p><\/span><\/li>\n<\/ul>\n<p><b><span lang=\"FR-BE\">Comment proc\u00e9der ?<\/span><\/b><span lang=\"FR-BE\"><br \/> \u00c9tape 1 :&nbsp;Lavez-vous les mains avant de commencer. Placez un tube de test dans le r\u00e9cipient en carton. Versez 0,25 \u00e0 0,50 ml de la solution d&rsquo;extraction dans le tube.<\/span><span lang=\"FR\"><o:p><\/o:p><\/span><\/p>\n<p><span lang=\"FR-BE\">\u00c9tape 2 :&nbsp;Pr\u00e9levez environ 1 mg d&rsquo;\u00e9chantillon d&rsquo;ongle de l&rsquo;ongle suspect\u00e9 d&rsquo;\u00eatre fongique et placez-le dans le tube. Prenez le b\u00e2tonnet m\u00e9langeur et tournez-le dans le tube au moins 20 fois tout en poussant l&rsquo;\u00e9chantillon d&rsquo;ongle vers le bas. Attendez au moins 1 minute avant d&rsquo;ins\u00e9rer la bande de test dans le tube.<\/span><span lang=\"FR\"><o:p><\/o:p><\/span><\/p>\n<p><span lang=\"FR-BE\">\u00c9tape 3 :&nbsp;Apr\u00e8s le temps de trempage, prenez la bande de test et placez-la dans le tube pendant 5 minutes. Ensuite, vous pouvez lire le r\u00e9sultat de la bande de test et savoir s&rsquo;il s\u2019agit d\u2019une mycose de l&rsquo;ongle ou non.<\/span><span lang=\"FR\"><o:p><\/o:p><\/span><\/p>\n<p><span lang=\"FR\">Consultez \u00e9galement notre&nbsp;<a href=\"https:\/\/fr.districos.com\/2023\/11\/effectuez-votre-propre-test-mycose.html\" target=\"_blank\" rel=\"noopener noreferrer nofollow\"><span>blog<\/span><\/a>&nbsp;pour plus d&rsquo;informations sur ce produit !<o:p><\/o:p><\/span><\/p>\n<p><b><span lang=\"FR-BE\">Aussi disponible<o:p><\/o:p><\/span><\/b><\/p>\n<ul type=\"disc\">\n<li><span lang=\"FR-BE\">FunghiClear Spray Antimycosique 89 ml (<a href=\"https:\/\/webshop.districos.com\/ProductDetail\/5009.83\" target=\"_blank\" rel=\"noopener noreferrer nofollow\">r\u00e9f. 5009.83<\/a>)&nbsp;<\/span><\/li>\n<li><span lang=\"FR-BE\">Pr\u00e9sentoir FunghiClear Spray Antimycosique 6x 89 ml (<a href=\"https:\/\/webshop.districos.com\/ProductDetail\/5009.84\" target=\"_blank\" rel=\"noopener noreferrer nofollow\">r\u00e9f. 5009.84<\/a>)<\/span><\/li>\n<\/ul>\n","protected":false},"excerpt":{"rendered":"<p>Effectuez votre propre test mycose dans votre cabinet ! Lors de la mise en place d&rsquo;un traitement antifongique, il est essentiel de s&rsquo;assurer qu&rsquo;il s&rsquo;agit bien d&rsquo;une mycose. Les recherches montrent qu&rsquo;il est impossible d&rsquo;identifier une mycose \u00e0 l&rsquo;\u0153il nu et indiquent m\u00eame que dans 50 % des cas, quelque chose est consid\u00e9r\u00e9 comme une [&hellip;]<\/p>\n","protected":false},"featured_media":144237,"comment_status":"open","ping_status":"closed","template":"","meta":{"_acf_changed":false},"product_brand":[10406],"product_cat":[9946],"product_tag":[],"class_list":{"0":"post-134505","1":"product","2":"type-product","3":"status-publish","4":"has-post-thumbnail","6":"product_brand-funghiclear-fr","7":"product_cat-beaute-pedicure-produits-de-soin","9":"first","10":"instock","11":"taxable","12":"shipping-taxable","13":"product-type-simple"},"acf":[],"yoast_head":"<!-- This site is optimized with the Yoast SEO plugin v27.3 - https:\/\/yoast.com\/product\/yoast-seo-wordpress\/ -->\n<title>Preventis Test Mycose 10 pcs. - Districos Webshop<\/title>\n<meta name=\"robots\" content=\"noindex, follow, max-snippet:-1, max-image-preview:large, max-video-preview:-1\" \/>\n<meta property=\"og:locale\" content=\"fr_FR\" \/>\n<meta property=\"og:type\" content=\"article\" \/>\n<meta property=\"og:title\" content=\"Preventis Test Mycose 10 pcs. - Districos Webshop\" \/>\n<meta property=\"og:description\" content=\"Effectuez votre propre test mycose dans votre cabinet ! Lors de la mise en place d&rsquo;un traitement antifongique, il est essentiel de s&rsquo;assurer qu&rsquo;il s&rsquo;agit bien d&rsquo;une mycose. Les recherches montrent qu&rsquo;il est impossible d&rsquo;identifier une mycose \u00e0 l&rsquo;\u0153il nu et indiquent m\u00eame que dans 50 % des cas, quelque chose est consid\u00e9r\u00e9 comme une [&hellip;]\" \/>\n<meta property=\"og:url\" content=\"https:\/\/districos.standingout.be\/fr\/product\/preventis-test-mycose-10-pcs-ref-5009-99\/\" \/>\n<meta property=\"og:site_name\" content=\"Districos Webshop\" \/>\n<meta property=\"article:modified_time\" content=\"2026-04-28T00:23:24+00:00\" \/>\n<meta property=\"og:image\" content=\"https:\/\/districos.standingout.be\/wp-content\/uploads\/2026\/04\/5009.99@Diafactory-schimmeltest_1-2.png\" \/>\n\t<meta property=\"og:image:width\" content=\"600\" \/>\n\t<meta property=\"og:image:height\" content=\"600\" \/>\n\t<meta property=\"og:image:type\" content=\"image\/png\" \/>\n<meta name=\"twitter:card\" content=\"summary_large_image\" \/>\n<meta name=\"twitter:label1\" content=\"Dur\u00e9e de lecture estim\u00e9e\" \/>\n\t<meta name=\"twitter:data1\" content=\"2 minutes\" \/>\n<script type=\"application\/ld+json\" class=\"yoast-schema-graph\">{\"@context\":\"https:\\\/\\\/schema.org\",\"@graph\":[{\"@type\":\"WebPage\",\"@id\":\"https:\\\/\\\/districos.standingout.be\\\/fr\\\/product\\\/preventis-test-mycose-10-pcs-ref-5009-99\\\/\",\"url\":\"https:\\\/\\\/districos.standingout.be\\\/fr\\\/product\\\/preventis-test-mycose-10-pcs-ref-5009-99\\\/\",\"name\":\"Preventis Test Mycose 10 pcs. - Districos Webshop\",\"isPartOf\":{\"@id\":\"https:\\\/\\\/districos.standingout.be\\\/fr\\\/#website\"},\"primaryImageOfPage\":{\"@id\":\"https:\\\/\\\/districos.standingout.be\\\/fr\\\/product\\\/preventis-test-mycose-10-pcs-ref-5009-99\\\/#primaryimage\"},\"image\":{\"@id\":\"https:\\\/\\\/districos.standingout.be\\\/fr\\\/product\\\/preventis-test-mycose-10-pcs-ref-5009-99\\\/#primaryimage\"},\"thumbnailUrl\":\"https:\\\/\\\/districos.standingout.be\\\/wp-content\\\/uploads\\\/2026\\\/04\\\/5009.99@Diafactory-schimmeltest_1-3.png\",\"datePublished\":\"2026-04-28T00:23:20+00:00\",\"dateModified\":\"2026-04-28T00:23:24+00:00\",\"breadcrumb\":{\"@id\":\"https:\\\/\\\/districos.standingout.be\\\/fr\\\/product\\\/preventis-test-mycose-10-pcs-ref-5009-99\\\/#breadcrumb\"},\"inLanguage\":\"fr-FR\",\"potentialAction\":[{\"@type\":\"ReadAction\",\"target\":[\"https:\\\/\\\/districos.standingout.be\\\/fr\\\/product\\\/preventis-test-mycose-10-pcs-ref-5009-99\\\/\"]}]},{\"@type\":\"ImageObject\",\"inLanguage\":\"fr-FR\",\"@id\":\"https:\\\/\\\/districos.standingout.be\\\/fr\\\/product\\\/preventis-test-mycose-10-pcs-ref-5009-99\\\/#primaryimage\",\"url\":\"https:\\\/\\\/districos.standingout.be\\\/wp-content\\\/uploads\\\/2026\\\/04\\\/5009.99@Diafactory-schimmeltest_1-3.png\",\"contentUrl\":\"https:\\\/\\\/districos.standingout.be\\\/wp-content\\\/uploads\\\/2026\\\/04\\\/5009.99@Diafactory-schimmeltest_1-3.png\",\"width\":600,\"height\":600},{\"@type\":\"BreadcrumbList\",\"@id\":\"https:\\\/\\\/districos.standingout.be\\\/fr\\\/product\\\/preventis-test-mycose-10-pcs-ref-5009-99\\\/#breadcrumb\",\"itemListElement\":[{\"@type\":\"ListItem\",\"position\":1,\"name\":\"Home\",\"item\":\"https:\\\/\\\/districos.standingout.be\\\/fr\\\/bienvenue-chez-districos\\\/\"},{\"@type\":\"ListItem\",\"position\":2,\"name\":\"Boutique\",\"item\":\"https:\\\/\\\/districos.standingout.be\\\/fr\\\/boutique\\\/\"},{\"@type\":\"ListItem\",\"position\":3,\"name\":\"Preventis Test Mycose 10 pcs.\"}]},{\"@type\":\"WebSite\",\"@id\":\"https:\\\/\\\/districos.standingout.be\\\/fr\\\/#website\",\"url\":\"https:\\\/\\\/districos.standingout.be\\\/fr\\\/\",\"name\":\"Districos Webshop\",\"description\":\"\",\"publisher\":{\"@id\":\"https:\\\/\\\/districos.standingout.be\\\/fr\\\/#organization\"},\"potentialAction\":[{\"@type\":\"SearchAction\",\"target\":{\"@type\":\"EntryPoint\",\"urlTemplate\":\"https:\\\/\\\/districos.standingout.be\\\/fr\\\/?s={search_term_string}\"},\"query-input\":{\"@type\":\"PropertyValueSpecification\",\"valueRequired\":true,\"valueName\":\"search_term_string\"}}],\"inLanguage\":\"fr-FR\"},{\"@type\":\"Organization\",\"@id\":\"https:\\\/\\\/districos.standingout.be\\\/fr\\\/#organization\",\"name\":\"Districos Webshop\",\"url\":\"https:\\\/\\\/districos.standingout.be\\\/fr\\\/\",\"logo\":{\"@type\":\"ImageObject\",\"inLanguage\":\"fr-FR\",\"@id\":\"https:\\\/\\\/districos.standingout.be\\\/fr\\\/#\\\/schema\\\/logo\\\/image\\\/\",\"url\":\"https:\\\/\\\/districos.standingout.be\\\/wp-content\\\/uploads\\\/2022\\\/09\\\/Districos_Logo_Webshop.svg\",\"contentUrl\":\"https:\\\/\\\/districos.standingout.be\\\/wp-content\\\/uploads\\\/2022\\\/09\\\/Districos_Logo_Webshop.svg\",\"caption\":\"Districos Webshop\"},\"image\":{\"@id\":\"https:\\\/\\\/districos.standingout.be\\\/fr\\\/#\\\/schema\\\/logo\\\/image\\\/\"}}]}<\/script>\n<!-- \/ Yoast SEO plugin. -->","yoast_head_json":{"title":"Preventis Test Mycose 10 pcs. - Districos Webshop","robots":{"index":"noindex","follow":"follow","max-snippet":"max-snippet:-1","max-image-preview":"max-image-preview:large","max-video-preview":"max-video-preview:-1"},"og_locale":"fr_FR","og_type":"article","og_title":"Preventis Test Mycose 10 pcs. - Districos Webshop","og_description":"Effectuez votre propre test mycose dans votre cabinet ! Lors de la mise en place d&rsquo;un traitement antifongique, il est essentiel de s&rsquo;assurer qu&rsquo;il s&rsquo;agit bien d&rsquo;une mycose. Les recherches montrent qu&rsquo;il est impossible d&rsquo;identifier une mycose \u00e0 l&rsquo;\u0153il nu et indiquent m\u00eame que dans 50 % des cas, quelque chose est consid\u00e9r\u00e9 comme une [&hellip;]","og_url":"https:\/\/districos.standingout.be\/fr\/product\/preventis-test-mycose-10-pcs-ref-5009-99\/","og_site_name":"Districos Webshop","article_modified_time":"2026-04-28T00:23:24+00:00","og_image":[{"width":600,"height":600,"url":"https:\/\/districos.standingout.be\/wp-content\/uploads\/2026\/04\/5009.99@Diafactory-schimmeltest_1-2.png","type":"image\/png"}],"twitter_card":"summary_large_image","twitter_misc":{"Dur\u00e9e de lecture estim\u00e9e":"2 minutes"},"schema":{"@context":"https:\/\/schema.org","@graph":[{"@type":"WebPage","@id":"https:\/\/districos.standingout.be\/fr\/product\/preventis-test-mycose-10-pcs-ref-5009-99\/","url":"https:\/\/districos.standingout.be\/fr\/product\/preventis-test-mycose-10-pcs-ref-5009-99\/","name":"Preventis Test Mycose 10 pcs. - Districos Webshop","isPartOf":{"@id":"https:\/\/districos.standingout.be\/fr\/#website"},"primaryImageOfPage":{"@id":"https:\/\/districos.standingout.be\/fr\/product\/preventis-test-mycose-10-pcs-ref-5009-99\/#primaryimage"},"image":{"@id":"https:\/\/districos.standingout.be\/fr\/product\/preventis-test-mycose-10-pcs-ref-5009-99\/#primaryimage"},"thumbnailUrl":"https:\/\/districos.standingout.be\/wp-content\/uploads\/2026\/04\/5009.99@Diafactory-schimmeltest_1-3.png","datePublished":"2026-04-28T00:23:20+00:00","dateModified":"2026-04-28T00:23:24+00:00","breadcrumb":{"@id":"https:\/\/districos.standingout.be\/fr\/product\/preventis-test-mycose-10-pcs-ref-5009-99\/#breadcrumb"},"inLanguage":"fr-FR","potentialAction":[{"@type":"ReadAction","target":["https:\/\/districos.standingout.be\/fr\/product\/preventis-test-mycose-10-pcs-ref-5009-99\/"]}]},{"@type":"ImageObject","inLanguage":"fr-FR","@id":"https:\/\/districos.standingout.be\/fr\/product\/preventis-test-mycose-10-pcs-ref-5009-99\/#primaryimage","url":"https:\/\/districos.standingout.be\/wp-content\/uploads\/2026\/04\/5009.99@Diafactory-schimmeltest_1-3.png","contentUrl":"https:\/\/districos.standingout.be\/wp-content\/uploads\/2026\/04\/5009.99@Diafactory-schimmeltest_1-3.png","width":600,"height":600},{"@type":"BreadcrumbList","@id":"https:\/\/districos.standingout.be\/fr\/product\/preventis-test-mycose-10-pcs-ref-5009-99\/#breadcrumb","itemListElement":[{"@type":"ListItem","position":1,"name":"Home","item":"https:\/\/districos.standingout.be\/fr\/bienvenue-chez-districos\/"},{"@type":"ListItem","position":2,"name":"Boutique","item":"https:\/\/districos.standingout.be\/fr\/boutique\/"},{"@type":"ListItem","position":3,"name":"Preventis Test Mycose 10 pcs."}]},{"@type":"WebSite","@id":"https:\/\/districos.standingout.be\/fr\/#website","url":"https:\/\/districos.standingout.be\/fr\/","name":"Districos Webshop","description":"","publisher":{"@id":"https:\/\/districos.standingout.be\/fr\/#organization"},"potentialAction":[{"@type":"SearchAction","target":{"@type":"EntryPoint","urlTemplate":"https:\/\/districos.standingout.be\/fr\/?s={search_term_string}"},"query-input":{"@type":"PropertyValueSpecification","valueRequired":true,"valueName":"search_term_string"}}],"inLanguage":"fr-FR"},{"@type":"Organization","@id":"https:\/\/districos.standingout.be\/fr\/#organization","name":"Districos Webshop","url":"https:\/\/districos.standingout.be\/fr\/","logo":{"@type":"ImageObject","inLanguage":"fr-FR","@id":"https:\/\/districos.standingout.be\/fr\/#\/schema\/logo\/image\/","url":"https:\/\/districos.standingout.be\/wp-content\/uploads\/2022\/09\/Districos_Logo_Webshop.svg","contentUrl":"https:\/\/districos.standingout.be\/wp-content\/uploads\/2022\/09\/Districos_Logo_Webshop.svg","caption":"Districos Webshop"},"image":{"@id":"https:\/\/districos.standingout.be\/fr\/#\/schema\/logo\/image\/"}}]}},"_links":{"self":[{"href":"https:\/\/districos.standingout.be\/fr\/wp-json\/wp\/v2\/product\/134505","targetHints":{"allow":["GET"]}}],"collection":[{"href":"https:\/\/districos.standingout.be\/fr\/wp-json\/wp\/v2\/product"}],"about":[{"href":"https:\/\/districos.standingout.be\/fr\/wp-json\/wp\/v2\/types\/product"}],"replies":[{"embeddable":true,"href":"https:\/\/districos.standingout.be\/fr\/wp-json\/wp\/v2\/comments?post=134505"}],"wp:featuredmedia":[{"embeddable":true,"href":"https:\/\/districos.standingout.be\/fr\/wp-json\/wp\/v2\/media\/144237"}],"wp:attachment":[{"href":"https:\/\/districos.standingout.be\/fr\/wp-json\/wp\/v2\/media?parent=134505"}],"wp:term":[{"taxonomy":"product_brand","embeddable":true,"href":"https:\/\/districos.standingout.be\/fr\/wp-json\/wp\/v2\/product_brand?post=134505"},{"taxonomy":"product_cat","embeddable":true,"href":"https:\/\/districos.standingout.be\/fr\/wp-json\/wp\/v2\/product_cat?post=134505"},{"taxonomy":"product_tag","embeddable":true,"href":"https:\/\/districos.standingout.be\/fr\/wp-json\/wp\/v2\/product_tag?post=134505"}],"curies":[{"name":"wp","href":"https:\/\/api.w.org\/{rel}","templated":true}]}}