{"id":134511,"date":"2026-04-28T02:23:54","date_gmt":"2026-04-28T00:23:54","guid":{"rendered":"https:\/\/webshopdistricoscom.webhosting.be\/product\/belfeet-urebalm-500-ml-ref-5101-2\/"},"modified":"2026-04-28T02:23:57","modified_gmt":"2026-04-28T00:23:57","slug":"belfeet-urebalm-500-ml-ref-5101","status":"publish","type":"product","link":"https:\/\/districos.standingout.be\/fr\/product\/belfeet-urebalm-500-ml-ref-5101\/","title":{"rendered":"Belfeet Urebalm+ 500 ml"},"content":{"rendered":"<p >\n<p dir=ltr>Baume sp\u00e9cial pour les pieds secs, crevass\u00e9s et \u00e0 callosit\u00e9s. Riche en ur\u00e9e qui adoucit et assouplit les callosit\u00e9s et les durillons sur les pieds et autour des ongles. \u00c9galement id\u00e9al lorsqu\u2019on coupe des ongles ou des durillons.<\/p>\n<p> <b>Emploi :<\/b> Pieds secs et r\u00eaches \u00e0 callosit\u00e9s : massez ce baume jusqu\u2019\u00e0 p\u00e9n\u00e9tration compl\u00e8te dans la peau. En cas d\u2019enl\u00e8vement manuel des callosit\u00e9s : appliquez le baume g\u00e9n\u00e9reusement, afin que vous obteniez un effet glissant.<\/p>\n<p> <b>Utilisation \u00e0 domicile :<\/b> <\/p>\n<ul> <\/p>\n<li>Peaux s\u00e8ches : 1 fois par jour <\/li>\n<p> <\/p>\n<li>Peaux extr\u00eamement s\u00e8ches et crevass\u00e9es : deux fois par jour. <\/li>\n<p> <\/ul>\n<p> <b>Caract\u00e9ristique s: <\/b>Cr\u00e8me non grasse que vous pouvez facilement masser dans la peau. <\/p>\n<p> Emballage : flacon cabine de 500 ml<\/p>\n<p> \u00c9galement disponible : tube de vente de 100 ml<\/p><\/p>\n","protected":false},"excerpt":{"rendered":"<p>Baume sp\u00e9cial pour les pieds secs, crevass\u00e9s et \u00e0 callosit\u00e9s. Riche en ur\u00e9e qui adoucit et assouplit les callosit\u00e9s et les durillons sur les pieds et autour des ongles. \u00c9galement id\u00e9al lorsqu\u2019on coupe des ongles ou des durillons. Emploi : Pieds secs et r\u00eaches \u00e0 callosit\u00e9s : massez ce baume jusqu\u2019\u00e0 p\u00e9n\u00e9tration compl\u00e8te dans la [&hellip;]<\/p>\n","protected":false},"featured_media":71974,"comment_status":"open","ping_status":"closed","template":"","meta":{"_acf_changed":false},"product_brand":[10314],"product_cat":[9946,10080],"product_tag":[],"class_list":{"0":"post-134511","1":"product","2":"type-product","3":"status-publish","4":"has-post-thumbnail","6":"product_brand-belfeet-fr","7":"product_cat-beaute-pedicure-produits-de-soin","8":"product_cat-soins-des-pieds-podologie-produits-de-soin-spa-pedicure","10":"first","11":"instock","12":"taxable","13":"shipping-taxable","14":"product-type-simple"},"acf":[],"yoast_head":"<!-- This site is optimized with the Yoast SEO plugin v27.3 - https:\/\/yoast.com\/product\/yoast-seo-wordpress\/ -->\n<title>Belfeet Urebalm+ 500 ml - Districos Webshop<\/title>\n<meta name=\"robots\" content=\"noindex, follow, max-snippet:-1, max-image-preview:large, max-video-preview:-1\" \/>\n<meta property=\"og:locale\" content=\"fr_FR\" \/>\n<meta property=\"og:type\" content=\"article\" \/>\n<meta property=\"og:title\" content=\"Belfeet Urebalm+ 500 ml - Districos Webshop\" \/>\n<meta property=\"og:description\" content=\"Baume sp\u00e9cial pour les pieds secs, crevass\u00e9s et \u00e0 callosit\u00e9s. Riche en ur\u00e9e qui adoucit et assouplit les callosit\u00e9s et les durillons sur les pieds et autour des ongles. \u00c9galement id\u00e9al lorsqu\u2019on coupe des ongles ou des durillons. Emploi : Pieds secs et r\u00eaches \u00e0 callosit\u00e9s : massez ce baume jusqu\u2019\u00e0 p\u00e9n\u00e9tration compl\u00e8te dans la [&hellip;]\" \/>\n<meta property=\"og:url\" content=\"https:\/\/districos.standingout.be\/fr\/product\/belfeet-urebalm-500-ml-ref-5101\/\" \/>\n<meta property=\"og:site_name\" content=\"Districos Webshop\" \/>\n<meta property=\"article:modified_time\" content=\"2026-04-28T00:23:57+00:00\" \/>\n<meta property=\"og:image\" content=\"https:\/\/districos.standingout.be\/wp-content\/uploads\/2025\/07\/5101@LowRes_1_0.png\" \/>\n\t<meta property=\"og:image:width\" content=\"600\" \/>\n\t<meta property=\"og:image:height\" content=\"600\" \/>\n\t<meta property=\"og:image:type\" content=\"image\/png\" \/>\n<meta name=\"twitter:card\" content=\"summary_large_image\" \/>\n<meta name=\"twitter:label1\" content=\"Dur\u00e9e de lecture estim\u00e9e\" \/>\n\t<meta name=\"twitter:data1\" content=\"1 minute\" \/>\n<script type=\"application\/ld+json\" class=\"yoast-schema-graph\">{\"@context\":\"https:\\\/\\\/schema.org\",\"@graph\":[{\"@type\":\"WebPage\",\"@id\":\"https:\\\/\\\/districos.standingout.be\\\/fr\\\/product\\\/belfeet-urebalm-500-ml-ref-5101\\\/\",\"url\":\"https:\\\/\\\/districos.standingout.be\\\/fr\\\/product\\\/belfeet-urebalm-500-ml-ref-5101\\\/\",\"name\":\"Belfeet Urebalm+ 500 ml - Districos Webshop\",\"isPartOf\":{\"@id\":\"https:\\\/\\\/districos.standingout.be\\\/fr\\\/#website\"},\"primaryImageOfPage\":{\"@id\":\"https:\\\/\\\/districos.standingout.be\\\/fr\\\/product\\\/belfeet-urebalm-500-ml-ref-5101\\\/#primaryimage\"},\"image\":{\"@id\":\"https:\\\/\\\/districos.standingout.be\\\/fr\\\/product\\\/belfeet-urebalm-500-ml-ref-5101\\\/#primaryimage\"},\"thumbnailUrl\":\"https:\\\/\\\/districos.standingout.be\\\/wp-content\\\/uploads\\\/2025\\\/07\\\/5101@LowRes_1_0.png\",\"datePublished\":\"2026-04-28T00:23:54+00:00\",\"dateModified\":\"2026-04-28T00:23:57+00:00\",\"breadcrumb\":{\"@id\":\"https:\\\/\\\/districos.standingout.be\\\/fr\\\/product\\\/belfeet-urebalm-500-ml-ref-5101\\\/#breadcrumb\"},\"inLanguage\":\"fr-FR\",\"potentialAction\":[{\"@type\":\"ReadAction\",\"target\":[\"https:\\\/\\\/districos.standingout.be\\\/fr\\\/product\\\/belfeet-urebalm-500-ml-ref-5101\\\/\"]}]},{\"@type\":\"ImageObject\",\"inLanguage\":\"fr-FR\",\"@id\":\"https:\\\/\\\/districos.standingout.be\\\/fr\\\/product\\\/belfeet-urebalm-500-ml-ref-5101\\\/#primaryimage\",\"url\":\"https:\\\/\\\/districos.standingout.be\\\/wp-content\\\/uploads\\\/2025\\\/07\\\/5101@LowRes_1_0.png\",\"contentUrl\":\"https:\\\/\\\/districos.standingout.be\\\/wp-content\\\/uploads\\\/2025\\\/07\\\/5101@LowRes_1_0.png\",\"width\":600,\"height\":600},{\"@type\":\"BreadcrumbList\",\"@id\":\"https:\\\/\\\/districos.standingout.be\\\/fr\\\/product\\\/belfeet-urebalm-500-ml-ref-5101\\\/#breadcrumb\",\"itemListElement\":[{\"@type\":\"ListItem\",\"position\":1,\"name\":\"Home\",\"item\":\"https:\\\/\\\/districos.standingout.be\\\/fr\\\/bienvenue-chez-districos\\\/\"},{\"@type\":\"ListItem\",\"position\":2,\"name\":\"Boutique\",\"item\":\"https:\\\/\\\/districos.standingout.be\\\/fr\\\/boutique\\\/\"},{\"@type\":\"ListItem\",\"position\":3,\"name\":\"Belfeet Urebalm+ 500 ml\"}]},{\"@type\":\"WebSite\",\"@id\":\"https:\\\/\\\/districos.standingout.be\\\/fr\\\/#website\",\"url\":\"https:\\\/\\\/districos.standingout.be\\\/fr\\\/\",\"name\":\"Districos Webshop\",\"description\":\"\",\"publisher\":{\"@id\":\"https:\\\/\\\/districos.standingout.be\\\/fr\\\/#organization\"},\"potentialAction\":[{\"@type\":\"SearchAction\",\"target\":{\"@type\":\"EntryPoint\",\"urlTemplate\":\"https:\\\/\\\/districos.standingout.be\\\/fr\\\/?s={search_term_string}\"},\"query-input\":{\"@type\":\"PropertyValueSpecification\",\"valueRequired\":true,\"valueName\":\"search_term_string\"}}],\"inLanguage\":\"fr-FR\"},{\"@type\":\"Organization\",\"@id\":\"https:\\\/\\\/districos.standingout.be\\\/fr\\\/#organization\",\"name\":\"Districos Webshop\",\"url\":\"https:\\\/\\\/districos.standingout.be\\\/fr\\\/\",\"logo\":{\"@type\":\"ImageObject\",\"inLanguage\":\"fr-FR\",\"@id\":\"https:\\\/\\\/districos.standingout.be\\\/fr\\\/#\\\/schema\\\/logo\\\/image\\\/\",\"url\":\"https:\\\/\\\/districos.standingout.be\\\/wp-content\\\/uploads\\\/2022\\\/09\\\/Districos_Logo_Webshop.svg\",\"contentUrl\":\"https:\\\/\\\/districos.standingout.be\\\/wp-content\\\/uploads\\\/2022\\\/09\\\/Districos_Logo_Webshop.svg\",\"caption\":\"Districos Webshop\"},\"image\":{\"@id\":\"https:\\\/\\\/districos.standingout.be\\\/fr\\\/#\\\/schema\\\/logo\\\/image\\\/\"}}]}<\/script>\n<!-- \/ Yoast SEO plugin. -->","yoast_head_json":{"title":"Belfeet Urebalm+ 500 ml - Districos Webshop","robots":{"index":"noindex","follow":"follow","max-snippet":"max-snippet:-1","max-image-preview":"max-image-preview:large","max-video-preview":"max-video-preview:-1"},"og_locale":"fr_FR","og_type":"article","og_title":"Belfeet Urebalm+ 500 ml - Districos Webshop","og_description":"Baume sp\u00e9cial pour les pieds secs, crevass\u00e9s et \u00e0 callosit\u00e9s. Riche en ur\u00e9e qui adoucit et assouplit les callosit\u00e9s et les durillons sur les pieds et autour des ongles. \u00c9galement id\u00e9al lorsqu\u2019on coupe des ongles ou des durillons. Emploi : Pieds secs et r\u00eaches \u00e0 callosit\u00e9s : massez ce baume jusqu\u2019\u00e0 p\u00e9n\u00e9tration compl\u00e8te dans la [&hellip;]","og_url":"https:\/\/districos.standingout.be\/fr\/product\/belfeet-urebalm-500-ml-ref-5101\/","og_site_name":"Districos Webshop","article_modified_time":"2026-04-28T00:23:57+00:00","og_image":[{"width":600,"height":600,"url":"https:\/\/districos.standingout.be\/wp-content\/uploads\/2025\/07\/5101@LowRes_1_0.png","type":"image\/png"}],"twitter_card":"summary_large_image","twitter_misc":{"Dur\u00e9e de lecture estim\u00e9e":"1 minute"},"schema":{"@context":"https:\/\/schema.org","@graph":[{"@type":"WebPage","@id":"https:\/\/districos.standingout.be\/fr\/product\/belfeet-urebalm-500-ml-ref-5101\/","url":"https:\/\/districos.standingout.be\/fr\/product\/belfeet-urebalm-500-ml-ref-5101\/","name":"Belfeet Urebalm+ 500 ml - Districos Webshop","isPartOf":{"@id":"https:\/\/districos.standingout.be\/fr\/#website"},"primaryImageOfPage":{"@id":"https:\/\/districos.standingout.be\/fr\/product\/belfeet-urebalm-500-ml-ref-5101\/#primaryimage"},"image":{"@id":"https:\/\/districos.standingout.be\/fr\/product\/belfeet-urebalm-500-ml-ref-5101\/#primaryimage"},"thumbnailUrl":"https:\/\/districos.standingout.be\/wp-content\/uploads\/2025\/07\/5101@LowRes_1_0.png","datePublished":"2026-04-28T00:23:54+00:00","dateModified":"2026-04-28T00:23:57+00:00","breadcrumb":{"@id":"https:\/\/districos.standingout.be\/fr\/product\/belfeet-urebalm-500-ml-ref-5101\/#breadcrumb"},"inLanguage":"fr-FR","potentialAction":[{"@type":"ReadAction","target":["https:\/\/districos.standingout.be\/fr\/product\/belfeet-urebalm-500-ml-ref-5101\/"]}]},{"@type":"ImageObject","inLanguage":"fr-FR","@id":"https:\/\/districos.standingout.be\/fr\/product\/belfeet-urebalm-500-ml-ref-5101\/#primaryimage","url":"https:\/\/districos.standingout.be\/wp-content\/uploads\/2025\/07\/5101@LowRes_1_0.png","contentUrl":"https:\/\/districos.standingout.be\/wp-content\/uploads\/2025\/07\/5101@LowRes_1_0.png","width":600,"height":600},{"@type":"BreadcrumbList","@id":"https:\/\/districos.standingout.be\/fr\/product\/belfeet-urebalm-500-ml-ref-5101\/#breadcrumb","itemListElement":[{"@type":"ListItem","position":1,"name":"Home","item":"https:\/\/districos.standingout.be\/fr\/bienvenue-chez-districos\/"},{"@type":"ListItem","position":2,"name":"Boutique","item":"https:\/\/districos.standingout.be\/fr\/boutique\/"},{"@type":"ListItem","position":3,"name":"Belfeet Urebalm+ 500 ml"}]},{"@type":"WebSite","@id":"https:\/\/districos.standingout.be\/fr\/#website","url":"https:\/\/districos.standingout.be\/fr\/","name":"Districos Webshop","description":"","publisher":{"@id":"https:\/\/districos.standingout.be\/fr\/#organization"},"potentialAction":[{"@type":"SearchAction","target":{"@type":"EntryPoint","urlTemplate":"https:\/\/districos.standingout.be\/fr\/?s={search_term_string}"},"query-input":{"@type":"PropertyValueSpecification","valueRequired":true,"valueName":"search_term_string"}}],"inLanguage":"fr-FR"},{"@type":"Organization","@id":"https:\/\/districos.standingout.be\/fr\/#organization","name":"Districos Webshop","url":"https:\/\/districos.standingout.be\/fr\/","logo":{"@type":"ImageObject","inLanguage":"fr-FR","@id":"https:\/\/districos.standingout.be\/fr\/#\/schema\/logo\/image\/","url":"https:\/\/districos.standingout.be\/wp-content\/uploads\/2022\/09\/Districos_Logo_Webshop.svg","contentUrl":"https:\/\/districos.standingout.be\/wp-content\/uploads\/2022\/09\/Districos_Logo_Webshop.svg","caption":"Districos Webshop"},"image":{"@id":"https:\/\/districos.standingout.be\/fr\/#\/schema\/logo\/image\/"}}]}},"_links":{"self":[{"href":"https:\/\/districos.standingout.be\/fr\/wp-json\/wp\/v2\/product\/134511","targetHints":{"allow":["GET"]}}],"collection":[{"href":"https:\/\/districos.standingout.be\/fr\/wp-json\/wp\/v2\/product"}],"about":[{"href":"https:\/\/districos.standingout.be\/fr\/wp-json\/wp\/v2\/types\/product"}],"replies":[{"embeddable":true,"href":"https:\/\/districos.standingout.be\/fr\/wp-json\/wp\/v2\/comments?post=134511"}],"wp:featuredmedia":[{"embeddable":true,"href":"https:\/\/districos.standingout.be\/fr\/wp-json\/wp\/v2\/media\/71974"}],"wp:attachment":[{"href":"https:\/\/districos.standingout.be\/fr\/wp-json\/wp\/v2\/media?parent=134511"}],"wp:term":[{"taxonomy":"product_brand","embeddable":true,"href":"https:\/\/districos.standingout.be\/fr\/wp-json\/wp\/v2\/product_brand?post=134511"},{"taxonomy":"product_cat","embeddable":true,"href":"https:\/\/districos.standingout.be\/fr\/wp-json\/wp\/v2\/product_cat?post=134511"},{"taxonomy":"product_tag","embeddable":true,"href":"https:\/\/districos.standingout.be\/fr\/wp-json\/wp\/v2\/product_tag?post=134511"}],"curies":[{"name":"wp","href":"https:\/\/api.w.org\/{rel}","templated":true}]}}