{"id":134513,"date":"2026-04-28T02:23:58","date_gmt":"2026-04-28T00:23:58","guid":{"rendered":"https:\/\/webshopdistricoscom.webhosting.be\/product\/belfeet-belpeel-200-ml-ref-5106-2\/"},"modified":"2026-04-28T02:24:01","modified_gmt":"2026-04-28T00:24:01","slug":"belfeet-belpeel-200-ml-ref-5106","status":"publish","type":"product","link":"https:\/\/districos.standingout.be\/fr\/product\/belfeet-belpeel-200-ml-ref-5106\/","title":{"rendered":"Belfeet Belpeel 200 ml"},"content":{"rendered":"<p >\n<p dir=ltr>Peeling cr\u00e9meux \u00e0 gros grain afin de gommer les cellules mortes.<\/p>\n<p> <b>Emploi :<\/b> Appliquez une petite quantit\u00e9 et effectuez le peeling en mouvements circulaires. Ensuite, les restants peuvent \u00eatre retir\u00e9s sans peine \u00e0 l\u2019eau. Apr\u00e8s usage, enlevez les r\u00e9sidus de peeling qui se trouvent sur le capuchon.<\/p>\n<p> <b>Caract\u00e9ristiques :<\/b> Cr\u00e8me \u00e9paisse au parfum d\u00e9licat. Elle contient du kaolin et des noyaux d\u2019abricot broy\u00e9s pour un peeling efficace. <\/p>\n<p> Emballage : tube de 200 ml avec capuchon rabattable<\/p><\/p>\n","protected":false},"excerpt":{"rendered":"<p>Peeling cr\u00e9meux \u00e0 gros grain afin de gommer les cellules mortes. Emploi : Appliquez une petite quantit\u00e9 et effectuez le peeling en mouvements circulaires. Ensuite, les restants peuvent \u00eatre retir\u00e9s sans peine \u00e0 l\u2019eau. Apr\u00e8s usage, enlevez les r\u00e9sidus de peeling qui se trouvent sur le capuchon. Caract\u00e9ristiques : Cr\u00e8me \u00e9paisse au parfum d\u00e9licat. Elle [&hellip;]<\/p>\n","protected":false},"featured_media":71980,"comment_status":"open","ping_status":"closed","template":"","meta":{"_acf_changed":false},"product_brand":[10314],"product_cat":[9946,10080],"product_tag":[],"class_list":{"0":"post-134513","1":"product","2":"type-product","3":"status-publish","4":"has-post-thumbnail","6":"product_brand-belfeet-fr","7":"product_cat-beaute-pedicure-produits-de-soin","8":"product_cat-soins-des-pieds-podologie-produits-de-soin-spa-pedicure","10":"first","11":"instock","12":"taxable","13":"shipping-taxable","14":"product-type-simple"},"acf":[],"yoast_head":"<!-- This site is optimized with the Yoast SEO plugin v27.3 - https:\/\/yoast.com\/product\/yoast-seo-wordpress\/ -->\n<title>Belfeet Belpeel 200 ml - Districos Webshop<\/title>\n<meta name=\"robots\" content=\"noindex, follow, max-snippet:-1, max-image-preview:large, max-video-preview:-1\" \/>\n<meta property=\"og:locale\" content=\"fr_FR\" \/>\n<meta property=\"og:type\" content=\"article\" \/>\n<meta property=\"og:title\" content=\"Belfeet Belpeel 200 ml - Districos Webshop\" \/>\n<meta property=\"og:description\" content=\"Peeling cr\u00e9meux \u00e0 gros grain afin de gommer les cellules mortes. Emploi : Appliquez une petite quantit\u00e9 et effectuez le peeling en mouvements circulaires. Ensuite, les restants peuvent \u00eatre retir\u00e9s sans peine \u00e0 l\u2019eau. Apr\u00e8s usage, enlevez les r\u00e9sidus de peeling qui se trouvent sur le capuchon. Caract\u00e9ristiques : Cr\u00e8me \u00e9paisse au parfum d\u00e9licat. Elle [&hellip;]\" \/>\n<meta property=\"og:url\" content=\"https:\/\/districos.standingout.be\/fr\/product\/belfeet-belpeel-200-ml-ref-5106\/\" \/>\n<meta property=\"og:site_name\" content=\"Districos Webshop\" \/>\n<meta property=\"article:modified_time\" content=\"2026-04-28T00:24:01+00:00\" \/>\n<meta property=\"og:image\" content=\"https:\/\/districos.standingout.be\/wp-content\/uploads\/2025\/07\/5106@LowRes_1_0.png\" \/>\n\t<meta property=\"og:image:width\" content=\"600\" \/>\n\t<meta property=\"og:image:height\" content=\"600\" \/>\n\t<meta property=\"og:image:type\" content=\"image\/png\" \/>\n<meta name=\"twitter:card\" content=\"summary_large_image\" \/>\n<script type=\"application\/ld+json\" class=\"yoast-schema-graph\">{\"@context\":\"https:\\\/\\\/schema.org\",\"@graph\":[{\"@type\":\"WebPage\",\"@id\":\"https:\\\/\\\/districos.standingout.be\\\/fr\\\/product\\\/belfeet-belpeel-200-ml-ref-5106\\\/\",\"url\":\"https:\\\/\\\/districos.standingout.be\\\/fr\\\/product\\\/belfeet-belpeel-200-ml-ref-5106\\\/\",\"name\":\"Belfeet Belpeel 200 ml - Districos Webshop\",\"isPartOf\":{\"@id\":\"https:\\\/\\\/districos.standingout.be\\\/fr\\\/#website\"},\"primaryImageOfPage\":{\"@id\":\"https:\\\/\\\/districos.standingout.be\\\/fr\\\/product\\\/belfeet-belpeel-200-ml-ref-5106\\\/#primaryimage\"},\"image\":{\"@id\":\"https:\\\/\\\/districos.standingout.be\\\/fr\\\/product\\\/belfeet-belpeel-200-ml-ref-5106\\\/#primaryimage\"},\"thumbnailUrl\":\"https:\\\/\\\/districos.standingout.be\\\/wp-content\\\/uploads\\\/2025\\\/07\\\/5106@LowRes_1_0.png\",\"datePublished\":\"2026-04-28T00:23:58+00:00\",\"dateModified\":\"2026-04-28T00:24:01+00:00\",\"breadcrumb\":{\"@id\":\"https:\\\/\\\/districos.standingout.be\\\/fr\\\/product\\\/belfeet-belpeel-200-ml-ref-5106\\\/#breadcrumb\"},\"inLanguage\":\"fr-FR\",\"potentialAction\":[{\"@type\":\"ReadAction\",\"target\":[\"https:\\\/\\\/districos.standingout.be\\\/fr\\\/product\\\/belfeet-belpeel-200-ml-ref-5106\\\/\"]}]},{\"@type\":\"ImageObject\",\"inLanguage\":\"fr-FR\",\"@id\":\"https:\\\/\\\/districos.standingout.be\\\/fr\\\/product\\\/belfeet-belpeel-200-ml-ref-5106\\\/#primaryimage\",\"url\":\"https:\\\/\\\/districos.standingout.be\\\/wp-content\\\/uploads\\\/2025\\\/07\\\/5106@LowRes_1_0.png\",\"contentUrl\":\"https:\\\/\\\/districos.standingout.be\\\/wp-content\\\/uploads\\\/2025\\\/07\\\/5106@LowRes_1_0.png\",\"width\":600,\"height\":600},{\"@type\":\"BreadcrumbList\",\"@id\":\"https:\\\/\\\/districos.standingout.be\\\/fr\\\/product\\\/belfeet-belpeel-200-ml-ref-5106\\\/#breadcrumb\",\"itemListElement\":[{\"@type\":\"ListItem\",\"position\":1,\"name\":\"Home\",\"item\":\"https:\\\/\\\/districos.standingout.be\\\/fr\\\/bienvenue-chez-districos\\\/\"},{\"@type\":\"ListItem\",\"position\":2,\"name\":\"Boutique\",\"item\":\"https:\\\/\\\/districos.standingout.be\\\/fr\\\/boutique\\\/\"},{\"@type\":\"ListItem\",\"position\":3,\"name\":\"Belfeet Belpeel 200 ml\"}]},{\"@type\":\"WebSite\",\"@id\":\"https:\\\/\\\/districos.standingout.be\\\/fr\\\/#website\",\"url\":\"https:\\\/\\\/districos.standingout.be\\\/fr\\\/\",\"name\":\"Districos Webshop\",\"description\":\"\",\"publisher\":{\"@id\":\"https:\\\/\\\/districos.standingout.be\\\/fr\\\/#organization\"},\"potentialAction\":[{\"@type\":\"SearchAction\",\"target\":{\"@type\":\"EntryPoint\",\"urlTemplate\":\"https:\\\/\\\/districos.standingout.be\\\/fr\\\/?s={search_term_string}\"},\"query-input\":{\"@type\":\"PropertyValueSpecification\",\"valueRequired\":true,\"valueName\":\"search_term_string\"}}],\"inLanguage\":\"fr-FR\"},{\"@type\":\"Organization\",\"@id\":\"https:\\\/\\\/districos.standingout.be\\\/fr\\\/#organization\",\"name\":\"Districos Webshop\",\"url\":\"https:\\\/\\\/districos.standingout.be\\\/fr\\\/\",\"logo\":{\"@type\":\"ImageObject\",\"inLanguage\":\"fr-FR\",\"@id\":\"https:\\\/\\\/districos.standingout.be\\\/fr\\\/#\\\/schema\\\/logo\\\/image\\\/\",\"url\":\"https:\\\/\\\/districos.standingout.be\\\/wp-content\\\/uploads\\\/2022\\\/09\\\/Districos_Logo_Webshop.svg\",\"contentUrl\":\"https:\\\/\\\/districos.standingout.be\\\/wp-content\\\/uploads\\\/2022\\\/09\\\/Districos_Logo_Webshop.svg\",\"caption\":\"Districos Webshop\"},\"image\":{\"@id\":\"https:\\\/\\\/districos.standingout.be\\\/fr\\\/#\\\/schema\\\/logo\\\/image\\\/\"}}]}<\/script>\n<!-- \/ Yoast SEO plugin. -->","yoast_head_json":{"title":"Belfeet Belpeel 200 ml - Districos Webshop","robots":{"index":"noindex","follow":"follow","max-snippet":"max-snippet:-1","max-image-preview":"max-image-preview:large","max-video-preview":"max-video-preview:-1"},"og_locale":"fr_FR","og_type":"article","og_title":"Belfeet Belpeel 200 ml - Districos Webshop","og_description":"Peeling cr\u00e9meux \u00e0 gros grain afin de gommer les cellules mortes. Emploi : Appliquez une petite quantit\u00e9 et effectuez le peeling en mouvements circulaires. Ensuite, les restants peuvent \u00eatre retir\u00e9s sans peine \u00e0 l\u2019eau. Apr\u00e8s usage, enlevez les r\u00e9sidus de peeling qui se trouvent sur le capuchon. Caract\u00e9ristiques : Cr\u00e8me \u00e9paisse au parfum d\u00e9licat. Elle [&hellip;]","og_url":"https:\/\/districos.standingout.be\/fr\/product\/belfeet-belpeel-200-ml-ref-5106\/","og_site_name":"Districos Webshop","article_modified_time":"2026-04-28T00:24:01+00:00","og_image":[{"width":600,"height":600,"url":"https:\/\/districos.standingout.be\/wp-content\/uploads\/2025\/07\/5106@LowRes_1_0.png","type":"image\/png"}],"twitter_card":"summary_large_image","schema":{"@context":"https:\/\/schema.org","@graph":[{"@type":"WebPage","@id":"https:\/\/districos.standingout.be\/fr\/product\/belfeet-belpeel-200-ml-ref-5106\/","url":"https:\/\/districos.standingout.be\/fr\/product\/belfeet-belpeel-200-ml-ref-5106\/","name":"Belfeet Belpeel 200 ml - Districos Webshop","isPartOf":{"@id":"https:\/\/districos.standingout.be\/fr\/#website"},"primaryImageOfPage":{"@id":"https:\/\/districos.standingout.be\/fr\/product\/belfeet-belpeel-200-ml-ref-5106\/#primaryimage"},"image":{"@id":"https:\/\/districos.standingout.be\/fr\/product\/belfeet-belpeel-200-ml-ref-5106\/#primaryimage"},"thumbnailUrl":"https:\/\/districos.standingout.be\/wp-content\/uploads\/2025\/07\/5106@LowRes_1_0.png","datePublished":"2026-04-28T00:23:58+00:00","dateModified":"2026-04-28T00:24:01+00:00","breadcrumb":{"@id":"https:\/\/districos.standingout.be\/fr\/product\/belfeet-belpeel-200-ml-ref-5106\/#breadcrumb"},"inLanguage":"fr-FR","potentialAction":[{"@type":"ReadAction","target":["https:\/\/districos.standingout.be\/fr\/product\/belfeet-belpeel-200-ml-ref-5106\/"]}]},{"@type":"ImageObject","inLanguage":"fr-FR","@id":"https:\/\/districos.standingout.be\/fr\/product\/belfeet-belpeel-200-ml-ref-5106\/#primaryimage","url":"https:\/\/districos.standingout.be\/wp-content\/uploads\/2025\/07\/5106@LowRes_1_0.png","contentUrl":"https:\/\/districos.standingout.be\/wp-content\/uploads\/2025\/07\/5106@LowRes_1_0.png","width":600,"height":600},{"@type":"BreadcrumbList","@id":"https:\/\/districos.standingout.be\/fr\/product\/belfeet-belpeel-200-ml-ref-5106\/#breadcrumb","itemListElement":[{"@type":"ListItem","position":1,"name":"Home","item":"https:\/\/districos.standingout.be\/fr\/bienvenue-chez-districos\/"},{"@type":"ListItem","position":2,"name":"Boutique","item":"https:\/\/districos.standingout.be\/fr\/boutique\/"},{"@type":"ListItem","position":3,"name":"Belfeet Belpeel 200 ml"}]},{"@type":"WebSite","@id":"https:\/\/districos.standingout.be\/fr\/#website","url":"https:\/\/districos.standingout.be\/fr\/","name":"Districos Webshop","description":"","publisher":{"@id":"https:\/\/districos.standingout.be\/fr\/#organization"},"potentialAction":[{"@type":"SearchAction","target":{"@type":"EntryPoint","urlTemplate":"https:\/\/districos.standingout.be\/fr\/?s={search_term_string}"},"query-input":{"@type":"PropertyValueSpecification","valueRequired":true,"valueName":"search_term_string"}}],"inLanguage":"fr-FR"},{"@type":"Organization","@id":"https:\/\/districos.standingout.be\/fr\/#organization","name":"Districos Webshop","url":"https:\/\/districos.standingout.be\/fr\/","logo":{"@type":"ImageObject","inLanguage":"fr-FR","@id":"https:\/\/districos.standingout.be\/fr\/#\/schema\/logo\/image\/","url":"https:\/\/districos.standingout.be\/wp-content\/uploads\/2022\/09\/Districos_Logo_Webshop.svg","contentUrl":"https:\/\/districos.standingout.be\/wp-content\/uploads\/2022\/09\/Districos_Logo_Webshop.svg","caption":"Districos Webshop"},"image":{"@id":"https:\/\/districos.standingout.be\/fr\/#\/schema\/logo\/image\/"}}]}},"_links":{"self":[{"href":"https:\/\/districos.standingout.be\/fr\/wp-json\/wp\/v2\/product\/134513","targetHints":{"allow":["GET"]}}],"collection":[{"href":"https:\/\/districos.standingout.be\/fr\/wp-json\/wp\/v2\/product"}],"about":[{"href":"https:\/\/districos.standingout.be\/fr\/wp-json\/wp\/v2\/types\/product"}],"replies":[{"embeddable":true,"href":"https:\/\/districos.standingout.be\/fr\/wp-json\/wp\/v2\/comments?post=134513"}],"wp:featuredmedia":[{"embeddable":true,"href":"https:\/\/districos.standingout.be\/fr\/wp-json\/wp\/v2\/media\/71980"}],"wp:attachment":[{"href":"https:\/\/districos.standingout.be\/fr\/wp-json\/wp\/v2\/media?parent=134513"}],"wp:term":[{"taxonomy":"product_brand","embeddable":true,"href":"https:\/\/districos.standingout.be\/fr\/wp-json\/wp\/v2\/product_brand?post=134513"},{"taxonomy":"product_cat","embeddable":true,"href":"https:\/\/districos.standingout.be\/fr\/wp-json\/wp\/v2\/product_cat?post=134513"},{"taxonomy":"product_tag","embeddable":true,"href":"https:\/\/districos.standingout.be\/fr\/wp-json\/wp\/v2\/product_tag?post=134513"}],"curies":[{"name":"wp","href":"https:\/\/api.w.org\/{rel}","templated":true}]}}