{"id":134515,"date":"2026-04-28T02:24:01","date_gmt":"2026-04-28T00:24:01","guid":{"rendered":"https:\/\/webshopdistricoscom.webhosting.be\/product\/belfeet-tea-tree-oil-150-ml-ref-5108-2\/"},"modified":"2026-04-28T02:24:05","modified_gmt":"2026-04-28T00:24:05","slug":"belfeet-tea-tree-oil-150-ml-ref-5108","status":"publish","type":"product","link":"https:\/\/districos.standingout.be\/fr\/product\/belfeet-tea-tree-oil-150-ml-ref-5108\/","title":{"rendered":"Belfeet Tea Tree Oil 150 ml"},"content":{"rendered":"<p >\n<p dir=ltr>Les caract\u00e9ristiques m\u00e9dicinales de l\u2019huile essentielle Tea Tree sont d\u00e9j\u00e0 connues depuis des si\u00e8cles. Cette huile essentielle a des propri\u00e9t\u00e9s d\u00e9sinfectantes, antifongiques et stimulantes. Elle apaise \u00e9galement les crampes et les douleurs, est antitranspirante, chasse les insectes et emp\u00eache la formation de tissu cicatriciel. Elle s\u2019utilise au cours de n\u2019importe quel traitement des pieds, des mains, du visage et du corps. L&rsquo;huile Tea Tree encourage l\u2019oxyg\u00e9nation des cellules et est tr\u00e8s rafra\u00eechissante. L&rsquo;usage r\u00e9gulier \u00e0 domicile optimise les r\u00e9sultats du soin en cabine et pr\u00e9vient de nombreux probl\u00e8mes cutan\u00e9s. L\u2019huile de Tea Tree est efficace non seulement pour un massage, mais \u00e9galement pour un bain de pieds.<\/p>\n<p> Emploi : Massage : m\u00e9langez deux gouts avec une huile de base. Bain de pieds : 6 \u00e0 10 gouttes par bain de pieds.<\/p>\n<p> Emballage : flacon cabine de 150 ml avec pipette <\/p><\/p>\n","protected":false},"excerpt":{"rendered":"<p>Les caract\u00e9ristiques m\u00e9dicinales de l\u2019huile essentielle Tea Tree sont d\u00e9j\u00e0 connues depuis des si\u00e8cles. Cette huile essentielle a des propri\u00e9t\u00e9s d\u00e9sinfectantes, antifongiques et stimulantes. Elle apaise \u00e9galement les crampes et les douleurs, est antitranspirante, chasse les insectes et emp\u00eache la formation de tissu cicatriciel. Elle s\u2019utilise au cours de n\u2019importe quel traitement des pieds, des [&hellip;]<\/p>\n","protected":false},"featured_media":71983,"comment_status":"open","ping_status":"closed","template":"","meta":{"_acf_changed":false},"product_brand":[10314],"product_cat":[9946],"product_tag":[],"class_list":{"0":"post-134515","1":"product","2":"type-product","3":"status-publish","4":"has-post-thumbnail","6":"product_brand-belfeet-fr","7":"product_cat-beaute-pedicure-produits-de-soin","9":"first","10":"instock","11":"taxable","12":"shipping-taxable","13":"product-type-simple"},"acf":[],"yoast_head":"<!-- This site is optimized with the Yoast SEO plugin v27.3 - https:\/\/yoast.com\/product\/yoast-seo-wordpress\/ -->\n<title>Belfeet Tea Tree Oil 150 ml - Districos Webshop<\/title>\n<meta name=\"robots\" content=\"noindex, follow, max-snippet:-1, max-image-preview:large, max-video-preview:-1\" \/>\n<meta property=\"og:locale\" content=\"fr_FR\" \/>\n<meta property=\"og:type\" content=\"article\" \/>\n<meta property=\"og:title\" content=\"Belfeet Tea Tree Oil 150 ml - Districos Webshop\" \/>\n<meta property=\"og:description\" content=\"Les caract\u00e9ristiques m\u00e9dicinales de l\u2019huile essentielle Tea Tree sont d\u00e9j\u00e0 connues depuis des si\u00e8cles. Cette huile essentielle a des propri\u00e9t\u00e9s d\u00e9sinfectantes, antifongiques et stimulantes. Elle apaise \u00e9galement les crampes et les douleurs, est antitranspirante, chasse les insectes et emp\u00eache la formation de tissu cicatriciel. Elle s\u2019utilise au cours de n\u2019importe quel traitement des pieds, des [&hellip;]\" \/>\n<meta property=\"og:url\" content=\"https:\/\/districos.standingout.be\/fr\/product\/belfeet-tea-tree-oil-150-ml-ref-5108\/\" \/>\n<meta property=\"og:site_name\" content=\"Districos Webshop\" \/>\n<meta property=\"article:modified_time\" content=\"2026-04-28T00:24:05+00:00\" \/>\n<meta property=\"og:image\" content=\"https:\/\/districos.standingout.be\/wp-content\/uploads\/2025\/07\/5108@LowRes_1_0.png\" \/>\n\t<meta property=\"og:image:width\" content=\"600\" \/>\n\t<meta property=\"og:image:height\" content=\"600\" \/>\n\t<meta property=\"og:image:type\" content=\"image\/png\" \/>\n<meta name=\"twitter:card\" content=\"summary_large_image\" \/>\n<meta name=\"twitter:label1\" content=\"Dur\u00e9e de lecture estim\u00e9e\" \/>\n\t<meta name=\"twitter:data1\" content=\"1 minute\" \/>\n<script type=\"application\/ld+json\" class=\"yoast-schema-graph\">{\"@context\":\"https:\\\/\\\/schema.org\",\"@graph\":[{\"@type\":\"WebPage\",\"@id\":\"https:\\\/\\\/districos.standingout.be\\\/fr\\\/product\\\/belfeet-tea-tree-oil-150-ml-ref-5108\\\/\",\"url\":\"https:\\\/\\\/districos.standingout.be\\\/fr\\\/product\\\/belfeet-tea-tree-oil-150-ml-ref-5108\\\/\",\"name\":\"Belfeet Tea Tree Oil 150 ml - Districos Webshop\",\"isPartOf\":{\"@id\":\"https:\\\/\\\/districos.standingout.be\\\/fr\\\/#website\"},\"primaryImageOfPage\":{\"@id\":\"https:\\\/\\\/districos.standingout.be\\\/fr\\\/product\\\/belfeet-tea-tree-oil-150-ml-ref-5108\\\/#primaryimage\"},\"image\":{\"@id\":\"https:\\\/\\\/districos.standingout.be\\\/fr\\\/product\\\/belfeet-tea-tree-oil-150-ml-ref-5108\\\/#primaryimage\"},\"thumbnailUrl\":\"https:\\\/\\\/districos.standingout.be\\\/wp-content\\\/uploads\\\/2025\\\/07\\\/5108@LowRes_1_0.png\",\"datePublished\":\"2026-04-28T00:24:01+00:00\",\"dateModified\":\"2026-04-28T00:24:05+00:00\",\"breadcrumb\":{\"@id\":\"https:\\\/\\\/districos.standingout.be\\\/fr\\\/product\\\/belfeet-tea-tree-oil-150-ml-ref-5108\\\/#breadcrumb\"},\"inLanguage\":\"fr-FR\",\"potentialAction\":[{\"@type\":\"ReadAction\",\"target\":[\"https:\\\/\\\/districos.standingout.be\\\/fr\\\/product\\\/belfeet-tea-tree-oil-150-ml-ref-5108\\\/\"]}]},{\"@type\":\"ImageObject\",\"inLanguage\":\"fr-FR\",\"@id\":\"https:\\\/\\\/districos.standingout.be\\\/fr\\\/product\\\/belfeet-tea-tree-oil-150-ml-ref-5108\\\/#primaryimage\",\"url\":\"https:\\\/\\\/districos.standingout.be\\\/wp-content\\\/uploads\\\/2025\\\/07\\\/5108@LowRes_1_0.png\",\"contentUrl\":\"https:\\\/\\\/districos.standingout.be\\\/wp-content\\\/uploads\\\/2025\\\/07\\\/5108@LowRes_1_0.png\",\"width\":600,\"height\":600},{\"@type\":\"BreadcrumbList\",\"@id\":\"https:\\\/\\\/districos.standingout.be\\\/fr\\\/product\\\/belfeet-tea-tree-oil-150-ml-ref-5108\\\/#breadcrumb\",\"itemListElement\":[{\"@type\":\"ListItem\",\"position\":1,\"name\":\"Home\",\"item\":\"https:\\\/\\\/districos.standingout.be\\\/fr\\\/bienvenue-chez-districos\\\/\"},{\"@type\":\"ListItem\",\"position\":2,\"name\":\"Boutique\",\"item\":\"https:\\\/\\\/districos.standingout.be\\\/fr\\\/boutique\\\/\"},{\"@type\":\"ListItem\",\"position\":3,\"name\":\"Belfeet Tea Tree Oil 150 ml\"}]},{\"@type\":\"WebSite\",\"@id\":\"https:\\\/\\\/districos.standingout.be\\\/fr\\\/#website\",\"url\":\"https:\\\/\\\/districos.standingout.be\\\/fr\\\/\",\"name\":\"Districos Webshop\",\"description\":\"\",\"publisher\":{\"@id\":\"https:\\\/\\\/districos.standingout.be\\\/fr\\\/#organization\"},\"potentialAction\":[{\"@type\":\"SearchAction\",\"target\":{\"@type\":\"EntryPoint\",\"urlTemplate\":\"https:\\\/\\\/districos.standingout.be\\\/fr\\\/?s={search_term_string}\"},\"query-input\":{\"@type\":\"PropertyValueSpecification\",\"valueRequired\":true,\"valueName\":\"search_term_string\"}}],\"inLanguage\":\"fr-FR\"},{\"@type\":\"Organization\",\"@id\":\"https:\\\/\\\/districos.standingout.be\\\/fr\\\/#organization\",\"name\":\"Districos Webshop\",\"url\":\"https:\\\/\\\/districos.standingout.be\\\/fr\\\/\",\"logo\":{\"@type\":\"ImageObject\",\"inLanguage\":\"fr-FR\",\"@id\":\"https:\\\/\\\/districos.standingout.be\\\/fr\\\/#\\\/schema\\\/logo\\\/image\\\/\",\"url\":\"https:\\\/\\\/districos.standingout.be\\\/wp-content\\\/uploads\\\/2022\\\/09\\\/Districos_Logo_Webshop.svg\",\"contentUrl\":\"https:\\\/\\\/districos.standingout.be\\\/wp-content\\\/uploads\\\/2022\\\/09\\\/Districos_Logo_Webshop.svg\",\"caption\":\"Districos Webshop\"},\"image\":{\"@id\":\"https:\\\/\\\/districos.standingout.be\\\/fr\\\/#\\\/schema\\\/logo\\\/image\\\/\"}}]}<\/script>\n<!-- \/ Yoast SEO plugin. -->","yoast_head_json":{"title":"Belfeet Tea Tree Oil 150 ml - Districos Webshop","robots":{"index":"noindex","follow":"follow","max-snippet":"max-snippet:-1","max-image-preview":"max-image-preview:large","max-video-preview":"max-video-preview:-1"},"og_locale":"fr_FR","og_type":"article","og_title":"Belfeet Tea Tree Oil 150 ml - Districos Webshop","og_description":"Les caract\u00e9ristiques m\u00e9dicinales de l\u2019huile essentielle Tea Tree sont d\u00e9j\u00e0 connues depuis des si\u00e8cles. Cette huile essentielle a des propri\u00e9t\u00e9s d\u00e9sinfectantes, antifongiques et stimulantes. Elle apaise \u00e9galement les crampes et les douleurs, est antitranspirante, chasse les insectes et emp\u00eache la formation de tissu cicatriciel. Elle s\u2019utilise au cours de n\u2019importe quel traitement des pieds, des [&hellip;]","og_url":"https:\/\/districos.standingout.be\/fr\/product\/belfeet-tea-tree-oil-150-ml-ref-5108\/","og_site_name":"Districos Webshop","article_modified_time":"2026-04-28T00:24:05+00:00","og_image":[{"width":600,"height":600,"url":"https:\/\/districos.standingout.be\/wp-content\/uploads\/2025\/07\/5108@LowRes_1_0.png","type":"image\/png"}],"twitter_card":"summary_large_image","twitter_misc":{"Dur\u00e9e de lecture estim\u00e9e":"1 minute"},"schema":{"@context":"https:\/\/schema.org","@graph":[{"@type":"WebPage","@id":"https:\/\/districos.standingout.be\/fr\/product\/belfeet-tea-tree-oil-150-ml-ref-5108\/","url":"https:\/\/districos.standingout.be\/fr\/product\/belfeet-tea-tree-oil-150-ml-ref-5108\/","name":"Belfeet Tea Tree Oil 150 ml - Districos Webshop","isPartOf":{"@id":"https:\/\/districos.standingout.be\/fr\/#website"},"primaryImageOfPage":{"@id":"https:\/\/districos.standingout.be\/fr\/product\/belfeet-tea-tree-oil-150-ml-ref-5108\/#primaryimage"},"image":{"@id":"https:\/\/districos.standingout.be\/fr\/product\/belfeet-tea-tree-oil-150-ml-ref-5108\/#primaryimage"},"thumbnailUrl":"https:\/\/districos.standingout.be\/wp-content\/uploads\/2025\/07\/5108@LowRes_1_0.png","datePublished":"2026-04-28T00:24:01+00:00","dateModified":"2026-04-28T00:24:05+00:00","breadcrumb":{"@id":"https:\/\/districos.standingout.be\/fr\/product\/belfeet-tea-tree-oil-150-ml-ref-5108\/#breadcrumb"},"inLanguage":"fr-FR","potentialAction":[{"@type":"ReadAction","target":["https:\/\/districos.standingout.be\/fr\/product\/belfeet-tea-tree-oil-150-ml-ref-5108\/"]}]},{"@type":"ImageObject","inLanguage":"fr-FR","@id":"https:\/\/districos.standingout.be\/fr\/product\/belfeet-tea-tree-oil-150-ml-ref-5108\/#primaryimage","url":"https:\/\/districos.standingout.be\/wp-content\/uploads\/2025\/07\/5108@LowRes_1_0.png","contentUrl":"https:\/\/districos.standingout.be\/wp-content\/uploads\/2025\/07\/5108@LowRes_1_0.png","width":600,"height":600},{"@type":"BreadcrumbList","@id":"https:\/\/districos.standingout.be\/fr\/product\/belfeet-tea-tree-oil-150-ml-ref-5108\/#breadcrumb","itemListElement":[{"@type":"ListItem","position":1,"name":"Home","item":"https:\/\/districos.standingout.be\/fr\/bienvenue-chez-districos\/"},{"@type":"ListItem","position":2,"name":"Boutique","item":"https:\/\/districos.standingout.be\/fr\/boutique\/"},{"@type":"ListItem","position":3,"name":"Belfeet Tea Tree Oil 150 ml"}]},{"@type":"WebSite","@id":"https:\/\/districos.standingout.be\/fr\/#website","url":"https:\/\/districos.standingout.be\/fr\/","name":"Districos Webshop","description":"","publisher":{"@id":"https:\/\/districos.standingout.be\/fr\/#organization"},"potentialAction":[{"@type":"SearchAction","target":{"@type":"EntryPoint","urlTemplate":"https:\/\/districos.standingout.be\/fr\/?s={search_term_string}"},"query-input":{"@type":"PropertyValueSpecification","valueRequired":true,"valueName":"search_term_string"}}],"inLanguage":"fr-FR"},{"@type":"Organization","@id":"https:\/\/districos.standingout.be\/fr\/#organization","name":"Districos Webshop","url":"https:\/\/districos.standingout.be\/fr\/","logo":{"@type":"ImageObject","inLanguage":"fr-FR","@id":"https:\/\/districos.standingout.be\/fr\/#\/schema\/logo\/image\/","url":"https:\/\/districos.standingout.be\/wp-content\/uploads\/2022\/09\/Districos_Logo_Webshop.svg","contentUrl":"https:\/\/districos.standingout.be\/wp-content\/uploads\/2022\/09\/Districos_Logo_Webshop.svg","caption":"Districos Webshop"},"image":{"@id":"https:\/\/districos.standingout.be\/fr\/#\/schema\/logo\/image\/"}}]}},"_links":{"self":[{"href":"https:\/\/districos.standingout.be\/fr\/wp-json\/wp\/v2\/product\/134515","targetHints":{"allow":["GET"]}}],"collection":[{"href":"https:\/\/districos.standingout.be\/fr\/wp-json\/wp\/v2\/product"}],"about":[{"href":"https:\/\/districos.standingout.be\/fr\/wp-json\/wp\/v2\/types\/product"}],"replies":[{"embeddable":true,"href":"https:\/\/districos.standingout.be\/fr\/wp-json\/wp\/v2\/comments?post=134515"}],"wp:featuredmedia":[{"embeddable":true,"href":"https:\/\/districos.standingout.be\/fr\/wp-json\/wp\/v2\/media\/71983"}],"wp:attachment":[{"href":"https:\/\/districos.standingout.be\/fr\/wp-json\/wp\/v2\/media?parent=134515"}],"wp:term":[{"taxonomy":"product_brand","embeddable":true,"href":"https:\/\/districos.standingout.be\/fr\/wp-json\/wp\/v2\/product_brand?post=134515"},{"taxonomy":"product_cat","embeddable":true,"href":"https:\/\/districos.standingout.be\/fr\/wp-json\/wp\/v2\/product_cat?post=134515"},{"taxonomy":"product_tag","embeddable":true,"href":"https:\/\/districos.standingout.be\/fr\/wp-json\/wp\/v2\/product_tag?post=134515"}],"curies":[{"name":"wp","href":"https:\/\/api.w.org\/{rel}","templated":true}]}}