{"id":134517,"date":"2026-04-28T02:24:05","date_gmt":"2026-04-28T00:24:05","guid":{"rendered":"https:\/\/webshopdistricoscom.webhosting.be\/product\/belfeet-belmasque-200-ml-ref-5111-2\/"},"modified":"2026-04-28T02:24:09","modified_gmt":"2026-04-28T00:24:09","slug":"belfeet-belmasque-200-ml-ref-5111","status":"publish","type":"product","link":"https:\/\/districos.standingout.be\/fr\/product\/belfeet-belmasque-200-ml-ref-5111\/","title":{"rendered":"Belfeet Belmasque 200 ml"},"content":{"rendered":"<p >\n<p dir=\"ltr\">Masque rafra\u00eechissant aux effets relaxants qui nourrit et hydrate la peau et la rend tr\u00e8s douce au toucher.<\/p>\n<p> <b>Emploi :<\/b> Appliquez avec une brosse une couche \u00e9paisse de Belmasque et enveloppez les pieds de film plastique. Glissez \u00e9ventuellement les pieds dans des chaussons thermiques pour un r\u00e9sultat tr\u00e8s agr\u00e9able et intensifi\u00e9. Laissez agir pendant 15 minutes. Massez le produit restant dans les pieds et retirez les r\u00e9sidus avec une \u00e9ponge ou une compresse \u00e0 l\u2019eau ti\u00e8de.<\/p>\n<p> <b>Caract\u00e9ristiques :<\/b> Cr\u00e8me masque \u00e9paisse et pr\u00eate \u00e0 l\u2019emploi. <\/p>\n<p> <b>Ingr\u00e9dients actifs :<\/b>&nbsp; <\/p>\n<ul> <\/p>\n<li>Extrait de laurier : propri\u00e9t\u00e9s antiseptiques et antifongiques.&nbsp;<\/li>\n<li>Extrait d\u2019hyp\u00e9ricum : effets anti-inflammatoires.&nbsp;<\/li>\n<li>Extrait de myrrhe : propri\u00e9t\u00e9s contractantes et adoucissantes.&nbsp;<\/li>\n<li>Kaolin : rafra\u00eechit et calme la peau. En plus, elle encourage la circulation sanguine et acc\u00e9l\u00e8re la r\u00e9g\u00e9n\u00e9ration cellulaire.&nbsp;<\/li>\n<li>Extrait de cypr\u00e8s : huile merveilleusement aromatis\u00e9e comportant de nombreux avantages th\u00e9rapeutiques, aussi id\u00e9ale en cas de pieds souffrant de transpiration.&nbsp;<\/li>\n<li>Menthol : rafra\u00eechit et raffermit la peau et dispose d\u2019une action calmante.<\/li>\n<p> <\/ul>\n<p>Emballage : tube pr\u00eat \u00e0 l\u2019emploi de 200 ml avec capuchon rabattable<\/p><\/p>\n","protected":false},"excerpt":{"rendered":"<p>Masque rafra\u00eechissant aux effets relaxants qui nourrit et hydrate la peau et la rend tr\u00e8s douce au toucher. Emploi : Appliquez avec une brosse une couche \u00e9paisse de Belmasque et enveloppez les pieds de film plastique. Glissez \u00e9ventuellement les pieds dans des chaussons thermiques pour un r\u00e9sultat tr\u00e8s agr\u00e9able et intensifi\u00e9. Laissez agir pendant 15 [&hellip;]<\/p>\n","protected":false},"featured_media":71986,"comment_status":"open","ping_status":"closed","template":"","meta":{"_acf_changed":false},"product_brand":[10314],"product_cat":[9946,10080],"product_tag":[],"class_list":{"0":"post-134517","1":"product","2":"type-product","3":"status-publish","4":"has-post-thumbnail","6":"product_brand-belfeet-fr","7":"product_cat-beaute-pedicure-produits-de-soin","8":"product_cat-soins-des-pieds-podologie-produits-de-soin-spa-pedicure","10":"first","11":"instock","12":"taxable","13":"shipping-taxable","14":"product-type-simple"},"acf":[],"yoast_head":"<!-- This site is optimized with the Yoast SEO plugin v27.3 - https:\/\/yoast.com\/product\/yoast-seo-wordpress\/ -->\n<title>Belfeet Belmasque 200 ml - Districos Webshop<\/title>\n<meta name=\"robots\" content=\"noindex, follow, max-snippet:-1, max-image-preview:large, max-video-preview:-1\" \/>\n<meta property=\"og:locale\" content=\"fr_FR\" \/>\n<meta property=\"og:type\" content=\"article\" \/>\n<meta property=\"og:title\" content=\"Belfeet Belmasque 200 ml - Districos Webshop\" \/>\n<meta property=\"og:description\" content=\"Masque rafra\u00eechissant aux effets relaxants qui nourrit et hydrate la peau et la rend tr\u00e8s douce au toucher. Emploi : Appliquez avec une brosse une couche \u00e9paisse de Belmasque et enveloppez les pieds de film plastique. Glissez \u00e9ventuellement les pieds dans des chaussons thermiques pour un r\u00e9sultat tr\u00e8s agr\u00e9able et intensifi\u00e9. Laissez agir pendant 15 [&hellip;]\" \/>\n<meta property=\"og:url\" content=\"https:\/\/districos.standingout.be\/fr\/product\/belfeet-belmasque-200-ml-ref-5111\/\" \/>\n<meta property=\"og:site_name\" content=\"Districos Webshop\" \/>\n<meta property=\"article:modified_time\" content=\"2026-04-28T00:24:09+00:00\" \/>\n<meta property=\"og:image\" content=\"https:\/\/districos.standingout.be\/wp-content\/uploads\/2025\/07\/5111@LowRes_1_0.png\" \/>\n\t<meta property=\"og:image:width\" content=\"600\" \/>\n\t<meta property=\"og:image:height\" content=\"600\" \/>\n\t<meta property=\"og:image:type\" content=\"image\/png\" \/>\n<meta name=\"twitter:card\" content=\"summary_large_image\" \/>\n<meta name=\"twitter:label1\" content=\"Dur\u00e9e de lecture estim\u00e9e\" \/>\n\t<meta name=\"twitter:data1\" content=\"1 minute\" \/>\n<script type=\"application\/ld+json\" class=\"yoast-schema-graph\">{\"@context\":\"https:\\\/\\\/schema.org\",\"@graph\":[{\"@type\":\"WebPage\",\"@id\":\"https:\\\/\\\/districos.standingout.be\\\/fr\\\/product\\\/belfeet-belmasque-200-ml-ref-5111\\\/\",\"url\":\"https:\\\/\\\/districos.standingout.be\\\/fr\\\/product\\\/belfeet-belmasque-200-ml-ref-5111\\\/\",\"name\":\"Belfeet Belmasque 200 ml - Districos Webshop\",\"isPartOf\":{\"@id\":\"https:\\\/\\\/districos.standingout.be\\\/fr\\\/#website\"},\"primaryImageOfPage\":{\"@id\":\"https:\\\/\\\/districos.standingout.be\\\/fr\\\/product\\\/belfeet-belmasque-200-ml-ref-5111\\\/#primaryimage\"},\"image\":{\"@id\":\"https:\\\/\\\/districos.standingout.be\\\/fr\\\/product\\\/belfeet-belmasque-200-ml-ref-5111\\\/#primaryimage\"},\"thumbnailUrl\":\"https:\\\/\\\/districos.standingout.be\\\/wp-content\\\/uploads\\\/2025\\\/07\\\/5111@LowRes_1_0.png\",\"datePublished\":\"2026-04-28T00:24:05+00:00\",\"dateModified\":\"2026-04-28T00:24:09+00:00\",\"breadcrumb\":{\"@id\":\"https:\\\/\\\/districos.standingout.be\\\/fr\\\/product\\\/belfeet-belmasque-200-ml-ref-5111\\\/#breadcrumb\"},\"inLanguage\":\"fr-FR\",\"potentialAction\":[{\"@type\":\"ReadAction\",\"target\":[\"https:\\\/\\\/districos.standingout.be\\\/fr\\\/product\\\/belfeet-belmasque-200-ml-ref-5111\\\/\"]}]},{\"@type\":\"ImageObject\",\"inLanguage\":\"fr-FR\",\"@id\":\"https:\\\/\\\/districos.standingout.be\\\/fr\\\/product\\\/belfeet-belmasque-200-ml-ref-5111\\\/#primaryimage\",\"url\":\"https:\\\/\\\/districos.standingout.be\\\/wp-content\\\/uploads\\\/2025\\\/07\\\/5111@LowRes_1_0.png\",\"contentUrl\":\"https:\\\/\\\/districos.standingout.be\\\/wp-content\\\/uploads\\\/2025\\\/07\\\/5111@LowRes_1_0.png\",\"width\":600,\"height\":600},{\"@type\":\"BreadcrumbList\",\"@id\":\"https:\\\/\\\/districos.standingout.be\\\/fr\\\/product\\\/belfeet-belmasque-200-ml-ref-5111\\\/#breadcrumb\",\"itemListElement\":[{\"@type\":\"ListItem\",\"position\":1,\"name\":\"Home\",\"item\":\"https:\\\/\\\/districos.standingout.be\\\/fr\\\/bienvenue-chez-districos\\\/\"},{\"@type\":\"ListItem\",\"position\":2,\"name\":\"Boutique\",\"item\":\"https:\\\/\\\/districos.standingout.be\\\/fr\\\/boutique\\\/\"},{\"@type\":\"ListItem\",\"position\":3,\"name\":\"Belfeet Belmasque 200 ml\"}]},{\"@type\":\"WebSite\",\"@id\":\"https:\\\/\\\/districos.standingout.be\\\/fr\\\/#website\",\"url\":\"https:\\\/\\\/districos.standingout.be\\\/fr\\\/\",\"name\":\"Districos Webshop\",\"description\":\"\",\"publisher\":{\"@id\":\"https:\\\/\\\/districos.standingout.be\\\/fr\\\/#organization\"},\"potentialAction\":[{\"@type\":\"SearchAction\",\"target\":{\"@type\":\"EntryPoint\",\"urlTemplate\":\"https:\\\/\\\/districos.standingout.be\\\/fr\\\/?s={search_term_string}\"},\"query-input\":{\"@type\":\"PropertyValueSpecification\",\"valueRequired\":true,\"valueName\":\"search_term_string\"}}],\"inLanguage\":\"fr-FR\"},{\"@type\":\"Organization\",\"@id\":\"https:\\\/\\\/districos.standingout.be\\\/fr\\\/#organization\",\"name\":\"Districos Webshop\",\"url\":\"https:\\\/\\\/districos.standingout.be\\\/fr\\\/\",\"logo\":{\"@type\":\"ImageObject\",\"inLanguage\":\"fr-FR\",\"@id\":\"https:\\\/\\\/districos.standingout.be\\\/fr\\\/#\\\/schema\\\/logo\\\/image\\\/\",\"url\":\"https:\\\/\\\/districos.standingout.be\\\/wp-content\\\/uploads\\\/2022\\\/09\\\/Districos_Logo_Webshop.svg\",\"contentUrl\":\"https:\\\/\\\/districos.standingout.be\\\/wp-content\\\/uploads\\\/2022\\\/09\\\/Districos_Logo_Webshop.svg\",\"caption\":\"Districos Webshop\"},\"image\":{\"@id\":\"https:\\\/\\\/districos.standingout.be\\\/fr\\\/#\\\/schema\\\/logo\\\/image\\\/\"}}]}<\/script>\n<!-- \/ Yoast SEO plugin. -->","yoast_head_json":{"title":"Belfeet Belmasque 200 ml - Districos Webshop","robots":{"index":"noindex","follow":"follow","max-snippet":"max-snippet:-1","max-image-preview":"max-image-preview:large","max-video-preview":"max-video-preview:-1"},"og_locale":"fr_FR","og_type":"article","og_title":"Belfeet Belmasque 200 ml - Districos Webshop","og_description":"Masque rafra\u00eechissant aux effets relaxants qui nourrit et hydrate la peau et la rend tr\u00e8s douce au toucher. Emploi : Appliquez avec une brosse une couche \u00e9paisse de Belmasque et enveloppez les pieds de film plastique. Glissez \u00e9ventuellement les pieds dans des chaussons thermiques pour un r\u00e9sultat tr\u00e8s agr\u00e9able et intensifi\u00e9. Laissez agir pendant 15 [&hellip;]","og_url":"https:\/\/districos.standingout.be\/fr\/product\/belfeet-belmasque-200-ml-ref-5111\/","og_site_name":"Districos Webshop","article_modified_time":"2026-04-28T00:24:09+00:00","og_image":[{"width":600,"height":600,"url":"https:\/\/districos.standingout.be\/wp-content\/uploads\/2025\/07\/5111@LowRes_1_0.png","type":"image\/png"}],"twitter_card":"summary_large_image","twitter_misc":{"Dur\u00e9e de lecture estim\u00e9e":"1 minute"},"schema":{"@context":"https:\/\/schema.org","@graph":[{"@type":"WebPage","@id":"https:\/\/districos.standingout.be\/fr\/product\/belfeet-belmasque-200-ml-ref-5111\/","url":"https:\/\/districos.standingout.be\/fr\/product\/belfeet-belmasque-200-ml-ref-5111\/","name":"Belfeet Belmasque 200 ml - Districos Webshop","isPartOf":{"@id":"https:\/\/districos.standingout.be\/fr\/#website"},"primaryImageOfPage":{"@id":"https:\/\/districos.standingout.be\/fr\/product\/belfeet-belmasque-200-ml-ref-5111\/#primaryimage"},"image":{"@id":"https:\/\/districos.standingout.be\/fr\/product\/belfeet-belmasque-200-ml-ref-5111\/#primaryimage"},"thumbnailUrl":"https:\/\/districos.standingout.be\/wp-content\/uploads\/2025\/07\/5111@LowRes_1_0.png","datePublished":"2026-04-28T00:24:05+00:00","dateModified":"2026-04-28T00:24:09+00:00","breadcrumb":{"@id":"https:\/\/districos.standingout.be\/fr\/product\/belfeet-belmasque-200-ml-ref-5111\/#breadcrumb"},"inLanguage":"fr-FR","potentialAction":[{"@type":"ReadAction","target":["https:\/\/districos.standingout.be\/fr\/product\/belfeet-belmasque-200-ml-ref-5111\/"]}]},{"@type":"ImageObject","inLanguage":"fr-FR","@id":"https:\/\/districos.standingout.be\/fr\/product\/belfeet-belmasque-200-ml-ref-5111\/#primaryimage","url":"https:\/\/districos.standingout.be\/wp-content\/uploads\/2025\/07\/5111@LowRes_1_0.png","contentUrl":"https:\/\/districos.standingout.be\/wp-content\/uploads\/2025\/07\/5111@LowRes_1_0.png","width":600,"height":600},{"@type":"BreadcrumbList","@id":"https:\/\/districos.standingout.be\/fr\/product\/belfeet-belmasque-200-ml-ref-5111\/#breadcrumb","itemListElement":[{"@type":"ListItem","position":1,"name":"Home","item":"https:\/\/districos.standingout.be\/fr\/bienvenue-chez-districos\/"},{"@type":"ListItem","position":2,"name":"Boutique","item":"https:\/\/districos.standingout.be\/fr\/boutique\/"},{"@type":"ListItem","position":3,"name":"Belfeet Belmasque 200 ml"}]},{"@type":"WebSite","@id":"https:\/\/districos.standingout.be\/fr\/#website","url":"https:\/\/districos.standingout.be\/fr\/","name":"Districos Webshop","description":"","publisher":{"@id":"https:\/\/districos.standingout.be\/fr\/#organization"},"potentialAction":[{"@type":"SearchAction","target":{"@type":"EntryPoint","urlTemplate":"https:\/\/districos.standingout.be\/fr\/?s={search_term_string}"},"query-input":{"@type":"PropertyValueSpecification","valueRequired":true,"valueName":"search_term_string"}}],"inLanguage":"fr-FR"},{"@type":"Organization","@id":"https:\/\/districos.standingout.be\/fr\/#organization","name":"Districos Webshop","url":"https:\/\/districos.standingout.be\/fr\/","logo":{"@type":"ImageObject","inLanguage":"fr-FR","@id":"https:\/\/districos.standingout.be\/fr\/#\/schema\/logo\/image\/","url":"https:\/\/districos.standingout.be\/wp-content\/uploads\/2022\/09\/Districos_Logo_Webshop.svg","contentUrl":"https:\/\/districos.standingout.be\/wp-content\/uploads\/2022\/09\/Districos_Logo_Webshop.svg","caption":"Districos Webshop"},"image":{"@id":"https:\/\/districos.standingout.be\/fr\/#\/schema\/logo\/image\/"}}]}},"_links":{"self":[{"href":"https:\/\/districos.standingout.be\/fr\/wp-json\/wp\/v2\/product\/134517","targetHints":{"allow":["GET"]}}],"collection":[{"href":"https:\/\/districos.standingout.be\/fr\/wp-json\/wp\/v2\/product"}],"about":[{"href":"https:\/\/districos.standingout.be\/fr\/wp-json\/wp\/v2\/types\/product"}],"replies":[{"embeddable":true,"href":"https:\/\/districos.standingout.be\/fr\/wp-json\/wp\/v2\/comments?post=134517"}],"wp:featuredmedia":[{"embeddable":true,"href":"https:\/\/districos.standingout.be\/fr\/wp-json\/wp\/v2\/media\/71986"}],"wp:attachment":[{"href":"https:\/\/districos.standingout.be\/fr\/wp-json\/wp\/v2\/media?parent=134517"}],"wp:term":[{"taxonomy":"product_brand","embeddable":true,"href":"https:\/\/districos.standingout.be\/fr\/wp-json\/wp\/v2\/product_brand?post=134517"},{"taxonomy":"product_cat","embeddable":true,"href":"https:\/\/districos.standingout.be\/fr\/wp-json\/wp\/v2\/product_cat?post=134517"},{"taxonomy":"product_tag","embeddable":true,"href":"https:\/\/districos.standingout.be\/fr\/wp-json\/wp\/v2\/product_tag?post=134517"}],"curies":[{"name":"wp","href":"https:\/\/api.w.org\/{rel}","templated":true}]}}