{"id":134519,"date":"2026-04-28T02:24:10","date_gmt":"2026-04-28T00:24:10","guid":{"rendered":"https:\/\/webshopdistricoscom.webhosting.be\/product\/belfeet-new-coolbel-500-ml-ref-5118-2\/"},"modified":"2026-04-28T02:24:13","modified_gmt":"2026-04-28T00:24:13","slug":"belfeet-new-coolbel-500-ml-ref-5118","status":"publish","type":"product","link":"https:\/\/districos.standingout.be\/fr\/product\/belfeet-new-coolbel-500-ml-ref-5118\/","title":{"rendered":"Belfeet New Coolbel 500 ml"},"content":{"rendered":"<p >\n<p dir=ltr>Cr\u00e8me hydratante fortement rafra\u00eechissante, sp\u00e9cifiquement d\u00e9velopp\u00e9e pour les pieds gonfl\u00e9s et les jambes \u00e0 varices. Encourage la circulation sanguine et soulage imm\u00e9diatement les pieds et les jambes fatigu\u00e9s et gonfl\u00e9s.<\/p>\n<p> <b>Caract\u00e9ristiques : <\/b>Cr\u00e8me l\u00e9g\u00e8re non grasse \u00e0 effet de \u2018refroidissement\u2019. Elle peut \u00eatre appliqu\u00e9e \u00e0 tout moment de la journ\u00e9e. Surtout id\u00e9ale en \u00e9t\u00e9. <\/p>\n<p> Emballage : flacon cabine de 500 ml<\/p>\n<p> \u00c9galement disponible : tube de vente de 100 ml<\/p><\/p>\n","protected":false},"excerpt":{"rendered":"<p>Cr\u00e8me hydratante fortement rafra\u00eechissante, sp\u00e9cifiquement d\u00e9velopp\u00e9e pour les pieds gonfl\u00e9s et les jambes \u00e0 varices. Encourage la circulation sanguine et soulage imm\u00e9diatement les pieds et les jambes fatigu\u00e9s et gonfl\u00e9s. Caract\u00e9ristiques : Cr\u00e8me l\u00e9g\u00e8re non grasse \u00e0 effet de \u2018refroidissement\u2019. Elle peut \u00eatre appliqu\u00e9e \u00e0 tout moment de la journ\u00e9e. Surtout id\u00e9ale en \u00e9t\u00e9. Emballage [&hellip;]<\/p>\n","protected":false},"featured_media":71989,"comment_status":"open","ping_status":"closed","template":"","meta":{"_acf_changed":false},"product_brand":[10314],"product_cat":[9946,10080],"product_tag":[],"class_list":{"0":"post-134519","1":"product","2":"type-product","3":"status-publish","4":"has-post-thumbnail","6":"product_brand-belfeet-fr","7":"product_cat-beaute-pedicure-produits-de-soin","8":"product_cat-soins-des-pieds-podologie-produits-de-soin-spa-pedicure","10":"first","11":"instock","12":"taxable","13":"shipping-taxable","14":"product-type-simple"},"acf":[],"yoast_head":"<!-- This site is optimized with the Yoast SEO plugin v27.3 - https:\/\/yoast.com\/product\/yoast-seo-wordpress\/ -->\n<title>Belfeet New Coolbel 500 ml - Districos Webshop<\/title>\n<meta name=\"robots\" content=\"noindex, follow, max-snippet:-1, max-image-preview:large, max-video-preview:-1\" \/>\n<meta property=\"og:locale\" content=\"fr_FR\" \/>\n<meta property=\"og:type\" content=\"article\" \/>\n<meta property=\"og:title\" content=\"Belfeet New Coolbel 500 ml - Districos Webshop\" \/>\n<meta property=\"og:description\" content=\"Cr\u00e8me hydratante fortement rafra\u00eechissante, sp\u00e9cifiquement d\u00e9velopp\u00e9e pour les pieds gonfl\u00e9s et les jambes \u00e0 varices. Encourage la circulation sanguine et soulage imm\u00e9diatement les pieds et les jambes fatigu\u00e9s et gonfl\u00e9s. Caract\u00e9ristiques : Cr\u00e8me l\u00e9g\u00e8re non grasse \u00e0 effet de \u2018refroidissement\u2019. Elle peut \u00eatre appliqu\u00e9e \u00e0 tout moment de la journ\u00e9e. Surtout id\u00e9ale en \u00e9t\u00e9. Emballage [&hellip;]\" \/>\n<meta property=\"og:url\" content=\"https:\/\/districos.standingout.be\/fr\/product\/belfeet-new-coolbel-500-ml-ref-5118\/\" \/>\n<meta property=\"og:site_name\" content=\"Districos Webshop\" \/>\n<meta property=\"article:modified_time\" content=\"2026-04-28T00:24:13+00:00\" \/>\n<meta property=\"og:image\" content=\"https:\/\/districos.standingout.be\/wp-content\/uploads\/2025\/07\/5118@LowRes_1_0.png\" \/>\n\t<meta property=\"og:image:width\" content=\"600\" \/>\n\t<meta property=\"og:image:height\" content=\"600\" \/>\n\t<meta property=\"og:image:type\" content=\"image\/png\" \/>\n<meta name=\"twitter:card\" content=\"summary_large_image\" \/>\n<script type=\"application\/ld+json\" class=\"yoast-schema-graph\">{\"@context\":\"https:\\\/\\\/schema.org\",\"@graph\":[{\"@type\":\"WebPage\",\"@id\":\"https:\\\/\\\/districos.standingout.be\\\/fr\\\/product\\\/belfeet-new-coolbel-500-ml-ref-5118\\\/\",\"url\":\"https:\\\/\\\/districos.standingout.be\\\/fr\\\/product\\\/belfeet-new-coolbel-500-ml-ref-5118\\\/\",\"name\":\"Belfeet New Coolbel 500 ml - Districos Webshop\",\"isPartOf\":{\"@id\":\"https:\\\/\\\/districos.standingout.be\\\/fr\\\/#website\"},\"primaryImageOfPage\":{\"@id\":\"https:\\\/\\\/districos.standingout.be\\\/fr\\\/product\\\/belfeet-new-coolbel-500-ml-ref-5118\\\/#primaryimage\"},\"image\":{\"@id\":\"https:\\\/\\\/districos.standingout.be\\\/fr\\\/product\\\/belfeet-new-coolbel-500-ml-ref-5118\\\/#primaryimage\"},\"thumbnailUrl\":\"https:\\\/\\\/districos.standingout.be\\\/wp-content\\\/uploads\\\/2025\\\/07\\\/5118@LowRes_1_0.png\",\"datePublished\":\"2026-04-28T00:24:10+00:00\",\"dateModified\":\"2026-04-28T00:24:13+00:00\",\"breadcrumb\":{\"@id\":\"https:\\\/\\\/districos.standingout.be\\\/fr\\\/product\\\/belfeet-new-coolbel-500-ml-ref-5118\\\/#breadcrumb\"},\"inLanguage\":\"fr-FR\",\"potentialAction\":[{\"@type\":\"ReadAction\",\"target\":[\"https:\\\/\\\/districos.standingout.be\\\/fr\\\/product\\\/belfeet-new-coolbel-500-ml-ref-5118\\\/\"]}]},{\"@type\":\"ImageObject\",\"inLanguage\":\"fr-FR\",\"@id\":\"https:\\\/\\\/districos.standingout.be\\\/fr\\\/product\\\/belfeet-new-coolbel-500-ml-ref-5118\\\/#primaryimage\",\"url\":\"https:\\\/\\\/districos.standingout.be\\\/wp-content\\\/uploads\\\/2025\\\/07\\\/5118@LowRes_1_0.png\",\"contentUrl\":\"https:\\\/\\\/districos.standingout.be\\\/wp-content\\\/uploads\\\/2025\\\/07\\\/5118@LowRes_1_0.png\",\"width\":600,\"height\":600},{\"@type\":\"BreadcrumbList\",\"@id\":\"https:\\\/\\\/districos.standingout.be\\\/fr\\\/product\\\/belfeet-new-coolbel-500-ml-ref-5118\\\/#breadcrumb\",\"itemListElement\":[{\"@type\":\"ListItem\",\"position\":1,\"name\":\"Home\",\"item\":\"https:\\\/\\\/districos.standingout.be\\\/fr\\\/bienvenue-chez-districos\\\/\"},{\"@type\":\"ListItem\",\"position\":2,\"name\":\"Boutique\",\"item\":\"https:\\\/\\\/districos.standingout.be\\\/fr\\\/boutique\\\/\"},{\"@type\":\"ListItem\",\"position\":3,\"name\":\"Belfeet New Coolbel 500 ml\"}]},{\"@type\":\"WebSite\",\"@id\":\"https:\\\/\\\/districos.standingout.be\\\/fr\\\/#website\",\"url\":\"https:\\\/\\\/districos.standingout.be\\\/fr\\\/\",\"name\":\"Districos Webshop\",\"description\":\"\",\"publisher\":{\"@id\":\"https:\\\/\\\/districos.standingout.be\\\/fr\\\/#organization\"},\"potentialAction\":[{\"@type\":\"SearchAction\",\"target\":{\"@type\":\"EntryPoint\",\"urlTemplate\":\"https:\\\/\\\/districos.standingout.be\\\/fr\\\/?s={search_term_string}\"},\"query-input\":{\"@type\":\"PropertyValueSpecification\",\"valueRequired\":true,\"valueName\":\"search_term_string\"}}],\"inLanguage\":\"fr-FR\"},{\"@type\":\"Organization\",\"@id\":\"https:\\\/\\\/districos.standingout.be\\\/fr\\\/#organization\",\"name\":\"Districos Webshop\",\"url\":\"https:\\\/\\\/districos.standingout.be\\\/fr\\\/\",\"logo\":{\"@type\":\"ImageObject\",\"inLanguage\":\"fr-FR\",\"@id\":\"https:\\\/\\\/districos.standingout.be\\\/fr\\\/#\\\/schema\\\/logo\\\/image\\\/\",\"url\":\"https:\\\/\\\/districos.standingout.be\\\/wp-content\\\/uploads\\\/2022\\\/09\\\/Districos_Logo_Webshop.svg\",\"contentUrl\":\"https:\\\/\\\/districos.standingout.be\\\/wp-content\\\/uploads\\\/2022\\\/09\\\/Districos_Logo_Webshop.svg\",\"caption\":\"Districos Webshop\"},\"image\":{\"@id\":\"https:\\\/\\\/districos.standingout.be\\\/fr\\\/#\\\/schema\\\/logo\\\/image\\\/\"}}]}<\/script>\n<!-- \/ Yoast SEO plugin. -->","yoast_head_json":{"title":"Belfeet New Coolbel 500 ml - Districos Webshop","robots":{"index":"noindex","follow":"follow","max-snippet":"max-snippet:-1","max-image-preview":"max-image-preview:large","max-video-preview":"max-video-preview:-1"},"og_locale":"fr_FR","og_type":"article","og_title":"Belfeet New Coolbel 500 ml - Districos Webshop","og_description":"Cr\u00e8me hydratante fortement rafra\u00eechissante, sp\u00e9cifiquement d\u00e9velopp\u00e9e pour les pieds gonfl\u00e9s et les jambes \u00e0 varices. Encourage la circulation sanguine et soulage imm\u00e9diatement les pieds et les jambes fatigu\u00e9s et gonfl\u00e9s. Caract\u00e9ristiques : Cr\u00e8me l\u00e9g\u00e8re non grasse \u00e0 effet de \u2018refroidissement\u2019. Elle peut \u00eatre appliqu\u00e9e \u00e0 tout moment de la journ\u00e9e. Surtout id\u00e9ale en \u00e9t\u00e9. Emballage [&hellip;]","og_url":"https:\/\/districos.standingout.be\/fr\/product\/belfeet-new-coolbel-500-ml-ref-5118\/","og_site_name":"Districos Webshop","article_modified_time":"2026-04-28T00:24:13+00:00","og_image":[{"width":600,"height":600,"url":"https:\/\/districos.standingout.be\/wp-content\/uploads\/2025\/07\/5118@LowRes_1_0.png","type":"image\/png"}],"twitter_card":"summary_large_image","schema":{"@context":"https:\/\/schema.org","@graph":[{"@type":"WebPage","@id":"https:\/\/districos.standingout.be\/fr\/product\/belfeet-new-coolbel-500-ml-ref-5118\/","url":"https:\/\/districos.standingout.be\/fr\/product\/belfeet-new-coolbel-500-ml-ref-5118\/","name":"Belfeet New Coolbel 500 ml - Districos Webshop","isPartOf":{"@id":"https:\/\/districos.standingout.be\/fr\/#website"},"primaryImageOfPage":{"@id":"https:\/\/districos.standingout.be\/fr\/product\/belfeet-new-coolbel-500-ml-ref-5118\/#primaryimage"},"image":{"@id":"https:\/\/districos.standingout.be\/fr\/product\/belfeet-new-coolbel-500-ml-ref-5118\/#primaryimage"},"thumbnailUrl":"https:\/\/districos.standingout.be\/wp-content\/uploads\/2025\/07\/5118@LowRes_1_0.png","datePublished":"2026-04-28T00:24:10+00:00","dateModified":"2026-04-28T00:24:13+00:00","breadcrumb":{"@id":"https:\/\/districos.standingout.be\/fr\/product\/belfeet-new-coolbel-500-ml-ref-5118\/#breadcrumb"},"inLanguage":"fr-FR","potentialAction":[{"@type":"ReadAction","target":["https:\/\/districos.standingout.be\/fr\/product\/belfeet-new-coolbel-500-ml-ref-5118\/"]}]},{"@type":"ImageObject","inLanguage":"fr-FR","@id":"https:\/\/districos.standingout.be\/fr\/product\/belfeet-new-coolbel-500-ml-ref-5118\/#primaryimage","url":"https:\/\/districos.standingout.be\/wp-content\/uploads\/2025\/07\/5118@LowRes_1_0.png","contentUrl":"https:\/\/districos.standingout.be\/wp-content\/uploads\/2025\/07\/5118@LowRes_1_0.png","width":600,"height":600},{"@type":"BreadcrumbList","@id":"https:\/\/districos.standingout.be\/fr\/product\/belfeet-new-coolbel-500-ml-ref-5118\/#breadcrumb","itemListElement":[{"@type":"ListItem","position":1,"name":"Home","item":"https:\/\/districos.standingout.be\/fr\/bienvenue-chez-districos\/"},{"@type":"ListItem","position":2,"name":"Boutique","item":"https:\/\/districos.standingout.be\/fr\/boutique\/"},{"@type":"ListItem","position":3,"name":"Belfeet New Coolbel 500 ml"}]},{"@type":"WebSite","@id":"https:\/\/districos.standingout.be\/fr\/#website","url":"https:\/\/districos.standingout.be\/fr\/","name":"Districos Webshop","description":"","publisher":{"@id":"https:\/\/districos.standingout.be\/fr\/#organization"},"potentialAction":[{"@type":"SearchAction","target":{"@type":"EntryPoint","urlTemplate":"https:\/\/districos.standingout.be\/fr\/?s={search_term_string}"},"query-input":{"@type":"PropertyValueSpecification","valueRequired":true,"valueName":"search_term_string"}}],"inLanguage":"fr-FR"},{"@type":"Organization","@id":"https:\/\/districos.standingout.be\/fr\/#organization","name":"Districos Webshop","url":"https:\/\/districos.standingout.be\/fr\/","logo":{"@type":"ImageObject","inLanguage":"fr-FR","@id":"https:\/\/districos.standingout.be\/fr\/#\/schema\/logo\/image\/","url":"https:\/\/districos.standingout.be\/wp-content\/uploads\/2022\/09\/Districos_Logo_Webshop.svg","contentUrl":"https:\/\/districos.standingout.be\/wp-content\/uploads\/2022\/09\/Districos_Logo_Webshop.svg","caption":"Districos Webshop"},"image":{"@id":"https:\/\/districos.standingout.be\/fr\/#\/schema\/logo\/image\/"}}]}},"_links":{"self":[{"href":"https:\/\/districos.standingout.be\/fr\/wp-json\/wp\/v2\/product\/134519","targetHints":{"allow":["GET"]}}],"collection":[{"href":"https:\/\/districos.standingout.be\/fr\/wp-json\/wp\/v2\/product"}],"about":[{"href":"https:\/\/districos.standingout.be\/fr\/wp-json\/wp\/v2\/types\/product"}],"replies":[{"embeddable":true,"href":"https:\/\/districos.standingout.be\/fr\/wp-json\/wp\/v2\/comments?post=134519"}],"wp:featuredmedia":[{"embeddable":true,"href":"https:\/\/districos.standingout.be\/fr\/wp-json\/wp\/v2\/media\/71989"}],"wp:attachment":[{"href":"https:\/\/districos.standingout.be\/fr\/wp-json\/wp\/v2\/media?parent=134519"}],"wp:term":[{"taxonomy":"product_brand","embeddable":true,"href":"https:\/\/districos.standingout.be\/fr\/wp-json\/wp\/v2\/product_brand?post=134519"},{"taxonomy":"product_cat","embeddable":true,"href":"https:\/\/districos.standingout.be\/fr\/wp-json\/wp\/v2\/product_cat?post=134519"},{"taxonomy":"product_tag","embeddable":true,"href":"https:\/\/districos.standingout.be\/fr\/wp-json\/wp\/v2\/product_tag?post=134519"}],"curies":[{"name":"wp","href":"https:\/\/api.w.org\/{rel}","templated":true}]}}