{"id":134563,"date":"2026-04-28T02:25:48","date_gmt":"2026-04-28T00:25:48","guid":{"rendered":"https:\/\/webshopdistricoscom.webhosting.be\/product\/b-s-spange-magnet-set-dessai-ref-5121-21\/"},"modified":"2026-04-28T02:25:50","modified_gmt":"2026-04-28T00:25:50","slug":"b-s-spange-magnet-set-dessai-ref-5121-21","status":"publish","type":"product","link":"https:\/\/districos.standingout.be\/fr\/product\/b-s-spange-magnet-set-dessai-ref-5121-21\/","title":{"rendered":"B\/S Spange Magnet Set d&rsquo;Essai"},"content":{"rendered":"<p >\n<p dir=ltr>La m\u00e9thode de B\/S Spange Magnetic est la technique la plus actuelle afin de rem\u00e9dier rapidement et avec succ\u00e8s aux ongles incarn\u00e9s. B\/S Spange est un ressort lisse en mati\u00e8re synth\u00e9tique qui est imperceptible, r\u00e9sistant \u00e0 l\u2019eau et au vernis \u00e0 ongles. Ce ressort, aussi appel\u00e9 une \u2018languette\u2019, est appliqu\u00e9 au moyen d\u2019un applicateur sur la largeur totale de l\u2019ongle. De cette fa\u00e7on, la languette adopte la courbure de l\u2019ongle. Puisque la languette cherche \u00e0 reprendre sa forme originelle, les c\u00f4t\u00e9s de l\u2019ongle sont lev\u00e9s et l\u2019ongle sera moins convexe (rond) au fur et \u00e0 mesure qu\u2019il pousse. De cette fa\u00e7on, les ongles incarn\u00e9s sont \u00e9vit\u00e9s \u00e0 l\u2019avenir. En plus, le client ressent imm\u00e9diatement du soulagement de la douleur.<\/p>\n<p> Les languettes de B\/S Spange Magnetic comprennent un aimant et sont appliqu\u00e9es facilement et avec beaucoup de pr\u00e9cision avec un applicateur magn\u00e9tique. <\/p>\n<p> Contenu:  <\/p>\n<ul> <\/p>\n<li>1 x nettoyan Clean-Ex 25 ml<\/li>\n<p> <\/p>\n<li>3 x applicateurs magn\u00e9tiques<\/li>\n<p> <\/p>\n<li>2 languettes de taille 16, 18, 20 et 22 (8 au total)<\/li>\n<p> <\/p>\n<li>1 x activateur<\/li>\n<p> <\/p>\n<li>1 x Colle B\/S Spange 5 g<\/li>\n<p> <\/ul>\n<p> + DVD GRATUIT<\/p><\/p>\n","protected":false},"excerpt":{"rendered":"<p>La m\u00e9thode de B\/S Spange Magnetic est la technique la plus actuelle afin de rem\u00e9dier rapidement et avec succ\u00e8s aux ongles incarn\u00e9s. B\/S Spange est un ressort lisse en mati\u00e8re synth\u00e9tique qui est imperceptible, r\u00e9sistant \u00e0 l\u2019eau et au vernis \u00e0 ongles. Ce ressort, aussi appel\u00e9 une \u2018languette\u2019, est appliqu\u00e9 au moyen d\u2019un applicateur sur [&hellip;]<\/p>\n","protected":false},"featured_media":144255,"comment_status":"open","ping_status":"closed","template":"","meta":{"_acf_changed":false},"product_brand":[10320],"product_cat":[9948,10058],"product_tag":[],"class_list":{"0":"post-134563","1":"product","2":"type-product","3":"status-publish","4":"has-post-thumbnail","6":"product_brand-bs-spange-fr","7":"product_cat-beaute-pedicure-orthonyxie","8":"product_cat-soins-des-pieds-podologie-soins-des-pieds-podologie-orthonyxie","10":"first","11":"instock","12":"taxable","13":"shipping-taxable","14":"product-type-simple"},"acf":[],"yoast_head":"<!-- This site is optimized with the Yoast SEO plugin v27.3 - https:\/\/yoast.com\/product\/yoast-seo-wordpress\/ -->\n<title>B\/S Spange Magnet Set d&#039;Essai - Districos Webshop<\/title>\n<meta name=\"robots\" content=\"noindex, follow, max-snippet:-1, max-image-preview:large, max-video-preview:-1\" \/>\n<meta property=\"og:locale\" content=\"fr_FR\" \/>\n<meta property=\"og:type\" content=\"article\" \/>\n<meta property=\"og:title\" content=\"B\/S Spange Magnet Set d&#039;Essai - Districos Webshop\" \/>\n<meta property=\"og:description\" content=\"La m\u00e9thode de B\/S Spange Magnetic est la technique la plus actuelle afin de rem\u00e9dier rapidement et avec succ\u00e8s aux ongles incarn\u00e9s. B\/S Spange est un ressort lisse en mati\u00e8re synth\u00e9tique qui est imperceptible, r\u00e9sistant \u00e0 l\u2019eau et au vernis \u00e0 ongles. Ce ressort, aussi appel\u00e9 une \u2018languette\u2019, est appliqu\u00e9 au moyen d\u2019un applicateur sur [&hellip;]\" \/>\n<meta property=\"og:url\" content=\"https:\/\/districos.standingout.be\/fr\/product\/b-s-spange-magnet-set-dessai-ref-5121-21\/\" \/>\n<meta property=\"og:site_name\" content=\"Districos Webshop\" \/>\n<meta property=\"article:modified_time\" content=\"2026-04-28T00:25:50+00:00\" \/>\n<meta property=\"og:image\" content=\"https:\/\/districos.standingout.be\/wp-content\/uploads\/2026\/04\/5121.21@BS-Spange-Magnetic-Probeerset_1-2.png\" \/>\n\t<meta property=\"og:image:width\" content=\"600\" \/>\n\t<meta property=\"og:image:height\" content=\"600\" \/>\n\t<meta property=\"og:image:type\" content=\"image\/png\" \/>\n<meta name=\"twitter:card\" content=\"summary_large_image\" \/>\n<meta name=\"twitter:label1\" content=\"Dur\u00e9e de lecture estim\u00e9e\" \/>\n\t<meta name=\"twitter:data1\" content=\"1 minute\" \/>\n<script type=\"application\/ld+json\" class=\"yoast-schema-graph\">{\"@context\":\"https:\\\/\\\/schema.org\",\"@graph\":[{\"@type\":\"WebPage\",\"@id\":\"https:\\\/\\\/districos.standingout.be\\\/fr\\\/product\\\/b-s-spange-magnet-set-dessai-ref-5121-21\\\/\",\"url\":\"https:\\\/\\\/districos.standingout.be\\\/fr\\\/product\\\/b-s-spange-magnet-set-dessai-ref-5121-21\\\/\",\"name\":\"B\\\/S Spange Magnet Set d'Essai - Districos Webshop\",\"isPartOf\":{\"@id\":\"https:\\\/\\\/districos.standingout.be\\\/fr\\\/#website\"},\"primaryImageOfPage\":{\"@id\":\"https:\\\/\\\/districos.standingout.be\\\/fr\\\/product\\\/b-s-spange-magnet-set-dessai-ref-5121-21\\\/#primaryimage\"},\"image\":{\"@id\":\"https:\\\/\\\/districos.standingout.be\\\/fr\\\/product\\\/b-s-spange-magnet-set-dessai-ref-5121-21\\\/#primaryimage\"},\"thumbnailUrl\":\"https:\\\/\\\/districos.standingout.be\\\/wp-content\\\/uploads\\\/2026\\\/04\\\/5121.21@BS-Spange-Magnetic-Probeerset_1-3.png\",\"datePublished\":\"2026-04-28T00:25:48+00:00\",\"dateModified\":\"2026-04-28T00:25:50+00:00\",\"breadcrumb\":{\"@id\":\"https:\\\/\\\/districos.standingout.be\\\/fr\\\/product\\\/b-s-spange-magnet-set-dessai-ref-5121-21\\\/#breadcrumb\"},\"inLanguage\":\"fr-FR\",\"potentialAction\":[{\"@type\":\"ReadAction\",\"target\":[\"https:\\\/\\\/districos.standingout.be\\\/fr\\\/product\\\/b-s-spange-magnet-set-dessai-ref-5121-21\\\/\"]}]},{\"@type\":\"ImageObject\",\"inLanguage\":\"fr-FR\",\"@id\":\"https:\\\/\\\/districos.standingout.be\\\/fr\\\/product\\\/b-s-spange-magnet-set-dessai-ref-5121-21\\\/#primaryimage\",\"url\":\"https:\\\/\\\/districos.standingout.be\\\/wp-content\\\/uploads\\\/2026\\\/04\\\/5121.21@BS-Spange-Magnetic-Probeerset_1-3.png\",\"contentUrl\":\"https:\\\/\\\/districos.standingout.be\\\/wp-content\\\/uploads\\\/2026\\\/04\\\/5121.21@BS-Spange-Magnetic-Probeerset_1-3.png\",\"width\":600,\"height\":600},{\"@type\":\"BreadcrumbList\",\"@id\":\"https:\\\/\\\/districos.standingout.be\\\/fr\\\/product\\\/b-s-spange-magnet-set-dessai-ref-5121-21\\\/#breadcrumb\",\"itemListElement\":[{\"@type\":\"ListItem\",\"position\":1,\"name\":\"Home\",\"item\":\"https:\\\/\\\/districos.standingout.be\\\/fr\\\/bienvenue-chez-districos\\\/\"},{\"@type\":\"ListItem\",\"position\":2,\"name\":\"Boutique\",\"item\":\"https:\\\/\\\/districos.standingout.be\\\/fr\\\/boutique\\\/\"},{\"@type\":\"ListItem\",\"position\":3,\"name\":\"B\\\/S Spange Magnet Set d&#8217;Essai\"}]},{\"@type\":\"WebSite\",\"@id\":\"https:\\\/\\\/districos.standingout.be\\\/fr\\\/#website\",\"url\":\"https:\\\/\\\/districos.standingout.be\\\/fr\\\/\",\"name\":\"Districos Webshop\",\"description\":\"\",\"publisher\":{\"@id\":\"https:\\\/\\\/districos.standingout.be\\\/fr\\\/#organization\"},\"potentialAction\":[{\"@type\":\"SearchAction\",\"target\":{\"@type\":\"EntryPoint\",\"urlTemplate\":\"https:\\\/\\\/districos.standingout.be\\\/fr\\\/?s={search_term_string}\"},\"query-input\":{\"@type\":\"PropertyValueSpecification\",\"valueRequired\":true,\"valueName\":\"search_term_string\"}}],\"inLanguage\":\"fr-FR\"},{\"@type\":\"Organization\",\"@id\":\"https:\\\/\\\/districos.standingout.be\\\/fr\\\/#organization\",\"name\":\"Districos Webshop\",\"url\":\"https:\\\/\\\/districos.standingout.be\\\/fr\\\/\",\"logo\":{\"@type\":\"ImageObject\",\"inLanguage\":\"fr-FR\",\"@id\":\"https:\\\/\\\/districos.standingout.be\\\/fr\\\/#\\\/schema\\\/logo\\\/image\\\/\",\"url\":\"https:\\\/\\\/districos.standingout.be\\\/wp-content\\\/uploads\\\/2022\\\/09\\\/Districos_Logo_Webshop.svg\",\"contentUrl\":\"https:\\\/\\\/districos.standingout.be\\\/wp-content\\\/uploads\\\/2022\\\/09\\\/Districos_Logo_Webshop.svg\",\"caption\":\"Districos Webshop\"},\"image\":{\"@id\":\"https:\\\/\\\/districos.standingout.be\\\/fr\\\/#\\\/schema\\\/logo\\\/image\\\/\"}}]}<\/script>\n<!-- \/ Yoast SEO plugin. -->","yoast_head_json":{"title":"B\/S Spange Magnet Set d'Essai - Districos Webshop","robots":{"index":"noindex","follow":"follow","max-snippet":"max-snippet:-1","max-image-preview":"max-image-preview:large","max-video-preview":"max-video-preview:-1"},"og_locale":"fr_FR","og_type":"article","og_title":"B\/S Spange Magnet Set d'Essai - Districos Webshop","og_description":"La m\u00e9thode de B\/S Spange Magnetic est la technique la plus actuelle afin de rem\u00e9dier rapidement et avec succ\u00e8s aux ongles incarn\u00e9s. B\/S Spange est un ressort lisse en mati\u00e8re synth\u00e9tique qui est imperceptible, r\u00e9sistant \u00e0 l\u2019eau et au vernis \u00e0 ongles. Ce ressort, aussi appel\u00e9 une \u2018languette\u2019, est appliqu\u00e9 au moyen d\u2019un applicateur sur [&hellip;]","og_url":"https:\/\/districos.standingout.be\/fr\/product\/b-s-spange-magnet-set-dessai-ref-5121-21\/","og_site_name":"Districos Webshop","article_modified_time":"2026-04-28T00:25:50+00:00","og_image":[{"width":600,"height":600,"url":"https:\/\/districos.standingout.be\/wp-content\/uploads\/2026\/04\/5121.21@BS-Spange-Magnetic-Probeerset_1-2.png","type":"image\/png"}],"twitter_card":"summary_large_image","twitter_misc":{"Dur\u00e9e de lecture estim\u00e9e":"1 minute"},"schema":{"@context":"https:\/\/schema.org","@graph":[{"@type":"WebPage","@id":"https:\/\/districos.standingout.be\/fr\/product\/b-s-spange-magnet-set-dessai-ref-5121-21\/","url":"https:\/\/districos.standingout.be\/fr\/product\/b-s-spange-magnet-set-dessai-ref-5121-21\/","name":"B\/S Spange Magnet Set d'Essai - Districos Webshop","isPartOf":{"@id":"https:\/\/districos.standingout.be\/fr\/#website"},"primaryImageOfPage":{"@id":"https:\/\/districos.standingout.be\/fr\/product\/b-s-spange-magnet-set-dessai-ref-5121-21\/#primaryimage"},"image":{"@id":"https:\/\/districos.standingout.be\/fr\/product\/b-s-spange-magnet-set-dessai-ref-5121-21\/#primaryimage"},"thumbnailUrl":"https:\/\/districos.standingout.be\/wp-content\/uploads\/2026\/04\/5121.21@BS-Spange-Magnetic-Probeerset_1-3.png","datePublished":"2026-04-28T00:25:48+00:00","dateModified":"2026-04-28T00:25:50+00:00","breadcrumb":{"@id":"https:\/\/districos.standingout.be\/fr\/product\/b-s-spange-magnet-set-dessai-ref-5121-21\/#breadcrumb"},"inLanguage":"fr-FR","potentialAction":[{"@type":"ReadAction","target":["https:\/\/districos.standingout.be\/fr\/product\/b-s-spange-magnet-set-dessai-ref-5121-21\/"]}]},{"@type":"ImageObject","inLanguage":"fr-FR","@id":"https:\/\/districos.standingout.be\/fr\/product\/b-s-spange-magnet-set-dessai-ref-5121-21\/#primaryimage","url":"https:\/\/districos.standingout.be\/wp-content\/uploads\/2026\/04\/5121.21@BS-Spange-Magnetic-Probeerset_1-3.png","contentUrl":"https:\/\/districos.standingout.be\/wp-content\/uploads\/2026\/04\/5121.21@BS-Spange-Magnetic-Probeerset_1-3.png","width":600,"height":600},{"@type":"BreadcrumbList","@id":"https:\/\/districos.standingout.be\/fr\/product\/b-s-spange-magnet-set-dessai-ref-5121-21\/#breadcrumb","itemListElement":[{"@type":"ListItem","position":1,"name":"Home","item":"https:\/\/districos.standingout.be\/fr\/bienvenue-chez-districos\/"},{"@type":"ListItem","position":2,"name":"Boutique","item":"https:\/\/districos.standingout.be\/fr\/boutique\/"},{"@type":"ListItem","position":3,"name":"B\/S Spange Magnet Set d&#8217;Essai"}]},{"@type":"WebSite","@id":"https:\/\/districos.standingout.be\/fr\/#website","url":"https:\/\/districos.standingout.be\/fr\/","name":"Districos Webshop","description":"","publisher":{"@id":"https:\/\/districos.standingout.be\/fr\/#organization"},"potentialAction":[{"@type":"SearchAction","target":{"@type":"EntryPoint","urlTemplate":"https:\/\/districos.standingout.be\/fr\/?s={search_term_string}"},"query-input":{"@type":"PropertyValueSpecification","valueRequired":true,"valueName":"search_term_string"}}],"inLanguage":"fr-FR"},{"@type":"Organization","@id":"https:\/\/districos.standingout.be\/fr\/#organization","name":"Districos Webshop","url":"https:\/\/districos.standingout.be\/fr\/","logo":{"@type":"ImageObject","inLanguage":"fr-FR","@id":"https:\/\/districos.standingout.be\/fr\/#\/schema\/logo\/image\/","url":"https:\/\/districos.standingout.be\/wp-content\/uploads\/2022\/09\/Districos_Logo_Webshop.svg","contentUrl":"https:\/\/districos.standingout.be\/wp-content\/uploads\/2022\/09\/Districos_Logo_Webshop.svg","caption":"Districos Webshop"},"image":{"@id":"https:\/\/districos.standingout.be\/fr\/#\/schema\/logo\/image\/"}}]}},"_links":{"self":[{"href":"https:\/\/districos.standingout.be\/fr\/wp-json\/wp\/v2\/product\/134563","targetHints":{"allow":["GET"]}}],"collection":[{"href":"https:\/\/districos.standingout.be\/fr\/wp-json\/wp\/v2\/product"}],"about":[{"href":"https:\/\/districos.standingout.be\/fr\/wp-json\/wp\/v2\/types\/product"}],"replies":[{"embeddable":true,"href":"https:\/\/districos.standingout.be\/fr\/wp-json\/wp\/v2\/comments?post=134563"}],"wp:featuredmedia":[{"embeddable":true,"href":"https:\/\/districos.standingout.be\/fr\/wp-json\/wp\/v2\/media\/144255"}],"wp:attachment":[{"href":"https:\/\/districos.standingout.be\/fr\/wp-json\/wp\/v2\/media?parent=134563"}],"wp:term":[{"taxonomy":"product_brand","embeddable":true,"href":"https:\/\/districos.standingout.be\/fr\/wp-json\/wp\/v2\/product_brand?post=134563"},{"taxonomy":"product_cat","embeddable":true,"href":"https:\/\/districos.standingout.be\/fr\/wp-json\/wp\/v2\/product_cat?post=134563"},{"taxonomy":"product_tag","embeddable":true,"href":"https:\/\/districos.standingout.be\/fr\/wp-json\/wp\/v2\/product_tag?post=134563"}],"curies":[{"name":"wp","href":"https:\/\/api.w.org\/{rel}","templated":true}]}}