{"id":134579,"date":"2026-04-28T02:26:09","date_gmt":"2026-04-28T00:26:09","guid":{"rendered":"https:\/\/webshopdistricoscom.webhosting.be\/product\/b-s-spange-classic-set-de-depart-ref-5121-29\/"},"modified":"2026-04-28T02:26:11","modified_gmt":"2026-04-28T00:26:11","slug":"b-s-spange-classic-set-de-depart-ref-5121-29","status":"publish","type":"product","link":"https:\/\/districos.standingout.be\/fr\/product\/b-s-spange-classic-set-de-depart-ref-5121-29\/","title":{"rendered":"B\/S Spange Classic Set de D\u00e9part"},"content":{"rendered":"<p >\n<\/p>\n<\/p>\n<\/p>\n<\/p>\n<\/p>\n<p><b><span>Corrigez les ongles incarn\u00e9s sans douleur avec B\/S Spange&nbsp;<o:p><\/o:p><\/span><\/b><\/p>\n<p><span>La m\u00e9thode de B\/S Spange est la technique la plus moderne afin de rem\u00e9dier rapidement et avec succ\u00e8s aux ongles incarn\u00e9s. B\/S Spange est un ressort lisse, en mati\u00e8re synth\u00e9tique, qui est imperceptible et r\u00e9sistant \u00e0 l&rsquo;eau et au vernis \u00e0 ongle. Ce ressort, aussi appel\u00e9 \u00ab languette \u00bb, est pos\u00e9 au moyen d&rsquo;un applicateur sur la largeur totale de l&rsquo;ongle. De cette fa\u00e7on, la languette adopte la courbure de l&rsquo;ongle. La languette cherchant \u00e0 reprendre sa forme originelle, les c\u00f4t\u00e9s de l&rsquo;ongle sont relev\u00e9s et l&rsquo;ongle sera moins convexe (rond) au fur et \u00e0 mesure qu&rsquo;il pousse. De cette fa\u00e7on, les ongles incarn\u00e9s sont \u00e9vit\u00e9s \u00e0 l&rsquo;avenir. En plus, votre patient(e) ressent imm\u00e9diatement un soulagement de la douleur.<o:p><\/o:p><\/span><\/p>\n<p><b><span>Utilisation en cas :<o:p><\/o:p><\/span><\/b><\/p>\n<ul type=\"disc\">\n<li><span>D\u2019ongles incarn\u00e9s.<o:p><\/o:p><\/span><\/li>\n<li><span>D\u2019inflammations d&rsquo;ongles incarn\u00e9s.&nbsp;<o:p><\/o:p><\/span><\/li>\n<li><span>De cors dans le sillon ungu\u00e9al.<o:p><\/o:p><\/span><\/li>\n<\/ul>\n<p><b><span>Les avantages principaux :&nbsp;<o:p><\/o:p><\/span><\/b><\/p>\n<ul type=\"disc\">\n<li><span>Application facile et rapide.<o:p><\/o:p><\/span><\/li>\n<li><span>Coupe solide.&nbsp;<o:p><\/o:p><\/span><\/li>\n<li><span>Confort optimal.&nbsp;<o:p><\/o:p><\/span><\/li>\n<li><span>R\u00e9sistant \u00e0 l&rsquo;eau.&nbsp;<o:p><\/o:p><\/span><\/li>\n<li><span>Possibilit\u00e9 d&rsquo;appliquer du vernis \u00e0 ongles.&nbsp;<o:p><\/o:p><\/span><\/li>\n<li><span>Appropri\u00e9 aux personnes diab\u00e9tiques.<o:p><\/o:p><\/span><\/li>\n<\/ul>\n<p><b><span>Contenu :<o:p><\/o:p><\/span><\/b><\/p>\n<ul type=\"disc\">\n<li><span>1 Nettoyant Clean-Ex 25 ml<o:p><\/o:p><\/span><\/li>\n<li><span>1 Applicateur \/Spatule<o:p><\/o:p><\/span><\/li>\n<li><span>10 Languettes Classic de taille 16, 18, 20 et 22 (40 au total)<o:p><\/o:p><\/span><\/li>\n<li><span>1 Activateur 3 ml<o:p><\/o:p><\/span><\/li>\n<li><span>1 B\/S Spange Colle 5 g<o:p><\/o:p><\/span><\/li>\n<\/ul>\n<p><span>+ GRATUIT<o:p><\/o:p><\/span><\/p>\n<ul type=\"disc\">\n<li><span>5 Languettes d&rsquo;entra\u00eenement<o:p><\/o:p><\/span><\/li>\n<\/ul>\n<p><b><span lang=\"FR\">Regardez l\u2019\u00e9tape par \u00e9tape dans notre&nbsp;<\/span><\/b><b><span><a href=\"https:\/\/www.youtube.com\/watch?v=zUHyYnj-IGo\" target=\"_blank\" rel=\"noopener noreferrer nofollow\"><span lang=\"FR\">vid\u00e9o<\/span><\/a><\/span><\/b><b><span lang=\"FR\">.<o:p><\/o:p><\/span><\/b><\/p>\n<p><b><span>\u00c9galement disponible<o:p><\/o:p><\/span><\/b><\/p>\n<ul type=\"disc\">\n<li><span>Cobra Applicateur\/Spatule pour B\/S Spange (r\u00e9f.&nbsp;<a href=\"https:\/\/webshop.districos.com\/ProductDetail\/5121.27\" target=\"_blank\" rel=\"noopener noreferrer nofollow\"><span>5121.27<\/span><\/a>)<o:p><\/o:p><\/span><\/li>\n<li><span>B\/S Spange Magnet Set de D\u00e9part (r\u00e9f.&nbsp;<a href=\"https:\/\/webshop.districos.com\/ProductDetail\/5121.2\" target=\"_blank\" rel=\"noopener noreferrer nofollow\"><span>5121.2<\/span><\/a>)<o:p><\/o:p><\/span><\/li>\n<li><span>B\/S Spange Quick Miniset (r\u00e9f.&nbsp;<a href=\"https:\/\/webshop.districos.com\/ProductDetail\/5121.507\" target=\"_blank\" rel=\"noopener noreferrer nofollow\"><span>5121.507<\/span><\/a>)<o:p><\/o:p><\/span><\/li>\n<\/ul>\n<p dir=\"ltr\">\n<p> &nbsp; <\/p><\/p>\n","protected":false},"excerpt":{"rendered":"<p>Corrigez les ongles incarn\u00e9s sans douleur avec B\/S Spange&nbsp; La m\u00e9thode de B\/S Spange est la technique la plus moderne afin de rem\u00e9dier rapidement et avec succ\u00e8s aux ongles incarn\u00e9s. B\/S Spange est un ressort lisse, en mati\u00e8re synth\u00e9tique, qui est imperceptible et r\u00e9sistant \u00e0 l&rsquo;eau et au vernis \u00e0 ongle. Ce ressort, aussi appel\u00e9 [&hellip;]<\/p>\n","protected":false},"featured_media":72094,"comment_status":"open","ping_status":"closed","template":"","meta":{"_acf_changed":false},"product_brand":[10320],"product_cat":[9948,10058],"product_tag":[],"class_list":{"0":"post-134579","1":"product","2":"type-product","3":"status-publish","4":"has-post-thumbnail","6":"product_brand-bs-spange-fr","7":"product_cat-beaute-pedicure-orthonyxie","8":"product_cat-soins-des-pieds-podologie-soins-des-pieds-podologie-orthonyxie","10":"first","11":"instock","12":"taxable","13":"shipping-taxable","14":"product-type-simple"},"acf":[],"yoast_head":"<!-- This site is optimized with the Yoast SEO plugin v27.3 - https:\/\/yoast.com\/product\/yoast-seo-wordpress\/ -->\n<title>B\/S Spange Classic Set de D\u00e9part - Districos Webshop<\/title>\n<meta name=\"robots\" content=\"noindex, follow, max-snippet:-1, max-image-preview:large, max-video-preview:-1\" \/>\n<meta property=\"og:locale\" content=\"fr_FR\" \/>\n<meta property=\"og:type\" content=\"article\" \/>\n<meta property=\"og:title\" content=\"B\/S Spange Classic Set de D\u00e9part - Districos Webshop\" \/>\n<meta property=\"og:description\" content=\"Corrigez les ongles incarn\u00e9s sans douleur avec B\/S Spange&nbsp; La m\u00e9thode de B\/S Spange est la technique la plus moderne afin de rem\u00e9dier rapidement et avec succ\u00e8s aux ongles incarn\u00e9s. B\/S Spange est un ressort lisse, en mati\u00e8re synth\u00e9tique, qui est imperceptible et r\u00e9sistant \u00e0 l&rsquo;eau et au vernis \u00e0 ongle. Ce ressort, aussi appel\u00e9 [&hellip;]\" \/>\n<meta property=\"og:url\" content=\"https:\/\/districos.standingout.be\/fr\/product\/b-s-spange-classic-set-de-depart-ref-5121-29\/\" \/>\n<meta property=\"og:site_name\" content=\"Districos Webshop\" \/>\n<meta property=\"article:modified_time\" content=\"2026-04-28T00:26:11+00:00\" \/>\n<meta property=\"og:image\" content=\"https:\/\/districos.standingout.be\/wp-content\/uploads\/2025\/07\/5121.29@LowRes_1.png\" \/>\n\t<meta property=\"og:image:width\" content=\"600\" \/>\n\t<meta property=\"og:image:height\" content=\"600\" \/>\n\t<meta property=\"og:image:type\" content=\"image\/png\" \/>\n<meta name=\"twitter:card\" content=\"summary_large_image\" \/>\n<meta name=\"twitter:label1\" content=\"Dur\u00e9e de lecture estim\u00e9e\" \/>\n\t<meta name=\"twitter:data1\" content=\"1 minute\" \/>\n<script type=\"application\/ld+json\" class=\"yoast-schema-graph\">{\"@context\":\"https:\\\/\\\/schema.org\",\"@graph\":[{\"@type\":\"WebPage\",\"@id\":\"https:\\\/\\\/districos.standingout.be\\\/fr\\\/product\\\/b-s-spange-classic-set-de-depart-ref-5121-29\\\/\",\"url\":\"https:\\\/\\\/districos.standingout.be\\\/fr\\\/product\\\/b-s-spange-classic-set-de-depart-ref-5121-29\\\/\",\"name\":\"B\\\/S Spange Classic Set de D\u00e9part - Districos Webshop\",\"isPartOf\":{\"@id\":\"https:\\\/\\\/districos.standingout.be\\\/fr\\\/#website\"},\"primaryImageOfPage\":{\"@id\":\"https:\\\/\\\/districos.standingout.be\\\/fr\\\/product\\\/b-s-spange-classic-set-de-depart-ref-5121-29\\\/#primaryimage\"},\"image\":{\"@id\":\"https:\\\/\\\/districos.standingout.be\\\/fr\\\/product\\\/b-s-spange-classic-set-de-depart-ref-5121-29\\\/#primaryimage\"},\"thumbnailUrl\":\"https:\\\/\\\/districos.standingout.be\\\/wp-content\\\/uploads\\\/2025\\\/07\\\/5121.29@LowRes_1.png\",\"datePublished\":\"2026-04-28T00:26:09+00:00\",\"dateModified\":\"2026-04-28T00:26:11+00:00\",\"breadcrumb\":{\"@id\":\"https:\\\/\\\/districos.standingout.be\\\/fr\\\/product\\\/b-s-spange-classic-set-de-depart-ref-5121-29\\\/#breadcrumb\"},\"inLanguage\":\"fr-FR\",\"potentialAction\":[{\"@type\":\"ReadAction\",\"target\":[\"https:\\\/\\\/districos.standingout.be\\\/fr\\\/product\\\/b-s-spange-classic-set-de-depart-ref-5121-29\\\/\"]}]},{\"@type\":\"ImageObject\",\"inLanguage\":\"fr-FR\",\"@id\":\"https:\\\/\\\/districos.standingout.be\\\/fr\\\/product\\\/b-s-spange-classic-set-de-depart-ref-5121-29\\\/#primaryimage\",\"url\":\"https:\\\/\\\/districos.standingout.be\\\/wp-content\\\/uploads\\\/2025\\\/07\\\/5121.29@LowRes_1.png\",\"contentUrl\":\"https:\\\/\\\/districos.standingout.be\\\/wp-content\\\/uploads\\\/2025\\\/07\\\/5121.29@LowRes_1.png\",\"width\":600,\"height\":600},{\"@type\":\"BreadcrumbList\",\"@id\":\"https:\\\/\\\/districos.standingout.be\\\/fr\\\/product\\\/b-s-spange-classic-set-de-depart-ref-5121-29\\\/#breadcrumb\",\"itemListElement\":[{\"@type\":\"ListItem\",\"position\":1,\"name\":\"Home\",\"item\":\"https:\\\/\\\/districos.standingout.be\\\/fr\\\/bienvenue-chez-districos\\\/\"},{\"@type\":\"ListItem\",\"position\":2,\"name\":\"Boutique\",\"item\":\"https:\\\/\\\/districos.standingout.be\\\/fr\\\/boutique\\\/\"},{\"@type\":\"ListItem\",\"position\":3,\"name\":\"B\\\/S Spange Classic Set de D\u00e9part\"}]},{\"@type\":\"WebSite\",\"@id\":\"https:\\\/\\\/districos.standingout.be\\\/fr\\\/#website\",\"url\":\"https:\\\/\\\/districos.standingout.be\\\/fr\\\/\",\"name\":\"Districos Webshop\",\"description\":\"\",\"publisher\":{\"@id\":\"https:\\\/\\\/districos.standingout.be\\\/fr\\\/#organization\"},\"potentialAction\":[{\"@type\":\"SearchAction\",\"target\":{\"@type\":\"EntryPoint\",\"urlTemplate\":\"https:\\\/\\\/districos.standingout.be\\\/fr\\\/?s={search_term_string}\"},\"query-input\":{\"@type\":\"PropertyValueSpecification\",\"valueRequired\":true,\"valueName\":\"search_term_string\"}}],\"inLanguage\":\"fr-FR\"},{\"@type\":\"Organization\",\"@id\":\"https:\\\/\\\/districos.standingout.be\\\/fr\\\/#organization\",\"name\":\"Districos Webshop\",\"url\":\"https:\\\/\\\/districos.standingout.be\\\/fr\\\/\",\"logo\":{\"@type\":\"ImageObject\",\"inLanguage\":\"fr-FR\",\"@id\":\"https:\\\/\\\/districos.standingout.be\\\/fr\\\/#\\\/schema\\\/logo\\\/image\\\/\",\"url\":\"https:\\\/\\\/districos.standingout.be\\\/wp-content\\\/uploads\\\/2022\\\/09\\\/Districos_Logo_Webshop.svg\",\"contentUrl\":\"https:\\\/\\\/districos.standingout.be\\\/wp-content\\\/uploads\\\/2022\\\/09\\\/Districos_Logo_Webshop.svg\",\"caption\":\"Districos Webshop\"},\"image\":{\"@id\":\"https:\\\/\\\/districos.standingout.be\\\/fr\\\/#\\\/schema\\\/logo\\\/image\\\/\"}}]}<\/script>\n<!-- \/ Yoast SEO plugin. -->","yoast_head_json":{"title":"B\/S Spange Classic Set de D\u00e9part - Districos Webshop","robots":{"index":"noindex","follow":"follow","max-snippet":"max-snippet:-1","max-image-preview":"max-image-preview:large","max-video-preview":"max-video-preview:-1"},"og_locale":"fr_FR","og_type":"article","og_title":"B\/S Spange Classic Set de D\u00e9part - Districos Webshop","og_description":"Corrigez les ongles incarn\u00e9s sans douleur avec B\/S Spange&nbsp; La m\u00e9thode de B\/S Spange est la technique la plus moderne afin de rem\u00e9dier rapidement et avec succ\u00e8s aux ongles incarn\u00e9s. B\/S Spange est un ressort lisse, en mati\u00e8re synth\u00e9tique, qui est imperceptible et r\u00e9sistant \u00e0 l&rsquo;eau et au vernis \u00e0 ongle. Ce ressort, aussi appel\u00e9 [&hellip;]","og_url":"https:\/\/districos.standingout.be\/fr\/product\/b-s-spange-classic-set-de-depart-ref-5121-29\/","og_site_name":"Districos Webshop","article_modified_time":"2026-04-28T00:26:11+00:00","og_image":[{"width":600,"height":600,"url":"https:\/\/districos.standingout.be\/wp-content\/uploads\/2025\/07\/5121.29@LowRes_1.png","type":"image\/png"}],"twitter_card":"summary_large_image","twitter_misc":{"Dur\u00e9e de lecture estim\u00e9e":"1 minute"},"schema":{"@context":"https:\/\/schema.org","@graph":[{"@type":"WebPage","@id":"https:\/\/districos.standingout.be\/fr\/product\/b-s-spange-classic-set-de-depart-ref-5121-29\/","url":"https:\/\/districos.standingout.be\/fr\/product\/b-s-spange-classic-set-de-depart-ref-5121-29\/","name":"B\/S Spange Classic Set de D\u00e9part - Districos Webshop","isPartOf":{"@id":"https:\/\/districos.standingout.be\/fr\/#website"},"primaryImageOfPage":{"@id":"https:\/\/districos.standingout.be\/fr\/product\/b-s-spange-classic-set-de-depart-ref-5121-29\/#primaryimage"},"image":{"@id":"https:\/\/districos.standingout.be\/fr\/product\/b-s-spange-classic-set-de-depart-ref-5121-29\/#primaryimage"},"thumbnailUrl":"https:\/\/districos.standingout.be\/wp-content\/uploads\/2025\/07\/5121.29@LowRes_1.png","datePublished":"2026-04-28T00:26:09+00:00","dateModified":"2026-04-28T00:26:11+00:00","breadcrumb":{"@id":"https:\/\/districos.standingout.be\/fr\/product\/b-s-spange-classic-set-de-depart-ref-5121-29\/#breadcrumb"},"inLanguage":"fr-FR","potentialAction":[{"@type":"ReadAction","target":["https:\/\/districos.standingout.be\/fr\/product\/b-s-spange-classic-set-de-depart-ref-5121-29\/"]}]},{"@type":"ImageObject","inLanguage":"fr-FR","@id":"https:\/\/districos.standingout.be\/fr\/product\/b-s-spange-classic-set-de-depart-ref-5121-29\/#primaryimage","url":"https:\/\/districos.standingout.be\/wp-content\/uploads\/2025\/07\/5121.29@LowRes_1.png","contentUrl":"https:\/\/districos.standingout.be\/wp-content\/uploads\/2025\/07\/5121.29@LowRes_1.png","width":600,"height":600},{"@type":"BreadcrumbList","@id":"https:\/\/districos.standingout.be\/fr\/product\/b-s-spange-classic-set-de-depart-ref-5121-29\/#breadcrumb","itemListElement":[{"@type":"ListItem","position":1,"name":"Home","item":"https:\/\/districos.standingout.be\/fr\/bienvenue-chez-districos\/"},{"@type":"ListItem","position":2,"name":"Boutique","item":"https:\/\/districos.standingout.be\/fr\/boutique\/"},{"@type":"ListItem","position":3,"name":"B\/S Spange Classic Set de D\u00e9part"}]},{"@type":"WebSite","@id":"https:\/\/districos.standingout.be\/fr\/#website","url":"https:\/\/districos.standingout.be\/fr\/","name":"Districos Webshop","description":"","publisher":{"@id":"https:\/\/districos.standingout.be\/fr\/#organization"},"potentialAction":[{"@type":"SearchAction","target":{"@type":"EntryPoint","urlTemplate":"https:\/\/districos.standingout.be\/fr\/?s={search_term_string}"},"query-input":{"@type":"PropertyValueSpecification","valueRequired":true,"valueName":"search_term_string"}}],"inLanguage":"fr-FR"},{"@type":"Organization","@id":"https:\/\/districos.standingout.be\/fr\/#organization","name":"Districos Webshop","url":"https:\/\/districos.standingout.be\/fr\/","logo":{"@type":"ImageObject","inLanguage":"fr-FR","@id":"https:\/\/districos.standingout.be\/fr\/#\/schema\/logo\/image\/","url":"https:\/\/districos.standingout.be\/wp-content\/uploads\/2022\/09\/Districos_Logo_Webshop.svg","contentUrl":"https:\/\/districos.standingout.be\/wp-content\/uploads\/2022\/09\/Districos_Logo_Webshop.svg","caption":"Districos Webshop"},"image":{"@id":"https:\/\/districos.standingout.be\/fr\/#\/schema\/logo\/image\/"}}]}},"_links":{"self":[{"href":"https:\/\/districos.standingout.be\/fr\/wp-json\/wp\/v2\/product\/134579","targetHints":{"allow":["GET"]}}],"collection":[{"href":"https:\/\/districos.standingout.be\/fr\/wp-json\/wp\/v2\/product"}],"about":[{"href":"https:\/\/districos.standingout.be\/fr\/wp-json\/wp\/v2\/types\/product"}],"replies":[{"embeddable":true,"href":"https:\/\/districos.standingout.be\/fr\/wp-json\/wp\/v2\/comments?post=134579"}],"wp:featuredmedia":[{"embeddable":true,"href":"https:\/\/districos.standingout.be\/fr\/wp-json\/wp\/v2\/media\/72094"}],"wp:attachment":[{"href":"https:\/\/districos.standingout.be\/fr\/wp-json\/wp\/v2\/media?parent=134579"}],"wp:term":[{"taxonomy":"product_brand","embeddable":true,"href":"https:\/\/districos.standingout.be\/fr\/wp-json\/wp\/v2\/product_brand?post=134579"},{"taxonomy":"product_cat","embeddable":true,"href":"https:\/\/districos.standingout.be\/fr\/wp-json\/wp\/v2\/product_cat?post=134579"},{"taxonomy":"product_tag","embeddable":true,"href":"https:\/\/districos.standingout.be\/fr\/wp-json\/wp\/v2\/product_tag?post=134579"}],"curies":[{"name":"wp","href":"https:\/\/api.w.org\/{rel}","templated":true}]}}