{"id":134639,"date":"2026-04-28T02:35:57","date_gmt":"2026-04-28T00:35:57","guid":{"rendered":"https:\/\/webshopdistricoscom.webhosting.be\/product\/b-s-spange-quick-24-mm-5-pcs-ref-5121-506\/"},"modified":"2026-04-28T02:35:59","modified_gmt":"2026-04-28T00:35:59","slug":"b-s-spange-quick-24-mm-5-pcs-ref-5121-506","status":"publish","type":"product","link":"https:\/\/districos.standingout.be\/fr\/product\/b-s-spange-quick-24-mm-5-pcs-ref-5121-506\/","title":{"rendered":"B\/S Spange Quick 24 mm 5 pcs."},"content":{"rendered":"<p >\n<p dir=ltr>Le B\/S Spange Quick est une versions modifi\u00e9e du B\/S Spange Classic. La commodit\u00e9 du B\/S Spange Quick r\u00e9side dans sa facilit\u00e9 d\u2019application. Les languettes sont coll\u00e9es \u00e0 l\u2019ongle \u00e0 l\u2019aide d\u2019une feuille de transfert en silicone qui vous aide \u00e0 lex placer et \u00e0 les presser facilement. Comme les languettes roulent facilement de la feuille de transfert en silicone, le risque de contact avec la colle est \u00e9vit\u00e9. Ainsi B\/S Spange innove un syst\u00e8me existant largement utilis\u00e9 avec des ajustements mineurs. De plus, le syst\u00e8me B\/S Quick est fourni avec des lignes de mesure qui aident \u00e0 d\u00e9terminer quel Spange s\u2019adaptera le mieux \u00e0 l\u2019ongle. <\/p><\/p>\n","protected":false},"excerpt":{"rendered":"<p>Le B\/S Spange Quick est une versions modifi\u00e9e du B\/S Spange Classic. La commodit\u00e9 du B\/S Spange Quick r\u00e9side dans sa facilit\u00e9 d\u2019application. Les languettes sont coll\u00e9es \u00e0 l\u2019ongle \u00e0 l\u2019aide d\u2019une feuille de transfert en silicone qui vous aide \u00e0 lex placer et \u00e0 les presser facilement. Comme les languettes roulent facilement de la [&hellip;]<\/p>\n","protected":false},"featured_media":72196,"comment_status":"open","ping_status":"closed","template":"","meta":{"_acf_changed":false},"product_brand":[10320],"product_cat":[9948,10058],"product_tag":[],"class_list":{"0":"post-134639","1":"product","2":"type-product","3":"status-publish","4":"has-post-thumbnail","6":"product_brand-bs-spange-fr","7":"product_cat-beaute-pedicure-orthonyxie","8":"product_cat-soins-des-pieds-podologie-soins-des-pieds-podologie-orthonyxie","10":"first","11":"instock","12":"taxable","13":"shipping-taxable","14":"product-type-simple"},"acf":[],"yoast_head":"<!-- This site is optimized with the Yoast SEO plugin v27.3 - https:\/\/yoast.com\/product\/yoast-seo-wordpress\/ -->\n<title>B\/S Spange Quick 24 mm 5 pcs. - Districos Webshop<\/title>\n<meta name=\"robots\" content=\"noindex, follow, max-snippet:-1, max-image-preview:large, max-video-preview:-1\" \/>\n<meta property=\"og:locale\" content=\"fr_FR\" \/>\n<meta property=\"og:type\" content=\"article\" \/>\n<meta property=\"og:title\" content=\"B\/S Spange Quick 24 mm 5 pcs. - Districos Webshop\" \/>\n<meta property=\"og:description\" content=\"Le B\/S Spange Quick est une versions modifi\u00e9e du B\/S Spange Classic. La commodit\u00e9 du B\/S Spange Quick r\u00e9side dans sa facilit\u00e9 d\u2019application. Les languettes sont coll\u00e9es \u00e0 l\u2019ongle \u00e0 l\u2019aide d\u2019une feuille de transfert en silicone qui vous aide \u00e0 lex placer et \u00e0 les presser facilement. Comme les languettes roulent facilement de la [&hellip;]\" \/>\n<meta property=\"og:url\" content=\"https:\/\/districos.standingout.be\/fr\/product\/b-s-spange-quick-24-mm-5-pcs-ref-5121-506\/\" \/>\n<meta property=\"og:site_name\" content=\"Districos Webshop\" \/>\n<meta property=\"article:modified_time\" content=\"2026-04-28T00:35:59+00:00\" \/>\n<meta property=\"og:image\" content=\"https:\/\/districos.standingout.be\/wp-content\/uploads\/2025\/07\/5121.506@LowRes_1_0.png\" \/>\n\t<meta property=\"og:image:width\" content=\"600\" \/>\n\t<meta property=\"og:image:height\" content=\"600\" \/>\n\t<meta property=\"og:image:type\" content=\"image\/png\" \/>\n<meta name=\"twitter:card\" content=\"summary_large_image\" \/>\n<meta name=\"twitter:label1\" content=\"Dur\u00e9e de lecture estim\u00e9e\" \/>\n\t<meta name=\"twitter:data1\" content=\"1 minute\" \/>\n<script type=\"application\/ld+json\" class=\"yoast-schema-graph\">{\"@context\":\"https:\\\/\\\/schema.org\",\"@graph\":[{\"@type\":\"WebPage\",\"@id\":\"https:\\\/\\\/districos.standingout.be\\\/fr\\\/product\\\/b-s-spange-quick-24-mm-5-pcs-ref-5121-506\\\/\",\"url\":\"https:\\\/\\\/districos.standingout.be\\\/fr\\\/product\\\/b-s-spange-quick-24-mm-5-pcs-ref-5121-506\\\/\",\"name\":\"B\\\/S Spange Quick 24 mm 5 pcs. - Districos Webshop\",\"isPartOf\":{\"@id\":\"https:\\\/\\\/districos.standingout.be\\\/fr\\\/#website\"},\"primaryImageOfPage\":{\"@id\":\"https:\\\/\\\/districos.standingout.be\\\/fr\\\/product\\\/b-s-spange-quick-24-mm-5-pcs-ref-5121-506\\\/#primaryimage\"},\"image\":{\"@id\":\"https:\\\/\\\/districos.standingout.be\\\/fr\\\/product\\\/b-s-spange-quick-24-mm-5-pcs-ref-5121-506\\\/#primaryimage\"},\"thumbnailUrl\":\"https:\\\/\\\/districos.standingout.be\\\/wp-content\\\/uploads\\\/2025\\\/07\\\/5121.506@LowRes_1_0.png\",\"datePublished\":\"2026-04-28T00:35:57+00:00\",\"dateModified\":\"2026-04-28T00:35:59+00:00\",\"breadcrumb\":{\"@id\":\"https:\\\/\\\/districos.standingout.be\\\/fr\\\/product\\\/b-s-spange-quick-24-mm-5-pcs-ref-5121-506\\\/#breadcrumb\"},\"inLanguage\":\"fr-FR\",\"potentialAction\":[{\"@type\":\"ReadAction\",\"target\":[\"https:\\\/\\\/districos.standingout.be\\\/fr\\\/product\\\/b-s-spange-quick-24-mm-5-pcs-ref-5121-506\\\/\"]}]},{\"@type\":\"ImageObject\",\"inLanguage\":\"fr-FR\",\"@id\":\"https:\\\/\\\/districos.standingout.be\\\/fr\\\/product\\\/b-s-spange-quick-24-mm-5-pcs-ref-5121-506\\\/#primaryimage\",\"url\":\"https:\\\/\\\/districos.standingout.be\\\/wp-content\\\/uploads\\\/2025\\\/07\\\/5121.506@LowRes_1_0.png\",\"contentUrl\":\"https:\\\/\\\/districos.standingout.be\\\/wp-content\\\/uploads\\\/2025\\\/07\\\/5121.506@LowRes_1_0.png\",\"width\":600,\"height\":600},{\"@type\":\"BreadcrumbList\",\"@id\":\"https:\\\/\\\/districos.standingout.be\\\/fr\\\/product\\\/b-s-spange-quick-24-mm-5-pcs-ref-5121-506\\\/#breadcrumb\",\"itemListElement\":[{\"@type\":\"ListItem\",\"position\":1,\"name\":\"Home\",\"item\":\"https:\\\/\\\/districos.standingout.be\\\/fr\\\/bienvenue-chez-districos\\\/\"},{\"@type\":\"ListItem\",\"position\":2,\"name\":\"Boutique\",\"item\":\"https:\\\/\\\/districos.standingout.be\\\/fr\\\/boutique\\\/\"},{\"@type\":\"ListItem\",\"position\":3,\"name\":\"B\\\/S Spange Quick 24 mm 5 pcs.\"}]},{\"@type\":\"WebSite\",\"@id\":\"https:\\\/\\\/districos.standingout.be\\\/fr\\\/#website\",\"url\":\"https:\\\/\\\/districos.standingout.be\\\/fr\\\/\",\"name\":\"Districos Webshop\",\"description\":\"\",\"publisher\":{\"@id\":\"https:\\\/\\\/districos.standingout.be\\\/fr\\\/#organization\"},\"potentialAction\":[{\"@type\":\"SearchAction\",\"target\":{\"@type\":\"EntryPoint\",\"urlTemplate\":\"https:\\\/\\\/districos.standingout.be\\\/fr\\\/?s={search_term_string}\"},\"query-input\":{\"@type\":\"PropertyValueSpecification\",\"valueRequired\":true,\"valueName\":\"search_term_string\"}}],\"inLanguage\":\"fr-FR\"},{\"@type\":\"Organization\",\"@id\":\"https:\\\/\\\/districos.standingout.be\\\/fr\\\/#organization\",\"name\":\"Districos Webshop\",\"url\":\"https:\\\/\\\/districos.standingout.be\\\/fr\\\/\",\"logo\":{\"@type\":\"ImageObject\",\"inLanguage\":\"fr-FR\",\"@id\":\"https:\\\/\\\/districos.standingout.be\\\/fr\\\/#\\\/schema\\\/logo\\\/image\\\/\",\"url\":\"https:\\\/\\\/districos.standingout.be\\\/wp-content\\\/uploads\\\/2022\\\/09\\\/Districos_Logo_Webshop.svg\",\"contentUrl\":\"https:\\\/\\\/districos.standingout.be\\\/wp-content\\\/uploads\\\/2022\\\/09\\\/Districos_Logo_Webshop.svg\",\"caption\":\"Districos Webshop\"},\"image\":{\"@id\":\"https:\\\/\\\/districos.standingout.be\\\/fr\\\/#\\\/schema\\\/logo\\\/image\\\/\"}}]}<\/script>\n<!-- \/ Yoast SEO plugin. -->","yoast_head_json":{"title":"B\/S Spange Quick 24 mm 5 pcs. - Districos Webshop","robots":{"index":"noindex","follow":"follow","max-snippet":"max-snippet:-1","max-image-preview":"max-image-preview:large","max-video-preview":"max-video-preview:-1"},"og_locale":"fr_FR","og_type":"article","og_title":"B\/S Spange Quick 24 mm 5 pcs. - Districos Webshop","og_description":"Le B\/S Spange Quick est une versions modifi\u00e9e du B\/S Spange Classic. La commodit\u00e9 du B\/S Spange Quick r\u00e9side dans sa facilit\u00e9 d\u2019application. Les languettes sont coll\u00e9es \u00e0 l\u2019ongle \u00e0 l\u2019aide d\u2019une feuille de transfert en silicone qui vous aide \u00e0 lex placer et \u00e0 les presser facilement. Comme les languettes roulent facilement de la [&hellip;]","og_url":"https:\/\/districos.standingout.be\/fr\/product\/b-s-spange-quick-24-mm-5-pcs-ref-5121-506\/","og_site_name":"Districos Webshop","article_modified_time":"2026-04-28T00:35:59+00:00","og_image":[{"width":600,"height":600,"url":"https:\/\/districos.standingout.be\/wp-content\/uploads\/2025\/07\/5121.506@LowRes_1_0.png","type":"image\/png"}],"twitter_card":"summary_large_image","twitter_misc":{"Dur\u00e9e de lecture estim\u00e9e":"1 minute"},"schema":{"@context":"https:\/\/schema.org","@graph":[{"@type":"WebPage","@id":"https:\/\/districos.standingout.be\/fr\/product\/b-s-spange-quick-24-mm-5-pcs-ref-5121-506\/","url":"https:\/\/districos.standingout.be\/fr\/product\/b-s-spange-quick-24-mm-5-pcs-ref-5121-506\/","name":"B\/S Spange Quick 24 mm 5 pcs. - Districos Webshop","isPartOf":{"@id":"https:\/\/districos.standingout.be\/fr\/#website"},"primaryImageOfPage":{"@id":"https:\/\/districos.standingout.be\/fr\/product\/b-s-spange-quick-24-mm-5-pcs-ref-5121-506\/#primaryimage"},"image":{"@id":"https:\/\/districos.standingout.be\/fr\/product\/b-s-spange-quick-24-mm-5-pcs-ref-5121-506\/#primaryimage"},"thumbnailUrl":"https:\/\/districos.standingout.be\/wp-content\/uploads\/2025\/07\/5121.506@LowRes_1_0.png","datePublished":"2026-04-28T00:35:57+00:00","dateModified":"2026-04-28T00:35:59+00:00","breadcrumb":{"@id":"https:\/\/districos.standingout.be\/fr\/product\/b-s-spange-quick-24-mm-5-pcs-ref-5121-506\/#breadcrumb"},"inLanguage":"fr-FR","potentialAction":[{"@type":"ReadAction","target":["https:\/\/districos.standingout.be\/fr\/product\/b-s-spange-quick-24-mm-5-pcs-ref-5121-506\/"]}]},{"@type":"ImageObject","inLanguage":"fr-FR","@id":"https:\/\/districos.standingout.be\/fr\/product\/b-s-spange-quick-24-mm-5-pcs-ref-5121-506\/#primaryimage","url":"https:\/\/districos.standingout.be\/wp-content\/uploads\/2025\/07\/5121.506@LowRes_1_0.png","contentUrl":"https:\/\/districos.standingout.be\/wp-content\/uploads\/2025\/07\/5121.506@LowRes_1_0.png","width":600,"height":600},{"@type":"BreadcrumbList","@id":"https:\/\/districos.standingout.be\/fr\/product\/b-s-spange-quick-24-mm-5-pcs-ref-5121-506\/#breadcrumb","itemListElement":[{"@type":"ListItem","position":1,"name":"Home","item":"https:\/\/districos.standingout.be\/fr\/bienvenue-chez-districos\/"},{"@type":"ListItem","position":2,"name":"Boutique","item":"https:\/\/districos.standingout.be\/fr\/boutique\/"},{"@type":"ListItem","position":3,"name":"B\/S Spange Quick 24 mm 5 pcs."}]},{"@type":"WebSite","@id":"https:\/\/districos.standingout.be\/fr\/#website","url":"https:\/\/districos.standingout.be\/fr\/","name":"Districos Webshop","description":"","publisher":{"@id":"https:\/\/districos.standingout.be\/fr\/#organization"},"potentialAction":[{"@type":"SearchAction","target":{"@type":"EntryPoint","urlTemplate":"https:\/\/districos.standingout.be\/fr\/?s={search_term_string}"},"query-input":{"@type":"PropertyValueSpecification","valueRequired":true,"valueName":"search_term_string"}}],"inLanguage":"fr-FR"},{"@type":"Organization","@id":"https:\/\/districos.standingout.be\/fr\/#organization","name":"Districos Webshop","url":"https:\/\/districos.standingout.be\/fr\/","logo":{"@type":"ImageObject","inLanguage":"fr-FR","@id":"https:\/\/districos.standingout.be\/fr\/#\/schema\/logo\/image\/","url":"https:\/\/districos.standingout.be\/wp-content\/uploads\/2022\/09\/Districos_Logo_Webshop.svg","contentUrl":"https:\/\/districos.standingout.be\/wp-content\/uploads\/2022\/09\/Districos_Logo_Webshop.svg","caption":"Districos Webshop"},"image":{"@id":"https:\/\/districos.standingout.be\/fr\/#\/schema\/logo\/image\/"}}]}},"_links":{"self":[{"href":"https:\/\/districos.standingout.be\/fr\/wp-json\/wp\/v2\/product\/134639","targetHints":{"allow":["GET"]}}],"collection":[{"href":"https:\/\/districos.standingout.be\/fr\/wp-json\/wp\/v2\/product"}],"about":[{"href":"https:\/\/districos.standingout.be\/fr\/wp-json\/wp\/v2\/types\/product"}],"replies":[{"embeddable":true,"href":"https:\/\/districos.standingout.be\/fr\/wp-json\/wp\/v2\/comments?post=134639"}],"wp:featuredmedia":[{"embeddable":true,"href":"https:\/\/districos.standingout.be\/fr\/wp-json\/wp\/v2\/media\/72196"}],"wp:attachment":[{"href":"https:\/\/districos.standingout.be\/fr\/wp-json\/wp\/v2\/media?parent=134639"}],"wp:term":[{"taxonomy":"product_brand","embeddable":true,"href":"https:\/\/districos.standingout.be\/fr\/wp-json\/wp\/v2\/product_brand?post=134639"},{"taxonomy":"product_cat","embeddable":true,"href":"https:\/\/districos.standingout.be\/fr\/wp-json\/wp\/v2\/product_cat?post=134639"},{"taxonomy":"product_tag","embeddable":true,"href":"https:\/\/districos.standingout.be\/fr\/wp-json\/wp\/v2\/product_tag?post=134639"}],"curies":[{"name":"wp","href":"https:\/\/api.w.org\/{rel}","templated":true}]}}