{"id":134643,"date":"2026-04-28T02:36:02","date_gmt":"2026-04-28T00:36:02","guid":{"rendered":"https:\/\/webshopdistricoscom.webhosting.be\/product\/fil-wipla-inox-25-m-x-05-mm-ref-5121-53\/"},"modified":"2026-04-28T02:36:04","modified_gmt":"2026-04-28T00:36:04","slug":"fil-wipla-inox-25-m-x-05-mm-ref-5121-53","status":"publish","type":"product","link":"https:\/\/districos.standingout.be\/fr\/product\/fil-wipla-inox-25-m-x-05-mm-ref-5121-53\/","title":{"rendered":"Fil Wipla Inox 25 m x 0,5 mm"},"content":{"rendered":"<p >\n<p dir=ltr>\u00c9galement connu comme R\u00e9manium. Pour r\u00e9aliser des fils correcteurs comme la Bague de Ross Fr\u00e4ser. Ce fil pousse avec l&rsquo;ongle naturel, n\u2019oubliez donc pas de le repousser en arri\u00e8re si n\u00e9cessaire. N\u2019est pas appropri\u00e9 pour les diab\u00e9tiques ou les client(e)s allergiques \u00e0 l&rsquo;acier.<\/p>\n<p> Emballage : 25 m. Disponible en 0,4 mm et en 0,5 mm d\u2019\u00e9paisseur. <\/p><\/p>\n","protected":false},"excerpt":{"rendered":"<p>\u00c9galement connu comme R\u00e9manium. Pour r\u00e9aliser des fils correcteurs comme la Bague de Ross Fr\u00e4ser. Ce fil pousse avec l&rsquo;ongle naturel, n\u2019oubliez donc pas de le repousser en arri\u00e8re si n\u00e9cessaire. N\u2019est pas appropri\u00e9 pour les diab\u00e9tiques ou les client(e)s allergiques \u00e0 l&rsquo;acier. Emballage : 25 m. Disponible en 0,4 mm et en 0,5 mm [&hellip;]<\/p>\n","protected":false},"featured_media":144285,"comment_status":"open","ping_status":"closed","template":"","meta":{"_acf_changed":false},"product_brand":[10380],"product_cat":[9948,10058],"product_tag":[],"class_list":{"0":"post-134643","1":"product","2":"type-product","3":"status-publish","4":"has-post-thumbnail","6":"product_brand-districos-fr","7":"product_cat-beaute-pedicure-orthonyxie","8":"product_cat-soins-des-pieds-podologie-soins-des-pieds-podologie-orthonyxie","10":"first","11":"instock","12":"taxable","13":"shipping-taxable","14":"product-type-simple"},"acf":[],"yoast_head":"<!-- This site is optimized with the Yoast SEO plugin v27.3 - https:\/\/yoast.com\/product\/yoast-seo-wordpress\/ -->\n<title>Fil Wipla Inox 25 m x 0,5 mm - Districos Webshop<\/title>\n<meta name=\"robots\" content=\"noindex, follow, max-snippet:-1, max-image-preview:large, max-video-preview:-1\" \/>\n<meta property=\"og:locale\" content=\"fr_FR\" \/>\n<meta property=\"og:type\" content=\"article\" \/>\n<meta property=\"og:title\" content=\"Fil Wipla Inox 25 m x 0,5 mm - Districos Webshop\" \/>\n<meta property=\"og:description\" content=\"\u00c9galement connu comme R\u00e9manium. Pour r\u00e9aliser des fils correcteurs comme la Bague de Ross Fr\u00e4ser. Ce fil pousse avec l&rsquo;ongle naturel, n\u2019oubliez donc pas de le repousser en arri\u00e8re si n\u00e9cessaire. N\u2019est pas appropri\u00e9 pour les diab\u00e9tiques ou les client(e)s allergiques \u00e0 l&rsquo;acier. Emballage : 25 m. Disponible en 0,4 mm et en 0,5 mm [&hellip;]\" \/>\n<meta property=\"og:url\" content=\"https:\/\/districos.standingout.be\/fr\/product\/fil-wipla-inox-25-m-x-05-mm-ref-5121-53\/\" \/>\n<meta property=\"og:site_name\" content=\"Districos Webshop\" \/>\n<meta property=\"article:modified_time\" content=\"2026-04-28T00:36:04+00:00\" \/>\n<meta property=\"og:image\" content=\"https:\/\/districos.standingout.be\/wp-content\/uploads\/2026\/04\/5121.53@Wipladraad-Inox-25-m-x-05-mm_1-2.png\" \/>\n\t<meta property=\"og:image:width\" content=\"600\" \/>\n\t<meta property=\"og:image:height\" content=\"600\" \/>\n\t<meta property=\"og:image:type\" content=\"image\/png\" \/>\n<meta name=\"twitter:card\" content=\"summary_large_image\" \/>\n<script type=\"application\/ld+json\" class=\"yoast-schema-graph\">{\"@context\":\"https:\\\/\\\/schema.org\",\"@graph\":[{\"@type\":\"WebPage\",\"@id\":\"https:\\\/\\\/districos.standingout.be\\\/fr\\\/product\\\/fil-wipla-inox-25-m-x-05-mm-ref-5121-53\\\/\",\"url\":\"https:\\\/\\\/districos.standingout.be\\\/fr\\\/product\\\/fil-wipla-inox-25-m-x-05-mm-ref-5121-53\\\/\",\"name\":\"Fil Wipla Inox 25 m x 0,5 mm - Districos Webshop\",\"isPartOf\":{\"@id\":\"https:\\\/\\\/districos.standingout.be\\\/fr\\\/#website\"},\"primaryImageOfPage\":{\"@id\":\"https:\\\/\\\/districos.standingout.be\\\/fr\\\/product\\\/fil-wipla-inox-25-m-x-05-mm-ref-5121-53\\\/#primaryimage\"},\"image\":{\"@id\":\"https:\\\/\\\/districos.standingout.be\\\/fr\\\/product\\\/fil-wipla-inox-25-m-x-05-mm-ref-5121-53\\\/#primaryimage\"},\"thumbnailUrl\":\"https:\\\/\\\/districos.standingout.be\\\/wp-content\\\/uploads\\\/2026\\\/04\\\/5121.53@Wipladraad-Inox-25-m-x-05-mm_1-3.png\",\"datePublished\":\"2026-04-28T00:36:02+00:00\",\"dateModified\":\"2026-04-28T00:36:04+00:00\",\"breadcrumb\":{\"@id\":\"https:\\\/\\\/districos.standingout.be\\\/fr\\\/product\\\/fil-wipla-inox-25-m-x-05-mm-ref-5121-53\\\/#breadcrumb\"},\"inLanguage\":\"fr-FR\",\"potentialAction\":[{\"@type\":\"ReadAction\",\"target\":[\"https:\\\/\\\/districos.standingout.be\\\/fr\\\/product\\\/fil-wipla-inox-25-m-x-05-mm-ref-5121-53\\\/\"]}]},{\"@type\":\"ImageObject\",\"inLanguage\":\"fr-FR\",\"@id\":\"https:\\\/\\\/districos.standingout.be\\\/fr\\\/product\\\/fil-wipla-inox-25-m-x-05-mm-ref-5121-53\\\/#primaryimage\",\"url\":\"https:\\\/\\\/districos.standingout.be\\\/wp-content\\\/uploads\\\/2026\\\/04\\\/5121.53@Wipladraad-Inox-25-m-x-05-mm_1-3.png\",\"contentUrl\":\"https:\\\/\\\/districos.standingout.be\\\/wp-content\\\/uploads\\\/2026\\\/04\\\/5121.53@Wipladraad-Inox-25-m-x-05-mm_1-3.png\",\"width\":600,\"height\":600},{\"@type\":\"BreadcrumbList\",\"@id\":\"https:\\\/\\\/districos.standingout.be\\\/fr\\\/product\\\/fil-wipla-inox-25-m-x-05-mm-ref-5121-53\\\/#breadcrumb\",\"itemListElement\":[{\"@type\":\"ListItem\",\"position\":1,\"name\":\"Home\",\"item\":\"https:\\\/\\\/districos.standingout.be\\\/fr\\\/bienvenue-chez-districos\\\/\"},{\"@type\":\"ListItem\",\"position\":2,\"name\":\"Boutique\",\"item\":\"https:\\\/\\\/districos.standingout.be\\\/fr\\\/boutique\\\/\"},{\"@type\":\"ListItem\",\"position\":3,\"name\":\"Fil Wipla Inox 25 m x 0,5 mm\"}]},{\"@type\":\"WebSite\",\"@id\":\"https:\\\/\\\/districos.standingout.be\\\/fr\\\/#website\",\"url\":\"https:\\\/\\\/districos.standingout.be\\\/fr\\\/\",\"name\":\"Districos Webshop\",\"description\":\"\",\"publisher\":{\"@id\":\"https:\\\/\\\/districos.standingout.be\\\/fr\\\/#organization\"},\"potentialAction\":[{\"@type\":\"SearchAction\",\"target\":{\"@type\":\"EntryPoint\",\"urlTemplate\":\"https:\\\/\\\/districos.standingout.be\\\/fr\\\/?s={search_term_string}\"},\"query-input\":{\"@type\":\"PropertyValueSpecification\",\"valueRequired\":true,\"valueName\":\"search_term_string\"}}],\"inLanguage\":\"fr-FR\"},{\"@type\":\"Organization\",\"@id\":\"https:\\\/\\\/districos.standingout.be\\\/fr\\\/#organization\",\"name\":\"Districos Webshop\",\"url\":\"https:\\\/\\\/districos.standingout.be\\\/fr\\\/\",\"logo\":{\"@type\":\"ImageObject\",\"inLanguage\":\"fr-FR\",\"@id\":\"https:\\\/\\\/districos.standingout.be\\\/fr\\\/#\\\/schema\\\/logo\\\/image\\\/\",\"url\":\"https:\\\/\\\/districos.standingout.be\\\/wp-content\\\/uploads\\\/2022\\\/09\\\/Districos_Logo_Webshop.svg\",\"contentUrl\":\"https:\\\/\\\/districos.standingout.be\\\/wp-content\\\/uploads\\\/2022\\\/09\\\/Districos_Logo_Webshop.svg\",\"caption\":\"Districos Webshop\"},\"image\":{\"@id\":\"https:\\\/\\\/districos.standingout.be\\\/fr\\\/#\\\/schema\\\/logo\\\/image\\\/\"}}]}<\/script>\n<!-- \/ Yoast SEO plugin. -->","yoast_head_json":{"title":"Fil Wipla Inox 25 m x 0,5 mm - Districos Webshop","robots":{"index":"noindex","follow":"follow","max-snippet":"max-snippet:-1","max-image-preview":"max-image-preview:large","max-video-preview":"max-video-preview:-1"},"og_locale":"fr_FR","og_type":"article","og_title":"Fil Wipla Inox 25 m x 0,5 mm - Districos Webshop","og_description":"\u00c9galement connu comme R\u00e9manium. Pour r\u00e9aliser des fils correcteurs comme la Bague de Ross Fr\u00e4ser. Ce fil pousse avec l&rsquo;ongle naturel, n\u2019oubliez donc pas de le repousser en arri\u00e8re si n\u00e9cessaire. N\u2019est pas appropri\u00e9 pour les diab\u00e9tiques ou les client(e)s allergiques \u00e0 l&rsquo;acier. Emballage : 25 m. Disponible en 0,4 mm et en 0,5 mm [&hellip;]","og_url":"https:\/\/districos.standingout.be\/fr\/product\/fil-wipla-inox-25-m-x-05-mm-ref-5121-53\/","og_site_name":"Districos Webshop","article_modified_time":"2026-04-28T00:36:04+00:00","og_image":[{"width":600,"height":600,"url":"https:\/\/districos.standingout.be\/wp-content\/uploads\/2026\/04\/5121.53@Wipladraad-Inox-25-m-x-05-mm_1-2.png","type":"image\/png"}],"twitter_card":"summary_large_image","schema":{"@context":"https:\/\/schema.org","@graph":[{"@type":"WebPage","@id":"https:\/\/districos.standingout.be\/fr\/product\/fil-wipla-inox-25-m-x-05-mm-ref-5121-53\/","url":"https:\/\/districos.standingout.be\/fr\/product\/fil-wipla-inox-25-m-x-05-mm-ref-5121-53\/","name":"Fil Wipla Inox 25 m x 0,5 mm - Districos Webshop","isPartOf":{"@id":"https:\/\/districos.standingout.be\/fr\/#website"},"primaryImageOfPage":{"@id":"https:\/\/districos.standingout.be\/fr\/product\/fil-wipla-inox-25-m-x-05-mm-ref-5121-53\/#primaryimage"},"image":{"@id":"https:\/\/districos.standingout.be\/fr\/product\/fil-wipla-inox-25-m-x-05-mm-ref-5121-53\/#primaryimage"},"thumbnailUrl":"https:\/\/districos.standingout.be\/wp-content\/uploads\/2026\/04\/5121.53@Wipladraad-Inox-25-m-x-05-mm_1-3.png","datePublished":"2026-04-28T00:36:02+00:00","dateModified":"2026-04-28T00:36:04+00:00","breadcrumb":{"@id":"https:\/\/districos.standingout.be\/fr\/product\/fil-wipla-inox-25-m-x-05-mm-ref-5121-53\/#breadcrumb"},"inLanguage":"fr-FR","potentialAction":[{"@type":"ReadAction","target":["https:\/\/districos.standingout.be\/fr\/product\/fil-wipla-inox-25-m-x-05-mm-ref-5121-53\/"]}]},{"@type":"ImageObject","inLanguage":"fr-FR","@id":"https:\/\/districos.standingout.be\/fr\/product\/fil-wipla-inox-25-m-x-05-mm-ref-5121-53\/#primaryimage","url":"https:\/\/districos.standingout.be\/wp-content\/uploads\/2026\/04\/5121.53@Wipladraad-Inox-25-m-x-05-mm_1-3.png","contentUrl":"https:\/\/districos.standingout.be\/wp-content\/uploads\/2026\/04\/5121.53@Wipladraad-Inox-25-m-x-05-mm_1-3.png","width":600,"height":600},{"@type":"BreadcrumbList","@id":"https:\/\/districos.standingout.be\/fr\/product\/fil-wipla-inox-25-m-x-05-mm-ref-5121-53\/#breadcrumb","itemListElement":[{"@type":"ListItem","position":1,"name":"Home","item":"https:\/\/districos.standingout.be\/fr\/bienvenue-chez-districos\/"},{"@type":"ListItem","position":2,"name":"Boutique","item":"https:\/\/districos.standingout.be\/fr\/boutique\/"},{"@type":"ListItem","position":3,"name":"Fil Wipla Inox 25 m x 0,5 mm"}]},{"@type":"WebSite","@id":"https:\/\/districos.standingout.be\/fr\/#website","url":"https:\/\/districos.standingout.be\/fr\/","name":"Districos Webshop","description":"","publisher":{"@id":"https:\/\/districos.standingout.be\/fr\/#organization"},"potentialAction":[{"@type":"SearchAction","target":{"@type":"EntryPoint","urlTemplate":"https:\/\/districos.standingout.be\/fr\/?s={search_term_string}"},"query-input":{"@type":"PropertyValueSpecification","valueRequired":true,"valueName":"search_term_string"}}],"inLanguage":"fr-FR"},{"@type":"Organization","@id":"https:\/\/districos.standingout.be\/fr\/#organization","name":"Districos Webshop","url":"https:\/\/districos.standingout.be\/fr\/","logo":{"@type":"ImageObject","inLanguage":"fr-FR","@id":"https:\/\/districos.standingout.be\/fr\/#\/schema\/logo\/image\/","url":"https:\/\/districos.standingout.be\/wp-content\/uploads\/2022\/09\/Districos_Logo_Webshop.svg","contentUrl":"https:\/\/districos.standingout.be\/wp-content\/uploads\/2022\/09\/Districos_Logo_Webshop.svg","caption":"Districos Webshop"},"image":{"@id":"https:\/\/districos.standingout.be\/fr\/#\/schema\/logo\/image\/"}}]}},"_links":{"self":[{"href":"https:\/\/districos.standingout.be\/fr\/wp-json\/wp\/v2\/product\/134643","targetHints":{"allow":["GET"]}}],"collection":[{"href":"https:\/\/districos.standingout.be\/fr\/wp-json\/wp\/v2\/product"}],"about":[{"href":"https:\/\/districos.standingout.be\/fr\/wp-json\/wp\/v2\/types\/product"}],"replies":[{"embeddable":true,"href":"https:\/\/districos.standingout.be\/fr\/wp-json\/wp\/v2\/comments?post=134643"}],"wp:featuredmedia":[{"embeddable":true,"href":"https:\/\/districos.standingout.be\/fr\/wp-json\/wp\/v2\/media\/144285"}],"wp:attachment":[{"href":"https:\/\/districos.standingout.be\/fr\/wp-json\/wp\/v2\/media?parent=134643"}],"wp:term":[{"taxonomy":"product_brand","embeddable":true,"href":"https:\/\/districos.standingout.be\/fr\/wp-json\/wp\/v2\/product_brand?post=134643"},{"taxonomy":"product_cat","embeddable":true,"href":"https:\/\/districos.standingout.be\/fr\/wp-json\/wp\/v2\/product_cat?post=134643"},{"taxonomy":"product_tag","embeddable":true,"href":"https:\/\/districos.standingout.be\/fr\/wp-json\/wp\/v2\/product_tag?post=134643"}],"curies":[{"name":"wp","href":"https:\/\/api.w.org\/{rel}","templated":true}]}}