{"id":134659,"date":"2026-04-28T02:36:26","date_gmt":"2026-04-28T00:36:26","guid":{"rendered":"https:\/\/webshopdistricoscom.webhosting.be\/product\/languette-bacquart-014-10-cm-ref-5121-71-2\/"},"modified":"2026-04-28T02:36:28","modified_gmt":"2026-04-28T00:36:28","slug":"languette-bacquart-014-10-cm-ref-5121-71","status":"publish","type":"product","link":"https:\/\/districos.standingout.be\/fr\/product\/languette-bacquart-014-10-cm-ref-5121-71\/","title":{"rendered":"Languette Bacquart 014\u00a0&#8211; 10 cm"},"content":{"rendered":"<p >\n<\/p>\n<\/p>\n<\/p>\n<p><span>D\u00e9couvrez la commodit\u00e9 de la languette Bacquart : un fil de titane envelopp\u00e9 d&rsquo;un polym\u00e8re contre les ongles incarn\u00e9s !<\/span><\/p>\n<p><span lang=\"FR-BE\">&nbsp;<\/span><\/p>\n<p><span lang=\"FR-BE\">Dans notre recherche de<b>&nbsp;solutions efficaces contre les ongles incarn\u00e9s<\/b>, nous tombons souvent sur les languettes classiques et habituelles. Cependant, il existe \u00e9galement un<b>&nbsp;fil de titane envelopp\u00e9 d&rsquo;un polym\u00e8re<\/b>&nbsp;moins connu, mais tr\u00e8s efficace :&nbsp;<b>la languette Bacquart.<\/b><o:p><\/o:p><\/span><\/p>\n<p><span lang=\"FR-BE\">Les avantages en un coup d&rsquo;\u0153il :<o:p><\/o:p><\/span><\/p>\n<p><span lang=\"FR-BE\">\u00b7<span>&nbsp;&nbsp;&nbsp;&nbsp;&nbsp;&nbsp;&nbsp;<\/span><\/span><span lang=\"FR-BE\">Adh\u00e8re parfaitement et se d\u00e9tache rarement, voire jamais, ce qui vous permet, en tant que prestataire de soins, de travailler efficacement et rapidement.<\/span><span lang=\"FR-BE\"><o:p><\/o:p><\/span><\/p>\n<p><span lang=\"FR-BE\">\u00b7<span>&nbsp;&nbsp;&nbsp;&nbsp;&nbsp;&nbsp;&nbsp;<\/span><\/span><span lang=\"FR-BE\">Pas de tailles standards : Bacquart est une longue bande qui peut \u00eatre coup\u00e9e parfaitement sur mesure, ce qui r\u00e9duit la quantit\u00e9 de mat\u00e9riau n\u00e9cessaire et permet de l&rsquo;utiliser pour toutes les tailles d\u2019ongles.&nbsp;Avec 1 bande, vous traitez +\/- 5 grands ongles d&rsquo;orteil.<\/span><span lang=\"FR-BE\"><o:p><\/o:p><\/span><\/p>\n<p><span lang=\"FR-BE\">\u00b7<span>&nbsp;&nbsp;&nbsp;&nbsp;&nbsp;&nbsp;&nbsp;<\/span><\/span><span lang=\"FR-BE\">Investissement minimal : languette + colle. (<i><u>r\u00e9f.&nbsp;<\/u><\/i><i><u><a href=\"https:\/\/webshop.districos.com\/ProductDetail\/5121.13\" target=\"_blank\" rel=\"noopener noreferrer nofollow\"> &nbsp;5121.13<\/a><\/u><\/i>)<\/span><span lang=\"FR-BE\"><o:p><\/o:p><\/span><\/p>\n<p><span lang=\"FR-BE\">\u00b7<span>&nbsp;&nbsp;&nbsp;&nbsp;&nbsp;&nbsp;&nbsp;<\/span><\/span><span lang=\"FR-BE\">La languette a une longue dur\u00e9e de vie car le fil de titane, qui est enrob\u00e9 de polym\u00e8re, peut se d\u00e9placer librement dans le manchon. Le patient b\u00e9n\u00e9ficie ainsi d&rsquo;un confort extr\u00eamement durable lors de l&rsquo;utilisation de la languette.<\/span><span lang=\"FR-BE\"><o:p><\/o:p><\/span><\/p>\n<p><span lang=\"FR-BE\">\u00b7<span>&nbsp;&nbsp;&nbsp;&nbsp;&nbsp;&nbsp;&nbsp;<\/span><\/span><span lang=\"FR-BE\">Mise en place rapide et tr\u00e8s facile avec un risque minimal : les sillons ungu\u00e9aux ne sont pas touch\u00e9s.<\/span><span lang=\"FR-BE\"><o:p><\/o:p><\/span><\/p>\n<p><span lang=\"FR-BE\">\u00b7<span>&nbsp;&nbsp;&nbsp;&nbsp;&nbsp;&nbsp;&nbsp;<\/span><\/span><span lang=\"FR-BE\">Extr\u00eamement flexible et adh\u00e8re bien, m\u00eame aux ongles fortement convexes.<\/span><span lang=\"FR-BE\"><o:p><\/o:p><\/span><\/p>\n<p><span lang=\"FR-BE\">&nbsp;<\/span><\/p>\n<p><span lang=\"FR-BE\">La languette Bacquart est disponible en 2 tailles :<o:p><\/o:p><\/span><\/p>\n<p><span lang=\"FR-BE\">\u00b7<span>&nbsp;&nbsp;&nbsp;&nbsp;&nbsp;&nbsp;&nbsp;<\/span><\/span><span lang=\"FR-BE\">012 &#8211; 10 cm&nbsp;(<a href=\"https:\/\/webshop.districos.com\/ProductDetail\/5121.70\" target=\"_blank\" rel=\"noopener noreferrer nofollow\"><i><span>r\u00e9f.<\/span><\/i><\/a><a href=\"https:\/\/webshop.districos.com\/ProductDetail\/5121.70\" target=\"_blank\" rel=\"noopener noreferrer nofollow\"><i><span>&nbsp;5121.70<\/span><\/i><\/a>) : pour des tablettes ungu\u00e9ales minces et fragiles. La plus recommand\u00e9e, car elle pr\u00e9sente le moins de risque d&rsquo;onycholyse.<\/span><span lang=\"FR-BE\"><o:p><\/o:p><\/span><\/p>\n<p><span lang=\"FR-BE\">\u00b7<span>&nbsp;&nbsp;&nbsp;&nbsp;&nbsp;&nbsp;&nbsp;<\/span><\/span><span lang=\"FR-BE\">014 &#8211; 10 cm&nbsp;(<a href=\"https:\/\/webshop.districos.com\/ProductDetail\/5121.71\" target=\"_blank\" rel=\"noopener noreferrer nofollow\"><i><span>r\u00e9f.<\/span><\/i><\/a><a href=\"https:\/\/webshop.districos.com\/ProductDetail\/5121.71\" target=\"_blank\" rel=\"noopener noreferrer nofollow\"><i><span>&nbsp;5121.71<\/span><\/i><\/a>) : pour les ongles rigides, \u00e9pais et convexes qui n\u00e9cessitent plus de force. Elle exerce une pression plus forte, ce que le patient peut ressentir.<\/span><span lang=\"FR-BE\"><o:p><\/o:p><\/span><\/p>\n<p><span lang=\"FR-BE\">&nbsp;<\/span><\/p>\n<p><b><span lang=\"FR-BE\">Regardez notre&nbsp;<i><u><a href=\"https:\/\/www.youtube.com\/watch?v=jiWEe9Kb6J4&amp;t=1s\" target=\"_blank\" rel=\"noopener noreferrer nofollow\"> &nbsp;vid\u00e9o<\/a><\/u><\/i>&nbsp;et mettez-vous facilement au travail avec la languette Bacquart.<\/span><\/b><span lang=\"FR-BE\">&nbsp;Ou consultez les<b>&nbsp;\u00e9tapes \u00e0 suivre<\/b>&nbsp;d\u00e9taill\u00e9es dans notre&nbsp;<i><u><a href=\"https:\/\/fr.districos.com\/2023\/12\/decouvrez-la-languette-bacquart.html\" target=\"_blank\" rel=\"noopener noreferrer nofollow\">blog<\/a><\/u><\/i>.<\/span> <\/p>\n<p> <\/p>\n","protected":false},"excerpt":{"rendered":"<p>D\u00e9couvrez la commodit\u00e9 de la languette Bacquart : un fil de titane envelopp\u00e9 d&rsquo;un polym\u00e8re contre les ongles incarn\u00e9s ! &nbsp; Dans notre recherche de&nbsp;solutions efficaces contre les ongles incarn\u00e9s, nous tombons souvent sur les languettes classiques et habituelles. Cependant, il existe \u00e9galement un&nbsp;fil de titane envelopp\u00e9 d&rsquo;un polym\u00e8re&nbsp;moins connu, mais tr\u00e8s efficace :&nbsp;la languette [&hellip;]<\/p>\n","protected":false},"featured_media":144297,"comment_status":"open","ping_status":"closed","template":"","meta":{"_acf_changed":false},"product_brand":[10298],"product_cat":[10058,9948],"product_tag":[],"class_list":{"0":"post-134659","1":"product","2":"type-product","3":"status-publish","4":"has-post-thumbnail","6":"product_brand-bacquart-fr","7":"product_cat-soins-des-pieds-podologie-soins-des-pieds-podologie-orthonyxie","8":"product_cat-beaute-pedicure-orthonyxie","10":"first","11":"instock","12":"taxable","13":"shipping-taxable","14":"product-type-simple"},"acf":[],"yoast_head":"<!-- This site is optimized with the Yoast SEO plugin v27.3 - https:\/\/yoast.com\/product\/yoast-seo-wordpress\/ -->\n<title>Languette Bacquart 014\u00a0- 10 cm - Districos Webshop<\/title>\n<meta name=\"robots\" content=\"noindex, follow, max-snippet:-1, max-image-preview:large, max-video-preview:-1\" \/>\n<meta property=\"og:locale\" content=\"fr_FR\" \/>\n<meta property=\"og:type\" content=\"article\" \/>\n<meta property=\"og:title\" content=\"Languette Bacquart 014\u00a0- 10 cm - Districos Webshop\" \/>\n<meta property=\"og:description\" content=\"D\u00e9couvrez la commodit\u00e9 de la languette Bacquart : un fil de titane envelopp\u00e9 d&rsquo;un polym\u00e8re contre les ongles incarn\u00e9s ! &nbsp; Dans notre recherche de&nbsp;solutions efficaces contre les ongles incarn\u00e9s, nous tombons souvent sur les languettes classiques et habituelles. Cependant, il existe \u00e9galement un&nbsp;fil de titane envelopp\u00e9 d&rsquo;un polym\u00e8re&nbsp;moins connu, mais tr\u00e8s efficace :&nbsp;la languette [&hellip;]\" \/>\n<meta property=\"og:url\" content=\"https:\/\/districos.standingout.be\/fr\/product\/languette-bacquart-014-10-cm-ref-5121-71\/\" \/>\n<meta property=\"og:site_name\" content=\"Districos Webshop\" \/>\n<meta property=\"article:modified_time\" content=\"2026-04-28T00:36:28+00:00\" \/>\n<meta property=\"og:image\" content=\"https:\/\/districos.standingout.be\/wp-content\/uploads\/2026\/04\/5121.71@Languette-Bacquart-014-10-cm_1-2.png\" \/>\n\t<meta property=\"og:image:width\" content=\"600\" \/>\n\t<meta property=\"og:image:height\" content=\"559\" \/>\n\t<meta property=\"og:image:type\" content=\"image\/png\" \/>\n<meta name=\"twitter:card\" content=\"summary_large_image\" \/>\n<meta name=\"twitter:label1\" content=\"Dur\u00e9e de lecture estim\u00e9e\" \/>\n\t<meta name=\"twitter:data1\" content=\"2 minutes\" \/>\n<script type=\"application\/ld+json\" class=\"yoast-schema-graph\">{\"@context\":\"https:\\\/\\\/schema.org\",\"@graph\":[{\"@type\":\"WebPage\",\"@id\":\"https:\\\/\\\/districos.standingout.be\\\/fr\\\/product\\\/languette-bacquart-014-10-cm-ref-5121-71\\\/\",\"url\":\"https:\\\/\\\/districos.standingout.be\\\/fr\\\/product\\\/languette-bacquart-014-10-cm-ref-5121-71\\\/\",\"name\":\"Languette Bacquart 014\u00a0- 10 cm - Districos Webshop\",\"isPartOf\":{\"@id\":\"https:\\\/\\\/districos.standingout.be\\\/fr\\\/#website\"},\"primaryImageOfPage\":{\"@id\":\"https:\\\/\\\/districos.standingout.be\\\/fr\\\/product\\\/languette-bacquart-014-10-cm-ref-5121-71\\\/#primaryimage\"},\"image\":{\"@id\":\"https:\\\/\\\/districos.standingout.be\\\/fr\\\/product\\\/languette-bacquart-014-10-cm-ref-5121-71\\\/#primaryimage\"},\"thumbnailUrl\":\"https:\\\/\\\/districos.standingout.be\\\/wp-content\\\/uploads\\\/2026\\\/04\\\/5121.71@Languette-Bacquart-014-10-cm_1-3.png\",\"datePublished\":\"2026-04-28T00:36:26+00:00\",\"dateModified\":\"2026-04-28T00:36:28+00:00\",\"breadcrumb\":{\"@id\":\"https:\\\/\\\/districos.standingout.be\\\/fr\\\/product\\\/languette-bacquart-014-10-cm-ref-5121-71\\\/#breadcrumb\"},\"inLanguage\":\"fr-FR\",\"potentialAction\":[{\"@type\":\"ReadAction\",\"target\":[\"https:\\\/\\\/districos.standingout.be\\\/fr\\\/product\\\/languette-bacquart-014-10-cm-ref-5121-71\\\/\"]}]},{\"@type\":\"ImageObject\",\"inLanguage\":\"fr-FR\",\"@id\":\"https:\\\/\\\/districos.standingout.be\\\/fr\\\/product\\\/languette-bacquart-014-10-cm-ref-5121-71\\\/#primaryimage\",\"url\":\"https:\\\/\\\/districos.standingout.be\\\/wp-content\\\/uploads\\\/2026\\\/04\\\/5121.71@Languette-Bacquart-014-10-cm_1-3.png\",\"contentUrl\":\"https:\\\/\\\/districos.standingout.be\\\/wp-content\\\/uploads\\\/2026\\\/04\\\/5121.71@Languette-Bacquart-014-10-cm_1-3.png\",\"width\":600,\"height\":559},{\"@type\":\"BreadcrumbList\",\"@id\":\"https:\\\/\\\/districos.standingout.be\\\/fr\\\/product\\\/languette-bacquart-014-10-cm-ref-5121-71\\\/#breadcrumb\",\"itemListElement\":[{\"@type\":\"ListItem\",\"position\":1,\"name\":\"Home\",\"item\":\"https:\\\/\\\/districos.standingout.be\\\/fr\\\/bienvenue-chez-districos\\\/\"},{\"@type\":\"ListItem\",\"position\":2,\"name\":\"Boutique\",\"item\":\"https:\\\/\\\/districos.standingout.be\\\/fr\\\/boutique\\\/\"},{\"@type\":\"ListItem\",\"position\":3,\"name\":\"Languette Bacquart 014\u00a0&#8211; 10 cm\"}]},{\"@type\":\"WebSite\",\"@id\":\"https:\\\/\\\/districos.standingout.be\\\/fr\\\/#website\",\"url\":\"https:\\\/\\\/districos.standingout.be\\\/fr\\\/\",\"name\":\"Districos Webshop\",\"description\":\"\",\"publisher\":{\"@id\":\"https:\\\/\\\/districos.standingout.be\\\/fr\\\/#organization\"},\"potentialAction\":[{\"@type\":\"SearchAction\",\"target\":{\"@type\":\"EntryPoint\",\"urlTemplate\":\"https:\\\/\\\/districos.standingout.be\\\/fr\\\/?s={search_term_string}\"},\"query-input\":{\"@type\":\"PropertyValueSpecification\",\"valueRequired\":true,\"valueName\":\"search_term_string\"}}],\"inLanguage\":\"fr-FR\"},{\"@type\":\"Organization\",\"@id\":\"https:\\\/\\\/districos.standingout.be\\\/fr\\\/#organization\",\"name\":\"Districos Webshop\",\"url\":\"https:\\\/\\\/districos.standingout.be\\\/fr\\\/\",\"logo\":{\"@type\":\"ImageObject\",\"inLanguage\":\"fr-FR\",\"@id\":\"https:\\\/\\\/districos.standingout.be\\\/fr\\\/#\\\/schema\\\/logo\\\/image\\\/\",\"url\":\"https:\\\/\\\/districos.standingout.be\\\/wp-content\\\/uploads\\\/2022\\\/09\\\/Districos_Logo_Webshop.svg\",\"contentUrl\":\"https:\\\/\\\/districos.standingout.be\\\/wp-content\\\/uploads\\\/2022\\\/09\\\/Districos_Logo_Webshop.svg\",\"caption\":\"Districos Webshop\"},\"image\":{\"@id\":\"https:\\\/\\\/districos.standingout.be\\\/fr\\\/#\\\/schema\\\/logo\\\/image\\\/\"}}]}<\/script>\n<!-- \/ Yoast SEO plugin. -->","yoast_head_json":{"title":"Languette Bacquart 014\u00a0- 10 cm - Districos Webshop","robots":{"index":"noindex","follow":"follow","max-snippet":"max-snippet:-1","max-image-preview":"max-image-preview:large","max-video-preview":"max-video-preview:-1"},"og_locale":"fr_FR","og_type":"article","og_title":"Languette Bacquart 014\u00a0- 10 cm - Districos Webshop","og_description":"D\u00e9couvrez la commodit\u00e9 de la languette Bacquart : un fil de titane envelopp\u00e9 d&rsquo;un polym\u00e8re contre les ongles incarn\u00e9s ! &nbsp; Dans notre recherche de&nbsp;solutions efficaces contre les ongles incarn\u00e9s, nous tombons souvent sur les languettes classiques et habituelles. Cependant, il existe \u00e9galement un&nbsp;fil de titane envelopp\u00e9 d&rsquo;un polym\u00e8re&nbsp;moins connu, mais tr\u00e8s efficace :&nbsp;la languette [&hellip;]","og_url":"https:\/\/districos.standingout.be\/fr\/product\/languette-bacquart-014-10-cm-ref-5121-71\/","og_site_name":"Districos Webshop","article_modified_time":"2026-04-28T00:36:28+00:00","og_image":[{"width":600,"height":559,"url":"https:\/\/districos.standingout.be\/wp-content\/uploads\/2026\/04\/5121.71@Languette-Bacquart-014-10-cm_1-2.png","type":"image\/png"}],"twitter_card":"summary_large_image","twitter_misc":{"Dur\u00e9e de lecture estim\u00e9e":"2 minutes"},"schema":{"@context":"https:\/\/schema.org","@graph":[{"@type":"WebPage","@id":"https:\/\/districos.standingout.be\/fr\/product\/languette-bacquart-014-10-cm-ref-5121-71\/","url":"https:\/\/districos.standingout.be\/fr\/product\/languette-bacquart-014-10-cm-ref-5121-71\/","name":"Languette Bacquart 014\u00a0- 10 cm - Districos Webshop","isPartOf":{"@id":"https:\/\/districos.standingout.be\/fr\/#website"},"primaryImageOfPage":{"@id":"https:\/\/districos.standingout.be\/fr\/product\/languette-bacquart-014-10-cm-ref-5121-71\/#primaryimage"},"image":{"@id":"https:\/\/districos.standingout.be\/fr\/product\/languette-bacquart-014-10-cm-ref-5121-71\/#primaryimage"},"thumbnailUrl":"https:\/\/districos.standingout.be\/wp-content\/uploads\/2026\/04\/5121.71@Languette-Bacquart-014-10-cm_1-3.png","datePublished":"2026-04-28T00:36:26+00:00","dateModified":"2026-04-28T00:36:28+00:00","breadcrumb":{"@id":"https:\/\/districos.standingout.be\/fr\/product\/languette-bacquart-014-10-cm-ref-5121-71\/#breadcrumb"},"inLanguage":"fr-FR","potentialAction":[{"@type":"ReadAction","target":["https:\/\/districos.standingout.be\/fr\/product\/languette-bacquart-014-10-cm-ref-5121-71\/"]}]},{"@type":"ImageObject","inLanguage":"fr-FR","@id":"https:\/\/districos.standingout.be\/fr\/product\/languette-bacquart-014-10-cm-ref-5121-71\/#primaryimage","url":"https:\/\/districos.standingout.be\/wp-content\/uploads\/2026\/04\/5121.71@Languette-Bacquart-014-10-cm_1-3.png","contentUrl":"https:\/\/districos.standingout.be\/wp-content\/uploads\/2026\/04\/5121.71@Languette-Bacquart-014-10-cm_1-3.png","width":600,"height":559},{"@type":"BreadcrumbList","@id":"https:\/\/districos.standingout.be\/fr\/product\/languette-bacquart-014-10-cm-ref-5121-71\/#breadcrumb","itemListElement":[{"@type":"ListItem","position":1,"name":"Home","item":"https:\/\/districos.standingout.be\/fr\/bienvenue-chez-districos\/"},{"@type":"ListItem","position":2,"name":"Boutique","item":"https:\/\/districos.standingout.be\/fr\/boutique\/"},{"@type":"ListItem","position":3,"name":"Languette Bacquart 014\u00a0&#8211; 10 cm"}]},{"@type":"WebSite","@id":"https:\/\/districos.standingout.be\/fr\/#website","url":"https:\/\/districos.standingout.be\/fr\/","name":"Districos Webshop","description":"","publisher":{"@id":"https:\/\/districos.standingout.be\/fr\/#organization"},"potentialAction":[{"@type":"SearchAction","target":{"@type":"EntryPoint","urlTemplate":"https:\/\/districos.standingout.be\/fr\/?s={search_term_string}"},"query-input":{"@type":"PropertyValueSpecification","valueRequired":true,"valueName":"search_term_string"}}],"inLanguage":"fr-FR"},{"@type":"Organization","@id":"https:\/\/districos.standingout.be\/fr\/#organization","name":"Districos Webshop","url":"https:\/\/districos.standingout.be\/fr\/","logo":{"@type":"ImageObject","inLanguage":"fr-FR","@id":"https:\/\/districos.standingout.be\/fr\/#\/schema\/logo\/image\/","url":"https:\/\/districos.standingout.be\/wp-content\/uploads\/2022\/09\/Districos_Logo_Webshop.svg","contentUrl":"https:\/\/districos.standingout.be\/wp-content\/uploads\/2022\/09\/Districos_Logo_Webshop.svg","caption":"Districos Webshop"},"image":{"@id":"https:\/\/districos.standingout.be\/fr\/#\/schema\/logo\/image\/"}}]}},"_links":{"self":[{"href":"https:\/\/districos.standingout.be\/fr\/wp-json\/wp\/v2\/product\/134659","targetHints":{"allow":["GET"]}}],"collection":[{"href":"https:\/\/districos.standingout.be\/fr\/wp-json\/wp\/v2\/product"}],"about":[{"href":"https:\/\/districos.standingout.be\/fr\/wp-json\/wp\/v2\/types\/product"}],"replies":[{"embeddable":true,"href":"https:\/\/districos.standingout.be\/fr\/wp-json\/wp\/v2\/comments?post=134659"}],"wp:featuredmedia":[{"embeddable":true,"href":"https:\/\/districos.standingout.be\/fr\/wp-json\/wp\/v2\/media\/144297"}],"wp:attachment":[{"href":"https:\/\/districos.standingout.be\/fr\/wp-json\/wp\/v2\/media?parent=134659"}],"wp:term":[{"taxonomy":"product_brand","embeddable":true,"href":"https:\/\/districos.standingout.be\/fr\/wp-json\/wp\/v2\/product_brand?post=134659"},{"taxonomy":"product_cat","embeddable":true,"href":"https:\/\/districos.standingout.be\/fr\/wp-json\/wp\/v2\/product_cat?post=134659"},{"taxonomy":"product_tag","embeddable":true,"href":"https:\/\/districos.standingout.be\/fr\/wp-json\/wp\/v2\/product_tag?post=134659"}],"curies":[{"name":"wp","href":"https:\/\/api.w.org\/{rel}","templated":true}]}}