{"id":134661,"date":"2026-04-28T02:36:29","date_gmt":"2026-04-28T00:36:29","guid":{"rendered":"https:\/\/webshopdistricoscom.webhosting.be\/product\/fil-de-titane-012-diam-0-30-mm-17-cm-10-pcs-ref-5121-830\/"},"modified":"2026-04-28T02:36:31","modified_gmt":"2026-04-28T00:36:31","slug":"fil-de-titane-012-diam-0-30-mm-17-cm-10-pcs-ref-5121-830","status":"publish","type":"product","link":"https:\/\/districos.standingout.be\/fr\/product\/fil-de-titane-012-diam-0-30-mm-17-cm-10-pcs-ref-5121-830\/","title":{"rendered":"Fil de Titane 012 diam. 0.30 mm 17 cm 10 pcs."},"content":{"rendered":"<p >\n<p>Le fil de titane est utilis\u00e9 dans le traitement des ongles incarn\u00e9s. Le fil de titane est coup\u00e9 \u00e0 la longueur souhait\u00e9e, puis solidement fix\u00e9 sur la plaque de l&rsquo;ongle \u00e0 l&rsquo;aide de Unguisan (composite). Le fil de titane est tr\u00e8s r\u00e9sistant et, de cette mani\u00e8re, redressera l&rsquo;ongle convexe, emp\u00eachant ainsi l&rsquo;ongle de s&rsquo;incarner davantage.<\/p>\n<ul>\n<li>Emballage : 10 pi\u00e8ces de 17 cm chacune<\/li>\n<\/ul>\n<p><span>Le fil de titane est disponible en 4 \u00e9paisseurs diff\u00e9rentes. Plus le fil est \u00e9pais, plus la force de traction est grande :<\/span><\/p>\n<ul>\n<li>0,30 mm (<a href=\"https:\/\/webshop.districos.com\/ProductDetail\/5121.830\" target=\"_blank\" rel=\"noopener noreferrer nofollow\">r\u00e9f. 5121.830<\/a>) : pour les petits ongles de pied minces<\/li>\n<li>0,35 mm (<a href=\"https:\/\/webshop.districos.com\/ProductDetail\/5121.835\" target=\"_blank\" rel=\"noopener noreferrer nofollow\">r\u00e9f. 5121.835<\/a>) : pour les ongles de pied normaux de taille moyenne<\/li>\n<li>0,40 mm (<a href=\"https:\/\/webshop.districos.com\/ProductDetail\/5121.840\" target=\"_blank\" rel=\"noopener noreferrer nofollow\">r\u00e9f. 5121.840<\/a>) : pour les ongles de pied normaux et grands avec une tendance claire \u00e0 l&rsquo;involution<\/li>\n<li>0,46 mm (<a href=\"https:\/\/webshop.districos.com\/ProductDetail\/5121.846\" target=\"_blank\" rel=\"noopener noreferrer nofollow\">r\u00e9f. 5121.846<\/a>) : pour les grands ongles de pied avec une forte involution<\/li>\n<\/ul>\n","protected":false},"excerpt":{"rendered":"<p>Le fil de titane est utilis\u00e9 dans le traitement des ongles incarn\u00e9s. Le fil de titane est coup\u00e9 \u00e0 la longueur souhait\u00e9e, puis solidement fix\u00e9 sur la plaque de l&rsquo;ongle \u00e0 l&rsquo;aide de Unguisan (composite). Le fil de titane est tr\u00e8s r\u00e9sistant et, de cette mani\u00e8re, redressera l&rsquo;ongle convexe, emp\u00eachant ainsi l&rsquo;ongle de s&rsquo;incarner davantage. [&hellip;]<\/p>\n","protected":false},"featured_media":144300,"comment_status":"open","ping_status":"closed","template":"","meta":{"_acf_changed":false},"product_brand":[10380],"product_cat":[9948,10058],"product_tag":[],"class_list":{"0":"post-134661","1":"product","2":"type-product","3":"status-publish","4":"has-post-thumbnail","6":"product_brand-districos-fr","7":"product_cat-beaute-pedicure-orthonyxie","8":"product_cat-soins-des-pieds-podologie-soins-des-pieds-podologie-orthonyxie","10":"first","11":"instock","12":"taxable","13":"shipping-taxable","14":"product-type-simple"},"acf":[],"yoast_head":"<!-- This site is optimized with the Yoast SEO plugin v27.3 - https:\/\/yoast.com\/product\/yoast-seo-wordpress\/ -->\n<title>Fil de Titane 012 diam. 0.30 mm 17 cm 10 pcs. - Districos Webshop<\/title>\n<meta name=\"robots\" content=\"noindex, follow, max-snippet:-1, max-image-preview:large, max-video-preview:-1\" \/>\n<meta property=\"og:locale\" content=\"fr_FR\" \/>\n<meta property=\"og:type\" content=\"article\" \/>\n<meta property=\"og:title\" content=\"Fil de Titane 012 diam. 0.30 mm 17 cm 10 pcs. - Districos Webshop\" \/>\n<meta property=\"og:description\" content=\"Le fil de titane est utilis\u00e9 dans le traitement des ongles incarn\u00e9s. Le fil de titane est coup\u00e9 \u00e0 la longueur souhait\u00e9e, puis solidement fix\u00e9 sur la plaque de l&rsquo;ongle \u00e0 l&rsquo;aide de Unguisan (composite). Le fil de titane est tr\u00e8s r\u00e9sistant et, de cette mani\u00e8re, redressera l&rsquo;ongle convexe, emp\u00eachant ainsi l&rsquo;ongle de s&rsquo;incarner davantage. [&hellip;]\" \/>\n<meta property=\"og:url\" content=\"https:\/\/districos.standingout.be\/fr\/product\/fil-de-titane-012-diam-0-30-mm-17-cm-10-pcs-ref-5121-830\/\" \/>\n<meta property=\"og:site_name\" content=\"Districos Webshop\" \/>\n<meta property=\"article:modified_time\" content=\"2026-04-28T00:36:31+00:00\" \/>\n<meta property=\"og:image\" content=\"https:\/\/districos.standingout.be\/wp-content\/uploads\/2026\/04\/5121.830@Titaniumdraad-012-diam.-0.30-mm-17-cm-10-st._1-2.png\" \/>\n\t<meta property=\"og:image:width\" content=\"600\" \/>\n\t<meta property=\"og:image:height\" content=\"600\" \/>\n\t<meta property=\"og:image:type\" content=\"image\/png\" \/>\n<meta name=\"twitter:card\" content=\"summary_large_image\" \/>\n<meta name=\"twitter:label1\" content=\"Dur\u00e9e de lecture estim\u00e9e\" \/>\n\t<meta name=\"twitter:data1\" content=\"1 minute\" \/>\n<script type=\"application\/ld+json\" class=\"yoast-schema-graph\">{\"@context\":\"https:\\\/\\\/schema.org\",\"@graph\":[{\"@type\":\"WebPage\",\"@id\":\"https:\\\/\\\/districos.standingout.be\\\/fr\\\/product\\\/fil-de-titane-012-diam-0-30-mm-17-cm-10-pcs-ref-5121-830\\\/\",\"url\":\"https:\\\/\\\/districos.standingout.be\\\/fr\\\/product\\\/fil-de-titane-012-diam-0-30-mm-17-cm-10-pcs-ref-5121-830\\\/\",\"name\":\"Fil de Titane 012 diam. 0.30 mm 17 cm 10 pcs. - Districos Webshop\",\"isPartOf\":{\"@id\":\"https:\\\/\\\/districos.standingout.be\\\/fr\\\/#website\"},\"primaryImageOfPage\":{\"@id\":\"https:\\\/\\\/districos.standingout.be\\\/fr\\\/product\\\/fil-de-titane-012-diam-0-30-mm-17-cm-10-pcs-ref-5121-830\\\/#primaryimage\"},\"image\":{\"@id\":\"https:\\\/\\\/districos.standingout.be\\\/fr\\\/product\\\/fil-de-titane-012-diam-0-30-mm-17-cm-10-pcs-ref-5121-830\\\/#primaryimage\"},\"thumbnailUrl\":\"https:\\\/\\\/districos.standingout.be\\\/wp-content\\\/uploads\\\/2026\\\/04\\\/5121.830@Titaniumdraad-012-diam.-0.30-mm-17-cm-10-st._1-3.png\",\"datePublished\":\"2026-04-28T00:36:29+00:00\",\"dateModified\":\"2026-04-28T00:36:31+00:00\",\"breadcrumb\":{\"@id\":\"https:\\\/\\\/districos.standingout.be\\\/fr\\\/product\\\/fil-de-titane-012-diam-0-30-mm-17-cm-10-pcs-ref-5121-830\\\/#breadcrumb\"},\"inLanguage\":\"fr-FR\",\"potentialAction\":[{\"@type\":\"ReadAction\",\"target\":[\"https:\\\/\\\/districos.standingout.be\\\/fr\\\/product\\\/fil-de-titane-012-diam-0-30-mm-17-cm-10-pcs-ref-5121-830\\\/\"]}]},{\"@type\":\"ImageObject\",\"inLanguage\":\"fr-FR\",\"@id\":\"https:\\\/\\\/districos.standingout.be\\\/fr\\\/product\\\/fil-de-titane-012-diam-0-30-mm-17-cm-10-pcs-ref-5121-830\\\/#primaryimage\",\"url\":\"https:\\\/\\\/districos.standingout.be\\\/wp-content\\\/uploads\\\/2026\\\/04\\\/5121.830@Titaniumdraad-012-diam.-0.30-mm-17-cm-10-st._1-3.png\",\"contentUrl\":\"https:\\\/\\\/districos.standingout.be\\\/wp-content\\\/uploads\\\/2026\\\/04\\\/5121.830@Titaniumdraad-012-diam.-0.30-mm-17-cm-10-st._1-3.png\",\"width\":600,\"height\":600},{\"@type\":\"BreadcrumbList\",\"@id\":\"https:\\\/\\\/districos.standingout.be\\\/fr\\\/product\\\/fil-de-titane-012-diam-0-30-mm-17-cm-10-pcs-ref-5121-830\\\/#breadcrumb\",\"itemListElement\":[{\"@type\":\"ListItem\",\"position\":1,\"name\":\"Home\",\"item\":\"https:\\\/\\\/districos.standingout.be\\\/fr\\\/bienvenue-chez-districos\\\/\"},{\"@type\":\"ListItem\",\"position\":2,\"name\":\"Boutique\",\"item\":\"https:\\\/\\\/districos.standingout.be\\\/fr\\\/boutique\\\/\"},{\"@type\":\"ListItem\",\"position\":3,\"name\":\"Fil de Titane 012 diam. 0.30 mm 17 cm 10 pcs.\"}]},{\"@type\":\"WebSite\",\"@id\":\"https:\\\/\\\/districos.standingout.be\\\/fr\\\/#website\",\"url\":\"https:\\\/\\\/districos.standingout.be\\\/fr\\\/\",\"name\":\"Districos Webshop\",\"description\":\"\",\"publisher\":{\"@id\":\"https:\\\/\\\/districos.standingout.be\\\/fr\\\/#organization\"},\"potentialAction\":[{\"@type\":\"SearchAction\",\"target\":{\"@type\":\"EntryPoint\",\"urlTemplate\":\"https:\\\/\\\/districos.standingout.be\\\/fr\\\/?s={search_term_string}\"},\"query-input\":{\"@type\":\"PropertyValueSpecification\",\"valueRequired\":true,\"valueName\":\"search_term_string\"}}],\"inLanguage\":\"fr-FR\"},{\"@type\":\"Organization\",\"@id\":\"https:\\\/\\\/districos.standingout.be\\\/fr\\\/#organization\",\"name\":\"Districos Webshop\",\"url\":\"https:\\\/\\\/districos.standingout.be\\\/fr\\\/\",\"logo\":{\"@type\":\"ImageObject\",\"inLanguage\":\"fr-FR\",\"@id\":\"https:\\\/\\\/districos.standingout.be\\\/fr\\\/#\\\/schema\\\/logo\\\/image\\\/\",\"url\":\"https:\\\/\\\/districos.standingout.be\\\/wp-content\\\/uploads\\\/2022\\\/09\\\/Districos_Logo_Webshop.svg\",\"contentUrl\":\"https:\\\/\\\/districos.standingout.be\\\/wp-content\\\/uploads\\\/2022\\\/09\\\/Districos_Logo_Webshop.svg\",\"caption\":\"Districos Webshop\"},\"image\":{\"@id\":\"https:\\\/\\\/districos.standingout.be\\\/fr\\\/#\\\/schema\\\/logo\\\/image\\\/\"}}]}<\/script>\n<!-- \/ Yoast SEO plugin. -->","yoast_head_json":{"title":"Fil de Titane 012 diam. 0.30 mm 17 cm 10 pcs. - Districos Webshop","robots":{"index":"noindex","follow":"follow","max-snippet":"max-snippet:-1","max-image-preview":"max-image-preview:large","max-video-preview":"max-video-preview:-1"},"og_locale":"fr_FR","og_type":"article","og_title":"Fil de Titane 012 diam. 0.30 mm 17 cm 10 pcs. - Districos Webshop","og_description":"Le fil de titane est utilis\u00e9 dans le traitement des ongles incarn\u00e9s. Le fil de titane est coup\u00e9 \u00e0 la longueur souhait\u00e9e, puis solidement fix\u00e9 sur la plaque de l&rsquo;ongle \u00e0 l&rsquo;aide de Unguisan (composite). Le fil de titane est tr\u00e8s r\u00e9sistant et, de cette mani\u00e8re, redressera l&rsquo;ongle convexe, emp\u00eachant ainsi l&rsquo;ongle de s&rsquo;incarner davantage. [&hellip;]","og_url":"https:\/\/districos.standingout.be\/fr\/product\/fil-de-titane-012-diam-0-30-mm-17-cm-10-pcs-ref-5121-830\/","og_site_name":"Districos Webshop","article_modified_time":"2026-04-28T00:36:31+00:00","og_image":[{"width":600,"height":600,"url":"https:\/\/districos.standingout.be\/wp-content\/uploads\/2026\/04\/5121.830@Titaniumdraad-012-diam.-0.30-mm-17-cm-10-st._1-2.png","type":"image\/png"}],"twitter_card":"summary_large_image","twitter_misc":{"Dur\u00e9e de lecture estim\u00e9e":"1 minute"},"schema":{"@context":"https:\/\/schema.org","@graph":[{"@type":"WebPage","@id":"https:\/\/districos.standingout.be\/fr\/product\/fil-de-titane-012-diam-0-30-mm-17-cm-10-pcs-ref-5121-830\/","url":"https:\/\/districos.standingout.be\/fr\/product\/fil-de-titane-012-diam-0-30-mm-17-cm-10-pcs-ref-5121-830\/","name":"Fil de Titane 012 diam. 0.30 mm 17 cm 10 pcs. - Districos Webshop","isPartOf":{"@id":"https:\/\/districos.standingout.be\/fr\/#website"},"primaryImageOfPage":{"@id":"https:\/\/districos.standingout.be\/fr\/product\/fil-de-titane-012-diam-0-30-mm-17-cm-10-pcs-ref-5121-830\/#primaryimage"},"image":{"@id":"https:\/\/districos.standingout.be\/fr\/product\/fil-de-titane-012-diam-0-30-mm-17-cm-10-pcs-ref-5121-830\/#primaryimage"},"thumbnailUrl":"https:\/\/districos.standingout.be\/wp-content\/uploads\/2026\/04\/5121.830@Titaniumdraad-012-diam.-0.30-mm-17-cm-10-st._1-3.png","datePublished":"2026-04-28T00:36:29+00:00","dateModified":"2026-04-28T00:36:31+00:00","breadcrumb":{"@id":"https:\/\/districos.standingout.be\/fr\/product\/fil-de-titane-012-diam-0-30-mm-17-cm-10-pcs-ref-5121-830\/#breadcrumb"},"inLanguage":"fr-FR","potentialAction":[{"@type":"ReadAction","target":["https:\/\/districos.standingout.be\/fr\/product\/fil-de-titane-012-diam-0-30-mm-17-cm-10-pcs-ref-5121-830\/"]}]},{"@type":"ImageObject","inLanguage":"fr-FR","@id":"https:\/\/districos.standingout.be\/fr\/product\/fil-de-titane-012-diam-0-30-mm-17-cm-10-pcs-ref-5121-830\/#primaryimage","url":"https:\/\/districos.standingout.be\/wp-content\/uploads\/2026\/04\/5121.830@Titaniumdraad-012-diam.-0.30-mm-17-cm-10-st._1-3.png","contentUrl":"https:\/\/districos.standingout.be\/wp-content\/uploads\/2026\/04\/5121.830@Titaniumdraad-012-diam.-0.30-mm-17-cm-10-st._1-3.png","width":600,"height":600},{"@type":"BreadcrumbList","@id":"https:\/\/districos.standingout.be\/fr\/product\/fil-de-titane-012-diam-0-30-mm-17-cm-10-pcs-ref-5121-830\/#breadcrumb","itemListElement":[{"@type":"ListItem","position":1,"name":"Home","item":"https:\/\/districos.standingout.be\/fr\/bienvenue-chez-districos\/"},{"@type":"ListItem","position":2,"name":"Boutique","item":"https:\/\/districos.standingout.be\/fr\/boutique\/"},{"@type":"ListItem","position":3,"name":"Fil de Titane 012 diam. 0.30 mm 17 cm 10 pcs."}]},{"@type":"WebSite","@id":"https:\/\/districos.standingout.be\/fr\/#website","url":"https:\/\/districos.standingout.be\/fr\/","name":"Districos Webshop","description":"","publisher":{"@id":"https:\/\/districos.standingout.be\/fr\/#organization"},"potentialAction":[{"@type":"SearchAction","target":{"@type":"EntryPoint","urlTemplate":"https:\/\/districos.standingout.be\/fr\/?s={search_term_string}"},"query-input":{"@type":"PropertyValueSpecification","valueRequired":true,"valueName":"search_term_string"}}],"inLanguage":"fr-FR"},{"@type":"Organization","@id":"https:\/\/districos.standingout.be\/fr\/#organization","name":"Districos Webshop","url":"https:\/\/districos.standingout.be\/fr\/","logo":{"@type":"ImageObject","inLanguage":"fr-FR","@id":"https:\/\/districos.standingout.be\/fr\/#\/schema\/logo\/image\/","url":"https:\/\/districos.standingout.be\/wp-content\/uploads\/2022\/09\/Districos_Logo_Webshop.svg","contentUrl":"https:\/\/districos.standingout.be\/wp-content\/uploads\/2022\/09\/Districos_Logo_Webshop.svg","caption":"Districos Webshop"},"image":{"@id":"https:\/\/districos.standingout.be\/fr\/#\/schema\/logo\/image\/"}}]}},"_links":{"self":[{"href":"https:\/\/districos.standingout.be\/fr\/wp-json\/wp\/v2\/product\/134661","targetHints":{"allow":["GET"]}}],"collection":[{"href":"https:\/\/districos.standingout.be\/fr\/wp-json\/wp\/v2\/product"}],"about":[{"href":"https:\/\/districos.standingout.be\/fr\/wp-json\/wp\/v2\/types\/product"}],"replies":[{"embeddable":true,"href":"https:\/\/districos.standingout.be\/fr\/wp-json\/wp\/v2\/comments?post=134661"}],"wp:featuredmedia":[{"embeddable":true,"href":"https:\/\/districos.standingout.be\/fr\/wp-json\/wp\/v2\/media\/144300"}],"wp:attachment":[{"href":"https:\/\/districos.standingout.be\/fr\/wp-json\/wp\/v2\/media?parent=134661"}],"wp:term":[{"taxonomy":"product_brand","embeddable":true,"href":"https:\/\/districos.standingout.be\/fr\/wp-json\/wp\/v2\/product_brand?post=134661"},{"taxonomy":"product_cat","embeddable":true,"href":"https:\/\/districos.standingout.be\/fr\/wp-json\/wp\/v2\/product_cat?post=134661"},{"taxonomy":"product_tag","embeddable":true,"href":"https:\/\/districos.standingout.be\/fr\/wp-json\/wp\/v2\/product_tag?post=134661"}],"curies":[{"name":"wp","href":"https:\/\/api.w.org\/{rel}","templated":true}]}}