{"id":134675,"date":"2026-04-28T02:40:36","date_gmt":"2026-04-28T00:40:36","guid":{"rendered":"https:\/\/webshopdistricoscom.webhosting.be\/product\/nora-fil-correcteur-argent-bronze-5-pcs-ref-5122-151\/"},"modified":"2026-04-28T02:40:38","modified_gmt":"2026-04-28T00:40:38","slug":"nora-fil-correcteur-argent-bronze-5-pcs-ref-5122-151","status":"publish","type":"product","link":"https:\/\/districos.standingout.be\/fr\/product\/nora-fil-correcteur-argent-bronze-5-pcs-ref-5122-151\/","title":{"rendered":"Nora Fil Correcteur Argent\/Bronze 5 pcs."},"content":{"rendered":"<p >\n<\/p>\n<p dir=\"ltr\">Nora est un syst\u00e8me de fil correcteur en 2 parties dans lequel l&rsquo;\u00e9lasticit\u00e9 et la force de traction peuvent \u00eatre ajust\u00e9es en fonction du probl\u00e8me.<\/p>\n<p dir=\"ltr\">\n<ul>\n<li>Fil correcteur d&rsquo;une \u00e9paisseur de 0,32 mm, emball\u00e9 de fa\u00e7on st\u00e9rile et enregistr\u00e9 m\u00e9dicalement.<\/li>\n<li><b>Argent = douce \/ Bronze = moyenne.<\/b><\/li>\n<li>Emballage : 5 pi\u00e8ces.<\/li>\n<\/ul>\n<div>\n<div><b>Disponible en 3 duret\u00e9s d&rsquo;acier diff\u00e9rentes qui peuvent \u00eatre combin\u00e9es :<\/b><\/div>\n<p dir=\"ltr\">\n<\/p>\n<div>\n<ul>\n<li>Nora Fil Correcteur Argent\/Argent 5 pcs. (<a href=\"https:\/\/webshop.districos.com\/ProductDetail\/5122.150\" target=\"_blank\" rel=\"noopener noreferrer nofollow\">r\u00e9f. 5122.150<\/a>)<\/li>\n<li>Nora Fil Correcteur Argent\/Bronze 5 pcs. (<u><a href=\"https:\/\/districos.com\/ProductDetail\/5122.151\" target=\"_blank\" rel=\"noopener noreferrer nofollow\">r\u00e9f. 5122.151<\/a><\/u>)<\/li>\n<li>Nora Fil Correcteur Bronze\/Bronze 5 pcs. (<u><a href=\"https:\/\/districos.com\/ProductDetail\/5122.152\" target=\"_blank\" rel=\"noopener noreferrer nofollow\">r\u00e9f. 5122.152<\/a><\/u>)<\/li>\n<li>Nora Fil Correcteur Noir\/Noir 5 pcs. (<a href=\"https:\/\/webshop.districos.com\/ProductDetail\/5122.153\" target=\"_blank\" rel=\"noopener noreferrer nofollow\">r\u00e9f. 5122.153<\/a>)<\/li>\n<li>Nora Fil Correcteur Noir\/Argent 5 pcs. (<a href=\"https:\/\/webshop.districos.com\/ProductDetail\/5122.154\" target=\"_blank\" rel=\"noopener noreferrer nofollow\">r\u00e9f. 5122.154<\/a>)<\/li>\n<li>Nora Fil Correcteur Noir\/Bronze 5 pcs. (<a href=\"https:\/\/webshop.districos.com\/ProductDetail\/5122.155\" target=\"_blank\" rel=\"noopener noreferrer nofollow\">r\u00e9f. 5122.155<\/a>)<\/li>\n<\/ul>\n<\/div>\n<\/div>\n","protected":false},"excerpt":{"rendered":"<p>Nora est un syst\u00e8me de fil correcteur en 2 parties dans lequel l&rsquo;\u00e9lasticit\u00e9 et la force de traction peuvent \u00eatre ajust\u00e9es en fonction du probl\u00e8me. Fil correcteur d&rsquo;une \u00e9paisseur de 0,32 mm, emball\u00e9 de fa\u00e7on st\u00e9rile et enregistr\u00e9 m\u00e9dicalement. Argent = douce \/ Bronze = moyenne. Emballage : 5 pi\u00e8ces. Disponible en 3 duret\u00e9s d&rsquo;acier [&hellip;]<\/p>\n","protected":false},"featured_media":144327,"comment_status":"open","ping_status":"closed","template":"","meta":{"_acf_changed":false},"product_brand":[10496],"product_cat":[9948,10058],"product_tag":[],"class_list":{"0":"post-134675","1":"product","2":"type-product","3":"status-publish","4":"has-post-thumbnail","6":"product_brand-nora-fr","7":"product_cat-beaute-pedicure-orthonyxie","8":"product_cat-soins-des-pieds-podologie-soins-des-pieds-podologie-orthonyxie","10":"first","11":"instock","12":"taxable","13":"shipping-taxable","14":"product-type-simple"},"acf":[],"yoast_head":"<!-- This site is optimized with the Yoast SEO plugin v27.3 - https:\/\/yoast.com\/product\/yoast-seo-wordpress\/ -->\n<title>Nora Fil Correcteur Argent\/Bronze 5 pcs. - Districos Webshop<\/title>\n<meta name=\"robots\" content=\"noindex, follow, max-snippet:-1, max-image-preview:large, max-video-preview:-1\" \/>\n<meta property=\"og:locale\" content=\"fr_FR\" \/>\n<meta property=\"og:type\" content=\"article\" \/>\n<meta property=\"og:title\" content=\"Nora Fil Correcteur Argent\/Bronze 5 pcs. - Districos Webshop\" \/>\n<meta property=\"og:description\" content=\"Nora est un syst\u00e8me de fil correcteur en 2 parties dans lequel l&rsquo;\u00e9lasticit\u00e9 et la force de traction peuvent \u00eatre ajust\u00e9es en fonction du probl\u00e8me. Fil correcteur d&rsquo;une \u00e9paisseur de 0,32 mm, emball\u00e9 de fa\u00e7on st\u00e9rile et enregistr\u00e9 m\u00e9dicalement. Argent = douce \/ Bronze = moyenne. Emballage : 5 pi\u00e8ces. Disponible en 3 duret\u00e9s d&rsquo;acier [&hellip;]\" \/>\n<meta property=\"og:url\" content=\"https:\/\/districos.standingout.be\/fr\/product\/nora-fil-correcteur-argent-bronze-5-pcs-ref-5122-151\/\" \/>\n<meta property=\"og:site_name\" content=\"Districos Webshop\" \/>\n<meta property=\"article:modified_time\" content=\"2026-04-28T00:40:38+00:00\" \/>\n<meta property=\"og:image\" content=\"https:\/\/districos.standingout.be\/wp-content\/uploads\/2026\/04\/5122.151@Nora-Spange-Zilver-Brons-5-st._1-2.png\" \/>\n\t<meta property=\"og:image:width\" content=\"600\" \/>\n\t<meta property=\"og:image:height\" content=\"600\" \/>\n\t<meta property=\"og:image:type\" content=\"image\/png\" \/>\n<meta name=\"twitter:card\" content=\"summary_large_image\" \/>\n<meta name=\"twitter:label1\" content=\"Dur\u00e9e de lecture estim\u00e9e\" \/>\n\t<meta name=\"twitter:data1\" content=\"1 minute\" \/>\n<script type=\"application\/ld+json\" class=\"yoast-schema-graph\">{\"@context\":\"https:\\\/\\\/schema.org\",\"@graph\":[{\"@type\":\"WebPage\",\"@id\":\"https:\\\/\\\/districos.standingout.be\\\/fr\\\/product\\\/nora-fil-correcteur-argent-bronze-5-pcs-ref-5122-151\\\/\",\"url\":\"https:\\\/\\\/districos.standingout.be\\\/fr\\\/product\\\/nora-fil-correcteur-argent-bronze-5-pcs-ref-5122-151\\\/\",\"name\":\"Nora Fil Correcteur Argent\\\/Bronze 5 pcs. - Districos Webshop\",\"isPartOf\":{\"@id\":\"https:\\\/\\\/districos.standingout.be\\\/fr\\\/#website\"},\"primaryImageOfPage\":{\"@id\":\"https:\\\/\\\/districos.standingout.be\\\/fr\\\/product\\\/nora-fil-correcteur-argent-bronze-5-pcs-ref-5122-151\\\/#primaryimage\"},\"image\":{\"@id\":\"https:\\\/\\\/districos.standingout.be\\\/fr\\\/product\\\/nora-fil-correcteur-argent-bronze-5-pcs-ref-5122-151\\\/#primaryimage\"},\"thumbnailUrl\":\"https:\\\/\\\/districos.standingout.be\\\/wp-content\\\/uploads\\\/2026\\\/04\\\/5122.151@Nora-Spange-Zilver-Brons-5-st._1-3.png\",\"datePublished\":\"2026-04-28T00:40:36+00:00\",\"dateModified\":\"2026-04-28T00:40:38+00:00\",\"breadcrumb\":{\"@id\":\"https:\\\/\\\/districos.standingout.be\\\/fr\\\/product\\\/nora-fil-correcteur-argent-bronze-5-pcs-ref-5122-151\\\/#breadcrumb\"},\"inLanguage\":\"fr-FR\",\"potentialAction\":[{\"@type\":\"ReadAction\",\"target\":[\"https:\\\/\\\/districos.standingout.be\\\/fr\\\/product\\\/nora-fil-correcteur-argent-bronze-5-pcs-ref-5122-151\\\/\"]}]},{\"@type\":\"ImageObject\",\"inLanguage\":\"fr-FR\",\"@id\":\"https:\\\/\\\/districos.standingout.be\\\/fr\\\/product\\\/nora-fil-correcteur-argent-bronze-5-pcs-ref-5122-151\\\/#primaryimage\",\"url\":\"https:\\\/\\\/districos.standingout.be\\\/wp-content\\\/uploads\\\/2026\\\/04\\\/5122.151@Nora-Spange-Zilver-Brons-5-st._1-3.png\",\"contentUrl\":\"https:\\\/\\\/districos.standingout.be\\\/wp-content\\\/uploads\\\/2026\\\/04\\\/5122.151@Nora-Spange-Zilver-Brons-5-st._1-3.png\",\"width\":600,\"height\":600},{\"@type\":\"BreadcrumbList\",\"@id\":\"https:\\\/\\\/districos.standingout.be\\\/fr\\\/product\\\/nora-fil-correcteur-argent-bronze-5-pcs-ref-5122-151\\\/#breadcrumb\",\"itemListElement\":[{\"@type\":\"ListItem\",\"position\":1,\"name\":\"Home\",\"item\":\"https:\\\/\\\/districos.standingout.be\\\/fr\\\/bienvenue-chez-districos\\\/\"},{\"@type\":\"ListItem\",\"position\":2,\"name\":\"Boutique\",\"item\":\"https:\\\/\\\/districos.standingout.be\\\/fr\\\/boutique\\\/\"},{\"@type\":\"ListItem\",\"position\":3,\"name\":\"Nora Fil Correcteur Argent\\\/Bronze 5 pcs.\"}]},{\"@type\":\"WebSite\",\"@id\":\"https:\\\/\\\/districos.standingout.be\\\/fr\\\/#website\",\"url\":\"https:\\\/\\\/districos.standingout.be\\\/fr\\\/\",\"name\":\"Districos Webshop\",\"description\":\"\",\"publisher\":{\"@id\":\"https:\\\/\\\/districos.standingout.be\\\/fr\\\/#organization\"},\"potentialAction\":[{\"@type\":\"SearchAction\",\"target\":{\"@type\":\"EntryPoint\",\"urlTemplate\":\"https:\\\/\\\/districos.standingout.be\\\/fr\\\/?s={search_term_string}\"},\"query-input\":{\"@type\":\"PropertyValueSpecification\",\"valueRequired\":true,\"valueName\":\"search_term_string\"}}],\"inLanguage\":\"fr-FR\"},{\"@type\":\"Organization\",\"@id\":\"https:\\\/\\\/districos.standingout.be\\\/fr\\\/#organization\",\"name\":\"Districos Webshop\",\"url\":\"https:\\\/\\\/districos.standingout.be\\\/fr\\\/\",\"logo\":{\"@type\":\"ImageObject\",\"inLanguage\":\"fr-FR\",\"@id\":\"https:\\\/\\\/districos.standingout.be\\\/fr\\\/#\\\/schema\\\/logo\\\/image\\\/\",\"url\":\"https:\\\/\\\/districos.standingout.be\\\/wp-content\\\/uploads\\\/2022\\\/09\\\/Districos_Logo_Webshop.svg\",\"contentUrl\":\"https:\\\/\\\/districos.standingout.be\\\/wp-content\\\/uploads\\\/2022\\\/09\\\/Districos_Logo_Webshop.svg\",\"caption\":\"Districos Webshop\"},\"image\":{\"@id\":\"https:\\\/\\\/districos.standingout.be\\\/fr\\\/#\\\/schema\\\/logo\\\/image\\\/\"}}]}<\/script>\n<!-- \/ Yoast SEO plugin. -->","yoast_head_json":{"title":"Nora Fil Correcteur Argent\/Bronze 5 pcs. - Districos Webshop","robots":{"index":"noindex","follow":"follow","max-snippet":"max-snippet:-1","max-image-preview":"max-image-preview:large","max-video-preview":"max-video-preview:-1"},"og_locale":"fr_FR","og_type":"article","og_title":"Nora Fil Correcteur Argent\/Bronze 5 pcs. - Districos Webshop","og_description":"Nora est un syst\u00e8me de fil correcteur en 2 parties dans lequel l&rsquo;\u00e9lasticit\u00e9 et la force de traction peuvent \u00eatre ajust\u00e9es en fonction du probl\u00e8me. Fil correcteur d&rsquo;une \u00e9paisseur de 0,32 mm, emball\u00e9 de fa\u00e7on st\u00e9rile et enregistr\u00e9 m\u00e9dicalement. Argent = douce \/ Bronze = moyenne. Emballage : 5 pi\u00e8ces. Disponible en 3 duret\u00e9s d&rsquo;acier [&hellip;]","og_url":"https:\/\/districos.standingout.be\/fr\/product\/nora-fil-correcteur-argent-bronze-5-pcs-ref-5122-151\/","og_site_name":"Districos Webshop","article_modified_time":"2026-04-28T00:40:38+00:00","og_image":[{"width":600,"height":600,"url":"https:\/\/districos.standingout.be\/wp-content\/uploads\/2026\/04\/5122.151@Nora-Spange-Zilver-Brons-5-st._1-2.png","type":"image\/png"}],"twitter_card":"summary_large_image","twitter_misc":{"Dur\u00e9e de lecture estim\u00e9e":"1 minute"},"schema":{"@context":"https:\/\/schema.org","@graph":[{"@type":"WebPage","@id":"https:\/\/districos.standingout.be\/fr\/product\/nora-fil-correcteur-argent-bronze-5-pcs-ref-5122-151\/","url":"https:\/\/districos.standingout.be\/fr\/product\/nora-fil-correcteur-argent-bronze-5-pcs-ref-5122-151\/","name":"Nora Fil Correcteur Argent\/Bronze 5 pcs. - Districos Webshop","isPartOf":{"@id":"https:\/\/districos.standingout.be\/fr\/#website"},"primaryImageOfPage":{"@id":"https:\/\/districos.standingout.be\/fr\/product\/nora-fil-correcteur-argent-bronze-5-pcs-ref-5122-151\/#primaryimage"},"image":{"@id":"https:\/\/districos.standingout.be\/fr\/product\/nora-fil-correcteur-argent-bronze-5-pcs-ref-5122-151\/#primaryimage"},"thumbnailUrl":"https:\/\/districos.standingout.be\/wp-content\/uploads\/2026\/04\/5122.151@Nora-Spange-Zilver-Brons-5-st._1-3.png","datePublished":"2026-04-28T00:40:36+00:00","dateModified":"2026-04-28T00:40:38+00:00","breadcrumb":{"@id":"https:\/\/districos.standingout.be\/fr\/product\/nora-fil-correcteur-argent-bronze-5-pcs-ref-5122-151\/#breadcrumb"},"inLanguage":"fr-FR","potentialAction":[{"@type":"ReadAction","target":["https:\/\/districos.standingout.be\/fr\/product\/nora-fil-correcteur-argent-bronze-5-pcs-ref-5122-151\/"]}]},{"@type":"ImageObject","inLanguage":"fr-FR","@id":"https:\/\/districos.standingout.be\/fr\/product\/nora-fil-correcteur-argent-bronze-5-pcs-ref-5122-151\/#primaryimage","url":"https:\/\/districos.standingout.be\/wp-content\/uploads\/2026\/04\/5122.151@Nora-Spange-Zilver-Brons-5-st._1-3.png","contentUrl":"https:\/\/districos.standingout.be\/wp-content\/uploads\/2026\/04\/5122.151@Nora-Spange-Zilver-Brons-5-st._1-3.png","width":600,"height":600},{"@type":"BreadcrumbList","@id":"https:\/\/districos.standingout.be\/fr\/product\/nora-fil-correcteur-argent-bronze-5-pcs-ref-5122-151\/#breadcrumb","itemListElement":[{"@type":"ListItem","position":1,"name":"Home","item":"https:\/\/districos.standingout.be\/fr\/bienvenue-chez-districos\/"},{"@type":"ListItem","position":2,"name":"Boutique","item":"https:\/\/districos.standingout.be\/fr\/boutique\/"},{"@type":"ListItem","position":3,"name":"Nora Fil Correcteur Argent\/Bronze 5 pcs."}]},{"@type":"WebSite","@id":"https:\/\/districos.standingout.be\/fr\/#website","url":"https:\/\/districos.standingout.be\/fr\/","name":"Districos Webshop","description":"","publisher":{"@id":"https:\/\/districos.standingout.be\/fr\/#organization"},"potentialAction":[{"@type":"SearchAction","target":{"@type":"EntryPoint","urlTemplate":"https:\/\/districos.standingout.be\/fr\/?s={search_term_string}"},"query-input":{"@type":"PropertyValueSpecification","valueRequired":true,"valueName":"search_term_string"}}],"inLanguage":"fr-FR"},{"@type":"Organization","@id":"https:\/\/districos.standingout.be\/fr\/#organization","name":"Districos Webshop","url":"https:\/\/districos.standingout.be\/fr\/","logo":{"@type":"ImageObject","inLanguage":"fr-FR","@id":"https:\/\/districos.standingout.be\/fr\/#\/schema\/logo\/image\/","url":"https:\/\/districos.standingout.be\/wp-content\/uploads\/2022\/09\/Districos_Logo_Webshop.svg","contentUrl":"https:\/\/districos.standingout.be\/wp-content\/uploads\/2022\/09\/Districos_Logo_Webshop.svg","caption":"Districos Webshop"},"image":{"@id":"https:\/\/districos.standingout.be\/fr\/#\/schema\/logo\/image\/"}}]}},"_links":{"self":[{"href":"https:\/\/districos.standingout.be\/fr\/wp-json\/wp\/v2\/product\/134675","targetHints":{"allow":["GET"]}}],"collection":[{"href":"https:\/\/districos.standingout.be\/fr\/wp-json\/wp\/v2\/product"}],"about":[{"href":"https:\/\/districos.standingout.be\/fr\/wp-json\/wp\/v2\/types\/product"}],"replies":[{"embeddable":true,"href":"https:\/\/districos.standingout.be\/fr\/wp-json\/wp\/v2\/comments?post=134675"}],"wp:featuredmedia":[{"embeddable":true,"href":"https:\/\/districos.standingout.be\/fr\/wp-json\/wp\/v2\/media\/144327"}],"wp:attachment":[{"href":"https:\/\/districos.standingout.be\/fr\/wp-json\/wp\/v2\/media?parent=134675"}],"wp:term":[{"taxonomy":"product_brand","embeddable":true,"href":"https:\/\/districos.standingout.be\/fr\/wp-json\/wp\/v2\/product_brand?post=134675"},{"taxonomy":"product_cat","embeddable":true,"href":"https:\/\/districos.standingout.be\/fr\/wp-json\/wp\/v2\/product_cat?post=134675"},{"taxonomy":"product_tag","embeddable":true,"href":"https:\/\/districos.standingout.be\/fr\/wp-json\/wp\/v2\/product_tag?post=134675"}],"curies":[{"name":"wp","href":"https:\/\/api.w.org\/{rel}","templated":true}]}}