{"id":134689,"date":"2026-04-28T02:40:51","date_gmt":"2026-04-28T00:40:51","guid":{"rendered":"https:\/\/webshopdistricoscom.webhosting.be\/product\/nora-orteil-dentrainement-ref-5122-160\/"},"modified":"2026-04-28T02:40:53","modified_gmt":"2026-04-28T00:40:53","slug":"nora-orteil-dentrainement-ref-5122-160","status":"publish","type":"product","link":"https:\/\/districos.standingout.be\/fr\/product\/nora-orteil-dentrainement-ref-5122-160\/","title":{"rendered":"Nora Orteil d\u2019Entra\u00eenement"},"content":{"rendered":"<p >\n<\/p>\n<\/p>\n<\/p>\n<h3 data-start=\"0\" data-end=\"61\"><span><font size=\"3\">Orteil d&rsquo;Entrainement NORA &#8211; Fait Main &amp; de Qualit\u00e9<\/font><\/span><\/h3>\n<p data-start=\"63\" data-end=\"286\">Le <strong data-start=\"66\" data-end=\"96\">Nora Orteil d\u2019Entra\u00eenement<\/strong> est fabriqu\u00e9 \u00e0 la main et constitue&nbsp; la solution id\u00e9ale pour les podologues, les p\u00e9dicures sp\u00e9cialis\u00e9(e)s et les \u00e9tudiant(e)s qui souhaitent pratiquer et perfectionner leurs techniques.<\/p>\n<p data-start=\"288\" data-end=\"435\">\u2714 <strong data-start=\"290\" data-end=\"303\">Fabriqu\u00e9 \u00e0 la main<\/strong> pour une exp\u00e9rience r\u00e9aliste<br data-start=\"332\" data-end=\"335\"> \u2714 <strong data-start=\"337\" data-end=\"377\">Mat\u00e9riau durable et de haute qualit\u00e9<\/strong><br data-start=\"377\" data-end=\"380\"> \u2714 <strong data-start=\"382\" data-end=\"433\" data-is-only-node=\"\">Id\u00e9al pour l\u2019entra\u00eenement et les d\u00e9monstrations<\/strong><\/p>\n<p data-start=\"288\" data-end=\"435\"><span>Un indispensable pour tous ceux qui souhaitent am\u00e9liorer leurs comp\u00e9tences en mati\u00e8re de soins des pieds!<\/span><span>&nbsp;<\/span><\/p>\n","protected":false},"excerpt":{"rendered":"<p>Orteil d&rsquo;Entrainement NORA &#8211; Fait Main &amp; de Qualit\u00e9 Le Nora Orteil d\u2019Entra\u00eenement est fabriqu\u00e9 \u00e0 la main et constitue&nbsp; la solution id\u00e9ale pour les podologues, les p\u00e9dicures sp\u00e9cialis\u00e9(e)s et les \u00e9tudiant(e)s qui souhaitent pratiquer et perfectionner leurs techniques. \u2714 Fabriqu\u00e9 \u00e0 la main pour une exp\u00e9rience r\u00e9aliste \u2714 Mat\u00e9riau durable et de haute qualit\u00e9 [&hellip;]<\/p>\n","protected":false},"featured_media":144357,"comment_status":"open","ping_status":"closed","template":"","meta":{"_acf_changed":false},"product_brand":[10496],"product_cat":[10058,9948],"product_tag":[],"class_list":{"0":"post-134689","1":"product","2":"type-product","3":"status-publish","4":"has-post-thumbnail","6":"product_brand-nora-fr","7":"product_cat-soins-des-pieds-podologie-soins-des-pieds-podologie-orthonyxie","8":"product_cat-beaute-pedicure-orthonyxie","10":"first","11":"instock","12":"taxable","13":"shipping-taxable","14":"product-type-simple"},"acf":[],"yoast_head":"<!-- This site is optimized with the Yoast SEO plugin v27.3 - https:\/\/yoast.com\/product\/yoast-seo-wordpress\/ -->\n<title>Nora Orteil d\u2019Entra\u00eenement - Districos Webshop<\/title>\n<meta name=\"robots\" content=\"noindex, follow, max-snippet:-1, max-image-preview:large, max-video-preview:-1\" \/>\n<meta property=\"og:locale\" content=\"fr_FR\" \/>\n<meta property=\"og:type\" content=\"article\" \/>\n<meta property=\"og:title\" content=\"Nora Orteil d\u2019Entra\u00eenement - Districos Webshop\" \/>\n<meta property=\"og:description\" content=\"Orteil d&rsquo;Entrainement NORA &#8211; Fait Main &amp; de Qualit\u00e9 Le Nora Orteil d\u2019Entra\u00eenement est fabriqu\u00e9 \u00e0 la main et constitue&nbsp; la solution id\u00e9ale pour les podologues, les p\u00e9dicures sp\u00e9cialis\u00e9(e)s et les \u00e9tudiant(e)s qui souhaitent pratiquer et perfectionner leurs techniques. \u2714 Fabriqu\u00e9 \u00e0 la main pour une exp\u00e9rience r\u00e9aliste \u2714 Mat\u00e9riau durable et de haute qualit\u00e9 [&hellip;]\" \/>\n<meta property=\"og:url\" content=\"https:\/\/districos.standingout.be\/fr\/product\/nora-orteil-dentrainement-ref-5122-160\/\" \/>\n<meta property=\"og:site_name\" content=\"Districos Webshop\" \/>\n<meta property=\"article:modified_time\" content=\"2026-04-28T00:40:53+00:00\" \/>\n<meta property=\"og:image\" content=\"https:\/\/districos.standingout.be\/wp-content\/uploads\/2026\/04\/5122.160@Nora-Oefenteen-Handgemaakt_1-2.png\" \/>\n\t<meta property=\"og:image:width\" content=\"600\" \/>\n\t<meta property=\"og:image:height\" content=\"600\" \/>\n\t<meta property=\"og:image:type\" content=\"image\/png\" \/>\n<meta name=\"twitter:card\" content=\"summary_large_image\" \/>\n<script type=\"application\/ld+json\" class=\"yoast-schema-graph\">{\"@context\":\"https:\\\/\\\/schema.org\",\"@graph\":[{\"@type\":\"WebPage\",\"@id\":\"https:\\\/\\\/districos.standingout.be\\\/fr\\\/product\\\/nora-orteil-dentrainement-ref-5122-160\\\/\",\"url\":\"https:\\\/\\\/districos.standingout.be\\\/fr\\\/product\\\/nora-orteil-dentrainement-ref-5122-160\\\/\",\"name\":\"Nora Orteil d\u2019Entra\u00eenement - Districos Webshop\",\"isPartOf\":{\"@id\":\"https:\\\/\\\/districos.standingout.be\\\/fr\\\/#website\"},\"primaryImageOfPage\":{\"@id\":\"https:\\\/\\\/districos.standingout.be\\\/fr\\\/product\\\/nora-orteil-dentrainement-ref-5122-160\\\/#primaryimage\"},\"image\":{\"@id\":\"https:\\\/\\\/districos.standingout.be\\\/fr\\\/product\\\/nora-orteil-dentrainement-ref-5122-160\\\/#primaryimage\"},\"thumbnailUrl\":\"https:\\\/\\\/districos.standingout.be\\\/wp-content\\\/uploads\\\/2026\\\/04\\\/5122.160@Nora-Oefenteen-Handgemaakt_1-3.png\",\"datePublished\":\"2026-04-28T00:40:51+00:00\",\"dateModified\":\"2026-04-28T00:40:53+00:00\",\"breadcrumb\":{\"@id\":\"https:\\\/\\\/districos.standingout.be\\\/fr\\\/product\\\/nora-orteil-dentrainement-ref-5122-160\\\/#breadcrumb\"},\"inLanguage\":\"fr-FR\",\"potentialAction\":[{\"@type\":\"ReadAction\",\"target\":[\"https:\\\/\\\/districos.standingout.be\\\/fr\\\/product\\\/nora-orteil-dentrainement-ref-5122-160\\\/\"]}]},{\"@type\":\"ImageObject\",\"inLanguage\":\"fr-FR\",\"@id\":\"https:\\\/\\\/districos.standingout.be\\\/fr\\\/product\\\/nora-orteil-dentrainement-ref-5122-160\\\/#primaryimage\",\"url\":\"https:\\\/\\\/districos.standingout.be\\\/wp-content\\\/uploads\\\/2026\\\/04\\\/5122.160@Nora-Oefenteen-Handgemaakt_1-3.png\",\"contentUrl\":\"https:\\\/\\\/districos.standingout.be\\\/wp-content\\\/uploads\\\/2026\\\/04\\\/5122.160@Nora-Oefenteen-Handgemaakt_1-3.png\",\"width\":600,\"height\":600},{\"@type\":\"BreadcrumbList\",\"@id\":\"https:\\\/\\\/districos.standingout.be\\\/fr\\\/product\\\/nora-orteil-dentrainement-ref-5122-160\\\/#breadcrumb\",\"itemListElement\":[{\"@type\":\"ListItem\",\"position\":1,\"name\":\"Home\",\"item\":\"https:\\\/\\\/districos.standingout.be\\\/fr\\\/bienvenue-chez-districos\\\/\"},{\"@type\":\"ListItem\",\"position\":2,\"name\":\"Boutique\",\"item\":\"https:\\\/\\\/districos.standingout.be\\\/fr\\\/boutique\\\/\"},{\"@type\":\"ListItem\",\"position\":3,\"name\":\"Nora Orteil d\u2019Entra\u00eenement\"}]},{\"@type\":\"WebSite\",\"@id\":\"https:\\\/\\\/districos.standingout.be\\\/fr\\\/#website\",\"url\":\"https:\\\/\\\/districos.standingout.be\\\/fr\\\/\",\"name\":\"Districos Webshop\",\"description\":\"\",\"publisher\":{\"@id\":\"https:\\\/\\\/districos.standingout.be\\\/fr\\\/#organization\"},\"potentialAction\":[{\"@type\":\"SearchAction\",\"target\":{\"@type\":\"EntryPoint\",\"urlTemplate\":\"https:\\\/\\\/districos.standingout.be\\\/fr\\\/?s={search_term_string}\"},\"query-input\":{\"@type\":\"PropertyValueSpecification\",\"valueRequired\":true,\"valueName\":\"search_term_string\"}}],\"inLanguage\":\"fr-FR\"},{\"@type\":\"Organization\",\"@id\":\"https:\\\/\\\/districos.standingout.be\\\/fr\\\/#organization\",\"name\":\"Districos Webshop\",\"url\":\"https:\\\/\\\/districos.standingout.be\\\/fr\\\/\",\"logo\":{\"@type\":\"ImageObject\",\"inLanguage\":\"fr-FR\",\"@id\":\"https:\\\/\\\/districos.standingout.be\\\/fr\\\/#\\\/schema\\\/logo\\\/image\\\/\",\"url\":\"https:\\\/\\\/districos.standingout.be\\\/wp-content\\\/uploads\\\/2022\\\/09\\\/Districos_Logo_Webshop.svg\",\"contentUrl\":\"https:\\\/\\\/districos.standingout.be\\\/wp-content\\\/uploads\\\/2022\\\/09\\\/Districos_Logo_Webshop.svg\",\"caption\":\"Districos Webshop\"},\"image\":{\"@id\":\"https:\\\/\\\/districos.standingout.be\\\/fr\\\/#\\\/schema\\\/logo\\\/image\\\/\"}}]}<\/script>\n<!-- \/ Yoast SEO plugin. -->","yoast_head_json":{"title":"Nora Orteil d\u2019Entra\u00eenement - Districos Webshop","robots":{"index":"noindex","follow":"follow","max-snippet":"max-snippet:-1","max-image-preview":"max-image-preview:large","max-video-preview":"max-video-preview:-1"},"og_locale":"fr_FR","og_type":"article","og_title":"Nora Orteil d\u2019Entra\u00eenement - Districos Webshop","og_description":"Orteil d&rsquo;Entrainement NORA &#8211; Fait Main &amp; de Qualit\u00e9 Le Nora Orteil d\u2019Entra\u00eenement est fabriqu\u00e9 \u00e0 la main et constitue&nbsp; la solution id\u00e9ale pour les podologues, les p\u00e9dicures sp\u00e9cialis\u00e9(e)s et les \u00e9tudiant(e)s qui souhaitent pratiquer et perfectionner leurs techniques. \u2714 Fabriqu\u00e9 \u00e0 la main pour une exp\u00e9rience r\u00e9aliste \u2714 Mat\u00e9riau durable et de haute qualit\u00e9 [&hellip;]","og_url":"https:\/\/districos.standingout.be\/fr\/product\/nora-orteil-dentrainement-ref-5122-160\/","og_site_name":"Districos Webshop","article_modified_time":"2026-04-28T00:40:53+00:00","og_image":[{"width":600,"height":600,"url":"https:\/\/districos.standingout.be\/wp-content\/uploads\/2026\/04\/5122.160@Nora-Oefenteen-Handgemaakt_1-2.png","type":"image\/png"}],"twitter_card":"summary_large_image","schema":{"@context":"https:\/\/schema.org","@graph":[{"@type":"WebPage","@id":"https:\/\/districos.standingout.be\/fr\/product\/nora-orteil-dentrainement-ref-5122-160\/","url":"https:\/\/districos.standingout.be\/fr\/product\/nora-orteil-dentrainement-ref-5122-160\/","name":"Nora Orteil d\u2019Entra\u00eenement - Districos Webshop","isPartOf":{"@id":"https:\/\/districos.standingout.be\/fr\/#website"},"primaryImageOfPage":{"@id":"https:\/\/districos.standingout.be\/fr\/product\/nora-orteil-dentrainement-ref-5122-160\/#primaryimage"},"image":{"@id":"https:\/\/districos.standingout.be\/fr\/product\/nora-orteil-dentrainement-ref-5122-160\/#primaryimage"},"thumbnailUrl":"https:\/\/districos.standingout.be\/wp-content\/uploads\/2026\/04\/5122.160@Nora-Oefenteen-Handgemaakt_1-3.png","datePublished":"2026-04-28T00:40:51+00:00","dateModified":"2026-04-28T00:40:53+00:00","breadcrumb":{"@id":"https:\/\/districos.standingout.be\/fr\/product\/nora-orteil-dentrainement-ref-5122-160\/#breadcrumb"},"inLanguage":"fr-FR","potentialAction":[{"@type":"ReadAction","target":["https:\/\/districos.standingout.be\/fr\/product\/nora-orteil-dentrainement-ref-5122-160\/"]}]},{"@type":"ImageObject","inLanguage":"fr-FR","@id":"https:\/\/districos.standingout.be\/fr\/product\/nora-orteil-dentrainement-ref-5122-160\/#primaryimage","url":"https:\/\/districos.standingout.be\/wp-content\/uploads\/2026\/04\/5122.160@Nora-Oefenteen-Handgemaakt_1-3.png","contentUrl":"https:\/\/districos.standingout.be\/wp-content\/uploads\/2026\/04\/5122.160@Nora-Oefenteen-Handgemaakt_1-3.png","width":600,"height":600},{"@type":"BreadcrumbList","@id":"https:\/\/districos.standingout.be\/fr\/product\/nora-orteil-dentrainement-ref-5122-160\/#breadcrumb","itemListElement":[{"@type":"ListItem","position":1,"name":"Home","item":"https:\/\/districos.standingout.be\/fr\/bienvenue-chez-districos\/"},{"@type":"ListItem","position":2,"name":"Boutique","item":"https:\/\/districos.standingout.be\/fr\/boutique\/"},{"@type":"ListItem","position":3,"name":"Nora Orteil d\u2019Entra\u00eenement"}]},{"@type":"WebSite","@id":"https:\/\/districos.standingout.be\/fr\/#website","url":"https:\/\/districos.standingout.be\/fr\/","name":"Districos Webshop","description":"","publisher":{"@id":"https:\/\/districos.standingout.be\/fr\/#organization"},"potentialAction":[{"@type":"SearchAction","target":{"@type":"EntryPoint","urlTemplate":"https:\/\/districos.standingout.be\/fr\/?s={search_term_string}"},"query-input":{"@type":"PropertyValueSpecification","valueRequired":true,"valueName":"search_term_string"}}],"inLanguage":"fr-FR"},{"@type":"Organization","@id":"https:\/\/districos.standingout.be\/fr\/#organization","name":"Districos Webshop","url":"https:\/\/districos.standingout.be\/fr\/","logo":{"@type":"ImageObject","inLanguage":"fr-FR","@id":"https:\/\/districos.standingout.be\/fr\/#\/schema\/logo\/image\/","url":"https:\/\/districos.standingout.be\/wp-content\/uploads\/2022\/09\/Districos_Logo_Webshop.svg","contentUrl":"https:\/\/districos.standingout.be\/wp-content\/uploads\/2022\/09\/Districos_Logo_Webshop.svg","caption":"Districos Webshop"},"image":{"@id":"https:\/\/districos.standingout.be\/fr\/#\/schema\/logo\/image\/"}}]}},"_links":{"self":[{"href":"https:\/\/districos.standingout.be\/fr\/wp-json\/wp\/v2\/product\/134689","targetHints":{"allow":["GET"]}}],"collection":[{"href":"https:\/\/districos.standingout.be\/fr\/wp-json\/wp\/v2\/product"}],"about":[{"href":"https:\/\/districos.standingout.be\/fr\/wp-json\/wp\/v2\/types\/product"}],"replies":[{"embeddable":true,"href":"https:\/\/districos.standingout.be\/fr\/wp-json\/wp\/v2\/comments?post=134689"}],"wp:featuredmedia":[{"embeddable":true,"href":"https:\/\/districos.standingout.be\/fr\/wp-json\/wp\/v2\/media\/144357"}],"wp:attachment":[{"href":"https:\/\/districos.standingout.be\/fr\/wp-json\/wp\/v2\/media?parent=134689"}],"wp:term":[{"taxonomy":"product_brand","embeddable":true,"href":"https:\/\/districos.standingout.be\/fr\/wp-json\/wp\/v2\/product_brand?post=134689"},{"taxonomy":"product_cat","embeddable":true,"href":"https:\/\/districos.standingout.be\/fr\/wp-json\/wp\/v2\/product_cat?post=134689"},{"taxonomy":"product_tag","embeddable":true,"href":"https:\/\/districos.standingout.be\/fr\/wp-json\/wp\/v2\/product_tag?post=134689"}],"curies":[{"name":"wp","href":"https:\/\/api.w.org\/{rel}","templated":true}]}}