{"id":134705,"date":"2026-04-28T02:41:12","date_gmt":"2026-04-28T00:41:12","guid":{"rendered":"https:\/\/webshopdistricoscom.webhosting.be\/product\/unguisan-blue-light-lampe-led-ref-5122-42\/"},"modified":"2026-04-28T02:41:14","modified_gmt":"2026-04-28T00:41:14","slug":"unguisan-blue-light-lampe-led-ref-5122-42","status":"publish","type":"product","link":"https:\/\/districos.standingout.be\/fr\/product\/unguisan-blue-light-lampe-led-ref-5122-42\/","title":{"rendered":"Unguisan Blue Light Lampe LED"},"content":{"rendered":"<p >\n<p dir=ltr>Lampe LED Blue Light sp\u00e9cialement d\u00e9velopp\u00e9e pour le durcissement super rapide du gel Unguisan Blue.<\/p>\n<p> Les avantages par rapport \u00e0 d\u2019autres syst\u00e8mes :<br \/> &#8211; Plus facile : vous utilisez seulement 2 produits (lampe + gel) <br \/> &#8211; Plus rapide : durcissement en 20 sec. avec un r\u00e9sultat sup\u00e9rieur<br \/> &#8211; Plus simple : dosage avec plus de pr\u00e9cision<br \/> &#8211; Plus agr\u00e9able : pas d\u2019odeur ennuyante<br \/> &#8211; Universel : appropri\u00e9 pour la fixation de tous types de fils <\/p><\/p>\n","protected":false},"excerpt":{"rendered":"<p>Lampe LED Blue Light sp\u00e9cialement d\u00e9velopp\u00e9e pour le durcissement super rapide du gel Unguisan Blue. Les avantages par rapport \u00e0 d\u2019autres syst\u00e8mes : &#8211; Plus facile : vous utilisez seulement 2 produits (lampe + gel) &#8211; Plus rapide : durcissement en 20 sec. avec un r\u00e9sultat sup\u00e9rieur &#8211; Plus simple : dosage avec plus de [&hellip;]<\/p>\n","protected":false},"featured_media":72340,"comment_status":"open","ping_status":"closed","template":"","meta":{"_acf_changed":false},"product_brand":[10594],"product_cat":[10058,9948,9952,10054],"product_tag":[],"class_list":{"0":"post-134705","1":"product","2":"type-product","3":"status-publish","4":"has-post-thumbnail","6":"product_brand-unguisan-fr","7":"product_cat-soins-des-pieds-podologie-soins-des-pieds-podologie-orthonyxie","8":"product_cat-beaute-pedicure-orthonyxie","9":"product_cat-beaute-pedicure-reconstruction-des-ongles","10":"product_cat-soins-des-pieds-podologie-soins-des-pieds-podologie-reconstruction-des-ongles","12":"first","13":"instock","14":"taxable","15":"shipping-taxable","16":"product-type-simple"},"acf":[],"yoast_head":"<!-- This site is optimized with the Yoast SEO plugin v27.3 - https:\/\/yoast.com\/product\/yoast-seo-wordpress\/ -->\n<title>Unguisan Blue Light Lampe LED - Districos Webshop<\/title>\n<meta name=\"robots\" content=\"noindex, follow, max-snippet:-1, max-image-preview:large, max-video-preview:-1\" \/>\n<meta property=\"og:locale\" content=\"fr_FR\" \/>\n<meta property=\"og:type\" content=\"article\" \/>\n<meta property=\"og:title\" content=\"Unguisan Blue Light Lampe LED - Districos Webshop\" \/>\n<meta property=\"og:description\" content=\"Lampe LED Blue Light sp\u00e9cialement d\u00e9velopp\u00e9e pour le durcissement super rapide du gel Unguisan Blue. Les avantages par rapport \u00e0 d\u2019autres syst\u00e8mes : &#8211; Plus facile : vous utilisez seulement 2 produits (lampe + gel) &#8211; Plus rapide : durcissement en 20 sec. avec un r\u00e9sultat sup\u00e9rieur &#8211; Plus simple : dosage avec plus de [&hellip;]\" \/>\n<meta property=\"og:url\" content=\"https:\/\/districos.standingout.be\/fr\/product\/unguisan-blue-light-lampe-led-ref-5122-42\/\" \/>\n<meta property=\"og:site_name\" content=\"Districos Webshop\" \/>\n<meta property=\"article:modified_time\" content=\"2026-04-28T00:41:14+00:00\" \/>\n<meta property=\"og:image\" content=\"https:\/\/districos.standingout.be\/wp-content\/uploads\/2025\/07\/5122.42@LowRes_0_99.png\" \/>\n\t<meta property=\"og:image:width\" content=\"600\" \/>\n\t<meta property=\"og:image:height\" content=\"600\" \/>\n\t<meta property=\"og:image:type\" content=\"image\/png\" \/>\n<meta name=\"twitter:card\" content=\"summary_large_image\" \/>\n<script type=\"application\/ld+json\" class=\"yoast-schema-graph\">{\"@context\":\"https:\\\/\\\/schema.org\",\"@graph\":[{\"@type\":\"WebPage\",\"@id\":\"https:\\\/\\\/districos.standingout.be\\\/fr\\\/product\\\/unguisan-blue-light-lampe-led-ref-5122-42\\\/\",\"url\":\"https:\\\/\\\/districos.standingout.be\\\/fr\\\/product\\\/unguisan-blue-light-lampe-led-ref-5122-42\\\/\",\"name\":\"Unguisan Blue Light Lampe LED - Districos Webshop\",\"isPartOf\":{\"@id\":\"https:\\\/\\\/districos.standingout.be\\\/fr\\\/#website\"},\"primaryImageOfPage\":{\"@id\":\"https:\\\/\\\/districos.standingout.be\\\/fr\\\/product\\\/unguisan-blue-light-lampe-led-ref-5122-42\\\/#primaryimage\"},\"image\":{\"@id\":\"https:\\\/\\\/districos.standingout.be\\\/fr\\\/product\\\/unguisan-blue-light-lampe-led-ref-5122-42\\\/#primaryimage\"},\"thumbnailUrl\":\"https:\\\/\\\/districos.standingout.be\\\/wp-content\\\/uploads\\\/2025\\\/07\\\/5122.42@LowRes_0_99.png\",\"datePublished\":\"2026-04-28T00:41:12+00:00\",\"dateModified\":\"2026-04-28T00:41:14+00:00\",\"breadcrumb\":{\"@id\":\"https:\\\/\\\/districos.standingout.be\\\/fr\\\/product\\\/unguisan-blue-light-lampe-led-ref-5122-42\\\/#breadcrumb\"},\"inLanguage\":\"fr-FR\",\"potentialAction\":[{\"@type\":\"ReadAction\",\"target\":[\"https:\\\/\\\/districos.standingout.be\\\/fr\\\/product\\\/unguisan-blue-light-lampe-led-ref-5122-42\\\/\"]}]},{\"@type\":\"ImageObject\",\"inLanguage\":\"fr-FR\",\"@id\":\"https:\\\/\\\/districos.standingout.be\\\/fr\\\/product\\\/unguisan-blue-light-lampe-led-ref-5122-42\\\/#primaryimage\",\"url\":\"https:\\\/\\\/districos.standingout.be\\\/wp-content\\\/uploads\\\/2025\\\/07\\\/5122.42@LowRes_0_99.png\",\"contentUrl\":\"https:\\\/\\\/districos.standingout.be\\\/wp-content\\\/uploads\\\/2025\\\/07\\\/5122.42@LowRes_0_99.png\",\"width\":600,\"height\":600},{\"@type\":\"BreadcrumbList\",\"@id\":\"https:\\\/\\\/districos.standingout.be\\\/fr\\\/product\\\/unguisan-blue-light-lampe-led-ref-5122-42\\\/#breadcrumb\",\"itemListElement\":[{\"@type\":\"ListItem\",\"position\":1,\"name\":\"Home\",\"item\":\"https:\\\/\\\/districos.standingout.be\\\/fr\\\/bienvenue-chez-districos\\\/\"},{\"@type\":\"ListItem\",\"position\":2,\"name\":\"Boutique\",\"item\":\"https:\\\/\\\/districos.standingout.be\\\/fr\\\/boutique\\\/\"},{\"@type\":\"ListItem\",\"position\":3,\"name\":\"Unguisan Blue Light Lampe LED\"}]},{\"@type\":\"WebSite\",\"@id\":\"https:\\\/\\\/districos.standingout.be\\\/fr\\\/#website\",\"url\":\"https:\\\/\\\/districos.standingout.be\\\/fr\\\/\",\"name\":\"Districos Webshop\",\"description\":\"\",\"publisher\":{\"@id\":\"https:\\\/\\\/districos.standingout.be\\\/fr\\\/#organization\"},\"potentialAction\":[{\"@type\":\"SearchAction\",\"target\":{\"@type\":\"EntryPoint\",\"urlTemplate\":\"https:\\\/\\\/districos.standingout.be\\\/fr\\\/?s={search_term_string}\"},\"query-input\":{\"@type\":\"PropertyValueSpecification\",\"valueRequired\":true,\"valueName\":\"search_term_string\"}}],\"inLanguage\":\"fr-FR\"},{\"@type\":\"Organization\",\"@id\":\"https:\\\/\\\/districos.standingout.be\\\/fr\\\/#organization\",\"name\":\"Districos Webshop\",\"url\":\"https:\\\/\\\/districos.standingout.be\\\/fr\\\/\",\"logo\":{\"@type\":\"ImageObject\",\"inLanguage\":\"fr-FR\",\"@id\":\"https:\\\/\\\/districos.standingout.be\\\/fr\\\/#\\\/schema\\\/logo\\\/image\\\/\",\"url\":\"https:\\\/\\\/districos.standingout.be\\\/wp-content\\\/uploads\\\/2022\\\/09\\\/Districos_Logo_Webshop.svg\",\"contentUrl\":\"https:\\\/\\\/districos.standingout.be\\\/wp-content\\\/uploads\\\/2022\\\/09\\\/Districos_Logo_Webshop.svg\",\"caption\":\"Districos Webshop\"},\"image\":{\"@id\":\"https:\\\/\\\/districos.standingout.be\\\/fr\\\/#\\\/schema\\\/logo\\\/image\\\/\"}}]}<\/script>\n<!-- \/ Yoast SEO plugin. -->","yoast_head_json":{"title":"Unguisan Blue Light Lampe LED - Districos Webshop","robots":{"index":"noindex","follow":"follow","max-snippet":"max-snippet:-1","max-image-preview":"max-image-preview:large","max-video-preview":"max-video-preview:-1"},"og_locale":"fr_FR","og_type":"article","og_title":"Unguisan Blue Light Lampe LED - Districos Webshop","og_description":"Lampe LED Blue Light sp\u00e9cialement d\u00e9velopp\u00e9e pour le durcissement super rapide du gel Unguisan Blue. Les avantages par rapport \u00e0 d\u2019autres syst\u00e8mes : &#8211; Plus facile : vous utilisez seulement 2 produits (lampe + gel) &#8211; Plus rapide : durcissement en 20 sec. avec un r\u00e9sultat sup\u00e9rieur &#8211; Plus simple : dosage avec plus de [&hellip;]","og_url":"https:\/\/districos.standingout.be\/fr\/product\/unguisan-blue-light-lampe-led-ref-5122-42\/","og_site_name":"Districos Webshop","article_modified_time":"2026-04-28T00:41:14+00:00","og_image":[{"width":600,"height":600,"url":"https:\/\/districos.standingout.be\/wp-content\/uploads\/2025\/07\/5122.42@LowRes_0_99.png","type":"image\/png"}],"twitter_card":"summary_large_image","schema":{"@context":"https:\/\/schema.org","@graph":[{"@type":"WebPage","@id":"https:\/\/districos.standingout.be\/fr\/product\/unguisan-blue-light-lampe-led-ref-5122-42\/","url":"https:\/\/districos.standingout.be\/fr\/product\/unguisan-blue-light-lampe-led-ref-5122-42\/","name":"Unguisan Blue Light Lampe LED - Districos Webshop","isPartOf":{"@id":"https:\/\/districos.standingout.be\/fr\/#website"},"primaryImageOfPage":{"@id":"https:\/\/districos.standingout.be\/fr\/product\/unguisan-blue-light-lampe-led-ref-5122-42\/#primaryimage"},"image":{"@id":"https:\/\/districos.standingout.be\/fr\/product\/unguisan-blue-light-lampe-led-ref-5122-42\/#primaryimage"},"thumbnailUrl":"https:\/\/districos.standingout.be\/wp-content\/uploads\/2025\/07\/5122.42@LowRes_0_99.png","datePublished":"2026-04-28T00:41:12+00:00","dateModified":"2026-04-28T00:41:14+00:00","breadcrumb":{"@id":"https:\/\/districos.standingout.be\/fr\/product\/unguisan-blue-light-lampe-led-ref-5122-42\/#breadcrumb"},"inLanguage":"fr-FR","potentialAction":[{"@type":"ReadAction","target":["https:\/\/districos.standingout.be\/fr\/product\/unguisan-blue-light-lampe-led-ref-5122-42\/"]}]},{"@type":"ImageObject","inLanguage":"fr-FR","@id":"https:\/\/districos.standingout.be\/fr\/product\/unguisan-blue-light-lampe-led-ref-5122-42\/#primaryimage","url":"https:\/\/districos.standingout.be\/wp-content\/uploads\/2025\/07\/5122.42@LowRes_0_99.png","contentUrl":"https:\/\/districos.standingout.be\/wp-content\/uploads\/2025\/07\/5122.42@LowRes_0_99.png","width":600,"height":600},{"@type":"BreadcrumbList","@id":"https:\/\/districos.standingout.be\/fr\/product\/unguisan-blue-light-lampe-led-ref-5122-42\/#breadcrumb","itemListElement":[{"@type":"ListItem","position":1,"name":"Home","item":"https:\/\/districos.standingout.be\/fr\/bienvenue-chez-districos\/"},{"@type":"ListItem","position":2,"name":"Boutique","item":"https:\/\/districos.standingout.be\/fr\/boutique\/"},{"@type":"ListItem","position":3,"name":"Unguisan Blue Light Lampe LED"}]},{"@type":"WebSite","@id":"https:\/\/districos.standingout.be\/fr\/#website","url":"https:\/\/districos.standingout.be\/fr\/","name":"Districos Webshop","description":"","publisher":{"@id":"https:\/\/districos.standingout.be\/fr\/#organization"},"potentialAction":[{"@type":"SearchAction","target":{"@type":"EntryPoint","urlTemplate":"https:\/\/districos.standingout.be\/fr\/?s={search_term_string}"},"query-input":{"@type":"PropertyValueSpecification","valueRequired":true,"valueName":"search_term_string"}}],"inLanguage":"fr-FR"},{"@type":"Organization","@id":"https:\/\/districos.standingout.be\/fr\/#organization","name":"Districos Webshop","url":"https:\/\/districos.standingout.be\/fr\/","logo":{"@type":"ImageObject","inLanguage":"fr-FR","@id":"https:\/\/districos.standingout.be\/fr\/#\/schema\/logo\/image\/","url":"https:\/\/districos.standingout.be\/wp-content\/uploads\/2022\/09\/Districos_Logo_Webshop.svg","contentUrl":"https:\/\/districos.standingout.be\/wp-content\/uploads\/2022\/09\/Districos_Logo_Webshop.svg","caption":"Districos Webshop"},"image":{"@id":"https:\/\/districos.standingout.be\/fr\/#\/schema\/logo\/image\/"}}]}},"_links":{"self":[{"href":"https:\/\/districos.standingout.be\/fr\/wp-json\/wp\/v2\/product\/134705","targetHints":{"allow":["GET"]}}],"collection":[{"href":"https:\/\/districos.standingout.be\/fr\/wp-json\/wp\/v2\/product"}],"about":[{"href":"https:\/\/districos.standingout.be\/fr\/wp-json\/wp\/v2\/types\/product"}],"replies":[{"embeddable":true,"href":"https:\/\/districos.standingout.be\/fr\/wp-json\/wp\/v2\/comments?post=134705"}],"wp:featuredmedia":[{"embeddable":true,"href":"https:\/\/districos.standingout.be\/fr\/wp-json\/wp\/v2\/media\/72340"}],"wp:attachment":[{"href":"https:\/\/districos.standingout.be\/fr\/wp-json\/wp\/v2\/media?parent=134705"}],"wp:term":[{"taxonomy":"product_brand","embeddable":true,"href":"https:\/\/districos.standingout.be\/fr\/wp-json\/wp\/v2\/product_brand?post=134705"},{"taxonomy":"product_cat","embeddable":true,"href":"https:\/\/districos.standingout.be\/fr\/wp-json\/wp\/v2\/product_cat?post=134705"},{"taxonomy":"product_tag","embeddable":true,"href":"https:\/\/districos.standingout.be\/fr\/wp-json\/wp\/v2\/product_tag?post=134705"}],"curies":[{"name":"wp","href":"https:\/\/api.w.org\/{rel}","templated":true}]}}