{"id":134711,"date":"2026-04-28T02:45:36","date_gmt":"2026-04-28T00:45:36","guid":{"rendered":"https:\/\/webshopdistricoscom.webhosting.be\/product\/unguisan-blue-light-gel-composite-dur-4-g-ref-5122-45\/"},"modified":"2026-04-28T02:45:38","modified_gmt":"2026-04-28T00:45:38","slug":"unguisan-blue-light-gel-composite-dur-4-g-ref-5122-45","status":"publish","type":"product","link":"https:\/\/districos.standingout.be\/fr\/product\/unguisan-blue-light-gel-composite-dur-4-g-ref-5122-45\/","title":{"rendered":"Unguisan Blue Light Gel Composite Dur 4 g"},"content":{"rendered":"<p >\n<p dir=ltr>Pour r\u00e9aliser la technique de correction passive des ongles sans risque. Cela s&rsquo;explique par le fait que de nombreux ongles \u00e0 involution pr\u00e9sentent moins de convexit\u00e9 sur le c\u00f4t\u00e9 proximal que sur le c\u00f4t\u00e9 distal de la plaque ungu\u00e9ale. Ce gel composite dur garantira que lorsque la plaque de l&rsquo;ongle poussera, l&rsquo;ongle conservera sa forme telle qu&rsquo;elle \u00e9tait sur la matrice et, en d&rsquo;autres termes, ne deviendra pas plus convexe au fur et \u00e0 mesure de sa croissance. Le r\u00e9sultat est une plaque ungu\u00e9ale plus plate au fur et \u00e0 mesure de la croissance du composite.<\/p>\n<p> Avantages :<\/p>\n<p> \u2022 Aucune force active ne travaille pour soulever la plaque ungu\u00e9ale.<\/p>\n<p> \u2022 Peut \u00eatre utilis\u00e9s sur les ongles fragiles.<\/p>\n<p> \u2022 Convient \u00e0 l&rsquo;onycholyse, aux diab\u00e9tiques et aux autres patient(e)s \u00e0 haut risque.<\/p>\n<p> \u2022 Rapide, simple et s\u00e9curis\u00e9.<\/p>\n<p> C&rsquo;est aussi un produit id\u00e9al pour \u00e9viter qu&rsquo;un probl\u00e8me d\u00e9j\u00e0 corrig\u00e9 ne se reproduise. Donc tr\u00e8s appropri\u00e9 apr\u00e8s, par exemple, un Ross Fr\u00e4ser, ORA\u00ae ou similaire <\/p><\/p>\n","protected":false},"excerpt":{"rendered":"<p>Pour r\u00e9aliser la technique de correction passive des ongles sans risque. Cela s&rsquo;explique par le fait que de nombreux ongles \u00e0 involution pr\u00e9sentent moins de convexit\u00e9 sur le c\u00f4t\u00e9 proximal que sur le c\u00f4t\u00e9 distal de la plaque ungu\u00e9ale. Ce gel composite dur garantira que lorsque la plaque de l&rsquo;ongle poussera, l&rsquo;ongle conservera sa forme [&hellip;]<\/p>\n","protected":false},"featured_media":144366,"comment_status":"open","ping_status":"closed","template":"","meta":{"_acf_changed":false},"product_brand":[10594],"product_cat":[10058,9948],"product_tag":[],"class_list":{"0":"post-134711","1":"product","2":"type-product","3":"status-publish","4":"has-post-thumbnail","6":"product_brand-unguisan-fr","7":"product_cat-soins-des-pieds-podologie-soins-des-pieds-podologie-orthonyxie","8":"product_cat-beaute-pedicure-orthonyxie","10":"first","11":"instock","12":"taxable","13":"shipping-taxable","14":"product-type-simple"},"acf":[],"yoast_head":"<!-- This site is optimized with the Yoast SEO plugin v27.3 - https:\/\/yoast.com\/product\/yoast-seo-wordpress\/ -->\n<title>Unguisan Blue Light Gel Composite Dur 4 g - Districos Webshop<\/title>\n<meta name=\"robots\" content=\"noindex, follow, max-snippet:-1, max-image-preview:large, max-video-preview:-1\" \/>\n<meta property=\"og:locale\" content=\"fr_FR\" \/>\n<meta property=\"og:type\" content=\"article\" \/>\n<meta property=\"og:title\" content=\"Unguisan Blue Light Gel Composite Dur 4 g - Districos Webshop\" \/>\n<meta property=\"og:description\" content=\"Pour r\u00e9aliser la technique de correction passive des ongles sans risque. Cela s&rsquo;explique par le fait que de nombreux ongles \u00e0 involution pr\u00e9sentent moins de convexit\u00e9 sur le c\u00f4t\u00e9 proximal que sur le c\u00f4t\u00e9 distal de la plaque ungu\u00e9ale. Ce gel composite dur garantira que lorsque la plaque de l&rsquo;ongle poussera, l&rsquo;ongle conservera sa forme [&hellip;]\" \/>\n<meta property=\"og:url\" content=\"https:\/\/districos.standingout.be\/fr\/product\/unguisan-blue-light-gel-composite-dur-4-g-ref-5122-45\/\" \/>\n<meta property=\"og:site_name\" content=\"Districos Webshop\" \/>\n<meta property=\"article:modified_time\" content=\"2026-04-28T00:45:38+00:00\" \/>\n<meta property=\"og:image\" content=\"https:\/\/districos.standingout.be\/wp-content\/uploads\/2026\/04\/5122.45@Unguisan-Blue-Light-harde-composiet_1-2.png\" \/>\n\t<meta property=\"og:image:width\" content=\"600\" \/>\n\t<meta property=\"og:image:height\" content=\"600\" \/>\n\t<meta property=\"og:image:type\" content=\"image\/png\" \/>\n<meta name=\"twitter:card\" content=\"summary_large_image\" \/>\n<meta name=\"twitter:label1\" content=\"Dur\u00e9e de lecture estim\u00e9e\" \/>\n\t<meta name=\"twitter:data1\" content=\"1 minute\" \/>\n<script type=\"application\/ld+json\" class=\"yoast-schema-graph\">{\"@context\":\"https:\\\/\\\/schema.org\",\"@graph\":[{\"@type\":\"WebPage\",\"@id\":\"https:\\\/\\\/districos.standingout.be\\\/fr\\\/product\\\/unguisan-blue-light-gel-composite-dur-4-g-ref-5122-45\\\/\",\"url\":\"https:\\\/\\\/districos.standingout.be\\\/fr\\\/product\\\/unguisan-blue-light-gel-composite-dur-4-g-ref-5122-45\\\/\",\"name\":\"Unguisan Blue Light Gel Composite Dur 4 g - Districos Webshop\",\"isPartOf\":{\"@id\":\"https:\\\/\\\/districos.standingout.be\\\/fr\\\/#website\"},\"primaryImageOfPage\":{\"@id\":\"https:\\\/\\\/districos.standingout.be\\\/fr\\\/product\\\/unguisan-blue-light-gel-composite-dur-4-g-ref-5122-45\\\/#primaryimage\"},\"image\":{\"@id\":\"https:\\\/\\\/districos.standingout.be\\\/fr\\\/product\\\/unguisan-blue-light-gel-composite-dur-4-g-ref-5122-45\\\/#primaryimage\"},\"thumbnailUrl\":\"https:\\\/\\\/districos.standingout.be\\\/wp-content\\\/uploads\\\/2026\\\/04\\\/5122.45@Unguisan-Blue-Light-harde-composiet_1-3.png\",\"datePublished\":\"2026-04-28T00:45:36+00:00\",\"dateModified\":\"2026-04-28T00:45:38+00:00\",\"breadcrumb\":{\"@id\":\"https:\\\/\\\/districos.standingout.be\\\/fr\\\/product\\\/unguisan-blue-light-gel-composite-dur-4-g-ref-5122-45\\\/#breadcrumb\"},\"inLanguage\":\"fr-FR\",\"potentialAction\":[{\"@type\":\"ReadAction\",\"target\":[\"https:\\\/\\\/districos.standingout.be\\\/fr\\\/product\\\/unguisan-blue-light-gel-composite-dur-4-g-ref-5122-45\\\/\"]}]},{\"@type\":\"ImageObject\",\"inLanguage\":\"fr-FR\",\"@id\":\"https:\\\/\\\/districos.standingout.be\\\/fr\\\/product\\\/unguisan-blue-light-gel-composite-dur-4-g-ref-5122-45\\\/#primaryimage\",\"url\":\"https:\\\/\\\/districos.standingout.be\\\/wp-content\\\/uploads\\\/2026\\\/04\\\/5122.45@Unguisan-Blue-Light-harde-composiet_1-3.png\",\"contentUrl\":\"https:\\\/\\\/districos.standingout.be\\\/wp-content\\\/uploads\\\/2026\\\/04\\\/5122.45@Unguisan-Blue-Light-harde-composiet_1-3.png\",\"width\":600,\"height\":600},{\"@type\":\"BreadcrumbList\",\"@id\":\"https:\\\/\\\/districos.standingout.be\\\/fr\\\/product\\\/unguisan-blue-light-gel-composite-dur-4-g-ref-5122-45\\\/#breadcrumb\",\"itemListElement\":[{\"@type\":\"ListItem\",\"position\":1,\"name\":\"Home\",\"item\":\"https:\\\/\\\/districos.standingout.be\\\/fr\\\/bienvenue-chez-districos\\\/\"},{\"@type\":\"ListItem\",\"position\":2,\"name\":\"Boutique\",\"item\":\"https:\\\/\\\/districos.standingout.be\\\/fr\\\/boutique\\\/\"},{\"@type\":\"ListItem\",\"position\":3,\"name\":\"Unguisan Blue Light Gel Composite Dur 4 g\"}]},{\"@type\":\"WebSite\",\"@id\":\"https:\\\/\\\/districos.standingout.be\\\/fr\\\/#website\",\"url\":\"https:\\\/\\\/districos.standingout.be\\\/fr\\\/\",\"name\":\"Districos Webshop\",\"description\":\"\",\"publisher\":{\"@id\":\"https:\\\/\\\/districos.standingout.be\\\/fr\\\/#organization\"},\"potentialAction\":[{\"@type\":\"SearchAction\",\"target\":{\"@type\":\"EntryPoint\",\"urlTemplate\":\"https:\\\/\\\/districos.standingout.be\\\/fr\\\/?s={search_term_string}\"},\"query-input\":{\"@type\":\"PropertyValueSpecification\",\"valueRequired\":true,\"valueName\":\"search_term_string\"}}],\"inLanguage\":\"fr-FR\"},{\"@type\":\"Organization\",\"@id\":\"https:\\\/\\\/districos.standingout.be\\\/fr\\\/#organization\",\"name\":\"Districos Webshop\",\"url\":\"https:\\\/\\\/districos.standingout.be\\\/fr\\\/\",\"logo\":{\"@type\":\"ImageObject\",\"inLanguage\":\"fr-FR\",\"@id\":\"https:\\\/\\\/districos.standingout.be\\\/fr\\\/#\\\/schema\\\/logo\\\/image\\\/\",\"url\":\"https:\\\/\\\/districos.standingout.be\\\/wp-content\\\/uploads\\\/2022\\\/09\\\/Districos_Logo_Webshop.svg\",\"contentUrl\":\"https:\\\/\\\/districos.standingout.be\\\/wp-content\\\/uploads\\\/2022\\\/09\\\/Districos_Logo_Webshop.svg\",\"caption\":\"Districos Webshop\"},\"image\":{\"@id\":\"https:\\\/\\\/districos.standingout.be\\\/fr\\\/#\\\/schema\\\/logo\\\/image\\\/\"}}]}<\/script>\n<!-- \/ Yoast SEO plugin. -->","yoast_head_json":{"title":"Unguisan Blue Light Gel Composite Dur 4 g - Districos Webshop","robots":{"index":"noindex","follow":"follow","max-snippet":"max-snippet:-1","max-image-preview":"max-image-preview:large","max-video-preview":"max-video-preview:-1"},"og_locale":"fr_FR","og_type":"article","og_title":"Unguisan Blue Light Gel Composite Dur 4 g - Districos Webshop","og_description":"Pour r\u00e9aliser la technique de correction passive des ongles sans risque. Cela s&rsquo;explique par le fait que de nombreux ongles \u00e0 involution pr\u00e9sentent moins de convexit\u00e9 sur le c\u00f4t\u00e9 proximal que sur le c\u00f4t\u00e9 distal de la plaque ungu\u00e9ale. Ce gel composite dur garantira que lorsque la plaque de l&rsquo;ongle poussera, l&rsquo;ongle conservera sa forme [&hellip;]","og_url":"https:\/\/districos.standingout.be\/fr\/product\/unguisan-blue-light-gel-composite-dur-4-g-ref-5122-45\/","og_site_name":"Districos Webshop","article_modified_time":"2026-04-28T00:45:38+00:00","og_image":[{"width":600,"height":600,"url":"https:\/\/districos.standingout.be\/wp-content\/uploads\/2026\/04\/5122.45@Unguisan-Blue-Light-harde-composiet_1-2.png","type":"image\/png"}],"twitter_card":"summary_large_image","twitter_misc":{"Dur\u00e9e de lecture estim\u00e9e":"1 minute"},"schema":{"@context":"https:\/\/schema.org","@graph":[{"@type":"WebPage","@id":"https:\/\/districos.standingout.be\/fr\/product\/unguisan-blue-light-gel-composite-dur-4-g-ref-5122-45\/","url":"https:\/\/districos.standingout.be\/fr\/product\/unguisan-blue-light-gel-composite-dur-4-g-ref-5122-45\/","name":"Unguisan Blue Light Gel Composite Dur 4 g - Districos Webshop","isPartOf":{"@id":"https:\/\/districos.standingout.be\/fr\/#website"},"primaryImageOfPage":{"@id":"https:\/\/districos.standingout.be\/fr\/product\/unguisan-blue-light-gel-composite-dur-4-g-ref-5122-45\/#primaryimage"},"image":{"@id":"https:\/\/districos.standingout.be\/fr\/product\/unguisan-blue-light-gel-composite-dur-4-g-ref-5122-45\/#primaryimage"},"thumbnailUrl":"https:\/\/districos.standingout.be\/wp-content\/uploads\/2026\/04\/5122.45@Unguisan-Blue-Light-harde-composiet_1-3.png","datePublished":"2026-04-28T00:45:36+00:00","dateModified":"2026-04-28T00:45:38+00:00","breadcrumb":{"@id":"https:\/\/districos.standingout.be\/fr\/product\/unguisan-blue-light-gel-composite-dur-4-g-ref-5122-45\/#breadcrumb"},"inLanguage":"fr-FR","potentialAction":[{"@type":"ReadAction","target":["https:\/\/districos.standingout.be\/fr\/product\/unguisan-blue-light-gel-composite-dur-4-g-ref-5122-45\/"]}]},{"@type":"ImageObject","inLanguage":"fr-FR","@id":"https:\/\/districos.standingout.be\/fr\/product\/unguisan-blue-light-gel-composite-dur-4-g-ref-5122-45\/#primaryimage","url":"https:\/\/districos.standingout.be\/wp-content\/uploads\/2026\/04\/5122.45@Unguisan-Blue-Light-harde-composiet_1-3.png","contentUrl":"https:\/\/districos.standingout.be\/wp-content\/uploads\/2026\/04\/5122.45@Unguisan-Blue-Light-harde-composiet_1-3.png","width":600,"height":600},{"@type":"BreadcrumbList","@id":"https:\/\/districos.standingout.be\/fr\/product\/unguisan-blue-light-gel-composite-dur-4-g-ref-5122-45\/#breadcrumb","itemListElement":[{"@type":"ListItem","position":1,"name":"Home","item":"https:\/\/districos.standingout.be\/fr\/bienvenue-chez-districos\/"},{"@type":"ListItem","position":2,"name":"Boutique","item":"https:\/\/districos.standingout.be\/fr\/boutique\/"},{"@type":"ListItem","position":3,"name":"Unguisan Blue Light Gel Composite Dur 4 g"}]},{"@type":"WebSite","@id":"https:\/\/districos.standingout.be\/fr\/#website","url":"https:\/\/districos.standingout.be\/fr\/","name":"Districos Webshop","description":"","publisher":{"@id":"https:\/\/districos.standingout.be\/fr\/#organization"},"potentialAction":[{"@type":"SearchAction","target":{"@type":"EntryPoint","urlTemplate":"https:\/\/districos.standingout.be\/fr\/?s={search_term_string}"},"query-input":{"@type":"PropertyValueSpecification","valueRequired":true,"valueName":"search_term_string"}}],"inLanguage":"fr-FR"},{"@type":"Organization","@id":"https:\/\/districos.standingout.be\/fr\/#organization","name":"Districos Webshop","url":"https:\/\/districos.standingout.be\/fr\/","logo":{"@type":"ImageObject","inLanguage":"fr-FR","@id":"https:\/\/districos.standingout.be\/fr\/#\/schema\/logo\/image\/","url":"https:\/\/districos.standingout.be\/wp-content\/uploads\/2022\/09\/Districos_Logo_Webshop.svg","contentUrl":"https:\/\/districos.standingout.be\/wp-content\/uploads\/2022\/09\/Districos_Logo_Webshop.svg","caption":"Districos Webshop"},"image":{"@id":"https:\/\/districos.standingout.be\/fr\/#\/schema\/logo\/image\/"}}]}},"_links":{"self":[{"href":"https:\/\/districos.standingout.be\/fr\/wp-json\/wp\/v2\/product\/134711","targetHints":{"allow":["GET"]}}],"collection":[{"href":"https:\/\/districos.standingout.be\/fr\/wp-json\/wp\/v2\/product"}],"about":[{"href":"https:\/\/districos.standingout.be\/fr\/wp-json\/wp\/v2\/types\/product"}],"replies":[{"embeddable":true,"href":"https:\/\/districos.standingout.be\/fr\/wp-json\/wp\/v2\/comments?post=134711"}],"wp:featuredmedia":[{"embeddable":true,"href":"https:\/\/districos.standingout.be\/fr\/wp-json\/wp\/v2\/media\/144366"}],"wp:attachment":[{"href":"https:\/\/districos.standingout.be\/fr\/wp-json\/wp\/v2\/media?parent=134711"}],"wp:term":[{"taxonomy":"product_brand","embeddable":true,"href":"https:\/\/districos.standingout.be\/fr\/wp-json\/wp\/v2\/product_brand?post=134711"},{"taxonomy":"product_cat","embeddable":true,"href":"https:\/\/districos.standingout.be\/fr\/wp-json\/wp\/v2\/product_cat?post=134711"},{"taxonomy":"product_tag","embeddable":true,"href":"https:\/\/districos.standingout.be\/fr\/wp-json\/wp\/v2\/product_tag?post=134711"}],"curies":[{"name":"wp","href":"https:\/\/api.w.org\/{rel}","templated":true}]}}