{"id":134717,"date":"2026-04-28T02:45:44","date_gmt":"2026-04-28T00:45:44","guid":{"rendered":"https:\/\/webshopdistricoscom.webhosting.be\/product\/podofix-spange-mini-8-pcs-ref-5122-50\/"},"modified":"2026-04-28T02:45:46","modified_gmt":"2026-04-28T00:45:46","slug":"podofix-spange-mini-8-pcs-ref-5122-50","status":"publish","type":"product","link":"https:\/\/districos.standingout.be\/fr\/product\/podofix-spange-mini-8-pcs-ref-5122-50\/","title":{"rendered":"Podofix Spange Mini 8 pcs."},"content":{"rendered":"<p >\n<\/p>\n<\/p>\n<\/p>\n<\/p>\n<p>La languette Podofix est destin\u00e9e \u00e0 presque tous les types d&rsquo;ongles incarn\u00e9s et est tr\u00e8s facile \u00e0 appliquer sur l&rsquo;ongle.<br \/><b>Caract\u00e9ristiques :<\/b><\/p>\n<ul>\n<li>Taille : mini (convient pour des ongles particuli\u00e8rement fins)<\/li>\n<li>Emballage : 8 pi\u00e8ces<\/li>\n<li>Application facile gr\u00e2ce \u00e0 sa m\u00e9thode innovante<\/li>\n<li>Soulagement imm\u00e9diat de la douleur et de l&rsquo;inconfort apr\u00e8s l&rsquo;application<\/li>\n<\/ul>\n<div><span><b>\u00c9galement disponible :&nbsp;<\/b><\/span><\/div>\n<div>\n<ul>\n<li><span>Podofix Spange Colle 7 g&nbsp;(<a href=\"https:\/\/webshop.districos.com\/ProductDetail\/5122.54\" target=\"_blank\" rel=\"noopener noreferrer nofollow\">r\u00e9f. 5122.54<\/a>)<\/span><\/li>\n<li><span>Podofix Spange Mini 8 pcs. (<a href=\"https:\/\/webshop.districos.com\/ProductDetail\/5122.50\" target=\"_blank\" rel=\"noopener noreferrer nofollow\">r\u00e9f. 5122.50<\/a>)<\/span><\/li>\n<li><span>Podofix Spange Small 8 pcs. (<a href=\"https:\/\/webshop.districos.com\/ProductDetail\/5122.50\" target=\"_blank\" rel=\"noopener noreferrer nofollow\">r\u00e9f. 5122.51<\/a>)<\/span><\/li>\n<li><span>Podofix Spange Medium 8 pcs. (<a href=\"https:\/\/webshop.districos.com\/ProductDetail\/5122.52\" target=\"_blank\" rel=\"noopener noreferrer nofollow\">r\u00e9f. 5122.52<\/a>)<\/span><\/li>\n<li><span>Podofix Spange Large 8 pcs. (<a href=\"https:\/\/webshop.districos.com\/ProductDetail\/5122.53\" target=\"_blank\" rel=\"noopener noreferrer nofollow\">r\u00e9f. 5122.53<\/a>)<\/span><\/li>\n<li><span>Podofix Dispositif de Serrage&nbsp;<\/span>(<a href=\"https:\/\/webshop.districos.com\/ProductDetail\/5122.56\"style=\"font-size: 13.3333px;\" target=\"_blank\" rel=\"noopener noreferrer nofollow\">r\u00e9f. 5122.56<\/a><span>)<\/span><\/li>\n<\/ul>\n<\/div>\n","protected":false},"excerpt":{"rendered":"<p>La languette Podofix est destin\u00e9e \u00e0 presque tous les types d&rsquo;ongles incarn\u00e9s et est tr\u00e8s facile \u00e0 appliquer sur l&rsquo;ongle.Caract\u00e9ristiques : Taille : mini (convient pour des ongles particuli\u00e8rement fins) Emballage : 8 pi\u00e8ces Application facile gr\u00e2ce \u00e0 sa m\u00e9thode innovante Soulagement imm\u00e9diat de la douleur et de l&rsquo;inconfort apr\u00e8s l&rsquo;application \u00c9galement disponible :&nbsp; Podofix [&hellip;]<\/p>\n","protected":false},"featured_media":144378,"comment_status":"open","ping_status":"closed","template":"","meta":{"_acf_changed":false},"product_brand":[10506],"product_cat":[10058,9948],"product_tag":[],"class_list":{"0":"post-134717","1":"product","2":"type-product","3":"status-publish","4":"has-post-thumbnail","6":"product_brand-podofix-fr","7":"product_cat-soins-des-pieds-podologie-soins-des-pieds-podologie-orthonyxie","8":"product_cat-beaute-pedicure-orthonyxie","10":"first","11":"instock","12":"taxable","13":"shipping-taxable","14":"product-type-simple"},"acf":[],"yoast_head":"<!-- This site is optimized with the Yoast SEO plugin v27.3 - https:\/\/yoast.com\/product\/yoast-seo-wordpress\/ -->\n<title>Podofix Spange Mini 8 pcs. - Districos Webshop<\/title>\n<meta name=\"robots\" content=\"noindex, follow, max-snippet:-1, max-image-preview:large, max-video-preview:-1\" \/>\n<meta property=\"og:locale\" content=\"fr_FR\" \/>\n<meta property=\"og:type\" content=\"article\" \/>\n<meta property=\"og:title\" content=\"Podofix Spange Mini 8 pcs. - Districos Webshop\" \/>\n<meta property=\"og:description\" content=\"La languette Podofix est destin\u00e9e \u00e0 presque tous les types d&rsquo;ongles incarn\u00e9s et est tr\u00e8s facile \u00e0 appliquer sur l&rsquo;ongle.Caract\u00e9ristiques : Taille : mini (convient pour des ongles particuli\u00e8rement fins) Emballage : 8 pi\u00e8ces Application facile gr\u00e2ce \u00e0 sa m\u00e9thode innovante Soulagement imm\u00e9diat de la douleur et de l&rsquo;inconfort apr\u00e8s l&rsquo;application \u00c9galement disponible :&nbsp; Podofix [&hellip;]\" \/>\n<meta property=\"og:url\" content=\"https:\/\/districos.standingout.be\/fr\/product\/podofix-spange-mini-8-pcs-ref-5122-50\/\" \/>\n<meta property=\"og:site_name\" content=\"Districos Webshop\" \/>\n<meta property=\"article:modified_time\" content=\"2026-04-28T00:45:46+00:00\" \/>\n<meta property=\"og:image\" content=\"https:\/\/districos.standingout.be\/wp-content\/uploads\/2026\/04\/5122.50@Podofix-Spange-Mini-8-st._1-2.png\" \/>\n\t<meta property=\"og:image:width\" content=\"600\" \/>\n\t<meta property=\"og:image:height\" content=\"600\" \/>\n\t<meta property=\"og:image:type\" content=\"image\/png\" \/>\n<meta name=\"twitter:card\" content=\"summary_large_image\" \/>\n<script type=\"application\/ld+json\" class=\"yoast-schema-graph\">{\"@context\":\"https:\\\/\\\/schema.org\",\"@graph\":[{\"@type\":\"WebPage\",\"@id\":\"https:\\\/\\\/districos.standingout.be\\\/fr\\\/product\\\/podofix-spange-mini-8-pcs-ref-5122-50\\\/\",\"url\":\"https:\\\/\\\/districos.standingout.be\\\/fr\\\/product\\\/podofix-spange-mini-8-pcs-ref-5122-50\\\/\",\"name\":\"Podofix Spange Mini 8 pcs. - Districos Webshop\",\"isPartOf\":{\"@id\":\"https:\\\/\\\/districos.standingout.be\\\/fr\\\/#website\"},\"primaryImageOfPage\":{\"@id\":\"https:\\\/\\\/districos.standingout.be\\\/fr\\\/product\\\/podofix-spange-mini-8-pcs-ref-5122-50\\\/#primaryimage\"},\"image\":{\"@id\":\"https:\\\/\\\/districos.standingout.be\\\/fr\\\/product\\\/podofix-spange-mini-8-pcs-ref-5122-50\\\/#primaryimage\"},\"thumbnailUrl\":\"https:\\\/\\\/districos.standingout.be\\\/wp-content\\\/uploads\\\/2026\\\/04\\\/5122.50@Podofix-Spange-Mini-8-st._1-3.png\",\"datePublished\":\"2026-04-28T00:45:44+00:00\",\"dateModified\":\"2026-04-28T00:45:46+00:00\",\"breadcrumb\":{\"@id\":\"https:\\\/\\\/districos.standingout.be\\\/fr\\\/product\\\/podofix-spange-mini-8-pcs-ref-5122-50\\\/#breadcrumb\"},\"inLanguage\":\"fr-FR\",\"potentialAction\":[{\"@type\":\"ReadAction\",\"target\":[\"https:\\\/\\\/districos.standingout.be\\\/fr\\\/product\\\/podofix-spange-mini-8-pcs-ref-5122-50\\\/\"]}]},{\"@type\":\"ImageObject\",\"inLanguage\":\"fr-FR\",\"@id\":\"https:\\\/\\\/districos.standingout.be\\\/fr\\\/product\\\/podofix-spange-mini-8-pcs-ref-5122-50\\\/#primaryimage\",\"url\":\"https:\\\/\\\/districos.standingout.be\\\/wp-content\\\/uploads\\\/2026\\\/04\\\/5122.50@Podofix-Spange-Mini-8-st._1-3.png\",\"contentUrl\":\"https:\\\/\\\/districos.standingout.be\\\/wp-content\\\/uploads\\\/2026\\\/04\\\/5122.50@Podofix-Spange-Mini-8-st._1-3.png\",\"width\":600,\"height\":600},{\"@type\":\"BreadcrumbList\",\"@id\":\"https:\\\/\\\/districos.standingout.be\\\/fr\\\/product\\\/podofix-spange-mini-8-pcs-ref-5122-50\\\/#breadcrumb\",\"itemListElement\":[{\"@type\":\"ListItem\",\"position\":1,\"name\":\"Home\",\"item\":\"https:\\\/\\\/districos.standingout.be\\\/fr\\\/bienvenue-chez-districos\\\/\"},{\"@type\":\"ListItem\",\"position\":2,\"name\":\"Boutique\",\"item\":\"https:\\\/\\\/districos.standingout.be\\\/fr\\\/boutique\\\/\"},{\"@type\":\"ListItem\",\"position\":3,\"name\":\"Podofix Spange Mini 8 pcs.\"}]},{\"@type\":\"WebSite\",\"@id\":\"https:\\\/\\\/districos.standingout.be\\\/fr\\\/#website\",\"url\":\"https:\\\/\\\/districos.standingout.be\\\/fr\\\/\",\"name\":\"Districos Webshop\",\"description\":\"\",\"publisher\":{\"@id\":\"https:\\\/\\\/districos.standingout.be\\\/fr\\\/#organization\"},\"potentialAction\":[{\"@type\":\"SearchAction\",\"target\":{\"@type\":\"EntryPoint\",\"urlTemplate\":\"https:\\\/\\\/districos.standingout.be\\\/fr\\\/?s={search_term_string}\"},\"query-input\":{\"@type\":\"PropertyValueSpecification\",\"valueRequired\":true,\"valueName\":\"search_term_string\"}}],\"inLanguage\":\"fr-FR\"},{\"@type\":\"Organization\",\"@id\":\"https:\\\/\\\/districos.standingout.be\\\/fr\\\/#organization\",\"name\":\"Districos Webshop\",\"url\":\"https:\\\/\\\/districos.standingout.be\\\/fr\\\/\",\"logo\":{\"@type\":\"ImageObject\",\"inLanguage\":\"fr-FR\",\"@id\":\"https:\\\/\\\/districos.standingout.be\\\/fr\\\/#\\\/schema\\\/logo\\\/image\\\/\",\"url\":\"https:\\\/\\\/districos.standingout.be\\\/wp-content\\\/uploads\\\/2022\\\/09\\\/Districos_Logo_Webshop.svg\",\"contentUrl\":\"https:\\\/\\\/districos.standingout.be\\\/wp-content\\\/uploads\\\/2022\\\/09\\\/Districos_Logo_Webshop.svg\",\"caption\":\"Districos Webshop\"},\"image\":{\"@id\":\"https:\\\/\\\/districos.standingout.be\\\/fr\\\/#\\\/schema\\\/logo\\\/image\\\/\"}}]}<\/script>\n<!-- \/ Yoast SEO plugin. -->","yoast_head_json":{"title":"Podofix Spange Mini 8 pcs. - Districos Webshop","robots":{"index":"noindex","follow":"follow","max-snippet":"max-snippet:-1","max-image-preview":"max-image-preview:large","max-video-preview":"max-video-preview:-1"},"og_locale":"fr_FR","og_type":"article","og_title":"Podofix Spange Mini 8 pcs. - Districos Webshop","og_description":"La languette Podofix est destin\u00e9e \u00e0 presque tous les types d&rsquo;ongles incarn\u00e9s et est tr\u00e8s facile \u00e0 appliquer sur l&rsquo;ongle.Caract\u00e9ristiques : Taille : mini (convient pour des ongles particuli\u00e8rement fins) Emballage : 8 pi\u00e8ces Application facile gr\u00e2ce \u00e0 sa m\u00e9thode innovante Soulagement imm\u00e9diat de la douleur et de l&rsquo;inconfort apr\u00e8s l&rsquo;application \u00c9galement disponible :&nbsp; Podofix [&hellip;]","og_url":"https:\/\/districos.standingout.be\/fr\/product\/podofix-spange-mini-8-pcs-ref-5122-50\/","og_site_name":"Districos Webshop","article_modified_time":"2026-04-28T00:45:46+00:00","og_image":[{"width":600,"height":600,"url":"https:\/\/districos.standingout.be\/wp-content\/uploads\/2026\/04\/5122.50@Podofix-Spange-Mini-8-st._1-2.png","type":"image\/png"}],"twitter_card":"summary_large_image","schema":{"@context":"https:\/\/schema.org","@graph":[{"@type":"WebPage","@id":"https:\/\/districos.standingout.be\/fr\/product\/podofix-spange-mini-8-pcs-ref-5122-50\/","url":"https:\/\/districos.standingout.be\/fr\/product\/podofix-spange-mini-8-pcs-ref-5122-50\/","name":"Podofix Spange Mini 8 pcs. - Districos Webshop","isPartOf":{"@id":"https:\/\/districos.standingout.be\/fr\/#website"},"primaryImageOfPage":{"@id":"https:\/\/districos.standingout.be\/fr\/product\/podofix-spange-mini-8-pcs-ref-5122-50\/#primaryimage"},"image":{"@id":"https:\/\/districos.standingout.be\/fr\/product\/podofix-spange-mini-8-pcs-ref-5122-50\/#primaryimage"},"thumbnailUrl":"https:\/\/districos.standingout.be\/wp-content\/uploads\/2026\/04\/5122.50@Podofix-Spange-Mini-8-st._1-3.png","datePublished":"2026-04-28T00:45:44+00:00","dateModified":"2026-04-28T00:45:46+00:00","breadcrumb":{"@id":"https:\/\/districos.standingout.be\/fr\/product\/podofix-spange-mini-8-pcs-ref-5122-50\/#breadcrumb"},"inLanguage":"fr-FR","potentialAction":[{"@type":"ReadAction","target":["https:\/\/districos.standingout.be\/fr\/product\/podofix-spange-mini-8-pcs-ref-5122-50\/"]}]},{"@type":"ImageObject","inLanguage":"fr-FR","@id":"https:\/\/districos.standingout.be\/fr\/product\/podofix-spange-mini-8-pcs-ref-5122-50\/#primaryimage","url":"https:\/\/districos.standingout.be\/wp-content\/uploads\/2026\/04\/5122.50@Podofix-Spange-Mini-8-st._1-3.png","contentUrl":"https:\/\/districos.standingout.be\/wp-content\/uploads\/2026\/04\/5122.50@Podofix-Spange-Mini-8-st._1-3.png","width":600,"height":600},{"@type":"BreadcrumbList","@id":"https:\/\/districos.standingout.be\/fr\/product\/podofix-spange-mini-8-pcs-ref-5122-50\/#breadcrumb","itemListElement":[{"@type":"ListItem","position":1,"name":"Home","item":"https:\/\/districos.standingout.be\/fr\/bienvenue-chez-districos\/"},{"@type":"ListItem","position":2,"name":"Boutique","item":"https:\/\/districos.standingout.be\/fr\/boutique\/"},{"@type":"ListItem","position":3,"name":"Podofix Spange Mini 8 pcs."}]},{"@type":"WebSite","@id":"https:\/\/districos.standingout.be\/fr\/#website","url":"https:\/\/districos.standingout.be\/fr\/","name":"Districos Webshop","description":"","publisher":{"@id":"https:\/\/districos.standingout.be\/fr\/#organization"},"potentialAction":[{"@type":"SearchAction","target":{"@type":"EntryPoint","urlTemplate":"https:\/\/districos.standingout.be\/fr\/?s={search_term_string}"},"query-input":{"@type":"PropertyValueSpecification","valueRequired":true,"valueName":"search_term_string"}}],"inLanguage":"fr-FR"},{"@type":"Organization","@id":"https:\/\/districos.standingout.be\/fr\/#organization","name":"Districos Webshop","url":"https:\/\/districos.standingout.be\/fr\/","logo":{"@type":"ImageObject","inLanguage":"fr-FR","@id":"https:\/\/districos.standingout.be\/fr\/#\/schema\/logo\/image\/","url":"https:\/\/districos.standingout.be\/wp-content\/uploads\/2022\/09\/Districos_Logo_Webshop.svg","contentUrl":"https:\/\/districos.standingout.be\/wp-content\/uploads\/2022\/09\/Districos_Logo_Webshop.svg","caption":"Districos Webshop"},"image":{"@id":"https:\/\/districos.standingout.be\/fr\/#\/schema\/logo\/image\/"}}]}},"_links":{"self":[{"href":"https:\/\/districos.standingout.be\/fr\/wp-json\/wp\/v2\/product\/134717","targetHints":{"allow":["GET"]}}],"collection":[{"href":"https:\/\/districos.standingout.be\/fr\/wp-json\/wp\/v2\/product"}],"about":[{"href":"https:\/\/districos.standingout.be\/fr\/wp-json\/wp\/v2\/types\/product"}],"replies":[{"embeddable":true,"href":"https:\/\/districos.standingout.be\/fr\/wp-json\/wp\/v2\/comments?post=134717"}],"wp:featuredmedia":[{"embeddable":true,"href":"https:\/\/districos.standingout.be\/fr\/wp-json\/wp\/v2\/media\/144378"}],"wp:attachment":[{"href":"https:\/\/districos.standingout.be\/fr\/wp-json\/wp\/v2\/media?parent=134717"}],"wp:term":[{"taxonomy":"product_brand","embeddable":true,"href":"https:\/\/districos.standingout.be\/fr\/wp-json\/wp\/v2\/product_brand?post=134717"},{"taxonomy":"product_cat","embeddable":true,"href":"https:\/\/districos.standingout.be\/fr\/wp-json\/wp\/v2\/product_cat?post=134717"},{"taxonomy":"product_tag","embeddable":true,"href":"https:\/\/districos.standingout.be\/fr\/wp-json\/wp\/v2\/product_tag?post=134717"}],"curies":[{"name":"wp","href":"https:\/\/api.w.org\/{rel}","templated":true}]}}