{"id":134745,"date":"2026-04-28T02:46:18","date_gmt":"2026-04-28T00:46:18","guid":{"rendered":"https:\/\/webshopdistricoscom.webhosting.be\/product\/tape-dacupression-bleu-taille-m-120-pieces-ref-5122-809\/"},"modified":"2026-04-28T02:46:21","modified_gmt":"2026-04-28T00:46:21","slug":"tape-dacupression-bleu-taille-m-120-pieces-ref-5122-809","status":"publish","type":"product","link":"https:\/\/districos.standingout.be\/fr\/product\/tape-dacupression-bleu-taille-m-120-pieces-ref-5122-809\/","title":{"rendered":"Tape d\u2019acupression bleu \u2013 Taille M \u2013 120 pi\u00e8ces"},"content":{"rendered":"<p >\n<\/p>\n<p><b>Acupuncture Tape \u2013 aide pratique pour le traitement des points r\u00e9flexes et des points de pression<\/b><\/p>\n<p><\/p>\n<p>Acupuncture Tape est con\u00e7u pour une utilisation simple et cibl\u00e9e dans la pratique. Le ruban est dot\u00e9 d&rsquo;une <b>couche adh\u00e9sive acrylique m\u00e9dicale hypoallerg\u00e9nique et test\u00e9e dermatologiquement<\/b> qui assure une adh\u00e9rence fiable sur la peau. Gr\u00e2ce \u00e0 son mat\u00e9riau <b>respirant<\/b> et \u00e0 ses propri\u00e9t\u00e9s <b>r\u00e9sistantes \u00e0 l&rsquo;eau<\/b>, le ruban reste confortablement en place pendant plusieurs jours, m\u00eame en cas d&rsquo;activit\u00e9 physique quotidienne.<\/p>\n<p><\/p>\n<p>Ces rubans sont connus pour \u00eatre des outils rapides et faciles \u00e0 utiliser dans <b>diverses applications<\/b>. Dans le domaine des soins des pieds et des traitements compl\u00e9mentaires, ils sont r\u00e9guli\u00e8rement utilis\u00e9s pour traiter les <b>douleurs musculaires et articulaires, les zones surmen\u00e9es et les irritations cutan\u00e9es<\/b> locales, telles que les piq\u00fbres d&rsquo;insectes. Les bandes permettent de travailler de mani\u00e8re <b>non invasive<\/b> sur les <b>points d&rsquo;acupuncture et les zones r\u00e9flexes<\/b>, sans perforer la peau.<\/p>\n<p><\/p>\n<p>Le ruban adh\u00e9sif d&rsquo;acupuncture peut \u00eatre utilis\u00e9 seul ou <b>en combinaison avec le ruban adh\u00e9sif podologique<\/b>, par exemple pour apporter un soutien suppl\u00e9mentaire aux zones soumises \u00e0 des contraintes m\u00e9caniques. Lorsqu&rsquo;il est correctement appliqu\u00e9, le ruban adh\u00e9sif est agr\u00e9able au toucher et <b>facile \u00e0 retirer<\/b>.<\/p>\n<p><\/p>\n<p>Pour une adh\u00e9rence optimale, la peau doit \u00eatre propre, s\u00e8che et exempte de graisse avant l&rsquo;application. Si n\u00e9cessaire, \u00e9liminez les poils superflus.<\/p>\n<p><\/p>\n<p><b>Caract\u00e9ristiques du produit<\/b><\/p>\n<ul>\n<li>Adh\u00e9sif acrylique m\u00e9dical hypoallerg\u00e9nique<\/li>\n<li>Test\u00e9 dermatologiquement<\/li>\n<li>Forte adh\u00e9rence et confort de port prolong\u00e9<\/li>\n<li>Perm\u00e9able \u00e0 l&rsquo;air et \u00e0 l&rsquo;eau, r\u00e9sistant \u00e0 l&rsquo;eau<\/li>\n<li>Agr\u00e9able \u00e0 porter et \u00e0 retirer lorsqu&rsquo;il est utilis\u00e9 correctement<\/li>\n<\/ul>\n<p><\/p>\n<p><b>Contenu<\/b><\/p>\n<p>20 feuilles avec 2 \u00d7 3 Acupuncture Tape\u00ae medium (120 pi\u00e8ces)<\/p>\n<p><\/p>\n<p><b>\u00c9galement disponible<\/b><\/p>\n<p>20 feuilles de 3 \u00d7 3 Acupuncture-Tapes\u00ae <b>small <\/b>(180 pi\u00e8ces) (<a href=\"https:\/\/webshop.districos.com\/ProductDetail\/5122.806\" target=\"_blank\" rel=\"noopener noreferrer nofollow\">r\u00e9f. 5122.806<\/a>)<\/p>\n<p><\/p>\n<p>Acupuncture-Tape ne contient <b>aucun m\u00e9dicament ni substance active<\/b> et n&rsquo;a aucun effet th\u00e9rapeutique d\u00e9montr\u00e9.<\/p>\n","protected":false},"excerpt":{"rendered":"<p>Acupuncture Tape \u2013 aide pratique pour le traitement des points r\u00e9flexes et des points de pression Acupuncture Tape est con\u00e7u pour une utilisation simple et cibl\u00e9e dans la pratique. Le ruban est dot\u00e9 d&rsquo;une couche adh\u00e9sive acrylique m\u00e9dicale hypoallerg\u00e9nique et test\u00e9e dermatologiquement qui assure une adh\u00e9rence fiable sur la peau. Gr\u00e2ce \u00e0 son mat\u00e9riau respirant [&hellip;]<\/p>\n","protected":false},"featured_media":144432,"comment_status":"open","ping_status":"closed","template":"","meta":{"_acf_changed":false},"product_brand":[10496],"product_cat":[10000,9954],"product_tag":[],"class_list":{"0":"post-134745","1":"product","2":"type-product","3":"status-publish","4":"has-post-thumbnail","6":"product_brand-nora-fr","7":"product_cat-soins-des-pieds-podologie-soulagement-de-la-pression-bandes-adhesives","8":"product_cat-beaute-pedicure-soulagement-de-la-pression","10":"first","11":"instock","12":"taxable","13":"shipping-taxable","14":"product-type-simple"},"acf":[],"yoast_head":"<!-- This site is optimized with the Yoast SEO plugin v27.3 - https:\/\/yoast.com\/product\/yoast-seo-wordpress\/ -->\n<title>Tape d\u2019acupression bleu \u2013 Taille M \u2013 120 pi\u00e8ces - Districos Webshop<\/title>\n<meta name=\"robots\" content=\"noindex, follow, max-snippet:-1, max-image-preview:large, max-video-preview:-1\" \/>\n<meta property=\"og:locale\" content=\"fr_FR\" \/>\n<meta property=\"og:type\" content=\"article\" \/>\n<meta property=\"og:title\" content=\"Tape d\u2019acupression bleu \u2013 Taille M \u2013 120 pi\u00e8ces - Districos Webshop\" \/>\n<meta property=\"og:description\" content=\"Acupuncture Tape \u2013 aide pratique pour le traitement des points r\u00e9flexes et des points de pression Acupuncture Tape est con\u00e7u pour une utilisation simple et cibl\u00e9e dans la pratique. Le ruban est dot\u00e9 d&rsquo;une couche adh\u00e9sive acrylique m\u00e9dicale hypoallerg\u00e9nique et test\u00e9e dermatologiquement qui assure une adh\u00e9rence fiable sur la peau. Gr\u00e2ce \u00e0 son mat\u00e9riau respirant [&hellip;]\" \/>\n<meta property=\"og:url\" content=\"https:\/\/districos.standingout.be\/fr\/product\/tape-dacupression-bleu-taille-m-120-pieces-ref-5122-809\/\" \/>\n<meta property=\"og:site_name\" content=\"Districos Webshop\" \/>\n<meta property=\"article:modified_time\" content=\"2026-04-28T00:46:21+00:00\" \/>\n<meta property=\"og:image\" content=\"https:\/\/districos.standingout.be\/wp-content\/uploads\/2026\/04\/5122.809@Acupunctuurtape-Tape-Blauw-Maat-M-120st._1.png\" \/>\n\t<meta property=\"og:image:width\" content=\"600\" \/>\n\t<meta property=\"og:image:height\" content=\"600\" \/>\n\t<meta property=\"og:image:type\" content=\"image\/png\" \/>\n<meta name=\"twitter:card\" content=\"summary_large_image\" \/>\n<meta name=\"twitter:label1\" content=\"Dur\u00e9e de lecture estim\u00e9e\" \/>\n\t<meta name=\"twitter:data1\" content=\"2 minutes\" \/>\n<script type=\"application\/ld+json\" class=\"yoast-schema-graph\">{\"@context\":\"https:\\\/\\\/schema.org\",\"@graph\":[{\"@type\":\"WebPage\",\"@id\":\"https:\\\/\\\/districos.standingout.be\\\/fr\\\/product\\\/tape-dacupression-bleu-taille-m-120-pieces-ref-5122-809\\\/\",\"url\":\"https:\\\/\\\/districos.standingout.be\\\/fr\\\/product\\\/tape-dacupression-bleu-taille-m-120-pieces-ref-5122-809\\\/\",\"name\":\"Tape d\u2019acupression bleu \u2013 Taille M \u2013 120 pi\u00e8ces - Districos Webshop\",\"isPartOf\":{\"@id\":\"https:\\\/\\\/districos.standingout.be\\\/fr\\\/#website\"},\"primaryImageOfPage\":{\"@id\":\"https:\\\/\\\/districos.standingout.be\\\/fr\\\/product\\\/tape-dacupression-bleu-taille-m-120-pieces-ref-5122-809\\\/#primaryimage\"},\"image\":{\"@id\":\"https:\\\/\\\/districos.standingout.be\\\/fr\\\/product\\\/tape-dacupression-bleu-taille-m-120-pieces-ref-5122-809\\\/#primaryimage\"},\"thumbnailUrl\":\"https:\\\/\\\/districos.standingout.be\\\/wp-content\\\/uploads\\\/2026\\\/04\\\/5122.809@Acupunctuurtape-Tape-Blauw-Maat-M-120st._1-1.png\",\"datePublished\":\"2026-04-28T00:46:18+00:00\",\"dateModified\":\"2026-04-28T00:46:21+00:00\",\"breadcrumb\":{\"@id\":\"https:\\\/\\\/districos.standingout.be\\\/fr\\\/product\\\/tape-dacupression-bleu-taille-m-120-pieces-ref-5122-809\\\/#breadcrumb\"},\"inLanguage\":\"fr-FR\",\"potentialAction\":[{\"@type\":\"ReadAction\",\"target\":[\"https:\\\/\\\/districos.standingout.be\\\/fr\\\/product\\\/tape-dacupression-bleu-taille-m-120-pieces-ref-5122-809\\\/\"]}]},{\"@type\":\"ImageObject\",\"inLanguage\":\"fr-FR\",\"@id\":\"https:\\\/\\\/districos.standingout.be\\\/fr\\\/product\\\/tape-dacupression-bleu-taille-m-120-pieces-ref-5122-809\\\/#primaryimage\",\"url\":\"https:\\\/\\\/districos.standingout.be\\\/wp-content\\\/uploads\\\/2026\\\/04\\\/5122.809@Acupunctuurtape-Tape-Blauw-Maat-M-120st._1-1.png\",\"contentUrl\":\"https:\\\/\\\/districos.standingout.be\\\/wp-content\\\/uploads\\\/2026\\\/04\\\/5122.809@Acupunctuurtape-Tape-Blauw-Maat-M-120st._1-1.png\",\"width\":600,\"height\":600},{\"@type\":\"BreadcrumbList\",\"@id\":\"https:\\\/\\\/districos.standingout.be\\\/fr\\\/product\\\/tape-dacupression-bleu-taille-m-120-pieces-ref-5122-809\\\/#breadcrumb\",\"itemListElement\":[{\"@type\":\"ListItem\",\"position\":1,\"name\":\"Home\",\"item\":\"https:\\\/\\\/districos.standingout.be\\\/fr\\\/bienvenue-chez-districos\\\/\"},{\"@type\":\"ListItem\",\"position\":2,\"name\":\"Boutique\",\"item\":\"https:\\\/\\\/districos.standingout.be\\\/fr\\\/boutique\\\/\"},{\"@type\":\"ListItem\",\"position\":3,\"name\":\"Tape d\u2019acupression bleu \u2013 Taille M \u2013 120 pi\u00e8ces\"}]},{\"@type\":\"WebSite\",\"@id\":\"https:\\\/\\\/districos.standingout.be\\\/fr\\\/#website\",\"url\":\"https:\\\/\\\/districos.standingout.be\\\/fr\\\/\",\"name\":\"Districos Webshop\",\"description\":\"\",\"publisher\":{\"@id\":\"https:\\\/\\\/districos.standingout.be\\\/fr\\\/#organization\"},\"potentialAction\":[{\"@type\":\"SearchAction\",\"target\":{\"@type\":\"EntryPoint\",\"urlTemplate\":\"https:\\\/\\\/districos.standingout.be\\\/fr\\\/?s={search_term_string}\"},\"query-input\":{\"@type\":\"PropertyValueSpecification\",\"valueRequired\":true,\"valueName\":\"search_term_string\"}}],\"inLanguage\":\"fr-FR\"},{\"@type\":\"Organization\",\"@id\":\"https:\\\/\\\/districos.standingout.be\\\/fr\\\/#organization\",\"name\":\"Districos Webshop\",\"url\":\"https:\\\/\\\/districos.standingout.be\\\/fr\\\/\",\"logo\":{\"@type\":\"ImageObject\",\"inLanguage\":\"fr-FR\",\"@id\":\"https:\\\/\\\/districos.standingout.be\\\/fr\\\/#\\\/schema\\\/logo\\\/image\\\/\",\"url\":\"https:\\\/\\\/districos.standingout.be\\\/wp-content\\\/uploads\\\/2022\\\/09\\\/Districos_Logo_Webshop.svg\",\"contentUrl\":\"https:\\\/\\\/districos.standingout.be\\\/wp-content\\\/uploads\\\/2022\\\/09\\\/Districos_Logo_Webshop.svg\",\"caption\":\"Districos Webshop\"},\"image\":{\"@id\":\"https:\\\/\\\/districos.standingout.be\\\/fr\\\/#\\\/schema\\\/logo\\\/image\\\/\"}}]}<\/script>\n<!-- \/ Yoast SEO plugin. -->","yoast_head_json":{"title":"Tape d\u2019acupression bleu \u2013 Taille M \u2013 120 pi\u00e8ces - Districos Webshop","robots":{"index":"noindex","follow":"follow","max-snippet":"max-snippet:-1","max-image-preview":"max-image-preview:large","max-video-preview":"max-video-preview:-1"},"og_locale":"fr_FR","og_type":"article","og_title":"Tape d\u2019acupression bleu \u2013 Taille M \u2013 120 pi\u00e8ces - Districos Webshop","og_description":"Acupuncture Tape \u2013 aide pratique pour le traitement des points r\u00e9flexes et des points de pression Acupuncture Tape est con\u00e7u pour une utilisation simple et cibl\u00e9e dans la pratique. Le ruban est dot\u00e9 d&rsquo;une couche adh\u00e9sive acrylique m\u00e9dicale hypoallerg\u00e9nique et test\u00e9e dermatologiquement qui assure une adh\u00e9rence fiable sur la peau. Gr\u00e2ce \u00e0 son mat\u00e9riau respirant [&hellip;]","og_url":"https:\/\/districos.standingout.be\/fr\/product\/tape-dacupression-bleu-taille-m-120-pieces-ref-5122-809\/","og_site_name":"Districos Webshop","article_modified_time":"2026-04-28T00:46:21+00:00","og_image":[{"width":600,"height":600,"url":"https:\/\/districos.standingout.be\/wp-content\/uploads\/2026\/04\/5122.809@Acupunctuurtape-Tape-Blauw-Maat-M-120st._1.png","type":"image\/png"}],"twitter_card":"summary_large_image","twitter_misc":{"Dur\u00e9e de lecture estim\u00e9e":"2 minutes"},"schema":{"@context":"https:\/\/schema.org","@graph":[{"@type":"WebPage","@id":"https:\/\/districos.standingout.be\/fr\/product\/tape-dacupression-bleu-taille-m-120-pieces-ref-5122-809\/","url":"https:\/\/districos.standingout.be\/fr\/product\/tape-dacupression-bleu-taille-m-120-pieces-ref-5122-809\/","name":"Tape d\u2019acupression bleu \u2013 Taille M \u2013 120 pi\u00e8ces - Districos Webshop","isPartOf":{"@id":"https:\/\/districos.standingout.be\/fr\/#website"},"primaryImageOfPage":{"@id":"https:\/\/districos.standingout.be\/fr\/product\/tape-dacupression-bleu-taille-m-120-pieces-ref-5122-809\/#primaryimage"},"image":{"@id":"https:\/\/districos.standingout.be\/fr\/product\/tape-dacupression-bleu-taille-m-120-pieces-ref-5122-809\/#primaryimage"},"thumbnailUrl":"https:\/\/districos.standingout.be\/wp-content\/uploads\/2026\/04\/5122.809@Acupunctuurtape-Tape-Blauw-Maat-M-120st._1-1.png","datePublished":"2026-04-28T00:46:18+00:00","dateModified":"2026-04-28T00:46:21+00:00","breadcrumb":{"@id":"https:\/\/districos.standingout.be\/fr\/product\/tape-dacupression-bleu-taille-m-120-pieces-ref-5122-809\/#breadcrumb"},"inLanguage":"fr-FR","potentialAction":[{"@type":"ReadAction","target":["https:\/\/districos.standingout.be\/fr\/product\/tape-dacupression-bleu-taille-m-120-pieces-ref-5122-809\/"]}]},{"@type":"ImageObject","inLanguage":"fr-FR","@id":"https:\/\/districos.standingout.be\/fr\/product\/tape-dacupression-bleu-taille-m-120-pieces-ref-5122-809\/#primaryimage","url":"https:\/\/districos.standingout.be\/wp-content\/uploads\/2026\/04\/5122.809@Acupunctuurtape-Tape-Blauw-Maat-M-120st._1-1.png","contentUrl":"https:\/\/districos.standingout.be\/wp-content\/uploads\/2026\/04\/5122.809@Acupunctuurtape-Tape-Blauw-Maat-M-120st._1-1.png","width":600,"height":600},{"@type":"BreadcrumbList","@id":"https:\/\/districos.standingout.be\/fr\/product\/tape-dacupression-bleu-taille-m-120-pieces-ref-5122-809\/#breadcrumb","itemListElement":[{"@type":"ListItem","position":1,"name":"Home","item":"https:\/\/districos.standingout.be\/fr\/bienvenue-chez-districos\/"},{"@type":"ListItem","position":2,"name":"Boutique","item":"https:\/\/districos.standingout.be\/fr\/boutique\/"},{"@type":"ListItem","position":3,"name":"Tape d\u2019acupression bleu \u2013 Taille M \u2013 120 pi\u00e8ces"}]},{"@type":"WebSite","@id":"https:\/\/districos.standingout.be\/fr\/#website","url":"https:\/\/districos.standingout.be\/fr\/","name":"Districos Webshop","description":"","publisher":{"@id":"https:\/\/districos.standingout.be\/fr\/#organization"},"potentialAction":[{"@type":"SearchAction","target":{"@type":"EntryPoint","urlTemplate":"https:\/\/districos.standingout.be\/fr\/?s={search_term_string}"},"query-input":{"@type":"PropertyValueSpecification","valueRequired":true,"valueName":"search_term_string"}}],"inLanguage":"fr-FR"},{"@type":"Organization","@id":"https:\/\/districos.standingout.be\/fr\/#organization","name":"Districos Webshop","url":"https:\/\/districos.standingout.be\/fr\/","logo":{"@type":"ImageObject","inLanguage":"fr-FR","@id":"https:\/\/districos.standingout.be\/fr\/#\/schema\/logo\/image\/","url":"https:\/\/districos.standingout.be\/wp-content\/uploads\/2022\/09\/Districos_Logo_Webshop.svg","contentUrl":"https:\/\/districos.standingout.be\/wp-content\/uploads\/2022\/09\/Districos_Logo_Webshop.svg","caption":"Districos Webshop"},"image":{"@id":"https:\/\/districos.standingout.be\/fr\/#\/schema\/logo\/image\/"}}]}},"_links":{"self":[{"href":"https:\/\/districos.standingout.be\/fr\/wp-json\/wp\/v2\/product\/134745","targetHints":{"allow":["GET"]}}],"collection":[{"href":"https:\/\/districos.standingout.be\/fr\/wp-json\/wp\/v2\/product"}],"about":[{"href":"https:\/\/districos.standingout.be\/fr\/wp-json\/wp\/v2\/types\/product"}],"replies":[{"embeddable":true,"href":"https:\/\/districos.standingout.be\/fr\/wp-json\/wp\/v2\/comments?post=134745"}],"wp:featuredmedia":[{"embeddable":true,"href":"https:\/\/districos.standingout.be\/fr\/wp-json\/wp\/v2\/media\/144432"}],"wp:attachment":[{"href":"https:\/\/districos.standingout.be\/fr\/wp-json\/wp\/v2\/media?parent=134745"}],"wp:term":[{"taxonomy":"product_brand","embeddable":true,"href":"https:\/\/districos.standingout.be\/fr\/wp-json\/wp\/v2\/product_brand?post=134745"},{"taxonomy":"product_cat","embeddable":true,"href":"https:\/\/districos.standingout.be\/fr\/wp-json\/wp\/v2\/product_cat?post=134745"},{"taxonomy":"product_tag","embeddable":true,"href":"https:\/\/districos.standingout.be\/fr\/wp-json\/wp\/v2\/product_tag?post=134745"}],"curies":[{"name":"wp","href":"https:\/\/api.w.org\/{rel}","templated":true}]}}