{"id":134755,"date":"2026-04-28T02:50:50","date_gmt":"2026-04-28T00:50:50","guid":{"rendered":"https:\/\/webshopdistricoscom.webhosting.be\/product\/podinail-ramolissant-cuticules-et-callosites-5-l-ref-5124-121\/"},"modified":"2026-04-28T02:50:53","modified_gmt":"2026-04-28T00:50:53","slug":"podinail-ramolissant-cuticules-et-callosites-5-l-ref-5124-121","status":"publish","type":"product","link":"https:\/\/districos.standingout.be\/fr\/product\/podinail-ramolissant-cuticules-et-callosites-5-l-ref-5124-121\/","title":{"rendered":"Podinail Ramolissant Cuticules et Callosit\u00e9s 5 l"},"content":{"rendered":"<p >\n<\/p>\n<p dir=\"ltr\">Liquide \u00e0 effets rapides et puissants ramollissant les cuticules et les surfaces calleuses. Mettez des compresses de gaze Mesoft, imbib\u00e9es de Podinail, sur les surfaces calleuses afin de les ramollir. <\/p>\n<p> Produit incolore qui ne tache pas votre textile. <\/p>\n<p> Emballage : flacon de 250 ml<\/p>\n<p dir=\"ltr\"><\/p>\n<p data-start=\"76\" data-end=\"116\"><font size=\"1\"><strong data-start=\"76\" data-end=\"116\">ATTENTION \u2013 SUPPL\u00c9MENT POUR LIQUIDES<\/strong><\/font><\/p>\n<p dir=\"ltr\"><font size=\"1\"><\/font><\/p>\n<p data-start=\"118\" data-end=\"392\"><font size=\"1\">Pour les commandes livr\u00e9es contenant plus de&nbsp;<strong data-start=\"155\" data-end=\"180\">15 litres de liquides<\/strong>, un suppl\u00e9ment de&nbsp;<strong data-start=\"199\" data-end=\"245\">0,50 \u20ac (hors TVA) par litre suppl\u00e9mentaire<\/strong>&nbsp;sera appliqu\u00e9 au-del\u00e0 de ce volume.<br data-start=\"281\" data-end=\"284\"><\/font><\/p>\n<p data-start=\"76\" data-end=\"116\"><font size=\"1\"><\/font><\/p>\n<p dir=\"ltr\"><font size=\"1\">Ce suppl\u00e9ment couvre les co\u00fbts additionnels li\u00e9s \u00e0 l\u2019emballage, la manutention et le transport des liquides.&nbsp;&nbsp;<\/font><\/p>\n<p dir=\"ltr\"> <\/p><\/p>\n","protected":false},"excerpt":{"rendered":"<p>Liquide \u00e0 effets rapides et puissants ramollissant les cuticules et les surfaces calleuses. Mettez des compresses de gaze Mesoft, imbib\u00e9es de Podinail, sur les surfaces calleuses afin de les ramollir. Produit incolore qui ne tache pas votre textile. Emballage : flacon de 250 ml ATTENTION \u2013 SUPPL\u00c9MENT POUR LIQUIDES Pour les commandes livr\u00e9es contenant plus [&hellip;]<\/p>\n","protected":false},"featured_media":72397,"comment_status":"open","ping_status":"closed","template":"","meta":{"_acf_changed":false},"product_brand":[10530],"product_cat":[9946],"product_tag":[],"class_list":{"0":"post-134755","1":"product","2":"type-product","3":"status-publish","4":"has-post-thumbnail","6":"product_brand-reymerink-fr","7":"product_cat-beaute-pedicure-produits-de-soin","9":"first","10":"instock","11":"taxable","12":"shipping-taxable","13":"product-type-simple"},"acf":[],"yoast_head":"<!-- This site is optimized with the Yoast SEO plugin v27.3 - https:\/\/yoast.com\/product\/yoast-seo-wordpress\/ -->\n<title>Podinail Ramolissant Cuticules et Callosit\u00e9s 5 l - Districos Webshop<\/title>\n<meta name=\"robots\" content=\"noindex, follow, max-snippet:-1, max-image-preview:large, max-video-preview:-1\" \/>\n<meta property=\"og:locale\" content=\"fr_FR\" \/>\n<meta property=\"og:type\" content=\"article\" \/>\n<meta property=\"og:title\" content=\"Podinail Ramolissant Cuticules et Callosit\u00e9s 5 l - Districos Webshop\" \/>\n<meta property=\"og:description\" content=\"Liquide \u00e0 effets rapides et puissants ramollissant les cuticules et les surfaces calleuses. Mettez des compresses de gaze Mesoft, imbib\u00e9es de Podinail, sur les surfaces calleuses afin de les ramollir. Produit incolore qui ne tache pas votre textile. Emballage : flacon de 250 ml ATTENTION \u2013 SUPPL\u00c9MENT POUR LIQUIDES Pour les commandes livr\u00e9es contenant plus [&hellip;]\" \/>\n<meta property=\"og:url\" content=\"https:\/\/districos.standingout.be\/fr\/product\/podinail-ramolissant-cuticules-et-callosites-5-l-ref-5124-121\/\" \/>\n<meta property=\"og:site_name\" content=\"Districos Webshop\" \/>\n<meta property=\"article:modified_time\" content=\"2026-04-28T00:50:53+00:00\" \/>\n<meta property=\"og:image\" content=\"https:\/\/districos.standingout.be\/wp-content\/uploads\/2025\/07\/5124.121@LowRes_1_0.png\" \/>\n\t<meta property=\"og:image:width\" content=\"600\" \/>\n\t<meta property=\"og:image:height\" content=\"600\" \/>\n\t<meta property=\"og:image:type\" content=\"image\/png\" \/>\n<meta name=\"twitter:card\" content=\"summary_large_image\" \/>\n<script type=\"application\/ld+json\" class=\"yoast-schema-graph\">{\"@context\":\"https:\\\/\\\/schema.org\",\"@graph\":[{\"@type\":\"WebPage\",\"@id\":\"https:\\\/\\\/districos.standingout.be\\\/fr\\\/product\\\/podinail-ramolissant-cuticules-et-callosites-5-l-ref-5124-121\\\/\",\"url\":\"https:\\\/\\\/districos.standingout.be\\\/fr\\\/product\\\/podinail-ramolissant-cuticules-et-callosites-5-l-ref-5124-121\\\/\",\"name\":\"Podinail Ramolissant Cuticules et Callosit\u00e9s 5 l - Districos Webshop\",\"isPartOf\":{\"@id\":\"https:\\\/\\\/districos.standingout.be\\\/fr\\\/#website\"},\"primaryImageOfPage\":{\"@id\":\"https:\\\/\\\/districos.standingout.be\\\/fr\\\/product\\\/podinail-ramolissant-cuticules-et-callosites-5-l-ref-5124-121\\\/#primaryimage\"},\"image\":{\"@id\":\"https:\\\/\\\/districos.standingout.be\\\/fr\\\/product\\\/podinail-ramolissant-cuticules-et-callosites-5-l-ref-5124-121\\\/#primaryimage\"},\"thumbnailUrl\":\"https:\\\/\\\/districos.standingout.be\\\/wp-content\\\/uploads\\\/2025\\\/07\\\/5124.121@LowRes_1_0.png\",\"datePublished\":\"2026-04-28T00:50:50+00:00\",\"dateModified\":\"2026-04-28T00:50:53+00:00\",\"breadcrumb\":{\"@id\":\"https:\\\/\\\/districos.standingout.be\\\/fr\\\/product\\\/podinail-ramolissant-cuticules-et-callosites-5-l-ref-5124-121\\\/#breadcrumb\"},\"inLanguage\":\"fr-FR\",\"potentialAction\":[{\"@type\":\"ReadAction\",\"target\":[\"https:\\\/\\\/districos.standingout.be\\\/fr\\\/product\\\/podinail-ramolissant-cuticules-et-callosites-5-l-ref-5124-121\\\/\"]}]},{\"@type\":\"ImageObject\",\"inLanguage\":\"fr-FR\",\"@id\":\"https:\\\/\\\/districos.standingout.be\\\/fr\\\/product\\\/podinail-ramolissant-cuticules-et-callosites-5-l-ref-5124-121\\\/#primaryimage\",\"url\":\"https:\\\/\\\/districos.standingout.be\\\/wp-content\\\/uploads\\\/2025\\\/07\\\/5124.121@LowRes_1_0.png\",\"contentUrl\":\"https:\\\/\\\/districos.standingout.be\\\/wp-content\\\/uploads\\\/2025\\\/07\\\/5124.121@LowRes_1_0.png\",\"width\":600,\"height\":600},{\"@type\":\"BreadcrumbList\",\"@id\":\"https:\\\/\\\/districos.standingout.be\\\/fr\\\/product\\\/podinail-ramolissant-cuticules-et-callosites-5-l-ref-5124-121\\\/#breadcrumb\",\"itemListElement\":[{\"@type\":\"ListItem\",\"position\":1,\"name\":\"Home\",\"item\":\"https:\\\/\\\/districos.standingout.be\\\/fr\\\/bienvenue-chez-districos\\\/\"},{\"@type\":\"ListItem\",\"position\":2,\"name\":\"Boutique\",\"item\":\"https:\\\/\\\/districos.standingout.be\\\/fr\\\/boutique\\\/\"},{\"@type\":\"ListItem\",\"position\":3,\"name\":\"Podinail Ramolissant Cuticules et Callosit\u00e9s 5 l\"}]},{\"@type\":\"WebSite\",\"@id\":\"https:\\\/\\\/districos.standingout.be\\\/fr\\\/#website\",\"url\":\"https:\\\/\\\/districos.standingout.be\\\/fr\\\/\",\"name\":\"Districos Webshop\",\"description\":\"\",\"publisher\":{\"@id\":\"https:\\\/\\\/districos.standingout.be\\\/fr\\\/#organization\"},\"potentialAction\":[{\"@type\":\"SearchAction\",\"target\":{\"@type\":\"EntryPoint\",\"urlTemplate\":\"https:\\\/\\\/districos.standingout.be\\\/fr\\\/?s={search_term_string}\"},\"query-input\":{\"@type\":\"PropertyValueSpecification\",\"valueRequired\":true,\"valueName\":\"search_term_string\"}}],\"inLanguage\":\"fr-FR\"},{\"@type\":\"Organization\",\"@id\":\"https:\\\/\\\/districos.standingout.be\\\/fr\\\/#organization\",\"name\":\"Districos Webshop\",\"url\":\"https:\\\/\\\/districos.standingout.be\\\/fr\\\/\",\"logo\":{\"@type\":\"ImageObject\",\"inLanguage\":\"fr-FR\",\"@id\":\"https:\\\/\\\/districos.standingout.be\\\/fr\\\/#\\\/schema\\\/logo\\\/image\\\/\",\"url\":\"https:\\\/\\\/districos.standingout.be\\\/wp-content\\\/uploads\\\/2022\\\/09\\\/Districos_Logo_Webshop.svg\",\"contentUrl\":\"https:\\\/\\\/districos.standingout.be\\\/wp-content\\\/uploads\\\/2022\\\/09\\\/Districos_Logo_Webshop.svg\",\"caption\":\"Districos Webshop\"},\"image\":{\"@id\":\"https:\\\/\\\/districos.standingout.be\\\/fr\\\/#\\\/schema\\\/logo\\\/image\\\/\"}}]}<\/script>\n<!-- \/ Yoast SEO plugin. -->","yoast_head_json":{"title":"Podinail Ramolissant Cuticules et Callosit\u00e9s 5 l - Districos Webshop","robots":{"index":"noindex","follow":"follow","max-snippet":"max-snippet:-1","max-image-preview":"max-image-preview:large","max-video-preview":"max-video-preview:-1"},"og_locale":"fr_FR","og_type":"article","og_title":"Podinail Ramolissant Cuticules et Callosit\u00e9s 5 l - Districos Webshop","og_description":"Liquide \u00e0 effets rapides et puissants ramollissant les cuticules et les surfaces calleuses. Mettez des compresses de gaze Mesoft, imbib\u00e9es de Podinail, sur les surfaces calleuses afin de les ramollir. Produit incolore qui ne tache pas votre textile. Emballage : flacon de 250 ml ATTENTION \u2013 SUPPL\u00c9MENT POUR LIQUIDES Pour les commandes livr\u00e9es contenant plus [&hellip;]","og_url":"https:\/\/districos.standingout.be\/fr\/product\/podinail-ramolissant-cuticules-et-callosites-5-l-ref-5124-121\/","og_site_name":"Districos Webshop","article_modified_time":"2026-04-28T00:50:53+00:00","og_image":[{"width":600,"height":600,"url":"https:\/\/districos.standingout.be\/wp-content\/uploads\/2025\/07\/5124.121@LowRes_1_0.png","type":"image\/png"}],"twitter_card":"summary_large_image","schema":{"@context":"https:\/\/schema.org","@graph":[{"@type":"WebPage","@id":"https:\/\/districos.standingout.be\/fr\/product\/podinail-ramolissant-cuticules-et-callosites-5-l-ref-5124-121\/","url":"https:\/\/districos.standingout.be\/fr\/product\/podinail-ramolissant-cuticules-et-callosites-5-l-ref-5124-121\/","name":"Podinail Ramolissant Cuticules et Callosit\u00e9s 5 l - Districos Webshop","isPartOf":{"@id":"https:\/\/districos.standingout.be\/fr\/#website"},"primaryImageOfPage":{"@id":"https:\/\/districos.standingout.be\/fr\/product\/podinail-ramolissant-cuticules-et-callosites-5-l-ref-5124-121\/#primaryimage"},"image":{"@id":"https:\/\/districos.standingout.be\/fr\/product\/podinail-ramolissant-cuticules-et-callosites-5-l-ref-5124-121\/#primaryimage"},"thumbnailUrl":"https:\/\/districos.standingout.be\/wp-content\/uploads\/2025\/07\/5124.121@LowRes_1_0.png","datePublished":"2026-04-28T00:50:50+00:00","dateModified":"2026-04-28T00:50:53+00:00","breadcrumb":{"@id":"https:\/\/districos.standingout.be\/fr\/product\/podinail-ramolissant-cuticules-et-callosites-5-l-ref-5124-121\/#breadcrumb"},"inLanguage":"fr-FR","potentialAction":[{"@type":"ReadAction","target":["https:\/\/districos.standingout.be\/fr\/product\/podinail-ramolissant-cuticules-et-callosites-5-l-ref-5124-121\/"]}]},{"@type":"ImageObject","inLanguage":"fr-FR","@id":"https:\/\/districos.standingout.be\/fr\/product\/podinail-ramolissant-cuticules-et-callosites-5-l-ref-5124-121\/#primaryimage","url":"https:\/\/districos.standingout.be\/wp-content\/uploads\/2025\/07\/5124.121@LowRes_1_0.png","contentUrl":"https:\/\/districos.standingout.be\/wp-content\/uploads\/2025\/07\/5124.121@LowRes_1_0.png","width":600,"height":600},{"@type":"BreadcrumbList","@id":"https:\/\/districos.standingout.be\/fr\/product\/podinail-ramolissant-cuticules-et-callosites-5-l-ref-5124-121\/#breadcrumb","itemListElement":[{"@type":"ListItem","position":1,"name":"Home","item":"https:\/\/districos.standingout.be\/fr\/bienvenue-chez-districos\/"},{"@type":"ListItem","position":2,"name":"Boutique","item":"https:\/\/districos.standingout.be\/fr\/boutique\/"},{"@type":"ListItem","position":3,"name":"Podinail Ramolissant Cuticules et Callosit\u00e9s 5 l"}]},{"@type":"WebSite","@id":"https:\/\/districos.standingout.be\/fr\/#website","url":"https:\/\/districos.standingout.be\/fr\/","name":"Districos Webshop","description":"","publisher":{"@id":"https:\/\/districos.standingout.be\/fr\/#organization"},"potentialAction":[{"@type":"SearchAction","target":{"@type":"EntryPoint","urlTemplate":"https:\/\/districos.standingout.be\/fr\/?s={search_term_string}"},"query-input":{"@type":"PropertyValueSpecification","valueRequired":true,"valueName":"search_term_string"}}],"inLanguage":"fr-FR"},{"@type":"Organization","@id":"https:\/\/districos.standingout.be\/fr\/#organization","name":"Districos Webshop","url":"https:\/\/districos.standingout.be\/fr\/","logo":{"@type":"ImageObject","inLanguage":"fr-FR","@id":"https:\/\/districos.standingout.be\/fr\/#\/schema\/logo\/image\/","url":"https:\/\/districos.standingout.be\/wp-content\/uploads\/2022\/09\/Districos_Logo_Webshop.svg","contentUrl":"https:\/\/districos.standingout.be\/wp-content\/uploads\/2022\/09\/Districos_Logo_Webshop.svg","caption":"Districos Webshop"},"image":{"@id":"https:\/\/districos.standingout.be\/fr\/#\/schema\/logo\/image\/"}}]}},"_links":{"self":[{"href":"https:\/\/districos.standingout.be\/fr\/wp-json\/wp\/v2\/product\/134755","targetHints":{"allow":["GET"]}}],"collection":[{"href":"https:\/\/districos.standingout.be\/fr\/wp-json\/wp\/v2\/product"}],"about":[{"href":"https:\/\/districos.standingout.be\/fr\/wp-json\/wp\/v2\/types\/product"}],"replies":[{"embeddable":true,"href":"https:\/\/districos.standingout.be\/fr\/wp-json\/wp\/v2\/comments?post=134755"}],"wp:featuredmedia":[{"embeddable":true,"href":"https:\/\/districos.standingout.be\/fr\/wp-json\/wp\/v2\/media\/72397"}],"wp:attachment":[{"href":"https:\/\/districos.standingout.be\/fr\/wp-json\/wp\/v2\/media?parent=134755"}],"wp:term":[{"taxonomy":"product_brand","embeddable":true,"href":"https:\/\/districos.standingout.be\/fr\/wp-json\/wp\/v2\/product_brand?post=134755"},{"taxonomy":"product_cat","embeddable":true,"href":"https:\/\/districos.standingout.be\/fr\/wp-json\/wp\/v2\/product_cat?post=134755"},{"taxonomy":"product_tag","embeddable":true,"href":"https:\/\/districos.standingout.be\/fr\/wp-json\/wp\/v2\/product_tag?post=134755"}],"curies":[{"name":"wp","href":"https:\/\/api.w.org\/{rel}","templated":true}]}}