{"id":134763,"date":"2026-04-28T02:51:02","date_gmt":"2026-04-28T00:51:02","guid":{"rendered":"https:\/\/webshopdistricoscom.webhosting.be\/product\/by-la-nature-natural-callus-softener-emollient-callosite-1l-ref-5124-501\/"},"modified":"2026-04-28T02:51:05","modified_gmt":"2026-04-28T00:51:05","slug":"by-la-nature-natural-callus-softener-emollient-callosite-1l-ref-5124-501","status":"publish","type":"product","link":"https:\/\/districos.standingout.be\/fr\/product\/by-la-nature-natural-callus-softener-emollient-callosite-1l-ref-5124-501\/","title":{"rendered":"By La Nature Natural Callus-Softener \u00c9mollient Callosit\u00e9 1l"},"content":{"rendered":"<p >\n<\/p>\n<\/p>\n<\/p>\n<div><font size=\"4\"><b><font size=\"4\">Le choix naturel pour un adoucissement puissant des callosit\u00e9s<\/font><\/b><\/font><\/div>\n<div>\n<div>Vous recherchez une solution efficace, rapide et professionnelle pour \u00e9liminer les callosit\u00e9s, les cors et prendre soin de vos cuticules ?&nbsp;<span>D\u00e9couvrez By La Nature CALLUS-SOFTENER, le liquide puissant qui facilite vos soins.<\/span><\/div>\n<div><span><br \/><b>Pourquoi choisir ce ramollisseur de callosit\u00e9s ?<\/b><\/span><\/div>\n<\/div>\n<div>\n<div>\n<ul>\n<li><span>Agit en seulement 2 \u00e0 6 minutes.<\/span><\/li>\n<li><span>Tr\u00e8s puissant contre les callosit\u00e9s tenaces et les talons fissur\u00e9s.<\/span><\/li>\n<li><span>Convient \u00e9galement pour le traitement des cuticules et des cors.<\/span><\/li>\n<li><span>Ingr\u00e9dients actifs tels que l&rsquo;hydroxyde de sodium (k\u00e9ratolytique), la glyc\u00e9rine v\u00e9g\u00e9tale (hydratante) et l&rsquo;h\u00e9lichryse italienne (r\u00e9paratrice et apaisante).<\/span><\/li>\n<\/ul>\n<p><span><b>Facile \u00e0 utiliser :<\/b><\/span><\/div>\n<\/div>\n<div>\n<div>\n<ul>\n<li>Appliquez sur la zone \u00e0 traiter et laissez agir pendant 2 \u00e0 6 minutes. En cas de callosit\u00e9s tr\u00e8s \u00e9paisses, vous pouvez r\u00e9p\u00e9ter le traitement.<\/li>\n<li>Attention : utilisez toujours des gants et nettoyez soigneusement la peau apr\u00e8s utilisation. Ne pas appliquer sur une peau ab\u00eem\u00e9e ou irrit\u00e9e.<\/li>\n<li>Vous avez des questions ou souhaitez obtenir des conseils ? N&rsquo;h\u00e9sitez pas \u00e0 nous contacter. Nous nous ferons un plaisir de vous aider.<\/li>\n<\/ul>\n<p><b><span>Ingr\u00e9dients actifs :<\/span><br \/><\/b><\/p>\n<div>\n<ul>\n<li>Eau<\/li>\n<li>Hydroxyde de sodium : action k\u00e9ratolytique, nettoie la peau en profondeur.<\/li>\n<li>Glyc\u00e9rine v\u00e9g\u00e9tale : hydrate et adoucit la peau en attirant et retenant l\u2019eau.<\/li>\n<li>Elle aide \u00e0 maintenir une hydratation optimale.<\/li>\n<li>H\u00e9lichryse italienne (Immortelle) : huile essentielle pr\u00e9cieuse aux propri\u00e9t\u00e9s r\u00e9paratrices et apaisantes exceptionnelles.<\/li>\n<\/ul>\n<p><span>\u00c9galement disponible en conditionnement de 5 l (<\/span><a href=\"https:\/\/webshop.districos.com\/ProductDetail\/5124.502\"style=\"font-size: 10pt;\" target=\"_blank\" rel=\"noopener noreferrer nofollow\">r\u00e9f. 5124.502<\/a><span>)<\/span><\/div>\n<\/div>\n<\/div>\n","protected":false},"excerpt":{"rendered":"<p>Le choix naturel pour un adoucissement puissant des callosit\u00e9s Vous recherchez une solution efficace, rapide et professionnelle pour \u00e9liminer les callosit\u00e9s, les cors et prendre soin de vos cuticules ?&nbsp;D\u00e9couvrez By La Nature CALLUS-SOFTENER, le liquide puissant qui facilite vos soins. Pourquoi choisir ce ramollisseur de callosit\u00e9s ? Agit en seulement 2 \u00e0 6 minutes. [&hellip;]<\/p>\n","protected":false},"featured_media":144441,"comment_status":"open","ping_status":"closed","template":"","meta":{"_acf_changed":false},"product_brand":[10324],"product_cat":[9946],"product_tag":[],"class_list":{"0":"post-134763","1":"product","2":"type-product","3":"status-publish","4":"has-post-thumbnail","6":"product_brand-bylanature-fr","7":"product_cat-beaute-pedicure-produits-de-soin","9":"first","10":"instock","11":"taxable","12":"shipping-taxable","13":"product-type-simple"},"acf":[],"yoast_head":"<!-- This site is optimized with the Yoast SEO plugin v27.3 - https:\/\/yoast.com\/product\/yoast-seo-wordpress\/ -->\n<title>By La Nature Natural Callus-Softener \u00c9mollient Callosit\u00e9 1l - Districos Webshop<\/title>\n<meta name=\"robots\" content=\"noindex, follow, max-snippet:-1, max-image-preview:large, max-video-preview:-1\" \/>\n<meta property=\"og:locale\" content=\"fr_FR\" \/>\n<meta property=\"og:type\" content=\"article\" \/>\n<meta property=\"og:title\" content=\"By La Nature Natural Callus-Softener \u00c9mollient Callosit\u00e9 1l - Districos Webshop\" \/>\n<meta property=\"og:description\" content=\"Le choix naturel pour un adoucissement puissant des callosit\u00e9s Vous recherchez une solution efficace, rapide et professionnelle pour \u00e9liminer les callosit\u00e9s, les cors et prendre soin de vos cuticules ?&nbsp;D\u00e9couvrez By La Nature CALLUS-SOFTENER, le liquide puissant qui facilite vos soins. Pourquoi choisir ce ramollisseur de callosit\u00e9s ? Agit en seulement 2 \u00e0 6 minutes. [&hellip;]\" \/>\n<meta property=\"og:url\" content=\"https:\/\/districos.standingout.be\/fr\/product\/by-la-nature-natural-callus-softener-emollient-callosite-1l-ref-5124-501\/\" \/>\n<meta property=\"og:site_name\" content=\"Districos Webshop\" \/>\n<meta property=\"article:modified_time\" content=\"2026-04-28T00:51:05+00:00\" \/>\n<meta property=\"og:image\" content=\"https:\/\/districos.standingout.be\/wp-content\/uploads\/2026\/04\/5124.501@By-La-Nature-Pro-Eeltweker-Callus-Softener-1-l_1-2.png\" \/>\n\t<meta property=\"og:image:width\" content=\"600\" \/>\n\t<meta property=\"og:image:height\" content=\"600\" \/>\n\t<meta property=\"og:image:type\" content=\"image\/png\" \/>\n<meta name=\"twitter:card\" content=\"summary_large_image\" \/>\n<meta name=\"twitter:label1\" content=\"Dur\u00e9e de lecture estim\u00e9e\" \/>\n\t<meta name=\"twitter:data1\" content=\"1 minute\" \/>\n<script type=\"application\/ld+json\" class=\"yoast-schema-graph\">{\"@context\":\"https:\\\/\\\/schema.org\",\"@graph\":[{\"@type\":\"WebPage\",\"@id\":\"https:\\\/\\\/districos.standingout.be\\\/fr\\\/product\\\/by-la-nature-natural-callus-softener-emollient-callosite-1l-ref-5124-501\\\/\",\"url\":\"https:\\\/\\\/districos.standingout.be\\\/fr\\\/product\\\/by-la-nature-natural-callus-softener-emollient-callosite-1l-ref-5124-501\\\/\",\"name\":\"By La Nature Natural Callus-Softener \u00c9mollient Callosit\u00e9 1l - Districos Webshop\",\"isPartOf\":{\"@id\":\"https:\\\/\\\/districos.standingout.be\\\/fr\\\/#website\"},\"primaryImageOfPage\":{\"@id\":\"https:\\\/\\\/districos.standingout.be\\\/fr\\\/product\\\/by-la-nature-natural-callus-softener-emollient-callosite-1l-ref-5124-501\\\/#primaryimage\"},\"image\":{\"@id\":\"https:\\\/\\\/districos.standingout.be\\\/fr\\\/product\\\/by-la-nature-natural-callus-softener-emollient-callosite-1l-ref-5124-501\\\/#primaryimage\"},\"thumbnailUrl\":\"https:\\\/\\\/districos.standingout.be\\\/wp-content\\\/uploads\\\/2026\\\/04\\\/5124.501@By-La-Nature-Pro-Eeltweker-Callus-Softener-1-l_1-3.png\",\"datePublished\":\"2026-04-28T00:51:02+00:00\",\"dateModified\":\"2026-04-28T00:51:05+00:00\",\"breadcrumb\":{\"@id\":\"https:\\\/\\\/districos.standingout.be\\\/fr\\\/product\\\/by-la-nature-natural-callus-softener-emollient-callosite-1l-ref-5124-501\\\/#breadcrumb\"},\"inLanguage\":\"fr-FR\",\"potentialAction\":[{\"@type\":\"ReadAction\",\"target\":[\"https:\\\/\\\/districos.standingout.be\\\/fr\\\/product\\\/by-la-nature-natural-callus-softener-emollient-callosite-1l-ref-5124-501\\\/\"]}]},{\"@type\":\"ImageObject\",\"inLanguage\":\"fr-FR\",\"@id\":\"https:\\\/\\\/districos.standingout.be\\\/fr\\\/product\\\/by-la-nature-natural-callus-softener-emollient-callosite-1l-ref-5124-501\\\/#primaryimage\",\"url\":\"https:\\\/\\\/districos.standingout.be\\\/wp-content\\\/uploads\\\/2026\\\/04\\\/5124.501@By-La-Nature-Pro-Eeltweker-Callus-Softener-1-l_1-3.png\",\"contentUrl\":\"https:\\\/\\\/districos.standingout.be\\\/wp-content\\\/uploads\\\/2026\\\/04\\\/5124.501@By-La-Nature-Pro-Eeltweker-Callus-Softener-1-l_1-3.png\",\"width\":600,\"height\":600},{\"@type\":\"BreadcrumbList\",\"@id\":\"https:\\\/\\\/districos.standingout.be\\\/fr\\\/product\\\/by-la-nature-natural-callus-softener-emollient-callosite-1l-ref-5124-501\\\/#breadcrumb\",\"itemListElement\":[{\"@type\":\"ListItem\",\"position\":1,\"name\":\"Home\",\"item\":\"https:\\\/\\\/districos.standingout.be\\\/fr\\\/bienvenue-chez-districos\\\/\"},{\"@type\":\"ListItem\",\"position\":2,\"name\":\"Boutique\",\"item\":\"https:\\\/\\\/districos.standingout.be\\\/fr\\\/boutique\\\/\"},{\"@type\":\"ListItem\",\"position\":3,\"name\":\"By La Nature Natural Callus-Softener \u00c9mollient Callosit\u00e9 1l\"}]},{\"@type\":\"WebSite\",\"@id\":\"https:\\\/\\\/districos.standingout.be\\\/fr\\\/#website\",\"url\":\"https:\\\/\\\/districos.standingout.be\\\/fr\\\/\",\"name\":\"Districos Webshop\",\"description\":\"\",\"publisher\":{\"@id\":\"https:\\\/\\\/districos.standingout.be\\\/fr\\\/#organization\"},\"potentialAction\":[{\"@type\":\"SearchAction\",\"target\":{\"@type\":\"EntryPoint\",\"urlTemplate\":\"https:\\\/\\\/districos.standingout.be\\\/fr\\\/?s={search_term_string}\"},\"query-input\":{\"@type\":\"PropertyValueSpecification\",\"valueRequired\":true,\"valueName\":\"search_term_string\"}}],\"inLanguage\":\"fr-FR\"},{\"@type\":\"Organization\",\"@id\":\"https:\\\/\\\/districos.standingout.be\\\/fr\\\/#organization\",\"name\":\"Districos Webshop\",\"url\":\"https:\\\/\\\/districos.standingout.be\\\/fr\\\/\",\"logo\":{\"@type\":\"ImageObject\",\"inLanguage\":\"fr-FR\",\"@id\":\"https:\\\/\\\/districos.standingout.be\\\/fr\\\/#\\\/schema\\\/logo\\\/image\\\/\",\"url\":\"https:\\\/\\\/districos.standingout.be\\\/wp-content\\\/uploads\\\/2022\\\/09\\\/Districos_Logo_Webshop.svg\",\"contentUrl\":\"https:\\\/\\\/districos.standingout.be\\\/wp-content\\\/uploads\\\/2022\\\/09\\\/Districos_Logo_Webshop.svg\",\"caption\":\"Districos Webshop\"},\"image\":{\"@id\":\"https:\\\/\\\/districos.standingout.be\\\/fr\\\/#\\\/schema\\\/logo\\\/image\\\/\"}}]}<\/script>\n<!-- \/ Yoast SEO plugin. -->","yoast_head_json":{"title":"By La Nature Natural Callus-Softener \u00c9mollient Callosit\u00e9 1l - Districos Webshop","robots":{"index":"noindex","follow":"follow","max-snippet":"max-snippet:-1","max-image-preview":"max-image-preview:large","max-video-preview":"max-video-preview:-1"},"og_locale":"fr_FR","og_type":"article","og_title":"By La Nature Natural Callus-Softener \u00c9mollient Callosit\u00e9 1l - Districos Webshop","og_description":"Le choix naturel pour un adoucissement puissant des callosit\u00e9s Vous recherchez une solution efficace, rapide et professionnelle pour \u00e9liminer les callosit\u00e9s, les cors et prendre soin de vos cuticules ?&nbsp;D\u00e9couvrez By La Nature CALLUS-SOFTENER, le liquide puissant qui facilite vos soins. Pourquoi choisir ce ramollisseur de callosit\u00e9s ? Agit en seulement 2 \u00e0 6 minutes. [&hellip;]","og_url":"https:\/\/districos.standingout.be\/fr\/product\/by-la-nature-natural-callus-softener-emollient-callosite-1l-ref-5124-501\/","og_site_name":"Districos Webshop","article_modified_time":"2026-04-28T00:51:05+00:00","og_image":[{"width":600,"height":600,"url":"https:\/\/districos.standingout.be\/wp-content\/uploads\/2026\/04\/5124.501@By-La-Nature-Pro-Eeltweker-Callus-Softener-1-l_1-2.png","type":"image\/png"}],"twitter_card":"summary_large_image","twitter_misc":{"Dur\u00e9e de lecture estim\u00e9e":"1 minute"},"schema":{"@context":"https:\/\/schema.org","@graph":[{"@type":"WebPage","@id":"https:\/\/districos.standingout.be\/fr\/product\/by-la-nature-natural-callus-softener-emollient-callosite-1l-ref-5124-501\/","url":"https:\/\/districos.standingout.be\/fr\/product\/by-la-nature-natural-callus-softener-emollient-callosite-1l-ref-5124-501\/","name":"By La Nature Natural Callus-Softener \u00c9mollient Callosit\u00e9 1l - Districos Webshop","isPartOf":{"@id":"https:\/\/districos.standingout.be\/fr\/#website"},"primaryImageOfPage":{"@id":"https:\/\/districos.standingout.be\/fr\/product\/by-la-nature-natural-callus-softener-emollient-callosite-1l-ref-5124-501\/#primaryimage"},"image":{"@id":"https:\/\/districos.standingout.be\/fr\/product\/by-la-nature-natural-callus-softener-emollient-callosite-1l-ref-5124-501\/#primaryimage"},"thumbnailUrl":"https:\/\/districos.standingout.be\/wp-content\/uploads\/2026\/04\/5124.501@By-La-Nature-Pro-Eeltweker-Callus-Softener-1-l_1-3.png","datePublished":"2026-04-28T00:51:02+00:00","dateModified":"2026-04-28T00:51:05+00:00","breadcrumb":{"@id":"https:\/\/districos.standingout.be\/fr\/product\/by-la-nature-natural-callus-softener-emollient-callosite-1l-ref-5124-501\/#breadcrumb"},"inLanguage":"fr-FR","potentialAction":[{"@type":"ReadAction","target":["https:\/\/districos.standingout.be\/fr\/product\/by-la-nature-natural-callus-softener-emollient-callosite-1l-ref-5124-501\/"]}]},{"@type":"ImageObject","inLanguage":"fr-FR","@id":"https:\/\/districos.standingout.be\/fr\/product\/by-la-nature-natural-callus-softener-emollient-callosite-1l-ref-5124-501\/#primaryimage","url":"https:\/\/districos.standingout.be\/wp-content\/uploads\/2026\/04\/5124.501@By-La-Nature-Pro-Eeltweker-Callus-Softener-1-l_1-3.png","contentUrl":"https:\/\/districos.standingout.be\/wp-content\/uploads\/2026\/04\/5124.501@By-La-Nature-Pro-Eeltweker-Callus-Softener-1-l_1-3.png","width":600,"height":600},{"@type":"BreadcrumbList","@id":"https:\/\/districos.standingout.be\/fr\/product\/by-la-nature-natural-callus-softener-emollient-callosite-1l-ref-5124-501\/#breadcrumb","itemListElement":[{"@type":"ListItem","position":1,"name":"Home","item":"https:\/\/districos.standingout.be\/fr\/bienvenue-chez-districos\/"},{"@type":"ListItem","position":2,"name":"Boutique","item":"https:\/\/districos.standingout.be\/fr\/boutique\/"},{"@type":"ListItem","position":3,"name":"By La Nature Natural Callus-Softener \u00c9mollient Callosit\u00e9 1l"}]},{"@type":"WebSite","@id":"https:\/\/districos.standingout.be\/fr\/#website","url":"https:\/\/districos.standingout.be\/fr\/","name":"Districos Webshop","description":"","publisher":{"@id":"https:\/\/districos.standingout.be\/fr\/#organization"},"potentialAction":[{"@type":"SearchAction","target":{"@type":"EntryPoint","urlTemplate":"https:\/\/districos.standingout.be\/fr\/?s={search_term_string}"},"query-input":{"@type":"PropertyValueSpecification","valueRequired":true,"valueName":"search_term_string"}}],"inLanguage":"fr-FR"},{"@type":"Organization","@id":"https:\/\/districos.standingout.be\/fr\/#organization","name":"Districos Webshop","url":"https:\/\/districos.standingout.be\/fr\/","logo":{"@type":"ImageObject","inLanguage":"fr-FR","@id":"https:\/\/districos.standingout.be\/fr\/#\/schema\/logo\/image\/","url":"https:\/\/districos.standingout.be\/wp-content\/uploads\/2022\/09\/Districos_Logo_Webshop.svg","contentUrl":"https:\/\/districos.standingout.be\/wp-content\/uploads\/2022\/09\/Districos_Logo_Webshop.svg","caption":"Districos Webshop"},"image":{"@id":"https:\/\/districos.standingout.be\/fr\/#\/schema\/logo\/image\/"}}]}},"_links":{"self":[{"href":"https:\/\/districos.standingout.be\/fr\/wp-json\/wp\/v2\/product\/134763","targetHints":{"allow":["GET"]}}],"collection":[{"href":"https:\/\/districos.standingout.be\/fr\/wp-json\/wp\/v2\/product"}],"about":[{"href":"https:\/\/districos.standingout.be\/fr\/wp-json\/wp\/v2\/types\/product"}],"replies":[{"embeddable":true,"href":"https:\/\/districos.standingout.be\/fr\/wp-json\/wp\/v2\/comments?post=134763"}],"wp:featuredmedia":[{"embeddable":true,"href":"https:\/\/districos.standingout.be\/fr\/wp-json\/wp\/v2\/media\/144441"}],"wp:attachment":[{"href":"https:\/\/districos.standingout.be\/fr\/wp-json\/wp\/v2\/media?parent=134763"}],"wp:term":[{"taxonomy":"product_brand","embeddable":true,"href":"https:\/\/districos.standingout.be\/fr\/wp-json\/wp\/v2\/product_brand?post=134763"},{"taxonomy":"product_cat","embeddable":true,"href":"https:\/\/districos.standingout.be\/fr\/wp-json\/wp\/v2\/product_cat?post=134763"},{"taxonomy":"product_tag","embeddable":true,"href":"https:\/\/districos.standingout.be\/fr\/wp-json\/wp\/v2\/product_tag?post=134763"}],"curies":[{"name":"wp","href":"https:\/\/api.w.org\/{rel}","templated":true}]}}