{"id":134769,"date":"2026-04-28T02:51:12","date_gmt":"2026-04-28T00:51:12","guid":{"rendered":"https:\/\/webshopdistricoscom.webhosting.be\/product\/herbitas-giulia-silicone-extra-douce-200-g-ref-5125-08\/"},"modified":"2026-04-28T02:51:14","modified_gmt":"2026-04-28T00:51:14","slug":"herbitas-giulia-silicone-extra-douce-200-g-ref-5125-08","status":"publish","type":"product","link":"https:\/\/districos.standingout.be\/fr\/product\/herbitas-giulia-silicone-extra-douce-200-g-ref-5125-08\/","title":{"rendered":"Herbitas Giulia Silicone Extra Douce 200 g"},"content":{"rendered":"<p >\n<p dir=ltr>Extra Doux &#8211; shore A 2-3 pour la fabrication d&rsquo;orth\u00e8ses tr\u00e8s douces et \u00e9lastiques afin de soulager la pression et la douleur. Facile \u00e0 manipuler et tr\u00e8s confortable \u00e0 porter. Id\u00e9al pour la fabrication d\u2019orth\u00e8ses passifs qui soulagent la douleur et pour les patients \u00e0 haute risque.<\/p>\n<p> <b>Mode d\u2019emploi : <\/b>M\u00e9langez avec un catalyseur compatible (liquide ou gel) la quantit\u00e9 n\u00e9cessaire et malaxez. Uniquement pour usage professionnel. <\/p><\/p>\n","protected":false},"excerpt":{"rendered":"<p>Extra Doux &#8211; shore A 2-3 pour la fabrication d&rsquo;orth\u00e8ses tr\u00e8s douces et \u00e9lastiques afin de soulager la pression et la douleur. Facile \u00e0 manipuler et tr\u00e8s confortable \u00e0 porter. Id\u00e9al pour la fabrication d\u2019orth\u00e8ses passifs qui soulagent la douleur et pour les patients \u00e0 haute risque. Mode d\u2019emploi : M\u00e9langez avec un catalyseur compatible [&hellip;]<\/p>\n","protected":false},"featured_media":72409,"comment_status":"open","ping_status":"closed","template":"","meta":{"_acf_changed":false},"product_brand":[10432],"product_cat":[9950,10062],"product_tag":[],"class_list":{"0":"post-134769","1":"product","2":"type-product","3":"status-publish","4":"has-post-thumbnail","6":"product_brand-herbitas-fr","7":"product_cat-beaute-pedicure-orthoplastie","8":"product_cat-soins-des-pieds-podologie-soins-des-pieds-podologie-orthoplastie","10":"first","11":"instock","12":"taxable","13":"shipping-taxable","14":"product-type-simple"},"acf":[],"yoast_head":"<!-- This site is optimized with the Yoast SEO plugin v27.3 - https:\/\/yoast.com\/product\/yoast-seo-wordpress\/ -->\n<title>Herbitas Giulia Silicone Extra Douce 200 g - Districos Webshop<\/title>\n<meta name=\"robots\" content=\"noindex, follow, max-snippet:-1, max-image-preview:large, max-video-preview:-1\" \/>\n<meta property=\"og:locale\" content=\"fr_FR\" \/>\n<meta property=\"og:type\" content=\"article\" \/>\n<meta property=\"og:title\" content=\"Herbitas Giulia Silicone Extra Douce 200 g - Districos Webshop\" \/>\n<meta property=\"og:description\" content=\"Extra Doux &#8211; shore A 2-3 pour la fabrication d&rsquo;orth\u00e8ses tr\u00e8s douces et \u00e9lastiques afin de soulager la pression et la douleur. Facile \u00e0 manipuler et tr\u00e8s confortable \u00e0 porter. Id\u00e9al pour la fabrication d\u2019orth\u00e8ses passifs qui soulagent la douleur et pour les patients \u00e0 haute risque. Mode d\u2019emploi : M\u00e9langez avec un catalyseur compatible [&hellip;]\" \/>\n<meta property=\"og:url\" content=\"https:\/\/districos.standingout.be\/fr\/product\/herbitas-giulia-silicone-extra-douce-200-g-ref-5125-08\/\" \/>\n<meta property=\"og:site_name\" content=\"Districos Webshop\" \/>\n<meta property=\"article:modified_time\" content=\"2026-04-28T00:51:14+00:00\" \/>\n<meta property=\"og:image\" content=\"https:\/\/districos.standingout.be\/wp-content\/uploads\/2025\/07\/5125.08@LowRes_0.png\" \/>\n\t<meta property=\"og:image:width\" content=\"600\" \/>\n\t<meta property=\"og:image:height\" content=\"600\" \/>\n\t<meta property=\"og:image:type\" content=\"image\/png\" \/>\n<meta name=\"twitter:card\" content=\"summary_large_image\" \/>\n<script type=\"application\/ld+json\" class=\"yoast-schema-graph\">{\"@context\":\"https:\\\/\\\/schema.org\",\"@graph\":[{\"@type\":\"WebPage\",\"@id\":\"https:\\\/\\\/districos.standingout.be\\\/fr\\\/product\\\/herbitas-giulia-silicone-extra-douce-200-g-ref-5125-08\\\/\",\"url\":\"https:\\\/\\\/districos.standingout.be\\\/fr\\\/product\\\/herbitas-giulia-silicone-extra-douce-200-g-ref-5125-08\\\/\",\"name\":\"Herbitas Giulia Silicone Extra Douce 200 g - Districos Webshop\",\"isPartOf\":{\"@id\":\"https:\\\/\\\/districos.standingout.be\\\/fr\\\/#website\"},\"primaryImageOfPage\":{\"@id\":\"https:\\\/\\\/districos.standingout.be\\\/fr\\\/product\\\/herbitas-giulia-silicone-extra-douce-200-g-ref-5125-08\\\/#primaryimage\"},\"image\":{\"@id\":\"https:\\\/\\\/districos.standingout.be\\\/fr\\\/product\\\/herbitas-giulia-silicone-extra-douce-200-g-ref-5125-08\\\/#primaryimage\"},\"thumbnailUrl\":\"https:\\\/\\\/districos.standingout.be\\\/wp-content\\\/uploads\\\/2025\\\/07\\\/5125.08@LowRes_0.png\",\"datePublished\":\"2026-04-28T00:51:12+00:00\",\"dateModified\":\"2026-04-28T00:51:14+00:00\",\"breadcrumb\":{\"@id\":\"https:\\\/\\\/districos.standingout.be\\\/fr\\\/product\\\/herbitas-giulia-silicone-extra-douce-200-g-ref-5125-08\\\/#breadcrumb\"},\"inLanguage\":\"fr-FR\",\"potentialAction\":[{\"@type\":\"ReadAction\",\"target\":[\"https:\\\/\\\/districos.standingout.be\\\/fr\\\/product\\\/herbitas-giulia-silicone-extra-douce-200-g-ref-5125-08\\\/\"]}]},{\"@type\":\"ImageObject\",\"inLanguage\":\"fr-FR\",\"@id\":\"https:\\\/\\\/districos.standingout.be\\\/fr\\\/product\\\/herbitas-giulia-silicone-extra-douce-200-g-ref-5125-08\\\/#primaryimage\",\"url\":\"https:\\\/\\\/districos.standingout.be\\\/wp-content\\\/uploads\\\/2025\\\/07\\\/5125.08@LowRes_0.png\",\"contentUrl\":\"https:\\\/\\\/districos.standingout.be\\\/wp-content\\\/uploads\\\/2025\\\/07\\\/5125.08@LowRes_0.png\",\"width\":600,\"height\":600},{\"@type\":\"BreadcrumbList\",\"@id\":\"https:\\\/\\\/districos.standingout.be\\\/fr\\\/product\\\/herbitas-giulia-silicone-extra-douce-200-g-ref-5125-08\\\/#breadcrumb\",\"itemListElement\":[{\"@type\":\"ListItem\",\"position\":1,\"name\":\"Home\",\"item\":\"https:\\\/\\\/districos.standingout.be\\\/fr\\\/bienvenue-chez-districos\\\/\"},{\"@type\":\"ListItem\",\"position\":2,\"name\":\"Boutique\",\"item\":\"https:\\\/\\\/districos.standingout.be\\\/fr\\\/boutique\\\/\"},{\"@type\":\"ListItem\",\"position\":3,\"name\":\"Herbitas Giulia Silicone Extra Douce 200 g\"}]},{\"@type\":\"WebSite\",\"@id\":\"https:\\\/\\\/districos.standingout.be\\\/fr\\\/#website\",\"url\":\"https:\\\/\\\/districos.standingout.be\\\/fr\\\/\",\"name\":\"Districos Webshop\",\"description\":\"\",\"publisher\":{\"@id\":\"https:\\\/\\\/districos.standingout.be\\\/fr\\\/#organization\"},\"potentialAction\":[{\"@type\":\"SearchAction\",\"target\":{\"@type\":\"EntryPoint\",\"urlTemplate\":\"https:\\\/\\\/districos.standingout.be\\\/fr\\\/?s={search_term_string}\"},\"query-input\":{\"@type\":\"PropertyValueSpecification\",\"valueRequired\":true,\"valueName\":\"search_term_string\"}}],\"inLanguage\":\"fr-FR\"},{\"@type\":\"Organization\",\"@id\":\"https:\\\/\\\/districos.standingout.be\\\/fr\\\/#organization\",\"name\":\"Districos Webshop\",\"url\":\"https:\\\/\\\/districos.standingout.be\\\/fr\\\/\",\"logo\":{\"@type\":\"ImageObject\",\"inLanguage\":\"fr-FR\",\"@id\":\"https:\\\/\\\/districos.standingout.be\\\/fr\\\/#\\\/schema\\\/logo\\\/image\\\/\",\"url\":\"https:\\\/\\\/districos.standingout.be\\\/wp-content\\\/uploads\\\/2022\\\/09\\\/Districos_Logo_Webshop.svg\",\"contentUrl\":\"https:\\\/\\\/districos.standingout.be\\\/wp-content\\\/uploads\\\/2022\\\/09\\\/Districos_Logo_Webshop.svg\",\"caption\":\"Districos Webshop\"},\"image\":{\"@id\":\"https:\\\/\\\/districos.standingout.be\\\/fr\\\/#\\\/schema\\\/logo\\\/image\\\/\"}}]}<\/script>\n<!-- \/ Yoast SEO plugin. -->","yoast_head_json":{"title":"Herbitas Giulia Silicone Extra Douce 200 g - Districos Webshop","robots":{"index":"noindex","follow":"follow","max-snippet":"max-snippet:-1","max-image-preview":"max-image-preview:large","max-video-preview":"max-video-preview:-1"},"og_locale":"fr_FR","og_type":"article","og_title":"Herbitas Giulia Silicone Extra Douce 200 g - Districos Webshop","og_description":"Extra Doux &#8211; shore A 2-3 pour la fabrication d&rsquo;orth\u00e8ses tr\u00e8s douces et \u00e9lastiques afin de soulager la pression et la douleur. Facile \u00e0 manipuler et tr\u00e8s confortable \u00e0 porter. Id\u00e9al pour la fabrication d\u2019orth\u00e8ses passifs qui soulagent la douleur et pour les patients \u00e0 haute risque. Mode d\u2019emploi : M\u00e9langez avec un catalyseur compatible [&hellip;]","og_url":"https:\/\/districos.standingout.be\/fr\/product\/herbitas-giulia-silicone-extra-douce-200-g-ref-5125-08\/","og_site_name":"Districos Webshop","article_modified_time":"2026-04-28T00:51:14+00:00","og_image":[{"width":600,"height":600,"url":"https:\/\/districos.standingout.be\/wp-content\/uploads\/2025\/07\/5125.08@LowRes_0.png","type":"image\/png"}],"twitter_card":"summary_large_image","schema":{"@context":"https:\/\/schema.org","@graph":[{"@type":"WebPage","@id":"https:\/\/districos.standingout.be\/fr\/product\/herbitas-giulia-silicone-extra-douce-200-g-ref-5125-08\/","url":"https:\/\/districos.standingout.be\/fr\/product\/herbitas-giulia-silicone-extra-douce-200-g-ref-5125-08\/","name":"Herbitas Giulia Silicone Extra Douce 200 g - Districos Webshop","isPartOf":{"@id":"https:\/\/districos.standingout.be\/fr\/#website"},"primaryImageOfPage":{"@id":"https:\/\/districos.standingout.be\/fr\/product\/herbitas-giulia-silicone-extra-douce-200-g-ref-5125-08\/#primaryimage"},"image":{"@id":"https:\/\/districos.standingout.be\/fr\/product\/herbitas-giulia-silicone-extra-douce-200-g-ref-5125-08\/#primaryimage"},"thumbnailUrl":"https:\/\/districos.standingout.be\/wp-content\/uploads\/2025\/07\/5125.08@LowRes_0.png","datePublished":"2026-04-28T00:51:12+00:00","dateModified":"2026-04-28T00:51:14+00:00","breadcrumb":{"@id":"https:\/\/districos.standingout.be\/fr\/product\/herbitas-giulia-silicone-extra-douce-200-g-ref-5125-08\/#breadcrumb"},"inLanguage":"fr-FR","potentialAction":[{"@type":"ReadAction","target":["https:\/\/districos.standingout.be\/fr\/product\/herbitas-giulia-silicone-extra-douce-200-g-ref-5125-08\/"]}]},{"@type":"ImageObject","inLanguage":"fr-FR","@id":"https:\/\/districos.standingout.be\/fr\/product\/herbitas-giulia-silicone-extra-douce-200-g-ref-5125-08\/#primaryimage","url":"https:\/\/districos.standingout.be\/wp-content\/uploads\/2025\/07\/5125.08@LowRes_0.png","contentUrl":"https:\/\/districos.standingout.be\/wp-content\/uploads\/2025\/07\/5125.08@LowRes_0.png","width":600,"height":600},{"@type":"BreadcrumbList","@id":"https:\/\/districos.standingout.be\/fr\/product\/herbitas-giulia-silicone-extra-douce-200-g-ref-5125-08\/#breadcrumb","itemListElement":[{"@type":"ListItem","position":1,"name":"Home","item":"https:\/\/districos.standingout.be\/fr\/bienvenue-chez-districos\/"},{"@type":"ListItem","position":2,"name":"Boutique","item":"https:\/\/districos.standingout.be\/fr\/boutique\/"},{"@type":"ListItem","position":3,"name":"Herbitas Giulia Silicone Extra Douce 200 g"}]},{"@type":"WebSite","@id":"https:\/\/districos.standingout.be\/fr\/#website","url":"https:\/\/districos.standingout.be\/fr\/","name":"Districos Webshop","description":"","publisher":{"@id":"https:\/\/districos.standingout.be\/fr\/#organization"},"potentialAction":[{"@type":"SearchAction","target":{"@type":"EntryPoint","urlTemplate":"https:\/\/districos.standingout.be\/fr\/?s={search_term_string}"},"query-input":{"@type":"PropertyValueSpecification","valueRequired":true,"valueName":"search_term_string"}}],"inLanguage":"fr-FR"},{"@type":"Organization","@id":"https:\/\/districos.standingout.be\/fr\/#organization","name":"Districos Webshop","url":"https:\/\/districos.standingout.be\/fr\/","logo":{"@type":"ImageObject","inLanguage":"fr-FR","@id":"https:\/\/districos.standingout.be\/fr\/#\/schema\/logo\/image\/","url":"https:\/\/districos.standingout.be\/wp-content\/uploads\/2022\/09\/Districos_Logo_Webshop.svg","contentUrl":"https:\/\/districos.standingout.be\/wp-content\/uploads\/2022\/09\/Districos_Logo_Webshop.svg","caption":"Districos Webshop"},"image":{"@id":"https:\/\/districos.standingout.be\/fr\/#\/schema\/logo\/image\/"}}]}},"_links":{"self":[{"href":"https:\/\/districos.standingout.be\/fr\/wp-json\/wp\/v2\/product\/134769","targetHints":{"allow":["GET"]}}],"collection":[{"href":"https:\/\/districos.standingout.be\/fr\/wp-json\/wp\/v2\/product"}],"about":[{"href":"https:\/\/districos.standingout.be\/fr\/wp-json\/wp\/v2\/types\/product"}],"replies":[{"embeddable":true,"href":"https:\/\/districos.standingout.be\/fr\/wp-json\/wp\/v2\/comments?post=134769"}],"wp:featuredmedia":[{"embeddable":true,"href":"https:\/\/districos.standingout.be\/fr\/wp-json\/wp\/v2\/media\/72409"}],"wp:attachment":[{"href":"https:\/\/districos.standingout.be\/fr\/wp-json\/wp\/v2\/media?parent=134769"}],"wp:term":[{"taxonomy":"product_brand","embeddable":true,"href":"https:\/\/districos.standingout.be\/fr\/wp-json\/wp\/v2\/product_brand?post=134769"},{"taxonomy":"product_cat","embeddable":true,"href":"https:\/\/districos.standingout.be\/fr\/wp-json\/wp\/v2\/product_cat?post=134769"},{"taxonomy":"product_tag","embeddable":true,"href":"https:\/\/districos.standingout.be\/fr\/wp-json\/wp\/v2\/product_tag?post=134769"}],"curies":[{"name":"wp","href":"https:\/\/api.w.org\/{rel}","templated":true}]}}