{"id":134783,"date":"2026-04-28T02:51:35","date_gmt":"2026-04-28T00:51:35","guid":{"rendered":"https:\/\/webshopdistricoscom.webhosting.be\/product\/herbitas-serie-master-silicone-dure-200-g-ref-5125-17\/"},"modified":"2026-04-28T02:51:38","modified_gmt":"2026-04-28T00:51:38","slug":"herbitas-serie-master-silicone-dure-200-g-ref-5125-17","status":"publish","type":"product","link":"https:\/\/districos.standingout.be\/fr\/product\/herbitas-serie-master-silicone-dure-200-g-ref-5125-17\/","title":{"rendered":"Herbitas Serie Master Silicone Dure 200 g"},"content":{"rendered":"<p >\n<p dir=ltr><b>Une orth\u00e8se a plusieurs buts :&nbsp;<\/b> <\/p>\n<ul> <\/p>\n<li>Soulagement, protection et\/ou pr\u00e9vention d&rsquo;un probl\u00e8me l\u00e0 o\u00f9 la correction n&rsquo;est plus possible<\/li>\n<p> <\/p>\n<li>Une correction simple, en cas d&rsquo;orteils en marteau ou en griffe, par exemple, afin d&rsquo;\u00e9viter l&rsquo;aggravation d&rsquo;une d\u00e9formation<\/li>\n<p> <\/p>\n<li>Une correction dans la position originelle des orteils<\/li>\n<p> <\/ul>\n<p> Pour un soulagement de la pression et une protection, optez pou un silicone doux et souple qui ne se d\u00e9forme et ne durcit pas. Pour la r\u00e9gulation d&rsquo;une d\u00e9formation des orteils, utilisez un silicone l\u00e9g\u00e8rement plus solide et plus rigide (s&rsquo;il n&rsquo;y a pas de d\u00e9formation du pied compliqu\u00e9e ou de contre-indications).<\/p>\n<p> Les&nbsp;<b>diff\u00e9rentes sortes de silicone<\/b>&nbsp;peuvent \u00eatre m\u00e9lang\u00e9es afin d&rsquo;obtenir des duret\u00e9s interm\u00e9diaires. Choix parmi :&nbsp; <\/p>\n<ul> <\/p>\n<li><b>Blanda Blanda<\/b>&nbsp;(<b>Doux<\/b>&nbsp;&#8211; shore A +\/-4) pour la fabrication d&rsquo;orth\u00e8ses tr\u00e8s douces et \u00e9lastiques afin de soulager la pression et la douleur<\/li>\n<p> <\/p>\n<li><b>Podiabland<\/b>&nbsp;(<b>Moyen<\/b>&nbsp;&#8211; shore A 12 &#8211; 15) pour la fabrication d&rsquo;orth\u00e8ses palliatives (soulage la pression et la douleur) et semi-correctives<\/li>\n<p> <\/p>\n<li><b>Serie Master<\/b>&nbsp;(<b>Dur<\/b>&nbsp;&#8211; shore A 25 &#8211; 26) pour la fabrication d&rsquo;orth\u00e8ses correctives et positionnelles<\/li>\n<p> <\/ul>\n<p> <\/p>\n<ol> <\/ol>\n<p> Emballage : 200 g (aussi disponible en 500 g)<\/p><\/p>\n","protected":false},"excerpt":{"rendered":"<p>Une orth\u00e8se a plusieurs buts :&nbsp; Soulagement, protection et\/ou pr\u00e9vention d&rsquo;un probl\u00e8me l\u00e0 o\u00f9 la correction n&rsquo;est plus possible Une correction simple, en cas d&rsquo;orteils en marteau ou en griffe, par exemple, afin d&rsquo;\u00e9viter l&rsquo;aggravation d&rsquo;une d\u00e9formation Une correction dans la position originelle des orteils Pour un soulagement de la pression et une protection, optez [&hellip;]<\/p>\n","protected":false},"featured_media":72433,"comment_status":"open","ping_status":"closed","template":"","meta":{"_acf_changed":false},"product_brand":[10432],"product_cat":[9950,10062],"product_tag":[],"class_list":{"0":"post-134783","1":"product","2":"type-product","3":"status-publish","4":"has-post-thumbnail","6":"product_brand-herbitas-fr","7":"product_cat-beaute-pedicure-orthoplastie","8":"product_cat-soins-des-pieds-podologie-soins-des-pieds-podologie-orthoplastie","10":"first","11":"instock","12":"taxable","13":"shipping-taxable","14":"product-type-simple"},"acf":[],"yoast_head":"<!-- This site is optimized with the Yoast SEO plugin v27.3 - https:\/\/yoast.com\/product\/yoast-seo-wordpress\/ -->\n<title>Herbitas Serie Master Silicone Dure 200 g - Districos Webshop<\/title>\n<meta name=\"robots\" content=\"noindex, follow, max-snippet:-1, max-image-preview:large, max-video-preview:-1\" \/>\n<meta property=\"og:locale\" content=\"fr_FR\" \/>\n<meta property=\"og:type\" content=\"article\" \/>\n<meta property=\"og:title\" content=\"Herbitas Serie Master Silicone Dure 200 g - Districos Webshop\" \/>\n<meta property=\"og:description\" content=\"Une orth\u00e8se a plusieurs buts :&nbsp; Soulagement, protection et\/ou pr\u00e9vention d&rsquo;un probl\u00e8me l\u00e0 o\u00f9 la correction n&rsquo;est plus possible Une correction simple, en cas d&rsquo;orteils en marteau ou en griffe, par exemple, afin d&rsquo;\u00e9viter l&rsquo;aggravation d&rsquo;une d\u00e9formation Une correction dans la position originelle des orteils Pour un soulagement de la pression et une protection, optez [&hellip;]\" \/>\n<meta property=\"og:url\" content=\"https:\/\/districos.standingout.be\/fr\/product\/herbitas-serie-master-silicone-dure-200-g-ref-5125-17\/\" \/>\n<meta property=\"og:site_name\" content=\"Districos Webshop\" \/>\n<meta property=\"article:modified_time\" content=\"2026-04-28T00:51:38+00:00\" \/>\n<meta property=\"og:image\" content=\"https:\/\/districos.standingout.be\/wp-content\/uploads\/2025\/07\/5125.17@LowRes_0.png\" \/>\n\t<meta property=\"og:image:width\" content=\"600\" \/>\n\t<meta property=\"og:image:height\" content=\"600\" \/>\n\t<meta property=\"og:image:type\" content=\"image\/png\" \/>\n<meta name=\"twitter:card\" content=\"summary_large_image\" \/>\n<meta name=\"twitter:label1\" content=\"Dur\u00e9e de lecture estim\u00e9e\" \/>\n\t<meta name=\"twitter:data1\" content=\"1 minute\" \/>\n<script type=\"application\/ld+json\" class=\"yoast-schema-graph\">{\"@context\":\"https:\\\/\\\/schema.org\",\"@graph\":[{\"@type\":\"WebPage\",\"@id\":\"https:\\\/\\\/districos.standingout.be\\\/fr\\\/product\\\/herbitas-serie-master-silicone-dure-200-g-ref-5125-17\\\/\",\"url\":\"https:\\\/\\\/districos.standingout.be\\\/fr\\\/product\\\/herbitas-serie-master-silicone-dure-200-g-ref-5125-17\\\/\",\"name\":\"Herbitas Serie Master Silicone Dure 200 g - Districos Webshop\",\"isPartOf\":{\"@id\":\"https:\\\/\\\/districos.standingout.be\\\/fr\\\/#website\"},\"primaryImageOfPage\":{\"@id\":\"https:\\\/\\\/districos.standingout.be\\\/fr\\\/product\\\/herbitas-serie-master-silicone-dure-200-g-ref-5125-17\\\/#primaryimage\"},\"image\":{\"@id\":\"https:\\\/\\\/districos.standingout.be\\\/fr\\\/product\\\/herbitas-serie-master-silicone-dure-200-g-ref-5125-17\\\/#primaryimage\"},\"thumbnailUrl\":\"https:\\\/\\\/districos.standingout.be\\\/wp-content\\\/uploads\\\/2025\\\/07\\\/5125.17@LowRes_0.png\",\"datePublished\":\"2026-04-28T00:51:35+00:00\",\"dateModified\":\"2026-04-28T00:51:38+00:00\",\"breadcrumb\":{\"@id\":\"https:\\\/\\\/districos.standingout.be\\\/fr\\\/product\\\/herbitas-serie-master-silicone-dure-200-g-ref-5125-17\\\/#breadcrumb\"},\"inLanguage\":\"fr-FR\",\"potentialAction\":[{\"@type\":\"ReadAction\",\"target\":[\"https:\\\/\\\/districos.standingout.be\\\/fr\\\/product\\\/herbitas-serie-master-silicone-dure-200-g-ref-5125-17\\\/\"]}]},{\"@type\":\"ImageObject\",\"inLanguage\":\"fr-FR\",\"@id\":\"https:\\\/\\\/districos.standingout.be\\\/fr\\\/product\\\/herbitas-serie-master-silicone-dure-200-g-ref-5125-17\\\/#primaryimage\",\"url\":\"https:\\\/\\\/districos.standingout.be\\\/wp-content\\\/uploads\\\/2025\\\/07\\\/5125.17@LowRes_0.png\",\"contentUrl\":\"https:\\\/\\\/districos.standingout.be\\\/wp-content\\\/uploads\\\/2025\\\/07\\\/5125.17@LowRes_0.png\",\"width\":600,\"height\":600},{\"@type\":\"BreadcrumbList\",\"@id\":\"https:\\\/\\\/districos.standingout.be\\\/fr\\\/product\\\/herbitas-serie-master-silicone-dure-200-g-ref-5125-17\\\/#breadcrumb\",\"itemListElement\":[{\"@type\":\"ListItem\",\"position\":1,\"name\":\"Home\",\"item\":\"https:\\\/\\\/districos.standingout.be\\\/fr\\\/bienvenue-chez-districos\\\/\"},{\"@type\":\"ListItem\",\"position\":2,\"name\":\"Boutique\",\"item\":\"https:\\\/\\\/districos.standingout.be\\\/fr\\\/boutique\\\/\"},{\"@type\":\"ListItem\",\"position\":3,\"name\":\"Herbitas Serie Master Silicone Dure 200 g\"}]},{\"@type\":\"WebSite\",\"@id\":\"https:\\\/\\\/districos.standingout.be\\\/fr\\\/#website\",\"url\":\"https:\\\/\\\/districos.standingout.be\\\/fr\\\/\",\"name\":\"Districos Webshop\",\"description\":\"\",\"publisher\":{\"@id\":\"https:\\\/\\\/districos.standingout.be\\\/fr\\\/#organization\"},\"potentialAction\":[{\"@type\":\"SearchAction\",\"target\":{\"@type\":\"EntryPoint\",\"urlTemplate\":\"https:\\\/\\\/districos.standingout.be\\\/fr\\\/?s={search_term_string}\"},\"query-input\":{\"@type\":\"PropertyValueSpecification\",\"valueRequired\":true,\"valueName\":\"search_term_string\"}}],\"inLanguage\":\"fr-FR\"},{\"@type\":\"Organization\",\"@id\":\"https:\\\/\\\/districos.standingout.be\\\/fr\\\/#organization\",\"name\":\"Districos Webshop\",\"url\":\"https:\\\/\\\/districos.standingout.be\\\/fr\\\/\",\"logo\":{\"@type\":\"ImageObject\",\"inLanguage\":\"fr-FR\",\"@id\":\"https:\\\/\\\/districos.standingout.be\\\/fr\\\/#\\\/schema\\\/logo\\\/image\\\/\",\"url\":\"https:\\\/\\\/districos.standingout.be\\\/wp-content\\\/uploads\\\/2022\\\/09\\\/Districos_Logo_Webshop.svg\",\"contentUrl\":\"https:\\\/\\\/districos.standingout.be\\\/wp-content\\\/uploads\\\/2022\\\/09\\\/Districos_Logo_Webshop.svg\",\"caption\":\"Districos Webshop\"},\"image\":{\"@id\":\"https:\\\/\\\/districos.standingout.be\\\/fr\\\/#\\\/schema\\\/logo\\\/image\\\/\"}}]}<\/script>\n<!-- \/ Yoast SEO plugin. -->","yoast_head_json":{"title":"Herbitas Serie Master Silicone Dure 200 g - Districos Webshop","robots":{"index":"noindex","follow":"follow","max-snippet":"max-snippet:-1","max-image-preview":"max-image-preview:large","max-video-preview":"max-video-preview:-1"},"og_locale":"fr_FR","og_type":"article","og_title":"Herbitas Serie Master Silicone Dure 200 g - Districos Webshop","og_description":"Une orth\u00e8se a plusieurs buts :&nbsp; Soulagement, protection et\/ou pr\u00e9vention d&rsquo;un probl\u00e8me l\u00e0 o\u00f9 la correction n&rsquo;est plus possible Une correction simple, en cas d&rsquo;orteils en marteau ou en griffe, par exemple, afin d&rsquo;\u00e9viter l&rsquo;aggravation d&rsquo;une d\u00e9formation Une correction dans la position originelle des orteils Pour un soulagement de la pression et une protection, optez [&hellip;]","og_url":"https:\/\/districos.standingout.be\/fr\/product\/herbitas-serie-master-silicone-dure-200-g-ref-5125-17\/","og_site_name":"Districos Webshop","article_modified_time":"2026-04-28T00:51:38+00:00","og_image":[{"width":600,"height":600,"url":"https:\/\/districos.standingout.be\/wp-content\/uploads\/2025\/07\/5125.17@LowRes_0.png","type":"image\/png"}],"twitter_card":"summary_large_image","twitter_misc":{"Dur\u00e9e de lecture estim\u00e9e":"1 minute"},"schema":{"@context":"https:\/\/schema.org","@graph":[{"@type":"WebPage","@id":"https:\/\/districos.standingout.be\/fr\/product\/herbitas-serie-master-silicone-dure-200-g-ref-5125-17\/","url":"https:\/\/districos.standingout.be\/fr\/product\/herbitas-serie-master-silicone-dure-200-g-ref-5125-17\/","name":"Herbitas Serie Master Silicone Dure 200 g - Districos Webshop","isPartOf":{"@id":"https:\/\/districos.standingout.be\/fr\/#website"},"primaryImageOfPage":{"@id":"https:\/\/districos.standingout.be\/fr\/product\/herbitas-serie-master-silicone-dure-200-g-ref-5125-17\/#primaryimage"},"image":{"@id":"https:\/\/districos.standingout.be\/fr\/product\/herbitas-serie-master-silicone-dure-200-g-ref-5125-17\/#primaryimage"},"thumbnailUrl":"https:\/\/districos.standingout.be\/wp-content\/uploads\/2025\/07\/5125.17@LowRes_0.png","datePublished":"2026-04-28T00:51:35+00:00","dateModified":"2026-04-28T00:51:38+00:00","breadcrumb":{"@id":"https:\/\/districos.standingout.be\/fr\/product\/herbitas-serie-master-silicone-dure-200-g-ref-5125-17\/#breadcrumb"},"inLanguage":"fr-FR","potentialAction":[{"@type":"ReadAction","target":["https:\/\/districos.standingout.be\/fr\/product\/herbitas-serie-master-silicone-dure-200-g-ref-5125-17\/"]}]},{"@type":"ImageObject","inLanguage":"fr-FR","@id":"https:\/\/districos.standingout.be\/fr\/product\/herbitas-serie-master-silicone-dure-200-g-ref-5125-17\/#primaryimage","url":"https:\/\/districos.standingout.be\/wp-content\/uploads\/2025\/07\/5125.17@LowRes_0.png","contentUrl":"https:\/\/districos.standingout.be\/wp-content\/uploads\/2025\/07\/5125.17@LowRes_0.png","width":600,"height":600},{"@type":"BreadcrumbList","@id":"https:\/\/districos.standingout.be\/fr\/product\/herbitas-serie-master-silicone-dure-200-g-ref-5125-17\/#breadcrumb","itemListElement":[{"@type":"ListItem","position":1,"name":"Home","item":"https:\/\/districos.standingout.be\/fr\/bienvenue-chez-districos\/"},{"@type":"ListItem","position":2,"name":"Boutique","item":"https:\/\/districos.standingout.be\/fr\/boutique\/"},{"@type":"ListItem","position":3,"name":"Herbitas Serie Master Silicone Dure 200 g"}]},{"@type":"WebSite","@id":"https:\/\/districos.standingout.be\/fr\/#website","url":"https:\/\/districos.standingout.be\/fr\/","name":"Districos Webshop","description":"","publisher":{"@id":"https:\/\/districos.standingout.be\/fr\/#organization"},"potentialAction":[{"@type":"SearchAction","target":{"@type":"EntryPoint","urlTemplate":"https:\/\/districos.standingout.be\/fr\/?s={search_term_string}"},"query-input":{"@type":"PropertyValueSpecification","valueRequired":true,"valueName":"search_term_string"}}],"inLanguage":"fr-FR"},{"@type":"Organization","@id":"https:\/\/districos.standingout.be\/fr\/#organization","name":"Districos Webshop","url":"https:\/\/districos.standingout.be\/fr\/","logo":{"@type":"ImageObject","inLanguage":"fr-FR","@id":"https:\/\/districos.standingout.be\/fr\/#\/schema\/logo\/image\/","url":"https:\/\/districos.standingout.be\/wp-content\/uploads\/2022\/09\/Districos_Logo_Webshop.svg","contentUrl":"https:\/\/districos.standingout.be\/wp-content\/uploads\/2022\/09\/Districos_Logo_Webshop.svg","caption":"Districos Webshop"},"image":{"@id":"https:\/\/districos.standingout.be\/fr\/#\/schema\/logo\/image\/"}}]}},"_links":{"self":[{"href":"https:\/\/districos.standingout.be\/fr\/wp-json\/wp\/v2\/product\/134783","targetHints":{"allow":["GET"]}}],"collection":[{"href":"https:\/\/districos.standingout.be\/fr\/wp-json\/wp\/v2\/product"}],"about":[{"href":"https:\/\/districos.standingout.be\/fr\/wp-json\/wp\/v2\/types\/product"}],"replies":[{"embeddable":true,"href":"https:\/\/districos.standingout.be\/fr\/wp-json\/wp\/v2\/comments?post=134783"}],"wp:featuredmedia":[{"embeddable":true,"href":"https:\/\/districos.standingout.be\/fr\/wp-json\/wp\/v2\/media\/72433"}],"wp:attachment":[{"href":"https:\/\/districos.standingout.be\/fr\/wp-json\/wp\/v2\/media?parent=134783"}],"wp:term":[{"taxonomy":"product_brand","embeddable":true,"href":"https:\/\/districos.standingout.be\/fr\/wp-json\/wp\/v2\/product_brand?post=134783"},{"taxonomy":"product_cat","embeddable":true,"href":"https:\/\/districos.standingout.be\/fr\/wp-json\/wp\/v2\/product_cat?post=134783"},{"taxonomy":"product_tag","embeddable":true,"href":"https:\/\/districos.standingout.be\/fr\/wp-json\/wp\/v2\/product_tag?post=134783"}],"curies":[{"name":"wp","href":"https:\/\/api.w.org\/{rel}","templated":true}]}}