{"id":134791,"date":"2026-04-28T02:51:48","date_gmt":"2026-04-28T00:51:48","guid":{"rendered":"https:\/\/webshopdistricoscom.webhosting.be\/product\/herbitas-podia-ab-2-x-200-g-moyen-ref-5125-21\/"},"modified":"2026-04-28T02:51:50","modified_gmt":"2026-04-28T00:51:50","slug":"herbitas-podia-ab-2-x-200-g-moyen-ref-5125-21","status":"publish","type":"product","link":"https:\/\/districos.standingout.be\/fr\/product\/herbitas-podia-ab-2-x-200-g-moyen-ref-5125-21\/","title":{"rendered":"Herbitas Podia A+B 2 x 200 g Moyen"},"content":{"rendered":"<p >\n<p dir=ltr>Pour la fabrication d\u2019orth\u00e8ses tr\u00e8s douces et \u00e9lastiques afin de soulager la pression et la douleur. (M\u00e9dium : shore +\/- A 15)<\/p>\n<p> Un duo de silicone sous forme de p\u00e2te, consistant en 2 composants A+B. M\u00e9langez la m\u00eame quantit\u00e9 de chaque composant jusqu\u2019\u00e0 l\u2019obtention d\u2019une masse homog\u00e8ne. Ensuite, modelez l\u2019orth\u00e8se dans la forme voulue. Fournit avec 2 doseurs.<\/p>\n<p> <b>M\u00e9thode de travail p\u00e2te de silicone A+B :<\/b> <\/p>\n<ol> <\/p>\n<li>Mouillez les mains et le pied de votre client(e) afin d\u2019\u00e9viter que le silicone ne colle.<\/li>\n<p> <\/p>\n<li>Prenez une quantit\u00e9 \u00e9gale des 2 composants et m\u00e9langez vigoureusement jusqu\u2019\u00e0 ce que le silicone ait une couleur homog\u00e8ne.<\/li>\n<p> <\/p>\n<li>Formez une boule ou une saucisse en fonction de l\u2019application et continuez \u00e0 rouler la boule ou la saucisse dans les mains jusqu\u2019\u00e0 ce que vous sentiez qu\u2019elle commence \u00e0 durcir (+\/- 30 secondes).<\/li>\n<p> <\/p>\n<li>Appliquez le silicone et attendez 4 \u00e0 5 minutes.<\/li>\n<p> <\/p>\n<li>Le silicone est pr\u00eate, mais conseillez \u00e0 votre client(e) d\u2019attendre encore 24h avant de la porter. C\u2019est seulement \u00e0 ce moment-l\u00e0 que le silicone sera compl\u00e8tement durci.<\/li>\n<p> <\/ol>\n<p> Choix entre : <\/p>\n<ul> <\/p>\n<li>Blanda Blanda A+B (Soft &#8211; shore A 8)<\/li>\n<p> <\/p>\n<li>Podia Blan Dos A+B (Medium &#8211; shore A 15)<\/li>\n<p> <\/p>\n<li>Ortho Tica A+B (Hard &#8211; shore A 35)<\/li>\n<p> <\/ul>\n<p> <\/p>\n<ol> <\/ol>\n<p> Emballage : 2 pots de 200 g<\/p><\/p>\n","protected":false},"excerpt":{"rendered":"<p>Pour la fabrication d\u2019orth\u00e8ses tr\u00e8s douces et \u00e9lastiques afin de soulager la pression et la douleur. (M\u00e9dium : shore +\/- A 15) Un duo de silicone sous forme de p\u00e2te, consistant en 2 composants A+B. M\u00e9langez la m\u00eame quantit\u00e9 de chaque composant jusqu\u2019\u00e0 l\u2019obtention d\u2019une masse homog\u00e8ne. Ensuite, modelez l\u2019orth\u00e8se dans la forme voulue. Fournit [&hellip;]<\/p>\n","protected":false},"featured_media":72445,"comment_status":"open","ping_status":"closed","template":"","meta":{"_acf_changed":false},"product_brand":[10432],"product_cat":[9950,10062],"product_tag":[],"class_list":{"0":"post-134791","1":"product","2":"type-product","3":"status-publish","4":"has-post-thumbnail","6":"product_brand-herbitas-fr","7":"product_cat-beaute-pedicure-orthoplastie","8":"product_cat-soins-des-pieds-podologie-soins-des-pieds-podologie-orthoplastie","10":"first","11":"instock","12":"taxable","13":"shipping-taxable","14":"product-type-simple"},"acf":[],"yoast_head":"<!-- This site is optimized with the Yoast SEO plugin v27.3 - https:\/\/yoast.com\/product\/yoast-seo-wordpress\/ -->\n<title>Herbitas Podia A+B 2 x 200 g Moyen - Districos Webshop<\/title>\n<meta name=\"robots\" content=\"noindex, follow, max-snippet:-1, max-image-preview:large, max-video-preview:-1\" \/>\n<meta property=\"og:locale\" content=\"fr_FR\" \/>\n<meta property=\"og:type\" content=\"article\" \/>\n<meta property=\"og:title\" content=\"Herbitas Podia A+B 2 x 200 g Moyen - Districos Webshop\" \/>\n<meta property=\"og:description\" content=\"Pour la fabrication d\u2019orth\u00e8ses tr\u00e8s douces et \u00e9lastiques afin de soulager la pression et la douleur. (M\u00e9dium : shore +\/- A 15) Un duo de silicone sous forme de p\u00e2te, consistant en 2 composants A+B. M\u00e9langez la m\u00eame quantit\u00e9 de chaque composant jusqu\u2019\u00e0 l\u2019obtention d\u2019une masse homog\u00e8ne. Ensuite, modelez l\u2019orth\u00e8se dans la forme voulue. Fournit [&hellip;]\" \/>\n<meta property=\"og:url\" content=\"https:\/\/districos.standingout.be\/fr\/product\/herbitas-podia-ab-2-x-200-g-moyen-ref-5125-21\/\" \/>\n<meta property=\"og:site_name\" content=\"Districos Webshop\" \/>\n<meta property=\"article:modified_time\" content=\"2026-04-28T00:51:50+00:00\" \/>\n<meta property=\"og:image\" content=\"https:\/\/districos.standingout.be\/wp-content\/uploads\/2025\/07\/5125.21@LowRes_0.png\" \/>\n\t<meta property=\"og:image:width\" content=\"600\" \/>\n\t<meta property=\"og:image:height\" content=\"600\" \/>\n\t<meta property=\"og:image:type\" content=\"image\/png\" \/>\n<meta name=\"twitter:card\" content=\"summary_large_image\" \/>\n<meta name=\"twitter:label1\" content=\"Dur\u00e9e de lecture estim\u00e9e\" \/>\n\t<meta name=\"twitter:data1\" content=\"1 minute\" \/>\n<script type=\"application\/ld+json\" class=\"yoast-schema-graph\">{\"@context\":\"https:\\\/\\\/schema.org\",\"@graph\":[{\"@type\":\"WebPage\",\"@id\":\"https:\\\/\\\/districos.standingout.be\\\/fr\\\/product\\\/herbitas-podia-ab-2-x-200-g-moyen-ref-5125-21\\\/\",\"url\":\"https:\\\/\\\/districos.standingout.be\\\/fr\\\/product\\\/herbitas-podia-ab-2-x-200-g-moyen-ref-5125-21\\\/\",\"name\":\"Herbitas Podia A+B 2 x 200 g Moyen - Districos Webshop\",\"isPartOf\":{\"@id\":\"https:\\\/\\\/districos.standingout.be\\\/fr\\\/#website\"},\"primaryImageOfPage\":{\"@id\":\"https:\\\/\\\/districos.standingout.be\\\/fr\\\/product\\\/herbitas-podia-ab-2-x-200-g-moyen-ref-5125-21\\\/#primaryimage\"},\"image\":{\"@id\":\"https:\\\/\\\/districos.standingout.be\\\/fr\\\/product\\\/herbitas-podia-ab-2-x-200-g-moyen-ref-5125-21\\\/#primaryimage\"},\"thumbnailUrl\":\"https:\\\/\\\/districos.standingout.be\\\/wp-content\\\/uploads\\\/2025\\\/07\\\/5125.21@LowRes_0.png\",\"datePublished\":\"2026-04-28T00:51:48+00:00\",\"dateModified\":\"2026-04-28T00:51:50+00:00\",\"breadcrumb\":{\"@id\":\"https:\\\/\\\/districos.standingout.be\\\/fr\\\/product\\\/herbitas-podia-ab-2-x-200-g-moyen-ref-5125-21\\\/#breadcrumb\"},\"inLanguage\":\"fr-FR\",\"potentialAction\":[{\"@type\":\"ReadAction\",\"target\":[\"https:\\\/\\\/districos.standingout.be\\\/fr\\\/product\\\/herbitas-podia-ab-2-x-200-g-moyen-ref-5125-21\\\/\"]}]},{\"@type\":\"ImageObject\",\"inLanguage\":\"fr-FR\",\"@id\":\"https:\\\/\\\/districos.standingout.be\\\/fr\\\/product\\\/herbitas-podia-ab-2-x-200-g-moyen-ref-5125-21\\\/#primaryimage\",\"url\":\"https:\\\/\\\/districos.standingout.be\\\/wp-content\\\/uploads\\\/2025\\\/07\\\/5125.21@LowRes_0.png\",\"contentUrl\":\"https:\\\/\\\/districos.standingout.be\\\/wp-content\\\/uploads\\\/2025\\\/07\\\/5125.21@LowRes_0.png\",\"width\":600,\"height\":600},{\"@type\":\"BreadcrumbList\",\"@id\":\"https:\\\/\\\/districos.standingout.be\\\/fr\\\/product\\\/herbitas-podia-ab-2-x-200-g-moyen-ref-5125-21\\\/#breadcrumb\",\"itemListElement\":[{\"@type\":\"ListItem\",\"position\":1,\"name\":\"Home\",\"item\":\"https:\\\/\\\/districos.standingout.be\\\/fr\\\/bienvenue-chez-districos\\\/\"},{\"@type\":\"ListItem\",\"position\":2,\"name\":\"Boutique\",\"item\":\"https:\\\/\\\/districos.standingout.be\\\/fr\\\/boutique\\\/\"},{\"@type\":\"ListItem\",\"position\":3,\"name\":\"Herbitas Podia A+B 2 x 200 g Moyen\"}]},{\"@type\":\"WebSite\",\"@id\":\"https:\\\/\\\/districos.standingout.be\\\/fr\\\/#website\",\"url\":\"https:\\\/\\\/districos.standingout.be\\\/fr\\\/\",\"name\":\"Districos Webshop\",\"description\":\"\",\"publisher\":{\"@id\":\"https:\\\/\\\/districos.standingout.be\\\/fr\\\/#organization\"},\"potentialAction\":[{\"@type\":\"SearchAction\",\"target\":{\"@type\":\"EntryPoint\",\"urlTemplate\":\"https:\\\/\\\/districos.standingout.be\\\/fr\\\/?s={search_term_string}\"},\"query-input\":{\"@type\":\"PropertyValueSpecification\",\"valueRequired\":true,\"valueName\":\"search_term_string\"}}],\"inLanguage\":\"fr-FR\"},{\"@type\":\"Organization\",\"@id\":\"https:\\\/\\\/districos.standingout.be\\\/fr\\\/#organization\",\"name\":\"Districos Webshop\",\"url\":\"https:\\\/\\\/districos.standingout.be\\\/fr\\\/\",\"logo\":{\"@type\":\"ImageObject\",\"inLanguage\":\"fr-FR\",\"@id\":\"https:\\\/\\\/districos.standingout.be\\\/fr\\\/#\\\/schema\\\/logo\\\/image\\\/\",\"url\":\"https:\\\/\\\/districos.standingout.be\\\/wp-content\\\/uploads\\\/2022\\\/09\\\/Districos_Logo_Webshop.svg\",\"contentUrl\":\"https:\\\/\\\/districos.standingout.be\\\/wp-content\\\/uploads\\\/2022\\\/09\\\/Districos_Logo_Webshop.svg\",\"caption\":\"Districos Webshop\"},\"image\":{\"@id\":\"https:\\\/\\\/districos.standingout.be\\\/fr\\\/#\\\/schema\\\/logo\\\/image\\\/\"}}]}<\/script>\n<!-- \/ Yoast SEO plugin. -->","yoast_head_json":{"title":"Herbitas Podia A+B 2 x 200 g Moyen - Districos Webshop","robots":{"index":"noindex","follow":"follow","max-snippet":"max-snippet:-1","max-image-preview":"max-image-preview:large","max-video-preview":"max-video-preview:-1"},"og_locale":"fr_FR","og_type":"article","og_title":"Herbitas Podia A+B 2 x 200 g Moyen - Districos Webshop","og_description":"Pour la fabrication d\u2019orth\u00e8ses tr\u00e8s douces et \u00e9lastiques afin de soulager la pression et la douleur. (M\u00e9dium : shore +\/- A 15) Un duo de silicone sous forme de p\u00e2te, consistant en 2 composants A+B. M\u00e9langez la m\u00eame quantit\u00e9 de chaque composant jusqu\u2019\u00e0 l\u2019obtention d\u2019une masse homog\u00e8ne. Ensuite, modelez l\u2019orth\u00e8se dans la forme voulue. Fournit [&hellip;]","og_url":"https:\/\/districos.standingout.be\/fr\/product\/herbitas-podia-ab-2-x-200-g-moyen-ref-5125-21\/","og_site_name":"Districos Webshop","article_modified_time":"2026-04-28T00:51:50+00:00","og_image":[{"width":600,"height":600,"url":"https:\/\/districos.standingout.be\/wp-content\/uploads\/2025\/07\/5125.21@LowRes_0.png","type":"image\/png"}],"twitter_card":"summary_large_image","twitter_misc":{"Dur\u00e9e de lecture estim\u00e9e":"1 minute"},"schema":{"@context":"https:\/\/schema.org","@graph":[{"@type":"WebPage","@id":"https:\/\/districos.standingout.be\/fr\/product\/herbitas-podia-ab-2-x-200-g-moyen-ref-5125-21\/","url":"https:\/\/districos.standingout.be\/fr\/product\/herbitas-podia-ab-2-x-200-g-moyen-ref-5125-21\/","name":"Herbitas Podia A+B 2 x 200 g Moyen - Districos Webshop","isPartOf":{"@id":"https:\/\/districos.standingout.be\/fr\/#website"},"primaryImageOfPage":{"@id":"https:\/\/districos.standingout.be\/fr\/product\/herbitas-podia-ab-2-x-200-g-moyen-ref-5125-21\/#primaryimage"},"image":{"@id":"https:\/\/districos.standingout.be\/fr\/product\/herbitas-podia-ab-2-x-200-g-moyen-ref-5125-21\/#primaryimage"},"thumbnailUrl":"https:\/\/districos.standingout.be\/wp-content\/uploads\/2025\/07\/5125.21@LowRes_0.png","datePublished":"2026-04-28T00:51:48+00:00","dateModified":"2026-04-28T00:51:50+00:00","breadcrumb":{"@id":"https:\/\/districos.standingout.be\/fr\/product\/herbitas-podia-ab-2-x-200-g-moyen-ref-5125-21\/#breadcrumb"},"inLanguage":"fr-FR","potentialAction":[{"@type":"ReadAction","target":["https:\/\/districos.standingout.be\/fr\/product\/herbitas-podia-ab-2-x-200-g-moyen-ref-5125-21\/"]}]},{"@type":"ImageObject","inLanguage":"fr-FR","@id":"https:\/\/districos.standingout.be\/fr\/product\/herbitas-podia-ab-2-x-200-g-moyen-ref-5125-21\/#primaryimage","url":"https:\/\/districos.standingout.be\/wp-content\/uploads\/2025\/07\/5125.21@LowRes_0.png","contentUrl":"https:\/\/districos.standingout.be\/wp-content\/uploads\/2025\/07\/5125.21@LowRes_0.png","width":600,"height":600},{"@type":"BreadcrumbList","@id":"https:\/\/districos.standingout.be\/fr\/product\/herbitas-podia-ab-2-x-200-g-moyen-ref-5125-21\/#breadcrumb","itemListElement":[{"@type":"ListItem","position":1,"name":"Home","item":"https:\/\/districos.standingout.be\/fr\/bienvenue-chez-districos\/"},{"@type":"ListItem","position":2,"name":"Boutique","item":"https:\/\/districos.standingout.be\/fr\/boutique\/"},{"@type":"ListItem","position":3,"name":"Herbitas Podia A+B 2 x 200 g Moyen"}]},{"@type":"WebSite","@id":"https:\/\/districos.standingout.be\/fr\/#website","url":"https:\/\/districos.standingout.be\/fr\/","name":"Districos Webshop","description":"","publisher":{"@id":"https:\/\/districos.standingout.be\/fr\/#organization"},"potentialAction":[{"@type":"SearchAction","target":{"@type":"EntryPoint","urlTemplate":"https:\/\/districos.standingout.be\/fr\/?s={search_term_string}"},"query-input":{"@type":"PropertyValueSpecification","valueRequired":true,"valueName":"search_term_string"}}],"inLanguage":"fr-FR"},{"@type":"Organization","@id":"https:\/\/districos.standingout.be\/fr\/#organization","name":"Districos Webshop","url":"https:\/\/districos.standingout.be\/fr\/","logo":{"@type":"ImageObject","inLanguage":"fr-FR","@id":"https:\/\/districos.standingout.be\/fr\/#\/schema\/logo\/image\/","url":"https:\/\/districos.standingout.be\/wp-content\/uploads\/2022\/09\/Districos_Logo_Webshop.svg","contentUrl":"https:\/\/districos.standingout.be\/wp-content\/uploads\/2022\/09\/Districos_Logo_Webshop.svg","caption":"Districos Webshop"},"image":{"@id":"https:\/\/districos.standingout.be\/fr\/#\/schema\/logo\/image\/"}}]}},"_links":{"self":[{"href":"https:\/\/districos.standingout.be\/fr\/wp-json\/wp\/v2\/product\/134791","targetHints":{"allow":["GET"]}}],"collection":[{"href":"https:\/\/districos.standingout.be\/fr\/wp-json\/wp\/v2\/product"}],"about":[{"href":"https:\/\/districos.standingout.be\/fr\/wp-json\/wp\/v2\/types\/product"}],"replies":[{"embeddable":true,"href":"https:\/\/districos.standingout.be\/fr\/wp-json\/wp\/v2\/comments?post=134791"}],"wp:featuredmedia":[{"embeddable":true,"href":"https:\/\/districos.standingout.be\/fr\/wp-json\/wp\/v2\/media\/72445"}],"wp:attachment":[{"href":"https:\/\/districos.standingout.be\/fr\/wp-json\/wp\/v2\/media?parent=134791"}],"wp:term":[{"taxonomy":"product_brand","embeddable":true,"href":"https:\/\/districos.standingout.be\/fr\/wp-json\/wp\/v2\/product_brand?post=134791"},{"taxonomy":"product_cat","embeddable":true,"href":"https:\/\/districos.standingout.be\/fr\/wp-json\/wp\/v2\/product_cat?post=134791"},{"taxonomy":"product_tag","embeddable":true,"href":"https:\/\/districos.standingout.be\/fr\/wp-json\/wp\/v2\/product_tag?post=134791"}],"curies":[{"name":"wp","href":"https:\/\/api.w.org\/{rel}","templated":true}]}}