{"id":134797,"date":"2026-04-28T02:55:42","date_gmt":"2026-04-28T00:55:42","guid":{"rendered":"https:\/\/webshopdistricoscom.webhosting.be\/product\/herbitas-silicone-polymerique-300-g-ref-5125-24\/"},"modified":"2026-04-28T02:55:45","modified_gmt":"2026-04-28T00:55:45","slug":"herbitas-silicone-polymerique-300-g-ref-5125-24","status":"publish","type":"product","link":"https:\/\/districos.standingout.be\/fr\/product\/herbitas-silicone-polymerique-300-g-ref-5125-24\/","title":{"rendered":"Herbitas Silicone Polym\u00e9rique 300 g"},"content":{"rendered":"<p >\n<p dir=ltr>Silicone polym\u00e9rique transparent et liquide de consistance moyenne pour r\u00e9parer des orth\u00e8ses cass\u00e9es. Peut \u00e9galement \u00eatre utilis\u00e9 de la m\u00eame fa\u00e7on que le silicone liquide Ortho 2000. Le r\u00e9sultat est d\u2019une viscosit\u00e9 moyenne, et non douce. <\/p>\n<p> Emballage : flacon de 250 g<\/p><\/p>\n","protected":false},"excerpt":{"rendered":"<p>Silicone polym\u00e9rique transparent et liquide de consistance moyenne pour r\u00e9parer des orth\u00e8ses cass\u00e9es. Peut \u00e9galement \u00eatre utilis\u00e9 de la m\u00eame fa\u00e7on que le silicone liquide Ortho 2000. Le r\u00e9sultat est d\u2019une viscosit\u00e9 moyenne, et non douce. Emballage : flacon de 250 g<\/p>\n","protected":false},"featured_media":108526,"comment_status":"open","ping_status":"closed","template":"","meta":{"_acf_changed":false},"product_brand":[10432],"product_cat":[9950,10062],"product_tag":[],"class_list":{"0":"post-134797","1":"product","2":"type-product","3":"status-publish","4":"has-post-thumbnail","6":"product_brand-herbitas-fr","7":"product_cat-beaute-pedicure-orthoplastie","8":"product_cat-soins-des-pieds-podologie-soins-des-pieds-podologie-orthoplastie","10":"first","11":"instock","12":"taxable","13":"shipping-taxable","14":"product-type-simple"},"acf":[],"yoast_head":"<!-- This site is optimized with the Yoast SEO plugin v27.3 - https:\/\/yoast.com\/product\/yoast-seo-wordpress\/ -->\n<title>Herbitas Silicone Polym\u00e9rique 300 g - Districos Webshop<\/title>\n<meta name=\"robots\" content=\"noindex, follow, max-snippet:-1, max-image-preview:large, max-video-preview:-1\" \/>\n<meta property=\"og:locale\" content=\"fr_FR\" \/>\n<meta property=\"og:type\" content=\"article\" \/>\n<meta property=\"og:title\" content=\"Herbitas Silicone Polym\u00e9rique 300 g - Districos Webshop\" \/>\n<meta property=\"og:description\" content=\"Silicone polym\u00e9rique transparent et liquide de consistance moyenne pour r\u00e9parer des orth\u00e8ses cass\u00e9es. Peut \u00e9galement \u00eatre utilis\u00e9 de la m\u00eame fa\u00e7on que le silicone liquide Ortho 2000. Le r\u00e9sultat est d\u2019une viscosit\u00e9 moyenne, et non douce. Emballage : flacon de 250 g\" \/>\n<meta property=\"og:url\" content=\"https:\/\/districos.standingout.be\/fr\/product\/herbitas-silicone-polymerique-300-g-ref-5125-24\/\" \/>\n<meta property=\"og:site_name\" content=\"Districos Webshop\" \/>\n<meta property=\"article:modified_time\" content=\"2026-04-28T00:55:45+00:00\" \/>\n<meta property=\"og:image\" content=\"https:\/\/districos.standingout.be\/wp-content\/uploads\/2026\/03\/5125.24@LowRes_1_0.png\" \/>\n\t<meta property=\"og:image:width\" content=\"600\" \/>\n\t<meta property=\"og:image:height\" content=\"600\" \/>\n\t<meta property=\"og:image:type\" content=\"image\/png\" \/>\n<meta name=\"twitter:card\" content=\"summary_large_image\" \/>\n<script type=\"application\/ld+json\" class=\"yoast-schema-graph\">{\"@context\":\"https:\\\/\\\/schema.org\",\"@graph\":[{\"@type\":\"WebPage\",\"@id\":\"https:\\\/\\\/districos.standingout.be\\\/fr\\\/product\\\/herbitas-silicone-polymerique-300-g-ref-5125-24\\\/\",\"url\":\"https:\\\/\\\/districos.standingout.be\\\/fr\\\/product\\\/herbitas-silicone-polymerique-300-g-ref-5125-24\\\/\",\"name\":\"Herbitas Silicone Polym\u00e9rique 300 g - Districos Webshop\",\"isPartOf\":{\"@id\":\"https:\\\/\\\/districos.standingout.be\\\/fr\\\/#website\"},\"primaryImageOfPage\":{\"@id\":\"https:\\\/\\\/districos.standingout.be\\\/fr\\\/product\\\/herbitas-silicone-polymerique-300-g-ref-5125-24\\\/#primaryimage\"},\"image\":{\"@id\":\"https:\\\/\\\/districos.standingout.be\\\/fr\\\/product\\\/herbitas-silicone-polymerique-300-g-ref-5125-24\\\/#primaryimage\"},\"thumbnailUrl\":\"https:\\\/\\\/districos.standingout.be\\\/wp-content\\\/uploads\\\/2026\\\/03\\\/5125.24@LowRes_1_0.png\",\"datePublished\":\"2026-04-28T00:55:42+00:00\",\"dateModified\":\"2026-04-28T00:55:45+00:00\",\"breadcrumb\":{\"@id\":\"https:\\\/\\\/districos.standingout.be\\\/fr\\\/product\\\/herbitas-silicone-polymerique-300-g-ref-5125-24\\\/#breadcrumb\"},\"inLanguage\":\"fr-FR\",\"potentialAction\":[{\"@type\":\"ReadAction\",\"target\":[\"https:\\\/\\\/districos.standingout.be\\\/fr\\\/product\\\/herbitas-silicone-polymerique-300-g-ref-5125-24\\\/\"]}]},{\"@type\":\"ImageObject\",\"inLanguage\":\"fr-FR\",\"@id\":\"https:\\\/\\\/districos.standingout.be\\\/fr\\\/product\\\/herbitas-silicone-polymerique-300-g-ref-5125-24\\\/#primaryimage\",\"url\":\"https:\\\/\\\/districos.standingout.be\\\/wp-content\\\/uploads\\\/2026\\\/03\\\/5125.24@LowRes_1_0.png\",\"contentUrl\":\"https:\\\/\\\/districos.standingout.be\\\/wp-content\\\/uploads\\\/2026\\\/03\\\/5125.24@LowRes_1_0.png\",\"width\":600,\"height\":600},{\"@type\":\"BreadcrumbList\",\"@id\":\"https:\\\/\\\/districos.standingout.be\\\/fr\\\/product\\\/herbitas-silicone-polymerique-300-g-ref-5125-24\\\/#breadcrumb\",\"itemListElement\":[{\"@type\":\"ListItem\",\"position\":1,\"name\":\"Home\",\"item\":\"https:\\\/\\\/districos.standingout.be\\\/fr\\\/bienvenue-chez-districos\\\/\"},{\"@type\":\"ListItem\",\"position\":2,\"name\":\"Boutique\",\"item\":\"https:\\\/\\\/districos.standingout.be\\\/fr\\\/boutique\\\/\"},{\"@type\":\"ListItem\",\"position\":3,\"name\":\"Herbitas Silicone Polym\u00e9rique 300 g\"}]},{\"@type\":\"WebSite\",\"@id\":\"https:\\\/\\\/districos.standingout.be\\\/fr\\\/#website\",\"url\":\"https:\\\/\\\/districos.standingout.be\\\/fr\\\/\",\"name\":\"Districos Webshop\",\"description\":\"\",\"publisher\":{\"@id\":\"https:\\\/\\\/districos.standingout.be\\\/fr\\\/#organization\"},\"potentialAction\":[{\"@type\":\"SearchAction\",\"target\":{\"@type\":\"EntryPoint\",\"urlTemplate\":\"https:\\\/\\\/districos.standingout.be\\\/fr\\\/?s={search_term_string}\"},\"query-input\":{\"@type\":\"PropertyValueSpecification\",\"valueRequired\":true,\"valueName\":\"search_term_string\"}}],\"inLanguage\":\"fr-FR\"},{\"@type\":\"Organization\",\"@id\":\"https:\\\/\\\/districos.standingout.be\\\/fr\\\/#organization\",\"name\":\"Districos Webshop\",\"url\":\"https:\\\/\\\/districos.standingout.be\\\/fr\\\/\",\"logo\":{\"@type\":\"ImageObject\",\"inLanguage\":\"fr-FR\",\"@id\":\"https:\\\/\\\/districos.standingout.be\\\/fr\\\/#\\\/schema\\\/logo\\\/image\\\/\",\"url\":\"https:\\\/\\\/districos.standingout.be\\\/wp-content\\\/uploads\\\/2022\\\/09\\\/Districos_Logo_Webshop.svg\",\"contentUrl\":\"https:\\\/\\\/districos.standingout.be\\\/wp-content\\\/uploads\\\/2022\\\/09\\\/Districos_Logo_Webshop.svg\",\"caption\":\"Districos Webshop\"},\"image\":{\"@id\":\"https:\\\/\\\/districos.standingout.be\\\/fr\\\/#\\\/schema\\\/logo\\\/image\\\/\"}}]}<\/script>\n<!-- \/ Yoast SEO plugin. -->","yoast_head_json":{"title":"Herbitas Silicone Polym\u00e9rique 300 g - Districos Webshop","robots":{"index":"noindex","follow":"follow","max-snippet":"max-snippet:-1","max-image-preview":"max-image-preview:large","max-video-preview":"max-video-preview:-1"},"og_locale":"fr_FR","og_type":"article","og_title":"Herbitas Silicone Polym\u00e9rique 300 g - Districos Webshop","og_description":"Silicone polym\u00e9rique transparent et liquide de consistance moyenne pour r\u00e9parer des orth\u00e8ses cass\u00e9es. Peut \u00e9galement \u00eatre utilis\u00e9 de la m\u00eame fa\u00e7on que le silicone liquide Ortho 2000. Le r\u00e9sultat est d\u2019une viscosit\u00e9 moyenne, et non douce. Emballage : flacon de 250 g","og_url":"https:\/\/districos.standingout.be\/fr\/product\/herbitas-silicone-polymerique-300-g-ref-5125-24\/","og_site_name":"Districos Webshop","article_modified_time":"2026-04-28T00:55:45+00:00","og_image":[{"width":600,"height":600,"url":"https:\/\/districos.standingout.be\/wp-content\/uploads\/2026\/03\/5125.24@LowRes_1_0.png","type":"image\/png"}],"twitter_card":"summary_large_image","schema":{"@context":"https:\/\/schema.org","@graph":[{"@type":"WebPage","@id":"https:\/\/districos.standingout.be\/fr\/product\/herbitas-silicone-polymerique-300-g-ref-5125-24\/","url":"https:\/\/districos.standingout.be\/fr\/product\/herbitas-silicone-polymerique-300-g-ref-5125-24\/","name":"Herbitas Silicone Polym\u00e9rique 300 g - Districos Webshop","isPartOf":{"@id":"https:\/\/districos.standingout.be\/fr\/#website"},"primaryImageOfPage":{"@id":"https:\/\/districos.standingout.be\/fr\/product\/herbitas-silicone-polymerique-300-g-ref-5125-24\/#primaryimage"},"image":{"@id":"https:\/\/districos.standingout.be\/fr\/product\/herbitas-silicone-polymerique-300-g-ref-5125-24\/#primaryimage"},"thumbnailUrl":"https:\/\/districos.standingout.be\/wp-content\/uploads\/2026\/03\/5125.24@LowRes_1_0.png","datePublished":"2026-04-28T00:55:42+00:00","dateModified":"2026-04-28T00:55:45+00:00","breadcrumb":{"@id":"https:\/\/districos.standingout.be\/fr\/product\/herbitas-silicone-polymerique-300-g-ref-5125-24\/#breadcrumb"},"inLanguage":"fr-FR","potentialAction":[{"@type":"ReadAction","target":["https:\/\/districos.standingout.be\/fr\/product\/herbitas-silicone-polymerique-300-g-ref-5125-24\/"]}]},{"@type":"ImageObject","inLanguage":"fr-FR","@id":"https:\/\/districos.standingout.be\/fr\/product\/herbitas-silicone-polymerique-300-g-ref-5125-24\/#primaryimage","url":"https:\/\/districos.standingout.be\/wp-content\/uploads\/2026\/03\/5125.24@LowRes_1_0.png","contentUrl":"https:\/\/districos.standingout.be\/wp-content\/uploads\/2026\/03\/5125.24@LowRes_1_0.png","width":600,"height":600},{"@type":"BreadcrumbList","@id":"https:\/\/districos.standingout.be\/fr\/product\/herbitas-silicone-polymerique-300-g-ref-5125-24\/#breadcrumb","itemListElement":[{"@type":"ListItem","position":1,"name":"Home","item":"https:\/\/districos.standingout.be\/fr\/bienvenue-chez-districos\/"},{"@type":"ListItem","position":2,"name":"Boutique","item":"https:\/\/districos.standingout.be\/fr\/boutique\/"},{"@type":"ListItem","position":3,"name":"Herbitas Silicone Polym\u00e9rique 300 g"}]},{"@type":"WebSite","@id":"https:\/\/districos.standingout.be\/fr\/#website","url":"https:\/\/districos.standingout.be\/fr\/","name":"Districos Webshop","description":"","publisher":{"@id":"https:\/\/districos.standingout.be\/fr\/#organization"},"potentialAction":[{"@type":"SearchAction","target":{"@type":"EntryPoint","urlTemplate":"https:\/\/districos.standingout.be\/fr\/?s={search_term_string}"},"query-input":{"@type":"PropertyValueSpecification","valueRequired":true,"valueName":"search_term_string"}}],"inLanguage":"fr-FR"},{"@type":"Organization","@id":"https:\/\/districos.standingout.be\/fr\/#organization","name":"Districos Webshop","url":"https:\/\/districos.standingout.be\/fr\/","logo":{"@type":"ImageObject","inLanguage":"fr-FR","@id":"https:\/\/districos.standingout.be\/fr\/#\/schema\/logo\/image\/","url":"https:\/\/districos.standingout.be\/wp-content\/uploads\/2022\/09\/Districos_Logo_Webshop.svg","contentUrl":"https:\/\/districos.standingout.be\/wp-content\/uploads\/2022\/09\/Districos_Logo_Webshop.svg","caption":"Districos Webshop"},"image":{"@id":"https:\/\/districos.standingout.be\/fr\/#\/schema\/logo\/image\/"}}]}},"_links":{"self":[{"href":"https:\/\/districos.standingout.be\/fr\/wp-json\/wp\/v2\/product\/134797","targetHints":{"allow":["GET"]}}],"collection":[{"href":"https:\/\/districos.standingout.be\/fr\/wp-json\/wp\/v2\/product"}],"about":[{"href":"https:\/\/districos.standingout.be\/fr\/wp-json\/wp\/v2\/types\/product"}],"replies":[{"embeddable":true,"href":"https:\/\/districos.standingout.be\/fr\/wp-json\/wp\/v2\/comments?post=134797"}],"wp:featuredmedia":[{"embeddable":true,"href":"https:\/\/districos.standingout.be\/fr\/wp-json\/wp\/v2\/media\/108526"}],"wp:attachment":[{"href":"https:\/\/districos.standingout.be\/fr\/wp-json\/wp\/v2\/media?parent=134797"}],"wp:term":[{"taxonomy":"product_brand","embeddable":true,"href":"https:\/\/districos.standingout.be\/fr\/wp-json\/wp\/v2\/product_brand?post=134797"},{"taxonomy":"product_cat","embeddable":true,"href":"https:\/\/districos.standingout.be\/fr\/wp-json\/wp\/v2\/product_cat?post=134797"},{"taxonomy":"product_tag","embeddable":true,"href":"https:\/\/districos.standingout.be\/fr\/wp-json\/wp\/v2\/product_tag?post=134797"}],"curies":[{"name":"wp","href":"https:\/\/api.w.org\/{rel}","templated":true}]}}