{"id":134799,"date":"2026-04-28T02:55:46","date_gmt":"2026-04-28T00:55:46","guid":{"rendered":"https:\/\/webshopdistricoscom.webhosting.be\/product\/herbitas-reaktol-catalyseur-20-ml-ref-5125-25\/"},"modified":"2026-04-28T02:55:48","modified_gmt":"2026-04-28T00:55:48","slug":"herbitas-reaktol-catalyseur-20-ml-ref-5125-25","status":"publish","type":"product","link":"https:\/\/districos.standingout.be\/fr\/product\/herbitas-reaktol-catalyseur-20-ml-ref-5125-25\/","title":{"rendered":"Herbitas Reaktol Catalyseur 20 ml"},"content":{"rendered":"<p >\n<p dir=ltr>Durcit le silicone. Le rapport courant est de +\/- 1 goutte de catalyseur liquide par gramme de silicone. Plus vous ajoutez de catalyseur, plus votre silicone sera solide et plus rapide sera le durcissement. Vous avez des probl\u00e8mes avec le durcissement ? Vous n&rsquo;avez alors pas utilis\u00e9 la bonne quantit\u00e9 de catalyseur ou votre catalyseur n&rsquo;est plus bon.<\/p>\n<p> ASTUCE : Conservez votre catalyseur dans le frigo pour une dur\u00e9e de vie prolong\u00e9e.&nbsp;<\/p>\n<p> M\u00e9thode de travail:<\/p>\n<p> 1. Humidifiez vos mains et le pied de votre client(e) afin d&rsquo;\u00e9viter que le silicone ne colle.<\/p>\n<p> 2. Prenez la quantit\u00e9 de silicone n\u00e9cessaire et p\u00e9trissez avec les deux mains afin que l\u2019huile dans le silicone soit bien r\u00e9partie.<\/p>\n<p> 3. D\u00e9terminez la bonne quantit\u00e9 de catalyseur (+\/- 1 goutte de catalyseur par gramme de silicone) et ajoutez la moiti\u00e9 des gouttes. M\u00e9langez rapidement et vigoureusement pendant 20 secondes.<\/p>\n<p> 4. Ajoutez l&rsquo;autre moiti\u00e9 des gouttes et m\u00e9langez \u00e0 nouveau rapidement et vigoureusement pendant +\/- 20 secondes.<\/p>\n<p> 5. Formez une boule ou une saucisse en fonction de l&rsquo;application et continuez \u00e0 rouler la boule ou la saucisse dans les mains jusqu&rsquo;\u00e0 ce que vous sentiez qu&rsquo;elle commence \u00e0 durcir.<\/p>\n<p> 6. Appliquez le silicone et attendez 2 \u00e0 3 minutes.<\/p>\n<p> 7. L\u2018orth\u00e8se est pr\u00eate, mais conseillez \u00e0 votre client(e) d&rsquo;attendre encore 24h avant de la porter. C&rsquo;est seulement \u00e0 ce moment-l\u00e0 que l\u2018orth\u00e8se sera compl\u00e8tement durci. <\/p>\n<p> Emballage : petit flacon de 20 ml<\/p><\/p>\n","protected":false},"excerpt":{"rendered":"<p>Durcit le silicone. Le rapport courant est de +\/- 1 goutte de catalyseur liquide par gramme de silicone. Plus vous ajoutez de catalyseur, plus votre silicone sera solide et plus rapide sera le durcissement. Vous avez des probl\u00e8mes avec le durcissement ? Vous n&rsquo;avez alors pas utilis\u00e9 la bonne quantit\u00e9 de catalyseur ou votre catalyseur [&hellip;]<\/p>\n","protected":false},"featured_media":72457,"comment_status":"open","ping_status":"closed","template":"","meta":{"_acf_changed":false},"product_brand":[10432],"product_cat":[9950,10062],"product_tag":[],"class_list":{"0":"post-134799","1":"product","2":"type-product","3":"status-publish","4":"has-post-thumbnail","6":"product_brand-herbitas-fr","7":"product_cat-beaute-pedicure-orthoplastie","8":"product_cat-soins-des-pieds-podologie-soins-des-pieds-podologie-orthoplastie","10":"first","11":"instock","12":"taxable","13":"shipping-taxable","14":"product-type-simple"},"acf":[],"yoast_head":"<!-- This site is optimized with the Yoast SEO plugin v27.3 - https:\/\/yoast.com\/product\/yoast-seo-wordpress\/ -->\n<title>Herbitas Reaktol Catalyseur 20 ml - Districos Webshop<\/title>\n<meta name=\"robots\" content=\"noindex, follow, max-snippet:-1, max-image-preview:large, max-video-preview:-1\" \/>\n<meta property=\"og:locale\" content=\"fr_FR\" \/>\n<meta property=\"og:type\" content=\"article\" \/>\n<meta property=\"og:title\" content=\"Herbitas Reaktol Catalyseur 20 ml - Districos Webshop\" \/>\n<meta property=\"og:description\" content=\"Durcit le silicone. Le rapport courant est de +\/- 1 goutte de catalyseur liquide par gramme de silicone. Plus vous ajoutez de catalyseur, plus votre silicone sera solide et plus rapide sera le durcissement. Vous avez des probl\u00e8mes avec le durcissement ? Vous n&rsquo;avez alors pas utilis\u00e9 la bonne quantit\u00e9 de catalyseur ou votre catalyseur [&hellip;]\" \/>\n<meta property=\"og:url\" content=\"https:\/\/districos.standingout.be\/fr\/product\/herbitas-reaktol-catalyseur-20-ml-ref-5125-25\/\" \/>\n<meta property=\"og:site_name\" content=\"Districos Webshop\" \/>\n<meta property=\"article:modified_time\" content=\"2026-04-28T00:55:48+00:00\" \/>\n<meta property=\"og:image\" content=\"https:\/\/districos.standingout.be\/wp-content\/uploads\/2025\/07\/5125.25@LowRes_1_0.png\" \/>\n\t<meta property=\"og:image:width\" content=\"600\" \/>\n\t<meta property=\"og:image:height\" content=\"600\" \/>\n\t<meta property=\"og:image:type\" content=\"image\/png\" \/>\n<meta name=\"twitter:card\" content=\"summary_large_image\" \/>\n<meta name=\"twitter:label1\" content=\"Dur\u00e9e de lecture estim\u00e9e\" \/>\n\t<meta name=\"twitter:data1\" content=\"1 minute\" \/>\n<script type=\"application\/ld+json\" class=\"yoast-schema-graph\">{\"@context\":\"https:\\\/\\\/schema.org\",\"@graph\":[{\"@type\":\"WebPage\",\"@id\":\"https:\\\/\\\/districos.standingout.be\\\/fr\\\/product\\\/herbitas-reaktol-catalyseur-20-ml-ref-5125-25\\\/\",\"url\":\"https:\\\/\\\/districos.standingout.be\\\/fr\\\/product\\\/herbitas-reaktol-catalyseur-20-ml-ref-5125-25\\\/\",\"name\":\"Herbitas Reaktol Catalyseur 20 ml - Districos Webshop\",\"isPartOf\":{\"@id\":\"https:\\\/\\\/districos.standingout.be\\\/fr\\\/#website\"},\"primaryImageOfPage\":{\"@id\":\"https:\\\/\\\/districos.standingout.be\\\/fr\\\/product\\\/herbitas-reaktol-catalyseur-20-ml-ref-5125-25\\\/#primaryimage\"},\"image\":{\"@id\":\"https:\\\/\\\/districos.standingout.be\\\/fr\\\/product\\\/herbitas-reaktol-catalyseur-20-ml-ref-5125-25\\\/#primaryimage\"},\"thumbnailUrl\":\"https:\\\/\\\/districos.standingout.be\\\/wp-content\\\/uploads\\\/2025\\\/07\\\/5125.25@LowRes_1_0.png\",\"datePublished\":\"2026-04-28T00:55:46+00:00\",\"dateModified\":\"2026-04-28T00:55:48+00:00\",\"breadcrumb\":{\"@id\":\"https:\\\/\\\/districos.standingout.be\\\/fr\\\/product\\\/herbitas-reaktol-catalyseur-20-ml-ref-5125-25\\\/#breadcrumb\"},\"inLanguage\":\"fr-FR\",\"potentialAction\":[{\"@type\":\"ReadAction\",\"target\":[\"https:\\\/\\\/districos.standingout.be\\\/fr\\\/product\\\/herbitas-reaktol-catalyseur-20-ml-ref-5125-25\\\/\"]}]},{\"@type\":\"ImageObject\",\"inLanguage\":\"fr-FR\",\"@id\":\"https:\\\/\\\/districos.standingout.be\\\/fr\\\/product\\\/herbitas-reaktol-catalyseur-20-ml-ref-5125-25\\\/#primaryimage\",\"url\":\"https:\\\/\\\/districos.standingout.be\\\/wp-content\\\/uploads\\\/2025\\\/07\\\/5125.25@LowRes_1_0.png\",\"contentUrl\":\"https:\\\/\\\/districos.standingout.be\\\/wp-content\\\/uploads\\\/2025\\\/07\\\/5125.25@LowRes_1_0.png\",\"width\":600,\"height\":600},{\"@type\":\"BreadcrumbList\",\"@id\":\"https:\\\/\\\/districos.standingout.be\\\/fr\\\/product\\\/herbitas-reaktol-catalyseur-20-ml-ref-5125-25\\\/#breadcrumb\",\"itemListElement\":[{\"@type\":\"ListItem\",\"position\":1,\"name\":\"Home\",\"item\":\"https:\\\/\\\/districos.standingout.be\\\/fr\\\/bienvenue-chez-districos\\\/\"},{\"@type\":\"ListItem\",\"position\":2,\"name\":\"Boutique\",\"item\":\"https:\\\/\\\/districos.standingout.be\\\/fr\\\/boutique\\\/\"},{\"@type\":\"ListItem\",\"position\":3,\"name\":\"Herbitas Reaktol Catalyseur 20 ml\"}]},{\"@type\":\"WebSite\",\"@id\":\"https:\\\/\\\/districos.standingout.be\\\/fr\\\/#website\",\"url\":\"https:\\\/\\\/districos.standingout.be\\\/fr\\\/\",\"name\":\"Districos Webshop\",\"description\":\"\",\"publisher\":{\"@id\":\"https:\\\/\\\/districos.standingout.be\\\/fr\\\/#organization\"},\"potentialAction\":[{\"@type\":\"SearchAction\",\"target\":{\"@type\":\"EntryPoint\",\"urlTemplate\":\"https:\\\/\\\/districos.standingout.be\\\/fr\\\/?s={search_term_string}\"},\"query-input\":{\"@type\":\"PropertyValueSpecification\",\"valueRequired\":true,\"valueName\":\"search_term_string\"}}],\"inLanguage\":\"fr-FR\"},{\"@type\":\"Organization\",\"@id\":\"https:\\\/\\\/districos.standingout.be\\\/fr\\\/#organization\",\"name\":\"Districos Webshop\",\"url\":\"https:\\\/\\\/districos.standingout.be\\\/fr\\\/\",\"logo\":{\"@type\":\"ImageObject\",\"inLanguage\":\"fr-FR\",\"@id\":\"https:\\\/\\\/districos.standingout.be\\\/fr\\\/#\\\/schema\\\/logo\\\/image\\\/\",\"url\":\"https:\\\/\\\/districos.standingout.be\\\/wp-content\\\/uploads\\\/2022\\\/09\\\/Districos_Logo_Webshop.svg\",\"contentUrl\":\"https:\\\/\\\/districos.standingout.be\\\/wp-content\\\/uploads\\\/2022\\\/09\\\/Districos_Logo_Webshop.svg\",\"caption\":\"Districos Webshop\"},\"image\":{\"@id\":\"https:\\\/\\\/districos.standingout.be\\\/fr\\\/#\\\/schema\\\/logo\\\/image\\\/\"}}]}<\/script>\n<!-- \/ Yoast SEO plugin. -->","yoast_head_json":{"title":"Herbitas Reaktol Catalyseur 20 ml - Districos Webshop","robots":{"index":"noindex","follow":"follow","max-snippet":"max-snippet:-1","max-image-preview":"max-image-preview:large","max-video-preview":"max-video-preview:-1"},"og_locale":"fr_FR","og_type":"article","og_title":"Herbitas Reaktol Catalyseur 20 ml - Districos Webshop","og_description":"Durcit le silicone. Le rapport courant est de +\/- 1 goutte de catalyseur liquide par gramme de silicone. Plus vous ajoutez de catalyseur, plus votre silicone sera solide et plus rapide sera le durcissement. Vous avez des probl\u00e8mes avec le durcissement ? Vous n&rsquo;avez alors pas utilis\u00e9 la bonne quantit\u00e9 de catalyseur ou votre catalyseur [&hellip;]","og_url":"https:\/\/districos.standingout.be\/fr\/product\/herbitas-reaktol-catalyseur-20-ml-ref-5125-25\/","og_site_name":"Districos Webshop","article_modified_time":"2026-04-28T00:55:48+00:00","og_image":[{"width":600,"height":600,"url":"https:\/\/districos.standingout.be\/wp-content\/uploads\/2025\/07\/5125.25@LowRes_1_0.png","type":"image\/png"}],"twitter_card":"summary_large_image","twitter_misc":{"Dur\u00e9e de lecture estim\u00e9e":"1 minute"},"schema":{"@context":"https:\/\/schema.org","@graph":[{"@type":"WebPage","@id":"https:\/\/districos.standingout.be\/fr\/product\/herbitas-reaktol-catalyseur-20-ml-ref-5125-25\/","url":"https:\/\/districos.standingout.be\/fr\/product\/herbitas-reaktol-catalyseur-20-ml-ref-5125-25\/","name":"Herbitas Reaktol Catalyseur 20 ml - Districos Webshop","isPartOf":{"@id":"https:\/\/districos.standingout.be\/fr\/#website"},"primaryImageOfPage":{"@id":"https:\/\/districos.standingout.be\/fr\/product\/herbitas-reaktol-catalyseur-20-ml-ref-5125-25\/#primaryimage"},"image":{"@id":"https:\/\/districos.standingout.be\/fr\/product\/herbitas-reaktol-catalyseur-20-ml-ref-5125-25\/#primaryimage"},"thumbnailUrl":"https:\/\/districos.standingout.be\/wp-content\/uploads\/2025\/07\/5125.25@LowRes_1_0.png","datePublished":"2026-04-28T00:55:46+00:00","dateModified":"2026-04-28T00:55:48+00:00","breadcrumb":{"@id":"https:\/\/districos.standingout.be\/fr\/product\/herbitas-reaktol-catalyseur-20-ml-ref-5125-25\/#breadcrumb"},"inLanguage":"fr-FR","potentialAction":[{"@type":"ReadAction","target":["https:\/\/districos.standingout.be\/fr\/product\/herbitas-reaktol-catalyseur-20-ml-ref-5125-25\/"]}]},{"@type":"ImageObject","inLanguage":"fr-FR","@id":"https:\/\/districos.standingout.be\/fr\/product\/herbitas-reaktol-catalyseur-20-ml-ref-5125-25\/#primaryimage","url":"https:\/\/districos.standingout.be\/wp-content\/uploads\/2025\/07\/5125.25@LowRes_1_0.png","contentUrl":"https:\/\/districos.standingout.be\/wp-content\/uploads\/2025\/07\/5125.25@LowRes_1_0.png","width":600,"height":600},{"@type":"BreadcrumbList","@id":"https:\/\/districos.standingout.be\/fr\/product\/herbitas-reaktol-catalyseur-20-ml-ref-5125-25\/#breadcrumb","itemListElement":[{"@type":"ListItem","position":1,"name":"Home","item":"https:\/\/districos.standingout.be\/fr\/bienvenue-chez-districos\/"},{"@type":"ListItem","position":2,"name":"Boutique","item":"https:\/\/districos.standingout.be\/fr\/boutique\/"},{"@type":"ListItem","position":3,"name":"Herbitas Reaktol Catalyseur 20 ml"}]},{"@type":"WebSite","@id":"https:\/\/districos.standingout.be\/fr\/#website","url":"https:\/\/districos.standingout.be\/fr\/","name":"Districos Webshop","description":"","publisher":{"@id":"https:\/\/districos.standingout.be\/fr\/#organization"},"potentialAction":[{"@type":"SearchAction","target":{"@type":"EntryPoint","urlTemplate":"https:\/\/districos.standingout.be\/fr\/?s={search_term_string}"},"query-input":{"@type":"PropertyValueSpecification","valueRequired":true,"valueName":"search_term_string"}}],"inLanguage":"fr-FR"},{"@type":"Organization","@id":"https:\/\/districos.standingout.be\/fr\/#organization","name":"Districos Webshop","url":"https:\/\/districos.standingout.be\/fr\/","logo":{"@type":"ImageObject","inLanguage":"fr-FR","@id":"https:\/\/districos.standingout.be\/fr\/#\/schema\/logo\/image\/","url":"https:\/\/districos.standingout.be\/wp-content\/uploads\/2022\/09\/Districos_Logo_Webshop.svg","contentUrl":"https:\/\/districos.standingout.be\/wp-content\/uploads\/2022\/09\/Districos_Logo_Webshop.svg","caption":"Districos Webshop"},"image":{"@id":"https:\/\/districos.standingout.be\/fr\/#\/schema\/logo\/image\/"}}]}},"_links":{"self":[{"href":"https:\/\/districos.standingout.be\/fr\/wp-json\/wp\/v2\/product\/134799","targetHints":{"allow":["GET"]}}],"collection":[{"href":"https:\/\/districos.standingout.be\/fr\/wp-json\/wp\/v2\/product"}],"about":[{"href":"https:\/\/districos.standingout.be\/fr\/wp-json\/wp\/v2\/types\/product"}],"replies":[{"embeddable":true,"href":"https:\/\/districos.standingout.be\/fr\/wp-json\/wp\/v2\/comments?post=134799"}],"wp:featuredmedia":[{"embeddable":true,"href":"https:\/\/districos.standingout.be\/fr\/wp-json\/wp\/v2\/media\/72457"}],"wp:attachment":[{"href":"https:\/\/districos.standingout.be\/fr\/wp-json\/wp\/v2\/media?parent=134799"}],"wp:term":[{"taxonomy":"product_brand","embeddable":true,"href":"https:\/\/districos.standingout.be\/fr\/wp-json\/wp\/v2\/product_brand?post=134799"},{"taxonomy":"product_cat","embeddable":true,"href":"https:\/\/districos.standingout.be\/fr\/wp-json\/wp\/v2\/product_cat?post=134799"},{"taxonomy":"product_tag","embeddable":true,"href":"https:\/\/districos.standingout.be\/fr\/wp-json\/wp\/v2\/product_tag?post=134799"}],"curies":[{"name":"wp","href":"https:\/\/api.w.org\/{rel}","templated":true}]}}