{"id":134819,"date":"2026-04-28T02:56:13","date_gmt":"2026-04-28T00:56:13","guid":{"rendered":"https:\/\/webshopdistricoscom.webhosting.be\/product\/herbitas-herbi-feet-correcteur-orteil-marteau-nuit-droite-l-ref-5125-53\/"},"modified":"2026-04-28T02:56:16","modified_gmt":"2026-04-28T00:56:16","slug":"herbitas-herbi-feet-correcteur-orteil-marteau-nuit-droite-l-ref-5125-53","status":"publish","type":"product","link":"https:\/\/districos.standingout.be\/fr\/product\/herbitas-herbi-feet-correcteur-orteil-marteau-nuit-droite-l-ref-5125-53\/","title":{"rendered":"Herbitas Herbi Feet Correcteur Orteil Marteau Nuit Droite L"},"content":{"rendered":"<p >\n<p dir=ltr><b>USAGE RECOMMAND\u00e9: <\/b>Ce produit aide \u00e0 maintenir le gros orteil du pied dans une position correcte pendant la nuit, r\u00e9duisant la douleur de la pression de la phalangette, aidant \u00e0 freiner son d\u00e9veloppement. Il est \u00e9galement recommand\u00e9 apr\u00e8s une op\u00e9ration de phalangettes, pendant les soins post-op\u00e9ratoires. <\/p>\n<p> <b>MODE D\u2019EMPLOI: <\/b>Placez l\u2019attelle dans le premier espace entre les orteils de sorte que le c\u00f4t\u00e9 concave\/creux de l\u2019attelle corresponde au c\u00f4t\u00e9 du gros orteil (entre le gros orteil et le deuxi\u00e8me orteil). Veillez \u00e0 ce que la bande de cuir soit plac\u00e9e sur le m\u00e9tatarse du premier orteil (PAS sur l\u2019articulation Hallux Valgus). Le velcro doit \u00eatre ajust\u00e9 jusqu\u2019\u00e0 ce qu\u2019il soit bien plac\u00e9 \u00e0 l\u2019ext\u00e9rieur du pied.<\/p>\n<p> <b>COMPOSITION: <\/b>L\u2019attelle est en plastique semi-rigide. Velcro ajustable. La surface de contact avec le pied est constitu\u00e9e d\u2019une mousse de latex qui est doubl\u00e9e de tissu de coton d\u2019un c\u00f4t\u00e9 et de simili-cuir de l\u2019autre..<\/p>\n<p> <b>PRECAUTIONS D\u2019EMLPOI: <\/b>Ne forcez pas l\u2019articulation dans une position qui pourrait provoquer un engourdissement ou des douleurs. Il est recommand\u00e9 d\u2019appliquer la correction progressivement en augmentant la pression. Ainsi, l\u2019articulation et les tissus mous (osseux) peuvent s\u2019habituer lentement \u00e0 la nouvelle position. Si l\u2019inconfort prend le dessus, ne portez l\u2019attelle que pendant une partie des premi\u00e8res nuits. Consultez un sp\u00e9cialiste si la douleur persiste.<\/p><\/p>\n","protected":false},"excerpt":{"rendered":"<p>USAGE RECOMMAND\u00e9: Ce produit aide \u00e0 maintenir le gros orteil du pied dans une position correcte pendant la nuit, r\u00e9duisant la douleur de la pression de la phalangette, aidant \u00e0 freiner son d\u00e9veloppement. Il est \u00e9galement recommand\u00e9 apr\u00e8s une op\u00e9ration de phalangettes, pendant les soins post-op\u00e9ratoires. MODE D\u2019EMPLOI: Placez l\u2019attelle dans le premier espace entre [&hellip;]<\/p>\n","protected":false},"featured_media":108538,"comment_status":"open","ping_status":"closed","template":"","meta":{"_acf_changed":false},"product_brand":[10432],"product_cat":[10008,10128,10186,9998,9954],"product_tag":[],"class_list":{"0":"post-134819","1":"product","2":"type-product","3":"status-publish","4":"has-post-thumbnail","6":"product_brand-herbitas-fr","7":"product_cat-soins-des-pieds-podologie-premiers-secours-soins-des-plaies-attelles","8":"product_cat-hygiene-articles-jetables-premiers-secours-soins-des-plaies-attelles","9":"product_cat-fournitures-pour-cabinet-premiers-secours-soins-des-plaies-attelles","10":"product_cat-soins-des-pieds-podologie-soulagement-de-la-pression-bandages-anti-pression","11":"product_cat-beaute-pedicure-soulagement-de-la-pression","13":"first","14":"outofstock","15":"taxable","16":"shipping-taxable","17":"product-type-simple"},"acf":[],"yoast_head":"<!-- This site is optimized with the Yoast SEO plugin v27.3 - https:\/\/yoast.com\/product\/yoast-seo-wordpress\/ -->\n<title>Herbitas Herbi Feet Correcteur Orteil Marteau Nuit Droite L - Districos Webshop<\/title>\n<meta name=\"robots\" content=\"noindex, follow, max-snippet:-1, max-image-preview:large, max-video-preview:-1\" \/>\n<meta property=\"og:locale\" content=\"fr_FR\" \/>\n<meta property=\"og:type\" content=\"article\" \/>\n<meta property=\"og:title\" content=\"Herbitas Herbi Feet Correcteur Orteil Marteau Nuit Droite L - Districos Webshop\" \/>\n<meta property=\"og:description\" content=\"USAGE RECOMMAND\u00e9: Ce produit aide \u00e0 maintenir le gros orteil du pied dans une position correcte pendant la nuit, r\u00e9duisant la douleur de la pression de la phalangette, aidant \u00e0 freiner son d\u00e9veloppement. Il est \u00e9galement recommand\u00e9 apr\u00e8s une op\u00e9ration de phalangettes, pendant les soins post-op\u00e9ratoires. MODE D\u2019EMPLOI: Placez l\u2019attelle dans le premier espace entre [&hellip;]\" \/>\n<meta property=\"og:url\" content=\"https:\/\/districos.standingout.be\/fr\/product\/herbitas-herbi-feet-correcteur-orteil-marteau-nuit-droite-l-ref-5125-53\/\" \/>\n<meta property=\"og:site_name\" content=\"Districos Webshop\" \/>\n<meta property=\"article:modified_time\" content=\"2026-04-28T00:56:16+00:00\" \/>\n<meta property=\"og:image\" content=\"https:\/\/districos.standingout.be\/wp-content\/uploads\/2026\/03\/5125.53@LowRes_1_0.png\" \/>\n\t<meta property=\"og:image:width\" content=\"600\" \/>\n\t<meta property=\"og:image:height\" content=\"600\" \/>\n\t<meta property=\"og:image:type\" content=\"image\/png\" \/>\n<meta name=\"twitter:card\" content=\"summary_large_image\" \/>\n<meta name=\"twitter:label1\" content=\"Dur\u00e9e de lecture estim\u00e9e\" \/>\n\t<meta name=\"twitter:data1\" content=\"1 minute\" \/>\n<script type=\"application\/ld+json\" class=\"yoast-schema-graph\">{\"@context\":\"https:\\\/\\\/schema.org\",\"@graph\":[{\"@type\":\"WebPage\",\"@id\":\"https:\\\/\\\/districos.standingout.be\\\/fr\\\/product\\\/herbitas-herbi-feet-correcteur-orteil-marteau-nuit-droite-l-ref-5125-53\\\/\",\"url\":\"https:\\\/\\\/districos.standingout.be\\\/fr\\\/product\\\/herbitas-herbi-feet-correcteur-orteil-marteau-nuit-droite-l-ref-5125-53\\\/\",\"name\":\"Herbitas Herbi Feet Correcteur Orteil Marteau Nuit Droite L - Districos Webshop\",\"isPartOf\":{\"@id\":\"https:\\\/\\\/districos.standingout.be\\\/fr\\\/#website\"},\"primaryImageOfPage\":{\"@id\":\"https:\\\/\\\/districos.standingout.be\\\/fr\\\/product\\\/herbitas-herbi-feet-correcteur-orteil-marteau-nuit-droite-l-ref-5125-53\\\/#primaryimage\"},\"image\":{\"@id\":\"https:\\\/\\\/districos.standingout.be\\\/fr\\\/product\\\/herbitas-herbi-feet-correcteur-orteil-marteau-nuit-droite-l-ref-5125-53\\\/#primaryimage\"},\"thumbnailUrl\":\"https:\\\/\\\/districos.standingout.be\\\/wp-content\\\/uploads\\\/2026\\\/03\\\/5125.53@LowRes_1_0.png\",\"datePublished\":\"2026-04-28T00:56:13+00:00\",\"dateModified\":\"2026-04-28T00:56:16+00:00\",\"breadcrumb\":{\"@id\":\"https:\\\/\\\/districos.standingout.be\\\/fr\\\/product\\\/herbitas-herbi-feet-correcteur-orteil-marteau-nuit-droite-l-ref-5125-53\\\/#breadcrumb\"},\"inLanguage\":\"fr-FR\",\"potentialAction\":[{\"@type\":\"ReadAction\",\"target\":[\"https:\\\/\\\/districos.standingout.be\\\/fr\\\/product\\\/herbitas-herbi-feet-correcteur-orteil-marteau-nuit-droite-l-ref-5125-53\\\/\"]}]},{\"@type\":\"ImageObject\",\"inLanguage\":\"fr-FR\",\"@id\":\"https:\\\/\\\/districos.standingout.be\\\/fr\\\/product\\\/herbitas-herbi-feet-correcteur-orteil-marteau-nuit-droite-l-ref-5125-53\\\/#primaryimage\",\"url\":\"https:\\\/\\\/districos.standingout.be\\\/wp-content\\\/uploads\\\/2026\\\/03\\\/5125.53@LowRes_1_0.png\",\"contentUrl\":\"https:\\\/\\\/districos.standingout.be\\\/wp-content\\\/uploads\\\/2026\\\/03\\\/5125.53@LowRes_1_0.png\",\"width\":600,\"height\":600},{\"@type\":\"BreadcrumbList\",\"@id\":\"https:\\\/\\\/districos.standingout.be\\\/fr\\\/product\\\/herbitas-herbi-feet-correcteur-orteil-marteau-nuit-droite-l-ref-5125-53\\\/#breadcrumb\",\"itemListElement\":[{\"@type\":\"ListItem\",\"position\":1,\"name\":\"Home\",\"item\":\"https:\\\/\\\/districos.standingout.be\\\/fr\\\/bienvenue-chez-districos\\\/\"},{\"@type\":\"ListItem\",\"position\":2,\"name\":\"Boutique\",\"item\":\"https:\\\/\\\/districos.standingout.be\\\/fr\\\/boutique\\\/\"},{\"@type\":\"ListItem\",\"position\":3,\"name\":\"Herbitas Herbi Feet Correcteur Orteil Marteau Nuit Droite L\"}]},{\"@type\":\"WebSite\",\"@id\":\"https:\\\/\\\/districos.standingout.be\\\/fr\\\/#website\",\"url\":\"https:\\\/\\\/districos.standingout.be\\\/fr\\\/\",\"name\":\"Districos Webshop\",\"description\":\"\",\"publisher\":{\"@id\":\"https:\\\/\\\/districos.standingout.be\\\/fr\\\/#organization\"},\"potentialAction\":[{\"@type\":\"SearchAction\",\"target\":{\"@type\":\"EntryPoint\",\"urlTemplate\":\"https:\\\/\\\/districos.standingout.be\\\/fr\\\/?s={search_term_string}\"},\"query-input\":{\"@type\":\"PropertyValueSpecification\",\"valueRequired\":true,\"valueName\":\"search_term_string\"}}],\"inLanguage\":\"fr-FR\"},{\"@type\":\"Organization\",\"@id\":\"https:\\\/\\\/districos.standingout.be\\\/fr\\\/#organization\",\"name\":\"Districos Webshop\",\"url\":\"https:\\\/\\\/districos.standingout.be\\\/fr\\\/\",\"logo\":{\"@type\":\"ImageObject\",\"inLanguage\":\"fr-FR\",\"@id\":\"https:\\\/\\\/districos.standingout.be\\\/fr\\\/#\\\/schema\\\/logo\\\/image\\\/\",\"url\":\"https:\\\/\\\/districos.standingout.be\\\/wp-content\\\/uploads\\\/2022\\\/09\\\/Districos_Logo_Webshop.svg\",\"contentUrl\":\"https:\\\/\\\/districos.standingout.be\\\/wp-content\\\/uploads\\\/2022\\\/09\\\/Districos_Logo_Webshop.svg\",\"caption\":\"Districos Webshop\"},\"image\":{\"@id\":\"https:\\\/\\\/districos.standingout.be\\\/fr\\\/#\\\/schema\\\/logo\\\/image\\\/\"}}]}<\/script>\n<!-- \/ Yoast SEO plugin. -->","yoast_head_json":{"title":"Herbitas Herbi Feet Correcteur Orteil Marteau Nuit Droite L - Districos Webshop","robots":{"index":"noindex","follow":"follow","max-snippet":"max-snippet:-1","max-image-preview":"max-image-preview:large","max-video-preview":"max-video-preview:-1"},"og_locale":"fr_FR","og_type":"article","og_title":"Herbitas Herbi Feet Correcteur Orteil Marteau Nuit Droite L - Districos Webshop","og_description":"USAGE RECOMMAND\u00e9: Ce produit aide \u00e0 maintenir le gros orteil du pied dans une position correcte pendant la nuit, r\u00e9duisant la douleur de la pression de la phalangette, aidant \u00e0 freiner son d\u00e9veloppement. Il est \u00e9galement recommand\u00e9 apr\u00e8s une op\u00e9ration de phalangettes, pendant les soins post-op\u00e9ratoires. MODE D\u2019EMPLOI: Placez l\u2019attelle dans le premier espace entre [&hellip;]","og_url":"https:\/\/districos.standingout.be\/fr\/product\/herbitas-herbi-feet-correcteur-orteil-marteau-nuit-droite-l-ref-5125-53\/","og_site_name":"Districos Webshop","article_modified_time":"2026-04-28T00:56:16+00:00","og_image":[{"width":600,"height":600,"url":"https:\/\/districos.standingout.be\/wp-content\/uploads\/2026\/03\/5125.53@LowRes_1_0.png","type":"image\/png"}],"twitter_card":"summary_large_image","twitter_misc":{"Dur\u00e9e de lecture estim\u00e9e":"1 minute"},"schema":{"@context":"https:\/\/schema.org","@graph":[{"@type":"WebPage","@id":"https:\/\/districos.standingout.be\/fr\/product\/herbitas-herbi-feet-correcteur-orteil-marteau-nuit-droite-l-ref-5125-53\/","url":"https:\/\/districos.standingout.be\/fr\/product\/herbitas-herbi-feet-correcteur-orteil-marteau-nuit-droite-l-ref-5125-53\/","name":"Herbitas Herbi Feet Correcteur Orteil Marteau Nuit Droite L - Districos Webshop","isPartOf":{"@id":"https:\/\/districos.standingout.be\/fr\/#website"},"primaryImageOfPage":{"@id":"https:\/\/districos.standingout.be\/fr\/product\/herbitas-herbi-feet-correcteur-orteil-marteau-nuit-droite-l-ref-5125-53\/#primaryimage"},"image":{"@id":"https:\/\/districos.standingout.be\/fr\/product\/herbitas-herbi-feet-correcteur-orteil-marteau-nuit-droite-l-ref-5125-53\/#primaryimage"},"thumbnailUrl":"https:\/\/districos.standingout.be\/wp-content\/uploads\/2026\/03\/5125.53@LowRes_1_0.png","datePublished":"2026-04-28T00:56:13+00:00","dateModified":"2026-04-28T00:56:16+00:00","breadcrumb":{"@id":"https:\/\/districos.standingout.be\/fr\/product\/herbitas-herbi-feet-correcteur-orteil-marteau-nuit-droite-l-ref-5125-53\/#breadcrumb"},"inLanguage":"fr-FR","potentialAction":[{"@type":"ReadAction","target":["https:\/\/districos.standingout.be\/fr\/product\/herbitas-herbi-feet-correcteur-orteil-marteau-nuit-droite-l-ref-5125-53\/"]}]},{"@type":"ImageObject","inLanguage":"fr-FR","@id":"https:\/\/districos.standingout.be\/fr\/product\/herbitas-herbi-feet-correcteur-orteil-marteau-nuit-droite-l-ref-5125-53\/#primaryimage","url":"https:\/\/districos.standingout.be\/wp-content\/uploads\/2026\/03\/5125.53@LowRes_1_0.png","contentUrl":"https:\/\/districos.standingout.be\/wp-content\/uploads\/2026\/03\/5125.53@LowRes_1_0.png","width":600,"height":600},{"@type":"BreadcrumbList","@id":"https:\/\/districos.standingout.be\/fr\/product\/herbitas-herbi-feet-correcteur-orteil-marteau-nuit-droite-l-ref-5125-53\/#breadcrumb","itemListElement":[{"@type":"ListItem","position":1,"name":"Home","item":"https:\/\/districos.standingout.be\/fr\/bienvenue-chez-districos\/"},{"@type":"ListItem","position":2,"name":"Boutique","item":"https:\/\/districos.standingout.be\/fr\/boutique\/"},{"@type":"ListItem","position":3,"name":"Herbitas Herbi Feet Correcteur Orteil Marteau Nuit Droite L"}]},{"@type":"WebSite","@id":"https:\/\/districos.standingout.be\/fr\/#website","url":"https:\/\/districos.standingout.be\/fr\/","name":"Districos Webshop","description":"","publisher":{"@id":"https:\/\/districos.standingout.be\/fr\/#organization"},"potentialAction":[{"@type":"SearchAction","target":{"@type":"EntryPoint","urlTemplate":"https:\/\/districos.standingout.be\/fr\/?s={search_term_string}"},"query-input":{"@type":"PropertyValueSpecification","valueRequired":true,"valueName":"search_term_string"}}],"inLanguage":"fr-FR"},{"@type":"Organization","@id":"https:\/\/districos.standingout.be\/fr\/#organization","name":"Districos Webshop","url":"https:\/\/districos.standingout.be\/fr\/","logo":{"@type":"ImageObject","inLanguage":"fr-FR","@id":"https:\/\/districos.standingout.be\/fr\/#\/schema\/logo\/image\/","url":"https:\/\/districos.standingout.be\/wp-content\/uploads\/2022\/09\/Districos_Logo_Webshop.svg","contentUrl":"https:\/\/districos.standingout.be\/wp-content\/uploads\/2022\/09\/Districos_Logo_Webshop.svg","caption":"Districos Webshop"},"image":{"@id":"https:\/\/districos.standingout.be\/fr\/#\/schema\/logo\/image\/"}}]}},"_links":{"self":[{"href":"https:\/\/districos.standingout.be\/fr\/wp-json\/wp\/v2\/product\/134819","targetHints":{"allow":["GET"]}}],"collection":[{"href":"https:\/\/districos.standingout.be\/fr\/wp-json\/wp\/v2\/product"}],"about":[{"href":"https:\/\/districos.standingout.be\/fr\/wp-json\/wp\/v2\/types\/product"}],"replies":[{"embeddable":true,"href":"https:\/\/districos.standingout.be\/fr\/wp-json\/wp\/v2\/comments?post=134819"}],"wp:featuredmedia":[{"embeddable":true,"href":"https:\/\/districos.standingout.be\/fr\/wp-json\/wp\/v2\/media\/108538"}],"wp:attachment":[{"href":"https:\/\/districos.standingout.be\/fr\/wp-json\/wp\/v2\/media?parent=134819"}],"wp:term":[{"taxonomy":"product_brand","embeddable":true,"href":"https:\/\/districos.standingout.be\/fr\/wp-json\/wp\/v2\/product_brand?post=134819"},{"taxonomy":"product_cat","embeddable":true,"href":"https:\/\/districos.standingout.be\/fr\/wp-json\/wp\/v2\/product_cat?post=134819"},{"taxonomy":"product_tag","embeddable":true,"href":"https:\/\/districos.standingout.be\/fr\/wp-json\/wp\/v2\/product_tag?post=134819"}],"curies":[{"name":"wp","href":"https:\/\/api.w.org\/{rel}","templated":true}]}}