{"id":134827,"date":"2026-04-28T03:00:58","date_gmt":"2026-04-28T01:00:58","guid":{"rendered":"https:\/\/webshopdistricoscom.webhosting.be\/product\/gehwol-fusskraft-bleu-creme-intense-peaux-seches-500-ml-ref-5201-01c\/"},"modified":"2026-04-28T03:01:02","modified_gmt":"2026-04-28T01:01:02","slug":"gehwol-fusskraft-bleu-creme-intense-peaux-seches-500-ml-ref-5201-01c","status":"publish","type":"product","link":"https:\/\/districos.standingout.be\/fr\/product\/gehwol-fusskraft-bleu-creme-intense-peaux-seches-500-ml-ref-5201-01c\/","title":{"rendered":"Gehwol Fusskraft Bleu\/ Cr\u00e8me Intense Peaux S\u00e8ches 500 ml"},"content":{"rendered":"<p >\n<p dir=ltr>Cr\u00e8me pour les pieds hydratante et naturellement rafra\u00eechissante pour les peaux s\u00e8ches, rugueuses et sensibles. Elle r\u00e9duit la formation excessive de callosit\u00e9s et les d\u00e9mangeaisons et soulage les pieds douloureux. <\/p>\n<p> Emballage : flacon cabine de 500 ml \u00e0 pompe de dosage<\/p>\n<p> \u00c9galement disponible : Tube de vente de 75 ml, Tube de 125 ml<\/p><\/p>\n","protected":false},"excerpt":{"rendered":"<p>Cr\u00e8me pour les pieds hydratante et naturellement rafra\u00eechissante pour les peaux s\u00e8ches, rugueuses et sensibles. Elle r\u00e9duit la formation excessive de callosit\u00e9s et les d\u00e9mangeaisons et soulage les pieds douloureux. Emballage : flacon cabine de 500 ml \u00e0 pompe de dosage \u00c9galement disponible : Tube de vente de 75 ml, Tube de 125 ml<\/p>\n","protected":false},"featured_media":144456,"comment_status":"open","ping_status":"closed","template":"","meta":{"_acf_changed":false},"product_brand":[10408],"product_cat":[10078,10084,9946],"product_tag":[],"class_list":{"0":"post-134827","1":"product","2":"type-product","3":"status-publish","4":"has-post-thumbnail","6":"product_brand-gehwol-fr","7":"product_cat-soins-des-pieds-podologie-produits-de-soin-cremes-lotions","8":"product_cat-soins-des-pieds-podologie-produits-de-soin-gehwoll","9":"product_cat-beaute-pedicure-produits-de-soin","11":"first","12":"instock","13":"taxable","14":"shipping-taxable","15":"product-type-simple"},"acf":[],"yoast_head":"<!-- This site is optimized with the Yoast SEO plugin v27.3 - https:\/\/yoast.com\/product\/yoast-seo-wordpress\/ -->\n<title>Gehwol Fusskraft Bleu\/ Cr\u00e8me Intense Peaux S\u00e8ches 500 ml - Districos Webshop<\/title>\n<meta name=\"robots\" content=\"noindex, follow, max-snippet:-1, max-image-preview:large, max-video-preview:-1\" \/>\n<meta property=\"og:locale\" content=\"fr_FR\" \/>\n<meta property=\"og:type\" content=\"article\" \/>\n<meta property=\"og:title\" content=\"Gehwol Fusskraft Bleu\/ Cr\u00e8me Intense Peaux S\u00e8ches 500 ml - Districos Webshop\" \/>\n<meta property=\"og:description\" content=\"Cr\u00e8me pour les pieds hydratante et naturellement rafra\u00eechissante pour les peaux s\u00e8ches, rugueuses et sensibles. Elle r\u00e9duit la formation excessive de callosit\u00e9s et les d\u00e9mangeaisons et soulage les pieds douloureux. Emballage : flacon cabine de 500 ml \u00e0 pompe de dosage \u00c9galement disponible : Tube de vente de 75 ml, Tube de 125 ml\" \/>\n<meta property=\"og:url\" content=\"https:\/\/districos.standingout.be\/fr\/product\/gehwol-fusskraft-bleu-creme-intense-peaux-seches-500-ml-ref-5201-01c\/\" \/>\n<meta property=\"og:site_name\" content=\"Districos Webshop\" \/>\n<meta property=\"article:modified_time\" content=\"2026-04-28T01:01:02+00:00\" \/>\n<meta property=\"og:image\" content=\"https:\/\/districos.standingout.be\/wp-content\/uploads\/2026\/04\/5201.01C@Fusskraft-Blauw-500-ml_1-2.png\" \/>\n\t<meta property=\"og:image:width\" content=\"600\" \/>\n\t<meta property=\"og:image:height\" content=\"600\" \/>\n\t<meta property=\"og:image:type\" content=\"image\/png\" \/>\n<meta name=\"twitter:card\" content=\"summary_large_image\" \/>\n<script type=\"application\/ld+json\" class=\"yoast-schema-graph\">{\"@context\":\"https:\\\/\\\/schema.org\",\"@graph\":[{\"@type\":\"WebPage\",\"@id\":\"https:\\\/\\\/districos.standingout.be\\\/fr\\\/product\\\/gehwol-fusskraft-bleu-creme-intense-peaux-seches-500-ml-ref-5201-01c\\\/\",\"url\":\"https:\\\/\\\/districos.standingout.be\\\/fr\\\/product\\\/gehwol-fusskraft-bleu-creme-intense-peaux-seches-500-ml-ref-5201-01c\\\/\",\"name\":\"Gehwol Fusskraft Bleu\\\/ Cr\u00e8me Intense Peaux S\u00e8ches 500 ml - Districos Webshop\",\"isPartOf\":{\"@id\":\"https:\\\/\\\/districos.standingout.be\\\/fr\\\/#website\"},\"primaryImageOfPage\":{\"@id\":\"https:\\\/\\\/districos.standingout.be\\\/fr\\\/product\\\/gehwol-fusskraft-bleu-creme-intense-peaux-seches-500-ml-ref-5201-01c\\\/#primaryimage\"},\"image\":{\"@id\":\"https:\\\/\\\/districos.standingout.be\\\/fr\\\/product\\\/gehwol-fusskraft-bleu-creme-intense-peaux-seches-500-ml-ref-5201-01c\\\/#primaryimage\"},\"thumbnailUrl\":\"https:\\\/\\\/districos.standingout.be\\\/wp-content\\\/uploads\\\/2026\\\/04\\\/5201.01C@Fusskraft-Blauw-500-ml_1-3.png\",\"datePublished\":\"2026-04-28T01:00:58+00:00\",\"dateModified\":\"2026-04-28T01:01:02+00:00\",\"breadcrumb\":{\"@id\":\"https:\\\/\\\/districos.standingout.be\\\/fr\\\/product\\\/gehwol-fusskraft-bleu-creme-intense-peaux-seches-500-ml-ref-5201-01c\\\/#breadcrumb\"},\"inLanguage\":\"fr-FR\",\"potentialAction\":[{\"@type\":\"ReadAction\",\"target\":[\"https:\\\/\\\/districos.standingout.be\\\/fr\\\/product\\\/gehwol-fusskraft-bleu-creme-intense-peaux-seches-500-ml-ref-5201-01c\\\/\"]}]},{\"@type\":\"ImageObject\",\"inLanguage\":\"fr-FR\",\"@id\":\"https:\\\/\\\/districos.standingout.be\\\/fr\\\/product\\\/gehwol-fusskraft-bleu-creme-intense-peaux-seches-500-ml-ref-5201-01c\\\/#primaryimage\",\"url\":\"https:\\\/\\\/districos.standingout.be\\\/wp-content\\\/uploads\\\/2026\\\/04\\\/5201.01C@Fusskraft-Blauw-500-ml_1-3.png\",\"contentUrl\":\"https:\\\/\\\/districos.standingout.be\\\/wp-content\\\/uploads\\\/2026\\\/04\\\/5201.01C@Fusskraft-Blauw-500-ml_1-3.png\",\"width\":600,\"height\":600},{\"@type\":\"BreadcrumbList\",\"@id\":\"https:\\\/\\\/districos.standingout.be\\\/fr\\\/product\\\/gehwol-fusskraft-bleu-creme-intense-peaux-seches-500-ml-ref-5201-01c\\\/#breadcrumb\",\"itemListElement\":[{\"@type\":\"ListItem\",\"position\":1,\"name\":\"Home\",\"item\":\"https:\\\/\\\/districos.standingout.be\\\/fr\\\/bienvenue-chez-districos\\\/\"},{\"@type\":\"ListItem\",\"position\":2,\"name\":\"Boutique\",\"item\":\"https:\\\/\\\/districos.standingout.be\\\/fr\\\/boutique\\\/\"},{\"@type\":\"ListItem\",\"position\":3,\"name\":\"Gehwol Fusskraft Bleu\\\/ Cr\u00e8me Intense Peaux S\u00e8ches 500 ml\"}]},{\"@type\":\"WebSite\",\"@id\":\"https:\\\/\\\/districos.standingout.be\\\/fr\\\/#website\",\"url\":\"https:\\\/\\\/districos.standingout.be\\\/fr\\\/\",\"name\":\"Districos Webshop\",\"description\":\"\",\"publisher\":{\"@id\":\"https:\\\/\\\/districos.standingout.be\\\/fr\\\/#organization\"},\"potentialAction\":[{\"@type\":\"SearchAction\",\"target\":{\"@type\":\"EntryPoint\",\"urlTemplate\":\"https:\\\/\\\/districos.standingout.be\\\/fr\\\/?s={search_term_string}\"},\"query-input\":{\"@type\":\"PropertyValueSpecification\",\"valueRequired\":true,\"valueName\":\"search_term_string\"}}],\"inLanguage\":\"fr-FR\"},{\"@type\":\"Organization\",\"@id\":\"https:\\\/\\\/districos.standingout.be\\\/fr\\\/#organization\",\"name\":\"Districos Webshop\",\"url\":\"https:\\\/\\\/districos.standingout.be\\\/fr\\\/\",\"logo\":{\"@type\":\"ImageObject\",\"inLanguage\":\"fr-FR\",\"@id\":\"https:\\\/\\\/districos.standingout.be\\\/fr\\\/#\\\/schema\\\/logo\\\/image\\\/\",\"url\":\"https:\\\/\\\/districos.standingout.be\\\/wp-content\\\/uploads\\\/2022\\\/09\\\/Districos_Logo_Webshop.svg\",\"contentUrl\":\"https:\\\/\\\/districos.standingout.be\\\/wp-content\\\/uploads\\\/2022\\\/09\\\/Districos_Logo_Webshop.svg\",\"caption\":\"Districos Webshop\"},\"image\":{\"@id\":\"https:\\\/\\\/districos.standingout.be\\\/fr\\\/#\\\/schema\\\/logo\\\/image\\\/\"}}]}<\/script>\n<!-- \/ Yoast SEO plugin. -->","yoast_head_json":{"title":"Gehwol Fusskraft Bleu\/ Cr\u00e8me Intense Peaux S\u00e8ches 500 ml - Districos Webshop","robots":{"index":"noindex","follow":"follow","max-snippet":"max-snippet:-1","max-image-preview":"max-image-preview:large","max-video-preview":"max-video-preview:-1"},"og_locale":"fr_FR","og_type":"article","og_title":"Gehwol Fusskraft Bleu\/ Cr\u00e8me Intense Peaux S\u00e8ches 500 ml - Districos Webshop","og_description":"Cr\u00e8me pour les pieds hydratante et naturellement rafra\u00eechissante pour les peaux s\u00e8ches, rugueuses et sensibles. Elle r\u00e9duit la formation excessive de callosit\u00e9s et les d\u00e9mangeaisons et soulage les pieds douloureux. Emballage : flacon cabine de 500 ml \u00e0 pompe de dosage \u00c9galement disponible : Tube de vente de 75 ml, Tube de 125 ml","og_url":"https:\/\/districos.standingout.be\/fr\/product\/gehwol-fusskraft-bleu-creme-intense-peaux-seches-500-ml-ref-5201-01c\/","og_site_name":"Districos Webshop","article_modified_time":"2026-04-28T01:01:02+00:00","og_image":[{"width":600,"height":600,"url":"https:\/\/districos.standingout.be\/wp-content\/uploads\/2026\/04\/5201.01C@Fusskraft-Blauw-500-ml_1-2.png","type":"image\/png"}],"twitter_card":"summary_large_image","schema":{"@context":"https:\/\/schema.org","@graph":[{"@type":"WebPage","@id":"https:\/\/districos.standingout.be\/fr\/product\/gehwol-fusskraft-bleu-creme-intense-peaux-seches-500-ml-ref-5201-01c\/","url":"https:\/\/districos.standingout.be\/fr\/product\/gehwol-fusskraft-bleu-creme-intense-peaux-seches-500-ml-ref-5201-01c\/","name":"Gehwol Fusskraft Bleu\/ Cr\u00e8me Intense Peaux S\u00e8ches 500 ml - Districos Webshop","isPartOf":{"@id":"https:\/\/districos.standingout.be\/fr\/#website"},"primaryImageOfPage":{"@id":"https:\/\/districos.standingout.be\/fr\/product\/gehwol-fusskraft-bleu-creme-intense-peaux-seches-500-ml-ref-5201-01c\/#primaryimage"},"image":{"@id":"https:\/\/districos.standingout.be\/fr\/product\/gehwol-fusskraft-bleu-creme-intense-peaux-seches-500-ml-ref-5201-01c\/#primaryimage"},"thumbnailUrl":"https:\/\/districos.standingout.be\/wp-content\/uploads\/2026\/04\/5201.01C@Fusskraft-Blauw-500-ml_1-3.png","datePublished":"2026-04-28T01:00:58+00:00","dateModified":"2026-04-28T01:01:02+00:00","breadcrumb":{"@id":"https:\/\/districos.standingout.be\/fr\/product\/gehwol-fusskraft-bleu-creme-intense-peaux-seches-500-ml-ref-5201-01c\/#breadcrumb"},"inLanguage":"fr-FR","potentialAction":[{"@type":"ReadAction","target":["https:\/\/districos.standingout.be\/fr\/product\/gehwol-fusskraft-bleu-creme-intense-peaux-seches-500-ml-ref-5201-01c\/"]}]},{"@type":"ImageObject","inLanguage":"fr-FR","@id":"https:\/\/districos.standingout.be\/fr\/product\/gehwol-fusskraft-bleu-creme-intense-peaux-seches-500-ml-ref-5201-01c\/#primaryimage","url":"https:\/\/districos.standingout.be\/wp-content\/uploads\/2026\/04\/5201.01C@Fusskraft-Blauw-500-ml_1-3.png","contentUrl":"https:\/\/districos.standingout.be\/wp-content\/uploads\/2026\/04\/5201.01C@Fusskraft-Blauw-500-ml_1-3.png","width":600,"height":600},{"@type":"BreadcrumbList","@id":"https:\/\/districos.standingout.be\/fr\/product\/gehwol-fusskraft-bleu-creme-intense-peaux-seches-500-ml-ref-5201-01c\/#breadcrumb","itemListElement":[{"@type":"ListItem","position":1,"name":"Home","item":"https:\/\/districos.standingout.be\/fr\/bienvenue-chez-districos\/"},{"@type":"ListItem","position":2,"name":"Boutique","item":"https:\/\/districos.standingout.be\/fr\/boutique\/"},{"@type":"ListItem","position":3,"name":"Gehwol Fusskraft Bleu\/ Cr\u00e8me Intense Peaux S\u00e8ches 500 ml"}]},{"@type":"WebSite","@id":"https:\/\/districos.standingout.be\/fr\/#website","url":"https:\/\/districos.standingout.be\/fr\/","name":"Districos Webshop","description":"","publisher":{"@id":"https:\/\/districos.standingout.be\/fr\/#organization"},"potentialAction":[{"@type":"SearchAction","target":{"@type":"EntryPoint","urlTemplate":"https:\/\/districos.standingout.be\/fr\/?s={search_term_string}"},"query-input":{"@type":"PropertyValueSpecification","valueRequired":true,"valueName":"search_term_string"}}],"inLanguage":"fr-FR"},{"@type":"Organization","@id":"https:\/\/districos.standingout.be\/fr\/#organization","name":"Districos Webshop","url":"https:\/\/districos.standingout.be\/fr\/","logo":{"@type":"ImageObject","inLanguage":"fr-FR","@id":"https:\/\/districos.standingout.be\/fr\/#\/schema\/logo\/image\/","url":"https:\/\/districos.standingout.be\/wp-content\/uploads\/2022\/09\/Districos_Logo_Webshop.svg","contentUrl":"https:\/\/districos.standingout.be\/wp-content\/uploads\/2022\/09\/Districos_Logo_Webshop.svg","caption":"Districos Webshop"},"image":{"@id":"https:\/\/districos.standingout.be\/fr\/#\/schema\/logo\/image\/"}}]}},"_links":{"self":[{"href":"https:\/\/districos.standingout.be\/fr\/wp-json\/wp\/v2\/product\/134827","targetHints":{"allow":["GET"]}}],"collection":[{"href":"https:\/\/districos.standingout.be\/fr\/wp-json\/wp\/v2\/product"}],"about":[{"href":"https:\/\/districos.standingout.be\/fr\/wp-json\/wp\/v2\/types\/product"}],"replies":[{"embeddable":true,"href":"https:\/\/districos.standingout.be\/fr\/wp-json\/wp\/v2\/comments?post=134827"}],"wp:featuredmedia":[{"embeddable":true,"href":"https:\/\/districos.standingout.be\/fr\/wp-json\/wp\/v2\/media\/144456"}],"wp:attachment":[{"href":"https:\/\/districos.standingout.be\/fr\/wp-json\/wp\/v2\/media?parent=134827"}],"wp:term":[{"taxonomy":"product_brand","embeddable":true,"href":"https:\/\/districos.standingout.be\/fr\/wp-json\/wp\/v2\/product_brand?post=134827"},{"taxonomy":"product_cat","embeddable":true,"href":"https:\/\/districos.standingout.be\/fr\/wp-json\/wp\/v2\/product_cat?post=134827"},{"taxonomy":"product_tag","embeddable":true,"href":"https:\/\/districos.standingout.be\/fr\/wp-json\/wp\/v2\/product_tag?post=134827"}],"curies":[{"name":"wp","href":"https:\/\/api.w.org\/{rel}","templated":true}]}}