{"id":134883,"date":"2026-04-28T03:06:14","date_gmt":"2026-04-28T01:06:14","guid":{"rendered":"https:\/\/webshopdistricoscom.webhosting.be\/product\/gehwol-fusskraft-soft-feet-bain-de-soin-200-ml-ref-5201-18g\/"},"modified":"2026-04-28T03:06:18","modified_gmt":"2026-04-28T01:06:18","slug":"gehwol-fusskraft-soft-feet-bain-de-soin-200-ml-ref-5201-18g","status":"publish","type":"product","link":"https:\/\/districos.standingout.be\/fr\/product\/gehwol-fusskraft-soft-feet-bain-de-soin-200-ml-ref-5201-18g\/","title":{"rendered":"Gehwol Fusskraft Soft Feet Bain de Soin 200 ml"},"content":{"rendered":"<p >\n<p><b><span lang=\"FR-BE\">Bain nourrissant : harmonise et soigne intens\u00e9ment<o:p><\/o:p><\/span><\/b><\/p>\n<p><span lang=\"FR-BE\">Amande et vanille pour des pieds et des jambes soign\u00e9s<o:p><\/o:p><\/span><\/p>\n<p><b><span lang=\"FR-BE\">Avantages&nbsp;<o:p><\/o:p><\/span><\/b><\/p>\n<p><span lang=\"FR-BE\">Ce bain nourrissant bichonne les pieds et les jambes en procurant l&rsquo;exp\u00e9rience d&rsquo;un bain inoubliable, pour une peau belle et souple.&nbsp;<o:p><\/o:p><\/span><\/p>\n<p><b><span lang=\"FR-BE\">Ingr\u00e9dients actifs<o:p><\/o:p><\/span><\/b><\/p>\n<ul type=\"disc\">\n<li><span lang=\"FR-BE\">L&rsquo;huile d&rsquo;amande apaise la peau, la rend tr\u00e8s douce et la prot\u00e8ge.<o:p><\/o:p><\/span><\/li>\n<li><span lang=\"FR-BE\">La vanille s\u00e9duisante, en association avec la vitamine E et des huiles de soin \u00e0 base d&rsquo;avocat et de ricin, hydrate, ramollit la corne et rend la peau plus tonique et plus lisse.&nbsp;<o:p><\/o:p><\/span><\/li>\n<\/ul>\n<p><b><span lang=\"FR-BE\">Emploi<o:p><\/o:p><\/span><\/b><\/p>\n<ul type=\"disc\">\n<li><span lang=\"FR-BE\">M\u00e9langez 1 cuill\u00e8re \u00e0 soupe d&rsquo;essence dans 4 \u00e0 5 litres d&rsquo;eau et g\u00e9n\u00e9rez ainsi un lait riche, purifiant et soignant.&nbsp;<o:p><\/o:p><\/span><\/li>\n<li><span lang=\"FR-BE\">Conserver \u00e0 temp\u00e9rature ambiante.&nbsp;<o:p><\/o:p><\/span><\/li>\n<li><span lang=\"FR-BE\">Aussi utilisable pour un bain complet ou une douche.<o:p><\/o:p><\/span><\/li>\n<li><span lang=\"FR-BE\">Test\u00e9 dermatologiquement.<\/span><\/li>\n<li><span lang=\"FR-BE\">Convient \u00e9galement aux diab\u00e9tiques.<\/span><\/li>\n<\/ul>\n<p><b><span lang=\"FR-BE\">\u00c9galement disponible&nbsp;<o:p><\/o:p><\/span><\/b><\/p>\n<ul type=\"disc\">\n<li><span lang=\"FR-BE\">\u00c9chantillon Gehwol Soft Feet Bain de Soins 15 ml (r\u00e9f.&nbsp;<a href=\"https:\/\/webshop.districos.com\/ProductDetail\/9550.34\" target=\"_blank\" rel=\"noopener noreferrer nofollow\"><span> 9550.34<\/span><\/a>)&nbsp;<o:p><\/o:p><\/span><\/li>\n<li><span lang=\"FR-BE\">Gehwol Fusskraft Soft Feet Peeling 125 ml (r\u00e9f.&nbsp;<a href=\"https:\/\/webshop.districos.com\/ProductDetail\/5201.16G\" target=\"_blank\" rel=\"noopener noreferrer nofollow\"><span> 5201.16G<\/span><\/a>)<o:p><\/o:p><\/span><\/li>\n<li><span lang=\"FR-BE\">Gehwol Fusskraft Soft Feet Cr\u00e8me 125 ml (r\u00e9f.&nbsp;<a href=\"https:\/\/webshop.districos.com\/ProductDetail\/5201.13G\" target=\"_blank\" rel=\"noopener noreferrer nofollow\"><span> 5201.13G<\/span><\/a>)<o:p><\/o:p><\/span><\/li>\n<li><span lang=\"FR-BE\">Gehwol Fusskraft Soft Feet Lotion 125 ml (r\u00e9f.&nbsp;<a href=\"https:\/\/webshop.districos.com\/ProductDetail\/5201.14G\" target=\"_blank\" rel=\"noopener noreferrer nofollow\"><span> 5201.14G<\/span><\/a>)&nbsp;<o:p><\/o:p><\/span><\/li>\n<li><span lang=\"FR-BE\">Gehwol Fusskraft Soft Feet Butter 100 ml (r\u00e9f.&nbsp;<a href=\"https:\/\/webshop.districos.com\/ProductDetail\/5201.17V\" target=\"_blank\" rel=\"noopener noreferrer nofollow\"><span> 5201.17V<\/span><\/a>)&nbsp;<o:p><\/o:p><\/span><\/li>\n<\/ul>\n","protected":false},"excerpt":{"rendered":"<p>Bain nourrissant : harmonise et soigne intens\u00e9ment Amande et vanille pour des pieds et des jambes soign\u00e9s Avantages&nbsp; Ce bain nourrissant bichonne les pieds et les jambes en procurant l&rsquo;exp\u00e9rience d&rsquo;un bain inoubliable, pour une peau belle et souple.&nbsp; Ingr\u00e9dients actifs L&rsquo;huile d&rsquo;amande apaise la peau, la rend tr\u00e8s douce et la prot\u00e8ge. La vanille [&hellip;]<\/p>\n","protected":false},"featured_media":144543,"comment_status":"open","ping_status":"closed","template":"","meta":{"_acf_changed":false},"product_brand":[10408],"product_cat":[10078,10084,9946],"product_tag":[],"class_list":{"0":"post-134883","1":"product","2":"type-product","3":"status-publish","4":"has-post-thumbnail","6":"product_brand-gehwol-fr","7":"product_cat-soins-des-pieds-podologie-produits-de-soin-cremes-lotions","8":"product_cat-soins-des-pieds-podologie-produits-de-soin-gehwoll","9":"product_cat-beaute-pedicure-produits-de-soin","11":"first","12":"instock","13":"taxable","14":"shipping-taxable","15":"product-type-simple"},"acf":[],"yoast_head":"<!-- This site is optimized with the Yoast SEO plugin v27.3 - https:\/\/yoast.com\/product\/yoast-seo-wordpress\/ -->\n<title>Gehwol Fusskraft Soft Feet Bain de Soin 200 ml - Districos Webshop<\/title>\n<meta name=\"robots\" content=\"noindex, follow, max-snippet:-1, max-image-preview:large, max-video-preview:-1\" \/>\n<meta property=\"og:locale\" content=\"fr_FR\" \/>\n<meta property=\"og:type\" content=\"article\" \/>\n<meta property=\"og:title\" content=\"Gehwol Fusskraft Soft Feet Bain de Soin 200 ml - Districos Webshop\" \/>\n<meta property=\"og:description\" content=\"Bain nourrissant : harmonise et soigne intens\u00e9ment Amande et vanille pour des pieds et des jambes soign\u00e9s Avantages&nbsp; Ce bain nourrissant bichonne les pieds et les jambes en procurant l&rsquo;exp\u00e9rience d&rsquo;un bain inoubliable, pour une peau belle et souple.&nbsp; Ingr\u00e9dients actifs L&rsquo;huile d&rsquo;amande apaise la peau, la rend tr\u00e8s douce et la prot\u00e8ge. La vanille [&hellip;]\" \/>\n<meta property=\"og:url\" content=\"https:\/\/districos.standingout.be\/fr\/product\/gehwol-fusskraft-soft-feet-bain-de-soin-200-ml-ref-5201-18g\/\" \/>\n<meta property=\"og:site_name\" content=\"Districos Webshop\" \/>\n<meta property=\"article:modified_time\" content=\"2026-04-28T01:06:18+00:00\" \/>\n<meta property=\"og:image\" content=\"https:\/\/districos.standingout.be\/wp-content\/uploads\/2026\/04\/5201.18G@Gehwol-Fusskraft-Soft-Feet-Verzorgingsbad-200-ml_1-2.png\" \/>\n\t<meta property=\"og:image:width\" content=\"600\" \/>\n\t<meta property=\"og:image:height\" content=\"600\" \/>\n\t<meta property=\"og:image:type\" content=\"image\/png\" \/>\n<meta name=\"twitter:card\" content=\"summary_large_image\" \/>\n<meta name=\"twitter:label1\" content=\"Dur\u00e9e de lecture estim\u00e9e\" \/>\n\t<meta name=\"twitter:data1\" content=\"1 minute\" \/>\n<script type=\"application\/ld+json\" class=\"yoast-schema-graph\">{\"@context\":\"https:\\\/\\\/schema.org\",\"@graph\":[{\"@type\":\"WebPage\",\"@id\":\"https:\\\/\\\/districos.standingout.be\\\/fr\\\/product\\\/gehwol-fusskraft-soft-feet-bain-de-soin-200-ml-ref-5201-18g\\\/\",\"url\":\"https:\\\/\\\/districos.standingout.be\\\/fr\\\/product\\\/gehwol-fusskraft-soft-feet-bain-de-soin-200-ml-ref-5201-18g\\\/\",\"name\":\"Gehwol Fusskraft Soft Feet Bain de Soin 200 ml - Districos Webshop\",\"isPartOf\":{\"@id\":\"https:\\\/\\\/districos.standingout.be\\\/fr\\\/#website\"},\"primaryImageOfPage\":{\"@id\":\"https:\\\/\\\/districos.standingout.be\\\/fr\\\/product\\\/gehwol-fusskraft-soft-feet-bain-de-soin-200-ml-ref-5201-18g\\\/#primaryimage\"},\"image\":{\"@id\":\"https:\\\/\\\/districos.standingout.be\\\/fr\\\/product\\\/gehwol-fusskraft-soft-feet-bain-de-soin-200-ml-ref-5201-18g\\\/#primaryimage\"},\"thumbnailUrl\":\"https:\\\/\\\/districos.standingout.be\\\/wp-content\\\/uploads\\\/2026\\\/04\\\/5201.18G@Gehwol-Fusskraft-Soft-Feet-Verzorgingsbad-200-ml_1-3.png\",\"datePublished\":\"2026-04-28T01:06:14+00:00\",\"dateModified\":\"2026-04-28T01:06:18+00:00\",\"breadcrumb\":{\"@id\":\"https:\\\/\\\/districos.standingout.be\\\/fr\\\/product\\\/gehwol-fusskraft-soft-feet-bain-de-soin-200-ml-ref-5201-18g\\\/#breadcrumb\"},\"inLanguage\":\"fr-FR\",\"potentialAction\":[{\"@type\":\"ReadAction\",\"target\":[\"https:\\\/\\\/districos.standingout.be\\\/fr\\\/product\\\/gehwol-fusskraft-soft-feet-bain-de-soin-200-ml-ref-5201-18g\\\/\"]}]},{\"@type\":\"ImageObject\",\"inLanguage\":\"fr-FR\",\"@id\":\"https:\\\/\\\/districos.standingout.be\\\/fr\\\/product\\\/gehwol-fusskraft-soft-feet-bain-de-soin-200-ml-ref-5201-18g\\\/#primaryimage\",\"url\":\"https:\\\/\\\/districos.standingout.be\\\/wp-content\\\/uploads\\\/2026\\\/04\\\/5201.18G@Gehwol-Fusskraft-Soft-Feet-Verzorgingsbad-200-ml_1-3.png\",\"contentUrl\":\"https:\\\/\\\/districos.standingout.be\\\/wp-content\\\/uploads\\\/2026\\\/04\\\/5201.18G@Gehwol-Fusskraft-Soft-Feet-Verzorgingsbad-200-ml_1-3.png\",\"width\":600,\"height\":600},{\"@type\":\"BreadcrumbList\",\"@id\":\"https:\\\/\\\/districos.standingout.be\\\/fr\\\/product\\\/gehwol-fusskraft-soft-feet-bain-de-soin-200-ml-ref-5201-18g\\\/#breadcrumb\",\"itemListElement\":[{\"@type\":\"ListItem\",\"position\":1,\"name\":\"Home\",\"item\":\"https:\\\/\\\/districos.standingout.be\\\/fr\\\/bienvenue-chez-districos\\\/\"},{\"@type\":\"ListItem\",\"position\":2,\"name\":\"Boutique\",\"item\":\"https:\\\/\\\/districos.standingout.be\\\/fr\\\/boutique\\\/\"},{\"@type\":\"ListItem\",\"position\":3,\"name\":\"Gehwol Fusskraft Soft Feet Bain de Soin 200 ml\"}]},{\"@type\":\"WebSite\",\"@id\":\"https:\\\/\\\/districos.standingout.be\\\/fr\\\/#website\",\"url\":\"https:\\\/\\\/districos.standingout.be\\\/fr\\\/\",\"name\":\"Districos Webshop\",\"description\":\"\",\"publisher\":{\"@id\":\"https:\\\/\\\/districos.standingout.be\\\/fr\\\/#organization\"},\"potentialAction\":[{\"@type\":\"SearchAction\",\"target\":{\"@type\":\"EntryPoint\",\"urlTemplate\":\"https:\\\/\\\/districos.standingout.be\\\/fr\\\/?s={search_term_string}\"},\"query-input\":{\"@type\":\"PropertyValueSpecification\",\"valueRequired\":true,\"valueName\":\"search_term_string\"}}],\"inLanguage\":\"fr-FR\"},{\"@type\":\"Organization\",\"@id\":\"https:\\\/\\\/districos.standingout.be\\\/fr\\\/#organization\",\"name\":\"Districos Webshop\",\"url\":\"https:\\\/\\\/districos.standingout.be\\\/fr\\\/\",\"logo\":{\"@type\":\"ImageObject\",\"inLanguage\":\"fr-FR\",\"@id\":\"https:\\\/\\\/districos.standingout.be\\\/fr\\\/#\\\/schema\\\/logo\\\/image\\\/\",\"url\":\"https:\\\/\\\/districos.standingout.be\\\/wp-content\\\/uploads\\\/2022\\\/09\\\/Districos_Logo_Webshop.svg\",\"contentUrl\":\"https:\\\/\\\/districos.standingout.be\\\/wp-content\\\/uploads\\\/2022\\\/09\\\/Districos_Logo_Webshop.svg\",\"caption\":\"Districos Webshop\"},\"image\":{\"@id\":\"https:\\\/\\\/districos.standingout.be\\\/fr\\\/#\\\/schema\\\/logo\\\/image\\\/\"}}]}<\/script>\n<!-- \/ Yoast SEO plugin. -->","yoast_head_json":{"title":"Gehwol Fusskraft Soft Feet Bain de Soin 200 ml - Districos Webshop","robots":{"index":"noindex","follow":"follow","max-snippet":"max-snippet:-1","max-image-preview":"max-image-preview:large","max-video-preview":"max-video-preview:-1"},"og_locale":"fr_FR","og_type":"article","og_title":"Gehwol Fusskraft Soft Feet Bain de Soin 200 ml - Districos Webshop","og_description":"Bain nourrissant : harmonise et soigne intens\u00e9ment Amande et vanille pour des pieds et des jambes soign\u00e9s Avantages&nbsp; Ce bain nourrissant bichonne les pieds et les jambes en procurant l&rsquo;exp\u00e9rience d&rsquo;un bain inoubliable, pour une peau belle et souple.&nbsp; Ingr\u00e9dients actifs L&rsquo;huile d&rsquo;amande apaise la peau, la rend tr\u00e8s douce et la prot\u00e8ge. La vanille [&hellip;]","og_url":"https:\/\/districos.standingout.be\/fr\/product\/gehwol-fusskraft-soft-feet-bain-de-soin-200-ml-ref-5201-18g\/","og_site_name":"Districos Webshop","article_modified_time":"2026-04-28T01:06:18+00:00","og_image":[{"width":600,"height":600,"url":"https:\/\/districos.standingout.be\/wp-content\/uploads\/2026\/04\/5201.18G@Gehwol-Fusskraft-Soft-Feet-Verzorgingsbad-200-ml_1-2.png","type":"image\/png"}],"twitter_card":"summary_large_image","twitter_misc":{"Dur\u00e9e de lecture estim\u00e9e":"1 minute"},"schema":{"@context":"https:\/\/schema.org","@graph":[{"@type":"WebPage","@id":"https:\/\/districos.standingout.be\/fr\/product\/gehwol-fusskraft-soft-feet-bain-de-soin-200-ml-ref-5201-18g\/","url":"https:\/\/districos.standingout.be\/fr\/product\/gehwol-fusskraft-soft-feet-bain-de-soin-200-ml-ref-5201-18g\/","name":"Gehwol Fusskraft Soft Feet Bain de Soin 200 ml - Districos Webshop","isPartOf":{"@id":"https:\/\/districos.standingout.be\/fr\/#website"},"primaryImageOfPage":{"@id":"https:\/\/districos.standingout.be\/fr\/product\/gehwol-fusskraft-soft-feet-bain-de-soin-200-ml-ref-5201-18g\/#primaryimage"},"image":{"@id":"https:\/\/districos.standingout.be\/fr\/product\/gehwol-fusskraft-soft-feet-bain-de-soin-200-ml-ref-5201-18g\/#primaryimage"},"thumbnailUrl":"https:\/\/districos.standingout.be\/wp-content\/uploads\/2026\/04\/5201.18G@Gehwol-Fusskraft-Soft-Feet-Verzorgingsbad-200-ml_1-3.png","datePublished":"2026-04-28T01:06:14+00:00","dateModified":"2026-04-28T01:06:18+00:00","breadcrumb":{"@id":"https:\/\/districos.standingout.be\/fr\/product\/gehwol-fusskraft-soft-feet-bain-de-soin-200-ml-ref-5201-18g\/#breadcrumb"},"inLanguage":"fr-FR","potentialAction":[{"@type":"ReadAction","target":["https:\/\/districos.standingout.be\/fr\/product\/gehwol-fusskraft-soft-feet-bain-de-soin-200-ml-ref-5201-18g\/"]}]},{"@type":"ImageObject","inLanguage":"fr-FR","@id":"https:\/\/districos.standingout.be\/fr\/product\/gehwol-fusskraft-soft-feet-bain-de-soin-200-ml-ref-5201-18g\/#primaryimage","url":"https:\/\/districos.standingout.be\/wp-content\/uploads\/2026\/04\/5201.18G@Gehwol-Fusskraft-Soft-Feet-Verzorgingsbad-200-ml_1-3.png","contentUrl":"https:\/\/districos.standingout.be\/wp-content\/uploads\/2026\/04\/5201.18G@Gehwol-Fusskraft-Soft-Feet-Verzorgingsbad-200-ml_1-3.png","width":600,"height":600},{"@type":"BreadcrumbList","@id":"https:\/\/districos.standingout.be\/fr\/product\/gehwol-fusskraft-soft-feet-bain-de-soin-200-ml-ref-5201-18g\/#breadcrumb","itemListElement":[{"@type":"ListItem","position":1,"name":"Home","item":"https:\/\/districos.standingout.be\/fr\/bienvenue-chez-districos\/"},{"@type":"ListItem","position":2,"name":"Boutique","item":"https:\/\/districos.standingout.be\/fr\/boutique\/"},{"@type":"ListItem","position":3,"name":"Gehwol Fusskraft Soft Feet Bain de Soin 200 ml"}]},{"@type":"WebSite","@id":"https:\/\/districos.standingout.be\/fr\/#website","url":"https:\/\/districos.standingout.be\/fr\/","name":"Districos Webshop","description":"","publisher":{"@id":"https:\/\/districos.standingout.be\/fr\/#organization"},"potentialAction":[{"@type":"SearchAction","target":{"@type":"EntryPoint","urlTemplate":"https:\/\/districos.standingout.be\/fr\/?s={search_term_string}"},"query-input":{"@type":"PropertyValueSpecification","valueRequired":true,"valueName":"search_term_string"}}],"inLanguage":"fr-FR"},{"@type":"Organization","@id":"https:\/\/districos.standingout.be\/fr\/#organization","name":"Districos Webshop","url":"https:\/\/districos.standingout.be\/fr\/","logo":{"@type":"ImageObject","inLanguage":"fr-FR","@id":"https:\/\/districos.standingout.be\/fr\/#\/schema\/logo\/image\/","url":"https:\/\/districos.standingout.be\/wp-content\/uploads\/2022\/09\/Districos_Logo_Webshop.svg","contentUrl":"https:\/\/districos.standingout.be\/wp-content\/uploads\/2022\/09\/Districos_Logo_Webshop.svg","caption":"Districos Webshop"},"image":{"@id":"https:\/\/districos.standingout.be\/fr\/#\/schema\/logo\/image\/"}}]}},"_links":{"self":[{"href":"https:\/\/districos.standingout.be\/fr\/wp-json\/wp\/v2\/product\/134883","targetHints":{"allow":["GET"]}}],"collection":[{"href":"https:\/\/districos.standingout.be\/fr\/wp-json\/wp\/v2\/product"}],"about":[{"href":"https:\/\/districos.standingout.be\/fr\/wp-json\/wp\/v2\/types\/product"}],"replies":[{"embeddable":true,"href":"https:\/\/districos.standingout.be\/fr\/wp-json\/wp\/v2\/comments?post=134883"}],"wp:featuredmedia":[{"embeddable":true,"href":"https:\/\/districos.standingout.be\/fr\/wp-json\/wp\/v2\/media\/144543"}],"wp:attachment":[{"href":"https:\/\/districos.standingout.be\/fr\/wp-json\/wp\/v2\/media?parent=134883"}],"wp:term":[{"taxonomy":"product_brand","embeddable":true,"href":"https:\/\/districos.standingout.be\/fr\/wp-json\/wp\/v2\/product_brand?post=134883"},{"taxonomy":"product_cat","embeddable":true,"href":"https:\/\/districos.standingout.be\/fr\/wp-json\/wp\/v2\/product_cat?post=134883"},{"taxonomy":"product_tag","embeddable":true,"href":"https:\/\/districos.standingout.be\/fr\/wp-json\/wp\/v2\/product_tag?post=134883"}],"curies":[{"name":"wp","href":"https:\/\/api.w.org\/{rel}","templated":true}]}}