{"id":134921,"date":"2026-04-28T03:10:45","date_gmt":"2026-04-28T01:10:45","guid":{"rendered":"https:\/\/webshopdistricoscom.webhosting.be\/product\/gehwol-baume-peau-seche-et-gercee-75-ml-ref-5203-02v\/"},"modified":"2026-04-28T03:10:48","modified_gmt":"2026-04-28T01:10:48","slug":"gehwol-baume-peau-seche-et-gercee-75-ml-ref-5203-02v","status":"publish","type":"product","link":"https:\/\/districos.standingout.be\/fr\/product\/gehwol-baume-peau-seche-et-gercee-75-ml-ref-5203-02v\/","title":{"rendered":"Gehwol Baume &#8211; Peau S\u00e8che et Gerc\u00e9e 75 ml"},"content":{"rendered":"<p >\n<p dir=ltr>Baume pour les pieds rafra\u00eechissant et revitalisant pour les peaux rugueuses, s\u00e8ches et gerc\u00e9es. Il soigne, d\u00e9tend et d\u00e9sodorise la peau, de fa\u00e7on \u00e0 ce qu\u2019elle regagne sa souplesse et sa r\u00e9sistance aux charges quotidiennes. <\/p>\n<p> Emballage : tube de 75 ml<br \/> Pour tous les tubes de vente Gehwol 75 ml vaut : 11 + 1 gratuit ! (par sorte)<\/p><\/p>\n","protected":false},"excerpt":{"rendered":"<p>Baume pour les pieds rafra\u00eechissant et revitalisant pour les peaux rugueuses, s\u00e8ches et gerc\u00e9es. Il soigne, d\u00e9tend et d\u00e9sodorise la peau, de fa\u00e7on \u00e0 ce qu\u2019elle regagne sa souplesse et sa r\u00e9sistance aux charges quotidiennes. Emballage : tube de 75 ml Pour tous les tubes de vente Gehwol 75 ml vaut : 11 + 1 [&hellip;]<\/p>\n","protected":false},"featured_media":72658,"comment_status":"open","ping_status":"closed","template":"","meta":{"_acf_changed":false},"product_brand":[10408],"product_cat":[10078,10084,9946],"product_tag":[],"class_list":{"0":"post-134921","1":"product","2":"type-product","3":"status-publish","4":"has-post-thumbnail","6":"product_brand-gehwol-fr","7":"product_cat-soins-des-pieds-podologie-produits-de-soin-cremes-lotions","8":"product_cat-soins-des-pieds-podologie-produits-de-soin-gehwoll","9":"product_cat-beaute-pedicure-produits-de-soin","11":"first","12":"instock","13":"taxable","14":"shipping-taxable","15":"product-type-simple"},"acf":[],"yoast_head":"<!-- This site is optimized with the Yoast SEO plugin v27.3 - https:\/\/yoast.com\/product\/yoast-seo-wordpress\/ -->\n<title>Gehwol Baume - Peau S\u00e8che et Gerc\u00e9e 75 ml - Districos Webshop<\/title>\n<meta name=\"robots\" content=\"noindex, follow, max-snippet:-1, max-image-preview:large, max-video-preview:-1\" \/>\n<meta property=\"og:locale\" content=\"fr_FR\" \/>\n<meta property=\"og:type\" content=\"article\" \/>\n<meta property=\"og:title\" content=\"Gehwol Baume - Peau S\u00e8che et Gerc\u00e9e 75 ml - Districos Webshop\" \/>\n<meta property=\"og:description\" content=\"Baume pour les pieds rafra\u00eechissant et revitalisant pour les peaux rugueuses, s\u00e8ches et gerc\u00e9es. Il soigne, d\u00e9tend et d\u00e9sodorise la peau, de fa\u00e7on \u00e0 ce qu\u2019elle regagne sa souplesse et sa r\u00e9sistance aux charges quotidiennes. Emballage : tube de 75 ml Pour tous les tubes de vente Gehwol 75 ml vaut : 11 + 1 [&hellip;]\" \/>\n<meta property=\"og:url\" content=\"https:\/\/districos.standingout.be\/fr\/product\/gehwol-baume-peau-seche-et-gercee-75-ml-ref-5203-02v\/\" \/>\n<meta property=\"og:site_name\" content=\"Districos Webshop\" \/>\n<meta property=\"article:modified_time\" content=\"2026-04-28T01:10:48+00:00\" \/>\n<meta property=\"og:image\" content=\"https:\/\/districos.standingout.be\/wp-content\/uploads\/2025\/07\/5203.02V@LowRes_0.png\" \/>\n\t<meta property=\"og:image:width\" content=\"600\" \/>\n\t<meta property=\"og:image:height\" content=\"600\" \/>\n\t<meta property=\"og:image:type\" content=\"image\/png\" \/>\n<meta name=\"twitter:card\" content=\"summary_large_image\" \/>\n<script type=\"application\/ld+json\" class=\"yoast-schema-graph\">{\"@context\":\"https:\\\/\\\/schema.org\",\"@graph\":[{\"@type\":\"WebPage\",\"@id\":\"https:\\\/\\\/districos.standingout.be\\\/fr\\\/product\\\/gehwol-baume-peau-seche-et-gercee-75-ml-ref-5203-02v\\\/\",\"url\":\"https:\\\/\\\/districos.standingout.be\\\/fr\\\/product\\\/gehwol-baume-peau-seche-et-gercee-75-ml-ref-5203-02v\\\/\",\"name\":\"Gehwol Baume - Peau S\u00e8che et Gerc\u00e9e 75 ml - Districos Webshop\",\"isPartOf\":{\"@id\":\"https:\\\/\\\/districos.standingout.be\\\/fr\\\/#website\"},\"primaryImageOfPage\":{\"@id\":\"https:\\\/\\\/districos.standingout.be\\\/fr\\\/product\\\/gehwol-baume-peau-seche-et-gercee-75-ml-ref-5203-02v\\\/#primaryimage\"},\"image\":{\"@id\":\"https:\\\/\\\/districos.standingout.be\\\/fr\\\/product\\\/gehwol-baume-peau-seche-et-gercee-75-ml-ref-5203-02v\\\/#primaryimage\"},\"thumbnailUrl\":\"https:\\\/\\\/districos.standingout.be\\\/wp-content\\\/uploads\\\/2025\\\/07\\\/5203.02V@LowRes_0.png\",\"datePublished\":\"2026-04-28T01:10:45+00:00\",\"dateModified\":\"2026-04-28T01:10:48+00:00\",\"breadcrumb\":{\"@id\":\"https:\\\/\\\/districos.standingout.be\\\/fr\\\/product\\\/gehwol-baume-peau-seche-et-gercee-75-ml-ref-5203-02v\\\/#breadcrumb\"},\"inLanguage\":\"fr-FR\",\"potentialAction\":[{\"@type\":\"ReadAction\",\"target\":[\"https:\\\/\\\/districos.standingout.be\\\/fr\\\/product\\\/gehwol-baume-peau-seche-et-gercee-75-ml-ref-5203-02v\\\/\"]}]},{\"@type\":\"ImageObject\",\"inLanguage\":\"fr-FR\",\"@id\":\"https:\\\/\\\/districos.standingout.be\\\/fr\\\/product\\\/gehwol-baume-peau-seche-et-gercee-75-ml-ref-5203-02v\\\/#primaryimage\",\"url\":\"https:\\\/\\\/districos.standingout.be\\\/wp-content\\\/uploads\\\/2025\\\/07\\\/5203.02V@LowRes_0.png\",\"contentUrl\":\"https:\\\/\\\/districos.standingout.be\\\/wp-content\\\/uploads\\\/2025\\\/07\\\/5203.02V@LowRes_0.png\",\"width\":600,\"height\":600},{\"@type\":\"BreadcrumbList\",\"@id\":\"https:\\\/\\\/districos.standingout.be\\\/fr\\\/product\\\/gehwol-baume-peau-seche-et-gercee-75-ml-ref-5203-02v\\\/#breadcrumb\",\"itemListElement\":[{\"@type\":\"ListItem\",\"position\":1,\"name\":\"Home\",\"item\":\"https:\\\/\\\/districos.standingout.be\\\/fr\\\/bienvenue-chez-districos\\\/\"},{\"@type\":\"ListItem\",\"position\":2,\"name\":\"Boutique\",\"item\":\"https:\\\/\\\/districos.standingout.be\\\/fr\\\/boutique\\\/\"},{\"@type\":\"ListItem\",\"position\":3,\"name\":\"Gehwol Baume &#8211; Peau S\u00e8che et Gerc\u00e9e 75 ml\"}]},{\"@type\":\"WebSite\",\"@id\":\"https:\\\/\\\/districos.standingout.be\\\/fr\\\/#website\",\"url\":\"https:\\\/\\\/districos.standingout.be\\\/fr\\\/\",\"name\":\"Districos Webshop\",\"description\":\"\",\"publisher\":{\"@id\":\"https:\\\/\\\/districos.standingout.be\\\/fr\\\/#organization\"},\"potentialAction\":[{\"@type\":\"SearchAction\",\"target\":{\"@type\":\"EntryPoint\",\"urlTemplate\":\"https:\\\/\\\/districos.standingout.be\\\/fr\\\/?s={search_term_string}\"},\"query-input\":{\"@type\":\"PropertyValueSpecification\",\"valueRequired\":true,\"valueName\":\"search_term_string\"}}],\"inLanguage\":\"fr-FR\"},{\"@type\":\"Organization\",\"@id\":\"https:\\\/\\\/districos.standingout.be\\\/fr\\\/#organization\",\"name\":\"Districos Webshop\",\"url\":\"https:\\\/\\\/districos.standingout.be\\\/fr\\\/\",\"logo\":{\"@type\":\"ImageObject\",\"inLanguage\":\"fr-FR\",\"@id\":\"https:\\\/\\\/districos.standingout.be\\\/fr\\\/#\\\/schema\\\/logo\\\/image\\\/\",\"url\":\"https:\\\/\\\/districos.standingout.be\\\/wp-content\\\/uploads\\\/2022\\\/09\\\/Districos_Logo_Webshop.svg\",\"contentUrl\":\"https:\\\/\\\/districos.standingout.be\\\/wp-content\\\/uploads\\\/2022\\\/09\\\/Districos_Logo_Webshop.svg\",\"caption\":\"Districos Webshop\"},\"image\":{\"@id\":\"https:\\\/\\\/districos.standingout.be\\\/fr\\\/#\\\/schema\\\/logo\\\/image\\\/\"}}]}<\/script>\n<!-- \/ Yoast SEO plugin. -->","yoast_head_json":{"title":"Gehwol Baume - Peau S\u00e8che et Gerc\u00e9e 75 ml - Districos Webshop","robots":{"index":"noindex","follow":"follow","max-snippet":"max-snippet:-1","max-image-preview":"max-image-preview:large","max-video-preview":"max-video-preview:-1"},"og_locale":"fr_FR","og_type":"article","og_title":"Gehwol Baume - Peau S\u00e8che et Gerc\u00e9e 75 ml - Districos Webshop","og_description":"Baume pour les pieds rafra\u00eechissant et revitalisant pour les peaux rugueuses, s\u00e8ches et gerc\u00e9es. Il soigne, d\u00e9tend et d\u00e9sodorise la peau, de fa\u00e7on \u00e0 ce qu\u2019elle regagne sa souplesse et sa r\u00e9sistance aux charges quotidiennes. Emballage : tube de 75 ml Pour tous les tubes de vente Gehwol 75 ml vaut : 11 + 1 [&hellip;]","og_url":"https:\/\/districos.standingout.be\/fr\/product\/gehwol-baume-peau-seche-et-gercee-75-ml-ref-5203-02v\/","og_site_name":"Districos Webshop","article_modified_time":"2026-04-28T01:10:48+00:00","og_image":[{"width":600,"height":600,"url":"https:\/\/districos.standingout.be\/wp-content\/uploads\/2025\/07\/5203.02V@LowRes_0.png","type":"image\/png"}],"twitter_card":"summary_large_image","schema":{"@context":"https:\/\/schema.org","@graph":[{"@type":"WebPage","@id":"https:\/\/districos.standingout.be\/fr\/product\/gehwol-baume-peau-seche-et-gercee-75-ml-ref-5203-02v\/","url":"https:\/\/districos.standingout.be\/fr\/product\/gehwol-baume-peau-seche-et-gercee-75-ml-ref-5203-02v\/","name":"Gehwol Baume - Peau S\u00e8che et Gerc\u00e9e 75 ml - Districos Webshop","isPartOf":{"@id":"https:\/\/districos.standingout.be\/fr\/#website"},"primaryImageOfPage":{"@id":"https:\/\/districos.standingout.be\/fr\/product\/gehwol-baume-peau-seche-et-gercee-75-ml-ref-5203-02v\/#primaryimage"},"image":{"@id":"https:\/\/districos.standingout.be\/fr\/product\/gehwol-baume-peau-seche-et-gercee-75-ml-ref-5203-02v\/#primaryimage"},"thumbnailUrl":"https:\/\/districos.standingout.be\/wp-content\/uploads\/2025\/07\/5203.02V@LowRes_0.png","datePublished":"2026-04-28T01:10:45+00:00","dateModified":"2026-04-28T01:10:48+00:00","breadcrumb":{"@id":"https:\/\/districos.standingout.be\/fr\/product\/gehwol-baume-peau-seche-et-gercee-75-ml-ref-5203-02v\/#breadcrumb"},"inLanguage":"fr-FR","potentialAction":[{"@type":"ReadAction","target":["https:\/\/districos.standingout.be\/fr\/product\/gehwol-baume-peau-seche-et-gercee-75-ml-ref-5203-02v\/"]}]},{"@type":"ImageObject","inLanguage":"fr-FR","@id":"https:\/\/districos.standingout.be\/fr\/product\/gehwol-baume-peau-seche-et-gercee-75-ml-ref-5203-02v\/#primaryimage","url":"https:\/\/districos.standingout.be\/wp-content\/uploads\/2025\/07\/5203.02V@LowRes_0.png","contentUrl":"https:\/\/districos.standingout.be\/wp-content\/uploads\/2025\/07\/5203.02V@LowRes_0.png","width":600,"height":600},{"@type":"BreadcrumbList","@id":"https:\/\/districos.standingout.be\/fr\/product\/gehwol-baume-peau-seche-et-gercee-75-ml-ref-5203-02v\/#breadcrumb","itemListElement":[{"@type":"ListItem","position":1,"name":"Home","item":"https:\/\/districos.standingout.be\/fr\/bienvenue-chez-districos\/"},{"@type":"ListItem","position":2,"name":"Boutique","item":"https:\/\/districos.standingout.be\/fr\/boutique\/"},{"@type":"ListItem","position":3,"name":"Gehwol Baume &#8211; Peau S\u00e8che et Gerc\u00e9e 75 ml"}]},{"@type":"WebSite","@id":"https:\/\/districos.standingout.be\/fr\/#website","url":"https:\/\/districos.standingout.be\/fr\/","name":"Districos Webshop","description":"","publisher":{"@id":"https:\/\/districos.standingout.be\/fr\/#organization"},"potentialAction":[{"@type":"SearchAction","target":{"@type":"EntryPoint","urlTemplate":"https:\/\/districos.standingout.be\/fr\/?s={search_term_string}"},"query-input":{"@type":"PropertyValueSpecification","valueRequired":true,"valueName":"search_term_string"}}],"inLanguage":"fr-FR"},{"@type":"Organization","@id":"https:\/\/districos.standingout.be\/fr\/#organization","name":"Districos Webshop","url":"https:\/\/districos.standingout.be\/fr\/","logo":{"@type":"ImageObject","inLanguage":"fr-FR","@id":"https:\/\/districos.standingout.be\/fr\/#\/schema\/logo\/image\/","url":"https:\/\/districos.standingout.be\/wp-content\/uploads\/2022\/09\/Districos_Logo_Webshop.svg","contentUrl":"https:\/\/districos.standingout.be\/wp-content\/uploads\/2022\/09\/Districos_Logo_Webshop.svg","caption":"Districos Webshop"},"image":{"@id":"https:\/\/districos.standingout.be\/fr\/#\/schema\/logo\/image\/"}}]}},"_links":{"self":[{"href":"https:\/\/districos.standingout.be\/fr\/wp-json\/wp\/v2\/product\/134921","targetHints":{"allow":["GET"]}}],"collection":[{"href":"https:\/\/districos.standingout.be\/fr\/wp-json\/wp\/v2\/product"}],"about":[{"href":"https:\/\/districos.standingout.be\/fr\/wp-json\/wp\/v2\/types\/product"}],"replies":[{"embeddable":true,"href":"https:\/\/districos.standingout.be\/fr\/wp-json\/wp\/v2\/comments?post=134921"}],"wp:featuredmedia":[{"embeddable":true,"href":"https:\/\/districos.standingout.be\/fr\/wp-json\/wp\/v2\/media\/72658"}],"wp:attachment":[{"href":"https:\/\/districos.standingout.be\/fr\/wp-json\/wp\/v2\/media?parent=134921"}],"wp:term":[{"taxonomy":"product_brand","embeddable":true,"href":"https:\/\/districos.standingout.be\/fr\/wp-json\/wp\/v2\/product_brand?post=134921"},{"taxonomy":"product_cat","embeddable":true,"href":"https:\/\/districos.standingout.be\/fr\/wp-json\/wp\/v2\/product_cat?post=134921"},{"taxonomy":"product_tag","embeddable":true,"href":"https:\/\/districos.standingout.be\/fr\/wp-json\/wp\/v2\/product_tag?post=134921"}],"curies":[{"name":"wp","href":"https:\/\/api.w.org\/{rel}","templated":true}]}}