{"id":134969,"date":"2026-04-28T03:15:55","date_gmt":"2026-04-28T01:15:55","guid":{"rendered":"https:\/\/webshopdistricoscom.webhosting.be\/product\/gehwol-nail-repair-cleaner-150-ml-ref-5205-07-2\/"},"modified":"2026-04-28T03:15:56","modified_gmt":"2026-04-28T01:15:56","slug":"gehwol-nail-repair-cleaner-150-ml-ref-5205-07","status":"publish","type":"product","link":"https:\/\/districos.standingout.be\/fr\/product\/gehwol-nail-repair-cleaner-150-ml-ref-5205-07\/","title":{"rendered":"Gehwol Nail Repair Cleaner 150 ml"},"content":{"rendered":"<p >\n<p dir=ltr>Apr\u00e8s avoir pr\u00e9par\u00e9 l\u2019ongle avec une fraiseuse, le Nail Repair Cleaner est utilis\u00e9 pour nettoyer et d\u00e9graisser l\u2019ongle. Aussi apr\u00e8s la polym\u00e9risation du Nail Repair Gel, le Repair Cleaner est employ\u00e9 pour enlever la couche adh\u00e9sive. Il s\u2019emploie \u00e9galement afin d\u2019enlever du Nail Repair Gel non polym\u00e9ris\u00e9 sur les instruments et les pinceaux. <\/p>\n<p> Emballage : flacon de 150 ml<\/p><\/p>\n","protected":false},"excerpt":{"rendered":"<p>Apr\u00e8s avoir pr\u00e9par\u00e9 l\u2019ongle avec une fraiseuse, le Nail Repair Cleaner est utilis\u00e9 pour nettoyer et d\u00e9graisser l\u2019ongle. Aussi apr\u00e8s la polym\u00e9risation du Nail Repair Gel, le Repair Cleaner est employ\u00e9 pour enlever la couche adh\u00e9sive. Il s\u2019emploie \u00e9galement afin d\u2019enlever du Nail Repair Gel non polym\u00e9ris\u00e9 sur les instruments et les pinceaux. Emballage : [&hellip;]<\/p>\n","protected":false},"featured_media":144571,"comment_status":"open","ping_status":"closed","template":"","meta":{"_acf_changed":false},"product_brand":[10408],"product_cat":[10054,9952],"product_tag":[],"class_list":{"0":"post-134969","1":"product","2":"type-product","3":"status-publish","4":"has-post-thumbnail","6":"product_brand-gehwol-fr","7":"product_cat-soins-des-pieds-podologie-soins-des-pieds-podologie-reconstruction-des-ongles","8":"product_cat-beaute-pedicure-reconstruction-des-ongles","10":"first","11":"instock","12":"taxable","13":"shipping-taxable","14":"product-type-simple"},"acf":[],"yoast_head":"<!-- This site is optimized with the Yoast SEO plugin v27.3 - https:\/\/yoast.com\/product\/yoast-seo-wordpress\/ -->\n<title>Gehwol Nail Repair Cleaner 150 ml - Districos Webshop<\/title>\n<meta name=\"robots\" content=\"noindex, follow, max-snippet:-1, max-image-preview:large, max-video-preview:-1\" \/>\n<meta property=\"og:locale\" content=\"fr_FR\" \/>\n<meta property=\"og:type\" content=\"article\" \/>\n<meta property=\"og:title\" content=\"Gehwol Nail Repair Cleaner 150 ml - Districos Webshop\" \/>\n<meta property=\"og:description\" content=\"Apr\u00e8s avoir pr\u00e9par\u00e9 l\u2019ongle avec une fraiseuse, le Nail Repair Cleaner est utilis\u00e9 pour nettoyer et d\u00e9graisser l\u2019ongle. Aussi apr\u00e8s la polym\u00e9risation du Nail Repair Gel, le Repair Cleaner est employ\u00e9 pour enlever la couche adh\u00e9sive. Il s\u2019emploie \u00e9galement afin d\u2019enlever du Nail Repair Gel non polym\u00e9ris\u00e9 sur les instruments et les pinceaux. Emballage : [&hellip;]\" \/>\n<meta property=\"og:url\" content=\"https:\/\/districos.standingout.be\/fr\/product\/gehwol-nail-repair-cleaner-150-ml-ref-5205-07\/\" \/>\n<meta property=\"og:site_name\" content=\"Districos Webshop\" \/>\n<meta property=\"article:modified_time\" content=\"2026-04-28T01:15:56+00:00\" \/>\n<meta property=\"og:image\" content=\"https:\/\/districos.standingout.be\/wp-content\/uploads\/2026\/04\/5205.07@Nail-Repair-Cleaner-150-ml_1-2.png\" \/>\n\t<meta property=\"og:image:width\" content=\"600\" \/>\n\t<meta property=\"og:image:height\" content=\"600\" \/>\n\t<meta property=\"og:image:type\" content=\"image\/png\" \/>\n<meta name=\"twitter:card\" content=\"summary_large_image\" \/>\n<script type=\"application\/ld+json\" class=\"yoast-schema-graph\">{\"@context\":\"https:\\\/\\\/schema.org\",\"@graph\":[{\"@type\":\"WebPage\",\"@id\":\"https:\\\/\\\/districos.standingout.be\\\/fr\\\/product\\\/gehwol-nail-repair-cleaner-150-ml-ref-5205-07\\\/\",\"url\":\"https:\\\/\\\/districos.standingout.be\\\/fr\\\/product\\\/gehwol-nail-repair-cleaner-150-ml-ref-5205-07\\\/\",\"name\":\"Gehwol Nail Repair Cleaner 150 ml - Districos Webshop\",\"isPartOf\":{\"@id\":\"https:\\\/\\\/districos.standingout.be\\\/fr\\\/#website\"},\"primaryImageOfPage\":{\"@id\":\"https:\\\/\\\/districos.standingout.be\\\/fr\\\/product\\\/gehwol-nail-repair-cleaner-150-ml-ref-5205-07\\\/#primaryimage\"},\"image\":{\"@id\":\"https:\\\/\\\/districos.standingout.be\\\/fr\\\/product\\\/gehwol-nail-repair-cleaner-150-ml-ref-5205-07\\\/#primaryimage\"},\"thumbnailUrl\":\"https:\\\/\\\/districos.standingout.be\\\/wp-content\\\/uploads\\\/2026\\\/04\\\/5205.07@Nail-Repair-Cleaner-150-ml_1-3.png\",\"datePublished\":\"2026-04-28T01:15:55+00:00\",\"dateModified\":\"2026-04-28T01:15:56+00:00\",\"breadcrumb\":{\"@id\":\"https:\\\/\\\/districos.standingout.be\\\/fr\\\/product\\\/gehwol-nail-repair-cleaner-150-ml-ref-5205-07\\\/#breadcrumb\"},\"inLanguage\":\"fr-FR\",\"potentialAction\":[{\"@type\":\"ReadAction\",\"target\":[\"https:\\\/\\\/districos.standingout.be\\\/fr\\\/product\\\/gehwol-nail-repair-cleaner-150-ml-ref-5205-07\\\/\"]}]},{\"@type\":\"ImageObject\",\"inLanguage\":\"fr-FR\",\"@id\":\"https:\\\/\\\/districos.standingout.be\\\/fr\\\/product\\\/gehwol-nail-repair-cleaner-150-ml-ref-5205-07\\\/#primaryimage\",\"url\":\"https:\\\/\\\/districos.standingout.be\\\/wp-content\\\/uploads\\\/2026\\\/04\\\/5205.07@Nail-Repair-Cleaner-150-ml_1-3.png\",\"contentUrl\":\"https:\\\/\\\/districos.standingout.be\\\/wp-content\\\/uploads\\\/2026\\\/04\\\/5205.07@Nail-Repair-Cleaner-150-ml_1-3.png\",\"width\":600,\"height\":600},{\"@type\":\"BreadcrumbList\",\"@id\":\"https:\\\/\\\/districos.standingout.be\\\/fr\\\/product\\\/gehwol-nail-repair-cleaner-150-ml-ref-5205-07\\\/#breadcrumb\",\"itemListElement\":[{\"@type\":\"ListItem\",\"position\":1,\"name\":\"Home\",\"item\":\"https:\\\/\\\/districos.standingout.be\\\/fr\\\/bienvenue-chez-districos\\\/\"},{\"@type\":\"ListItem\",\"position\":2,\"name\":\"Boutique\",\"item\":\"https:\\\/\\\/districos.standingout.be\\\/fr\\\/boutique\\\/\"},{\"@type\":\"ListItem\",\"position\":3,\"name\":\"Gehwol Nail Repair Cleaner 150 ml\"}]},{\"@type\":\"WebSite\",\"@id\":\"https:\\\/\\\/districos.standingout.be\\\/fr\\\/#website\",\"url\":\"https:\\\/\\\/districos.standingout.be\\\/fr\\\/\",\"name\":\"Districos Webshop\",\"description\":\"\",\"publisher\":{\"@id\":\"https:\\\/\\\/districos.standingout.be\\\/fr\\\/#organization\"},\"potentialAction\":[{\"@type\":\"SearchAction\",\"target\":{\"@type\":\"EntryPoint\",\"urlTemplate\":\"https:\\\/\\\/districos.standingout.be\\\/fr\\\/?s={search_term_string}\"},\"query-input\":{\"@type\":\"PropertyValueSpecification\",\"valueRequired\":true,\"valueName\":\"search_term_string\"}}],\"inLanguage\":\"fr-FR\"},{\"@type\":\"Organization\",\"@id\":\"https:\\\/\\\/districos.standingout.be\\\/fr\\\/#organization\",\"name\":\"Districos Webshop\",\"url\":\"https:\\\/\\\/districos.standingout.be\\\/fr\\\/\",\"logo\":{\"@type\":\"ImageObject\",\"inLanguage\":\"fr-FR\",\"@id\":\"https:\\\/\\\/districos.standingout.be\\\/fr\\\/#\\\/schema\\\/logo\\\/image\\\/\",\"url\":\"https:\\\/\\\/districos.standingout.be\\\/wp-content\\\/uploads\\\/2022\\\/09\\\/Districos_Logo_Webshop.svg\",\"contentUrl\":\"https:\\\/\\\/districos.standingout.be\\\/wp-content\\\/uploads\\\/2022\\\/09\\\/Districos_Logo_Webshop.svg\",\"caption\":\"Districos Webshop\"},\"image\":{\"@id\":\"https:\\\/\\\/districos.standingout.be\\\/fr\\\/#\\\/schema\\\/logo\\\/image\\\/\"}}]}<\/script>\n<!-- \/ Yoast SEO plugin. -->","yoast_head_json":{"title":"Gehwol Nail Repair Cleaner 150 ml - Districos Webshop","robots":{"index":"noindex","follow":"follow","max-snippet":"max-snippet:-1","max-image-preview":"max-image-preview:large","max-video-preview":"max-video-preview:-1"},"og_locale":"fr_FR","og_type":"article","og_title":"Gehwol Nail Repair Cleaner 150 ml - Districos Webshop","og_description":"Apr\u00e8s avoir pr\u00e9par\u00e9 l\u2019ongle avec une fraiseuse, le Nail Repair Cleaner est utilis\u00e9 pour nettoyer et d\u00e9graisser l\u2019ongle. Aussi apr\u00e8s la polym\u00e9risation du Nail Repair Gel, le Repair Cleaner est employ\u00e9 pour enlever la couche adh\u00e9sive. Il s\u2019emploie \u00e9galement afin d\u2019enlever du Nail Repair Gel non polym\u00e9ris\u00e9 sur les instruments et les pinceaux. Emballage : [&hellip;]","og_url":"https:\/\/districos.standingout.be\/fr\/product\/gehwol-nail-repair-cleaner-150-ml-ref-5205-07\/","og_site_name":"Districos Webshop","article_modified_time":"2026-04-28T01:15:56+00:00","og_image":[{"width":600,"height":600,"url":"https:\/\/districos.standingout.be\/wp-content\/uploads\/2026\/04\/5205.07@Nail-Repair-Cleaner-150-ml_1-2.png","type":"image\/png"}],"twitter_card":"summary_large_image","schema":{"@context":"https:\/\/schema.org","@graph":[{"@type":"WebPage","@id":"https:\/\/districos.standingout.be\/fr\/product\/gehwol-nail-repair-cleaner-150-ml-ref-5205-07\/","url":"https:\/\/districos.standingout.be\/fr\/product\/gehwol-nail-repair-cleaner-150-ml-ref-5205-07\/","name":"Gehwol Nail Repair Cleaner 150 ml - Districos Webshop","isPartOf":{"@id":"https:\/\/districos.standingout.be\/fr\/#website"},"primaryImageOfPage":{"@id":"https:\/\/districos.standingout.be\/fr\/product\/gehwol-nail-repair-cleaner-150-ml-ref-5205-07\/#primaryimage"},"image":{"@id":"https:\/\/districos.standingout.be\/fr\/product\/gehwol-nail-repair-cleaner-150-ml-ref-5205-07\/#primaryimage"},"thumbnailUrl":"https:\/\/districos.standingout.be\/wp-content\/uploads\/2026\/04\/5205.07@Nail-Repair-Cleaner-150-ml_1-3.png","datePublished":"2026-04-28T01:15:55+00:00","dateModified":"2026-04-28T01:15:56+00:00","breadcrumb":{"@id":"https:\/\/districos.standingout.be\/fr\/product\/gehwol-nail-repair-cleaner-150-ml-ref-5205-07\/#breadcrumb"},"inLanguage":"fr-FR","potentialAction":[{"@type":"ReadAction","target":["https:\/\/districos.standingout.be\/fr\/product\/gehwol-nail-repair-cleaner-150-ml-ref-5205-07\/"]}]},{"@type":"ImageObject","inLanguage":"fr-FR","@id":"https:\/\/districos.standingout.be\/fr\/product\/gehwol-nail-repair-cleaner-150-ml-ref-5205-07\/#primaryimage","url":"https:\/\/districos.standingout.be\/wp-content\/uploads\/2026\/04\/5205.07@Nail-Repair-Cleaner-150-ml_1-3.png","contentUrl":"https:\/\/districos.standingout.be\/wp-content\/uploads\/2026\/04\/5205.07@Nail-Repair-Cleaner-150-ml_1-3.png","width":600,"height":600},{"@type":"BreadcrumbList","@id":"https:\/\/districos.standingout.be\/fr\/product\/gehwol-nail-repair-cleaner-150-ml-ref-5205-07\/#breadcrumb","itemListElement":[{"@type":"ListItem","position":1,"name":"Home","item":"https:\/\/districos.standingout.be\/fr\/bienvenue-chez-districos\/"},{"@type":"ListItem","position":2,"name":"Boutique","item":"https:\/\/districos.standingout.be\/fr\/boutique\/"},{"@type":"ListItem","position":3,"name":"Gehwol Nail Repair Cleaner 150 ml"}]},{"@type":"WebSite","@id":"https:\/\/districos.standingout.be\/fr\/#website","url":"https:\/\/districos.standingout.be\/fr\/","name":"Districos Webshop","description":"","publisher":{"@id":"https:\/\/districos.standingout.be\/fr\/#organization"},"potentialAction":[{"@type":"SearchAction","target":{"@type":"EntryPoint","urlTemplate":"https:\/\/districos.standingout.be\/fr\/?s={search_term_string}"},"query-input":{"@type":"PropertyValueSpecification","valueRequired":true,"valueName":"search_term_string"}}],"inLanguage":"fr-FR"},{"@type":"Organization","@id":"https:\/\/districos.standingout.be\/fr\/#organization","name":"Districos Webshop","url":"https:\/\/districos.standingout.be\/fr\/","logo":{"@type":"ImageObject","inLanguage":"fr-FR","@id":"https:\/\/districos.standingout.be\/fr\/#\/schema\/logo\/image\/","url":"https:\/\/districos.standingout.be\/wp-content\/uploads\/2022\/09\/Districos_Logo_Webshop.svg","contentUrl":"https:\/\/districos.standingout.be\/wp-content\/uploads\/2022\/09\/Districos_Logo_Webshop.svg","caption":"Districos Webshop"},"image":{"@id":"https:\/\/districos.standingout.be\/fr\/#\/schema\/logo\/image\/"}}]}},"_links":{"self":[{"href":"https:\/\/districos.standingout.be\/fr\/wp-json\/wp\/v2\/product\/134969","targetHints":{"allow":["GET"]}}],"collection":[{"href":"https:\/\/districos.standingout.be\/fr\/wp-json\/wp\/v2\/product"}],"about":[{"href":"https:\/\/districos.standingout.be\/fr\/wp-json\/wp\/v2\/types\/product"}],"replies":[{"embeddable":true,"href":"https:\/\/districos.standingout.be\/fr\/wp-json\/wp\/v2\/comments?post=134969"}],"wp:featuredmedia":[{"embeddable":true,"href":"https:\/\/districos.standingout.be\/fr\/wp-json\/wp\/v2\/media\/144571"}],"wp:attachment":[{"href":"https:\/\/districos.standingout.be\/fr\/wp-json\/wp\/v2\/media?parent=134969"}],"wp:term":[{"taxonomy":"product_brand","embeddable":true,"href":"https:\/\/districos.standingout.be\/fr\/wp-json\/wp\/v2\/product_brand?post=134969"},{"taxonomy":"product_cat","embeddable":true,"href":"https:\/\/districos.standingout.be\/fr\/wp-json\/wp\/v2\/product_cat?post=134969"},{"taxonomy":"product_tag","embeddable":true,"href":"https:\/\/districos.standingout.be\/fr\/wp-json\/wp\/v2\/product_tag?post=134969"}],"curies":[{"name":"wp","href":"https:\/\/api.w.org\/{rel}","templated":true}]}}