{"id":134971,"date":"2026-04-28T03:15:56","date_gmt":"2026-04-28T01:15:56","guid":{"rendered":"https:\/\/webshopdistricoscom.webhosting.be\/product\/gehwol-pinceau-de-modelage-gel-9-tetes-de-reserve-4-mm-ref-5205-08\/"},"modified":"2026-04-28T03:15:57","modified_gmt":"2026-04-28T01:15:57","slug":"gehwol-pinceau-de-modelage-gel-9-tetes-de-reserve-4-mm-ref-5205-08","status":"publish","type":"product","link":"https:\/\/districos.standingout.be\/fr\/product\/gehwol-pinceau-de-modelage-gel-9-tetes-de-reserve-4-mm-ref-5205-08\/","title":{"rendered":"Gehwol Pinceau de Modelage Gel + 9 T\u00eates de R\u00e9serve 4 mm"},"content":{"rendered":"<p >\n<p dir=ltr>Pinceau de modelage id\u00e9al pour appliquer le Nail Repair Gel sur l\u2019ongle. Il est livr\u00e9 avec 9 t\u00eates de r\u00e9serve afin de remplacer la t\u00eate apr\u00e8s chaque application. <\/p><\/p>\n","protected":false},"excerpt":{"rendered":"<p>Pinceau de modelage id\u00e9al pour appliquer le Nail Repair Gel sur l\u2019ongle. Il est livr\u00e9 avec 9 t\u00eates de r\u00e9serve afin de remplacer la t\u00eate apr\u00e8s chaque application.<\/p>\n","protected":false},"featured_media":144574,"comment_status":"open","ping_status":"closed","template":"","meta":{"_acf_changed":false},"product_brand":[10408],"product_cat":[9952,10054],"product_tag":[],"class_list":{"0":"post-134971","1":"product","2":"type-product","3":"status-publish","4":"has-post-thumbnail","6":"product_brand-gehwol-fr","7":"product_cat-beaute-pedicure-reconstruction-des-ongles","8":"product_cat-soins-des-pieds-podologie-soins-des-pieds-podologie-reconstruction-des-ongles","10":"first","11":"instock","12":"taxable","13":"shipping-taxable","14":"product-type-simple"},"acf":[],"yoast_head":"<!-- This site is optimized with the Yoast SEO plugin v27.3 - https:\/\/yoast.com\/product\/yoast-seo-wordpress\/ -->\n<title>Gehwol Pinceau de Modelage Gel + 9 T\u00eates de R\u00e9serve 4 mm - Districos Webshop<\/title>\n<meta name=\"robots\" content=\"noindex, follow, max-snippet:-1, max-image-preview:large, max-video-preview:-1\" \/>\n<meta property=\"og:locale\" content=\"fr_FR\" \/>\n<meta property=\"og:type\" content=\"article\" \/>\n<meta property=\"og:title\" content=\"Gehwol Pinceau de Modelage Gel + 9 T\u00eates de R\u00e9serve 4 mm - Districos Webshop\" \/>\n<meta property=\"og:description\" content=\"Pinceau de modelage id\u00e9al pour appliquer le Nail Repair Gel sur l\u2019ongle. Il est livr\u00e9 avec 9 t\u00eates de r\u00e9serve afin de remplacer la t\u00eate apr\u00e8s chaque application.\" \/>\n<meta property=\"og:url\" content=\"https:\/\/districos.standingout.be\/fr\/product\/gehwol-pinceau-de-modelage-gel-9-tetes-de-reserve-4-mm-ref-5205-08\/\" \/>\n<meta property=\"og:site_name\" content=\"Districos Webshop\" \/>\n<meta property=\"article:modified_time\" content=\"2026-04-28T01:15:57+00:00\" \/>\n<meta property=\"og:image\" content=\"https:\/\/districos.standingout.be\/wp-content\/uploads\/2026\/04\/5205.08@Gehwol-Gel-Modelleerpenseel-9-Reservekoppen-4-mm_1-2.png\" \/>\n\t<meta property=\"og:image:width\" content=\"600\" \/>\n\t<meta property=\"og:image:height\" content=\"600\" \/>\n\t<meta property=\"og:image:type\" content=\"image\/png\" \/>\n<meta name=\"twitter:card\" content=\"summary_large_image\" \/>\n<script type=\"application\/ld+json\" class=\"yoast-schema-graph\">{\"@context\":\"https:\\\/\\\/schema.org\",\"@graph\":[{\"@type\":\"WebPage\",\"@id\":\"https:\\\/\\\/districos.standingout.be\\\/fr\\\/product\\\/gehwol-pinceau-de-modelage-gel-9-tetes-de-reserve-4-mm-ref-5205-08\\\/\",\"url\":\"https:\\\/\\\/districos.standingout.be\\\/fr\\\/product\\\/gehwol-pinceau-de-modelage-gel-9-tetes-de-reserve-4-mm-ref-5205-08\\\/\",\"name\":\"Gehwol Pinceau de Modelage Gel + 9 T\u00eates de R\u00e9serve 4 mm - Districos Webshop\",\"isPartOf\":{\"@id\":\"https:\\\/\\\/districos.standingout.be\\\/fr\\\/#website\"},\"primaryImageOfPage\":{\"@id\":\"https:\\\/\\\/districos.standingout.be\\\/fr\\\/product\\\/gehwol-pinceau-de-modelage-gel-9-tetes-de-reserve-4-mm-ref-5205-08\\\/#primaryimage\"},\"image\":{\"@id\":\"https:\\\/\\\/districos.standingout.be\\\/fr\\\/product\\\/gehwol-pinceau-de-modelage-gel-9-tetes-de-reserve-4-mm-ref-5205-08\\\/#primaryimage\"},\"thumbnailUrl\":\"https:\\\/\\\/districos.standingout.be\\\/wp-content\\\/uploads\\\/2026\\\/04\\\/5205.08@Gehwol-Gel-Modelleerpenseel-9-Reservekoppen-4-mm_1-3.png\",\"datePublished\":\"2026-04-28T01:15:56+00:00\",\"dateModified\":\"2026-04-28T01:15:57+00:00\",\"breadcrumb\":{\"@id\":\"https:\\\/\\\/districos.standingout.be\\\/fr\\\/product\\\/gehwol-pinceau-de-modelage-gel-9-tetes-de-reserve-4-mm-ref-5205-08\\\/#breadcrumb\"},\"inLanguage\":\"fr-FR\",\"potentialAction\":[{\"@type\":\"ReadAction\",\"target\":[\"https:\\\/\\\/districos.standingout.be\\\/fr\\\/product\\\/gehwol-pinceau-de-modelage-gel-9-tetes-de-reserve-4-mm-ref-5205-08\\\/\"]}]},{\"@type\":\"ImageObject\",\"inLanguage\":\"fr-FR\",\"@id\":\"https:\\\/\\\/districos.standingout.be\\\/fr\\\/product\\\/gehwol-pinceau-de-modelage-gel-9-tetes-de-reserve-4-mm-ref-5205-08\\\/#primaryimage\",\"url\":\"https:\\\/\\\/districos.standingout.be\\\/wp-content\\\/uploads\\\/2026\\\/04\\\/5205.08@Gehwol-Gel-Modelleerpenseel-9-Reservekoppen-4-mm_1-3.png\",\"contentUrl\":\"https:\\\/\\\/districos.standingout.be\\\/wp-content\\\/uploads\\\/2026\\\/04\\\/5205.08@Gehwol-Gel-Modelleerpenseel-9-Reservekoppen-4-mm_1-3.png\",\"width\":600,\"height\":600},{\"@type\":\"BreadcrumbList\",\"@id\":\"https:\\\/\\\/districos.standingout.be\\\/fr\\\/product\\\/gehwol-pinceau-de-modelage-gel-9-tetes-de-reserve-4-mm-ref-5205-08\\\/#breadcrumb\",\"itemListElement\":[{\"@type\":\"ListItem\",\"position\":1,\"name\":\"Home\",\"item\":\"https:\\\/\\\/districos.standingout.be\\\/fr\\\/bienvenue-chez-districos\\\/\"},{\"@type\":\"ListItem\",\"position\":2,\"name\":\"Boutique\",\"item\":\"https:\\\/\\\/districos.standingout.be\\\/fr\\\/boutique\\\/\"},{\"@type\":\"ListItem\",\"position\":3,\"name\":\"Gehwol Pinceau de Modelage Gel + 9 T\u00eates de R\u00e9serve 4 mm\"}]},{\"@type\":\"WebSite\",\"@id\":\"https:\\\/\\\/districos.standingout.be\\\/fr\\\/#website\",\"url\":\"https:\\\/\\\/districos.standingout.be\\\/fr\\\/\",\"name\":\"Districos Webshop\",\"description\":\"\",\"publisher\":{\"@id\":\"https:\\\/\\\/districos.standingout.be\\\/fr\\\/#organization\"},\"potentialAction\":[{\"@type\":\"SearchAction\",\"target\":{\"@type\":\"EntryPoint\",\"urlTemplate\":\"https:\\\/\\\/districos.standingout.be\\\/fr\\\/?s={search_term_string}\"},\"query-input\":{\"@type\":\"PropertyValueSpecification\",\"valueRequired\":true,\"valueName\":\"search_term_string\"}}],\"inLanguage\":\"fr-FR\"},{\"@type\":\"Organization\",\"@id\":\"https:\\\/\\\/districos.standingout.be\\\/fr\\\/#organization\",\"name\":\"Districos Webshop\",\"url\":\"https:\\\/\\\/districos.standingout.be\\\/fr\\\/\",\"logo\":{\"@type\":\"ImageObject\",\"inLanguage\":\"fr-FR\",\"@id\":\"https:\\\/\\\/districos.standingout.be\\\/fr\\\/#\\\/schema\\\/logo\\\/image\\\/\",\"url\":\"https:\\\/\\\/districos.standingout.be\\\/wp-content\\\/uploads\\\/2022\\\/09\\\/Districos_Logo_Webshop.svg\",\"contentUrl\":\"https:\\\/\\\/districos.standingout.be\\\/wp-content\\\/uploads\\\/2022\\\/09\\\/Districos_Logo_Webshop.svg\",\"caption\":\"Districos Webshop\"},\"image\":{\"@id\":\"https:\\\/\\\/districos.standingout.be\\\/fr\\\/#\\\/schema\\\/logo\\\/image\\\/\"}}]}<\/script>\n<!-- \/ Yoast SEO plugin. -->","yoast_head_json":{"title":"Gehwol Pinceau de Modelage Gel + 9 T\u00eates de R\u00e9serve 4 mm - Districos Webshop","robots":{"index":"noindex","follow":"follow","max-snippet":"max-snippet:-1","max-image-preview":"max-image-preview:large","max-video-preview":"max-video-preview:-1"},"og_locale":"fr_FR","og_type":"article","og_title":"Gehwol Pinceau de Modelage Gel + 9 T\u00eates de R\u00e9serve 4 mm - Districos Webshop","og_description":"Pinceau de modelage id\u00e9al pour appliquer le Nail Repair Gel sur l\u2019ongle. Il est livr\u00e9 avec 9 t\u00eates de r\u00e9serve afin de remplacer la t\u00eate apr\u00e8s chaque application.","og_url":"https:\/\/districos.standingout.be\/fr\/product\/gehwol-pinceau-de-modelage-gel-9-tetes-de-reserve-4-mm-ref-5205-08\/","og_site_name":"Districos Webshop","article_modified_time":"2026-04-28T01:15:57+00:00","og_image":[{"width":600,"height":600,"url":"https:\/\/districos.standingout.be\/wp-content\/uploads\/2026\/04\/5205.08@Gehwol-Gel-Modelleerpenseel-9-Reservekoppen-4-mm_1-2.png","type":"image\/png"}],"twitter_card":"summary_large_image","schema":{"@context":"https:\/\/schema.org","@graph":[{"@type":"WebPage","@id":"https:\/\/districos.standingout.be\/fr\/product\/gehwol-pinceau-de-modelage-gel-9-tetes-de-reserve-4-mm-ref-5205-08\/","url":"https:\/\/districos.standingout.be\/fr\/product\/gehwol-pinceau-de-modelage-gel-9-tetes-de-reserve-4-mm-ref-5205-08\/","name":"Gehwol Pinceau de Modelage Gel + 9 T\u00eates de R\u00e9serve 4 mm - Districos Webshop","isPartOf":{"@id":"https:\/\/districos.standingout.be\/fr\/#website"},"primaryImageOfPage":{"@id":"https:\/\/districos.standingout.be\/fr\/product\/gehwol-pinceau-de-modelage-gel-9-tetes-de-reserve-4-mm-ref-5205-08\/#primaryimage"},"image":{"@id":"https:\/\/districos.standingout.be\/fr\/product\/gehwol-pinceau-de-modelage-gel-9-tetes-de-reserve-4-mm-ref-5205-08\/#primaryimage"},"thumbnailUrl":"https:\/\/districos.standingout.be\/wp-content\/uploads\/2026\/04\/5205.08@Gehwol-Gel-Modelleerpenseel-9-Reservekoppen-4-mm_1-3.png","datePublished":"2026-04-28T01:15:56+00:00","dateModified":"2026-04-28T01:15:57+00:00","breadcrumb":{"@id":"https:\/\/districos.standingout.be\/fr\/product\/gehwol-pinceau-de-modelage-gel-9-tetes-de-reserve-4-mm-ref-5205-08\/#breadcrumb"},"inLanguage":"fr-FR","potentialAction":[{"@type":"ReadAction","target":["https:\/\/districos.standingout.be\/fr\/product\/gehwol-pinceau-de-modelage-gel-9-tetes-de-reserve-4-mm-ref-5205-08\/"]}]},{"@type":"ImageObject","inLanguage":"fr-FR","@id":"https:\/\/districos.standingout.be\/fr\/product\/gehwol-pinceau-de-modelage-gel-9-tetes-de-reserve-4-mm-ref-5205-08\/#primaryimage","url":"https:\/\/districos.standingout.be\/wp-content\/uploads\/2026\/04\/5205.08@Gehwol-Gel-Modelleerpenseel-9-Reservekoppen-4-mm_1-3.png","contentUrl":"https:\/\/districos.standingout.be\/wp-content\/uploads\/2026\/04\/5205.08@Gehwol-Gel-Modelleerpenseel-9-Reservekoppen-4-mm_1-3.png","width":600,"height":600},{"@type":"BreadcrumbList","@id":"https:\/\/districos.standingout.be\/fr\/product\/gehwol-pinceau-de-modelage-gel-9-tetes-de-reserve-4-mm-ref-5205-08\/#breadcrumb","itemListElement":[{"@type":"ListItem","position":1,"name":"Home","item":"https:\/\/districos.standingout.be\/fr\/bienvenue-chez-districos\/"},{"@type":"ListItem","position":2,"name":"Boutique","item":"https:\/\/districos.standingout.be\/fr\/boutique\/"},{"@type":"ListItem","position":3,"name":"Gehwol Pinceau de Modelage Gel + 9 T\u00eates de R\u00e9serve 4 mm"}]},{"@type":"WebSite","@id":"https:\/\/districos.standingout.be\/fr\/#website","url":"https:\/\/districos.standingout.be\/fr\/","name":"Districos Webshop","description":"","publisher":{"@id":"https:\/\/districos.standingout.be\/fr\/#organization"},"potentialAction":[{"@type":"SearchAction","target":{"@type":"EntryPoint","urlTemplate":"https:\/\/districos.standingout.be\/fr\/?s={search_term_string}"},"query-input":{"@type":"PropertyValueSpecification","valueRequired":true,"valueName":"search_term_string"}}],"inLanguage":"fr-FR"},{"@type":"Organization","@id":"https:\/\/districos.standingout.be\/fr\/#organization","name":"Districos Webshop","url":"https:\/\/districos.standingout.be\/fr\/","logo":{"@type":"ImageObject","inLanguage":"fr-FR","@id":"https:\/\/districos.standingout.be\/fr\/#\/schema\/logo\/image\/","url":"https:\/\/districos.standingout.be\/wp-content\/uploads\/2022\/09\/Districos_Logo_Webshop.svg","contentUrl":"https:\/\/districos.standingout.be\/wp-content\/uploads\/2022\/09\/Districos_Logo_Webshop.svg","caption":"Districos Webshop"},"image":{"@id":"https:\/\/districos.standingout.be\/fr\/#\/schema\/logo\/image\/"}}]}},"_links":{"self":[{"href":"https:\/\/districos.standingout.be\/fr\/wp-json\/wp\/v2\/product\/134971","targetHints":{"allow":["GET"]}}],"collection":[{"href":"https:\/\/districos.standingout.be\/fr\/wp-json\/wp\/v2\/product"}],"about":[{"href":"https:\/\/districos.standingout.be\/fr\/wp-json\/wp\/v2\/types\/product"}],"replies":[{"embeddable":true,"href":"https:\/\/districos.standingout.be\/fr\/wp-json\/wp\/v2\/comments?post=134971"}],"wp:featuredmedia":[{"embeddable":true,"href":"https:\/\/districos.standingout.be\/fr\/wp-json\/wp\/v2\/media\/144574"}],"wp:attachment":[{"href":"https:\/\/districos.standingout.be\/fr\/wp-json\/wp\/v2\/media?parent=134971"}],"wp:term":[{"taxonomy":"product_brand","embeddable":true,"href":"https:\/\/districos.standingout.be\/fr\/wp-json\/wp\/v2\/product_brand?post=134971"},{"taxonomy":"product_cat","embeddable":true,"href":"https:\/\/districos.standingout.be\/fr\/wp-json\/wp\/v2\/product_cat?post=134971"},{"taxonomy":"product_tag","embeddable":true,"href":"https:\/\/districos.standingout.be\/fr\/wp-json\/wp\/v2\/product_tag?post=134971"}],"curies":[{"name":"wp","href":"https:\/\/api.w.org\/{rel}","templated":true}]}}