{"id":134975,"date":"2026-04-28T03:15:59","date_gmt":"2026-04-28T01:15:59","guid":{"rendered":"https:\/\/webshopdistricoscom.webhosting.be\/product\/presentoir-gehwol-avec-produits-de-vente-sans-crochets-ref-5205-27\/"},"modified":"2026-04-28T03:16:03","modified_gmt":"2026-04-28T01:16:03","slug":"presentoir-gehwol-avec-produits-de-vente-sans-crochets-ref-5205-27","status":"publish","type":"product","link":"https:\/\/districos.standingout.be\/fr\/product\/presentoir-gehwol-avec-produits-de-vente-sans-crochets-ref-5205-27\/","title":{"rendered":"Pr\u00e9sentoir Gehwol avec Produits de Vente (sans crochets)"},"content":{"rendered":"<p >\n<\/p>\n<\/p>\n<p dir=\"ltr\"><b>Contenu :<\/b><\/p>\n<p> VENTE : <\/p>\n<ul>\n<li>3 x Gehwol\u00ae Cr\u00e8me Intense Peaux S\u00e8ches 75 ml (<a href=\"https:\/\/webshop.districos.com\/ProductDetail\/5201.01V\" target=\"_blank\" rel=\"noopener noreferrer nofollow\">r\u00e9f. 5201.01V<\/a>)<\/li>\n<li>3 x Gehwol\u00ae Cr\u00e8me Rafra\u00eechissante Menthe 75 ml (<a href=\"https:\/\/webshop.districos.com\/ProductDetail\/5201.03V\" target=\"_blank\" rel=\"noopener noreferrer nofollow\">r\u00e9f. 5201.03V<\/a>)<\/li>\n<li>3 x Gehwol\u00ae Fusskraft Cr\u00e8me Soft Feet 125 ml&nbsp;(<a href=\"https:\/\/webshop.districos.com\/ProductDetail\/5201.13G\" target=\"_blank\" rel=\"noopener noreferrer nofollow\">r\u00e9f. 5201.13G<\/a>) <\/li>\n<li>3 x Gehwol\u00ae MED Pommade Ger\u00e7ures 75 ml&nbsp;(<a href=\"https:\/\/webshop.districos.com\/ProductDetail\/5202.01V\" target=\"_blank\" rel=\"noopener noreferrer nofollow\">r\u00e9f. 5202.01V<\/a>)<\/li>\n<li>3 x Gehwol\u00ae MED Cr\u00e8me Lipidro 75 ml&nbsp;(<a href=\"https:\/\/webshop.districos.com\/ProductDetail\/5202.02V\" target=\"_blank\" rel=\"noopener noreferrer nofollow\">r\u00e9f. 5202.02V<\/a>)<\/li>\n<li>3 x Gehwol\u00ae D\u00e9o Pieds + Chaussures 150 ml&nbsp;(<a href=\"https:\/\/webshop.districos.com\/ProductDetail\/5203.09\" target=\"_blank\" rel=\"noopener noreferrer nofollow\">r\u00e9f. 5203.09<\/a>)<\/li>\n<li>3 x Gehwol\u00ae MED Huile Protectrice pour les Ongles et la Peau 15 ml&nbsp;(<a href=\"https:\/\/webshop.districos.com\/ProductDetail\/5202.07\" target=\"_blank\" rel=\"noopener noreferrer nofollow\">r\u00e9f. 5202.07<\/a>)<\/li>\n<li>3 x Gehwol\u00ae MED \u00c9mollient Ongles 15 ml&nbsp;(<a href=\"https:\/\/webshop.districos.com\/ProductDetail\/5202.06\" target=\"_blank\" rel=\"noopener noreferrer nofollow\">r\u00e9f. 5202.06<\/a>)<\/li>\n<li>3 x Gehwol\u00ae Fusskraft Bain aux Herbes 10 x 20 g&nbsp;(<a href=\"https:\/\/webshop.districos.com\/ProductDetail\/5201.09\" target=\"_blank\" rel=\"noopener noreferrer nofollow\">r\u00e9f. 5201.09<\/a>)<\/li>\n<\/ul>\n<div><\/div>\n<div>CABINE :<\/div>\n<ul>\n<li>1 x Gehwol\u00ae Cr\u00e8me Intense Peaux S\u00e8ches 500 ml (<a href=\"https:\/\/webshop.districos.com\/ProductDetail\/5201.01C\" target=\"_blank\" rel=\"noopener noreferrer nofollow\">r\u00e9f. 5201.01C<\/a>)<\/li>\n<li>1 x Gehwol\u00ae Cr\u00e8me Rafra\u00eechissante Menthe 500 ml (<a href=\"https:\/\/webshop.districos.com\/ProductDetail\/5201.03C\" target=\"_blank\" rel=\"noopener noreferrer nofollow\">r\u00e9f. 5201.03C<\/a>)<\/li>\n<li>1 x Gehwol\u00ae Fusskraft Cr\u00e8me Soft Feet 500 ml&nbsp;(<a href=\"https:\/\/webshop.districos.com\/ProductDetail\/5201.13C\" target=\"_blank\" rel=\"noopener noreferrer nofollow\">r\u00e9f. 5201.13C<\/a>)<\/li>\n<li>1 x Gehwol\u00ae MED Cr\u00e8me Lipidro 500 ml&nbsp;(<a href=\"https:\/\/webshop.districos.com\/ProductDetail\/5202.02C\" target=\"_blank\" rel=\"noopener noreferrer nofollow\">r\u00e9f. 5202.02C<\/a>)<\/li>\n<li>1 x Gehwol\u00ae Fusskraft Bain aux Herbes 400 g&nbsp;(<a href=\"https:\/\/webshop.districos.com\/ProductDetail\/5201.09G\" target=\"_blank\" rel=\"noopener noreferrer nofollow\">r\u00e9f. 5201.09G<\/a>)<\/li>\n<p> <\/ul>\n<div>Valeur commerciale : 311,55 \u20ac<\/div>\n<div>\n<div>+ des cr\u00e8mes pour plus de 200 soins en cabine !<\/div>\n<div><span><br \/><\/span><\/div>\n<div><span>Pr\u00e9sentoir de table vide aussi disponible !&nbsp;<\/span><span>(<\/span><a href=\"https:\/\/webshop.districos.com\/ProductDetail\/9550.168\"style=\"font-size: 10pt; font-family: Arial;\" target=\"_blank\" rel=\"noopener noreferrer nofollow\">r\u00e9f. 9550.168<\/a><span>)<\/span><\/div>\n<\/div>\n<p> <timestamp:19896092:73\/> <\/p>\n","protected":false},"excerpt":{"rendered":"<p>Contenu : VENTE : 3 x Gehwol\u00ae Cr\u00e8me Intense Peaux S\u00e8ches 75 ml (r\u00e9f. 5201.01V) 3 x Gehwol\u00ae Cr\u00e8me Rafra\u00eechissante Menthe 75 ml (r\u00e9f. 5201.03V) 3 x Gehwol\u00ae Fusskraft Cr\u00e8me Soft Feet 125 ml&nbsp;(r\u00e9f. 5201.13G) 3 x Gehwol\u00ae MED Pommade Ger\u00e7ures 75 ml&nbsp;(r\u00e9f. 5202.01V) 3 x Gehwol\u00ae MED Cr\u00e8me Lipidro 75 ml&nbsp;(r\u00e9f. 5202.02V) 3 x [&hellip;]<\/p>\n","protected":false},"featured_media":72746,"comment_status":"open","ping_status":"closed","template":"","meta":{"_acf_changed":false},"product_brand":[10408],"product_cat":[10078,10084,10226,9946],"product_tag":[],"class_list":{"0":"post-134975","1":"product","2":"type-product","3":"status-publish","4":"has-post-thumbnail","6":"product_brand-gehwol-fr","7":"product_cat-soins-des-pieds-podologie-produits-de-soin-cremes-lotions","8":"product_cat-soins-des-pieds-podologie-produits-de-soin-gehwoll","9":"product_cat-promotions-promotions-materiel-promotionnel","10":"product_cat-beaute-pedicure-produits-de-soin","12":"first","13":"instock","14":"taxable","15":"shipping-taxable","16":"product-type-simple"},"acf":[],"yoast_head":"<!-- This site is optimized with the Yoast SEO plugin v27.3 - https:\/\/yoast.com\/product\/yoast-seo-wordpress\/ -->\n<title>Pr\u00e9sentoir Gehwol avec Produits de Vente (sans crochets) - Districos Webshop<\/title>\n<meta name=\"robots\" content=\"noindex, follow, max-snippet:-1, max-image-preview:large, max-video-preview:-1\" \/>\n<meta property=\"og:locale\" content=\"fr_FR\" \/>\n<meta property=\"og:type\" content=\"article\" \/>\n<meta property=\"og:title\" content=\"Pr\u00e9sentoir Gehwol avec Produits de Vente (sans crochets) - Districos Webshop\" \/>\n<meta property=\"og:description\" content=\"Contenu : VENTE : 3 x Gehwol\u00ae Cr\u00e8me Intense Peaux S\u00e8ches 75 ml (r\u00e9f. 5201.01V) 3 x Gehwol\u00ae Cr\u00e8me Rafra\u00eechissante Menthe 75 ml (r\u00e9f. 5201.03V) 3 x Gehwol\u00ae Fusskraft Cr\u00e8me Soft Feet 125 ml&nbsp;(r\u00e9f. 5201.13G) 3 x Gehwol\u00ae MED Pommade Ger\u00e7ures 75 ml&nbsp;(r\u00e9f. 5202.01V) 3 x Gehwol\u00ae MED Cr\u00e8me Lipidro 75 ml&nbsp;(r\u00e9f. 5202.02V) 3 x [&hellip;]\" \/>\n<meta property=\"og:url\" content=\"https:\/\/districos.standingout.be\/fr\/product\/presentoir-gehwol-avec-produits-de-vente-sans-crochets-ref-5205-27\/\" \/>\n<meta property=\"og:site_name\" content=\"Districos Webshop\" \/>\n<meta property=\"article:modified_time\" content=\"2026-04-28T01:16:03+00:00\" \/>\n<meta property=\"og:image\" content=\"https:\/\/districos.standingout.be\/wp-content\/uploads\/2025\/07\/5205.27@LowRes_1.png\" \/>\n\t<meta property=\"og:image:width\" content=\"600\" \/>\n\t<meta property=\"og:image:height\" content=\"600\" \/>\n\t<meta property=\"og:image:type\" content=\"image\/png\" \/>\n<meta name=\"twitter:card\" content=\"summary_large_image\" \/>\n<meta name=\"twitter:label1\" content=\"Dur\u00e9e de lecture estim\u00e9e\" \/>\n\t<meta name=\"twitter:data1\" content=\"1 minute\" \/>\n<script type=\"application\/ld+json\" class=\"yoast-schema-graph\">{\"@context\":\"https:\\\/\\\/schema.org\",\"@graph\":[{\"@type\":\"WebPage\",\"@id\":\"https:\\\/\\\/districos.standingout.be\\\/fr\\\/product\\\/presentoir-gehwol-avec-produits-de-vente-sans-crochets-ref-5205-27\\\/\",\"url\":\"https:\\\/\\\/districos.standingout.be\\\/fr\\\/product\\\/presentoir-gehwol-avec-produits-de-vente-sans-crochets-ref-5205-27\\\/\",\"name\":\"Pr\u00e9sentoir Gehwol avec Produits de Vente (sans crochets) - Districos Webshop\",\"isPartOf\":{\"@id\":\"https:\\\/\\\/districos.standingout.be\\\/fr\\\/#website\"},\"primaryImageOfPage\":{\"@id\":\"https:\\\/\\\/districos.standingout.be\\\/fr\\\/product\\\/presentoir-gehwol-avec-produits-de-vente-sans-crochets-ref-5205-27\\\/#primaryimage\"},\"image\":{\"@id\":\"https:\\\/\\\/districos.standingout.be\\\/fr\\\/product\\\/presentoir-gehwol-avec-produits-de-vente-sans-crochets-ref-5205-27\\\/#primaryimage\"},\"thumbnailUrl\":\"https:\\\/\\\/districos.standingout.be\\\/wp-content\\\/uploads\\\/2025\\\/07\\\/5205.27@LowRes_1.png\",\"datePublished\":\"2026-04-28T01:15:59+00:00\",\"dateModified\":\"2026-04-28T01:16:03+00:00\",\"breadcrumb\":{\"@id\":\"https:\\\/\\\/districos.standingout.be\\\/fr\\\/product\\\/presentoir-gehwol-avec-produits-de-vente-sans-crochets-ref-5205-27\\\/#breadcrumb\"},\"inLanguage\":\"fr-FR\",\"potentialAction\":[{\"@type\":\"ReadAction\",\"target\":[\"https:\\\/\\\/districos.standingout.be\\\/fr\\\/product\\\/presentoir-gehwol-avec-produits-de-vente-sans-crochets-ref-5205-27\\\/\"]}]},{\"@type\":\"ImageObject\",\"inLanguage\":\"fr-FR\",\"@id\":\"https:\\\/\\\/districos.standingout.be\\\/fr\\\/product\\\/presentoir-gehwol-avec-produits-de-vente-sans-crochets-ref-5205-27\\\/#primaryimage\",\"url\":\"https:\\\/\\\/districos.standingout.be\\\/wp-content\\\/uploads\\\/2025\\\/07\\\/5205.27@LowRes_1.png\",\"contentUrl\":\"https:\\\/\\\/districos.standingout.be\\\/wp-content\\\/uploads\\\/2025\\\/07\\\/5205.27@LowRes_1.png\",\"width\":600,\"height\":600},{\"@type\":\"BreadcrumbList\",\"@id\":\"https:\\\/\\\/districos.standingout.be\\\/fr\\\/product\\\/presentoir-gehwol-avec-produits-de-vente-sans-crochets-ref-5205-27\\\/#breadcrumb\",\"itemListElement\":[{\"@type\":\"ListItem\",\"position\":1,\"name\":\"Home\",\"item\":\"https:\\\/\\\/districos.standingout.be\\\/fr\\\/bienvenue-chez-districos\\\/\"},{\"@type\":\"ListItem\",\"position\":2,\"name\":\"Boutique\",\"item\":\"https:\\\/\\\/districos.standingout.be\\\/fr\\\/boutique\\\/\"},{\"@type\":\"ListItem\",\"position\":3,\"name\":\"Pr\u00e9sentoir Gehwol avec Produits de Vente (sans crochets)\"}]},{\"@type\":\"WebSite\",\"@id\":\"https:\\\/\\\/districos.standingout.be\\\/fr\\\/#website\",\"url\":\"https:\\\/\\\/districos.standingout.be\\\/fr\\\/\",\"name\":\"Districos Webshop\",\"description\":\"\",\"publisher\":{\"@id\":\"https:\\\/\\\/districos.standingout.be\\\/fr\\\/#organization\"},\"potentialAction\":[{\"@type\":\"SearchAction\",\"target\":{\"@type\":\"EntryPoint\",\"urlTemplate\":\"https:\\\/\\\/districos.standingout.be\\\/fr\\\/?s={search_term_string}\"},\"query-input\":{\"@type\":\"PropertyValueSpecification\",\"valueRequired\":true,\"valueName\":\"search_term_string\"}}],\"inLanguage\":\"fr-FR\"},{\"@type\":\"Organization\",\"@id\":\"https:\\\/\\\/districos.standingout.be\\\/fr\\\/#organization\",\"name\":\"Districos Webshop\",\"url\":\"https:\\\/\\\/districos.standingout.be\\\/fr\\\/\",\"logo\":{\"@type\":\"ImageObject\",\"inLanguage\":\"fr-FR\",\"@id\":\"https:\\\/\\\/districos.standingout.be\\\/fr\\\/#\\\/schema\\\/logo\\\/image\\\/\",\"url\":\"https:\\\/\\\/districos.standingout.be\\\/wp-content\\\/uploads\\\/2022\\\/09\\\/Districos_Logo_Webshop.svg\",\"contentUrl\":\"https:\\\/\\\/districos.standingout.be\\\/wp-content\\\/uploads\\\/2022\\\/09\\\/Districos_Logo_Webshop.svg\",\"caption\":\"Districos Webshop\"},\"image\":{\"@id\":\"https:\\\/\\\/districos.standingout.be\\\/fr\\\/#\\\/schema\\\/logo\\\/image\\\/\"}}]}<\/script>\n<!-- \/ Yoast SEO plugin. -->","yoast_head_json":{"title":"Pr\u00e9sentoir Gehwol avec Produits de Vente (sans crochets) - Districos Webshop","robots":{"index":"noindex","follow":"follow","max-snippet":"max-snippet:-1","max-image-preview":"max-image-preview:large","max-video-preview":"max-video-preview:-1"},"og_locale":"fr_FR","og_type":"article","og_title":"Pr\u00e9sentoir Gehwol avec Produits de Vente (sans crochets) - Districos Webshop","og_description":"Contenu : VENTE : 3 x Gehwol\u00ae Cr\u00e8me Intense Peaux S\u00e8ches 75 ml (r\u00e9f. 5201.01V) 3 x Gehwol\u00ae Cr\u00e8me Rafra\u00eechissante Menthe 75 ml (r\u00e9f. 5201.03V) 3 x Gehwol\u00ae Fusskraft Cr\u00e8me Soft Feet 125 ml&nbsp;(r\u00e9f. 5201.13G) 3 x Gehwol\u00ae MED Pommade Ger\u00e7ures 75 ml&nbsp;(r\u00e9f. 5202.01V) 3 x Gehwol\u00ae MED Cr\u00e8me Lipidro 75 ml&nbsp;(r\u00e9f. 5202.02V) 3 x [&hellip;]","og_url":"https:\/\/districos.standingout.be\/fr\/product\/presentoir-gehwol-avec-produits-de-vente-sans-crochets-ref-5205-27\/","og_site_name":"Districos Webshop","article_modified_time":"2026-04-28T01:16:03+00:00","og_image":[{"width":600,"height":600,"url":"https:\/\/districos.standingout.be\/wp-content\/uploads\/2025\/07\/5205.27@LowRes_1.png","type":"image\/png"}],"twitter_card":"summary_large_image","twitter_misc":{"Dur\u00e9e de lecture estim\u00e9e":"1 minute"},"schema":{"@context":"https:\/\/schema.org","@graph":[{"@type":"WebPage","@id":"https:\/\/districos.standingout.be\/fr\/product\/presentoir-gehwol-avec-produits-de-vente-sans-crochets-ref-5205-27\/","url":"https:\/\/districos.standingout.be\/fr\/product\/presentoir-gehwol-avec-produits-de-vente-sans-crochets-ref-5205-27\/","name":"Pr\u00e9sentoir Gehwol avec Produits de Vente (sans crochets) - Districos Webshop","isPartOf":{"@id":"https:\/\/districos.standingout.be\/fr\/#website"},"primaryImageOfPage":{"@id":"https:\/\/districos.standingout.be\/fr\/product\/presentoir-gehwol-avec-produits-de-vente-sans-crochets-ref-5205-27\/#primaryimage"},"image":{"@id":"https:\/\/districos.standingout.be\/fr\/product\/presentoir-gehwol-avec-produits-de-vente-sans-crochets-ref-5205-27\/#primaryimage"},"thumbnailUrl":"https:\/\/districos.standingout.be\/wp-content\/uploads\/2025\/07\/5205.27@LowRes_1.png","datePublished":"2026-04-28T01:15:59+00:00","dateModified":"2026-04-28T01:16:03+00:00","breadcrumb":{"@id":"https:\/\/districos.standingout.be\/fr\/product\/presentoir-gehwol-avec-produits-de-vente-sans-crochets-ref-5205-27\/#breadcrumb"},"inLanguage":"fr-FR","potentialAction":[{"@type":"ReadAction","target":["https:\/\/districos.standingout.be\/fr\/product\/presentoir-gehwol-avec-produits-de-vente-sans-crochets-ref-5205-27\/"]}]},{"@type":"ImageObject","inLanguage":"fr-FR","@id":"https:\/\/districos.standingout.be\/fr\/product\/presentoir-gehwol-avec-produits-de-vente-sans-crochets-ref-5205-27\/#primaryimage","url":"https:\/\/districos.standingout.be\/wp-content\/uploads\/2025\/07\/5205.27@LowRes_1.png","contentUrl":"https:\/\/districos.standingout.be\/wp-content\/uploads\/2025\/07\/5205.27@LowRes_1.png","width":600,"height":600},{"@type":"BreadcrumbList","@id":"https:\/\/districos.standingout.be\/fr\/product\/presentoir-gehwol-avec-produits-de-vente-sans-crochets-ref-5205-27\/#breadcrumb","itemListElement":[{"@type":"ListItem","position":1,"name":"Home","item":"https:\/\/districos.standingout.be\/fr\/bienvenue-chez-districos\/"},{"@type":"ListItem","position":2,"name":"Boutique","item":"https:\/\/districos.standingout.be\/fr\/boutique\/"},{"@type":"ListItem","position":3,"name":"Pr\u00e9sentoir Gehwol avec Produits de Vente (sans crochets)"}]},{"@type":"WebSite","@id":"https:\/\/districos.standingout.be\/fr\/#website","url":"https:\/\/districos.standingout.be\/fr\/","name":"Districos Webshop","description":"","publisher":{"@id":"https:\/\/districos.standingout.be\/fr\/#organization"},"potentialAction":[{"@type":"SearchAction","target":{"@type":"EntryPoint","urlTemplate":"https:\/\/districos.standingout.be\/fr\/?s={search_term_string}"},"query-input":{"@type":"PropertyValueSpecification","valueRequired":true,"valueName":"search_term_string"}}],"inLanguage":"fr-FR"},{"@type":"Organization","@id":"https:\/\/districos.standingout.be\/fr\/#organization","name":"Districos Webshop","url":"https:\/\/districos.standingout.be\/fr\/","logo":{"@type":"ImageObject","inLanguage":"fr-FR","@id":"https:\/\/districos.standingout.be\/fr\/#\/schema\/logo\/image\/","url":"https:\/\/districos.standingout.be\/wp-content\/uploads\/2022\/09\/Districos_Logo_Webshop.svg","contentUrl":"https:\/\/districos.standingout.be\/wp-content\/uploads\/2022\/09\/Districos_Logo_Webshop.svg","caption":"Districos Webshop"},"image":{"@id":"https:\/\/districos.standingout.be\/fr\/#\/schema\/logo\/image\/"}}]}},"_links":{"self":[{"href":"https:\/\/districos.standingout.be\/fr\/wp-json\/wp\/v2\/product\/134975","targetHints":{"allow":["GET"]}}],"collection":[{"href":"https:\/\/districos.standingout.be\/fr\/wp-json\/wp\/v2\/product"}],"about":[{"href":"https:\/\/districos.standingout.be\/fr\/wp-json\/wp\/v2\/types\/product"}],"replies":[{"embeddable":true,"href":"https:\/\/districos.standingout.be\/fr\/wp-json\/wp\/v2\/comments?post=134975"}],"wp:featuredmedia":[{"embeddable":true,"href":"https:\/\/districos.standingout.be\/fr\/wp-json\/wp\/v2\/media\/72746"}],"wp:attachment":[{"href":"https:\/\/districos.standingout.be\/fr\/wp-json\/wp\/v2\/media?parent=134975"}],"wp:term":[{"taxonomy":"product_brand","embeddable":true,"href":"https:\/\/districos.standingout.be\/fr\/wp-json\/wp\/v2\/product_brand?post=134975"},{"taxonomy":"product_cat","embeddable":true,"href":"https:\/\/districos.standingout.be\/fr\/wp-json\/wp\/v2\/product_cat?post=134975"},{"taxonomy":"product_tag","embeddable":true,"href":"https:\/\/districos.standingout.be\/fr\/wp-json\/wp\/v2\/product_tag?post=134975"}],"curies":[{"name":"wp","href":"https:\/\/api.w.org\/{rel}","templated":true}]}}