{"id":135011,"date":"2026-04-28T03:20:58","date_gmt":"2026-04-28T01:20:58","guid":{"rendered":"https:\/\/webshopdistricoscom.webhosting.be\/product\/gehwol-protection-hallux-valgus-g-gros-orteil-ref-5206-37\/"},"modified":"2026-04-28T03:21:00","modified_gmt":"2026-04-28T01:21:00","slug":"gehwol-protection-hallux-valgus-g-gros-orteil-ref-5206-37","status":"publish","type":"product","link":"https:\/\/districos.standingout.be\/fr\/product\/gehwol-protection-hallux-valgus-g-gros-orteil-ref-5206-37\/","title":{"rendered":"Gehwol Protection Hallux Valgus G Gros Orteil"},"content":{"rendered":"<p >\n<p dir=ltr>Soulage les orteils souffrant d&rsquo;oignons, pendant la marche. Ce coussin doux et tr\u00e8s \u00e9lastique offre une protection et un confort in\u00e9gal\u00e9. Disponibles pour les petits et gros orteils. <\/p>\n<p> Disponible pour le grand et le petit orteil.<br \/> Emballage : 1 pi\u00e8ce<\/p><\/p>\n","protected":false},"excerpt":{"rendered":"<p>Soulage les orteils souffrant d&rsquo;oignons, pendant la marche. Ce coussin doux et tr\u00e8s \u00e9lastique offre une protection et un confort in\u00e9gal\u00e9. Disponibles pour les petits et gros orteils. Disponible pour le grand et le petit orteil. Emballage : 1 pi\u00e8ce<\/p>\n","protected":false},"featured_media":72803,"comment_status":"open","ping_status":"closed","template":"","meta":{"_acf_changed":false},"product_brand":[10408],"product_cat":[10078,9996,9946,9954],"product_tag":[],"class_list":{"0":"post-135011","1":"product","2":"type-product","3":"status-publish","4":"has-post-thumbnail","6":"product_brand-gehwol-fr","7":"product_cat-soins-des-pieds-podologie-produits-de-soin-cremes-lotions","8":"product_cat-soins-des-pieds-podologie-soulagement-de-la-pression-gels-pads-en-gel","9":"product_cat-beaute-pedicure-produits-de-soin","10":"product_cat-beaute-pedicure-soulagement-de-la-pression","12":"first","13":"instock","14":"taxable","15":"shipping-taxable","16":"product-type-simple"},"acf":[],"yoast_head":"<!-- This site is optimized with the Yoast SEO plugin v27.3 - https:\/\/yoast.com\/product\/yoast-seo-wordpress\/ -->\n<title>Gehwol Protection Hallux Valgus G Gros Orteil - Districos Webshop<\/title>\n<meta name=\"robots\" content=\"noindex, follow, max-snippet:-1, max-image-preview:large, max-video-preview:-1\" \/>\n<meta property=\"og:locale\" content=\"fr_FR\" \/>\n<meta property=\"og:type\" content=\"article\" \/>\n<meta property=\"og:title\" content=\"Gehwol Protection Hallux Valgus G Gros Orteil - Districos Webshop\" \/>\n<meta property=\"og:description\" content=\"Soulage les orteils souffrant d&rsquo;oignons, pendant la marche. Ce coussin doux et tr\u00e8s \u00e9lastique offre une protection et un confort in\u00e9gal\u00e9. Disponibles pour les petits et gros orteils. Disponible pour le grand et le petit orteil. Emballage : 1 pi\u00e8ce\" \/>\n<meta property=\"og:url\" content=\"https:\/\/districos.standingout.be\/fr\/product\/gehwol-protection-hallux-valgus-g-gros-orteil-ref-5206-37\/\" \/>\n<meta property=\"og:site_name\" content=\"Districos Webshop\" \/>\n<meta property=\"article:modified_time\" content=\"2026-04-28T01:21:00+00:00\" \/>\n<meta property=\"og:image\" content=\"https:\/\/districos.standingout.be\/wp-content\/uploads\/2025\/07\/5206.37@LowRes_0.png\" \/>\n\t<meta property=\"og:image:width\" content=\"600\" \/>\n\t<meta property=\"og:image:height\" content=\"600\" \/>\n\t<meta property=\"og:image:type\" content=\"image\/png\" \/>\n<meta name=\"twitter:card\" content=\"summary_large_image\" \/>\n<script type=\"application\/ld+json\" class=\"yoast-schema-graph\">{\"@context\":\"https:\\\/\\\/schema.org\",\"@graph\":[{\"@type\":\"WebPage\",\"@id\":\"https:\\\/\\\/districos.standingout.be\\\/fr\\\/product\\\/gehwol-protection-hallux-valgus-g-gros-orteil-ref-5206-37\\\/\",\"url\":\"https:\\\/\\\/districos.standingout.be\\\/fr\\\/product\\\/gehwol-protection-hallux-valgus-g-gros-orteil-ref-5206-37\\\/\",\"name\":\"Gehwol Protection Hallux Valgus G Gros Orteil - Districos Webshop\",\"isPartOf\":{\"@id\":\"https:\\\/\\\/districos.standingout.be\\\/fr\\\/#website\"},\"primaryImageOfPage\":{\"@id\":\"https:\\\/\\\/districos.standingout.be\\\/fr\\\/product\\\/gehwol-protection-hallux-valgus-g-gros-orteil-ref-5206-37\\\/#primaryimage\"},\"image\":{\"@id\":\"https:\\\/\\\/districos.standingout.be\\\/fr\\\/product\\\/gehwol-protection-hallux-valgus-g-gros-orteil-ref-5206-37\\\/#primaryimage\"},\"thumbnailUrl\":\"https:\\\/\\\/districos.standingout.be\\\/wp-content\\\/uploads\\\/2025\\\/07\\\/5206.37@LowRes_0.png\",\"datePublished\":\"2026-04-28T01:20:58+00:00\",\"dateModified\":\"2026-04-28T01:21:00+00:00\",\"breadcrumb\":{\"@id\":\"https:\\\/\\\/districos.standingout.be\\\/fr\\\/product\\\/gehwol-protection-hallux-valgus-g-gros-orteil-ref-5206-37\\\/#breadcrumb\"},\"inLanguage\":\"fr-FR\",\"potentialAction\":[{\"@type\":\"ReadAction\",\"target\":[\"https:\\\/\\\/districos.standingout.be\\\/fr\\\/product\\\/gehwol-protection-hallux-valgus-g-gros-orteil-ref-5206-37\\\/\"]}]},{\"@type\":\"ImageObject\",\"inLanguage\":\"fr-FR\",\"@id\":\"https:\\\/\\\/districos.standingout.be\\\/fr\\\/product\\\/gehwol-protection-hallux-valgus-g-gros-orteil-ref-5206-37\\\/#primaryimage\",\"url\":\"https:\\\/\\\/districos.standingout.be\\\/wp-content\\\/uploads\\\/2025\\\/07\\\/5206.37@LowRes_0.png\",\"contentUrl\":\"https:\\\/\\\/districos.standingout.be\\\/wp-content\\\/uploads\\\/2025\\\/07\\\/5206.37@LowRes_0.png\",\"width\":600,\"height\":600},{\"@type\":\"BreadcrumbList\",\"@id\":\"https:\\\/\\\/districos.standingout.be\\\/fr\\\/product\\\/gehwol-protection-hallux-valgus-g-gros-orteil-ref-5206-37\\\/#breadcrumb\",\"itemListElement\":[{\"@type\":\"ListItem\",\"position\":1,\"name\":\"Home\",\"item\":\"https:\\\/\\\/districos.standingout.be\\\/fr\\\/bienvenue-chez-districos\\\/\"},{\"@type\":\"ListItem\",\"position\":2,\"name\":\"Boutique\",\"item\":\"https:\\\/\\\/districos.standingout.be\\\/fr\\\/boutique\\\/\"},{\"@type\":\"ListItem\",\"position\":3,\"name\":\"Gehwol Protection Hallux Valgus G Gros Orteil\"}]},{\"@type\":\"WebSite\",\"@id\":\"https:\\\/\\\/districos.standingout.be\\\/fr\\\/#website\",\"url\":\"https:\\\/\\\/districos.standingout.be\\\/fr\\\/\",\"name\":\"Districos Webshop\",\"description\":\"\",\"publisher\":{\"@id\":\"https:\\\/\\\/districos.standingout.be\\\/fr\\\/#organization\"},\"potentialAction\":[{\"@type\":\"SearchAction\",\"target\":{\"@type\":\"EntryPoint\",\"urlTemplate\":\"https:\\\/\\\/districos.standingout.be\\\/fr\\\/?s={search_term_string}\"},\"query-input\":{\"@type\":\"PropertyValueSpecification\",\"valueRequired\":true,\"valueName\":\"search_term_string\"}}],\"inLanguage\":\"fr-FR\"},{\"@type\":\"Organization\",\"@id\":\"https:\\\/\\\/districos.standingout.be\\\/fr\\\/#organization\",\"name\":\"Districos Webshop\",\"url\":\"https:\\\/\\\/districos.standingout.be\\\/fr\\\/\",\"logo\":{\"@type\":\"ImageObject\",\"inLanguage\":\"fr-FR\",\"@id\":\"https:\\\/\\\/districos.standingout.be\\\/fr\\\/#\\\/schema\\\/logo\\\/image\\\/\",\"url\":\"https:\\\/\\\/districos.standingout.be\\\/wp-content\\\/uploads\\\/2022\\\/09\\\/Districos_Logo_Webshop.svg\",\"contentUrl\":\"https:\\\/\\\/districos.standingout.be\\\/wp-content\\\/uploads\\\/2022\\\/09\\\/Districos_Logo_Webshop.svg\",\"caption\":\"Districos Webshop\"},\"image\":{\"@id\":\"https:\\\/\\\/districos.standingout.be\\\/fr\\\/#\\\/schema\\\/logo\\\/image\\\/\"}}]}<\/script>\n<!-- \/ Yoast SEO plugin. -->","yoast_head_json":{"title":"Gehwol Protection Hallux Valgus G Gros Orteil - Districos Webshop","robots":{"index":"noindex","follow":"follow","max-snippet":"max-snippet:-1","max-image-preview":"max-image-preview:large","max-video-preview":"max-video-preview:-1"},"og_locale":"fr_FR","og_type":"article","og_title":"Gehwol Protection Hallux Valgus G Gros Orteil - Districos Webshop","og_description":"Soulage les orteils souffrant d&rsquo;oignons, pendant la marche. Ce coussin doux et tr\u00e8s \u00e9lastique offre une protection et un confort in\u00e9gal\u00e9. Disponibles pour les petits et gros orteils. Disponible pour le grand et le petit orteil. Emballage : 1 pi\u00e8ce","og_url":"https:\/\/districos.standingout.be\/fr\/product\/gehwol-protection-hallux-valgus-g-gros-orteil-ref-5206-37\/","og_site_name":"Districos Webshop","article_modified_time":"2026-04-28T01:21:00+00:00","og_image":[{"width":600,"height":600,"url":"https:\/\/districos.standingout.be\/wp-content\/uploads\/2025\/07\/5206.37@LowRes_0.png","type":"image\/png"}],"twitter_card":"summary_large_image","schema":{"@context":"https:\/\/schema.org","@graph":[{"@type":"WebPage","@id":"https:\/\/districos.standingout.be\/fr\/product\/gehwol-protection-hallux-valgus-g-gros-orteil-ref-5206-37\/","url":"https:\/\/districos.standingout.be\/fr\/product\/gehwol-protection-hallux-valgus-g-gros-orteil-ref-5206-37\/","name":"Gehwol Protection Hallux Valgus G Gros Orteil - Districos Webshop","isPartOf":{"@id":"https:\/\/districos.standingout.be\/fr\/#website"},"primaryImageOfPage":{"@id":"https:\/\/districos.standingout.be\/fr\/product\/gehwol-protection-hallux-valgus-g-gros-orteil-ref-5206-37\/#primaryimage"},"image":{"@id":"https:\/\/districos.standingout.be\/fr\/product\/gehwol-protection-hallux-valgus-g-gros-orteil-ref-5206-37\/#primaryimage"},"thumbnailUrl":"https:\/\/districos.standingout.be\/wp-content\/uploads\/2025\/07\/5206.37@LowRes_0.png","datePublished":"2026-04-28T01:20:58+00:00","dateModified":"2026-04-28T01:21:00+00:00","breadcrumb":{"@id":"https:\/\/districos.standingout.be\/fr\/product\/gehwol-protection-hallux-valgus-g-gros-orteil-ref-5206-37\/#breadcrumb"},"inLanguage":"fr-FR","potentialAction":[{"@type":"ReadAction","target":["https:\/\/districos.standingout.be\/fr\/product\/gehwol-protection-hallux-valgus-g-gros-orteil-ref-5206-37\/"]}]},{"@type":"ImageObject","inLanguage":"fr-FR","@id":"https:\/\/districos.standingout.be\/fr\/product\/gehwol-protection-hallux-valgus-g-gros-orteil-ref-5206-37\/#primaryimage","url":"https:\/\/districos.standingout.be\/wp-content\/uploads\/2025\/07\/5206.37@LowRes_0.png","contentUrl":"https:\/\/districos.standingout.be\/wp-content\/uploads\/2025\/07\/5206.37@LowRes_0.png","width":600,"height":600},{"@type":"BreadcrumbList","@id":"https:\/\/districos.standingout.be\/fr\/product\/gehwol-protection-hallux-valgus-g-gros-orteil-ref-5206-37\/#breadcrumb","itemListElement":[{"@type":"ListItem","position":1,"name":"Home","item":"https:\/\/districos.standingout.be\/fr\/bienvenue-chez-districos\/"},{"@type":"ListItem","position":2,"name":"Boutique","item":"https:\/\/districos.standingout.be\/fr\/boutique\/"},{"@type":"ListItem","position":3,"name":"Gehwol Protection Hallux Valgus G Gros Orteil"}]},{"@type":"WebSite","@id":"https:\/\/districos.standingout.be\/fr\/#website","url":"https:\/\/districos.standingout.be\/fr\/","name":"Districos Webshop","description":"","publisher":{"@id":"https:\/\/districos.standingout.be\/fr\/#organization"},"potentialAction":[{"@type":"SearchAction","target":{"@type":"EntryPoint","urlTemplate":"https:\/\/districos.standingout.be\/fr\/?s={search_term_string}"},"query-input":{"@type":"PropertyValueSpecification","valueRequired":true,"valueName":"search_term_string"}}],"inLanguage":"fr-FR"},{"@type":"Organization","@id":"https:\/\/districos.standingout.be\/fr\/#organization","name":"Districos Webshop","url":"https:\/\/districos.standingout.be\/fr\/","logo":{"@type":"ImageObject","inLanguage":"fr-FR","@id":"https:\/\/districos.standingout.be\/fr\/#\/schema\/logo\/image\/","url":"https:\/\/districos.standingout.be\/wp-content\/uploads\/2022\/09\/Districos_Logo_Webshop.svg","contentUrl":"https:\/\/districos.standingout.be\/wp-content\/uploads\/2022\/09\/Districos_Logo_Webshop.svg","caption":"Districos Webshop"},"image":{"@id":"https:\/\/districos.standingout.be\/fr\/#\/schema\/logo\/image\/"}}]}},"_links":{"self":[{"href":"https:\/\/districos.standingout.be\/fr\/wp-json\/wp\/v2\/product\/135011","targetHints":{"allow":["GET"]}}],"collection":[{"href":"https:\/\/districos.standingout.be\/fr\/wp-json\/wp\/v2\/product"}],"about":[{"href":"https:\/\/districos.standingout.be\/fr\/wp-json\/wp\/v2\/types\/product"}],"replies":[{"embeddable":true,"href":"https:\/\/districos.standingout.be\/fr\/wp-json\/wp\/v2\/comments?post=135011"}],"wp:featuredmedia":[{"embeddable":true,"href":"https:\/\/districos.standingout.be\/fr\/wp-json\/wp\/v2\/media\/72803"}],"wp:attachment":[{"href":"https:\/\/districos.standingout.be\/fr\/wp-json\/wp\/v2\/media?parent=135011"}],"wp:term":[{"taxonomy":"product_brand","embeddable":true,"href":"https:\/\/districos.standingout.be\/fr\/wp-json\/wp\/v2\/product_brand?post=135011"},{"taxonomy":"product_cat","embeddable":true,"href":"https:\/\/districos.standingout.be\/fr\/wp-json\/wp\/v2\/product_cat?post=135011"},{"taxonomy":"product_tag","embeddable":true,"href":"https:\/\/districos.standingout.be\/fr\/wp-json\/wp\/v2\/product_tag?post=135011"}],"curies":[{"name":"wp","href":"https:\/\/api.w.org\/{rel}","templated":true}]}}