{"id":135025,"date":"2026-04-28T03:21:24","date_gmt":"2026-04-28T01:21:24","guid":{"rendered":"https:\/\/webshopdistricoscom.webhosting.be\/product\/pointes-de-gutta-percha-mix-100-pcs-ref-5208-02\/"},"modified":"2026-04-28T03:21:25","modified_gmt":"2026-04-28T01:21:25","slug":"pointes-de-gutta-percha-mix-100-pcs-ref-5208-02","status":"publish","type":"product","link":"https:\/\/districos.standingout.be\/fr\/product\/pointes-de-gutta-percha-mix-100-pcs-ref-5208-02\/","title":{"rendered":"Pointes de Gutta-Percha  Mix 100 pcs."},"content":{"rendered":"<p >\n<\/p>\n<p dir=\"ltr\">Les pointes de Gutta Percha sont compos\u00e9es d&rsquo;oxyde de zinc et de caoutchouc Gutta Percha. Ces b\u00e2tonnets sont appliqu\u00e9s dans le sillon ungu\u00e9al afin d&#8217;emp\u00eacher l\u2019incarnation des ongles. Une fois la taille choisie (en tenant compte du creux), trempez-les dans le Guttasol ou le Fluid Gehwol\u00ae afin qu&rsquo;ils soient souples. Cela garantit une application pr\u00e9cise et facile. Longueur des pointes : 28 mm \u00e0 couper sur mesure avec une pince. <\/p>\n<p> <b>Longueur des pointes :<\/b> 28 mm \u00e0 couper sur mesure avec une pince.<\/p>\n<p> Emballage : bo\u00eete de 100 pcs. (m\u00e9lange des n\u00b0 15, 20, 25, 30, 35 et 40)<\/p><\/p>\n","protected":false},"excerpt":{"rendered":"<p>Les pointes de Gutta Percha sont compos\u00e9es d&rsquo;oxyde de zinc et de caoutchouc Gutta Percha. Ces b\u00e2tonnets sont appliqu\u00e9s dans le sillon ungu\u00e9al afin d&#8217;emp\u00eacher l\u2019incarnation des ongles. Une fois la taille choisie (en tenant compte du creux), trempez-les dans le Guttasol ou le Fluid Gehwol\u00ae afin qu&rsquo;ils soient souples. Cela garantit une application pr\u00e9cise [&hellip;]<\/p>\n","protected":false},"featured_media":105548,"comment_status":"open","ping_status":"closed","template":"","meta":{"_acf_changed":false},"product_brand":[10380],"product_cat":[9948,10058],"product_tag":[],"class_list":{"0":"post-135025","1":"product","2":"type-product","3":"status-publish","4":"has-post-thumbnail","6":"product_brand-districos-fr","7":"product_cat-beaute-pedicure-orthonyxie","8":"product_cat-soins-des-pieds-podologie-soins-des-pieds-podologie-orthonyxie","10":"first","11":"instock","12":"taxable","13":"shipping-taxable","14":"product-type-simple"},"acf":[],"yoast_head":"<!-- This site is optimized with the Yoast SEO plugin v27.3 - https:\/\/yoast.com\/product\/yoast-seo-wordpress\/ -->\n<title>Pointes de Gutta-Percha Mix 100 pcs. - Districos Webshop<\/title>\n<meta name=\"robots\" content=\"noindex, follow, max-snippet:-1, max-image-preview:large, max-video-preview:-1\" \/>\n<meta property=\"og:locale\" content=\"fr_FR\" \/>\n<meta property=\"og:type\" content=\"article\" \/>\n<meta property=\"og:title\" content=\"Pointes de Gutta-Percha Mix 100 pcs. - Districos Webshop\" \/>\n<meta property=\"og:description\" content=\"Les pointes de Gutta Percha sont compos\u00e9es d&rsquo;oxyde de zinc et de caoutchouc Gutta Percha. Ces b\u00e2tonnets sont appliqu\u00e9s dans le sillon ungu\u00e9al afin d&#8217;emp\u00eacher l\u2019incarnation des ongles. Une fois la taille choisie (en tenant compte du creux), trempez-les dans le Guttasol ou le Fluid Gehwol\u00ae afin qu&rsquo;ils soient souples. Cela garantit une application pr\u00e9cise [&hellip;]\" \/>\n<meta property=\"og:url\" content=\"https:\/\/districos.standingout.be\/fr\/product\/pointes-de-gutta-percha-mix-100-pcs-ref-5208-02\/\" \/>\n<meta property=\"og:site_name\" content=\"Districos Webshop\" \/>\n<meta property=\"article:modified_time\" content=\"2026-04-28T01:21:25+00:00\" \/>\n<meta property=\"og:image\" content=\"https:\/\/districos.standingout.be\/wp-content\/uploads\/2026\/02\/5208.02@LowRes_1_0.png\" \/>\n\t<meta property=\"og:image:width\" content=\"600\" \/>\n\t<meta property=\"og:image:height\" content=\"600\" \/>\n\t<meta property=\"og:image:type\" content=\"image\/png\" \/>\n<meta name=\"twitter:card\" content=\"summary_large_image\" \/>\n<script type=\"application\/ld+json\" class=\"yoast-schema-graph\">{\"@context\":\"https:\\\/\\\/schema.org\",\"@graph\":[{\"@type\":\"WebPage\",\"@id\":\"https:\\\/\\\/districos.standingout.be\\\/fr\\\/product\\\/pointes-de-gutta-percha-mix-100-pcs-ref-5208-02\\\/\",\"url\":\"https:\\\/\\\/districos.standingout.be\\\/fr\\\/product\\\/pointes-de-gutta-percha-mix-100-pcs-ref-5208-02\\\/\",\"name\":\"Pointes de Gutta-Percha Mix 100 pcs. - Districos Webshop\",\"isPartOf\":{\"@id\":\"https:\\\/\\\/districos.standingout.be\\\/fr\\\/#website\"},\"primaryImageOfPage\":{\"@id\":\"https:\\\/\\\/districos.standingout.be\\\/fr\\\/product\\\/pointes-de-gutta-percha-mix-100-pcs-ref-5208-02\\\/#primaryimage\"},\"image\":{\"@id\":\"https:\\\/\\\/districos.standingout.be\\\/fr\\\/product\\\/pointes-de-gutta-percha-mix-100-pcs-ref-5208-02\\\/#primaryimage\"},\"thumbnailUrl\":\"https:\\\/\\\/districos.standingout.be\\\/wp-content\\\/uploads\\\/2026\\\/02\\\/5208.02@LowRes_1_0.png\",\"datePublished\":\"2026-04-28T01:21:24+00:00\",\"dateModified\":\"2026-04-28T01:21:25+00:00\",\"breadcrumb\":{\"@id\":\"https:\\\/\\\/districos.standingout.be\\\/fr\\\/product\\\/pointes-de-gutta-percha-mix-100-pcs-ref-5208-02\\\/#breadcrumb\"},\"inLanguage\":\"fr-FR\",\"potentialAction\":[{\"@type\":\"ReadAction\",\"target\":[\"https:\\\/\\\/districos.standingout.be\\\/fr\\\/product\\\/pointes-de-gutta-percha-mix-100-pcs-ref-5208-02\\\/\"]}]},{\"@type\":\"ImageObject\",\"inLanguage\":\"fr-FR\",\"@id\":\"https:\\\/\\\/districos.standingout.be\\\/fr\\\/product\\\/pointes-de-gutta-percha-mix-100-pcs-ref-5208-02\\\/#primaryimage\",\"url\":\"https:\\\/\\\/districos.standingout.be\\\/wp-content\\\/uploads\\\/2026\\\/02\\\/5208.02@LowRes_1_0.png\",\"contentUrl\":\"https:\\\/\\\/districos.standingout.be\\\/wp-content\\\/uploads\\\/2026\\\/02\\\/5208.02@LowRes_1_0.png\",\"width\":600,\"height\":600},{\"@type\":\"BreadcrumbList\",\"@id\":\"https:\\\/\\\/districos.standingout.be\\\/fr\\\/product\\\/pointes-de-gutta-percha-mix-100-pcs-ref-5208-02\\\/#breadcrumb\",\"itemListElement\":[{\"@type\":\"ListItem\",\"position\":1,\"name\":\"Home\",\"item\":\"https:\\\/\\\/districos.standingout.be\\\/fr\\\/bienvenue-chez-districos\\\/\"},{\"@type\":\"ListItem\",\"position\":2,\"name\":\"Boutique\",\"item\":\"https:\\\/\\\/districos.standingout.be\\\/fr\\\/boutique\\\/\"},{\"@type\":\"ListItem\",\"position\":3,\"name\":\"Pointes de Gutta-Percha Mix 100 pcs.\"}]},{\"@type\":\"WebSite\",\"@id\":\"https:\\\/\\\/districos.standingout.be\\\/fr\\\/#website\",\"url\":\"https:\\\/\\\/districos.standingout.be\\\/fr\\\/\",\"name\":\"Districos Webshop\",\"description\":\"\",\"publisher\":{\"@id\":\"https:\\\/\\\/districos.standingout.be\\\/fr\\\/#organization\"},\"potentialAction\":[{\"@type\":\"SearchAction\",\"target\":{\"@type\":\"EntryPoint\",\"urlTemplate\":\"https:\\\/\\\/districos.standingout.be\\\/fr\\\/?s={search_term_string}\"},\"query-input\":{\"@type\":\"PropertyValueSpecification\",\"valueRequired\":true,\"valueName\":\"search_term_string\"}}],\"inLanguage\":\"fr-FR\"},{\"@type\":\"Organization\",\"@id\":\"https:\\\/\\\/districos.standingout.be\\\/fr\\\/#organization\",\"name\":\"Districos Webshop\",\"url\":\"https:\\\/\\\/districos.standingout.be\\\/fr\\\/\",\"logo\":{\"@type\":\"ImageObject\",\"inLanguage\":\"fr-FR\",\"@id\":\"https:\\\/\\\/districos.standingout.be\\\/fr\\\/#\\\/schema\\\/logo\\\/image\\\/\",\"url\":\"https:\\\/\\\/districos.standingout.be\\\/wp-content\\\/uploads\\\/2022\\\/09\\\/Districos_Logo_Webshop.svg\",\"contentUrl\":\"https:\\\/\\\/districos.standingout.be\\\/wp-content\\\/uploads\\\/2022\\\/09\\\/Districos_Logo_Webshop.svg\",\"caption\":\"Districos Webshop\"},\"image\":{\"@id\":\"https:\\\/\\\/districos.standingout.be\\\/fr\\\/#\\\/schema\\\/logo\\\/image\\\/\"}}]}<\/script>\n<!-- \/ Yoast SEO plugin. -->","yoast_head_json":{"title":"Pointes de Gutta-Percha Mix 100 pcs. - Districos Webshop","robots":{"index":"noindex","follow":"follow","max-snippet":"max-snippet:-1","max-image-preview":"max-image-preview:large","max-video-preview":"max-video-preview:-1"},"og_locale":"fr_FR","og_type":"article","og_title":"Pointes de Gutta-Percha Mix 100 pcs. - Districos Webshop","og_description":"Les pointes de Gutta Percha sont compos\u00e9es d&rsquo;oxyde de zinc et de caoutchouc Gutta Percha. Ces b\u00e2tonnets sont appliqu\u00e9s dans le sillon ungu\u00e9al afin d&#8217;emp\u00eacher l\u2019incarnation des ongles. Une fois la taille choisie (en tenant compte du creux), trempez-les dans le Guttasol ou le Fluid Gehwol\u00ae afin qu&rsquo;ils soient souples. Cela garantit une application pr\u00e9cise [&hellip;]","og_url":"https:\/\/districos.standingout.be\/fr\/product\/pointes-de-gutta-percha-mix-100-pcs-ref-5208-02\/","og_site_name":"Districos Webshop","article_modified_time":"2026-04-28T01:21:25+00:00","og_image":[{"width":600,"height":600,"url":"https:\/\/districos.standingout.be\/wp-content\/uploads\/2026\/02\/5208.02@LowRes_1_0.png","type":"image\/png"}],"twitter_card":"summary_large_image","schema":{"@context":"https:\/\/schema.org","@graph":[{"@type":"WebPage","@id":"https:\/\/districos.standingout.be\/fr\/product\/pointes-de-gutta-percha-mix-100-pcs-ref-5208-02\/","url":"https:\/\/districos.standingout.be\/fr\/product\/pointes-de-gutta-percha-mix-100-pcs-ref-5208-02\/","name":"Pointes de Gutta-Percha Mix 100 pcs. - Districos Webshop","isPartOf":{"@id":"https:\/\/districos.standingout.be\/fr\/#website"},"primaryImageOfPage":{"@id":"https:\/\/districos.standingout.be\/fr\/product\/pointes-de-gutta-percha-mix-100-pcs-ref-5208-02\/#primaryimage"},"image":{"@id":"https:\/\/districos.standingout.be\/fr\/product\/pointes-de-gutta-percha-mix-100-pcs-ref-5208-02\/#primaryimage"},"thumbnailUrl":"https:\/\/districos.standingout.be\/wp-content\/uploads\/2026\/02\/5208.02@LowRes_1_0.png","datePublished":"2026-04-28T01:21:24+00:00","dateModified":"2026-04-28T01:21:25+00:00","breadcrumb":{"@id":"https:\/\/districos.standingout.be\/fr\/product\/pointes-de-gutta-percha-mix-100-pcs-ref-5208-02\/#breadcrumb"},"inLanguage":"fr-FR","potentialAction":[{"@type":"ReadAction","target":["https:\/\/districos.standingout.be\/fr\/product\/pointes-de-gutta-percha-mix-100-pcs-ref-5208-02\/"]}]},{"@type":"ImageObject","inLanguage":"fr-FR","@id":"https:\/\/districos.standingout.be\/fr\/product\/pointes-de-gutta-percha-mix-100-pcs-ref-5208-02\/#primaryimage","url":"https:\/\/districos.standingout.be\/wp-content\/uploads\/2026\/02\/5208.02@LowRes_1_0.png","contentUrl":"https:\/\/districos.standingout.be\/wp-content\/uploads\/2026\/02\/5208.02@LowRes_1_0.png","width":600,"height":600},{"@type":"BreadcrumbList","@id":"https:\/\/districos.standingout.be\/fr\/product\/pointes-de-gutta-percha-mix-100-pcs-ref-5208-02\/#breadcrumb","itemListElement":[{"@type":"ListItem","position":1,"name":"Home","item":"https:\/\/districos.standingout.be\/fr\/bienvenue-chez-districos\/"},{"@type":"ListItem","position":2,"name":"Boutique","item":"https:\/\/districos.standingout.be\/fr\/boutique\/"},{"@type":"ListItem","position":3,"name":"Pointes de Gutta-Percha Mix 100 pcs."}]},{"@type":"WebSite","@id":"https:\/\/districos.standingout.be\/fr\/#website","url":"https:\/\/districos.standingout.be\/fr\/","name":"Districos Webshop","description":"","publisher":{"@id":"https:\/\/districos.standingout.be\/fr\/#organization"},"potentialAction":[{"@type":"SearchAction","target":{"@type":"EntryPoint","urlTemplate":"https:\/\/districos.standingout.be\/fr\/?s={search_term_string}"},"query-input":{"@type":"PropertyValueSpecification","valueRequired":true,"valueName":"search_term_string"}}],"inLanguage":"fr-FR"},{"@type":"Organization","@id":"https:\/\/districos.standingout.be\/fr\/#organization","name":"Districos Webshop","url":"https:\/\/districos.standingout.be\/fr\/","logo":{"@type":"ImageObject","inLanguage":"fr-FR","@id":"https:\/\/districos.standingout.be\/fr\/#\/schema\/logo\/image\/","url":"https:\/\/districos.standingout.be\/wp-content\/uploads\/2022\/09\/Districos_Logo_Webshop.svg","contentUrl":"https:\/\/districos.standingout.be\/wp-content\/uploads\/2022\/09\/Districos_Logo_Webshop.svg","caption":"Districos Webshop"},"image":{"@id":"https:\/\/districos.standingout.be\/fr\/#\/schema\/logo\/image\/"}}]}},"_links":{"self":[{"href":"https:\/\/districos.standingout.be\/fr\/wp-json\/wp\/v2\/product\/135025","targetHints":{"allow":["GET"]}}],"collection":[{"href":"https:\/\/districos.standingout.be\/fr\/wp-json\/wp\/v2\/product"}],"about":[{"href":"https:\/\/districos.standingout.be\/fr\/wp-json\/wp\/v2\/types\/product"}],"replies":[{"embeddable":true,"href":"https:\/\/districos.standingout.be\/fr\/wp-json\/wp\/v2\/comments?post=135025"}],"wp:featuredmedia":[{"embeddable":true,"href":"https:\/\/districos.standingout.be\/fr\/wp-json\/wp\/v2\/media\/105548"}],"wp:attachment":[{"href":"https:\/\/districos.standingout.be\/fr\/wp-json\/wp\/v2\/media?parent=135025"}],"wp:term":[{"taxonomy":"product_brand","embeddable":true,"href":"https:\/\/districos.standingout.be\/fr\/wp-json\/wp\/v2\/product_brand?post=135025"},{"taxonomy":"product_cat","embeddable":true,"href":"https:\/\/districos.standingout.be\/fr\/wp-json\/wp\/v2\/product_cat?post=135025"},{"taxonomy":"product_tag","embeddable":true,"href":"https:\/\/districos.standingout.be\/fr\/wp-json\/wp\/v2\/product_tag?post=135025"}],"curies":[{"name":"wp","href":"https:\/\/api.w.org\/{rel}","templated":true}]}}