{"id":135045,"date":"2026-04-28T03:21:51","date_gmt":"2026-04-28T01:21:51","guid":{"rendered":"https:\/\/webshopdistricoscom.webhosting.be\/product\/herbitas-distributeur-feutre-de-laine-300-x-10-cm-5-mm-ref-5212-562\/"},"modified":"2026-04-28T03:21:53","modified_gmt":"2026-04-28T01:21:53","slug":"herbitas-distributeur-feutre-de-laine-300-x-10-cm-5-mm-ref-5212-562","status":"publish","type":"product","link":"https:\/\/districos.standingout.be\/fr\/product\/herbitas-distributeur-feutre-de-laine-300-x-10-cm-5-mm-ref-5212-562\/","title":{"rendered":"Herbitas Distributeur Feutre de Laine 300 x 10 cm\/5 mm"},"content":{"rendered":"<p >\n<p dir=ltr>La bonne qualit\u00e9, la douceur et la rigidit\u00e9 moyenne font de ce feutre autocollant de couleur blanche, un moyen essentiel \u00e0 porter comme protection et pour soulager la pression des pieds \u00e0 risques diab\u00e9tique ainsi que pour les ulc\u00e8res plantaires. La colle, de haute qualit\u00e9 et haute force adh\u00e9sive, sont en plus hypoalerg\u00e9nique. <\/p><\/p>\n","protected":false},"excerpt":{"rendered":"<p>La bonne qualit\u00e9, la douceur et la rigidit\u00e9 moyenne font de ce feutre autocollant de couleur blanche, un moyen essentiel \u00e0 porter comme protection et pour soulager la pression des pieds \u00e0 risques diab\u00e9tique ainsi que pour les ulc\u00e8res plantaires. La colle, de haute qualit\u00e9 et haute force adh\u00e9sive, sont en plus hypoalerg\u00e9nique.<\/p>\n","protected":false},"featured_media":105569,"comment_status":"open","ping_status":"closed","template":"","meta":{"_acf_changed":false},"product_brand":[10432],"product_cat":[9998,9954],"product_tag":[],"class_list":{"0":"post-135045","1":"product","2":"type-product","3":"status-publish","4":"has-post-thumbnail","6":"product_brand-herbitas-fr","7":"product_cat-soins-des-pieds-podologie-soulagement-de-la-pression-bandages-anti-pression","8":"product_cat-beaute-pedicure-soulagement-de-la-pression","10":"first","11":"instock","12":"taxable","13":"shipping-taxable","14":"product-type-simple"},"acf":[],"yoast_head":"<!-- This site is optimized with the Yoast SEO plugin v27.3 - https:\/\/yoast.com\/product\/yoast-seo-wordpress\/ -->\n<title>Herbitas Distributeur Feutre de Laine 300 x 10 cm\/5 mm - Districos Webshop<\/title>\n<meta name=\"robots\" content=\"noindex, follow, max-snippet:-1, max-image-preview:large, max-video-preview:-1\" \/>\n<meta property=\"og:locale\" content=\"fr_FR\" \/>\n<meta property=\"og:type\" content=\"article\" \/>\n<meta property=\"og:title\" content=\"Herbitas Distributeur Feutre de Laine 300 x 10 cm\/5 mm - Districos Webshop\" \/>\n<meta property=\"og:description\" content=\"La bonne qualit\u00e9, la douceur et la rigidit\u00e9 moyenne font de ce feutre autocollant de couleur blanche, un moyen essentiel \u00e0 porter comme protection et pour soulager la pression des pieds \u00e0 risques diab\u00e9tique ainsi que pour les ulc\u00e8res plantaires. La colle, de haute qualit\u00e9 et haute force adh\u00e9sive, sont en plus hypoalerg\u00e9nique.\" \/>\n<meta property=\"og:url\" content=\"https:\/\/districos.standingout.be\/fr\/product\/herbitas-distributeur-feutre-de-laine-300-x-10-cm-5-mm-ref-5212-562\/\" \/>\n<meta property=\"og:site_name\" content=\"Districos Webshop\" \/>\n<meta property=\"article:modified_time\" content=\"2026-04-28T01:21:53+00:00\" \/>\n<meta property=\"og:image\" content=\"https:\/\/districos.standingout.be\/wp-content\/uploads\/2026\/02\/5212.562@LowRes_1_0.png\" \/>\n\t<meta property=\"og:image:width\" content=\"600\" \/>\n\t<meta property=\"og:image:height\" content=\"600\" \/>\n\t<meta property=\"og:image:type\" content=\"image\/png\" \/>\n<meta name=\"twitter:card\" content=\"summary_large_image\" \/>\n<script type=\"application\/ld+json\" class=\"yoast-schema-graph\">{\"@context\":\"https:\\\/\\\/schema.org\",\"@graph\":[{\"@type\":\"WebPage\",\"@id\":\"https:\\\/\\\/districos.standingout.be\\\/fr\\\/product\\\/herbitas-distributeur-feutre-de-laine-300-x-10-cm-5-mm-ref-5212-562\\\/\",\"url\":\"https:\\\/\\\/districos.standingout.be\\\/fr\\\/product\\\/herbitas-distributeur-feutre-de-laine-300-x-10-cm-5-mm-ref-5212-562\\\/\",\"name\":\"Herbitas Distributeur Feutre de Laine 300 x 10 cm\\\/5 mm - Districos Webshop\",\"isPartOf\":{\"@id\":\"https:\\\/\\\/districos.standingout.be\\\/fr\\\/#website\"},\"primaryImageOfPage\":{\"@id\":\"https:\\\/\\\/districos.standingout.be\\\/fr\\\/product\\\/herbitas-distributeur-feutre-de-laine-300-x-10-cm-5-mm-ref-5212-562\\\/#primaryimage\"},\"image\":{\"@id\":\"https:\\\/\\\/districos.standingout.be\\\/fr\\\/product\\\/herbitas-distributeur-feutre-de-laine-300-x-10-cm-5-mm-ref-5212-562\\\/#primaryimage\"},\"thumbnailUrl\":\"https:\\\/\\\/districos.standingout.be\\\/wp-content\\\/uploads\\\/2026\\\/02\\\/5212.562@LowRes_1_0.png\",\"datePublished\":\"2026-04-28T01:21:51+00:00\",\"dateModified\":\"2026-04-28T01:21:53+00:00\",\"breadcrumb\":{\"@id\":\"https:\\\/\\\/districos.standingout.be\\\/fr\\\/product\\\/herbitas-distributeur-feutre-de-laine-300-x-10-cm-5-mm-ref-5212-562\\\/#breadcrumb\"},\"inLanguage\":\"fr-FR\",\"potentialAction\":[{\"@type\":\"ReadAction\",\"target\":[\"https:\\\/\\\/districos.standingout.be\\\/fr\\\/product\\\/herbitas-distributeur-feutre-de-laine-300-x-10-cm-5-mm-ref-5212-562\\\/\"]}]},{\"@type\":\"ImageObject\",\"inLanguage\":\"fr-FR\",\"@id\":\"https:\\\/\\\/districos.standingout.be\\\/fr\\\/product\\\/herbitas-distributeur-feutre-de-laine-300-x-10-cm-5-mm-ref-5212-562\\\/#primaryimage\",\"url\":\"https:\\\/\\\/districos.standingout.be\\\/wp-content\\\/uploads\\\/2026\\\/02\\\/5212.562@LowRes_1_0.png\",\"contentUrl\":\"https:\\\/\\\/districos.standingout.be\\\/wp-content\\\/uploads\\\/2026\\\/02\\\/5212.562@LowRes_1_0.png\",\"width\":600,\"height\":600},{\"@type\":\"BreadcrumbList\",\"@id\":\"https:\\\/\\\/districos.standingout.be\\\/fr\\\/product\\\/herbitas-distributeur-feutre-de-laine-300-x-10-cm-5-mm-ref-5212-562\\\/#breadcrumb\",\"itemListElement\":[{\"@type\":\"ListItem\",\"position\":1,\"name\":\"Home\",\"item\":\"https:\\\/\\\/districos.standingout.be\\\/fr\\\/bienvenue-chez-districos\\\/\"},{\"@type\":\"ListItem\",\"position\":2,\"name\":\"Boutique\",\"item\":\"https:\\\/\\\/districos.standingout.be\\\/fr\\\/boutique\\\/\"},{\"@type\":\"ListItem\",\"position\":3,\"name\":\"Herbitas Distributeur Feutre de Laine 300 x 10 cm\\\/5 mm\"}]},{\"@type\":\"WebSite\",\"@id\":\"https:\\\/\\\/districos.standingout.be\\\/fr\\\/#website\",\"url\":\"https:\\\/\\\/districos.standingout.be\\\/fr\\\/\",\"name\":\"Districos Webshop\",\"description\":\"\",\"publisher\":{\"@id\":\"https:\\\/\\\/districos.standingout.be\\\/fr\\\/#organization\"},\"potentialAction\":[{\"@type\":\"SearchAction\",\"target\":{\"@type\":\"EntryPoint\",\"urlTemplate\":\"https:\\\/\\\/districos.standingout.be\\\/fr\\\/?s={search_term_string}\"},\"query-input\":{\"@type\":\"PropertyValueSpecification\",\"valueRequired\":true,\"valueName\":\"search_term_string\"}}],\"inLanguage\":\"fr-FR\"},{\"@type\":\"Organization\",\"@id\":\"https:\\\/\\\/districos.standingout.be\\\/fr\\\/#organization\",\"name\":\"Districos Webshop\",\"url\":\"https:\\\/\\\/districos.standingout.be\\\/fr\\\/\",\"logo\":{\"@type\":\"ImageObject\",\"inLanguage\":\"fr-FR\",\"@id\":\"https:\\\/\\\/districos.standingout.be\\\/fr\\\/#\\\/schema\\\/logo\\\/image\\\/\",\"url\":\"https:\\\/\\\/districos.standingout.be\\\/wp-content\\\/uploads\\\/2022\\\/09\\\/Districos_Logo_Webshop.svg\",\"contentUrl\":\"https:\\\/\\\/districos.standingout.be\\\/wp-content\\\/uploads\\\/2022\\\/09\\\/Districos_Logo_Webshop.svg\",\"caption\":\"Districos Webshop\"},\"image\":{\"@id\":\"https:\\\/\\\/districos.standingout.be\\\/fr\\\/#\\\/schema\\\/logo\\\/image\\\/\"}}]}<\/script>\n<!-- \/ Yoast SEO plugin. -->","yoast_head_json":{"title":"Herbitas Distributeur Feutre de Laine 300 x 10 cm\/5 mm - Districos Webshop","robots":{"index":"noindex","follow":"follow","max-snippet":"max-snippet:-1","max-image-preview":"max-image-preview:large","max-video-preview":"max-video-preview:-1"},"og_locale":"fr_FR","og_type":"article","og_title":"Herbitas Distributeur Feutre de Laine 300 x 10 cm\/5 mm - Districos Webshop","og_description":"La bonne qualit\u00e9, la douceur et la rigidit\u00e9 moyenne font de ce feutre autocollant de couleur blanche, un moyen essentiel \u00e0 porter comme protection et pour soulager la pression des pieds \u00e0 risques diab\u00e9tique ainsi que pour les ulc\u00e8res plantaires. La colle, de haute qualit\u00e9 et haute force adh\u00e9sive, sont en plus hypoalerg\u00e9nique.","og_url":"https:\/\/districos.standingout.be\/fr\/product\/herbitas-distributeur-feutre-de-laine-300-x-10-cm-5-mm-ref-5212-562\/","og_site_name":"Districos Webshop","article_modified_time":"2026-04-28T01:21:53+00:00","og_image":[{"width":600,"height":600,"url":"https:\/\/districos.standingout.be\/wp-content\/uploads\/2026\/02\/5212.562@LowRes_1_0.png","type":"image\/png"}],"twitter_card":"summary_large_image","schema":{"@context":"https:\/\/schema.org","@graph":[{"@type":"WebPage","@id":"https:\/\/districos.standingout.be\/fr\/product\/herbitas-distributeur-feutre-de-laine-300-x-10-cm-5-mm-ref-5212-562\/","url":"https:\/\/districos.standingout.be\/fr\/product\/herbitas-distributeur-feutre-de-laine-300-x-10-cm-5-mm-ref-5212-562\/","name":"Herbitas Distributeur Feutre de Laine 300 x 10 cm\/5 mm - Districos Webshop","isPartOf":{"@id":"https:\/\/districos.standingout.be\/fr\/#website"},"primaryImageOfPage":{"@id":"https:\/\/districos.standingout.be\/fr\/product\/herbitas-distributeur-feutre-de-laine-300-x-10-cm-5-mm-ref-5212-562\/#primaryimage"},"image":{"@id":"https:\/\/districos.standingout.be\/fr\/product\/herbitas-distributeur-feutre-de-laine-300-x-10-cm-5-mm-ref-5212-562\/#primaryimage"},"thumbnailUrl":"https:\/\/districos.standingout.be\/wp-content\/uploads\/2026\/02\/5212.562@LowRes_1_0.png","datePublished":"2026-04-28T01:21:51+00:00","dateModified":"2026-04-28T01:21:53+00:00","breadcrumb":{"@id":"https:\/\/districos.standingout.be\/fr\/product\/herbitas-distributeur-feutre-de-laine-300-x-10-cm-5-mm-ref-5212-562\/#breadcrumb"},"inLanguage":"fr-FR","potentialAction":[{"@type":"ReadAction","target":["https:\/\/districos.standingout.be\/fr\/product\/herbitas-distributeur-feutre-de-laine-300-x-10-cm-5-mm-ref-5212-562\/"]}]},{"@type":"ImageObject","inLanguage":"fr-FR","@id":"https:\/\/districos.standingout.be\/fr\/product\/herbitas-distributeur-feutre-de-laine-300-x-10-cm-5-mm-ref-5212-562\/#primaryimage","url":"https:\/\/districos.standingout.be\/wp-content\/uploads\/2026\/02\/5212.562@LowRes_1_0.png","contentUrl":"https:\/\/districos.standingout.be\/wp-content\/uploads\/2026\/02\/5212.562@LowRes_1_0.png","width":600,"height":600},{"@type":"BreadcrumbList","@id":"https:\/\/districos.standingout.be\/fr\/product\/herbitas-distributeur-feutre-de-laine-300-x-10-cm-5-mm-ref-5212-562\/#breadcrumb","itemListElement":[{"@type":"ListItem","position":1,"name":"Home","item":"https:\/\/districos.standingout.be\/fr\/bienvenue-chez-districos\/"},{"@type":"ListItem","position":2,"name":"Boutique","item":"https:\/\/districos.standingout.be\/fr\/boutique\/"},{"@type":"ListItem","position":3,"name":"Herbitas Distributeur Feutre de Laine 300 x 10 cm\/5 mm"}]},{"@type":"WebSite","@id":"https:\/\/districos.standingout.be\/fr\/#website","url":"https:\/\/districos.standingout.be\/fr\/","name":"Districos Webshop","description":"","publisher":{"@id":"https:\/\/districos.standingout.be\/fr\/#organization"},"potentialAction":[{"@type":"SearchAction","target":{"@type":"EntryPoint","urlTemplate":"https:\/\/districos.standingout.be\/fr\/?s={search_term_string}"},"query-input":{"@type":"PropertyValueSpecification","valueRequired":true,"valueName":"search_term_string"}}],"inLanguage":"fr-FR"},{"@type":"Organization","@id":"https:\/\/districos.standingout.be\/fr\/#organization","name":"Districos Webshop","url":"https:\/\/districos.standingout.be\/fr\/","logo":{"@type":"ImageObject","inLanguage":"fr-FR","@id":"https:\/\/districos.standingout.be\/fr\/#\/schema\/logo\/image\/","url":"https:\/\/districos.standingout.be\/wp-content\/uploads\/2022\/09\/Districos_Logo_Webshop.svg","contentUrl":"https:\/\/districos.standingout.be\/wp-content\/uploads\/2022\/09\/Districos_Logo_Webshop.svg","caption":"Districos Webshop"},"image":{"@id":"https:\/\/districos.standingout.be\/fr\/#\/schema\/logo\/image\/"}}]}},"_links":{"self":[{"href":"https:\/\/districos.standingout.be\/fr\/wp-json\/wp\/v2\/product\/135045","targetHints":{"allow":["GET"]}}],"collection":[{"href":"https:\/\/districos.standingout.be\/fr\/wp-json\/wp\/v2\/product"}],"about":[{"href":"https:\/\/districos.standingout.be\/fr\/wp-json\/wp\/v2\/types\/product"}],"replies":[{"embeddable":true,"href":"https:\/\/districos.standingout.be\/fr\/wp-json\/wp\/v2\/comments?post=135045"}],"wp:featuredmedia":[{"embeddable":true,"href":"https:\/\/districos.standingout.be\/fr\/wp-json\/wp\/v2\/media\/105569"}],"wp:attachment":[{"href":"https:\/\/districos.standingout.be\/fr\/wp-json\/wp\/v2\/media?parent=135045"}],"wp:term":[{"taxonomy":"product_brand","embeddable":true,"href":"https:\/\/districos.standingout.be\/fr\/wp-json\/wp\/v2\/product_brand?post=135045"},{"taxonomy":"product_cat","embeddable":true,"href":"https:\/\/districos.standingout.be\/fr\/wp-json\/wp\/v2\/product_cat?post=135045"},{"taxonomy":"product_tag","embeddable":true,"href":"https:\/\/districos.standingout.be\/fr\/wp-json\/wp\/v2\/product_tag?post=135045"}],"curies":[{"name":"wp","href":"https:\/\/api.w.org\/{rel}","templated":true}]}}