{"id":135059,"date":"2026-04-28T03:25:40","date_gmt":"2026-04-28T01:25:40","guid":{"rendered":"https:\/\/webshopdistricoscom.webhosting.be\/product\/nailrepar-pansement-pour-orteils-2-pcs-ref-5212-651\/"},"modified":"2026-04-28T03:25:42","modified_gmt":"2026-04-28T01:25:42","slug":"nailrepar-pansement-pour-orteils-2-pcs-ref-5212-651","status":"publish","type":"product","link":"https:\/\/districos.standingout.be\/fr\/product\/nailrepar-pansement-pour-orteils-2-pcs-ref-5212-651\/","title":{"rendered":"NailRepar Pansement pour Orteils 2 pcs."},"content":{"rendered":"<p >\n<\/p>\n<p><b>NAILREPAR: LA SOLUTION INNOVANTE POUR LA R\u00c9PARATION DES ONGLES<\/b><br \/><b>NailRepar<\/b><span>&nbsp;est n\u00e9 de l&rsquo;observation de nombreux probl\u00e8mes d&rsquo;ongles touchant principalement le gros orteil. Souvent, ces blessures sont difficiles \u00e0 traiter et s&rsquo;aggravent en raison des frottements avec la chaussure.&nbsp;<\/span><b>NailRepar<\/b><span>&nbsp;a \u00e9t\u00e9 d\u00e9velopp\u00e9 pour offrir une solution et aide \u00e0 r\u00e9parer les ongles endommag\u00e9s. Le produit peut apporter des am\u00e9liorations significatives aux ongles qui se sont d\u00e9t\u00e9rior\u00e9s au fil des ans, m\u00eame apr\u00e8s l&rsquo;utilisation d&rsquo;autres traitements conventionnels.<\/span><br \/><span>L&rsquo;objectif de&nbsp;<\/span><b>NailRepar<\/b><span>&nbsp;est de pr\u00e9venir les frottements entre l&rsquo;orteil et la chaussure, favorisant ainsi la gu\u00e9rison du lit de l&rsquo;ongle et de la plaque de l&rsquo;ongle pendant les activit\u00e9s quotidiennes et sportives. Il doit \u00eatre utilis\u00e9 quotidiennement chaque fois que des chaussures sont port\u00e9es.<\/span><\/p>\n<ul>\n<li>Emballage : 2 pcs<\/li>\n<\/ul>\n<p><b>\u00c9galement disponible :<\/b><\/p>\n<ul>\n<li>NailRepar Display 6 x 2 pcs. (<a href=\"https:\/\/webshop.districos.com\/ProductDetail\/5212.650\"style=\"font-size: 10pt;\" target=\"_blank\" rel=\"noopener noreferrer nofollow\">r\u00e9f. 5212.650<\/a><span>)<\/span><\/li>\n<\/ul>\n","protected":false},"excerpt":{"rendered":"<p>NAILREPAR: LA SOLUTION INNOVANTE POUR LA R\u00c9PARATION DES ONGLESNailRepar&nbsp;est n\u00e9 de l&rsquo;observation de nombreux probl\u00e8mes d&rsquo;ongles touchant principalement le gros orteil. Souvent, ces blessures sont difficiles \u00e0 traiter et s&rsquo;aggravent en raison des frottements avec la chaussure.&nbsp;NailRepar&nbsp;a \u00e9t\u00e9 d\u00e9velopp\u00e9 pour offrir une solution et aide \u00e0 r\u00e9parer les ongles endommag\u00e9s. Le produit peut apporter des [&hellip;]<\/p>\n","protected":false},"featured_media":144586,"comment_status":"open","ping_status":"closed","template":"","meta":{"_acf_changed":false},"product_brand":[10432],"product_cat":[9998,9954],"product_tag":[],"class_list":{"0":"post-135059","1":"product","2":"type-product","3":"status-publish","4":"has-post-thumbnail","6":"product_brand-herbitas-fr","7":"product_cat-soins-des-pieds-podologie-soulagement-de-la-pression-bandages-anti-pression","8":"product_cat-beaute-pedicure-soulagement-de-la-pression","10":"first","11":"instock","12":"taxable","13":"shipping-taxable","14":"product-type-simple"},"acf":[],"yoast_head":"<!-- This site is optimized with the Yoast SEO plugin v27.3 - https:\/\/yoast.com\/product\/yoast-seo-wordpress\/ -->\n<title>NailRepar Pansement pour Orteils 2 pcs. - Districos Webshop<\/title>\n<meta name=\"robots\" content=\"noindex, follow, max-snippet:-1, max-image-preview:large, max-video-preview:-1\" \/>\n<meta property=\"og:locale\" content=\"fr_FR\" \/>\n<meta property=\"og:type\" content=\"article\" \/>\n<meta property=\"og:title\" content=\"NailRepar Pansement pour Orteils 2 pcs. - Districos Webshop\" \/>\n<meta property=\"og:description\" content=\"NAILREPAR: LA SOLUTION INNOVANTE POUR LA R\u00c9PARATION DES ONGLESNailRepar&nbsp;est n\u00e9 de l&rsquo;observation de nombreux probl\u00e8mes d&rsquo;ongles touchant principalement le gros orteil. Souvent, ces blessures sont difficiles \u00e0 traiter et s&rsquo;aggravent en raison des frottements avec la chaussure.&nbsp;NailRepar&nbsp;a \u00e9t\u00e9 d\u00e9velopp\u00e9 pour offrir une solution et aide \u00e0 r\u00e9parer les ongles endommag\u00e9s. Le produit peut apporter des [&hellip;]\" \/>\n<meta property=\"og:url\" content=\"https:\/\/districos.standingout.be\/fr\/product\/nailrepar-pansement-pour-orteils-2-pcs-ref-5212-651\/\" \/>\n<meta property=\"og:site_name\" content=\"Districos Webshop\" \/>\n<meta property=\"article:modified_time\" content=\"2026-04-28T01:25:42+00:00\" \/>\n<meta property=\"og:image\" content=\"https:\/\/districos.standingout.be\/wp-content\/uploads\/2026\/04\/5212.651@NailRepar-1-paar_1-2.png\" \/>\n\t<meta property=\"og:image:width\" content=\"600\" \/>\n\t<meta property=\"og:image:height\" content=\"600\" \/>\n\t<meta property=\"og:image:type\" content=\"image\/png\" \/>\n<meta name=\"twitter:card\" content=\"summary_large_image\" \/>\n<meta name=\"twitter:label1\" content=\"Dur\u00e9e de lecture estim\u00e9e\" \/>\n\t<meta name=\"twitter:data1\" content=\"1 minute\" \/>\n<script type=\"application\/ld+json\" class=\"yoast-schema-graph\">{\"@context\":\"https:\\\/\\\/schema.org\",\"@graph\":[{\"@type\":\"WebPage\",\"@id\":\"https:\\\/\\\/districos.standingout.be\\\/fr\\\/product\\\/nailrepar-pansement-pour-orteils-2-pcs-ref-5212-651\\\/\",\"url\":\"https:\\\/\\\/districos.standingout.be\\\/fr\\\/product\\\/nailrepar-pansement-pour-orteils-2-pcs-ref-5212-651\\\/\",\"name\":\"NailRepar Pansement pour Orteils 2 pcs. - Districos Webshop\",\"isPartOf\":{\"@id\":\"https:\\\/\\\/districos.standingout.be\\\/fr\\\/#website\"},\"primaryImageOfPage\":{\"@id\":\"https:\\\/\\\/districos.standingout.be\\\/fr\\\/product\\\/nailrepar-pansement-pour-orteils-2-pcs-ref-5212-651\\\/#primaryimage\"},\"image\":{\"@id\":\"https:\\\/\\\/districos.standingout.be\\\/fr\\\/product\\\/nailrepar-pansement-pour-orteils-2-pcs-ref-5212-651\\\/#primaryimage\"},\"thumbnailUrl\":\"https:\\\/\\\/districos.standingout.be\\\/wp-content\\\/uploads\\\/2026\\\/04\\\/5212.651@NailRepar-1-paar_1-3.png\",\"datePublished\":\"2026-04-28T01:25:40+00:00\",\"dateModified\":\"2026-04-28T01:25:42+00:00\",\"breadcrumb\":{\"@id\":\"https:\\\/\\\/districos.standingout.be\\\/fr\\\/product\\\/nailrepar-pansement-pour-orteils-2-pcs-ref-5212-651\\\/#breadcrumb\"},\"inLanguage\":\"fr-FR\",\"potentialAction\":[{\"@type\":\"ReadAction\",\"target\":[\"https:\\\/\\\/districos.standingout.be\\\/fr\\\/product\\\/nailrepar-pansement-pour-orteils-2-pcs-ref-5212-651\\\/\"]}]},{\"@type\":\"ImageObject\",\"inLanguage\":\"fr-FR\",\"@id\":\"https:\\\/\\\/districos.standingout.be\\\/fr\\\/product\\\/nailrepar-pansement-pour-orteils-2-pcs-ref-5212-651\\\/#primaryimage\",\"url\":\"https:\\\/\\\/districos.standingout.be\\\/wp-content\\\/uploads\\\/2026\\\/04\\\/5212.651@NailRepar-1-paar_1-3.png\",\"contentUrl\":\"https:\\\/\\\/districos.standingout.be\\\/wp-content\\\/uploads\\\/2026\\\/04\\\/5212.651@NailRepar-1-paar_1-3.png\",\"width\":600,\"height\":600},{\"@type\":\"BreadcrumbList\",\"@id\":\"https:\\\/\\\/districos.standingout.be\\\/fr\\\/product\\\/nailrepar-pansement-pour-orteils-2-pcs-ref-5212-651\\\/#breadcrumb\",\"itemListElement\":[{\"@type\":\"ListItem\",\"position\":1,\"name\":\"Home\",\"item\":\"https:\\\/\\\/districos.standingout.be\\\/fr\\\/bienvenue-chez-districos\\\/\"},{\"@type\":\"ListItem\",\"position\":2,\"name\":\"Boutique\",\"item\":\"https:\\\/\\\/districos.standingout.be\\\/fr\\\/boutique\\\/\"},{\"@type\":\"ListItem\",\"position\":3,\"name\":\"NailRepar Pansement pour Orteils 2 pcs.\"}]},{\"@type\":\"WebSite\",\"@id\":\"https:\\\/\\\/districos.standingout.be\\\/fr\\\/#website\",\"url\":\"https:\\\/\\\/districos.standingout.be\\\/fr\\\/\",\"name\":\"Districos Webshop\",\"description\":\"\",\"publisher\":{\"@id\":\"https:\\\/\\\/districos.standingout.be\\\/fr\\\/#organization\"},\"potentialAction\":[{\"@type\":\"SearchAction\",\"target\":{\"@type\":\"EntryPoint\",\"urlTemplate\":\"https:\\\/\\\/districos.standingout.be\\\/fr\\\/?s={search_term_string}\"},\"query-input\":{\"@type\":\"PropertyValueSpecification\",\"valueRequired\":true,\"valueName\":\"search_term_string\"}}],\"inLanguage\":\"fr-FR\"},{\"@type\":\"Organization\",\"@id\":\"https:\\\/\\\/districos.standingout.be\\\/fr\\\/#organization\",\"name\":\"Districos Webshop\",\"url\":\"https:\\\/\\\/districos.standingout.be\\\/fr\\\/\",\"logo\":{\"@type\":\"ImageObject\",\"inLanguage\":\"fr-FR\",\"@id\":\"https:\\\/\\\/districos.standingout.be\\\/fr\\\/#\\\/schema\\\/logo\\\/image\\\/\",\"url\":\"https:\\\/\\\/districos.standingout.be\\\/wp-content\\\/uploads\\\/2022\\\/09\\\/Districos_Logo_Webshop.svg\",\"contentUrl\":\"https:\\\/\\\/districos.standingout.be\\\/wp-content\\\/uploads\\\/2022\\\/09\\\/Districos_Logo_Webshop.svg\",\"caption\":\"Districos Webshop\"},\"image\":{\"@id\":\"https:\\\/\\\/districos.standingout.be\\\/fr\\\/#\\\/schema\\\/logo\\\/image\\\/\"}}]}<\/script>\n<!-- \/ Yoast SEO plugin. -->","yoast_head_json":{"title":"NailRepar Pansement pour Orteils 2 pcs. - Districos Webshop","robots":{"index":"noindex","follow":"follow","max-snippet":"max-snippet:-1","max-image-preview":"max-image-preview:large","max-video-preview":"max-video-preview:-1"},"og_locale":"fr_FR","og_type":"article","og_title":"NailRepar Pansement pour Orteils 2 pcs. - Districos Webshop","og_description":"NAILREPAR: LA SOLUTION INNOVANTE POUR LA R\u00c9PARATION DES ONGLESNailRepar&nbsp;est n\u00e9 de l&rsquo;observation de nombreux probl\u00e8mes d&rsquo;ongles touchant principalement le gros orteil. Souvent, ces blessures sont difficiles \u00e0 traiter et s&rsquo;aggravent en raison des frottements avec la chaussure.&nbsp;NailRepar&nbsp;a \u00e9t\u00e9 d\u00e9velopp\u00e9 pour offrir une solution et aide \u00e0 r\u00e9parer les ongles endommag\u00e9s. Le produit peut apporter des [&hellip;]","og_url":"https:\/\/districos.standingout.be\/fr\/product\/nailrepar-pansement-pour-orteils-2-pcs-ref-5212-651\/","og_site_name":"Districos Webshop","article_modified_time":"2026-04-28T01:25:42+00:00","og_image":[{"width":600,"height":600,"url":"https:\/\/districos.standingout.be\/wp-content\/uploads\/2026\/04\/5212.651@NailRepar-1-paar_1-2.png","type":"image\/png"}],"twitter_card":"summary_large_image","twitter_misc":{"Dur\u00e9e de lecture estim\u00e9e":"1 minute"},"schema":{"@context":"https:\/\/schema.org","@graph":[{"@type":"WebPage","@id":"https:\/\/districos.standingout.be\/fr\/product\/nailrepar-pansement-pour-orteils-2-pcs-ref-5212-651\/","url":"https:\/\/districos.standingout.be\/fr\/product\/nailrepar-pansement-pour-orteils-2-pcs-ref-5212-651\/","name":"NailRepar Pansement pour Orteils 2 pcs. - Districos Webshop","isPartOf":{"@id":"https:\/\/districos.standingout.be\/fr\/#website"},"primaryImageOfPage":{"@id":"https:\/\/districos.standingout.be\/fr\/product\/nailrepar-pansement-pour-orteils-2-pcs-ref-5212-651\/#primaryimage"},"image":{"@id":"https:\/\/districos.standingout.be\/fr\/product\/nailrepar-pansement-pour-orteils-2-pcs-ref-5212-651\/#primaryimage"},"thumbnailUrl":"https:\/\/districos.standingout.be\/wp-content\/uploads\/2026\/04\/5212.651@NailRepar-1-paar_1-3.png","datePublished":"2026-04-28T01:25:40+00:00","dateModified":"2026-04-28T01:25:42+00:00","breadcrumb":{"@id":"https:\/\/districos.standingout.be\/fr\/product\/nailrepar-pansement-pour-orteils-2-pcs-ref-5212-651\/#breadcrumb"},"inLanguage":"fr-FR","potentialAction":[{"@type":"ReadAction","target":["https:\/\/districos.standingout.be\/fr\/product\/nailrepar-pansement-pour-orteils-2-pcs-ref-5212-651\/"]}]},{"@type":"ImageObject","inLanguage":"fr-FR","@id":"https:\/\/districos.standingout.be\/fr\/product\/nailrepar-pansement-pour-orteils-2-pcs-ref-5212-651\/#primaryimage","url":"https:\/\/districos.standingout.be\/wp-content\/uploads\/2026\/04\/5212.651@NailRepar-1-paar_1-3.png","contentUrl":"https:\/\/districos.standingout.be\/wp-content\/uploads\/2026\/04\/5212.651@NailRepar-1-paar_1-3.png","width":600,"height":600},{"@type":"BreadcrumbList","@id":"https:\/\/districos.standingout.be\/fr\/product\/nailrepar-pansement-pour-orteils-2-pcs-ref-5212-651\/#breadcrumb","itemListElement":[{"@type":"ListItem","position":1,"name":"Home","item":"https:\/\/districos.standingout.be\/fr\/bienvenue-chez-districos\/"},{"@type":"ListItem","position":2,"name":"Boutique","item":"https:\/\/districos.standingout.be\/fr\/boutique\/"},{"@type":"ListItem","position":3,"name":"NailRepar Pansement pour Orteils 2 pcs."}]},{"@type":"WebSite","@id":"https:\/\/districos.standingout.be\/fr\/#website","url":"https:\/\/districos.standingout.be\/fr\/","name":"Districos Webshop","description":"","publisher":{"@id":"https:\/\/districos.standingout.be\/fr\/#organization"},"potentialAction":[{"@type":"SearchAction","target":{"@type":"EntryPoint","urlTemplate":"https:\/\/districos.standingout.be\/fr\/?s={search_term_string}"},"query-input":{"@type":"PropertyValueSpecification","valueRequired":true,"valueName":"search_term_string"}}],"inLanguage":"fr-FR"},{"@type":"Organization","@id":"https:\/\/districos.standingout.be\/fr\/#organization","name":"Districos Webshop","url":"https:\/\/districos.standingout.be\/fr\/","logo":{"@type":"ImageObject","inLanguage":"fr-FR","@id":"https:\/\/districos.standingout.be\/fr\/#\/schema\/logo\/image\/","url":"https:\/\/districos.standingout.be\/wp-content\/uploads\/2022\/09\/Districos_Logo_Webshop.svg","contentUrl":"https:\/\/districos.standingout.be\/wp-content\/uploads\/2022\/09\/Districos_Logo_Webshop.svg","caption":"Districos Webshop"},"image":{"@id":"https:\/\/districos.standingout.be\/fr\/#\/schema\/logo\/image\/"}}]}},"_links":{"self":[{"href":"https:\/\/districos.standingout.be\/fr\/wp-json\/wp\/v2\/product\/135059","targetHints":{"allow":["GET"]}}],"collection":[{"href":"https:\/\/districos.standingout.be\/fr\/wp-json\/wp\/v2\/product"}],"about":[{"href":"https:\/\/districos.standingout.be\/fr\/wp-json\/wp\/v2\/types\/product"}],"replies":[{"embeddable":true,"href":"https:\/\/districos.standingout.be\/fr\/wp-json\/wp\/v2\/comments?post=135059"}],"wp:featuredmedia":[{"embeddable":true,"href":"https:\/\/districos.standingout.be\/fr\/wp-json\/wp\/v2\/media\/144586"}],"wp:attachment":[{"href":"https:\/\/districos.standingout.be\/fr\/wp-json\/wp\/v2\/media?parent=135059"}],"wp:term":[{"taxonomy":"product_brand","embeddable":true,"href":"https:\/\/districos.standingout.be\/fr\/wp-json\/wp\/v2\/product_brand?post=135059"},{"taxonomy":"product_cat","embeddable":true,"href":"https:\/\/districos.standingout.be\/fr\/wp-json\/wp\/v2\/product_cat?post=135059"},{"taxonomy":"product_tag","embeddable":true,"href":"https:\/\/districos.standingout.be\/fr\/wp-json\/wp\/v2\/product_tag?post=135059"}],"curies":[{"name":"wp","href":"https:\/\/api.w.org\/{rel}","templated":true}]}}