{"id":135063,"date":"2026-04-28T03:25:46","date_gmt":"2026-04-28T01:25:46","guid":{"rendered":"https:\/\/webshopdistricoscom.webhosting.be\/product\/bio-balance-piedslegers-laine-de-marche-50-grammes-ref-5212-701\/"},"modified":"2026-04-28T03:25:48","modified_gmt":"2026-04-28T01:25:48","slug":"bio-balance-piedslegers-laine-de-marche-50-grammes-ref-5212-701","status":"publish","type":"product","link":"https:\/\/districos.standingout.be\/fr\/product\/bio-balance-piedslegers-laine-de-marche-50-grammes-ref-5212-701\/","title":{"rendered":"Bio Balance PiedsL\u00e9gers Laine de Marche 50 grammes"},"content":{"rendered":"<p >\n<\/p>\n<\/p>\n<\/p>\n<p><font color=\"#008600\"><b><i>Votre solution naturelle contre les ampoules et autres probl\u00e8mes de pieds !<\/i><\/b><\/font><\/p>\n<p>Les points de pression et les frottements causent souvent <b>des pieds douloureux.<\/b> Donnez donc \u00e0 votre client les soins professionnels et le confort sur mesure soulageant les pieds de cette pression. PiedsL\u00e9ger offre une solution rapide et innovante. PiedsL\u00e9ger Laine de Marche est une laine sp\u00e9ciale qui r\u00e9duit la pression et est extr\u00eamement douce sur la peau. Gr\u00e2ce \u00e0 ses propri\u00e9t\u00e9s naturelles de r\u00e9duction de la pression, elle soulage et pr\u00e9vient les ampoules, les cors et les callosit\u00e9s. Placez la laine sur l&rsquo;endroit douloureux. Cela soulage la pression et vous ressentez moins de douleur. De plus, PiedsL\u00e9ger procure \u00e9galement une sensation de chaleur aux pieds froids et aux engelures, souvent caus\u00e9es par une mauvaise circulation sanguine. Gr\u00e2ce \u00e0 la chaleur naturelle et aux propri\u00e9t\u00e9s respirantes de la laine, vos pieds restent frais et exempts de transpiration tout en restant bien au chaud. En bref, PiedsL\u00e9ger Laine de Marche est <b>une solution polyvalente pour divers inconforts et douleurs aux pieds.<\/b><b><font color=\"#000400\"><br \/><\/font><\/b><\/p>\n<p><b><font color=\"#000400\">Pourqoui choisir PiedL\u00e9gers ?<\/font><\/b><\/p>\n<ul>\n<li><font color=\"#008600\"><b>Confort naturel : <\/b><\/font>fabriqu\u00e9 \u00e0 partir de laine de mouton 100% naturelle<\/li>\n<li><font color=\"#008600\"><b>Adieu les ampoules :<\/b><\/font> apaise et pr\u00e9vient les ampoules et autres inconforts<\/li>\n<li>Adapt\u00e9 \u00e0 <font color=\"#008600\"><b>tous les types de chaussures<\/b><\/font> et d&rsquo;activit\u00e9s<\/li>\n<\/ul>\n<p><span>Embarquez dans l&rsquo;aventure confortable de PiedsL\u00e9gers et offrez \u00e0 vos pieds les soins qu&rsquo;ils m\u00e9ritent !&nbsp;<\/span> <\/p>\n<div><span><br \/><\/span><\/div>\n<div><span>Demandez lors de votre commande votre <b>d\u00e9pliant A5 GRATUIT<\/b><\/span>&nbsp;(<a href=\"https:\/\/webshop.districos.com\/ProductDetail\/YK104.004\" target=\"_blank\" rel=\"noopener noreferrer nofollow\">r\u00e9f. YK104.004<\/a>) et&nbsp;<span>apprenez comment utiliser Laine de Marche PiedsL\u00e9gers pour traiter les probl\u00e8mes les plus courants.<\/span><\/div>\n","protected":false},"excerpt":{"rendered":"<p>Votre solution naturelle contre les ampoules et autres probl\u00e8mes de pieds ! Les points de pression et les frottements causent souvent des pieds douloureux. Donnez donc \u00e0 votre client les soins professionnels et le confort sur mesure soulageant les pieds de cette pression. PiedsL\u00e9ger offre une solution rapide et innovante. PiedsL\u00e9ger Laine de Marche est [&hellip;]<\/p>\n","protected":false},"featured_media":144595,"comment_status":"open","ping_status":"closed","template":"","meta":{"_acf_changed":false},"product_brand":[10306],"product_cat":[9998,10082,10078,9946,9954],"product_tag":[],"class_list":{"0":"post-135063","1":"product","2":"type-product","3":"status-publish","4":"has-post-thumbnail","6":"product_brand-bb-voet-fr","7":"product_cat-soins-des-pieds-podologie-soulagement-de-la-pression-bandages-anti-pression","8":"product_cat-soins-des-pieds-podologie-produits-de-soin-bio-balance-feet","9":"product_cat-soins-des-pieds-podologie-produits-de-soin-cremes-lotions","10":"product_cat-beaute-pedicure-produits-de-soin","11":"product_cat-beaute-pedicure-soulagement-de-la-pression","13":"first","14":"instock","15":"taxable","16":"shipping-taxable","17":"product-type-simple"},"acf":[],"yoast_head":"<!-- This site is optimized with the Yoast SEO plugin v27.3 - https:\/\/yoast.com\/product\/yoast-seo-wordpress\/ -->\n<title>Bio Balance PiedsL\u00e9gers Laine de Marche 50 grammes - Districos Webshop<\/title>\n<meta name=\"robots\" content=\"noindex, follow, max-snippet:-1, max-image-preview:large, max-video-preview:-1\" \/>\n<meta property=\"og:locale\" content=\"fr_FR\" \/>\n<meta property=\"og:type\" content=\"article\" \/>\n<meta property=\"og:title\" content=\"Bio Balance PiedsL\u00e9gers Laine de Marche 50 grammes - Districos Webshop\" \/>\n<meta property=\"og:description\" content=\"Votre solution naturelle contre les ampoules et autres probl\u00e8mes de pieds ! Les points de pression et les frottements causent souvent des pieds douloureux. Donnez donc \u00e0 votre client les soins professionnels et le confort sur mesure soulageant les pieds de cette pression. PiedsL\u00e9ger offre une solution rapide et innovante. PiedsL\u00e9ger Laine de Marche est [&hellip;]\" \/>\n<meta property=\"og:url\" content=\"https:\/\/districos.standingout.be\/fr\/product\/bio-balance-piedslegers-laine-de-marche-50-grammes-ref-5212-701\/\" \/>\n<meta property=\"og:site_name\" content=\"Districos Webshop\" \/>\n<meta property=\"article:modified_time\" content=\"2026-04-28T01:25:48+00:00\" \/>\n<meta property=\"og:image\" content=\"https:\/\/districos.standingout.be\/wp-content\/uploads\/2026\/04\/5212.701@Bio-Balance-StapZacht-StapWol-50-gram_1-2.png\" \/>\n\t<meta property=\"og:image:width\" content=\"600\" \/>\n\t<meta property=\"og:image:height\" content=\"600\" \/>\n\t<meta property=\"og:image:type\" content=\"image\/png\" \/>\n<meta name=\"twitter:card\" content=\"summary_large_image\" \/>\n<meta name=\"twitter:label1\" content=\"Dur\u00e9e de lecture estim\u00e9e\" \/>\n\t<meta name=\"twitter:data1\" content=\"1 minute\" \/>\n<script type=\"application\/ld+json\" class=\"yoast-schema-graph\">{\"@context\":\"https:\\\/\\\/schema.org\",\"@graph\":[{\"@type\":\"WebPage\",\"@id\":\"https:\\\/\\\/districos.standingout.be\\\/fr\\\/product\\\/bio-balance-piedslegers-laine-de-marche-50-grammes-ref-5212-701\\\/\",\"url\":\"https:\\\/\\\/districos.standingout.be\\\/fr\\\/product\\\/bio-balance-piedslegers-laine-de-marche-50-grammes-ref-5212-701\\\/\",\"name\":\"Bio Balance PiedsL\u00e9gers Laine de Marche 50 grammes - Districos Webshop\",\"isPartOf\":{\"@id\":\"https:\\\/\\\/districos.standingout.be\\\/fr\\\/#website\"},\"primaryImageOfPage\":{\"@id\":\"https:\\\/\\\/districos.standingout.be\\\/fr\\\/product\\\/bio-balance-piedslegers-laine-de-marche-50-grammes-ref-5212-701\\\/#primaryimage\"},\"image\":{\"@id\":\"https:\\\/\\\/districos.standingout.be\\\/fr\\\/product\\\/bio-balance-piedslegers-laine-de-marche-50-grammes-ref-5212-701\\\/#primaryimage\"},\"thumbnailUrl\":\"https:\\\/\\\/districos.standingout.be\\\/wp-content\\\/uploads\\\/2026\\\/04\\\/5212.701@Bio-Balance-StapZacht-StapWol-50-gram_1-3.png\",\"datePublished\":\"2026-04-28T01:25:46+00:00\",\"dateModified\":\"2026-04-28T01:25:48+00:00\",\"breadcrumb\":{\"@id\":\"https:\\\/\\\/districos.standingout.be\\\/fr\\\/product\\\/bio-balance-piedslegers-laine-de-marche-50-grammes-ref-5212-701\\\/#breadcrumb\"},\"inLanguage\":\"fr-FR\",\"potentialAction\":[{\"@type\":\"ReadAction\",\"target\":[\"https:\\\/\\\/districos.standingout.be\\\/fr\\\/product\\\/bio-balance-piedslegers-laine-de-marche-50-grammes-ref-5212-701\\\/\"]}]},{\"@type\":\"ImageObject\",\"inLanguage\":\"fr-FR\",\"@id\":\"https:\\\/\\\/districos.standingout.be\\\/fr\\\/product\\\/bio-balance-piedslegers-laine-de-marche-50-grammes-ref-5212-701\\\/#primaryimage\",\"url\":\"https:\\\/\\\/districos.standingout.be\\\/wp-content\\\/uploads\\\/2026\\\/04\\\/5212.701@Bio-Balance-StapZacht-StapWol-50-gram_1-3.png\",\"contentUrl\":\"https:\\\/\\\/districos.standingout.be\\\/wp-content\\\/uploads\\\/2026\\\/04\\\/5212.701@Bio-Balance-StapZacht-StapWol-50-gram_1-3.png\",\"width\":600,\"height\":600},{\"@type\":\"BreadcrumbList\",\"@id\":\"https:\\\/\\\/districos.standingout.be\\\/fr\\\/product\\\/bio-balance-piedslegers-laine-de-marche-50-grammes-ref-5212-701\\\/#breadcrumb\",\"itemListElement\":[{\"@type\":\"ListItem\",\"position\":1,\"name\":\"Home\",\"item\":\"https:\\\/\\\/districos.standingout.be\\\/fr\\\/bienvenue-chez-districos\\\/\"},{\"@type\":\"ListItem\",\"position\":2,\"name\":\"Boutique\",\"item\":\"https:\\\/\\\/districos.standingout.be\\\/fr\\\/boutique\\\/\"},{\"@type\":\"ListItem\",\"position\":3,\"name\":\"Bio Balance PiedsL\u00e9gers Laine de Marche 50 grammes\"}]},{\"@type\":\"WebSite\",\"@id\":\"https:\\\/\\\/districos.standingout.be\\\/fr\\\/#website\",\"url\":\"https:\\\/\\\/districos.standingout.be\\\/fr\\\/\",\"name\":\"Districos Webshop\",\"description\":\"\",\"publisher\":{\"@id\":\"https:\\\/\\\/districos.standingout.be\\\/fr\\\/#organization\"},\"potentialAction\":[{\"@type\":\"SearchAction\",\"target\":{\"@type\":\"EntryPoint\",\"urlTemplate\":\"https:\\\/\\\/districos.standingout.be\\\/fr\\\/?s={search_term_string}\"},\"query-input\":{\"@type\":\"PropertyValueSpecification\",\"valueRequired\":true,\"valueName\":\"search_term_string\"}}],\"inLanguage\":\"fr-FR\"},{\"@type\":\"Organization\",\"@id\":\"https:\\\/\\\/districos.standingout.be\\\/fr\\\/#organization\",\"name\":\"Districos Webshop\",\"url\":\"https:\\\/\\\/districos.standingout.be\\\/fr\\\/\",\"logo\":{\"@type\":\"ImageObject\",\"inLanguage\":\"fr-FR\",\"@id\":\"https:\\\/\\\/districos.standingout.be\\\/fr\\\/#\\\/schema\\\/logo\\\/image\\\/\",\"url\":\"https:\\\/\\\/districos.standingout.be\\\/wp-content\\\/uploads\\\/2022\\\/09\\\/Districos_Logo_Webshop.svg\",\"contentUrl\":\"https:\\\/\\\/districos.standingout.be\\\/wp-content\\\/uploads\\\/2022\\\/09\\\/Districos_Logo_Webshop.svg\",\"caption\":\"Districos Webshop\"},\"image\":{\"@id\":\"https:\\\/\\\/districos.standingout.be\\\/fr\\\/#\\\/schema\\\/logo\\\/image\\\/\"}}]}<\/script>\n<!-- \/ Yoast SEO plugin. -->","yoast_head_json":{"title":"Bio Balance PiedsL\u00e9gers Laine de Marche 50 grammes - Districos Webshop","robots":{"index":"noindex","follow":"follow","max-snippet":"max-snippet:-1","max-image-preview":"max-image-preview:large","max-video-preview":"max-video-preview:-1"},"og_locale":"fr_FR","og_type":"article","og_title":"Bio Balance PiedsL\u00e9gers Laine de Marche 50 grammes - Districos Webshop","og_description":"Votre solution naturelle contre les ampoules et autres probl\u00e8mes de pieds ! Les points de pression et les frottements causent souvent des pieds douloureux. Donnez donc \u00e0 votre client les soins professionnels et le confort sur mesure soulageant les pieds de cette pression. PiedsL\u00e9ger offre une solution rapide et innovante. PiedsL\u00e9ger Laine de Marche est [&hellip;]","og_url":"https:\/\/districos.standingout.be\/fr\/product\/bio-balance-piedslegers-laine-de-marche-50-grammes-ref-5212-701\/","og_site_name":"Districos Webshop","article_modified_time":"2026-04-28T01:25:48+00:00","og_image":[{"width":600,"height":600,"url":"https:\/\/districos.standingout.be\/wp-content\/uploads\/2026\/04\/5212.701@Bio-Balance-StapZacht-StapWol-50-gram_1-2.png","type":"image\/png"}],"twitter_card":"summary_large_image","twitter_misc":{"Dur\u00e9e de lecture estim\u00e9e":"1 minute"},"schema":{"@context":"https:\/\/schema.org","@graph":[{"@type":"WebPage","@id":"https:\/\/districos.standingout.be\/fr\/product\/bio-balance-piedslegers-laine-de-marche-50-grammes-ref-5212-701\/","url":"https:\/\/districos.standingout.be\/fr\/product\/bio-balance-piedslegers-laine-de-marche-50-grammes-ref-5212-701\/","name":"Bio Balance PiedsL\u00e9gers Laine de Marche 50 grammes - Districos Webshop","isPartOf":{"@id":"https:\/\/districos.standingout.be\/fr\/#website"},"primaryImageOfPage":{"@id":"https:\/\/districos.standingout.be\/fr\/product\/bio-balance-piedslegers-laine-de-marche-50-grammes-ref-5212-701\/#primaryimage"},"image":{"@id":"https:\/\/districos.standingout.be\/fr\/product\/bio-balance-piedslegers-laine-de-marche-50-grammes-ref-5212-701\/#primaryimage"},"thumbnailUrl":"https:\/\/districos.standingout.be\/wp-content\/uploads\/2026\/04\/5212.701@Bio-Balance-StapZacht-StapWol-50-gram_1-3.png","datePublished":"2026-04-28T01:25:46+00:00","dateModified":"2026-04-28T01:25:48+00:00","breadcrumb":{"@id":"https:\/\/districos.standingout.be\/fr\/product\/bio-balance-piedslegers-laine-de-marche-50-grammes-ref-5212-701\/#breadcrumb"},"inLanguage":"fr-FR","potentialAction":[{"@type":"ReadAction","target":["https:\/\/districos.standingout.be\/fr\/product\/bio-balance-piedslegers-laine-de-marche-50-grammes-ref-5212-701\/"]}]},{"@type":"ImageObject","inLanguage":"fr-FR","@id":"https:\/\/districos.standingout.be\/fr\/product\/bio-balance-piedslegers-laine-de-marche-50-grammes-ref-5212-701\/#primaryimage","url":"https:\/\/districos.standingout.be\/wp-content\/uploads\/2026\/04\/5212.701@Bio-Balance-StapZacht-StapWol-50-gram_1-3.png","contentUrl":"https:\/\/districos.standingout.be\/wp-content\/uploads\/2026\/04\/5212.701@Bio-Balance-StapZacht-StapWol-50-gram_1-3.png","width":600,"height":600},{"@type":"BreadcrumbList","@id":"https:\/\/districos.standingout.be\/fr\/product\/bio-balance-piedslegers-laine-de-marche-50-grammes-ref-5212-701\/#breadcrumb","itemListElement":[{"@type":"ListItem","position":1,"name":"Home","item":"https:\/\/districos.standingout.be\/fr\/bienvenue-chez-districos\/"},{"@type":"ListItem","position":2,"name":"Boutique","item":"https:\/\/districos.standingout.be\/fr\/boutique\/"},{"@type":"ListItem","position":3,"name":"Bio Balance PiedsL\u00e9gers Laine de Marche 50 grammes"}]},{"@type":"WebSite","@id":"https:\/\/districos.standingout.be\/fr\/#website","url":"https:\/\/districos.standingout.be\/fr\/","name":"Districos Webshop","description":"","publisher":{"@id":"https:\/\/districos.standingout.be\/fr\/#organization"},"potentialAction":[{"@type":"SearchAction","target":{"@type":"EntryPoint","urlTemplate":"https:\/\/districos.standingout.be\/fr\/?s={search_term_string}"},"query-input":{"@type":"PropertyValueSpecification","valueRequired":true,"valueName":"search_term_string"}}],"inLanguage":"fr-FR"},{"@type":"Organization","@id":"https:\/\/districos.standingout.be\/fr\/#organization","name":"Districos Webshop","url":"https:\/\/districos.standingout.be\/fr\/","logo":{"@type":"ImageObject","inLanguage":"fr-FR","@id":"https:\/\/districos.standingout.be\/fr\/#\/schema\/logo\/image\/","url":"https:\/\/districos.standingout.be\/wp-content\/uploads\/2022\/09\/Districos_Logo_Webshop.svg","contentUrl":"https:\/\/districos.standingout.be\/wp-content\/uploads\/2022\/09\/Districos_Logo_Webshop.svg","caption":"Districos Webshop"},"image":{"@id":"https:\/\/districos.standingout.be\/fr\/#\/schema\/logo\/image\/"}}]}},"_links":{"self":[{"href":"https:\/\/districos.standingout.be\/fr\/wp-json\/wp\/v2\/product\/135063","targetHints":{"allow":["GET"]}}],"collection":[{"href":"https:\/\/districos.standingout.be\/fr\/wp-json\/wp\/v2\/product"}],"about":[{"href":"https:\/\/districos.standingout.be\/fr\/wp-json\/wp\/v2\/types\/product"}],"replies":[{"embeddable":true,"href":"https:\/\/districos.standingout.be\/fr\/wp-json\/wp\/v2\/comments?post=135063"}],"wp:featuredmedia":[{"embeddable":true,"href":"https:\/\/districos.standingout.be\/fr\/wp-json\/wp\/v2\/media\/144595"}],"wp:attachment":[{"href":"https:\/\/districos.standingout.be\/fr\/wp-json\/wp\/v2\/media?parent=135063"}],"wp:term":[{"taxonomy":"product_brand","embeddable":true,"href":"https:\/\/districos.standingout.be\/fr\/wp-json\/wp\/v2\/product_brand?post=135063"},{"taxonomy":"product_cat","embeddable":true,"href":"https:\/\/districos.standingout.be\/fr\/wp-json\/wp\/v2\/product_cat?post=135063"},{"taxonomy":"product_tag","embeddable":true,"href":"https:\/\/districos.standingout.be\/fr\/wp-json\/wp\/v2\/product_tag?post=135063"}],"curies":[{"name":"wp","href":"https:\/\/api.w.org\/{rel}","templated":true}]}}